{"id":101949,"date":"2021-01-22T12:31:46","date_gmt":"2021-01-22T11:31:46","guid":{"rendered":"https:\/\/tourtravelandmore.com\/tours\/non%20class\u00e9\/visite-privee-de-la-foret-tropicale-de-daintree-et-du-cap-tribulation\/"},"modified":"2022-10-25T17:04:51","modified_gmt":"2022-10-25T15:04:51","slug":"visite-privee-de-la-foret-tropicale-de-daintree-et-du-cap-tribulation","status":"publish","type":"product","link":"https:\/\/tourtravelandmore.com\/fr\/tours\/australie-fr\/cairns-fr\/visite-privee-de-la-foret-tropicale-de-daintree-et-du-cap-tribulation\/","title":{"rendered":"Visite priv\u00e9e de la for\u00eat tropicale de Daintree et du cap Tribulation"},"content":{"rendered":"<h2>Description<\/h2>\n<p>Explorez et d\u00e9couvrez la nature, l&#8217;histoire et le patrimoine de la magnifique r\u00e9gion du nord de l&#8217;Australie. Profitez de paysages fabuleux et de la nature merveilleuse de la r\u00e9gion avec notre <strong>visite priv\u00e9e de Daintree au d\u00e9part de Cairns.<\/strong><\/p>\n<p>Tout d&#8217;abord, votre chauffeur et votre guide viendront vous chercher \u00e0 l&#8217;endroit souhait\u00e9 \u00e0 Cairns. Le lieu de prise en charge est enti\u00e8rement a<strong>daptable \u00e0 vos besoins personnels.<\/strong> H\u00f4tel, appartement ou a\u00e9roport de <strong>Cairns<\/strong>. Apr\u00e8s cela, nous commencerons notre excursion vers le nord de Cairns et explorerons sa nature merveilleuse.<\/p>\n<p>L&#8217;itin\u00e9raire propos\u00e9 est une id\u00e9e, et il est absolument adaptable \u00e0 vos int\u00e9r\u00eats. Contactez notre \u00e9quipe pour une proposition personnalis\u00e9e.<\/p>\n<h2>Sites d&#8217;int\u00e9r\u00eat et points de rep\u00e8re<\/h2>\n<p><strong>La for\u00eat tropicale de Daintree et la for\u00eat tropicale de Cape Tribulation sont toutes deux inscrites au patrimoine mondial,<\/strong> en raison de la biodiversit\u00e9 unique qu&#8217;elles abritent et des animaux, arbres et plantes de la for\u00eat tropicale rares et menac\u00e9s d&#8217;extinction dans la r\u00e9gion.<\/p>\n<p>La <strong><a href=\"https:\/\/www.discoverthedaintree.com\/daintree-rainforest-6\/\">for\u00eat tropicale de Daintree<\/a> est estim\u00e9e \u00e0 180 millions d&#8217;ann\u00e9es,<\/strong> soit des dizaines de millions d&#8217;ann\u00e9es de plus que la for\u00eat <strong>amazonienne<\/strong>. Comprend une superficie d&#8217;environ 1 200 kilom\u00e8tres carr\u00e9s, ce qui repr\u00e9sente le plus grand bloc de for\u00eat tropicale humide d&#8217;Australie.<\/p>\n<p>Le promontoire isol\u00e9 de <strong>Cape Tribulation<\/strong> est l&#8217;endroit o\u00f9 se rencontrent deux sites du patrimoine mondial de <strong>l&#8217;UNESCO<\/strong>: la for\u00eat tropicale humide et la grande barri\u00e8re de corail. La for\u00eat d\u00e9gringole jusqu&#8217;\u00e0 la c\u00f4te avec juste une fine bande de sable la s\u00e9parant de l&#8217;eau bleue claire.<\/p>\n<p>Lors de votre <strong>visite priv\u00e9e de Daintree au d\u00e9part de Cairns<\/strong>, vous d\u00e9couvrirez ces deux sites merveilleux et ses principaux sites embl\u00e9matiques.<\/p>\n<p>Certains des sites que vous visiterez lors de votre visite sont:<\/p>\n<ul>\n<li><strong>Gorges de Mossman<\/strong><\/li>\n<li><strong>Cape Tribulation: explorez l&#8217;ancienne for\u00eat tropicale du Gondwana et profitez de superbes vues panoramiques depuis le belv\u00e9d\u00e8re d&#8217;Alexandra Range.<\/strong><\/li>\n<li><strong>Promenade de Jindalba<\/strong><\/li>\n<li><strong>Plage de Cape Tribulation<\/strong><\/li>\n<li><strong>Naviguez le long de la rivi\u00e8re Daintree et rep\u00e9rez les crocodiles, les pythons, les papillons et d&#8217;autres esp\u00e8ces indig\u00e8nes!<\/strong><\/li>\n<\/ul>\n<p>Votre chauffeur \/ guide priv\u00e9 veillera \u00e0 ce que vous passiez une journ\u00e9e inoubliable. N&#8217;oubliez pas que l&#8217;itin\u00e9raire et les lieux \u00e0 visiter sont enti\u00e8rement modulables selon vos d\u00e9sirs personnels. Nous proposons de nombreuses autres visites au d\u00e9part de Cairns, vous pouvez consulter notre<a href=\"\/?product_cat=cairns-en\"> site Web.<\/a><\/p>\n","protected":false},"excerpt":{"rendered":"<p>Explorez deux for\u00eats tropicales class\u00e9es au patrimoine mondial et rep\u00e9rez les \u00e9tonnants animaux indig\u00e8nes d&#8217;Australie lors d&#8217;une excursion d&#8217;une journ\u00e9e au d\u00e9part de Cairns.<\/p>\n","protected":false},"featured_media":91835,"comment_status":"open","ping_status":"closed","template":"","meta":{"_acf_changed":false},"product_brand":[],"product_cat":[3714,3720,3766],"product_tag":[],"class_list":{"0":"post-101949","1":"product","2":"type-product","3":"status-publish","4":"has-post-thumbnail","6":"product_cat-australie-fr","7":"product_cat-cairns-fr","8":"product_cat-sydney-fr","10":"first","11":"instock","12":"shipping-taxable","13":"purchasable","14":"product-type-simple"},"acf":[],"yoast_head":"<!-- This site is optimized with the Yoast SEO Premium plugin v25.3.1 (Yoast SEO v25.3.1) - https:\/\/yoast.com\/wordpress\/plugins\/seo\/ -->\n<title>Visite priv\u00e9e de Daintree au d\u00e9part de Cairns avec chauffeur \/ guide local<\/title>\n<meta name=\"description\" content=\"D\u00e9couvrez les magnifiques paysages du nord de l&#039;Australie avec notre visite priv\u00e9e \u00e0 Daintree au d\u00e9part de Cairns. Explorez les for\u00eats tropicales et rep\u00e9rez les animaux indig\u00e8nes\" \/>\n<meta name=\"robots\" content=\"index, follow, max-snippet:-1, max-image-preview:large, max-video-preview:-1\" \/>\n<link rel=\"canonical\" href=\"https:\/\/tourtravelandmore.com\/fr\/tours\/australie-fr\/cairns-fr\/visite-privee-de-la-foret-tropicale-de-daintree-et-du-cap-tribulation\/\" \/>\n<meta property=\"og:locale\" content=\"fr_FR\" \/>\n<meta property=\"og:type\" content=\"article\" \/>\n<meta property=\"og:title\" content=\"Visite priv\u00e9e de la for\u00eat tropicale de Daintree et du cap Tribulation\" \/>\n<meta property=\"og:description\" content=\"D\u00e9couvrez les magnifiques paysages du nord de l&#039;Australie avec notre visite priv\u00e9e \u00e0 Daintree au d\u00e9part de Cairns. Explorez les for\u00eats tropicales et rep\u00e9rez les animaux indig\u00e8nes\" \/>\n<meta property=\"og:url\" content=\"https:\/\/tourtravelandmore.com\/fr\/tours\/australie-fr\/cairns-fr\/visite-privee-de-la-foret-tropicale-de-daintree-et-du-cap-tribulation\/\" \/>\n<meta property=\"og:site_name\" content=\"Tour Travel And More\" \/>\n<meta property=\"article:publisher\" content=\"https:\/\/www.facebook.com\/tourtravelandmore\/\" \/>\n<meta property=\"article:modified_time\" content=\"2022-10-25T15:04:51+00:00\" \/>\n<meta property=\"og:image\" content=\"https:\/\/tourtravelandmore.com\/wp-content\/uploads\/2021\/01\/Daintree-rainforest.jpeg\" \/>\n\t<meta property=\"og:image:width\" content=\"667\" \/>\n\t<meta property=\"og:image:height\" content=\"500\" \/>\n\t<meta property=\"og:image:type\" content=\"image\/jpeg\" \/>\n<meta name=\"twitter:card\" content=\"summary_large_image\" \/>\n<meta name=\"twitter:site\" content=\"@TourTravel_More\" \/>\n<meta name=\"twitter:label1\" content=\"Dur\u00e9e de lecture estim\u00e9e\" \/>\n\t<meta name=\"twitter:data1\" content=\"2 minutes\" \/>\n<script type=\"application\/ld+json\" class=\"yoast-schema-graph\">{\"@context\":\"https:\/\/schema.org\",\"@graph\":[{\"@type\":\"WebPage\",\"@id\":\"https:\/\/tourtravelandmore.com\/fr\/tours\/australie-fr\/cairns-fr\/visite-privee-de-la-foret-tropicale-de-daintree-et-du-cap-tribulation\/\",\"url\":\"https:\/\/tourtravelandmore.com\/fr\/tours\/australie-fr\/cairns-fr\/visite-privee-de-la-foret-tropicale-de-daintree-et-du-cap-tribulation\/\",\"name\":\"Visite priv\u00e9e de Daintree au d\u00e9part de Cairns avec chauffeur \/ guide local\",\"isPartOf\":{\"@id\":\"https:\/\/tourtravelandmore.com\/fr\/#website\"},\"primaryImageOfPage\":{\"@id\":\"https:\/\/tourtravelandmore.com\/fr\/tours\/australie-fr\/cairns-fr\/visite-privee-de-la-foret-tropicale-de-daintree-et-du-cap-tribulation\/#primaryimage\"},\"image\":{\"@id\":\"https:\/\/tourtravelandmore.com\/fr\/tours\/australie-fr\/cairns-fr\/visite-privee-de-la-foret-tropicale-de-daintree-et-du-cap-tribulation\/#primaryimage\"},\"thumbnailUrl\":\"https:\/\/tourtravelandmore.com\/wp-content\/uploads\/2021\/01\/Daintree-rainforest.jpeg\",\"datePublished\":\"2021-01-22T11:31:46+00:00\",\"dateModified\":\"2022-10-25T15:04:51+00:00\",\"description\":\"D\u00e9couvrez les magnifiques paysages du nord de l'Australie avec notre visite priv\u00e9e \u00e0 Daintree au d\u00e9part de Cairns. Explorez les for\u00eats tropicales et rep\u00e9rez les animaux indig\u00e8nes\",\"breadcrumb\":{\"@id\":\"https:\/\/tourtravelandmore.com\/fr\/tours\/australie-fr\/cairns-fr\/visite-privee-de-la-foret-tropicale-de-daintree-et-du-cap-tribulation\/#breadcrumb\"},\"inLanguage\":\"fr-FR\",\"potentialAction\":[{\"@type\":\"ReadAction\",\"target\":[\"https:\/\/tourtravelandmore.com\/fr\/tours\/australie-fr\/cairns-fr\/visite-privee-de-la-foret-tropicale-de-daintree-et-du-cap-tribulation\/\"]}]},{\"@type\":\"ImageObject\",\"inLanguage\":\"fr-FR\",\"@id\":\"https:\/\/tourtravelandmore.com\/fr\/tours\/australie-fr\/cairns-fr\/visite-privee-de-la-foret-tropicale-de-daintree-et-du-cap-tribulation\/#primaryimage\",\"url\":\"https:\/\/tourtravelandmore.com\/wp-content\/uploads\/2021\/01\/Daintree-rainforest.jpeg\",\"contentUrl\":\"https:\/\/tourtravelandmore.com\/wp-content\/uploads\/2021\/01\/Daintree-rainforest.jpeg\",\"width\":667,\"height\":500,\"caption\":\"daintree rainforest\"},{\"@type\":\"BreadcrumbList\",\"@id\":\"https:\/\/tourtravelandmore.com\/fr\/tours\/australie-fr\/cairns-fr\/visite-privee-de-la-foret-tropicale-de-daintree-et-du-cap-tribulation\/#breadcrumb\",\"itemListElement\":[{\"@type\":\"ListItem\",\"position\":1,\"name\":\"Home\",\"item\":\"https:\/\/tourtravelandmore.com\/fr\/\"},{\"@type\":\"ListItem\",\"position\":2,\"name\":\"Tours\",\"item\":\"https:\/\/tourtravelandmore.com\/fr\/tours\/\"},{\"@type\":\"ListItem\",\"position\":3,\"name\":\"Visite priv\u00e9e de la for\u00eat tropicale de Daintree et du cap Tribulation\"}]},{\"@type\":\"WebSite\",\"@id\":\"https:\/\/tourtravelandmore.com\/fr\/#website\",\"url\":\"https:\/\/tourtravelandmore.com\/fr\/\",\"name\":\"Tour Travel And More\",\"description\":\"Private sightseeing tours and luxury transfers in Spain\",\"publisher\":{\"@id\":\"https:\/\/tourtravelandmore.com\/fr\/#organization\"},\"potentialAction\":[{\"@type\":\"SearchAction\",\"target\":{\"@type\":\"EntryPoint\",\"urlTemplate\":\"https:\/\/tourtravelandmore.com\/fr\/?s={search_term_string}\"},\"query-input\":{\"@type\":\"PropertyValueSpecification\",\"valueRequired\":true,\"valueName\":\"search_term_string\"}}],\"inLanguage\":\"fr-FR\"},{\"@type\":\"Organization\",\"@id\":\"https:\/\/tourtravelandmore.com\/fr\/#organization\",\"name\":\"Tour Travel And More\",\"url\":\"https:\/\/tourtravelandmore.com\/fr\/\",\"logo\":{\"@type\":\"ImageObject\",\"inLanguage\":\"fr-FR\",\"@id\":\"https:\/\/tourtravelandmore.com\/fr\/#\/schema\/logo\/image\/\",\"url\":\"https:\/\/tourtravelandmore.com\/wp-content\/uploads\/2022\/12\/cropped-logo-cabecera-new.png\",\"contentUrl\":\"https:\/\/tourtravelandmore.com\/wp-content\/uploads\/2022\/12\/cropped-logo-cabecera-new.png\",\"width\":430,\"height\":61,\"caption\":\"Tour Travel And More\"},\"image\":{\"@id\":\"https:\/\/tourtravelandmore.com\/fr\/#\/schema\/logo\/image\/\"},\"sameAs\":[\"https:\/\/www.facebook.com\/tourtravelandmore\/\",\"https:\/\/x.com\/TourTravel_More\"]}]}<\/script>\n<!-- \/ Yoast SEO Premium plugin. -->","yoast_head_json":{"title":"Visite priv\u00e9e de Daintree au d\u00e9part de Cairns avec chauffeur \/ guide local","description":"D\u00e9couvrez les magnifiques paysages du nord de l'Australie avec notre visite priv\u00e9e \u00e0 Daintree au d\u00e9part de Cairns. Explorez les for\u00eats tropicales et rep\u00e9rez les animaux indig\u00e8nes","robots":{"index":"index","follow":"follow","max-snippet":"max-snippet:-1","max-image-preview":"max-image-preview:large","max-video-preview":"max-video-preview:-1"},"canonical":"https:\/\/tourtravelandmore.com\/fr\/tours\/australie-fr\/cairns-fr\/visite-privee-de-la-foret-tropicale-de-daintree-et-du-cap-tribulation\/","og_locale":"fr_FR","og_type":"article","og_title":"Visite priv\u00e9e de la for\u00eat tropicale de Daintree et du cap Tribulation","og_description":"D\u00e9couvrez les magnifiques paysages du nord de l'Australie avec notre visite priv\u00e9e \u00e0 Daintree au d\u00e9part de Cairns. Explorez les for\u00eats tropicales et rep\u00e9rez les animaux indig\u00e8nes","og_url":"https:\/\/tourtravelandmore.com\/fr\/tours\/australie-fr\/cairns-fr\/visite-privee-de-la-foret-tropicale-de-daintree-et-du-cap-tribulation\/","og_site_name":"Tour Travel And More","article_publisher":"https:\/\/www.facebook.com\/tourtravelandmore\/","article_modified_time":"2022-10-25T15:04:51+00:00","og_image":[{"width":667,"height":500,"url":"https:\/\/tourtravelandmore.com\/wp-content\/uploads\/2021\/01\/Daintree-rainforest.jpeg","type":"image\/jpeg"}],"twitter_card":"summary_large_image","twitter_site":"@TourTravel_More","twitter_misc":{"Dur\u00e9e de lecture estim\u00e9e":"2 minutes"},"schema":{"@context":"https:\/\/schema.org","@graph":[{"@type":"WebPage","@id":"https:\/\/tourtravelandmore.com\/fr\/tours\/australie-fr\/cairns-fr\/visite-privee-de-la-foret-tropicale-de-daintree-et-du-cap-tribulation\/","url":"https:\/\/tourtravelandmore.com\/fr\/tours\/australie-fr\/cairns-fr\/visite-privee-de-la-foret-tropicale-de-daintree-et-du-cap-tribulation\/","name":"Visite priv\u00e9e de Daintree au d\u00e9part de Cairns avec chauffeur \/ guide local","isPartOf":{"@id":"https:\/\/tourtravelandmore.com\/fr\/#website"},"primaryImageOfPage":{"@id":"https:\/\/tourtravelandmore.com\/fr\/tours\/australie-fr\/cairns-fr\/visite-privee-de-la-foret-tropicale-de-daintree-et-du-cap-tribulation\/#primaryimage"},"image":{"@id":"https:\/\/tourtravelandmore.com\/fr\/tours\/australie-fr\/cairns-fr\/visite-privee-de-la-foret-tropicale-de-daintree-et-du-cap-tribulation\/#primaryimage"},"thumbnailUrl":"https:\/\/tourtravelandmore.com\/wp-content\/uploads\/2021\/01\/Daintree-rainforest.jpeg","datePublished":"2021-01-22T11:31:46+00:00","dateModified":"2022-10-25T15:04:51+00:00","description":"D\u00e9couvrez les magnifiques paysages du nord de l'Australie avec notre visite priv\u00e9e \u00e0 Daintree au d\u00e9part de Cairns. Explorez les for\u00eats tropicales et rep\u00e9rez les animaux indig\u00e8nes","breadcrumb":{"@id":"https:\/\/tourtravelandmore.com\/fr\/tours\/australie-fr\/cairns-fr\/visite-privee-de-la-foret-tropicale-de-daintree-et-du-cap-tribulation\/#breadcrumb"},"inLanguage":"fr-FR","potentialAction":[{"@type":"ReadAction","target":["https:\/\/tourtravelandmore.com\/fr\/tours\/australie-fr\/cairns-fr\/visite-privee-de-la-foret-tropicale-de-daintree-et-du-cap-tribulation\/"]}]},{"@type":"ImageObject","inLanguage":"fr-FR","@id":"https:\/\/tourtravelandmore.com\/fr\/tours\/australie-fr\/cairns-fr\/visite-privee-de-la-foret-tropicale-de-daintree-et-du-cap-tribulation\/#primaryimage","url":"https:\/\/tourtravelandmore.com\/wp-content\/uploads\/2021\/01\/Daintree-rainforest.jpeg","contentUrl":"https:\/\/tourtravelandmore.com\/wp-content\/uploads\/2021\/01\/Daintree-rainforest.jpeg","width":667,"height":500,"caption":"daintree rainforest"},{"@type":"BreadcrumbList","@id":"https:\/\/tourtravelandmore.com\/fr\/tours\/australie-fr\/cairns-fr\/visite-privee-de-la-foret-tropicale-de-daintree-et-du-cap-tribulation\/#breadcrumb","itemListElement":[{"@type":"ListItem","position":1,"name":"Home","item":"https:\/\/tourtravelandmore.com\/fr\/"},{"@type":"ListItem","position":2,"name":"Tours","item":"https:\/\/tourtravelandmore.com\/fr\/tours\/"},{"@type":"ListItem","position":3,"name":"Visite priv\u00e9e de la for\u00eat tropicale de Daintree et du cap Tribulation"}]},{"@type":"WebSite","@id":"https:\/\/tourtravelandmore.com\/fr\/#website","url":"https:\/\/tourtravelandmore.com\/fr\/","name":"Tour Travel And More","description":"Private sightseeing tours and luxury transfers in Spain","publisher":{"@id":"https:\/\/tourtravelandmore.com\/fr\/#organization"},"potentialAction":[{"@type":"SearchAction","target":{"@type":"EntryPoint","urlTemplate":"https:\/\/tourtravelandmore.com\/fr\/?s={search_term_string}"},"query-input":{"@type":"PropertyValueSpecification","valueRequired":true,"valueName":"search_term_string"}}],"inLanguage":"fr-FR"},{"@type":"Organization","@id":"https:\/\/tourtravelandmore.com\/fr\/#organization","name":"Tour Travel And More","url":"https:\/\/tourtravelandmore.com\/fr\/","logo":{"@type":"ImageObject","inLanguage":"fr-FR","@id":"https:\/\/tourtravelandmore.com\/fr\/#\/schema\/logo\/image\/","url":"https:\/\/tourtravelandmore.com\/wp-content\/uploads\/2022\/12\/cropped-logo-cabecera-new.png","contentUrl":"https:\/\/tourtravelandmore.com\/wp-content\/uploads\/2022\/12\/cropped-logo-cabecera-new.png","width":430,"height":61,"caption":"Tour Travel And More"},"image":{"@id":"https:\/\/tourtravelandmore.com\/fr\/#\/schema\/logo\/image\/"},"sameAs":["https:\/\/www.facebook.com\/tourtravelandmore\/","https:\/\/x.com\/TourTravel_More"]}]}},"_links":{"self":[{"href":"https:\/\/tourtravelandmore.com\/fr\/wp-json\/wp\/v2\/product\/101949","targetHints":{"allow":["GET"]}}],"collection":[{"href":"https:\/\/tourtravelandmore.com\/fr\/wp-json\/wp\/v2\/product"}],"about":[{"href":"https:\/\/tourtravelandmore.com\/fr\/wp-json\/wp\/v2\/types\/product"}],"replies":[{"embeddable":true,"href":"https:\/\/tourtravelandmore.com\/fr\/wp-json\/wp\/v2\/comments?post=101949"}],"wp:featuredmedia":[{"embeddable":true,"href":"https:\/\/tourtravelandmore.com\/fr\/wp-json\/wp\/v2\/media\/91835"}],"wp:attachment":[{"href":"https:\/\/tourtravelandmore.com\/fr\/wp-json\/wp\/v2\/media?parent=101949"}],"wp:term":[{"taxonomy":"product_brand","embeddable":true,"href":"https:\/\/tourtravelandmore.com\/fr\/wp-json\/wp\/v2\/product_brand?post=101949"},{"taxonomy":"product_cat","embeddable":true,"href":"https:\/\/tourtravelandmore.com\/fr\/wp-json\/wp\/v2\/product_cat?post=101949"},{"taxonomy":"product_tag","embeddable":true,"href":"https:\/\/tourtravelandmore.com\/fr\/wp-json\/wp\/v2\/product_tag?post=101949"}],"curies":[{"name":"wp","href":"https:\/\/api.w.org\/{rel}","templated":true}]}}