{"id":101942,"date":"2021-01-24T20:25:00","date_gmt":"2021-01-24T19:25:00","guid":{"rendered":"https:\/\/tourtravelandmore.com\/tours\/non%20class\u00e9\/visite-privee-de-la-grande-barriere-de-corail\/"},"modified":"2022-10-25T17:07:45","modified_gmt":"2022-10-25T15:07:45","slug":"visite-privee-de-la-grande-barriere-de-corail","status":"publish","type":"product","link":"https:\/\/tourtravelandmore.com\/fr\/tours\/australie-fr\/cairns-fr\/visite-privee-de-la-grande-barriere-de-corail\/","title":{"rendered":"Visite priv\u00e9e de la grande barri\u00e8re de corail"},"content":{"rendered":"<h2>Description<\/h2>\n<p><strong>Explorez le plus grand r\u00e9cif de corail<\/strong> du monde avec notre <strong>visite priv\u00e9e de la grande barri\u00e8re de corail au d\u00e9part de Cairns.<\/strong> D\u00e9couvrez cet endroit merveilleux qui contient une abondance de vie marine et comprend plus de <strong>3000 syst\u00e8mes de r\u00e9cifs individuels et cayes de corail.<\/strong> Vous visiterez litt\u00e9ralement des centaines <strong>d&#8217;\u00eeles tropicales,<\/strong> qui abritent certaines des plus belles plages de sable blanc du monde.<\/p>\n<p>Tout d&#8217;abord, votre chauffeur et votre guide viendront vous chercher \u00e0 l&#8217;endroit souhait\u00e9 \u00e0 <strong>Cairns<\/strong>. Le lieu de prise en charge est enti\u00e8rement adaptable \u00e0 vos besoins personnels. H\u00f4tel, appartement ou a\u00e9roport de Cairns. Apr\u00e8s cela, vous serez conduit au port de Cairns, o\u00f9 vous monterez \u00e0 bord de votre yacht priv\u00e9.<\/p>\n<p><strong>L&#8217;itin\u00e9raire propos\u00e9 est une id\u00e9e, et il est absolument adaptable \u00e0 vos int\u00e9r\u00eats.<\/strong> Contactez notre \u00e9quipe pour une proposition personnalis\u00e9e.<\/p>\n<h2>Sites d&#8217;int\u00e9r\u00eat et points de rep\u00e8re<\/h2>\n<p>La <strong>Grande Barri\u00e8re de Corail<\/strong> est l&#8217;une des <strong>sept merveilles du monde naturel,<\/strong> et en s&#8217;en \u00e9loignant et en la regardant \u00e0 une plus grande distance, vous pouvez comprendre pourquoi. Il est plus grand que la <strong>Grande Muraille de Chine<\/strong> et le seul \u00eatre vivant sur terre visible de <strong>l&#8217;espace.<\/strong><\/p>\n<p>La <strong>Grande Barri\u00e8re de Corail<\/strong> compte plus de <strong>100 \u00eeles<\/strong>, des \u00eeles uniques et exotiques aux <strong>Whitsundays<\/strong> et aux remarquables <strong>\u00eeles<\/strong> <strong>du Nord<\/strong>. Vous pourrez visiter des plages isol\u00e9es et profiter de la baignade sur cette merveille naturelle.<\/p>\n<p>Au cours de votre <strong>visite priv\u00e9e de la grande barri\u00e8re de corail au d\u00e9part de Cairns<\/strong>, vous pourrez explorer ce merveilleux monde sous-marin soit avec la plong\u00e9e avec tuba et \/ ou la plong\u00e9e. Notre \u00e9quipe est compos\u00e9e des plongeurs les plus exp\u00e9riment\u00e9s, ce qui vous aidera \u00e0 vivre une exp\u00e9rience s\u00fbre et inoubliable.<\/p>\n<p>Nous pouvons organiser une offre gastronomique sp\u00e9ciale \u00e0 bord. Contactez-nous et nous vous aiderons \u00e0 organiser une exp\u00e9rience sur mesure.<\/p>\n<p>Notre \u00e9quipe s&#8217;assurera que vous passiez une journ\u00e9e inoubliable sur ce site incroyable. N&#8217;oubliez pas que l&#8217;itin\u00e9raire et les lieux \u00e0 visiter sont enti\u00e8rement modulables selon vos d\u00e9sirs personnels. Nous proposons de nombreuses autres visites au d\u00e9part de Cairns, vous pouvez consulter notre site Web.<\/p>\n","protected":false},"excerpt":{"rendered":"<p>D\u00e9couvrez l&#8217;une des sept merveilles du monde naturel lors d&#8217;une excursion priv\u00e9e sur mesure. Contactez-nous pour une proposition personnalis\u00e9e.<\/p>\n","protected":false},"featured_media":91877,"comment_status":"open","ping_status":"closed","template":"","meta":{"_acf_changed":false},"product_brand":[],"product_cat":[3714,3720,3766],"product_tag":[],"class_list":{"0":"post-101942","1":"product","2":"type-product","3":"status-publish","4":"has-post-thumbnail","6":"product_cat-australie-fr","7":"product_cat-cairns-fr","8":"product_cat-sydney-fr","10":"first","11":"instock","12":"shipping-taxable","13":"purchasable","14":"product-type-simple"},"acf":[],"yoast_head":"<!-- This site is optimized with the Yoast SEO Premium plugin v25.3.1 (Yoast SEO v25.3.1) - https:\/\/yoast.com\/wordpress\/plugins\/seo\/ -->\n<title>Visite priv\u00e9e de la grande barri\u00e8re de corail au d\u00e9part de Cairns en yacht priv\u00e9<\/title>\n<meta name=\"description\" content=\"D\u00e9couvrez les magnifiques paysages du nord de l&#039;Australie avec notre visite priv\u00e9e \u00e0 Daintree au d\u00e9part de Sydney. Explorez les for\u00eats tropicales et rep\u00e9rez les animaux indig\u00e8nes\" \/>\n<meta name=\"robots\" content=\"index, follow, max-snippet:-1, max-image-preview:large, max-video-preview:-1\" \/>\n<link rel=\"canonical\" href=\"https:\/\/tourtravelandmore.com\/fr\/tours\/australie-fr\/cairns-fr\/visite-privee-de-la-grande-barriere-de-corail\/\" \/>\n<meta property=\"og:locale\" content=\"fr_FR\" \/>\n<meta property=\"og:type\" content=\"article\" \/>\n<meta property=\"og:title\" content=\"Visite priv\u00e9e de la grande barri\u00e8re de corail\" \/>\n<meta property=\"og:description\" content=\"D\u00e9couvrez les magnifiques paysages du nord de l&#039;Australie avec notre visite priv\u00e9e \u00e0 Daintree au d\u00e9part de Sydney. Explorez les for\u00eats tropicales et rep\u00e9rez les animaux indig\u00e8nes\" \/>\n<meta property=\"og:url\" content=\"https:\/\/tourtravelandmore.com\/fr\/tours\/australie-fr\/cairns-fr\/visite-privee-de-la-grande-barriere-de-corail\/\" \/>\n<meta property=\"og:site_name\" content=\"Tour Travel And More\" \/>\n<meta property=\"article:publisher\" content=\"https:\/\/www.facebook.com\/tourtravelandmore\/\" \/>\n<meta property=\"article:modified_time\" content=\"2022-10-25T15:07:45+00:00\" \/>\n<meta property=\"og:image\" content=\"https:\/\/tourtravelandmore.com\/wp-content\/uploads\/2021\/01\/whitsundays.jpeg\" \/>\n\t<meta property=\"og:image:width\" content=\"967\" \/>\n\t<meta property=\"og:image:height\" content=\"725\" \/>\n\t<meta property=\"og:image:type\" content=\"image\/jpeg\" \/>\n<meta name=\"twitter:card\" content=\"summary_large_image\" \/>\n<meta name=\"twitter:site\" content=\"@TourTravel_More\" \/>\n<meta name=\"twitter:label1\" content=\"Dur\u00e9e de lecture estim\u00e9e\" \/>\n\t<meta name=\"twitter:data1\" content=\"2 minutes\" \/>\n<script type=\"application\/ld+json\" class=\"yoast-schema-graph\">{\"@context\":\"https:\/\/schema.org\",\"@graph\":[{\"@type\":\"WebPage\",\"@id\":\"https:\/\/tourtravelandmore.com\/fr\/tours\/australie-fr\/cairns-fr\/visite-privee-de-la-grande-barriere-de-corail\/\",\"url\":\"https:\/\/tourtravelandmore.com\/fr\/tours\/australie-fr\/cairns-fr\/visite-privee-de-la-grande-barriere-de-corail\/\",\"name\":\"Visite priv\u00e9e de la grande barri\u00e8re de corail au d\u00e9part de Cairns en yacht priv\u00e9\",\"isPartOf\":{\"@id\":\"https:\/\/tourtravelandmore.com\/fr\/#website\"},\"primaryImageOfPage\":{\"@id\":\"https:\/\/tourtravelandmore.com\/fr\/tours\/australie-fr\/cairns-fr\/visite-privee-de-la-grande-barriere-de-corail\/#primaryimage\"},\"image\":{\"@id\":\"https:\/\/tourtravelandmore.com\/fr\/tours\/australie-fr\/cairns-fr\/visite-privee-de-la-grande-barriere-de-corail\/#primaryimage\"},\"thumbnailUrl\":\"https:\/\/tourtravelandmore.com\/wp-content\/uploads\/2021\/01\/whitsundays.jpeg\",\"datePublished\":\"2021-01-24T19:25:00+00:00\",\"dateModified\":\"2022-10-25T15:07:45+00:00\",\"description\":\"D\u00e9couvrez les magnifiques paysages du nord de l'Australie avec notre visite priv\u00e9e \u00e0 Daintree au d\u00e9part de Sydney. Explorez les for\u00eats tropicales et rep\u00e9rez les animaux indig\u00e8nes\",\"breadcrumb\":{\"@id\":\"https:\/\/tourtravelandmore.com\/fr\/tours\/australie-fr\/cairns-fr\/visite-privee-de-la-grande-barriere-de-corail\/#breadcrumb\"},\"inLanguage\":\"fr-FR\",\"potentialAction\":[{\"@type\":\"ReadAction\",\"target\":[\"https:\/\/tourtravelandmore.com\/fr\/tours\/australie-fr\/cairns-fr\/visite-privee-de-la-grande-barriere-de-corail\/\"]}]},{\"@type\":\"ImageObject\",\"inLanguage\":\"fr-FR\",\"@id\":\"https:\/\/tourtravelandmore.com\/fr\/tours\/australie-fr\/cairns-fr\/visite-privee-de-la-grande-barriere-de-corail\/#primaryimage\",\"url\":\"https:\/\/tourtravelandmore.com\/wp-content\/uploads\/2021\/01\/whitsundays.jpeg\",\"contentUrl\":\"https:\/\/tourtravelandmore.com\/wp-content\/uploads\/2021\/01\/whitsundays.jpeg\",\"width\":967,\"height\":725,\"caption\":\"Whitsundays island\"},{\"@type\":\"BreadcrumbList\",\"@id\":\"https:\/\/tourtravelandmore.com\/fr\/tours\/australie-fr\/cairns-fr\/visite-privee-de-la-grande-barriere-de-corail\/#breadcrumb\",\"itemListElement\":[{\"@type\":\"ListItem\",\"position\":1,\"name\":\"Home\",\"item\":\"https:\/\/tourtravelandmore.com\/fr\/\"},{\"@type\":\"ListItem\",\"position\":2,\"name\":\"Tours\",\"item\":\"https:\/\/tourtravelandmore.com\/fr\/tours\/\"},{\"@type\":\"ListItem\",\"position\":3,\"name\":\"Visite priv\u00e9e de la grande barri\u00e8re de corail\"}]},{\"@type\":\"WebSite\",\"@id\":\"https:\/\/tourtravelandmore.com\/fr\/#website\",\"url\":\"https:\/\/tourtravelandmore.com\/fr\/\",\"name\":\"Tour Travel And More\",\"description\":\"Private sightseeing tours and luxury transfers in Spain\",\"publisher\":{\"@id\":\"https:\/\/tourtravelandmore.com\/fr\/#organization\"},\"potentialAction\":[{\"@type\":\"SearchAction\",\"target\":{\"@type\":\"EntryPoint\",\"urlTemplate\":\"https:\/\/tourtravelandmore.com\/fr\/?s={search_term_string}\"},\"query-input\":{\"@type\":\"PropertyValueSpecification\",\"valueRequired\":true,\"valueName\":\"search_term_string\"}}],\"inLanguage\":\"fr-FR\"},{\"@type\":\"Organization\",\"@id\":\"https:\/\/tourtravelandmore.com\/fr\/#organization\",\"name\":\"Tour Travel And More\",\"url\":\"https:\/\/tourtravelandmore.com\/fr\/\",\"logo\":{\"@type\":\"ImageObject\",\"inLanguage\":\"fr-FR\",\"@id\":\"https:\/\/tourtravelandmore.com\/fr\/#\/schema\/logo\/image\/\",\"url\":\"https:\/\/tourtravelandmore.com\/wp-content\/uploads\/2022\/12\/cropped-logo-cabecera-new.png\",\"contentUrl\":\"https:\/\/tourtravelandmore.com\/wp-content\/uploads\/2022\/12\/cropped-logo-cabecera-new.png\",\"width\":430,\"height\":61,\"caption\":\"Tour Travel And More\"},\"image\":{\"@id\":\"https:\/\/tourtravelandmore.com\/fr\/#\/schema\/logo\/image\/\"},\"sameAs\":[\"https:\/\/www.facebook.com\/tourtravelandmore\/\",\"https:\/\/x.com\/TourTravel_More\"]}]}<\/script>\n<!-- \/ Yoast SEO Premium plugin. -->","yoast_head_json":{"title":"Visite priv\u00e9e de la grande barri\u00e8re de corail au d\u00e9part de Cairns en yacht priv\u00e9","description":"D\u00e9couvrez les magnifiques paysages du nord de l'Australie avec notre visite priv\u00e9e \u00e0 Daintree au d\u00e9part de Sydney. Explorez les for\u00eats tropicales et rep\u00e9rez les animaux indig\u00e8nes","robots":{"index":"index","follow":"follow","max-snippet":"max-snippet:-1","max-image-preview":"max-image-preview:large","max-video-preview":"max-video-preview:-1"},"canonical":"https:\/\/tourtravelandmore.com\/fr\/tours\/australie-fr\/cairns-fr\/visite-privee-de-la-grande-barriere-de-corail\/","og_locale":"fr_FR","og_type":"article","og_title":"Visite priv\u00e9e de la grande barri\u00e8re de corail","og_description":"D\u00e9couvrez les magnifiques paysages du nord de l'Australie avec notre visite priv\u00e9e \u00e0 Daintree au d\u00e9part de Sydney. Explorez les for\u00eats tropicales et rep\u00e9rez les animaux indig\u00e8nes","og_url":"https:\/\/tourtravelandmore.com\/fr\/tours\/australie-fr\/cairns-fr\/visite-privee-de-la-grande-barriere-de-corail\/","og_site_name":"Tour Travel And More","article_publisher":"https:\/\/www.facebook.com\/tourtravelandmore\/","article_modified_time":"2022-10-25T15:07:45+00:00","og_image":[{"width":967,"height":725,"url":"https:\/\/tourtravelandmore.com\/wp-content\/uploads\/2021\/01\/whitsundays.jpeg","type":"image\/jpeg"}],"twitter_card":"summary_large_image","twitter_site":"@TourTravel_More","twitter_misc":{"Dur\u00e9e de lecture estim\u00e9e":"2 minutes"},"schema":{"@context":"https:\/\/schema.org","@graph":[{"@type":"WebPage","@id":"https:\/\/tourtravelandmore.com\/fr\/tours\/australie-fr\/cairns-fr\/visite-privee-de-la-grande-barriere-de-corail\/","url":"https:\/\/tourtravelandmore.com\/fr\/tours\/australie-fr\/cairns-fr\/visite-privee-de-la-grande-barriere-de-corail\/","name":"Visite priv\u00e9e de la grande barri\u00e8re de corail au d\u00e9part de Cairns en yacht priv\u00e9","isPartOf":{"@id":"https:\/\/tourtravelandmore.com\/fr\/#website"},"primaryImageOfPage":{"@id":"https:\/\/tourtravelandmore.com\/fr\/tours\/australie-fr\/cairns-fr\/visite-privee-de-la-grande-barriere-de-corail\/#primaryimage"},"image":{"@id":"https:\/\/tourtravelandmore.com\/fr\/tours\/australie-fr\/cairns-fr\/visite-privee-de-la-grande-barriere-de-corail\/#primaryimage"},"thumbnailUrl":"https:\/\/tourtravelandmore.com\/wp-content\/uploads\/2021\/01\/whitsundays.jpeg","datePublished":"2021-01-24T19:25:00+00:00","dateModified":"2022-10-25T15:07:45+00:00","description":"D\u00e9couvrez les magnifiques paysages du nord de l'Australie avec notre visite priv\u00e9e \u00e0 Daintree au d\u00e9part de Sydney. Explorez les for\u00eats tropicales et rep\u00e9rez les animaux indig\u00e8nes","breadcrumb":{"@id":"https:\/\/tourtravelandmore.com\/fr\/tours\/australie-fr\/cairns-fr\/visite-privee-de-la-grande-barriere-de-corail\/#breadcrumb"},"inLanguage":"fr-FR","potentialAction":[{"@type":"ReadAction","target":["https:\/\/tourtravelandmore.com\/fr\/tours\/australie-fr\/cairns-fr\/visite-privee-de-la-grande-barriere-de-corail\/"]}]},{"@type":"ImageObject","inLanguage":"fr-FR","@id":"https:\/\/tourtravelandmore.com\/fr\/tours\/australie-fr\/cairns-fr\/visite-privee-de-la-grande-barriere-de-corail\/#primaryimage","url":"https:\/\/tourtravelandmore.com\/wp-content\/uploads\/2021\/01\/whitsundays.jpeg","contentUrl":"https:\/\/tourtravelandmore.com\/wp-content\/uploads\/2021\/01\/whitsundays.jpeg","width":967,"height":725,"caption":"Whitsundays island"},{"@type":"BreadcrumbList","@id":"https:\/\/tourtravelandmore.com\/fr\/tours\/australie-fr\/cairns-fr\/visite-privee-de-la-grande-barriere-de-corail\/#breadcrumb","itemListElement":[{"@type":"ListItem","position":1,"name":"Home","item":"https:\/\/tourtravelandmore.com\/fr\/"},{"@type":"ListItem","position":2,"name":"Tours","item":"https:\/\/tourtravelandmore.com\/fr\/tours\/"},{"@type":"ListItem","position":3,"name":"Visite priv\u00e9e de la grande barri\u00e8re de corail"}]},{"@type":"WebSite","@id":"https:\/\/tourtravelandmore.com\/fr\/#website","url":"https:\/\/tourtravelandmore.com\/fr\/","name":"Tour Travel And More","description":"Private sightseeing tours and luxury transfers in Spain","publisher":{"@id":"https:\/\/tourtravelandmore.com\/fr\/#organization"},"potentialAction":[{"@type":"SearchAction","target":{"@type":"EntryPoint","urlTemplate":"https:\/\/tourtravelandmore.com\/fr\/?s={search_term_string}"},"query-input":{"@type":"PropertyValueSpecification","valueRequired":true,"valueName":"search_term_string"}}],"inLanguage":"fr-FR"},{"@type":"Organization","@id":"https:\/\/tourtravelandmore.com\/fr\/#organization","name":"Tour Travel And More","url":"https:\/\/tourtravelandmore.com\/fr\/","logo":{"@type":"ImageObject","inLanguage":"fr-FR","@id":"https:\/\/tourtravelandmore.com\/fr\/#\/schema\/logo\/image\/","url":"https:\/\/tourtravelandmore.com\/wp-content\/uploads\/2022\/12\/cropped-logo-cabecera-new.png","contentUrl":"https:\/\/tourtravelandmore.com\/wp-content\/uploads\/2022\/12\/cropped-logo-cabecera-new.png","width":430,"height":61,"caption":"Tour Travel And More"},"image":{"@id":"https:\/\/tourtravelandmore.com\/fr\/#\/schema\/logo\/image\/"},"sameAs":["https:\/\/www.facebook.com\/tourtravelandmore\/","https:\/\/x.com\/TourTravel_More"]}]}},"_links":{"self":[{"href":"https:\/\/tourtravelandmore.com\/fr\/wp-json\/wp\/v2\/product\/101942","targetHints":{"allow":["GET"]}}],"collection":[{"href":"https:\/\/tourtravelandmore.com\/fr\/wp-json\/wp\/v2\/product"}],"about":[{"href":"https:\/\/tourtravelandmore.com\/fr\/wp-json\/wp\/v2\/types\/product"}],"replies":[{"embeddable":true,"href":"https:\/\/tourtravelandmore.com\/fr\/wp-json\/wp\/v2\/comments?post=101942"}],"wp:featuredmedia":[{"embeddable":true,"href":"https:\/\/tourtravelandmore.com\/fr\/wp-json\/wp\/v2\/media\/91877"}],"wp:attachment":[{"href":"https:\/\/tourtravelandmore.com\/fr\/wp-json\/wp\/v2\/media?parent=101942"}],"wp:term":[{"taxonomy":"product_brand","embeddable":true,"href":"https:\/\/tourtravelandmore.com\/fr\/wp-json\/wp\/v2\/product_brand?post=101942"},{"taxonomy":"product_cat","embeddable":true,"href":"https:\/\/tourtravelandmore.com\/fr\/wp-json\/wp\/v2\/product_cat?post=101942"},{"taxonomy":"product_tag","embeddable":true,"href":"https:\/\/tourtravelandmore.com\/fr\/wp-json\/wp\/v2\/product_tag?post=101942"}],"curies":[{"name":"wp","href":"https:\/\/api.w.org\/{rel}","templated":true}]}}