{"id":101928,"date":"2020-06-02T11:34:37","date_gmt":"2020-06-02T09:34:37","guid":{"rendered":"https:\/\/tourtravelandmore.com\/tours\/non%20class\u00e9\/visite-privee-de-la-cote-sud-de-lislande\/"},"modified":"2025-05-30T18:01:41","modified_gmt":"2025-05-30T16:01:41","slug":"visite-privee-de-la-cote-sud-de-lislande","status":"publish","type":"product","link":"https:\/\/tourtravelandmore.com\/fr\/tours\/islande-fr\/reykjavik-fr\/visite-privee-de-la-cote-sud-de-lislande\/","title":{"rendered":"Visite priv\u00e9e de la c\u00f4te sud de l&#8217;Islande"},"content":{"rendered":"<h2><b><strong>Description de notre circuit priv\u00e9 sur la c\u00f4te sud de l&#8217;Islande<\/strong><\/b><\/h2>\n<p>L&#8217;Islande est consid\u00e9r\u00e9e comme l&#8217;une des meilleures destinations touristiques au monde ces derni\u00e8res ann\u00e9es. Cela est principalement d\u00fb \u00e0 ses paysages magnifiques et \u00e0 la gentillesse de ses habitants. Ne manquez pas notre circuit priv\u00e9 sur la c\u00f4te sud de l&#8217;Islande. Tous les visiteurs qui quittent l&#8217;Islande souhaitent y retourner un jour. L&#8217;un des itin\u00e9raires les plus pris\u00e9s est celui de la c\u00f4te sud. Il peut \u00eatre effectu\u00e9 en une journ\u00e9e au d\u00e9part de Reykjavik. D\u00e9couvrez la magnifique c\u00f4te sud de l&#8217;Islande lors d&#8217;une visite priv\u00e9e avec nous.<\/p>\n<p>Chez Tour Travel and More, nous nous effor\u00e7ons d&#8217;aider nos clients \u00e0 d\u00e9couvrir ce merveilleux pays \u00e0 leur rythme. Nos transferts et visites priv\u00e9s sont personnalis\u00e9s et adaptables aux int\u00e9r\u00eats personnels de nos clients. Nos guides et chauffeurs sont agr\u00e9\u00e9s et exp\u00e9riment\u00e9s. Nous proposons des visites priv\u00e9es d&#8217;une journ\u00e9e, des visites de plusieurs jours et des services de transport \u00e0 travers le pays.<\/p>\n<h2><b>Visite priv\u00e9e de la c\u00f4te sud de l&#8217;Islande | Points d&#8217;int\u00e9r\u00eat et sites touristiques<\/b><\/h2>\n<p>La c\u00f4te sud de l&#8217;Islande est une merveilleuse excursion d&#8217;une journ\u00e9e pour les amoureux de la nature. Cet itin\u00e9raire comprend des paysages magnifiques ainsi qu&#8217;une visite de Vik, un beau village. Pr\u00e9parez-vous \u00e0 profiter de cet endroit merveilleux, l&#8217;une des r\u00e9gions les plus plates du pays. Cela rend la r\u00e9gion id\u00e9ale pour la culture c\u00e9r\u00e9ali\u00e8re. Notre proposition de <b><i>visite priv\u00e9e de la c\u00f4te sud au d\u00e9part de Reykjavik<\/i><\/b> dure 10 heures.<\/p>\n<p>Tout d&#8217;abord, votre chauffeur\/guide priv\u00e9 viendra vous chercher \u00e0 votre h\u00e9bergement \u00e0 Reykjavik. Ensuite, votre aventure priv\u00e9e commencera. L&#8217;heure de d\u00e9part est \u00e0 votre convenance. De plus, l&#8217;itin\u00e9raire final est enti\u00e8rement adaptable \u00e0 vos propres int\u00e9r\u00eats. Voici notre proposition et une liste des lieux que vous pouvez visiter pendant votre visite priv\u00e9e :<\/p>\n<ul>\n<li><b><strong>Visite des champs de lave dans la montagne volcanique Hengill<\/strong><\/b><\/li>\n<li><b><strong>Plage de sable noir de Reynisfjara<\/strong><\/b><\/li>\n<li><b><strong>Le glacier S\u00f3lheimaj\u00f6kull<\/strong><\/b><\/li>\n<li><a href=\"https:\/\/www.south.is\/en\/services\/vik-district-information-office\"><b>Le village de Vik<\/b><\/a><b> (le village le plus au sud de l&#8217;Islande, avec 291 habitants)<\/b><\/li>\n<li><b><strong>La cascade Seljalandsfoss (o\u00f9 vous pourrez marcher derri\u00e8re l&#8217;eau !)<\/strong><\/b><\/li>\n<li><b><strong>La cascade Sk\u00f3gafoss (lieu utilis\u00e9 pour le film Thor)<\/strong><\/b><\/li>\n<li><b><strong>Le glacier Eyjafjallaj\u00f6kull<\/strong><\/b><\/li>\n<li><b>Le glacier S\u00f3lheimaj\u00f6kull<\/b><\/li>\n<\/ul>\n<p>Votre chauffeur\/guide (ou un guide s\u00e9par\u00e9, selon votre pr\u00e9f\u00e9rence) sera \u00e0 votre enti\u00e8re disposition pendant toute la dur\u00e9e de la visite. Tous nos guides sont agr\u00e9\u00e9s et tr\u00e8s exp\u00e9riment\u00e9s. Mais surtout, ils aiment leur pays. Vous aurez bien s\u00fbr du temps libre pour d\u00e9jeuner pendant la visite. Notre guide vous recommandera un endroit local.<\/p>\n<p>D\u00e9couvrez nos autres visites priv\u00e9es en Islande.<\/p>\n","protected":false},"excerpt":{"rendered":"<p>Profitez de cette visite priv\u00e9e sur la c\u00f4te sud de l&#8217;Islande au d\u00e9part de Reykjavik. Saisissez cette opportunit\u00e9 et d\u00e9couvrez les merveilleux paysages du sud de l&#8217;Islande avec votre guide priv\u00e9 et chauffeur officiel.<\/p>\n","protected":false},"featured_media":97676,"comment_status":"open","ping_status":"closed","template":"","meta":{"_acf_changed":false},"product_brand":[],"product_cat":[5526,5528,3713,3719],"product_tag":[],"class_list":{"0":"post-101928","1":"product","2":"type-product","3":"status-publish","4":"has-post-thumbnail","6":"product_cat-all-private-tours-and-activities-fr-13","7":"product_cat-private-excursions","8":"product_cat-islande-fr","9":"product_cat-reykjavik-fr","11":"first","12":"instock","13":"shipping-taxable","14":"purchasable","15":"product-type-simple"},"acf":[],"yoast_head":"<!-- This site is optimized with the Yoast SEO Premium plugin v25.3.1 (Yoast SEO v25.3.1) - https:\/\/yoast.com\/wordpress\/plugins\/seo\/ -->\n<title>Visite priv\u00e9e de la c\u00f4te sud de l&#039;Islande avec chauffeur et guide PRIV\u00c9S<\/title>\n<meta name=\"description\" content=\"D\u00e9couvrez certains des sites naturels les plus \u00e9poustouflants d&#039;Islande lors de cette visite priv\u00e9e de la c\u00f4te sud au d\u00e9part de Reykjavik avec un guide local, exp\u00e9riment\u00e9 et agr\u00e9\u00e9\" \/>\n<meta name=\"robots\" content=\"index, follow, max-snippet:-1, max-image-preview:large, max-video-preview:-1\" \/>\n<link rel=\"canonical\" href=\"https:\/\/tourtravelandmore.com\/fr\/tours\/islande-fr\/reykjavik-fr\/visite-privee-de-la-cote-sud-de-lislande\/\" \/>\n<meta property=\"og:locale\" content=\"fr_FR\" \/>\n<meta property=\"og:type\" content=\"article\" \/>\n<meta property=\"og:title\" content=\"Visite priv\u00e9e de la c\u00f4te sud de l&#039;Islande\" \/>\n<meta property=\"og:description\" content=\"D\u00e9couvrez certains des sites naturels les plus \u00e9poustouflants d&#039;Islande lors de cette visite priv\u00e9e de la c\u00f4te sud au d\u00e9part de Reykjavik avec un guide local, exp\u00e9riment\u00e9 et agr\u00e9\u00e9\" \/>\n<meta property=\"og:url\" content=\"https:\/\/tourtravelandmore.com\/fr\/tours\/islande-fr\/reykjavik-fr\/visite-privee-de-la-cote-sud-de-lislande\/\" \/>\n<meta property=\"og:site_name\" content=\"Tour Travel And More\" \/>\n<meta property=\"article:publisher\" content=\"https:\/\/www.facebook.com\/tourtravelandmore\/\" \/>\n<meta property=\"article:modified_time\" content=\"2025-05-30T16:01:41+00:00\" \/>\n<meta property=\"og:image\" content=\"https:\/\/tourtravelandmore.com\/wp-content\/uploads\/2020\/06\/skogafoss-waterfall-iceland-stream-europe-nature.jpg\" \/>\n\t<meta property=\"og:image:width\" content=\"910\" \/>\n\t<meta property=\"og:image:height\" content=\"607\" \/>\n\t<meta property=\"og:image:type\" content=\"image\/jpeg\" \/>\n<meta name=\"twitter:card\" content=\"summary_large_image\" \/>\n<meta name=\"twitter:site\" content=\"@TourTravel_More\" \/>\n<meta name=\"twitter:label1\" content=\"Dur\u00e9e de lecture estim\u00e9e\" \/>\n\t<meta name=\"twitter:data1\" content=\"2 minutes\" \/>\n<script type=\"application\/ld+json\" class=\"yoast-schema-graph\">{\"@context\":\"https:\/\/schema.org\",\"@graph\":[{\"@type\":\"WebPage\",\"@id\":\"https:\/\/tourtravelandmore.com\/fr\/tours\/islande-fr\/reykjavik-fr\/visite-privee-de-la-cote-sud-de-lislande\/\",\"url\":\"https:\/\/tourtravelandmore.com\/fr\/tours\/islande-fr\/reykjavik-fr\/visite-privee-de-la-cote-sud-de-lislande\/\",\"name\":\"Visite priv\u00e9e de la c\u00f4te sud de l'Islande avec chauffeur et guide PRIV\u00c9S\",\"isPartOf\":{\"@id\":\"https:\/\/tourtravelandmore.com\/fr\/#website\"},\"primaryImageOfPage\":{\"@id\":\"https:\/\/tourtravelandmore.com\/fr\/tours\/islande-fr\/reykjavik-fr\/visite-privee-de-la-cote-sud-de-lislande\/#primaryimage\"},\"image\":{\"@id\":\"https:\/\/tourtravelandmore.com\/fr\/tours\/islande-fr\/reykjavik-fr\/visite-privee-de-la-cote-sud-de-lislande\/#primaryimage\"},\"thumbnailUrl\":\"https:\/\/tourtravelandmore.com\/wp-content\/uploads\/2020\/06\/skogafoss-waterfall-iceland-stream-europe-nature.jpg\",\"datePublished\":\"2020-06-02T09:34:37+00:00\",\"dateModified\":\"2025-05-30T16:01:41+00:00\",\"description\":\"D\u00e9couvrez certains des sites naturels les plus \u00e9poustouflants d'Islande lors de cette visite priv\u00e9e de la c\u00f4te sud au d\u00e9part de Reykjavik avec un guide local, exp\u00e9riment\u00e9 et agr\u00e9\u00e9\",\"breadcrumb\":{\"@id\":\"https:\/\/tourtravelandmore.com\/fr\/tours\/islande-fr\/reykjavik-fr\/visite-privee-de-la-cote-sud-de-lislande\/#breadcrumb\"},\"inLanguage\":\"fr-FR\",\"potentialAction\":[{\"@type\":\"ReadAction\",\"target\":[\"https:\/\/tourtravelandmore.com\/fr\/tours\/islande-fr\/reykjavik-fr\/visite-privee-de-la-cote-sud-de-lislande\/\"]}]},{\"@type\":\"ImageObject\",\"inLanguage\":\"fr-FR\",\"@id\":\"https:\/\/tourtravelandmore.com\/fr\/tours\/islande-fr\/reykjavik-fr\/visite-privee-de-la-cote-sud-de-lislande\/#primaryimage\",\"url\":\"https:\/\/tourtravelandmore.com\/wp-content\/uploads\/2020\/06\/skogafoss-waterfall-iceland-stream-europe-nature.jpg\",\"contentUrl\":\"https:\/\/tourtravelandmore.com\/wp-content\/uploads\/2020\/06\/skogafoss-waterfall-iceland-stream-europe-nature.jpg\",\"width\":910,\"height\":607},{\"@type\":\"BreadcrumbList\",\"@id\":\"https:\/\/tourtravelandmore.com\/fr\/tours\/islande-fr\/reykjavik-fr\/visite-privee-de-la-cote-sud-de-lislande\/#breadcrumb\",\"itemListElement\":[{\"@type\":\"ListItem\",\"position\":1,\"name\":\"Home\",\"item\":\"https:\/\/tourtravelandmore.com\/fr\/\"},{\"@type\":\"ListItem\",\"position\":2,\"name\":\"Tours\",\"item\":\"https:\/\/tourtravelandmore.com\/fr\/tours\/\"},{\"@type\":\"ListItem\",\"position\":3,\"name\":\"Visite priv\u00e9e de la c\u00f4te sud de l&#8217;Islande\"}]},{\"@type\":\"WebSite\",\"@id\":\"https:\/\/tourtravelandmore.com\/fr\/#website\",\"url\":\"https:\/\/tourtravelandmore.com\/fr\/\",\"name\":\"Tour Travel And More\",\"description\":\"Private sightseeing tours and luxury transfers in Spain\",\"publisher\":{\"@id\":\"https:\/\/tourtravelandmore.com\/fr\/#organization\"},\"potentialAction\":[{\"@type\":\"SearchAction\",\"target\":{\"@type\":\"EntryPoint\",\"urlTemplate\":\"https:\/\/tourtravelandmore.com\/fr\/?s={search_term_string}\"},\"query-input\":{\"@type\":\"PropertyValueSpecification\",\"valueRequired\":true,\"valueName\":\"search_term_string\"}}],\"inLanguage\":\"fr-FR\"},{\"@type\":\"Organization\",\"@id\":\"https:\/\/tourtravelandmore.com\/fr\/#organization\",\"name\":\"Tour Travel And More\",\"url\":\"https:\/\/tourtravelandmore.com\/fr\/\",\"logo\":{\"@type\":\"ImageObject\",\"inLanguage\":\"fr-FR\",\"@id\":\"https:\/\/tourtravelandmore.com\/fr\/#\/schema\/logo\/image\/\",\"url\":\"https:\/\/tourtravelandmore.com\/wp-content\/uploads\/2022\/12\/cropped-logo-cabecera-new.png\",\"contentUrl\":\"https:\/\/tourtravelandmore.com\/wp-content\/uploads\/2022\/12\/cropped-logo-cabecera-new.png\",\"width\":430,\"height\":61,\"caption\":\"Tour Travel And More\"},\"image\":{\"@id\":\"https:\/\/tourtravelandmore.com\/fr\/#\/schema\/logo\/image\/\"},\"sameAs\":[\"https:\/\/www.facebook.com\/tourtravelandmore\/\",\"https:\/\/x.com\/TourTravel_More\"]}]}<\/script>\n<!-- \/ Yoast SEO Premium plugin. -->","yoast_head_json":{"title":"Visite priv\u00e9e de la c\u00f4te sud de l'Islande avec chauffeur et guide PRIV\u00c9S","description":"D\u00e9couvrez certains des sites naturels les plus \u00e9poustouflants d'Islande lors de cette visite priv\u00e9e de la c\u00f4te sud au d\u00e9part de Reykjavik avec un guide local, exp\u00e9riment\u00e9 et agr\u00e9\u00e9","robots":{"index":"index","follow":"follow","max-snippet":"max-snippet:-1","max-image-preview":"max-image-preview:large","max-video-preview":"max-video-preview:-1"},"canonical":"https:\/\/tourtravelandmore.com\/fr\/tours\/islande-fr\/reykjavik-fr\/visite-privee-de-la-cote-sud-de-lislande\/","og_locale":"fr_FR","og_type":"article","og_title":"Visite priv\u00e9e de la c\u00f4te sud de l'Islande","og_description":"D\u00e9couvrez certains des sites naturels les plus \u00e9poustouflants d'Islande lors de cette visite priv\u00e9e de la c\u00f4te sud au d\u00e9part de Reykjavik avec un guide local, exp\u00e9riment\u00e9 et agr\u00e9\u00e9","og_url":"https:\/\/tourtravelandmore.com\/fr\/tours\/islande-fr\/reykjavik-fr\/visite-privee-de-la-cote-sud-de-lislande\/","og_site_name":"Tour Travel And More","article_publisher":"https:\/\/www.facebook.com\/tourtravelandmore\/","article_modified_time":"2025-05-30T16:01:41+00:00","og_image":[{"width":910,"height":607,"url":"https:\/\/tourtravelandmore.com\/wp-content\/uploads\/2020\/06\/skogafoss-waterfall-iceland-stream-europe-nature.jpg","type":"image\/jpeg"}],"twitter_card":"summary_large_image","twitter_site":"@TourTravel_More","twitter_misc":{"Dur\u00e9e de lecture estim\u00e9e":"2 minutes"},"schema":{"@context":"https:\/\/schema.org","@graph":[{"@type":"WebPage","@id":"https:\/\/tourtravelandmore.com\/fr\/tours\/islande-fr\/reykjavik-fr\/visite-privee-de-la-cote-sud-de-lislande\/","url":"https:\/\/tourtravelandmore.com\/fr\/tours\/islande-fr\/reykjavik-fr\/visite-privee-de-la-cote-sud-de-lislande\/","name":"Visite priv\u00e9e de la c\u00f4te sud de l'Islande avec chauffeur et guide PRIV\u00c9S","isPartOf":{"@id":"https:\/\/tourtravelandmore.com\/fr\/#website"},"primaryImageOfPage":{"@id":"https:\/\/tourtravelandmore.com\/fr\/tours\/islande-fr\/reykjavik-fr\/visite-privee-de-la-cote-sud-de-lislande\/#primaryimage"},"image":{"@id":"https:\/\/tourtravelandmore.com\/fr\/tours\/islande-fr\/reykjavik-fr\/visite-privee-de-la-cote-sud-de-lislande\/#primaryimage"},"thumbnailUrl":"https:\/\/tourtravelandmore.com\/wp-content\/uploads\/2020\/06\/skogafoss-waterfall-iceland-stream-europe-nature.jpg","datePublished":"2020-06-02T09:34:37+00:00","dateModified":"2025-05-30T16:01:41+00:00","description":"D\u00e9couvrez certains des sites naturels les plus \u00e9poustouflants d'Islande lors de cette visite priv\u00e9e de la c\u00f4te sud au d\u00e9part de Reykjavik avec un guide local, exp\u00e9riment\u00e9 et agr\u00e9\u00e9","breadcrumb":{"@id":"https:\/\/tourtravelandmore.com\/fr\/tours\/islande-fr\/reykjavik-fr\/visite-privee-de-la-cote-sud-de-lislande\/#breadcrumb"},"inLanguage":"fr-FR","potentialAction":[{"@type":"ReadAction","target":["https:\/\/tourtravelandmore.com\/fr\/tours\/islande-fr\/reykjavik-fr\/visite-privee-de-la-cote-sud-de-lislande\/"]}]},{"@type":"ImageObject","inLanguage":"fr-FR","@id":"https:\/\/tourtravelandmore.com\/fr\/tours\/islande-fr\/reykjavik-fr\/visite-privee-de-la-cote-sud-de-lislande\/#primaryimage","url":"https:\/\/tourtravelandmore.com\/wp-content\/uploads\/2020\/06\/skogafoss-waterfall-iceland-stream-europe-nature.jpg","contentUrl":"https:\/\/tourtravelandmore.com\/wp-content\/uploads\/2020\/06\/skogafoss-waterfall-iceland-stream-europe-nature.jpg","width":910,"height":607},{"@type":"BreadcrumbList","@id":"https:\/\/tourtravelandmore.com\/fr\/tours\/islande-fr\/reykjavik-fr\/visite-privee-de-la-cote-sud-de-lislande\/#breadcrumb","itemListElement":[{"@type":"ListItem","position":1,"name":"Home","item":"https:\/\/tourtravelandmore.com\/fr\/"},{"@type":"ListItem","position":2,"name":"Tours","item":"https:\/\/tourtravelandmore.com\/fr\/tours\/"},{"@type":"ListItem","position":3,"name":"Visite priv\u00e9e de la c\u00f4te sud de l&#8217;Islande"}]},{"@type":"WebSite","@id":"https:\/\/tourtravelandmore.com\/fr\/#website","url":"https:\/\/tourtravelandmore.com\/fr\/","name":"Tour Travel And More","description":"Private sightseeing tours and luxury transfers in Spain","publisher":{"@id":"https:\/\/tourtravelandmore.com\/fr\/#organization"},"potentialAction":[{"@type":"SearchAction","target":{"@type":"EntryPoint","urlTemplate":"https:\/\/tourtravelandmore.com\/fr\/?s={search_term_string}"},"query-input":{"@type":"PropertyValueSpecification","valueRequired":true,"valueName":"search_term_string"}}],"inLanguage":"fr-FR"},{"@type":"Organization","@id":"https:\/\/tourtravelandmore.com\/fr\/#organization","name":"Tour Travel And More","url":"https:\/\/tourtravelandmore.com\/fr\/","logo":{"@type":"ImageObject","inLanguage":"fr-FR","@id":"https:\/\/tourtravelandmore.com\/fr\/#\/schema\/logo\/image\/","url":"https:\/\/tourtravelandmore.com\/wp-content\/uploads\/2022\/12\/cropped-logo-cabecera-new.png","contentUrl":"https:\/\/tourtravelandmore.com\/wp-content\/uploads\/2022\/12\/cropped-logo-cabecera-new.png","width":430,"height":61,"caption":"Tour Travel And More"},"image":{"@id":"https:\/\/tourtravelandmore.com\/fr\/#\/schema\/logo\/image\/"},"sameAs":["https:\/\/www.facebook.com\/tourtravelandmore\/","https:\/\/x.com\/TourTravel_More"]}]}},"_links":{"self":[{"href":"https:\/\/tourtravelandmore.com\/fr\/wp-json\/wp\/v2\/product\/101928","targetHints":{"allow":["GET"]}}],"collection":[{"href":"https:\/\/tourtravelandmore.com\/fr\/wp-json\/wp\/v2\/product"}],"about":[{"href":"https:\/\/tourtravelandmore.com\/fr\/wp-json\/wp\/v2\/types\/product"}],"replies":[{"embeddable":true,"href":"https:\/\/tourtravelandmore.com\/fr\/wp-json\/wp\/v2\/comments?post=101928"}],"wp:featuredmedia":[{"embeddable":true,"href":"https:\/\/tourtravelandmore.com\/fr\/wp-json\/wp\/v2\/media\/97676"}],"wp:attachment":[{"href":"https:\/\/tourtravelandmore.com\/fr\/wp-json\/wp\/v2\/media?parent=101928"}],"wp:term":[{"taxonomy":"product_brand","embeddable":true,"href":"https:\/\/tourtravelandmore.com\/fr\/wp-json\/wp\/v2\/product_brand?post=101928"},{"taxonomy":"product_cat","embeddable":true,"href":"https:\/\/tourtravelandmore.com\/fr\/wp-json\/wp\/v2\/product_cat?post=101928"},{"taxonomy":"product_tag","embeddable":true,"href":"https:\/\/tourtravelandmore.com\/fr\/wp-json\/wp\/v2\/product_tag?post=101928"}],"curies":[{"name":"wp","href":"https:\/\/api.w.org\/{rel}","templated":true}]}}