{"id":101921,"date":"2020-06-01T12:54:47","date_gmt":"2020-06-01T10:54:47","guid":{"rendered":"https:\/\/tourtravelandmore.com\/tours\/non%20class\u00e9\/excursion-privee-aux-aurores-boreales-au-depart-de-reykjavik\/"},"modified":"2025-05-30T19:19:16","modified_gmt":"2025-05-30T17:19:16","slug":"excursion-privee-aux-aurores-boreales-au-depart-de-reykjavik","status":"publish","type":"product","link":"https:\/\/tourtravelandmore.com\/fr\/tours\/islande-fr\/reykjavik-fr\/excursion-privee-aux-aurores-boreales-au-depart-de-reykjavik\/","title":{"rendered":"Excursion priv\u00e9e aux aurores bor\u00e9ales au d\u00e9part de Reykjavik"},"content":{"rendered":"<h2><b><strong>Excursion priv\u00e9e pour observer les aurores bor\u00e9ales au d\u00e9part de Reykjavik Description<\/strong><\/b><\/h2>\n<p>L&#8217;Islande est l&#8217;une des destinations les plus pris\u00e9es au monde depuis quelques ann\u00e9es. D\u00e9couvrez notre excursion priv\u00e9e pour observer les aurores bor\u00e9ales au d\u00e9part de Reykjavik. Cela s&#8217;explique par ses paysages magnifiques et la gentillesse de ses habitants. La ville de Reykjavik est le point de d\u00e9part id\u00e9al pour d\u00e9couvrir le pays. L&#8217;une des excursions les plus demand\u00e9es au d\u00e9part de la ville est la chasse aux aurores bor\u00e9ales. Laissez-nous vous guider en priv\u00e9 pendant une soir\u00e9e, \u00e0 la recherche des aurores bor\u00e9ales au d\u00e9part de Reykjavik.<\/p>\n<p>Tour Travel and More a pour objectif d&#8217;aider ses clients \u00e0 d\u00e9couvrir leurs destinations \u00e0 leur rythme. Nos transferts et circuits priv\u00e9s sont con\u00e7us sur mesure et adaptables aux int\u00e9r\u00eats personnels de nos clients. Nos guides et chauffeurs sont agr\u00e9\u00e9s et exp\u00e9riment\u00e9s. Nous organisons des circuits priv\u00e9s d&#8217;une journ\u00e9e, de plusieurs jours et le transport \u00e0 travers l&#8217;Islande.<\/p>\n<p>Nous organiserons votre prise en charge dans le confort et commencerons cette excursion priv\u00e9e pour observer les aurores bor\u00e9ales au d\u00e9part de Reykjavik.<\/p>\n<h2><b>Excursion priv\u00e9e pour observer les aurores bor\u00e9ales au d\u00e9part de Reykjavik | Points d&#8217;int\u00e9r\u00eat et sites touristiques<\/b><\/h2>\n<p>Un s\u00e9jour en Islande sans observation des <b><i>aurores bor\u00e9ales<\/i><\/b> n&#8217;est pas complet. Laissez-nous vous guider vers les magnifiques aurores bor\u00e9ales lors d&#8217;une excursion priv\u00e9e au d\u00e9part de Reykjavik. De fin ao\u00fbt \u00e0 fin avril, l&#8217;Islande b\u00e9n\u00e9ficie de conditions atmosph\u00e9riques id\u00e9ales pour observer les lumi\u00e8res dans le ciel. Apportez votre appareil photo et profitez de ce merveilleux ph\u00e9nom\u00e8ne naturel en notre compagnie.<\/p>\n<p>Tout d&#8217;abord, votre <b><i>chauffeur\/guide priv\u00e9<\/i><\/b> viendra vous chercher \u00e0 votre h\u00e9bergement \u00e0 <b><i>Reykjavik<\/i><\/b>. Ensuite, votre chasse aux aurores bor\u00e9ales priv\u00e9e commencera. Nos guides sont des experts en aurores bor\u00e9ales. Ils v\u00e9rifient les pr\u00e9visions afin de trouver le meilleur endroit en dehors de la ville pour observer les lumi\u00e8res dans la magnifique nuit arctique. Votre guide priv\u00e9 vous donnera \u00e9galement des conseils pour prendre les meilleures photos.<\/p>\n<p>Votre chauffeur\/guide (ou un guide s\u00e9par\u00e9, selon votre pr\u00e9f\u00e9rence) sera \u00e0 votre enti\u00e8re disposition pendant toute la dur\u00e9e de votre excursion priv\u00e9e. Tous nos guides sont officiels et agr\u00e9\u00e9s, et poss\u00e8dent une longue exp\u00e9rience dans le domaine. Ils \u00e9tudient les pr\u00e9visions m\u00e9t\u00e9orologiques et les pr\u00e9visions d&#8217;aurores avant chaque excursion.<\/p>\n<p><a href=\"https:\/\/tourtravelandmore.com\/fr\/city\/islande-fr\/reykjavik-en\/\">D\u00e9couvrez nos autres excursions priv\u00e9es en Islande et \u00e0 Reykjavik.<\/a><\/p>\n","protected":false},"excerpt":{"rendered":"<p>Profitez de notre chasse priv\u00e9e aux aurores bor\u00e9ales au d\u00e9part de Reykjavik et profitez-en pour admirer l&#8217;un des plus beaux ph\u00e9nom\u00e8nes naturels du monde. Nos guides, exp\u00e9riment\u00e9s et agr\u00e9\u00e9s, v\u00e9rifieront la m\u00e9t\u00e9o et les pr\u00e9visions \u00e0 l&#8217;avance pour attraper les merveilleuses aurores bor\u00e9ales. Profitez au maximum de votre visite en Islande et, d&#8217;ao\u00fbt \u00e0 fin avril, admirez les superbes aurores bor\u00e9ales.<\/p>\n<p>&nbsp;<\/p>\n","protected":false},"featured_media":97665,"comment_status":"open","ping_status":"closed","template":"","meta":{"_acf_changed":false},"product_brand":[],"product_cat":[5526,5528,3713,3719],"product_tag":[],"class_list":{"0":"post-101921","1":"product","2":"type-product","3":"status-publish","4":"has-post-thumbnail","6":"product_cat-all-private-tours-and-activities-fr-13","7":"product_cat-private-excursions","8":"product_cat-islande-fr","9":"product_cat-reykjavik-fr","11":"first","12":"instock","13":"shipping-taxable","14":"purchasable","15":"product-type-simple"},"acf":[],"yoast_head":"<!-- This site is optimized with the Yoast SEO Premium plugin v25.3.1 (Yoast SEO v25.3.1) - https:\/\/yoast.com\/wordpress\/plugins\/seo\/ -->\n<title>Excursion priv\u00e9e aux aurores bor\u00e9ales au d\u00e9part de Reykjavik avec un guide exp\u00e9riment\u00e9<\/title>\n<meta name=\"description\" content=\"Excursion priv\u00e9e aux aurores bor\u00e9ales au d\u00e9part de Reykjavik et profitez d&#039;une excursion pour attraper les spectaculaires aurores bor\u00e9ales en Islande arctique avec nos guides experts!\" \/>\n<meta name=\"robots\" content=\"index, follow, max-snippet:-1, max-image-preview:large, max-video-preview:-1\" \/>\n<link rel=\"canonical\" href=\"https:\/\/tourtravelandmore.com\/fr\/tours\/islande-fr\/reykjavik-fr\/excursion-privee-aux-aurores-boreales-au-depart-de-reykjavik\/\" \/>\n<meta property=\"og:locale\" content=\"fr_FR\" \/>\n<meta property=\"og:type\" content=\"article\" \/>\n<meta property=\"og:title\" content=\"Excursion priv\u00e9e aux aurores bor\u00e9ales au d\u00e9part de Reykjavik\" \/>\n<meta property=\"og:description\" content=\"Excursion priv\u00e9e aux aurores bor\u00e9ales au d\u00e9part de Reykjavik et profitez d&#039;une excursion pour attraper les spectaculaires aurores bor\u00e9ales en Islande arctique avec nos guides experts!\" \/>\n<meta property=\"og:url\" content=\"https:\/\/tourtravelandmore.com\/fr\/tours\/islande-fr\/reykjavik-fr\/excursion-privee-aux-aurores-boreales-au-depart-de-reykjavik\/\" \/>\n<meta property=\"og:site_name\" content=\"Tour Travel And More\" \/>\n<meta property=\"article:publisher\" content=\"https:\/\/www.facebook.com\/tourtravelandmore\/\" \/>\n<meta property=\"article:modified_time\" content=\"2025-05-30T17:19:16+00:00\" \/>\n<meta property=\"og:image\" content=\"https:\/\/tourtravelandmore.com\/wp-content\/uploads\/2020\/06\/aurora-borealis-northern-lights-in-iceland-362-small.jpg\" \/>\n\t<meta property=\"og:image:width\" content=\"1280\" \/>\n\t<meta property=\"og:image:height\" content=\"854\" \/>\n\t<meta property=\"og:image:type\" content=\"image\/jpeg\" \/>\n<meta name=\"twitter:card\" content=\"summary_large_image\" \/>\n<meta name=\"twitter:site\" content=\"@TourTravel_More\" \/>\n<meta name=\"twitter:label1\" content=\"Dur\u00e9e de lecture estim\u00e9e\" \/>\n\t<meta name=\"twitter:data1\" content=\"2 minutes\" \/>\n<script type=\"application\/ld+json\" class=\"yoast-schema-graph\">{\"@context\":\"https:\/\/schema.org\",\"@graph\":[{\"@type\":\"WebPage\",\"@id\":\"https:\/\/tourtravelandmore.com\/fr\/tours\/islande-fr\/reykjavik-fr\/excursion-privee-aux-aurores-boreales-au-depart-de-reykjavik\/\",\"url\":\"https:\/\/tourtravelandmore.com\/fr\/tours\/islande-fr\/reykjavik-fr\/excursion-privee-aux-aurores-boreales-au-depart-de-reykjavik\/\",\"name\":\"Excursion priv\u00e9e aux aurores bor\u00e9ales au d\u00e9part de Reykjavik avec un guide exp\u00e9riment\u00e9\",\"isPartOf\":{\"@id\":\"https:\/\/tourtravelandmore.com\/fr\/#website\"},\"primaryImageOfPage\":{\"@id\":\"https:\/\/tourtravelandmore.com\/fr\/tours\/islande-fr\/reykjavik-fr\/excursion-privee-aux-aurores-boreales-au-depart-de-reykjavik\/#primaryimage\"},\"image\":{\"@id\":\"https:\/\/tourtravelandmore.com\/fr\/tours\/islande-fr\/reykjavik-fr\/excursion-privee-aux-aurores-boreales-au-depart-de-reykjavik\/#primaryimage\"},\"thumbnailUrl\":\"https:\/\/tourtravelandmore.com\/wp-content\/uploads\/2020\/06\/aurora-borealis-northern-lights-in-iceland-362-small.jpg\",\"datePublished\":\"2020-06-01T10:54:47+00:00\",\"dateModified\":\"2025-05-30T17:19:16+00:00\",\"description\":\"Excursion priv\u00e9e aux aurores bor\u00e9ales au d\u00e9part de Reykjavik et profitez d'une excursion pour attraper les spectaculaires aurores bor\u00e9ales en Islande arctique avec nos guides experts!\",\"breadcrumb\":{\"@id\":\"https:\/\/tourtravelandmore.com\/fr\/tours\/islande-fr\/reykjavik-fr\/excursion-privee-aux-aurores-boreales-au-depart-de-reykjavik\/#breadcrumb\"},\"inLanguage\":\"fr-FR\",\"potentialAction\":[{\"@type\":\"ReadAction\",\"target\":[\"https:\/\/tourtravelandmore.com\/fr\/tours\/islande-fr\/reykjavik-fr\/excursion-privee-aux-aurores-boreales-au-depart-de-reykjavik\/\"]}]},{\"@type\":\"ImageObject\",\"inLanguage\":\"fr-FR\",\"@id\":\"https:\/\/tourtravelandmore.com\/fr\/tours\/islande-fr\/reykjavik-fr\/excursion-privee-aux-aurores-boreales-au-depart-de-reykjavik\/#primaryimage\",\"url\":\"https:\/\/tourtravelandmore.com\/wp-content\/uploads\/2020\/06\/aurora-borealis-northern-lights-in-iceland-362-small.jpg\",\"contentUrl\":\"https:\/\/tourtravelandmore.com\/wp-content\/uploads\/2020\/06\/aurora-borealis-northern-lights-in-iceland-362-small.jpg\",\"width\":1280,\"height\":854},{\"@type\":\"BreadcrumbList\",\"@id\":\"https:\/\/tourtravelandmore.com\/fr\/tours\/islande-fr\/reykjavik-fr\/excursion-privee-aux-aurores-boreales-au-depart-de-reykjavik\/#breadcrumb\",\"itemListElement\":[{\"@type\":\"ListItem\",\"position\":1,\"name\":\"Home\",\"item\":\"https:\/\/tourtravelandmore.com\/fr\/\"},{\"@type\":\"ListItem\",\"position\":2,\"name\":\"Tours\",\"item\":\"https:\/\/tourtravelandmore.com\/fr\/tours\/\"},{\"@type\":\"ListItem\",\"position\":3,\"name\":\"Excursion priv\u00e9e aux aurores bor\u00e9ales au d\u00e9part de Reykjavik\"}]},{\"@type\":\"WebSite\",\"@id\":\"https:\/\/tourtravelandmore.com\/fr\/#website\",\"url\":\"https:\/\/tourtravelandmore.com\/fr\/\",\"name\":\"Tour Travel And More\",\"description\":\"Private sightseeing tours and luxury transfers in Spain\",\"publisher\":{\"@id\":\"https:\/\/tourtravelandmore.com\/fr\/#organization\"},\"potentialAction\":[{\"@type\":\"SearchAction\",\"target\":{\"@type\":\"EntryPoint\",\"urlTemplate\":\"https:\/\/tourtravelandmore.com\/fr\/?s={search_term_string}\"},\"query-input\":{\"@type\":\"PropertyValueSpecification\",\"valueRequired\":true,\"valueName\":\"search_term_string\"}}],\"inLanguage\":\"fr-FR\"},{\"@type\":\"Organization\",\"@id\":\"https:\/\/tourtravelandmore.com\/fr\/#organization\",\"name\":\"Tour Travel And More\",\"url\":\"https:\/\/tourtravelandmore.com\/fr\/\",\"logo\":{\"@type\":\"ImageObject\",\"inLanguage\":\"fr-FR\",\"@id\":\"https:\/\/tourtravelandmore.com\/fr\/#\/schema\/logo\/image\/\",\"url\":\"https:\/\/tourtravelandmore.com\/wp-content\/uploads\/2022\/12\/cropped-logo-cabecera-new.png\",\"contentUrl\":\"https:\/\/tourtravelandmore.com\/wp-content\/uploads\/2022\/12\/cropped-logo-cabecera-new.png\",\"width\":430,\"height\":61,\"caption\":\"Tour Travel And More\"},\"image\":{\"@id\":\"https:\/\/tourtravelandmore.com\/fr\/#\/schema\/logo\/image\/\"},\"sameAs\":[\"https:\/\/www.facebook.com\/tourtravelandmore\/\",\"https:\/\/x.com\/TourTravel_More\"]}]}<\/script>\n<!-- \/ Yoast SEO Premium plugin. -->","yoast_head_json":{"title":"Excursion priv\u00e9e aux aurores bor\u00e9ales au d\u00e9part de Reykjavik avec un guide exp\u00e9riment\u00e9","description":"Excursion priv\u00e9e aux aurores bor\u00e9ales au d\u00e9part de Reykjavik et profitez d'une excursion pour attraper les spectaculaires aurores bor\u00e9ales en Islande arctique avec nos guides experts!","robots":{"index":"index","follow":"follow","max-snippet":"max-snippet:-1","max-image-preview":"max-image-preview:large","max-video-preview":"max-video-preview:-1"},"canonical":"https:\/\/tourtravelandmore.com\/fr\/tours\/islande-fr\/reykjavik-fr\/excursion-privee-aux-aurores-boreales-au-depart-de-reykjavik\/","og_locale":"fr_FR","og_type":"article","og_title":"Excursion priv\u00e9e aux aurores bor\u00e9ales au d\u00e9part de Reykjavik","og_description":"Excursion priv\u00e9e aux aurores bor\u00e9ales au d\u00e9part de Reykjavik et profitez d'une excursion pour attraper les spectaculaires aurores bor\u00e9ales en Islande arctique avec nos guides experts!","og_url":"https:\/\/tourtravelandmore.com\/fr\/tours\/islande-fr\/reykjavik-fr\/excursion-privee-aux-aurores-boreales-au-depart-de-reykjavik\/","og_site_name":"Tour Travel And More","article_publisher":"https:\/\/www.facebook.com\/tourtravelandmore\/","article_modified_time":"2025-05-30T17:19:16+00:00","og_image":[{"width":1280,"height":854,"url":"https:\/\/tourtravelandmore.com\/wp-content\/uploads\/2020\/06\/aurora-borealis-northern-lights-in-iceland-362-small.jpg","type":"image\/jpeg"}],"twitter_card":"summary_large_image","twitter_site":"@TourTravel_More","twitter_misc":{"Dur\u00e9e de lecture estim\u00e9e":"2 minutes"},"schema":{"@context":"https:\/\/schema.org","@graph":[{"@type":"WebPage","@id":"https:\/\/tourtravelandmore.com\/fr\/tours\/islande-fr\/reykjavik-fr\/excursion-privee-aux-aurores-boreales-au-depart-de-reykjavik\/","url":"https:\/\/tourtravelandmore.com\/fr\/tours\/islande-fr\/reykjavik-fr\/excursion-privee-aux-aurores-boreales-au-depart-de-reykjavik\/","name":"Excursion priv\u00e9e aux aurores bor\u00e9ales au d\u00e9part de Reykjavik avec un guide exp\u00e9riment\u00e9","isPartOf":{"@id":"https:\/\/tourtravelandmore.com\/fr\/#website"},"primaryImageOfPage":{"@id":"https:\/\/tourtravelandmore.com\/fr\/tours\/islande-fr\/reykjavik-fr\/excursion-privee-aux-aurores-boreales-au-depart-de-reykjavik\/#primaryimage"},"image":{"@id":"https:\/\/tourtravelandmore.com\/fr\/tours\/islande-fr\/reykjavik-fr\/excursion-privee-aux-aurores-boreales-au-depart-de-reykjavik\/#primaryimage"},"thumbnailUrl":"https:\/\/tourtravelandmore.com\/wp-content\/uploads\/2020\/06\/aurora-borealis-northern-lights-in-iceland-362-small.jpg","datePublished":"2020-06-01T10:54:47+00:00","dateModified":"2025-05-30T17:19:16+00:00","description":"Excursion priv\u00e9e aux aurores bor\u00e9ales au d\u00e9part de Reykjavik et profitez d'une excursion pour attraper les spectaculaires aurores bor\u00e9ales en Islande arctique avec nos guides experts!","breadcrumb":{"@id":"https:\/\/tourtravelandmore.com\/fr\/tours\/islande-fr\/reykjavik-fr\/excursion-privee-aux-aurores-boreales-au-depart-de-reykjavik\/#breadcrumb"},"inLanguage":"fr-FR","potentialAction":[{"@type":"ReadAction","target":["https:\/\/tourtravelandmore.com\/fr\/tours\/islande-fr\/reykjavik-fr\/excursion-privee-aux-aurores-boreales-au-depart-de-reykjavik\/"]}]},{"@type":"ImageObject","inLanguage":"fr-FR","@id":"https:\/\/tourtravelandmore.com\/fr\/tours\/islande-fr\/reykjavik-fr\/excursion-privee-aux-aurores-boreales-au-depart-de-reykjavik\/#primaryimage","url":"https:\/\/tourtravelandmore.com\/wp-content\/uploads\/2020\/06\/aurora-borealis-northern-lights-in-iceland-362-small.jpg","contentUrl":"https:\/\/tourtravelandmore.com\/wp-content\/uploads\/2020\/06\/aurora-borealis-northern-lights-in-iceland-362-small.jpg","width":1280,"height":854},{"@type":"BreadcrumbList","@id":"https:\/\/tourtravelandmore.com\/fr\/tours\/islande-fr\/reykjavik-fr\/excursion-privee-aux-aurores-boreales-au-depart-de-reykjavik\/#breadcrumb","itemListElement":[{"@type":"ListItem","position":1,"name":"Home","item":"https:\/\/tourtravelandmore.com\/fr\/"},{"@type":"ListItem","position":2,"name":"Tours","item":"https:\/\/tourtravelandmore.com\/fr\/tours\/"},{"@type":"ListItem","position":3,"name":"Excursion priv\u00e9e aux aurores bor\u00e9ales au d\u00e9part de Reykjavik"}]},{"@type":"WebSite","@id":"https:\/\/tourtravelandmore.com\/fr\/#website","url":"https:\/\/tourtravelandmore.com\/fr\/","name":"Tour Travel And More","description":"Private sightseeing tours and luxury transfers in Spain","publisher":{"@id":"https:\/\/tourtravelandmore.com\/fr\/#organization"},"potentialAction":[{"@type":"SearchAction","target":{"@type":"EntryPoint","urlTemplate":"https:\/\/tourtravelandmore.com\/fr\/?s={search_term_string}"},"query-input":{"@type":"PropertyValueSpecification","valueRequired":true,"valueName":"search_term_string"}}],"inLanguage":"fr-FR"},{"@type":"Organization","@id":"https:\/\/tourtravelandmore.com\/fr\/#organization","name":"Tour Travel And More","url":"https:\/\/tourtravelandmore.com\/fr\/","logo":{"@type":"ImageObject","inLanguage":"fr-FR","@id":"https:\/\/tourtravelandmore.com\/fr\/#\/schema\/logo\/image\/","url":"https:\/\/tourtravelandmore.com\/wp-content\/uploads\/2022\/12\/cropped-logo-cabecera-new.png","contentUrl":"https:\/\/tourtravelandmore.com\/wp-content\/uploads\/2022\/12\/cropped-logo-cabecera-new.png","width":430,"height":61,"caption":"Tour Travel And More"},"image":{"@id":"https:\/\/tourtravelandmore.com\/fr\/#\/schema\/logo\/image\/"},"sameAs":["https:\/\/www.facebook.com\/tourtravelandmore\/","https:\/\/x.com\/TourTravel_More"]}]}},"_links":{"self":[{"href":"https:\/\/tourtravelandmore.com\/fr\/wp-json\/wp\/v2\/product\/101921","targetHints":{"allow":["GET"]}}],"collection":[{"href":"https:\/\/tourtravelandmore.com\/fr\/wp-json\/wp\/v2\/product"}],"about":[{"href":"https:\/\/tourtravelandmore.com\/fr\/wp-json\/wp\/v2\/types\/product"}],"replies":[{"embeddable":true,"href":"https:\/\/tourtravelandmore.com\/fr\/wp-json\/wp\/v2\/comments?post=101921"}],"wp:featuredmedia":[{"embeddable":true,"href":"https:\/\/tourtravelandmore.com\/fr\/wp-json\/wp\/v2\/media\/97665"}],"wp:attachment":[{"href":"https:\/\/tourtravelandmore.com\/fr\/wp-json\/wp\/v2\/media?parent=101921"}],"wp:term":[{"taxonomy":"product_brand","embeddable":true,"href":"https:\/\/tourtravelandmore.com\/fr\/wp-json\/wp\/v2\/product_brand?post=101921"},{"taxonomy":"product_cat","embeddable":true,"href":"https:\/\/tourtravelandmore.com\/fr\/wp-json\/wp\/v2\/product_cat?post=101921"},{"taxonomy":"product_tag","embeddable":true,"href":"https:\/\/tourtravelandmore.com\/fr\/wp-json\/wp\/v2\/product_tag?post=101921"}],"curies":[{"name":"wp","href":"https:\/\/api.w.org\/{rel}","templated":true}]}}