{"id":101915,"date":"2020-06-01T09:55:36","date_gmt":"2020-06-01T07:55:36","guid":{"rendered":"https:\/\/tourtravelandmore.com\/tours\/non%20class\u00e9\/visite-privee-de-reykjavik\/"},"modified":"2025-05-30T16:30:23","modified_gmt":"2025-05-30T14:30:23","slug":"visite-privee-de-reykjavik","status":"publish","type":"product","link":"https:\/\/tourtravelandmore.com\/fr\/tours\/islande-fr\/reykjavik-fr\/visite-privee-de-reykjavik\/","title":{"rendered":"Visite priv\u00e9e de Reykjavik"},"content":{"rendered":"<h2><b><strong>Visite priv\u00e9e de Reykjavik Description<\/strong><\/b><\/h2>\n<p>L&#8217;Islande est une destination de choix pour les voyageurs alternatifs de nos jours. Gr\u00e2ce \u00e0 ses paysages magnifiques et \u00e0 la bonne r\u00e9putation de sa population, le pays a vu son nombre de visiteurs augmenter. Reykjavik, la capitale, est le premier point de contact avec le pays pour les nouveaux visiteurs. C&#8217;est pourquoi cette visite priv\u00e9e de Reykjavik est id\u00e9ale. La ville est le meilleur point de d\u00e9part pour d\u00e9couvrir le pays. Mais Reykjavik a \u00e9galement une vie culturelle et sociale tr\u00e8s riche \u00e0 offrir. D\u00e9couvrez cette ville merveilleuse avec notre visite de Reykjavik.<\/p>\n<p>Pour cette visite priv\u00e9e de Reykjavik, nous organiserons votre transfert depuis l&#8217;endroit de votre choix \u00e0 Reykjavik.<\/p>\n<h2><b>Visite priv\u00e9e de Reykjavik | Points d&#8217;int\u00e9r\u00eat et sites touristiques<\/b><\/h2>\n<p>Reykjavik est la capitale de l&#8217;Islande et la capitale la plus septentrionale du monde. La ville, qui compte environ 123 000 habitants, a \u00e9t\u00e9 occup\u00e9e pour la premi\u00e8re fois vers 870 apr\u00e8s J.-C. Notre proposition de <b><i>visite priv\u00e9e de Reykjavik<\/i><\/b> dure 3 heures, mais sa dur\u00e9e peut \u00eatre adapt\u00e9e aux int\u00e9r\u00eats de nos clients.<\/p>\n<p>Tout d&#8217;abord, votre chauffeur\/guide priv\u00e9 viendra vous chercher \u00e0 votre h\u00e9bergement \u00e0 Reykjavik. Ensuite, votre visite priv\u00e9e commencera. L&#8217;heure de d\u00e9part est \u00e0 votre convenance, tout comme l&#8217;itin\u00e9raire final, qui est enti\u00e8rement adaptable \u00e0 vos propres int\u00e9r\u00eats. Voici une liste de certains des endroits que vous pourrez visiter lors de votre visite priv\u00e9e de Reykjavik :<\/p>\n<ul>\n<li><b><strong>\u00c9glise Hallgrimskirkja<\/strong><\/b><\/li>\n<li><b><strong>La Perle<\/strong><\/b><\/li>\n<li><b><strong>La vieille ville de Reykjavik (le Parlement Al\u00feingi, des b\u00e2timents du XIXe si\u00e8cle, la maison du gouvernement)<\/strong><\/b><\/li>\n<li><a href=\"https:\/\/en.harpa.is\/\"><b><strong>La salle de concert Harpa<\/strong><\/b><\/a><\/li>\n<li><b><strong>Le port de Reykjavik<\/strong><\/b><\/li>\n<li><b><strong>La maison H\u00f6f\u00f0i (o\u00f9 Reagan et Gorbatchev se sont rencontr\u00e9s pendant la guerre froide)<\/strong><\/b><\/li>\n<li><b><strong>Bessasta\u00f0ir (r\u00e9sidence pr\u00e9sidentielle)<\/strong><\/b><\/li>\n<li><b><strong>Et bien plus encore !<\/strong><\/b><\/li>\n<\/ul>\n<p>Votre chauffeur\/guide (ou un guide s\u00e9par\u00e9, selon votre pr\u00e9f\u00e9rence) sera \u00e0 votre enti\u00e8re disposition pendant votre visite priv\u00e9e. Tous nos guides sont officiels et agr\u00e9\u00e9s, et poss\u00e8dent une longue exp\u00e9rience dans le domaine. Vous pouvez combiner cette visite priv\u00e9e avec une visite du Lagon Bleu.<\/p>\n<p><a href=\"https:\/\/tourtravelandmore.com\/fr\/city\/islande-fr\/reykjavik-fr\/\">D\u00e9couvrez nos offres d&#8217;exp\u00e9riences priv\u00e9es en Islande.<\/a><\/p>\n","protected":false},"excerpt":{"rendered":"<p>Rejoignez-nous pour cette visite priv\u00e9e de la ville de Reykjavik avec un guide officiel priv\u00e9. Profitez de cette occasion pour d\u00e9couvrir l&#8217;histoire, la culture et les particularit\u00e9s de l&#8217;Islande aux c\u00f4t\u00e9s de nos guides experts. Lors de votre visite priv\u00e9e, vous pourrez visiter et conna\u00eetre les lieux les plus embl\u00e9matiques de Reykjavik tels que l&#8217;\u00e9glise Hallgrimskirkja, la perle et bien plus encore!<\/p>\n","protected":false},"featured_media":97661,"comment_status":"open","ping_status":"closed","template":"","meta":{"_acf_changed":false},"product_brand":[],"product_cat":[5526,5527,3713,3719],"product_tag":[],"class_list":{"0":"post-101915","1":"product","2":"type-product","3":"status-publish","4":"has-post-thumbnail","6":"product_cat-all-private-tours-and-activities-fr-13","7":"product_cat-private-sightseeing-tours-fr-47","8":"product_cat-islande-fr","9":"product_cat-reykjavik-fr","11":"first","12":"instock","13":"shipping-taxable","14":"purchasable","15":"product-type-simple"},"acf":[],"yoast_head":"<!-- This site is optimized with the Yoast SEO Premium plugin v25.3.1 (Yoast SEO v25.3.1) - https:\/\/yoast.com\/wordpress\/plugins\/seo\/ -->\n<title>Visite de la ville de Reykjavik avec chauffeur et guide PRIV\u00c9S - Visite priv\u00e9e de Reykjavik<\/title>\n<meta name=\"description\" content=\"D\u00e9couvrez Reykjavik, la capitale la plus septentrionale du monde avec notre visite priv\u00e9e de Reykjavik avec un guide agr\u00e9\u00e9. Visitez la Perle, Hallgr\u00edmskirkja, Harpa ...\" \/>\n<meta name=\"robots\" content=\"index, follow, max-snippet:-1, max-image-preview:large, max-video-preview:-1\" \/>\n<link rel=\"canonical\" href=\"https:\/\/tourtravelandmore.com\/fr\/tours\/islande-fr\/reykjavik-fr\/visite-privee-de-reykjavik\/\" \/>\n<meta property=\"og:locale\" content=\"fr_FR\" \/>\n<meta property=\"og:type\" content=\"article\" \/>\n<meta property=\"og:title\" content=\"Visite priv\u00e9e de Reykjavik\" \/>\n<meta property=\"og:description\" content=\"D\u00e9couvrez Reykjavik, la capitale la plus septentrionale du monde avec notre visite priv\u00e9e de Reykjavik avec un guide agr\u00e9\u00e9. Visitez la Perle, Hallgr\u00edmskirkja, Harpa ...\" \/>\n<meta property=\"og:url\" content=\"https:\/\/tourtravelandmore.com\/fr\/tours\/islande-fr\/reykjavik-fr\/visite-privee-de-reykjavik\/\" \/>\n<meta property=\"og:site_name\" content=\"Tour Travel And More\" \/>\n<meta property=\"article:publisher\" content=\"https:\/\/www.facebook.com\/tourtravelandmore\/\" \/>\n<meta property=\"article:modified_time\" content=\"2025-05-30T14:30:23+00:00\" \/>\n<meta property=\"og:image\" content=\"https:\/\/tourtravelandmore.com\/wp-content\/uploads\/2020\/06\/iceland-reykjavik-hallgrimskirkja-hallgrims-church.jpg\" \/>\n\t<meta property=\"og:image:width\" content=\"910\" \/>\n\t<meta property=\"og:image:height\" content=\"607\" \/>\n\t<meta property=\"og:image:type\" content=\"image\/jpeg\" \/>\n<meta name=\"twitter:card\" content=\"summary_large_image\" \/>\n<meta name=\"twitter:site\" content=\"@TourTravel_More\" \/>\n<meta name=\"twitter:label1\" content=\"Dur\u00e9e de lecture estim\u00e9e\" \/>\n\t<meta name=\"twitter:data1\" content=\"2 minutes\" \/>\n<script type=\"application\/ld+json\" class=\"yoast-schema-graph\">{\"@context\":\"https:\/\/schema.org\",\"@graph\":[{\"@type\":\"WebPage\",\"@id\":\"https:\/\/tourtravelandmore.com\/fr\/tours\/islande-fr\/reykjavik-fr\/visite-privee-de-reykjavik\/\",\"url\":\"https:\/\/tourtravelandmore.com\/fr\/tours\/islande-fr\/reykjavik-fr\/visite-privee-de-reykjavik\/\",\"name\":\"Visite de la ville de Reykjavik avec chauffeur et guide PRIV\u00c9S - Visite priv\u00e9e de Reykjavik\",\"isPartOf\":{\"@id\":\"https:\/\/tourtravelandmore.com\/fr\/#website\"},\"primaryImageOfPage\":{\"@id\":\"https:\/\/tourtravelandmore.com\/fr\/tours\/islande-fr\/reykjavik-fr\/visite-privee-de-reykjavik\/#primaryimage\"},\"image\":{\"@id\":\"https:\/\/tourtravelandmore.com\/fr\/tours\/islande-fr\/reykjavik-fr\/visite-privee-de-reykjavik\/#primaryimage\"},\"thumbnailUrl\":\"https:\/\/tourtravelandmore.com\/wp-content\/uploads\/2020\/06\/iceland-reykjavik-hallgrimskirkja-hallgrims-church.jpg\",\"datePublished\":\"2020-06-01T07:55:36+00:00\",\"dateModified\":\"2025-05-30T14:30:23+00:00\",\"description\":\"D\u00e9couvrez Reykjavik, la capitale la plus septentrionale du monde avec notre visite priv\u00e9e de Reykjavik avec un guide agr\u00e9\u00e9. Visitez la Perle, Hallgr\u00edmskirkja, Harpa ...\",\"breadcrumb\":{\"@id\":\"https:\/\/tourtravelandmore.com\/fr\/tours\/islande-fr\/reykjavik-fr\/visite-privee-de-reykjavik\/#breadcrumb\"},\"inLanguage\":\"fr-FR\",\"potentialAction\":[{\"@type\":\"ReadAction\",\"target\":[\"https:\/\/tourtravelandmore.com\/fr\/tours\/islande-fr\/reykjavik-fr\/visite-privee-de-reykjavik\/\"]}]},{\"@type\":\"ImageObject\",\"inLanguage\":\"fr-FR\",\"@id\":\"https:\/\/tourtravelandmore.com\/fr\/tours\/islande-fr\/reykjavik-fr\/visite-privee-de-reykjavik\/#primaryimage\",\"url\":\"https:\/\/tourtravelandmore.com\/wp-content\/uploads\/2020\/06\/iceland-reykjavik-hallgrimskirkja-hallgrims-church.jpg\",\"contentUrl\":\"https:\/\/tourtravelandmore.com\/wp-content\/uploads\/2020\/06\/iceland-reykjavik-hallgrimskirkja-hallgrims-church.jpg\",\"width\":910,\"height\":607},{\"@type\":\"BreadcrumbList\",\"@id\":\"https:\/\/tourtravelandmore.com\/fr\/tours\/islande-fr\/reykjavik-fr\/visite-privee-de-reykjavik\/#breadcrumb\",\"itemListElement\":[{\"@type\":\"ListItem\",\"position\":1,\"name\":\"Home\",\"item\":\"https:\/\/tourtravelandmore.com\/fr\/\"},{\"@type\":\"ListItem\",\"position\":2,\"name\":\"Tours\",\"item\":\"https:\/\/tourtravelandmore.com\/fr\/tours\/\"},{\"@type\":\"ListItem\",\"position\":3,\"name\":\"Visite priv\u00e9e de Reykjavik\"}]},{\"@type\":\"WebSite\",\"@id\":\"https:\/\/tourtravelandmore.com\/fr\/#website\",\"url\":\"https:\/\/tourtravelandmore.com\/fr\/\",\"name\":\"Tour Travel And More\",\"description\":\"Private sightseeing tours and luxury transfers in Spain\",\"publisher\":{\"@id\":\"https:\/\/tourtravelandmore.com\/fr\/#organization\"},\"potentialAction\":[{\"@type\":\"SearchAction\",\"target\":{\"@type\":\"EntryPoint\",\"urlTemplate\":\"https:\/\/tourtravelandmore.com\/fr\/?s={search_term_string}\"},\"query-input\":{\"@type\":\"PropertyValueSpecification\",\"valueRequired\":true,\"valueName\":\"search_term_string\"}}],\"inLanguage\":\"fr-FR\"},{\"@type\":\"Organization\",\"@id\":\"https:\/\/tourtravelandmore.com\/fr\/#organization\",\"name\":\"Tour Travel And More\",\"url\":\"https:\/\/tourtravelandmore.com\/fr\/\",\"logo\":{\"@type\":\"ImageObject\",\"inLanguage\":\"fr-FR\",\"@id\":\"https:\/\/tourtravelandmore.com\/fr\/#\/schema\/logo\/image\/\",\"url\":\"https:\/\/tourtravelandmore.com\/wp-content\/uploads\/2022\/12\/cropped-logo-cabecera-new.png\",\"contentUrl\":\"https:\/\/tourtravelandmore.com\/wp-content\/uploads\/2022\/12\/cropped-logo-cabecera-new.png\",\"width\":430,\"height\":61,\"caption\":\"Tour Travel And More\"},\"image\":{\"@id\":\"https:\/\/tourtravelandmore.com\/fr\/#\/schema\/logo\/image\/\"},\"sameAs\":[\"https:\/\/www.facebook.com\/tourtravelandmore\/\",\"https:\/\/x.com\/TourTravel_More\"]}]}<\/script>\n<!-- \/ Yoast SEO Premium plugin. -->","yoast_head_json":{"title":"Visite de la ville de Reykjavik avec chauffeur et guide PRIV\u00c9S - Visite priv\u00e9e de Reykjavik","description":"D\u00e9couvrez Reykjavik, la capitale la plus septentrionale du monde avec notre visite priv\u00e9e de Reykjavik avec un guide agr\u00e9\u00e9. Visitez la Perle, Hallgr\u00edmskirkja, Harpa ...","robots":{"index":"index","follow":"follow","max-snippet":"max-snippet:-1","max-image-preview":"max-image-preview:large","max-video-preview":"max-video-preview:-1"},"canonical":"https:\/\/tourtravelandmore.com\/fr\/tours\/islande-fr\/reykjavik-fr\/visite-privee-de-reykjavik\/","og_locale":"fr_FR","og_type":"article","og_title":"Visite priv\u00e9e de Reykjavik","og_description":"D\u00e9couvrez Reykjavik, la capitale la plus septentrionale du monde avec notre visite priv\u00e9e de Reykjavik avec un guide agr\u00e9\u00e9. Visitez la Perle, Hallgr\u00edmskirkja, Harpa ...","og_url":"https:\/\/tourtravelandmore.com\/fr\/tours\/islande-fr\/reykjavik-fr\/visite-privee-de-reykjavik\/","og_site_name":"Tour Travel And More","article_publisher":"https:\/\/www.facebook.com\/tourtravelandmore\/","article_modified_time":"2025-05-30T14:30:23+00:00","og_image":[{"width":910,"height":607,"url":"https:\/\/tourtravelandmore.com\/wp-content\/uploads\/2020\/06\/iceland-reykjavik-hallgrimskirkja-hallgrims-church.jpg","type":"image\/jpeg"}],"twitter_card":"summary_large_image","twitter_site":"@TourTravel_More","twitter_misc":{"Dur\u00e9e de lecture estim\u00e9e":"2 minutes"},"schema":{"@context":"https:\/\/schema.org","@graph":[{"@type":"WebPage","@id":"https:\/\/tourtravelandmore.com\/fr\/tours\/islande-fr\/reykjavik-fr\/visite-privee-de-reykjavik\/","url":"https:\/\/tourtravelandmore.com\/fr\/tours\/islande-fr\/reykjavik-fr\/visite-privee-de-reykjavik\/","name":"Visite de la ville de Reykjavik avec chauffeur et guide PRIV\u00c9S - Visite priv\u00e9e de Reykjavik","isPartOf":{"@id":"https:\/\/tourtravelandmore.com\/fr\/#website"},"primaryImageOfPage":{"@id":"https:\/\/tourtravelandmore.com\/fr\/tours\/islande-fr\/reykjavik-fr\/visite-privee-de-reykjavik\/#primaryimage"},"image":{"@id":"https:\/\/tourtravelandmore.com\/fr\/tours\/islande-fr\/reykjavik-fr\/visite-privee-de-reykjavik\/#primaryimage"},"thumbnailUrl":"https:\/\/tourtravelandmore.com\/wp-content\/uploads\/2020\/06\/iceland-reykjavik-hallgrimskirkja-hallgrims-church.jpg","datePublished":"2020-06-01T07:55:36+00:00","dateModified":"2025-05-30T14:30:23+00:00","description":"D\u00e9couvrez Reykjavik, la capitale la plus septentrionale du monde avec notre visite priv\u00e9e de Reykjavik avec un guide agr\u00e9\u00e9. Visitez la Perle, Hallgr\u00edmskirkja, Harpa ...","breadcrumb":{"@id":"https:\/\/tourtravelandmore.com\/fr\/tours\/islande-fr\/reykjavik-fr\/visite-privee-de-reykjavik\/#breadcrumb"},"inLanguage":"fr-FR","potentialAction":[{"@type":"ReadAction","target":["https:\/\/tourtravelandmore.com\/fr\/tours\/islande-fr\/reykjavik-fr\/visite-privee-de-reykjavik\/"]}]},{"@type":"ImageObject","inLanguage":"fr-FR","@id":"https:\/\/tourtravelandmore.com\/fr\/tours\/islande-fr\/reykjavik-fr\/visite-privee-de-reykjavik\/#primaryimage","url":"https:\/\/tourtravelandmore.com\/wp-content\/uploads\/2020\/06\/iceland-reykjavik-hallgrimskirkja-hallgrims-church.jpg","contentUrl":"https:\/\/tourtravelandmore.com\/wp-content\/uploads\/2020\/06\/iceland-reykjavik-hallgrimskirkja-hallgrims-church.jpg","width":910,"height":607},{"@type":"BreadcrumbList","@id":"https:\/\/tourtravelandmore.com\/fr\/tours\/islande-fr\/reykjavik-fr\/visite-privee-de-reykjavik\/#breadcrumb","itemListElement":[{"@type":"ListItem","position":1,"name":"Home","item":"https:\/\/tourtravelandmore.com\/fr\/"},{"@type":"ListItem","position":2,"name":"Tours","item":"https:\/\/tourtravelandmore.com\/fr\/tours\/"},{"@type":"ListItem","position":3,"name":"Visite priv\u00e9e de Reykjavik"}]},{"@type":"WebSite","@id":"https:\/\/tourtravelandmore.com\/fr\/#website","url":"https:\/\/tourtravelandmore.com\/fr\/","name":"Tour Travel And More","description":"Private sightseeing tours and luxury transfers in Spain","publisher":{"@id":"https:\/\/tourtravelandmore.com\/fr\/#organization"},"potentialAction":[{"@type":"SearchAction","target":{"@type":"EntryPoint","urlTemplate":"https:\/\/tourtravelandmore.com\/fr\/?s={search_term_string}"},"query-input":{"@type":"PropertyValueSpecification","valueRequired":true,"valueName":"search_term_string"}}],"inLanguage":"fr-FR"},{"@type":"Organization","@id":"https:\/\/tourtravelandmore.com\/fr\/#organization","name":"Tour Travel And More","url":"https:\/\/tourtravelandmore.com\/fr\/","logo":{"@type":"ImageObject","inLanguage":"fr-FR","@id":"https:\/\/tourtravelandmore.com\/fr\/#\/schema\/logo\/image\/","url":"https:\/\/tourtravelandmore.com\/wp-content\/uploads\/2022\/12\/cropped-logo-cabecera-new.png","contentUrl":"https:\/\/tourtravelandmore.com\/wp-content\/uploads\/2022\/12\/cropped-logo-cabecera-new.png","width":430,"height":61,"caption":"Tour Travel And More"},"image":{"@id":"https:\/\/tourtravelandmore.com\/fr\/#\/schema\/logo\/image\/"},"sameAs":["https:\/\/www.facebook.com\/tourtravelandmore\/","https:\/\/x.com\/TourTravel_More"]}]}},"_links":{"self":[{"href":"https:\/\/tourtravelandmore.com\/fr\/wp-json\/wp\/v2\/product\/101915","targetHints":{"allow":["GET"]}}],"collection":[{"href":"https:\/\/tourtravelandmore.com\/fr\/wp-json\/wp\/v2\/product"}],"about":[{"href":"https:\/\/tourtravelandmore.com\/fr\/wp-json\/wp\/v2\/types\/product"}],"replies":[{"embeddable":true,"href":"https:\/\/tourtravelandmore.com\/fr\/wp-json\/wp\/v2\/comments?post=101915"}],"wp:featuredmedia":[{"embeddable":true,"href":"https:\/\/tourtravelandmore.com\/fr\/wp-json\/wp\/v2\/media\/97661"}],"wp:attachment":[{"href":"https:\/\/tourtravelandmore.com\/fr\/wp-json\/wp\/v2\/media?parent=101915"}],"wp:term":[{"taxonomy":"product_brand","embeddable":true,"href":"https:\/\/tourtravelandmore.com\/fr\/wp-json\/wp\/v2\/product_brand?post=101915"},{"taxonomy":"product_cat","embeddable":true,"href":"https:\/\/tourtravelandmore.com\/fr\/wp-json\/wp\/v2\/product_cat?post=101915"},{"taxonomy":"product_tag","embeddable":true,"href":"https:\/\/tourtravelandmore.com\/fr\/wp-json\/wp\/v2\/product_tag?post=101915"}],"curies":[{"name":"wp","href":"https:\/\/api.w.org\/{rel}","templated":true}]}}