{"id":101909,"date":"2020-05-27T13:14:38","date_gmt":"2020-05-27T11:14:38","guid":{"rendered":"https:\/\/tourtravelandmore.com\/tours\/non%20class\u00e9\/visite-privee-du-cercle-dor-au-depart-de-reykjavik\/"},"modified":"2025-05-29T21:46:27","modified_gmt":"2025-05-29T19:46:27","slug":"visite-privee-du-cercle-dor-au-depart-de-reykjavik","status":"publish","type":"product","link":"https:\/\/tourtravelandmore.com\/fr\/tours\/islande-fr\/reykjavik-fr\/visite-privee-du-cercle-dor-au-depart-de-reykjavik\/","title":{"rendered":"Visite priv\u00e9e du cercle d&#8217;or au d\u00e9part de Reykjavik"},"content":{"rendered":"<h2>Visite priv\u00e9e du Cercle d&#8217;Or au d\u00e9part de Reykjavik Description<\/h2>\n<p>L&#8217;Islande figure sur la liste des destinations \u00e0 visiter absolument de la plupart des voyageurs depuis quelques ann\u00e9es. L&#8217;une des principales raisons est la possibilit\u00e9 de profiter d&#8217;une visite priv\u00e9e du Cercle d&#8217;Or au d\u00e9part de Reykjavik. Gr\u00e2ce \u00e0 ses paysages spectaculaires et dramatiques, le pays attire de nombreux nouveaux visiteurs. La plupart d&#8217;entre eux tombent amoureux de l&#8217;Islande et recommandent de la visiter. Par exemple, l&#8217;un des itin\u00e9raires les plus visit\u00e9s est le circuit du Cercle d&#8217;Or islandais. Cet itin\u00e9raire peut \u00eatre effectu\u00e9 lors d&#8217;une excursion d&#8217;une journ\u00e9e au d\u00e9part de Reykjav\u00edk.<\/p>\n<p>Pour cette visite priv\u00e9e, nous organiserons une prise en charge rapide et facile \u00e0 l&#8217;endroit de votre choix dans la ville ou ses environs.<\/p>\n<h2><b>Visite priv\u00e9e du Cercle d&#8217;Or au d\u00e9part de Reykjavik | Points d&#8217;int\u00e9r\u00eat et sites touristiques<\/b><\/h2>\n<p>Le Cercle d&#8217;Or est l&#8217;un des itin\u00e9raires touristiques les plus connus d&#8217;Islande. Cet itin\u00e9raire est id\u00e9al pour les visiteurs qui souhaitent d\u00e9couvrir la puissance et la beaut\u00e9 de ses paysages de pr\u00e8s. Pr\u00e9parez-vous \u00e0 visiter certains des sites naturels les plus spectaculaires et les plus \u00e9poustouflants du monde. Notre proposition de <b><i>visite priv\u00e9e du Cercle d&#8217;Or au d\u00e9part de Reykjavik<\/i><\/b> dure 9 heures et couvre certains des plus beaux endroits d&#8217;Islande.<\/p>\n<p>Tout d&#8217;abord, votre chauffeur\/guide priv\u00e9 viendra vous chercher \u00e0 l&#8217;endroit de votre choix \u00e0 Reykjavik. Ensuite, votre visite priv\u00e9e commencera. L&#8217;heure de d\u00e9part est modulable selon vos envies. L&#8217;itin\u00e9raire final est enti\u00e8rement adaptable \u00e0 vos centres d&#8217;int\u00e9r\u00eat, mais voici une liste de certains des endroits que vous pourrez visiter lors de votre visite priv\u00e9e du Cercle d&#8217;Or :<\/p>\n<ul>\n<li><b><strong>Les volcans Nesjavellir et Hengill (champs g\u00e9othermiques)<\/strong><\/b><\/li>\n<li><b><strong>Le parc national de Thingvellir<\/strong><\/b><\/li>\n<li><b><strong>Les chutes de Gullfoss (chutes d&#8217;or)<\/strong><\/b><\/li>\n<li><b><strong>La zone des sources chaudes de Geysir<\/strong><\/b><\/li>\n<li><b><strong>Le geyser Strokkur qui projette de l&#8217;eau bouillante \u00e0 25-30 m\u00e8tres de hauteur toutes les 5\/10 minutes.<\/strong><\/b><\/li>\n<li><b><strong>Le crat\u00e8re volcanique de Kerid (entr\u00e9e incluse)<\/strong><\/b><\/li>\n<\/ul>\n<p>Votre chauffeur\/guide (ou un guide s\u00e9par\u00e9 si vous le pr\u00e9f\u00e9rez) sera \u00e0 votre enti\u00e8re disposition pendant toute la dur\u00e9e de la visite.<\/p>\n<p>Tous nos guides sont officiels et agr\u00e9\u00e9s, et poss\u00e8dent une longue et vaste exp\u00e9rience. Vous disposerez bien s\u00fbr de temps libre pour d\u00e9jeuner pendant la visite. Cette visite priv\u00e9e du Cercle d&#8217;Or au d\u00e9part de Reykjavik est une exp\u00e9rience unique \u00e0 vivre !<\/p>\n<p><a href=\"https:\/\/tourtravelandmore.com\/fr\/city\/islande-fr\/reykjavik-en\/\">D\u00e9couvrez nos autres visites priv\u00e9es en Islande ici !<\/a><\/p>\n","protected":false},"excerpt":{"rendered":"<p>Profitez de vos journ\u00e9es \u00e0 Reykjavik et profitez de cette excursion priv\u00e9e personnalisable au Cercle d&#8217;Or d&#8217;Islande et d\u00e9couvrez certains des plus beaux paysages d&#8217;Islande. Profitez de cette occasion pour d\u00e9couvrir cette magnifique r\u00e9gion avec un guide local et exp\u00e9riment\u00e9. Cette visite priv\u00e9e couvre trois des principaux sites d&#8217;Islande: le parc national de \u00deingvellir, les cascades de Gullfoss et les geysers.<\/p>\n<p>&nbsp;<\/p>\n","protected":false},"featured_media":97649,"comment_status":"open","ping_status":"closed","template":"","meta":{"_acf_changed":false},"product_brand":[],"product_cat":[5526,5528,3713,3719],"product_tag":[],"class_list":{"0":"post-101909","1":"product","2":"type-product","3":"status-publish","4":"has-post-thumbnail","6":"product_cat-all-private-tours-and-activities-fr-13","7":"product_cat-private-excursions","8":"product_cat-islande-fr","9":"product_cat-reykjavik-fr","11":"first","12":"instock","13":"shipping-taxable","14":"purchasable","15":"product-type-simple"},"acf":[],"yoast_head":"<!-- This site is optimized with the Yoast SEO Premium plugin v25.3.1 (Yoast SEO v25.3.1) - https:\/\/yoast.com\/wordpress\/plugins\/seo\/ -->\n<title>Visite priv\u00e9e du Cercle d&#039;Or au d\u00e9part de Reykjavik avec chauffeur et guide PRIV\u00c9S<\/title>\n<meta name=\"description\" content=\"D\u00e9couvrez certains des sites naturels les plus \u00e9poustouflants d&#039;Islande lors de cette visite priv\u00e9e du Cercle d&#039;or au d\u00e9part de Reykjavik avec un guide local.\" \/>\n<meta name=\"robots\" content=\"index, follow, max-snippet:-1, max-image-preview:large, max-video-preview:-1\" \/>\n<link rel=\"canonical\" href=\"https:\/\/tourtravelandmore.com\/fr\/tours\/islande-fr\/reykjavik-fr\/visite-privee-du-cercle-dor-au-depart-de-reykjavik\/\" \/>\n<meta property=\"og:locale\" content=\"fr_FR\" \/>\n<meta property=\"og:type\" content=\"article\" \/>\n<meta property=\"og:title\" content=\"Visite priv\u00e9e du cercle d&#039;or au d\u00e9part de Reykjavik\" \/>\n<meta property=\"og:description\" content=\"D\u00e9couvrez certains des sites naturels les plus \u00e9poustouflants d&#039;Islande lors de cette visite priv\u00e9e du Cercle d&#039;or au d\u00e9part de Reykjavik avec un guide local.\" \/>\n<meta property=\"og:url\" content=\"https:\/\/tourtravelandmore.com\/fr\/tours\/islande-fr\/reykjavik-fr\/visite-privee-du-cercle-dor-au-depart-de-reykjavik\/\" \/>\n<meta property=\"og:site_name\" content=\"Tour Travel And More\" \/>\n<meta property=\"article:publisher\" content=\"https:\/\/www.facebook.com\/tourtravelandmore\/\" \/>\n<meta property=\"article:modified_time\" content=\"2025-05-29T19:46:27+00:00\" \/>\n<meta property=\"og:image\" content=\"https:\/\/tourtravelandmore.com\/wp-content\/uploads\/2020\/05\/Gullfoss3.jpg\" \/>\n\t<meta property=\"og:image:width\" content=\"1024\" \/>\n\t<meta property=\"og:image:height\" content=\"753\" \/>\n\t<meta property=\"og:image:type\" content=\"image\/jpeg\" \/>\n<meta name=\"twitter:card\" content=\"summary_large_image\" \/>\n<meta name=\"twitter:site\" content=\"@TourTravel_More\" \/>\n<meta name=\"twitter:label1\" content=\"Dur\u00e9e de lecture estim\u00e9e\" \/>\n\t<meta name=\"twitter:data1\" content=\"2 minutes\" \/>\n<script type=\"application\/ld+json\" class=\"yoast-schema-graph\">{\"@context\":\"https:\/\/schema.org\",\"@graph\":[{\"@type\":\"WebPage\",\"@id\":\"https:\/\/tourtravelandmore.com\/fr\/tours\/islande-fr\/reykjavik-fr\/visite-privee-du-cercle-dor-au-depart-de-reykjavik\/\",\"url\":\"https:\/\/tourtravelandmore.com\/fr\/tours\/islande-fr\/reykjavik-fr\/visite-privee-du-cercle-dor-au-depart-de-reykjavik\/\",\"name\":\"Visite priv\u00e9e du Cercle d'Or au d\u00e9part de Reykjavik avec chauffeur et guide PRIV\u00c9S\",\"isPartOf\":{\"@id\":\"https:\/\/tourtravelandmore.com\/fr\/#website\"},\"primaryImageOfPage\":{\"@id\":\"https:\/\/tourtravelandmore.com\/fr\/tours\/islande-fr\/reykjavik-fr\/visite-privee-du-cercle-dor-au-depart-de-reykjavik\/#primaryimage\"},\"image\":{\"@id\":\"https:\/\/tourtravelandmore.com\/fr\/tours\/islande-fr\/reykjavik-fr\/visite-privee-du-cercle-dor-au-depart-de-reykjavik\/#primaryimage\"},\"thumbnailUrl\":\"https:\/\/tourtravelandmore.com\/wp-content\/uploads\/2020\/05\/Gullfoss3.jpg\",\"datePublished\":\"2020-05-27T11:14:38+00:00\",\"dateModified\":\"2025-05-29T19:46:27+00:00\",\"description\":\"D\u00e9couvrez certains des sites naturels les plus \u00e9poustouflants d'Islande lors de cette visite priv\u00e9e du Cercle d'or au d\u00e9part de Reykjavik avec un guide local.\",\"breadcrumb\":{\"@id\":\"https:\/\/tourtravelandmore.com\/fr\/tours\/islande-fr\/reykjavik-fr\/visite-privee-du-cercle-dor-au-depart-de-reykjavik\/#breadcrumb\"},\"inLanguage\":\"fr-FR\",\"potentialAction\":[{\"@type\":\"ReadAction\",\"target\":[\"https:\/\/tourtravelandmore.com\/fr\/tours\/islande-fr\/reykjavik-fr\/visite-privee-du-cercle-dor-au-depart-de-reykjavik\/\"]}]},{\"@type\":\"ImageObject\",\"inLanguage\":\"fr-FR\",\"@id\":\"https:\/\/tourtravelandmore.com\/fr\/tours\/islande-fr\/reykjavik-fr\/visite-privee-du-cercle-dor-au-depart-de-reykjavik\/#primaryimage\",\"url\":\"https:\/\/tourtravelandmore.com\/wp-content\/uploads\/2020\/05\/Gullfoss3.jpg\",\"contentUrl\":\"https:\/\/tourtravelandmore.com\/wp-content\/uploads\/2020\/05\/Gullfoss3.jpg\",\"width\":1024,\"height\":753},{\"@type\":\"BreadcrumbList\",\"@id\":\"https:\/\/tourtravelandmore.com\/fr\/tours\/islande-fr\/reykjavik-fr\/visite-privee-du-cercle-dor-au-depart-de-reykjavik\/#breadcrumb\",\"itemListElement\":[{\"@type\":\"ListItem\",\"position\":1,\"name\":\"Home\",\"item\":\"https:\/\/tourtravelandmore.com\/fr\/\"},{\"@type\":\"ListItem\",\"position\":2,\"name\":\"Tours\",\"item\":\"https:\/\/tourtravelandmore.com\/fr\/tours\/\"},{\"@type\":\"ListItem\",\"position\":3,\"name\":\"Visite priv\u00e9e du cercle d&#8217;or au d\u00e9part de Reykjavik\"}]},{\"@type\":\"WebSite\",\"@id\":\"https:\/\/tourtravelandmore.com\/fr\/#website\",\"url\":\"https:\/\/tourtravelandmore.com\/fr\/\",\"name\":\"Tour Travel And More\",\"description\":\"Private sightseeing tours and luxury transfers in Spain\",\"publisher\":{\"@id\":\"https:\/\/tourtravelandmore.com\/fr\/#organization\"},\"potentialAction\":[{\"@type\":\"SearchAction\",\"target\":{\"@type\":\"EntryPoint\",\"urlTemplate\":\"https:\/\/tourtravelandmore.com\/fr\/?s={search_term_string}\"},\"query-input\":{\"@type\":\"PropertyValueSpecification\",\"valueRequired\":true,\"valueName\":\"search_term_string\"}}],\"inLanguage\":\"fr-FR\"},{\"@type\":\"Organization\",\"@id\":\"https:\/\/tourtravelandmore.com\/fr\/#organization\",\"name\":\"Tour Travel And More\",\"url\":\"https:\/\/tourtravelandmore.com\/fr\/\",\"logo\":{\"@type\":\"ImageObject\",\"inLanguage\":\"fr-FR\",\"@id\":\"https:\/\/tourtravelandmore.com\/fr\/#\/schema\/logo\/image\/\",\"url\":\"https:\/\/tourtravelandmore.com\/wp-content\/uploads\/2022\/12\/cropped-logo-cabecera-new.png\",\"contentUrl\":\"https:\/\/tourtravelandmore.com\/wp-content\/uploads\/2022\/12\/cropped-logo-cabecera-new.png\",\"width\":430,\"height\":61,\"caption\":\"Tour Travel And More\"},\"image\":{\"@id\":\"https:\/\/tourtravelandmore.com\/fr\/#\/schema\/logo\/image\/\"},\"sameAs\":[\"https:\/\/www.facebook.com\/tourtravelandmore\/\",\"https:\/\/x.com\/TourTravel_More\"]}]}<\/script>\n<!-- \/ Yoast SEO Premium plugin. -->","yoast_head_json":{"title":"Visite priv\u00e9e du Cercle d'Or au d\u00e9part de Reykjavik avec chauffeur et guide PRIV\u00c9S","description":"D\u00e9couvrez certains des sites naturels les plus \u00e9poustouflants d'Islande lors de cette visite priv\u00e9e du Cercle d'or au d\u00e9part de Reykjavik avec un guide local.","robots":{"index":"index","follow":"follow","max-snippet":"max-snippet:-1","max-image-preview":"max-image-preview:large","max-video-preview":"max-video-preview:-1"},"canonical":"https:\/\/tourtravelandmore.com\/fr\/tours\/islande-fr\/reykjavik-fr\/visite-privee-du-cercle-dor-au-depart-de-reykjavik\/","og_locale":"fr_FR","og_type":"article","og_title":"Visite priv\u00e9e du cercle d'or au d\u00e9part de Reykjavik","og_description":"D\u00e9couvrez certains des sites naturels les plus \u00e9poustouflants d'Islande lors de cette visite priv\u00e9e du Cercle d'or au d\u00e9part de Reykjavik avec un guide local.","og_url":"https:\/\/tourtravelandmore.com\/fr\/tours\/islande-fr\/reykjavik-fr\/visite-privee-du-cercle-dor-au-depart-de-reykjavik\/","og_site_name":"Tour Travel And More","article_publisher":"https:\/\/www.facebook.com\/tourtravelandmore\/","article_modified_time":"2025-05-29T19:46:27+00:00","og_image":[{"width":1024,"height":753,"url":"https:\/\/tourtravelandmore.com\/wp-content\/uploads\/2020\/05\/Gullfoss3.jpg","type":"image\/jpeg"}],"twitter_card":"summary_large_image","twitter_site":"@TourTravel_More","twitter_misc":{"Dur\u00e9e de lecture estim\u00e9e":"2 minutes"},"schema":{"@context":"https:\/\/schema.org","@graph":[{"@type":"WebPage","@id":"https:\/\/tourtravelandmore.com\/fr\/tours\/islande-fr\/reykjavik-fr\/visite-privee-du-cercle-dor-au-depart-de-reykjavik\/","url":"https:\/\/tourtravelandmore.com\/fr\/tours\/islande-fr\/reykjavik-fr\/visite-privee-du-cercle-dor-au-depart-de-reykjavik\/","name":"Visite priv\u00e9e du Cercle d'Or au d\u00e9part de Reykjavik avec chauffeur et guide PRIV\u00c9S","isPartOf":{"@id":"https:\/\/tourtravelandmore.com\/fr\/#website"},"primaryImageOfPage":{"@id":"https:\/\/tourtravelandmore.com\/fr\/tours\/islande-fr\/reykjavik-fr\/visite-privee-du-cercle-dor-au-depart-de-reykjavik\/#primaryimage"},"image":{"@id":"https:\/\/tourtravelandmore.com\/fr\/tours\/islande-fr\/reykjavik-fr\/visite-privee-du-cercle-dor-au-depart-de-reykjavik\/#primaryimage"},"thumbnailUrl":"https:\/\/tourtravelandmore.com\/wp-content\/uploads\/2020\/05\/Gullfoss3.jpg","datePublished":"2020-05-27T11:14:38+00:00","dateModified":"2025-05-29T19:46:27+00:00","description":"D\u00e9couvrez certains des sites naturels les plus \u00e9poustouflants d'Islande lors de cette visite priv\u00e9e du Cercle d'or au d\u00e9part de Reykjavik avec un guide local.","breadcrumb":{"@id":"https:\/\/tourtravelandmore.com\/fr\/tours\/islande-fr\/reykjavik-fr\/visite-privee-du-cercle-dor-au-depart-de-reykjavik\/#breadcrumb"},"inLanguage":"fr-FR","potentialAction":[{"@type":"ReadAction","target":["https:\/\/tourtravelandmore.com\/fr\/tours\/islande-fr\/reykjavik-fr\/visite-privee-du-cercle-dor-au-depart-de-reykjavik\/"]}]},{"@type":"ImageObject","inLanguage":"fr-FR","@id":"https:\/\/tourtravelandmore.com\/fr\/tours\/islande-fr\/reykjavik-fr\/visite-privee-du-cercle-dor-au-depart-de-reykjavik\/#primaryimage","url":"https:\/\/tourtravelandmore.com\/wp-content\/uploads\/2020\/05\/Gullfoss3.jpg","contentUrl":"https:\/\/tourtravelandmore.com\/wp-content\/uploads\/2020\/05\/Gullfoss3.jpg","width":1024,"height":753},{"@type":"BreadcrumbList","@id":"https:\/\/tourtravelandmore.com\/fr\/tours\/islande-fr\/reykjavik-fr\/visite-privee-du-cercle-dor-au-depart-de-reykjavik\/#breadcrumb","itemListElement":[{"@type":"ListItem","position":1,"name":"Home","item":"https:\/\/tourtravelandmore.com\/fr\/"},{"@type":"ListItem","position":2,"name":"Tours","item":"https:\/\/tourtravelandmore.com\/fr\/tours\/"},{"@type":"ListItem","position":3,"name":"Visite priv\u00e9e du cercle d&#8217;or au d\u00e9part de Reykjavik"}]},{"@type":"WebSite","@id":"https:\/\/tourtravelandmore.com\/fr\/#website","url":"https:\/\/tourtravelandmore.com\/fr\/","name":"Tour Travel And More","description":"Private sightseeing tours and luxury transfers in Spain","publisher":{"@id":"https:\/\/tourtravelandmore.com\/fr\/#organization"},"potentialAction":[{"@type":"SearchAction","target":{"@type":"EntryPoint","urlTemplate":"https:\/\/tourtravelandmore.com\/fr\/?s={search_term_string}"},"query-input":{"@type":"PropertyValueSpecification","valueRequired":true,"valueName":"search_term_string"}}],"inLanguage":"fr-FR"},{"@type":"Organization","@id":"https:\/\/tourtravelandmore.com\/fr\/#organization","name":"Tour Travel And More","url":"https:\/\/tourtravelandmore.com\/fr\/","logo":{"@type":"ImageObject","inLanguage":"fr-FR","@id":"https:\/\/tourtravelandmore.com\/fr\/#\/schema\/logo\/image\/","url":"https:\/\/tourtravelandmore.com\/wp-content\/uploads\/2022\/12\/cropped-logo-cabecera-new.png","contentUrl":"https:\/\/tourtravelandmore.com\/wp-content\/uploads\/2022\/12\/cropped-logo-cabecera-new.png","width":430,"height":61,"caption":"Tour Travel And More"},"image":{"@id":"https:\/\/tourtravelandmore.com\/fr\/#\/schema\/logo\/image\/"},"sameAs":["https:\/\/www.facebook.com\/tourtravelandmore\/","https:\/\/x.com\/TourTravel_More"]}]}},"_links":{"self":[{"href":"https:\/\/tourtravelandmore.com\/fr\/wp-json\/wp\/v2\/product\/101909","targetHints":{"allow":["GET"]}}],"collection":[{"href":"https:\/\/tourtravelandmore.com\/fr\/wp-json\/wp\/v2\/product"}],"about":[{"href":"https:\/\/tourtravelandmore.com\/fr\/wp-json\/wp\/v2\/types\/product"}],"replies":[{"embeddable":true,"href":"https:\/\/tourtravelandmore.com\/fr\/wp-json\/wp\/v2\/comments?post=101909"}],"wp:featuredmedia":[{"embeddable":true,"href":"https:\/\/tourtravelandmore.com\/fr\/wp-json\/wp\/v2\/media\/97649"}],"wp:attachment":[{"href":"https:\/\/tourtravelandmore.com\/fr\/wp-json\/wp\/v2\/media?parent=101909"}],"wp:term":[{"taxonomy":"product_brand","embeddable":true,"href":"https:\/\/tourtravelandmore.com\/fr\/wp-json\/wp\/v2\/product_brand?post=101909"},{"taxonomy":"product_cat","embeddable":true,"href":"https:\/\/tourtravelandmore.com\/fr\/wp-json\/wp\/v2\/product_cat?post=101909"},{"taxonomy":"product_tag","embeddable":true,"href":"https:\/\/tourtravelandmore.com\/fr\/wp-json\/wp\/v2\/product_tag?post=101909"}],"curies":[{"name":"wp","href":"https:\/\/api.w.org\/{rel}","templated":true}]}}