{"id":101901,"date":"2021-01-28T14:22:38","date_gmt":"2021-01-28T13:22:38","guid":{"rendered":"https:\/\/tourtravelandmore.com\/tours\/non%20class\u00e9\/visite-privee-de-la-vallee-de-la-yarra-au-depart-de-melbourne-montgolfiere-et-degustation-de-vin\/"},"modified":"2022-10-25T16:29:34","modified_gmt":"2022-10-25T14:29:34","slug":"visite-privee-de-la-vallee-de-la-yarra-au-depart-de-melbourne-montgolfiere-et-degustation-de-vin","status":"publish","type":"product","link":"https:\/\/tourtravelandmore.com\/fr\/tours\/australie-fr\/melbourne-fr\/visite-privee-de-la-vallee-de-la-yarra-au-depart-de-melbourne-montgolfiere-et-degustation-de-vin\/","title":{"rendered":"Visite priv\u00e9e de la vall\u00e9e de la Yarra au d\u00e9part de Melbourne: montgolfi\u00e8re et d\u00e9gustation de vin"},"content":{"rendered":"<h2>Description<\/h2>\n<p>D\u00e9couvrez la <strong>vall\u00e9e de la Yarra<\/strong> et explorez l&#8217;une des plus belles r\u00e9gions viticoles <strong>d&#8217;Australie<\/strong>. Visitez ses portes de cave et d\u00e9gustez ses d\u00e9licieux produits locaux. Vous profiterez \u00e9galement de l&#8217;exp\u00e9rience inoubliable de profiter d&#8217;un vol en montgolfi\u00e8re \u00e0 travers la vall\u00e9e. Profitez de notre<strong> visite priv\u00e9e sur mesure de la vall\u00e9e de la Yarra au d\u00e9part de <a href=\"https:\/\/es.wikipedia.org\/wiki\/Melbourne\">Melbourne<\/a><\/strong> \u00e0 c\u00f4t\u00e9 d&#8217;un guide local.<\/p>\n<p>Tout d&#8217;abord, votre chauffeur et votre guide viendront vous chercher <strong>\u00e0 l&#8217;endroit souhait\u00e9 dans la ville.<\/strong> La prise en charge peut \u00eatre organis\u00e9e dans votre h\u00f4tel, appartement ou lieu souhait\u00e9 \u00e0 Melbourne. Apr\u00e8s cela, vous commencerez votre route vers la vall\u00e9e de Yarra. Pr\u00e9parez-vous t\u00f4t pour profiter et admirer un magnifique lever de soleil depuis le sommet, dans votre montgolfi\u00e8re.<\/p>\n<p>Au cours de votre visite, vous pourrez voir le magnifique paysage de la r\u00e9gion et visiter certains des meilleurs vignobles de la vall\u00e9e. Si vous souhaitez visiter une cave ou un site particulier de la r\u00e9gion, n&#8217;h\u00e9sitez pas \u00e0 nous contacter. N&#8217;oubliez pas que nos circuits sont 100% sur mesure et adaptables \u00e0 vos d\u00e9sirs personnels.<\/p>\n<h2>Sites d&#8217;int\u00e9r\u00eat et points de rep\u00e8re<\/h2>\n<p>La <strong>vall\u00e9e de la Yarra<\/strong> est reconnue comme l&#8217;une des premi\u00e8res r\u00e9gions viticoles du monde avec plus de 80 portes de cave sensationnelles, de superbes restaurants servant des produits frais r\u00e9gionaux, un h\u00e9bergement de luxe, des paysages embl\u00e9matiques et des \u0153uvres d&#8217;art \u00e9poustouflantes.<\/p>\n<p>Une fois que votre chauffeur \/ guide est venu vous chercher t\u00f4t le matin, vous commencerez \u00e0 vous diriger vers la magnifique <strong>vall\u00e9e de Yarra.<\/strong> Une fois arriv\u00e9 sur place, tout sera pr\u00eat pour vous, avant d&#8217;apprendre les principales r\u00e8gles de s\u00e9curit\u00e9 du vol, pour sauter dans votre montgolfi\u00e8re. Une fois en haut, vous profiterez d&#8217;une vue imprenable sur les montagnes environnantes. Deuxi\u00e8mement, apr\u00e8s avoir profit\u00e9 de votre exp\u00e9rience en montgolfi\u00e8re, vous porterez un toast avec un vin mousseux local et un petit-d\u00e9jeuner dans une cave voisine.<\/p>\n<p>Apr\u00e8s cela, vous commencerez \u00e0 visiter certains des meilleurs vignobles de la r\u00e9gion. Nous organiserons des visites guid\u00e9es et des d\u00e9gustations dans certains des meilleurs vignobles de la vall\u00e9e. Nous pouvons \u00e9galement organiser un d\u00e9jeuner local pour vous dans l&#8217;un des nombreux restaurants de la r\u00e9gion, avant de retourner \u00e0 Melbourne.<\/p>\n<p>Votre chauffeur \/ guide priv\u00e9 veillera \u00e0 ce que vous passiez un moment merveilleux lors de votre visite priv\u00e9e de la vall\u00e9e de la Yarra au d\u00e9part de Melbourne. Les sites \u00e0 visiter sont modulables en fonction de vos int\u00e9r\u00eats personnels. En conclusion, contactez-nous pour une exp\u00e9rience sur mesure. Nous proposons de nombreuses autres visites au d\u00e9part de Melbourne, vous pouvez consulter notre site Web.<\/p>\n","protected":false},"excerpt":{"rendered":"<p>Profitez d&#8217;une journ\u00e9e inoubliable dans la magnifique vall\u00e9e de Yarra. D\u00e9couvrez la vall\u00e9e du haut en montgolfi\u00e8re et visitez les meilleurs vignobles de la r\u00e9gion.<\/p>\n","protected":false},"featured_media":92520,"comment_status":"open","ping_status":"closed","template":"","meta":{"_acf_changed":false},"product_brand":[],"product_cat":[3714,3718],"product_tag":[],"class_list":{"0":"post-101901","1":"product","2":"type-product","3":"status-publish","4":"has-post-thumbnail","6":"product_cat-australie-fr","7":"product_cat-melbourne-fr","9":"first","10":"instock","11":"shipping-taxable","12":"purchasable","13":"product-type-simple"},"acf":[],"yoast_head":"<!-- This site is optimized with the Yoast SEO Premium plugin v25.3.1 (Yoast SEO v25.3.1) - https:\/\/yoast.com\/wordpress\/plugins\/seo\/ -->\n<title>Visite priv\u00e9e de la vall\u00e9e de Yarra au d\u00e9part de Melbourne avec chauffeur \/ guide local<\/title>\n<meta name=\"description\" content=\"Explorez l&#039;une des plus belles r\u00e9gions viticoles du monde avec notre visite priv\u00e9e de la vall\u00e9e de la Yarra au d\u00e9part de Melbourne.\" \/>\n<meta name=\"robots\" content=\"index, follow, max-snippet:-1, max-image-preview:large, max-video-preview:-1\" \/>\n<link rel=\"canonical\" href=\"https:\/\/tourtravelandmore.com\/fr\/tours\/australie-fr\/melbourne-fr\/visite-privee-de-la-vallee-de-la-yarra-au-depart-de-melbourne-montgolfiere-et-degustation-de-vin\/\" \/>\n<meta property=\"og:locale\" content=\"fr_FR\" \/>\n<meta property=\"og:type\" content=\"article\" \/>\n<meta property=\"og:title\" content=\"Visite priv\u00e9e de la vall\u00e9e de la Yarra au d\u00e9part de Melbourne: montgolfi\u00e8re et d\u00e9gustation de vin\" \/>\n<meta property=\"og:description\" content=\"Explorez l&#039;une des plus belles r\u00e9gions viticoles du monde avec notre visite priv\u00e9e de la vall\u00e9e de la Yarra au d\u00e9part de Melbourne.\" \/>\n<meta property=\"og:url\" content=\"https:\/\/tourtravelandmore.com\/fr\/tours\/australie-fr\/melbourne-fr\/visite-privee-de-la-vallee-de-la-yarra-au-depart-de-melbourne-montgolfiere-et-degustation-de-vin\/\" \/>\n<meta property=\"og:site_name\" content=\"Tour Travel And More\" \/>\n<meta property=\"article:publisher\" content=\"https:\/\/www.facebook.com\/tourtravelandmore\/\" \/>\n<meta property=\"article:modified_time\" content=\"2022-10-25T14:29:34+00:00\" \/>\n<meta property=\"og:image\" content=\"https:\/\/tourtravelandmore.com\/wp-content\/uploads\/2021\/01\/yarra-balloon.jpeg\" \/>\n\t<meta property=\"og:image:width\" content=\"1150\" \/>\n\t<meta property=\"og:image:height\" content=\"863\" \/>\n\t<meta property=\"og:image:type\" content=\"image\/jpeg\" \/>\n<meta name=\"twitter:card\" content=\"summary_large_image\" \/>\n<meta name=\"twitter:site\" content=\"@TourTravel_More\" \/>\n<meta name=\"twitter:label1\" content=\"Dur\u00e9e de lecture estim\u00e9e\" \/>\n\t<meta name=\"twitter:data1\" content=\"2 minutes\" \/>\n<script type=\"application\/ld+json\" class=\"yoast-schema-graph\">{\"@context\":\"https:\/\/schema.org\",\"@graph\":[{\"@type\":\"WebPage\",\"@id\":\"https:\/\/tourtravelandmore.com\/fr\/tours\/australie-fr\/melbourne-fr\/visite-privee-de-la-vallee-de-la-yarra-au-depart-de-melbourne-montgolfiere-et-degustation-de-vin\/\",\"url\":\"https:\/\/tourtravelandmore.com\/fr\/tours\/australie-fr\/melbourne-fr\/visite-privee-de-la-vallee-de-la-yarra-au-depart-de-melbourne-montgolfiere-et-degustation-de-vin\/\",\"name\":\"Visite priv\u00e9e de la vall\u00e9e de Yarra au d\u00e9part de Melbourne avec chauffeur \/ guide local\",\"isPartOf\":{\"@id\":\"https:\/\/tourtravelandmore.com\/fr\/#website\"},\"primaryImageOfPage\":{\"@id\":\"https:\/\/tourtravelandmore.com\/fr\/tours\/australie-fr\/melbourne-fr\/visite-privee-de-la-vallee-de-la-yarra-au-depart-de-melbourne-montgolfiere-et-degustation-de-vin\/#primaryimage\"},\"image\":{\"@id\":\"https:\/\/tourtravelandmore.com\/fr\/tours\/australie-fr\/melbourne-fr\/visite-privee-de-la-vallee-de-la-yarra-au-depart-de-melbourne-montgolfiere-et-degustation-de-vin\/#primaryimage\"},\"thumbnailUrl\":\"https:\/\/tourtravelandmore.com\/wp-content\/uploads\/2021\/01\/yarra-balloon.jpeg\",\"datePublished\":\"2021-01-28T13:22:38+00:00\",\"dateModified\":\"2022-10-25T14:29:34+00:00\",\"description\":\"Explorez l'une des plus belles r\u00e9gions viticoles du monde avec notre visite priv\u00e9e de la vall\u00e9e de la Yarra au d\u00e9part de Melbourne.\",\"breadcrumb\":{\"@id\":\"https:\/\/tourtravelandmore.com\/fr\/tours\/australie-fr\/melbourne-fr\/visite-privee-de-la-vallee-de-la-yarra-au-depart-de-melbourne-montgolfiere-et-degustation-de-vin\/#breadcrumb\"},\"inLanguage\":\"fr-FR\",\"potentialAction\":[{\"@type\":\"ReadAction\",\"target\":[\"https:\/\/tourtravelandmore.com\/fr\/tours\/australie-fr\/melbourne-fr\/visite-privee-de-la-vallee-de-la-yarra-au-depart-de-melbourne-montgolfiere-et-degustation-de-vin\/\"]}]},{\"@type\":\"ImageObject\",\"inLanguage\":\"fr-FR\",\"@id\":\"https:\/\/tourtravelandmore.com\/fr\/tours\/australie-fr\/melbourne-fr\/visite-privee-de-la-vallee-de-la-yarra-au-depart-de-melbourne-montgolfiere-et-degustation-de-vin\/#primaryimage\",\"url\":\"https:\/\/tourtravelandmore.com\/wp-content\/uploads\/2021\/01\/yarra-balloon.jpeg\",\"contentUrl\":\"https:\/\/tourtravelandmore.com\/wp-content\/uploads\/2021\/01\/yarra-balloon.jpeg\",\"width\":1150,\"height\":863,\"caption\":\"Yarra valley balloon\"},{\"@type\":\"BreadcrumbList\",\"@id\":\"https:\/\/tourtravelandmore.com\/fr\/tours\/australie-fr\/melbourne-fr\/visite-privee-de-la-vallee-de-la-yarra-au-depart-de-melbourne-montgolfiere-et-degustation-de-vin\/#breadcrumb\",\"itemListElement\":[{\"@type\":\"ListItem\",\"position\":1,\"name\":\"Home\",\"item\":\"https:\/\/tourtravelandmore.com\/fr\/\"},{\"@type\":\"ListItem\",\"position\":2,\"name\":\"Tours\",\"item\":\"https:\/\/tourtravelandmore.com\/fr\/tours\/\"},{\"@type\":\"ListItem\",\"position\":3,\"name\":\"Visite priv\u00e9e de la vall\u00e9e de la Yarra au d\u00e9part de Melbourne: montgolfi\u00e8re et d\u00e9gustation de vin\"}]},{\"@type\":\"WebSite\",\"@id\":\"https:\/\/tourtravelandmore.com\/fr\/#website\",\"url\":\"https:\/\/tourtravelandmore.com\/fr\/\",\"name\":\"Tour Travel And More\",\"description\":\"Private sightseeing tours and luxury transfers in Spain\",\"publisher\":{\"@id\":\"https:\/\/tourtravelandmore.com\/fr\/#organization\"},\"potentialAction\":[{\"@type\":\"SearchAction\",\"target\":{\"@type\":\"EntryPoint\",\"urlTemplate\":\"https:\/\/tourtravelandmore.com\/fr\/?s={search_term_string}\"},\"query-input\":{\"@type\":\"PropertyValueSpecification\",\"valueRequired\":true,\"valueName\":\"search_term_string\"}}],\"inLanguage\":\"fr-FR\"},{\"@type\":\"Organization\",\"@id\":\"https:\/\/tourtravelandmore.com\/fr\/#organization\",\"name\":\"Tour Travel And More\",\"url\":\"https:\/\/tourtravelandmore.com\/fr\/\",\"logo\":{\"@type\":\"ImageObject\",\"inLanguage\":\"fr-FR\",\"@id\":\"https:\/\/tourtravelandmore.com\/fr\/#\/schema\/logo\/image\/\",\"url\":\"https:\/\/tourtravelandmore.com\/wp-content\/uploads\/2022\/12\/cropped-logo-cabecera-new.png\",\"contentUrl\":\"https:\/\/tourtravelandmore.com\/wp-content\/uploads\/2022\/12\/cropped-logo-cabecera-new.png\",\"width\":430,\"height\":61,\"caption\":\"Tour Travel And More\"},\"image\":{\"@id\":\"https:\/\/tourtravelandmore.com\/fr\/#\/schema\/logo\/image\/\"},\"sameAs\":[\"https:\/\/www.facebook.com\/tourtravelandmore\/\",\"https:\/\/x.com\/TourTravel_More\"]}]}<\/script>\n<!-- \/ Yoast SEO Premium plugin. -->","yoast_head_json":{"title":"Visite priv\u00e9e de la vall\u00e9e de Yarra au d\u00e9part de Melbourne avec chauffeur \/ guide local","description":"Explorez l'une des plus belles r\u00e9gions viticoles du monde avec notre visite priv\u00e9e de la vall\u00e9e de la Yarra au d\u00e9part de Melbourne.","robots":{"index":"index","follow":"follow","max-snippet":"max-snippet:-1","max-image-preview":"max-image-preview:large","max-video-preview":"max-video-preview:-1"},"canonical":"https:\/\/tourtravelandmore.com\/fr\/tours\/australie-fr\/melbourne-fr\/visite-privee-de-la-vallee-de-la-yarra-au-depart-de-melbourne-montgolfiere-et-degustation-de-vin\/","og_locale":"fr_FR","og_type":"article","og_title":"Visite priv\u00e9e de la vall\u00e9e de la Yarra au d\u00e9part de Melbourne: montgolfi\u00e8re et d\u00e9gustation de vin","og_description":"Explorez l'une des plus belles r\u00e9gions viticoles du monde avec notre visite priv\u00e9e de la vall\u00e9e de la Yarra au d\u00e9part de Melbourne.","og_url":"https:\/\/tourtravelandmore.com\/fr\/tours\/australie-fr\/melbourne-fr\/visite-privee-de-la-vallee-de-la-yarra-au-depart-de-melbourne-montgolfiere-et-degustation-de-vin\/","og_site_name":"Tour Travel And More","article_publisher":"https:\/\/www.facebook.com\/tourtravelandmore\/","article_modified_time":"2022-10-25T14:29:34+00:00","og_image":[{"width":1150,"height":863,"url":"https:\/\/tourtravelandmore.com\/wp-content\/uploads\/2021\/01\/yarra-balloon.jpeg","type":"image\/jpeg"}],"twitter_card":"summary_large_image","twitter_site":"@TourTravel_More","twitter_misc":{"Dur\u00e9e de lecture estim\u00e9e":"2 minutes"},"schema":{"@context":"https:\/\/schema.org","@graph":[{"@type":"WebPage","@id":"https:\/\/tourtravelandmore.com\/fr\/tours\/australie-fr\/melbourne-fr\/visite-privee-de-la-vallee-de-la-yarra-au-depart-de-melbourne-montgolfiere-et-degustation-de-vin\/","url":"https:\/\/tourtravelandmore.com\/fr\/tours\/australie-fr\/melbourne-fr\/visite-privee-de-la-vallee-de-la-yarra-au-depart-de-melbourne-montgolfiere-et-degustation-de-vin\/","name":"Visite priv\u00e9e de la vall\u00e9e de Yarra au d\u00e9part de Melbourne avec chauffeur \/ guide local","isPartOf":{"@id":"https:\/\/tourtravelandmore.com\/fr\/#website"},"primaryImageOfPage":{"@id":"https:\/\/tourtravelandmore.com\/fr\/tours\/australie-fr\/melbourne-fr\/visite-privee-de-la-vallee-de-la-yarra-au-depart-de-melbourne-montgolfiere-et-degustation-de-vin\/#primaryimage"},"image":{"@id":"https:\/\/tourtravelandmore.com\/fr\/tours\/australie-fr\/melbourne-fr\/visite-privee-de-la-vallee-de-la-yarra-au-depart-de-melbourne-montgolfiere-et-degustation-de-vin\/#primaryimage"},"thumbnailUrl":"https:\/\/tourtravelandmore.com\/wp-content\/uploads\/2021\/01\/yarra-balloon.jpeg","datePublished":"2021-01-28T13:22:38+00:00","dateModified":"2022-10-25T14:29:34+00:00","description":"Explorez l'une des plus belles r\u00e9gions viticoles du monde avec notre visite priv\u00e9e de la vall\u00e9e de la Yarra au d\u00e9part de Melbourne.","breadcrumb":{"@id":"https:\/\/tourtravelandmore.com\/fr\/tours\/australie-fr\/melbourne-fr\/visite-privee-de-la-vallee-de-la-yarra-au-depart-de-melbourne-montgolfiere-et-degustation-de-vin\/#breadcrumb"},"inLanguage":"fr-FR","potentialAction":[{"@type":"ReadAction","target":["https:\/\/tourtravelandmore.com\/fr\/tours\/australie-fr\/melbourne-fr\/visite-privee-de-la-vallee-de-la-yarra-au-depart-de-melbourne-montgolfiere-et-degustation-de-vin\/"]}]},{"@type":"ImageObject","inLanguage":"fr-FR","@id":"https:\/\/tourtravelandmore.com\/fr\/tours\/australie-fr\/melbourne-fr\/visite-privee-de-la-vallee-de-la-yarra-au-depart-de-melbourne-montgolfiere-et-degustation-de-vin\/#primaryimage","url":"https:\/\/tourtravelandmore.com\/wp-content\/uploads\/2021\/01\/yarra-balloon.jpeg","contentUrl":"https:\/\/tourtravelandmore.com\/wp-content\/uploads\/2021\/01\/yarra-balloon.jpeg","width":1150,"height":863,"caption":"Yarra valley balloon"},{"@type":"BreadcrumbList","@id":"https:\/\/tourtravelandmore.com\/fr\/tours\/australie-fr\/melbourne-fr\/visite-privee-de-la-vallee-de-la-yarra-au-depart-de-melbourne-montgolfiere-et-degustation-de-vin\/#breadcrumb","itemListElement":[{"@type":"ListItem","position":1,"name":"Home","item":"https:\/\/tourtravelandmore.com\/fr\/"},{"@type":"ListItem","position":2,"name":"Tours","item":"https:\/\/tourtravelandmore.com\/fr\/tours\/"},{"@type":"ListItem","position":3,"name":"Visite priv\u00e9e de la vall\u00e9e de la Yarra au d\u00e9part de Melbourne: montgolfi\u00e8re et d\u00e9gustation de vin"}]},{"@type":"WebSite","@id":"https:\/\/tourtravelandmore.com\/fr\/#website","url":"https:\/\/tourtravelandmore.com\/fr\/","name":"Tour Travel And More","description":"Private sightseeing tours and luxury transfers in Spain","publisher":{"@id":"https:\/\/tourtravelandmore.com\/fr\/#organization"},"potentialAction":[{"@type":"SearchAction","target":{"@type":"EntryPoint","urlTemplate":"https:\/\/tourtravelandmore.com\/fr\/?s={search_term_string}"},"query-input":{"@type":"PropertyValueSpecification","valueRequired":true,"valueName":"search_term_string"}}],"inLanguage":"fr-FR"},{"@type":"Organization","@id":"https:\/\/tourtravelandmore.com\/fr\/#organization","name":"Tour Travel And More","url":"https:\/\/tourtravelandmore.com\/fr\/","logo":{"@type":"ImageObject","inLanguage":"fr-FR","@id":"https:\/\/tourtravelandmore.com\/fr\/#\/schema\/logo\/image\/","url":"https:\/\/tourtravelandmore.com\/wp-content\/uploads\/2022\/12\/cropped-logo-cabecera-new.png","contentUrl":"https:\/\/tourtravelandmore.com\/wp-content\/uploads\/2022\/12\/cropped-logo-cabecera-new.png","width":430,"height":61,"caption":"Tour Travel And More"},"image":{"@id":"https:\/\/tourtravelandmore.com\/fr\/#\/schema\/logo\/image\/"},"sameAs":["https:\/\/www.facebook.com\/tourtravelandmore\/","https:\/\/x.com\/TourTravel_More"]}]}},"_links":{"self":[{"href":"https:\/\/tourtravelandmore.com\/fr\/wp-json\/wp\/v2\/product\/101901","targetHints":{"allow":["GET"]}}],"collection":[{"href":"https:\/\/tourtravelandmore.com\/fr\/wp-json\/wp\/v2\/product"}],"about":[{"href":"https:\/\/tourtravelandmore.com\/fr\/wp-json\/wp\/v2\/types\/product"}],"replies":[{"embeddable":true,"href":"https:\/\/tourtravelandmore.com\/fr\/wp-json\/wp\/v2\/comments?post=101901"}],"wp:featuredmedia":[{"embeddable":true,"href":"https:\/\/tourtravelandmore.com\/fr\/wp-json\/wp\/v2\/media\/92520"}],"wp:attachment":[{"href":"https:\/\/tourtravelandmore.com\/fr\/wp-json\/wp\/v2\/media?parent=101901"}],"wp:term":[{"taxonomy":"product_brand","embeddable":true,"href":"https:\/\/tourtravelandmore.com\/fr\/wp-json\/wp\/v2\/product_brand?post=101901"},{"taxonomy":"product_cat","embeddable":true,"href":"https:\/\/tourtravelandmore.com\/fr\/wp-json\/wp\/v2\/product_cat?post=101901"},{"taxonomy":"product_tag","embeddable":true,"href":"https:\/\/tourtravelandmore.com\/fr\/wp-json\/wp\/v2\/product_tag?post=101901"}],"curies":[{"name":"wp","href":"https:\/\/api.w.org\/{rel}","templated":true}]}}