{"id":101898,"date":"2021-01-28T12:20:11","date_gmt":"2021-01-28T11:20:11","guid":{"rendered":"https:\/\/tourtravelandmore.com\/tours\/non%20class\u00e9\/visite-privee-de-la-great-ocean-road-au-depart-de-melbourne\/"},"modified":"2022-10-25T16:03:46","modified_gmt":"2022-10-25T14:03:46","slug":"visite-privee-de-la-great-ocean-road-au-depart-de-melbourne","status":"publish","type":"product","link":"https:\/\/tourtravelandmore.com\/fr\/tours\/australie-fr\/melbourne-fr\/visite-privee-de-la-great-ocean-road-au-depart-de-melbourne\/","title":{"rendered":"Visite priv\u00e9e de la Great Ocean Road au d\u00e9part de Melbourne"},"content":{"rendered":"<h2>Description<\/h2>\n<p>Profitez de l&#8217;une des plus belles routes c\u00f4ti\u00e8res au monde lors d&#8217;une excursion personnalis\u00e9e au d\u00e9part de <a href=\"https:\/\/es.wikipedia.org\/wiki\/Melbourne\"><strong>Melbourne<\/strong><\/a>. Explorez la<strong> Great Ocean Road<\/strong>, qui s&#8217;\u00e9tend sur 243 km le long de la c\u00f4te sud de Victoria, avec notre<strong> visite priv\u00e9e de la grande route oc\u00e9anique au d\u00e9part de Melbourne.<\/strong><\/p>\n<p>Tout d&#8217;abord, votre chauffeur et votre guide viendront vous chercher \u00e0 <strong>l&#8217;endroit souhait\u00e9 dans la ville<\/strong>. La prise en charge peut \u00eatre organis\u00e9e dans votre h\u00f4tel, appartement ou lieu souhait\u00e9 \u00e0 Melbourne. Apr\u00e8s cela, vous commencerez votre route vers le sud, en embrassant la magnifique c\u00f4te qui compose la <strong>Great Ocean Road.<\/strong><\/p>\n<p>Au cours de votre visite, vous profiterez de paysages vari\u00e9s et incroyables. Vous pouvez vous arr\u00eater pour des photos et dans plusieurs petites villes le long du trajet. Si vous souhaitez visiter un lieu en particulier, n&#8217;h\u00e9sitez pas \u00e0 nous contacter. N&#8217;oubliez pas que nos circuits sont 100% sur mesure et adaptables \u00e0 vos d\u00e9sirs personnels.<\/p>\n<h2>Sites d&#8217;int\u00e9r\u00eat et points de rep\u00e8re<\/h2>\n<p><strong>La Great Ocean Road<\/strong> est consid\u00e9r\u00e9e comme l&#8217;une des <strong>routes c\u00f4ti\u00e8res les plus belles et les plus spectaculaires au monde<\/strong>. Au cours de votre visite priv\u00e9e de la grande route oc\u00e9anique au d\u00e9part de Melbourne, vous verrez les 12 ap\u00f4tres imposants, vous approcherez de la faune indig\u00e8ne et explorerez la for\u00eat tropicale immacul\u00e9e et les cascades brumeuses.<\/p>\n<p>La croisi\u00e8re sur la Great Ocean Road est class\u00e9e parmi les meilleures choses \u00e0 faire en Australie. Situ\u00e9 \u00e0 moins de 2 heures de Melbourne. La route de pr\u00e8s de 250 kilom\u00e8tres encapsule certains des paysages les plus embl\u00e9matiques d&#8217;Australie et permet aux visiteurs de se rapprocher de la faune.<\/p>\n<p>Il existe de nombreux sites que vous pourriez visiter lors d&#8217;une excursion d&#8217;une journ\u00e9e sur la Great Ocean Road. Votre guide vous aidera \u00e0 organiser un itin\u00e9raire personnalis\u00e9 en fonction de vos int\u00e9r\u00eats personnels. Vous visiterez certains des points les plus embl\u00e9matiques de la route panoramique, tels que:<\/p>\n<ul>\n<li><strong>Bells beach: Cette plage est appr\u00e9ci\u00e9e des surfeurs. Profitez de ses beaux paysages<\/strong><\/li>\n<li><strong>Plages en bord de mer: Lorne, Apollo Bay, Anglesea et plus encore!<\/strong><\/li>\n<li><strong>Voir les koalas dans la rivi\u00e8re Kennett<\/strong><\/li>\n<li><strong>Profitez de deux des plus beaux sites de la route, la Shipwreck Coast et les 12 ap\u00f4tres mondialement connus. L\u00e0, vous pourrez visiter les incroyables criques naturelles et les points de vue comme la gorge du Loch Ard<\/strong><\/li>\n<\/ul>\n<p>Vous aurez du temps libre pour d\u00e9jeuner dans l&#8217;une des belles villes baln\u00e9aires. Si vous le souhaitez, nous pouvons inclure le d\u00e9jeuner \u00e0 votre visite priv\u00e9e.<\/p>\n<p>Votre chauffeur \/ guide priv\u00e9 veillera \u00e0 ce que vous passiez un moment merveilleux au cours de cette exp\u00e9rience inoubliable. Les sites \u00e0 visiter sont modulables en fonction de vos int\u00e9r\u00eats personnels. En conclusion, contactez-nous pour une exp\u00e9rience sur mesure. Nous proposons de nombreuses autres visites au d\u00e9part de Melbourne, vous pouvez consulter notre site Web.<\/p>\n","protected":false},"excerpt":{"rendered":"<p>Profitez de l&#8217;un des plus beaux chauffeurs c\u00f4tiers pittoresques du monde entier lors d&#8217;une exp\u00e9rience sur mesure au d\u00e9part de Melbourne.<\/p>\n","protected":false},"featured_media":92474,"comment_status":"open","ping_status":"closed","template":"","meta":{"_acf_changed":false},"product_brand":[],"product_cat":[3714,3718],"product_tag":[],"class_list":{"0":"post-101898","1":"product","2":"type-product","3":"status-publish","4":"has-post-thumbnail","6":"product_cat-australie-fr","7":"product_cat-melbourne-fr","9":"first","10":"instock","11":"shipping-taxable","12":"purchasable","13":"product-type-simple"},"acf":[],"yoast_head":"<!-- This site is optimized with the Yoast SEO Premium plugin v25.3.1 (Yoast SEO v25.3.1) - https:\/\/yoast.com\/wordpress\/plugins\/seo\/ -->\n<title>Visite priv\u00e9e de la Great Ocean Road au d\u00e9part de Melbourne avec chauffeur \/ guide local<\/title>\n<meta name=\"description\" content=\"Profitez de l&#039;un des plus beaux chauffeurs c\u00f4tiers pittoresques du monde entier avec notre visite priv\u00e9e de la grande route oc\u00e9anique au d\u00e9part de Melbourne.\" \/>\n<meta name=\"robots\" content=\"index, follow, max-snippet:-1, max-image-preview:large, max-video-preview:-1\" \/>\n<link rel=\"canonical\" href=\"https:\/\/tourtravelandmore.com\/fr\/tours\/australie-fr\/melbourne-fr\/visite-privee-de-la-great-ocean-road-au-depart-de-melbourne\/\" \/>\n<meta property=\"og:locale\" content=\"fr_FR\" \/>\n<meta property=\"og:type\" content=\"article\" \/>\n<meta property=\"og:title\" content=\"Visite priv\u00e9e de la Great Ocean Road au d\u00e9part de Melbourne\" \/>\n<meta property=\"og:description\" content=\"Profitez de l&#039;un des plus beaux chauffeurs c\u00f4tiers pittoresques du monde entier avec notre visite priv\u00e9e de la grande route oc\u00e9anique au d\u00e9part de Melbourne.\" \/>\n<meta property=\"og:url\" content=\"https:\/\/tourtravelandmore.com\/fr\/tours\/australie-fr\/melbourne-fr\/visite-privee-de-la-great-ocean-road-au-depart-de-melbourne\/\" \/>\n<meta property=\"og:site_name\" content=\"Tour Travel And More\" \/>\n<meta property=\"article:publisher\" content=\"https:\/\/www.facebook.com\/tourtravelandmore\/\" \/>\n<meta property=\"article:modified_time\" content=\"2022-10-25T14:03:46+00:00\" \/>\n<meta property=\"og:image\" content=\"https:\/\/tourtravelandmore.com\/wp-content\/uploads\/2021\/01\/12-apostles-2.jpeg\" \/>\n\t<meta property=\"og:image:width\" content=\"1350\" \/>\n\t<meta property=\"og:image:height\" content=\"900\" \/>\n\t<meta property=\"og:image:type\" content=\"image\/jpeg\" \/>\n<meta name=\"twitter:card\" content=\"summary_large_image\" \/>\n<meta name=\"twitter:site\" content=\"@TourTravel_More\" \/>\n<meta name=\"twitter:label1\" content=\"Dur\u00e9e de lecture estim\u00e9e\" \/>\n\t<meta name=\"twitter:data1\" content=\"3 minutes\" \/>\n<script type=\"application\/ld+json\" class=\"yoast-schema-graph\">{\"@context\":\"https:\/\/schema.org\",\"@graph\":[{\"@type\":\"WebPage\",\"@id\":\"https:\/\/tourtravelandmore.com\/fr\/tours\/australie-fr\/melbourne-fr\/visite-privee-de-la-great-ocean-road-au-depart-de-melbourne\/\",\"url\":\"https:\/\/tourtravelandmore.com\/fr\/tours\/australie-fr\/melbourne-fr\/visite-privee-de-la-great-ocean-road-au-depart-de-melbourne\/\",\"name\":\"Visite priv\u00e9e de la Great Ocean Road au d\u00e9part de Melbourne avec chauffeur \/ guide local\",\"isPartOf\":{\"@id\":\"https:\/\/tourtravelandmore.com\/fr\/#website\"},\"primaryImageOfPage\":{\"@id\":\"https:\/\/tourtravelandmore.com\/fr\/tours\/australie-fr\/melbourne-fr\/visite-privee-de-la-great-ocean-road-au-depart-de-melbourne\/#primaryimage\"},\"image\":{\"@id\":\"https:\/\/tourtravelandmore.com\/fr\/tours\/australie-fr\/melbourne-fr\/visite-privee-de-la-great-ocean-road-au-depart-de-melbourne\/#primaryimage\"},\"thumbnailUrl\":\"https:\/\/tourtravelandmore.com\/wp-content\/uploads\/2021\/01\/12-apostles-2.jpeg\",\"datePublished\":\"2021-01-28T11:20:11+00:00\",\"dateModified\":\"2022-10-25T14:03:46+00:00\",\"description\":\"Profitez de l'un des plus beaux chauffeurs c\u00f4tiers pittoresques du monde entier avec notre visite priv\u00e9e de la grande route oc\u00e9anique au d\u00e9part de Melbourne.\",\"breadcrumb\":{\"@id\":\"https:\/\/tourtravelandmore.com\/fr\/tours\/australie-fr\/melbourne-fr\/visite-privee-de-la-great-ocean-road-au-depart-de-melbourne\/#breadcrumb\"},\"inLanguage\":\"fr-FR\",\"potentialAction\":[{\"@type\":\"ReadAction\",\"target\":[\"https:\/\/tourtravelandmore.com\/fr\/tours\/australie-fr\/melbourne-fr\/visite-privee-de-la-great-ocean-road-au-depart-de-melbourne\/\"]}]},{\"@type\":\"ImageObject\",\"inLanguage\":\"fr-FR\",\"@id\":\"https:\/\/tourtravelandmore.com\/fr\/tours\/australie-fr\/melbourne-fr\/visite-privee-de-la-great-ocean-road-au-depart-de-melbourne\/#primaryimage\",\"url\":\"https:\/\/tourtravelandmore.com\/wp-content\/uploads\/2021\/01\/12-apostles-2.jpeg\",\"contentUrl\":\"https:\/\/tourtravelandmore.com\/wp-content\/uploads\/2021\/01\/12-apostles-2.jpeg\",\"width\":1350,\"height\":900,\"caption\":\"12 apostles\"},{\"@type\":\"BreadcrumbList\",\"@id\":\"https:\/\/tourtravelandmore.com\/fr\/tours\/australie-fr\/melbourne-fr\/visite-privee-de-la-great-ocean-road-au-depart-de-melbourne\/#breadcrumb\",\"itemListElement\":[{\"@type\":\"ListItem\",\"position\":1,\"name\":\"Home\",\"item\":\"https:\/\/tourtravelandmore.com\/fr\/\"},{\"@type\":\"ListItem\",\"position\":2,\"name\":\"Tours\",\"item\":\"https:\/\/tourtravelandmore.com\/fr\/tours\/\"},{\"@type\":\"ListItem\",\"position\":3,\"name\":\"Visite priv\u00e9e de la Great Ocean Road au d\u00e9part de Melbourne\"}]},{\"@type\":\"WebSite\",\"@id\":\"https:\/\/tourtravelandmore.com\/fr\/#website\",\"url\":\"https:\/\/tourtravelandmore.com\/fr\/\",\"name\":\"Tour Travel And More\",\"description\":\"Private sightseeing tours and luxury transfers in Spain\",\"publisher\":{\"@id\":\"https:\/\/tourtravelandmore.com\/fr\/#organization\"},\"potentialAction\":[{\"@type\":\"SearchAction\",\"target\":{\"@type\":\"EntryPoint\",\"urlTemplate\":\"https:\/\/tourtravelandmore.com\/fr\/?s={search_term_string}\"},\"query-input\":{\"@type\":\"PropertyValueSpecification\",\"valueRequired\":true,\"valueName\":\"search_term_string\"}}],\"inLanguage\":\"fr-FR\"},{\"@type\":\"Organization\",\"@id\":\"https:\/\/tourtravelandmore.com\/fr\/#organization\",\"name\":\"Tour Travel And More\",\"url\":\"https:\/\/tourtravelandmore.com\/fr\/\",\"logo\":{\"@type\":\"ImageObject\",\"inLanguage\":\"fr-FR\",\"@id\":\"https:\/\/tourtravelandmore.com\/fr\/#\/schema\/logo\/image\/\",\"url\":\"https:\/\/tourtravelandmore.com\/wp-content\/uploads\/2022\/12\/cropped-logo-cabecera-new.png\",\"contentUrl\":\"https:\/\/tourtravelandmore.com\/wp-content\/uploads\/2022\/12\/cropped-logo-cabecera-new.png\",\"width\":430,\"height\":61,\"caption\":\"Tour Travel And More\"},\"image\":{\"@id\":\"https:\/\/tourtravelandmore.com\/fr\/#\/schema\/logo\/image\/\"},\"sameAs\":[\"https:\/\/www.facebook.com\/tourtravelandmore\/\",\"https:\/\/x.com\/TourTravel_More\"]}]}<\/script>\n<!-- \/ Yoast SEO Premium plugin. -->","yoast_head_json":{"title":"Visite priv\u00e9e de la Great Ocean Road au d\u00e9part de Melbourne avec chauffeur \/ guide local","description":"Profitez de l'un des plus beaux chauffeurs c\u00f4tiers pittoresques du monde entier avec notre visite priv\u00e9e de la grande route oc\u00e9anique au d\u00e9part de Melbourne.","robots":{"index":"index","follow":"follow","max-snippet":"max-snippet:-1","max-image-preview":"max-image-preview:large","max-video-preview":"max-video-preview:-1"},"canonical":"https:\/\/tourtravelandmore.com\/fr\/tours\/australie-fr\/melbourne-fr\/visite-privee-de-la-great-ocean-road-au-depart-de-melbourne\/","og_locale":"fr_FR","og_type":"article","og_title":"Visite priv\u00e9e de la Great Ocean Road au d\u00e9part de Melbourne","og_description":"Profitez de l'un des plus beaux chauffeurs c\u00f4tiers pittoresques du monde entier avec notre visite priv\u00e9e de la grande route oc\u00e9anique au d\u00e9part de Melbourne.","og_url":"https:\/\/tourtravelandmore.com\/fr\/tours\/australie-fr\/melbourne-fr\/visite-privee-de-la-great-ocean-road-au-depart-de-melbourne\/","og_site_name":"Tour Travel And More","article_publisher":"https:\/\/www.facebook.com\/tourtravelandmore\/","article_modified_time":"2022-10-25T14:03:46+00:00","og_image":[{"width":1350,"height":900,"url":"https:\/\/tourtravelandmore.com\/wp-content\/uploads\/2021\/01\/12-apostles-2.jpeg","type":"image\/jpeg"}],"twitter_card":"summary_large_image","twitter_site":"@TourTravel_More","twitter_misc":{"Dur\u00e9e de lecture estim\u00e9e":"3 minutes"},"schema":{"@context":"https:\/\/schema.org","@graph":[{"@type":"WebPage","@id":"https:\/\/tourtravelandmore.com\/fr\/tours\/australie-fr\/melbourne-fr\/visite-privee-de-la-great-ocean-road-au-depart-de-melbourne\/","url":"https:\/\/tourtravelandmore.com\/fr\/tours\/australie-fr\/melbourne-fr\/visite-privee-de-la-great-ocean-road-au-depart-de-melbourne\/","name":"Visite priv\u00e9e de la Great Ocean Road au d\u00e9part de Melbourne avec chauffeur \/ guide local","isPartOf":{"@id":"https:\/\/tourtravelandmore.com\/fr\/#website"},"primaryImageOfPage":{"@id":"https:\/\/tourtravelandmore.com\/fr\/tours\/australie-fr\/melbourne-fr\/visite-privee-de-la-great-ocean-road-au-depart-de-melbourne\/#primaryimage"},"image":{"@id":"https:\/\/tourtravelandmore.com\/fr\/tours\/australie-fr\/melbourne-fr\/visite-privee-de-la-great-ocean-road-au-depart-de-melbourne\/#primaryimage"},"thumbnailUrl":"https:\/\/tourtravelandmore.com\/wp-content\/uploads\/2021\/01\/12-apostles-2.jpeg","datePublished":"2021-01-28T11:20:11+00:00","dateModified":"2022-10-25T14:03:46+00:00","description":"Profitez de l'un des plus beaux chauffeurs c\u00f4tiers pittoresques du monde entier avec notre visite priv\u00e9e de la grande route oc\u00e9anique au d\u00e9part de Melbourne.","breadcrumb":{"@id":"https:\/\/tourtravelandmore.com\/fr\/tours\/australie-fr\/melbourne-fr\/visite-privee-de-la-great-ocean-road-au-depart-de-melbourne\/#breadcrumb"},"inLanguage":"fr-FR","potentialAction":[{"@type":"ReadAction","target":["https:\/\/tourtravelandmore.com\/fr\/tours\/australie-fr\/melbourne-fr\/visite-privee-de-la-great-ocean-road-au-depart-de-melbourne\/"]}]},{"@type":"ImageObject","inLanguage":"fr-FR","@id":"https:\/\/tourtravelandmore.com\/fr\/tours\/australie-fr\/melbourne-fr\/visite-privee-de-la-great-ocean-road-au-depart-de-melbourne\/#primaryimage","url":"https:\/\/tourtravelandmore.com\/wp-content\/uploads\/2021\/01\/12-apostles-2.jpeg","contentUrl":"https:\/\/tourtravelandmore.com\/wp-content\/uploads\/2021\/01\/12-apostles-2.jpeg","width":1350,"height":900,"caption":"12 apostles"},{"@type":"BreadcrumbList","@id":"https:\/\/tourtravelandmore.com\/fr\/tours\/australie-fr\/melbourne-fr\/visite-privee-de-la-great-ocean-road-au-depart-de-melbourne\/#breadcrumb","itemListElement":[{"@type":"ListItem","position":1,"name":"Home","item":"https:\/\/tourtravelandmore.com\/fr\/"},{"@type":"ListItem","position":2,"name":"Tours","item":"https:\/\/tourtravelandmore.com\/fr\/tours\/"},{"@type":"ListItem","position":3,"name":"Visite priv\u00e9e de la Great Ocean Road au d\u00e9part de Melbourne"}]},{"@type":"WebSite","@id":"https:\/\/tourtravelandmore.com\/fr\/#website","url":"https:\/\/tourtravelandmore.com\/fr\/","name":"Tour Travel And More","description":"Private sightseeing tours and luxury transfers in Spain","publisher":{"@id":"https:\/\/tourtravelandmore.com\/fr\/#organization"},"potentialAction":[{"@type":"SearchAction","target":{"@type":"EntryPoint","urlTemplate":"https:\/\/tourtravelandmore.com\/fr\/?s={search_term_string}"},"query-input":{"@type":"PropertyValueSpecification","valueRequired":true,"valueName":"search_term_string"}}],"inLanguage":"fr-FR"},{"@type":"Organization","@id":"https:\/\/tourtravelandmore.com\/fr\/#organization","name":"Tour Travel And More","url":"https:\/\/tourtravelandmore.com\/fr\/","logo":{"@type":"ImageObject","inLanguage":"fr-FR","@id":"https:\/\/tourtravelandmore.com\/fr\/#\/schema\/logo\/image\/","url":"https:\/\/tourtravelandmore.com\/wp-content\/uploads\/2022\/12\/cropped-logo-cabecera-new.png","contentUrl":"https:\/\/tourtravelandmore.com\/wp-content\/uploads\/2022\/12\/cropped-logo-cabecera-new.png","width":430,"height":61,"caption":"Tour Travel And More"},"image":{"@id":"https:\/\/tourtravelandmore.com\/fr\/#\/schema\/logo\/image\/"},"sameAs":["https:\/\/www.facebook.com\/tourtravelandmore\/","https:\/\/x.com\/TourTravel_More"]}]}},"_links":{"self":[{"href":"https:\/\/tourtravelandmore.com\/fr\/wp-json\/wp\/v2\/product\/101898","targetHints":{"allow":["GET"]}}],"collection":[{"href":"https:\/\/tourtravelandmore.com\/fr\/wp-json\/wp\/v2\/product"}],"about":[{"href":"https:\/\/tourtravelandmore.com\/fr\/wp-json\/wp\/v2\/types\/product"}],"replies":[{"embeddable":true,"href":"https:\/\/tourtravelandmore.com\/fr\/wp-json\/wp\/v2\/comments?post=101898"}],"wp:featuredmedia":[{"embeddable":true,"href":"https:\/\/tourtravelandmore.com\/fr\/wp-json\/wp\/v2\/media\/92474"}],"wp:attachment":[{"href":"https:\/\/tourtravelandmore.com\/fr\/wp-json\/wp\/v2\/media?parent=101898"}],"wp:term":[{"taxonomy":"product_brand","embeddable":true,"href":"https:\/\/tourtravelandmore.com\/fr\/wp-json\/wp\/v2\/product_brand?post=101898"},{"taxonomy":"product_cat","embeddable":true,"href":"https:\/\/tourtravelandmore.com\/fr\/wp-json\/wp\/v2\/product_cat?post=101898"},{"taxonomy":"product_tag","embeddable":true,"href":"https:\/\/tourtravelandmore.com\/fr\/wp-json\/wp\/v2\/product_tag?post=101898"}],"curies":[{"name":"wp","href":"https:\/\/api.w.org\/{rel}","templated":true}]}}