{"id":101891,"date":"2021-01-28T10:28:59","date_gmt":"2021-01-28T09:28:59","guid":{"rendered":"https:\/\/tourtravelandmore.com\/tours\/non%20class\u00e9\/visite-privee-de-phillip-island-et-du-sanctuaire-au-clair-de-lune-au-depart-de-melbourne\/"},"modified":"2022-10-25T16:11:37","modified_gmt":"2022-10-25T14:11:37","slug":"visite-privee-de-phillip-island-et-du-sanctuaire-au-clair-de-lune-au-depart-de-melbourne","status":"publish","type":"product","link":"https:\/\/tourtravelandmore.com\/fr\/tours\/australie-fr\/melbourne-fr\/visite-privee-de-phillip-island-et-du-sanctuaire-au-clair-de-lune-au-depart-de-melbourne\/","title":{"rendered":"Visite priv\u00e9e de Phillip Island et du sanctuaire au clair de lune au d\u00e9part de Melbourne"},"content":{"rendered":"<h2>Description<\/h2>\n<p>Profitez de l&#8217;une des principales exp\u00e9riences <strong>australiennes<\/strong> lors d&#8217;une exp\u00e9rience personnalis\u00e9e au d\u00e9part de Melbourne. Avec notre <strong>visite priv\u00e9e de l&#8217;\u00eele Philip au d\u00e9part de Melbourne<\/strong>, vous appr\u00e9cierez sa beaut\u00e9 naturelle \u00e0 couper le souffle et ses attractions pour les amoureux de la nature et les aventuriers, y compris la c\u00e9l\u00e8bre parade des <strong>pingouins<\/strong>.<\/p>\n<p>Tout d&#8217;abord, votre chauffeur et votre guide viendront vous chercher \u00e0 l&#8217;endroit souhait\u00e9 dans la ville. La prise en charge peut \u00eatre organis\u00e9e dans votre h\u00f4tel, appartement ou lieu souhait\u00e9 \u00e0 Melbourne. Apr\u00e8s cela, vous commencerez votre route vers Philip Island. Une fois sur place, vous d\u00e9couvrirez l&#8217;incroyable faune australienne parmi des paysages spectaculaires.<\/p>\n<p>Selon la p\u00e9riode de l&#8217;ann\u00e9e, la visite peut commencer \u00e0 une heure diff\u00e9rente. C&#8217;est pour que vous puissiez profiter du spectacle de coucher de soleil sur les pingouins, tandis que le coucher du soleil peut \u00eatre plus tardif \u00e0 diff\u00e9rents moments de l&#8217;ann\u00e9e.<\/p>\n<h2>Sites d&#8217;int\u00e9r\u00eat et points de rep\u00e8re<\/h2>\n<p>Phillip Island abrite une collection d&#8217;animaux sauvages australiens, notamment les c\u00e9l\u00e8bres petits pingouins, les otaries \u00e0 fourrure et les koalas. <strong>La parade des pingouins, le centre de conservation des koalas, la ferme patrimoniale de l&#8217;\u00eele Churchill et le centre Nobbies ne sont que quelques-unes des attractions uniques de l&#8217;\u00eele.<\/strong><\/p>\n<p>Tout d&#8217;abord, vous visiterez le Moonlit Sanctuary Conservation Park. L\u00e0, vous aurez de nombreuses rencontres garanties avec plus de 70 animaux indig\u00e8nes australiens comme les kangourous, les koalas, les wombats et les \u00e9chidn\u00e9s. Apr\u00e8s cela, vous continuerez votre route vers Woolamai Surf Beach. Une fois sur place, vous apercevrez les vagues impressionnantes et les surfeurs purs et durs. Nous nous dirigerons ensuite vers la spectaculaire c\u00f4te ouest de l&#8217;\u00eele.<\/p>\n<p>Votre prochain arr\u00eat sera le Nobbies, o\u00f9 vous vous prom\u00e8nerez le long de la promenade pour d\u00e9couvrir les vagues qui se brisent le long du littoral. J&#8217;esp\u00e8re que vous apercevrez quelques phoques et des nids de pingouins lors de votre promenade.<\/p>\n<p>Enfin, vous arriverez au spectacle principal de la journ\u00e9e, la <strong>parade des pingouins<\/strong>. Tous les soirs au coucher du soleil, les petits pingouins sortent des vagues et retournent \u00e0 <strong>Summerland Beach<\/strong>. Vous pourrez voir ce moment inoubliable depuis une position <strong>VIP<\/strong>.<\/p>\n<p>Votre chauffeur \/ guide priv\u00e9 veillera \u00e0 ce que vous passiez un merveilleux moment lors de votre visite priv\u00e9e de l&#8217;\u00eele Philip au d\u00e9part de Melbourne. Les sites \u00e0 visiter sont modulables en fonction de vos int\u00e9r\u00eats personnels. En conclusion, contactez-nous pour une exp\u00e9rience sur mesure. Nous proposons de nombreuses autres visites au d\u00e9part de Melbourne, vous pouvez consulter notre site Web.<\/p>\n<div id=\"gtx-trans\" style=\"position: absolute; left: 599px; top: 383.625px;\">\n<div class=\"gtx-trans-icon\"><\/div>\n<\/div>\n","protected":false},"excerpt":{"rendered":"<p>Profitez de l&#8217;une des plus belles exp\u00e9riences australiennes, du d\u00e9fil\u00e9 des pingouins et de la beaut\u00e9 de la nature de Philip Island lors d&#8217;une excursion d&#8217;une journ\u00e9e au d\u00e9part de Melbourne.<\/p>\n","protected":false},"featured_media":92436,"comment_status":"open","ping_status":"closed","template":"","meta":{"_acf_changed":false},"product_brand":[],"product_cat":[3714,3718],"product_tag":[],"class_list":{"0":"post-101891","1":"product","2":"type-product","3":"status-publish","4":"has-post-thumbnail","6":"product_cat-australie-fr","7":"product_cat-melbourne-fr","9":"first","10":"instock","11":"shipping-taxable","12":"purchasable","13":"product-type-simple"},"acf":[],"yoast_head":"<!-- This site is optimized with the Yoast SEO Premium plugin v25.3.1 (Yoast SEO v25.3.1) - https:\/\/yoast.com\/wordpress\/plugins\/seo\/ -->\n<title>Visite priv\u00e9e de Phillip Island au d\u00e9part de Melbourne avec chauffeur \/ guide local<\/title>\n<meta name=\"description\" content=\"Profitez de l&#039;une des exp\u00e9riences les plus appr\u00e9ci\u00e9es d&#039;Australie, la parade des pingouins, avec notre visite priv\u00e9e de l&#039;\u00eele Philip au d\u00e9part de Melbourne\" \/>\n<meta name=\"robots\" content=\"index, follow, max-snippet:-1, max-image-preview:large, max-video-preview:-1\" \/>\n<link rel=\"canonical\" href=\"https:\/\/tourtravelandmore.com\/fr\/tours\/australie-fr\/melbourne-fr\/visite-privee-de-phillip-island-et-du-sanctuaire-au-clair-de-lune-au-depart-de-melbourne\/\" \/>\n<meta property=\"og:locale\" content=\"fr_FR\" \/>\n<meta property=\"og:type\" content=\"article\" \/>\n<meta property=\"og:title\" content=\"Visite priv\u00e9e de Phillip Island et du sanctuaire au clair de lune au d\u00e9part de Melbourne\" \/>\n<meta property=\"og:description\" content=\"Profitez de l&#039;une des exp\u00e9riences les plus appr\u00e9ci\u00e9es d&#039;Australie, la parade des pingouins, avec notre visite priv\u00e9e de l&#039;\u00eele Philip au d\u00e9part de Melbourne\" \/>\n<meta property=\"og:url\" content=\"https:\/\/tourtravelandmore.com\/fr\/tours\/australie-fr\/melbourne-fr\/visite-privee-de-phillip-island-et-du-sanctuaire-au-clair-de-lune-au-depart-de-melbourne\/\" \/>\n<meta property=\"og:site_name\" content=\"Tour Travel And More\" \/>\n<meta property=\"article:publisher\" content=\"https:\/\/www.facebook.com\/tourtravelandmore\/\" \/>\n<meta property=\"article:modified_time\" content=\"2022-10-25T14:11:37+00:00\" \/>\n<meta property=\"og:image\" content=\"https:\/\/tourtravelandmore.com\/wp-content\/uploads\/2021\/01\/Philip-island.jpeg\" \/>\n\t<meta property=\"og:image:width\" content=\"1350\" \/>\n\t<meta property=\"og:image:height\" content=\"900\" \/>\n\t<meta property=\"og:image:type\" content=\"image\/jpeg\" \/>\n<meta name=\"twitter:card\" content=\"summary_large_image\" \/>\n<meta name=\"twitter:site\" content=\"@TourTravel_More\" \/>\n<meta name=\"twitter:label1\" content=\"Dur\u00e9e de lecture estim\u00e9e\" \/>\n\t<meta name=\"twitter:data1\" content=\"2 minutes\" \/>\n<script type=\"application\/ld+json\" class=\"yoast-schema-graph\">{\"@context\":\"https:\/\/schema.org\",\"@graph\":[{\"@type\":\"WebPage\",\"@id\":\"https:\/\/tourtravelandmore.com\/fr\/tours\/australie-fr\/melbourne-fr\/visite-privee-de-phillip-island-et-du-sanctuaire-au-clair-de-lune-au-depart-de-melbourne\/\",\"url\":\"https:\/\/tourtravelandmore.com\/fr\/tours\/australie-fr\/melbourne-fr\/visite-privee-de-phillip-island-et-du-sanctuaire-au-clair-de-lune-au-depart-de-melbourne\/\",\"name\":\"Visite priv\u00e9e de Phillip Island au d\u00e9part de Melbourne avec chauffeur \/ guide local\",\"isPartOf\":{\"@id\":\"https:\/\/tourtravelandmore.com\/fr\/#website\"},\"primaryImageOfPage\":{\"@id\":\"https:\/\/tourtravelandmore.com\/fr\/tours\/australie-fr\/melbourne-fr\/visite-privee-de-phillip-island-et-du-sanctuaire-au-clair-de-lune-au-depart-de-melbourne\/#primaryimage\"},\"image\":{\"@id\":\"https:\/\/tourtravelandmore.com\/fr\/tours\/australie-fr\/melbourne-fr\/visite-privee-de-phillip-island-et-du-sanctuaire-au-clair-de-lune-au-depart-de-melbourne\/#primaryimage\"},\"thumbnailUrl\":\"https:\/\/tourtravelandmore.com\/wp-content\/uploads\/2021\/01\/Philip-island.jpeg\",\"datePublished\":\"2021-01-28T09:28:59+00:00\",\"dateModified\":\"2022-10-25T14:11:37+00:00\",\"description\":\"Profitez de l'une des exp\u00e9riences les plus appr\u00e9ci\u00e9es d'Australie, la parade des pingouins, avec notre visite priv\u00e9e de l'\u00eele Philip au d\u00e9part de Melbourne\",\"breadcrumb\":{\"@id\":\"https:\/\/tourtravelandmore.com\/fr\/tours\/australie-fr\/melbourne-fr\/visite-privee-de-phillip-island-et-du-sanctuaire-au-clair-de-lune-au-depart-de-melbourne\/#breadcrumb\"},\"inLanguage\":\"fr-FR\",\"potentialAction\":[{\"@type\":\"ReadAction\",\"target\":[\"https:\/\/tourtravelandmore.com\/fr\/tours\/australie-fr\/melbourne-fr\/visite-privee-de-phillip-island-et-du-sanctuaire-au-clair-de-lune-au-depart-de-melbourne\/\"]}]},{\"@type\":\"ImageObject\",\"inLanguage\":\"fr-FR\",\"@id\":\"https:\/\/tourtravelandmore.com\/fr\/tours\/australie-fr\/melbourne-fr\/visite-privee-de-phillip-island-et-du-sanctuaire-au-clair-de-lune-au-depart-de-melbourne\/#primaryimage\",\"url\":\"https:\/\/tourtravelandmore.com\/wp-content\/uploads\/2021\/01\/Philip-island.jpeg\",\"contentUrl\":\"https:\/\/tourtravelandmore.com\/wp-content\/uploads\/2021\/01\/Philip-island.jpeg\",\"width\":1350,\"height\":900,\"caption\":\"Philip island\"},{\"@type\":\"BreadcrumbList\",\"@id\":\"https:\/\/tourtravelandmore.com\/fr\/tours\/australie-fr\/melbourne-fr\/visite-privee-de-phillip-island-et-du-sanctuaire-au-clair-de-lune-au-depart-de-melbourne\/#breadcrumb\",\"itemListElement\":[{\"@type\":\"ListItem\",\"position\":1,\"name\":\"Home\",\"item\":\"https:\/\/tourtravelandmore.com\/fr\/\"},{\"@type\":\"ListItem\",\"position\":2,\"name\":\"Tours\",\"item\":\"https:\/\/tourtravelandmore.com\/fr\/tours\/\"},{\"@type\":\"ListItem\",\"position\":3,\"name\":\"Visite priv\u00e9e de Phillip Island et du sanctuaire au clair de lune au d\u00e9part de Melbourne\"}]},{\"@type\":\"WebSite\",\"@id\":\"https:\/\/tourtravelandmore.com\/fr\/#website\",\"url\":\"https:\/\/tourtravelandmore.com\/fr\/\",\"name\":\"Tour Travel And More\",\"description\":\"Private sightseeing tours and luxury transfers in Spain\",\"publisher\":{\"@id\":\"https:\/\/tourtravelandmore.com\/fr\/#organization\"},\"potentialAction\":[{\"@type\":\"SearchAction\",\"target\":{\"@type\":\"EntryPoint\",\"urlTemplate\":\"https:\/\/tourtravelandmore.com\/fr\/?s={search_term_string}\"},\"query-input\":{\"@type\":\"PropertyValueSpecification\",\"valueRequired\":true,\"valueName\":\"search_term_string\"}}],\"inLanguage\":\"fr-FR\"},{\"@type\":\"Organization\",\"@id\":\"https:\/\/tourtravelandmore.com\/fr\/#organization\",\"name\":\"Tour Travel And More\",\"url\":\"https:\/\/tourtravelandmore.com\/fr\/\",\"logo\":{\"@type\":\"ImageObject\",\"inLanguage\":\"fr-FR\",\"@id\":\"https:\/\/tourtravelandmore.com\/fr\/#\/schema\/logo\/image\/\",\"url\":\"https:\/\/tourtravelandmore.com\/wp-content\/uploads\/2022\/12\/cropped-logo-cabecera-new.png\",\"contentUrl\":\"https:\/\/tourtravelandmore.com\/wp-content\/uploads\/2022\/12\/cropped-logo-cabecera-new.png\",\"width\":430,\"height\":61,\"caption\":\"Tour Travel And More\"},\"image\":{\"@id\":\"https:\/\/tourtravelandmore.com\/fr\/#\/schema\/logo\/image\/\"},\"sameAs\":[\"https:\/\/www.facebook.com\/tourtravelandmore\/\",\"https:\/\/x.com\/TourTravel_More\"]}]}<\/script>\n<!-- \/ Yoast SEO Premium plugin. -->","yoast_head_json":{"title":"Visite priv\u00e9e de Phillip Island au d\u00e9part de Melbourne avec chauffeur \/ guide local","description":"Profitez de l'une des exp\u00e9riences les plus appr\u00e9ci\u00e9es d'Australie, la parade des pingouins, avec notre visite priv\u00e9e de l'\u00eele Philip au d\u00e9part de Melbourne","robots":{"index":"index","follow":"follow","max-snippet":"max-snippet:-1","max-image-preview":"max-image-preview:large","max-video-preview":"max-video-preview:-1"},"canonical":"https:\/\/tourtravelandmore.com\/fr\/tours\/australie-fr\/melbourne-fr\/visite-privee-de-phillip-island-et-du-sanctuaire-au-clair-de-lune-au-depart-de-melbourne\/","og_locale":"fr_FR","og_type":"article","og_title":"Visite priv\u00e9e de Phillip Island et du sanctuaire au clair de lune au d\u00e9part de Melbourne","og_description":"Profitez de l'une des exp\u00e9riences les plus appr\u00e9ci\u00e9es d'Australie, la parade des pingouins, avec notre visite priv\u00e9e de l'\u00eele Philip au d\u00e9part de Melbourne","og_url":"https:\/\/tourtravelandmore.com\/fr\/tours\/australie-fr\/melbourne-fr\/visite-privee-de-phillip-island-et-du-sanctuaire-au-clair-de-lune-au-depart-de-melbourne\/","og_site_name":"Tour Travel And More","article_publisher":"https:\/\/www.facebook.com\/tourtravelandmore\/","article_modified_time":"2022-10-25T14:11:37+00:00","og_image":[{"width":1350,"height":900,"url":"https:\/\/tourtravelandmore.com\/wp-content\/uploads\/2021\/01\/Philip-island.jpeg","type":"image\/jpeg"}],"twitter_card":"summary_large_image","twitter_site":"@TourTravel_More","twitter_misc":{"Dur\u00e9e de lecture estim\u00e9e":"2 minutes"},"schema":{"@context":"https:\/\/schema.org","@graph":[{"@type":"WebPage","@id":"https:\/\/tourtravelandmore.com\/fr\/tours\/australie-fr\/melbourne-fr\/visite-privee-de-phillip-island-et-du-sanctuaire-au-clair-de-lune-au-depart-de-melbourne\/","url":"https:\/\/tourtravelandmore.com\/fr\/tours\/australie-fr\/melbourne-fr\/visite-privee-de-phillip-island-et-du-sanctuaire-au-clair-de-lune-au-depart-de-melbourne\/","name":"Visite priv\u00e9e de Phillip Island au d\u00e9part de Melbourne avec chauffeur \/ guide local","isPartOf":{"@id":"https:\/\/tourtravelandmore.com\/fr\/#website"},"primaryImageOfPage":{"@id":"https:\/\/tourtravelandmore.com\/fr\/tours\/australie-fr\/melbourne-fr\/visite-privee-de-phillip-island-et-du-sanctuaire-au-clair-de-lune-au-depart-de-melbourne\/#primaryimage"},"image":{"@id":"https:\/\/tourtravelandmore.com\/fr\/tours\/australie-fr\/melbourne-fr\/visite-privee-de-phillip-island-et-du-sanctuaire-au-clair-de-lune-au-depart-de-melbourne\/#primaryimage"},"thumbnailUrl":"https:\/\/tourtravelandmore.com\/wp-content\/uploads\/2021\/01\/Philip-island.jpeg","datePublished":"2021-01-28T09:28:59+00:00","dateModified":"2022-10-25T14:11:37+00:00","description":"Profitez de l'une des exp\u00e9riences les plus appr\u00e9ci\u00e9es d'Australie, la parade des pingouins, avec notre visite priv\u00e9e de l'\u00eele Philip au d\u00e9part de Melbourne","breadcrumb":{"@id":"https:\/\/tourtravelandmore.com\/fr\/tours\/australie-fr\/melbourne-fr\/visite-privee-de-phillip-island-et-du-sanctuaire-au-clair-de-lune-au-depart-de-melbourne\/#breadcrumb"},"inLanguage":"fr-FR","potentialAction":[{"@type":"ReadAction","target":["https:\/\/tourtravelandmore.com\/fr\/tours\/australie-fr\/melbourne-fr\/visite-privee-de-phillip-island-et-du-sanctuaire-au-clair-de-lune-au-depart-de-melbourne\/"]}]},{"@type":"ImageObject","inLanguage":"fr-FR","@id":"https:\/\/tourtravelandmore.com\/fr\/tours\/australie-fr\/melbourne-fr\/visite-privee-de-phillip-island-et-du-sanctuaire-au-clair-de-lune-au-depart-de-melbourne\/#primaryimage","url":"https:\/\/tourtravelandmore.com\/wp-content\/uploads\/2021\/01\/Philip-island.jpeg","contentUrl":"https:\/\/tourtravelandmore.com\/wp-content\/uploads\/2021\/01\/Philip-island.jpeg","width":1350,"height":900,"caption":"Philip island"},{"@type":"BreadcrumbList","@id":"https:\/\/tourtravelandmore.com\/fr\/tours\/australie-fr\/melbourne-fr\/visite-privee-de-phillip-island-et-du-sanctuaire-au-clair-de-lune-au-depart-de-melbourne\/#breadcrumb","itemListElement":[{"@type":"ListItem","position":1,"name":"Home","item":"https:\/\/tourtravelandmore.com\/fr\/"},{"@type":"ListItem","position":2,"name":"Tours","item":"https:\/\/tourtravelandmore.com\/fr\/tours\/"},{"@type":"ListItem","position":3,"name":"Visite priv\u00e9e de Phillip Island et du sanctuaire au clair de lune au d\u00e9part de Melbourne"}]},{"@type":"WebSite","@id":"https:\/\/tourtravelandmore.com\/fr\/#website","url":"https:\/\/tourtravelandmore.com\/fr\/","name":"Tour Travel And More","description":"Private sightseeing tours and luxury transfers in Spain","publisher":{"@id":"https:\/\/tourtravelandmore.com\/fr\/#organization"},"potentialAction":[{"@type":"SearchAction","target":{"@type":"EntryPoint","urlTemplate":"https:\/\/tourtravelandmore.com\/fr\/?s={search_term_string}"},"query-input":{"@type":"PropertyValueSpecification","valueRequired":true,"valueName":"search_term_string"}}],"inLanguage":"fr-FR"},{"@type":"Organization","@id":"https:\/\/tourtravelandmore.com\/fr\/#organization","name":"Tour Travel And More","url":"https:\/\/tourtravelandmore.com\/fr\/","logo":{"@type":"ImageObject","inLanguage":"fr-FR","@id":"https:\/\/tourtravelandmore.com\/fr\/#\/schema\/logo\/image\/","url":"https:\/\/tourtravelandmore.com\/wp-content\/uploads\/2022\/12\/cropped-logo-cabecera-new.png","contentUrl":"https:\/\/tourtravelandmore.com\/wp-content\/uploads\/2022\/12\/cropped-logo-cabecera-new.png","width":430,"height":61,"caption":"Tour Travel And More"},"image":{"@id":"https:\/\/tourtravelandmore.com\/fr\/#\/schema\/logo\/image\/"},"sameAs":["https:\/\/www.facebook.com\/tourtravelandmore\/","https:\/\/x.com\/TourTravel_More"]}]}},"_links":{"self":[{"href":"https:\/\/tourtravelandmore.com\/fr\/wp-json\/wp\/v2\/product\/101891","targetHints":{"allow":["GET"]}}],"collection":[{"href":"https:\/\/tourtravelandmore.com\/fr\/wp-json\/wp\/v2\/product"}],"about":[{"href":"https:\/\/tourtravelandmore.com\/fr\/wp-json\/wp\/v2\/types\/product"}],"replies":[{"embeddable":true,"href":"https:\/\/tourtravelandmore.com\/fr\/wp-json\/wp\/v2\/comments?post=101891"}],"wp:featuredmedia":[{"embeddable":true,"href":"https:\/\/tourtravelandmore.com\/fr\/wp-json\/wp\/v2\/media\/92436"}],"wp:attachment":[{"href":"https:\/\/tourtravelandmore.com\/fr\/wp-json\/wp\/v2\/media?parent=101891"}],"wp:term":[{"taxonomy":"product_brand","embeddable":true,"href":"https:\/\/tourtravelandmore.com\/fr\/wp-json\/wp\/v2\/product_brand?post=101891"},{"taxonomy":"product_cat","embeddable":true,"href":"https:\/\/tourtravelandmore.com\/fr\/wp-json\/wp\/v2\/product_cat?post=101891"},{"taxonomy":"product_tag","embeddable":true,"href":"https:\/\/tourtravelandmore.com\/fr\/wp-json\/wp\/v2\/product_tag?post=101891"}],"curies":[{"name":"wp","href":"https:\/\/api.w.org\/{rel}","templated":true}]}}