{"id":101877,"date":"2021-01-27T14:07:26","date_gmt":"2021-01-27T13:07:26","guid":{"rendered":"https:\/\/tourtravelandmore.com\/tours\/non%20class\u00e9\/visite-privee-de-la-ville-de-melbourne\/"},"modified":"2022-10-25T15:54:21","modified_gmt":"2022-10-25T13:54:21","slug":"visite-privee-de-la-ville-de-melbourne","status":"publish","type":"product","link":"https:\/\/tourtravelandmore.com\/fr\/tours\/australie-fr\/melbourne-fr\/visite-privee-de-la-ville-de-melbourne\/","title":{"rendered":"Visite priv\u00e9e de la ville de Melbourne"},"content":{"rendered":"<h2>Description<\/h2>\n<p>Explorez <strong>Melbourne<\/strong>, la ville la plus habitable du monde, avec notre <strong>visite priv\u00e9e de la ville de Melbourne<\/strong>. <strong>Immergez-vous dans la culture, l&#8217;art, le caf\u00e9, les bars et l&#8217;architecture saisissante de la capitale de Victoria.<\/strong> Tous nos guides sont locaux et agr\u00e9\u00e9s, ils veilleront \u00e0 ce que vous viviez une exp\u00e9rience inoubliable \u00e0 Melbourne.<\/p>\n<p>Tout d&#8217;abord, votre chauffeur et votre guide viendront vous chercher \u00e0 l&#8217;endroit souhait\u00e9 dans la ville. La prise en charge peut \u00eatre organis\u00e9e dans votre h\u00f4tel, appartement ou lieu souhait\u00e9 \u00e0 Melbourne. Apr\u00e8s cela, vous commencerez votre visite personnalis\u00e9e de la ville. Nos guides sont des locaux, ils vous aideront \u00e0 d\u00e9couvrir la ville en fonction de vos int\u00e9r\u00eats et d\u00e9sirs personnels.<\/p>\n<p>Melbourne offre de nombreux sites qui peuvent \u00eatre visit\u00e9s lors d&#8217;une visite de la ville et qui peuvent \u00eatre difficiles \u00e0 d\u00e9cider. Par cons\u00e9quent, en fonction de vos int\u00e9r\u00eats personnels, nous pouvons organiser un itin\u00e9raire sur mesure. N&#8217;h\u00e9sitez pas \u00e0 nous contacter pour une exp\u00e9rience personnalis\u00e9e.<\/p>\n<h2>Sites d&#8217;int\u00e9r\u00eat et points de rep\u00e8re<\/h2>\n<p><strong>Melbourne<\/strong>, la capitale de <strong>Victoria<\/strong>, est la deuxi\u00e8me plus grande ville du pays apr\u00e8s <strong>Sydney<\/strong>. Elle est consid\u00e9r\u00e9e comme la capitale culturelle du pays, offrant une cuisine exquise, un sport exaltant et de nombreuses occasions de d\u00e9couvrir l&#8217;art.<\/p>\n<p>Lors de votre visite priv\u00e9e de la ville de Melbourne, vous explorerez la ville et ses sites les plus embl\u00e9matiques \u00e0 c\u00f4t\u00e9 d&#8217;un guide local. L&#8217;itin\u00e9raire et les sites \u00e0 visiter pendant le circuit sont modulables selon vos d\u00e9sirs personnels.<\/p>\n<p>Parmi les nombreux sites que vous pouvez visiter \u00e0 Melbourne, vous trouverez:<\/p>\n<ul>\n<li><strong>Gare de Flinders Street.<\/strong><\/li>\n<li><strong>B\u00e2timent royal des expositions.<\/strong><\/li>\n<li><strong>Place de la F\u00e9d\u00e9ration.<\/strong><\/li>\n<li><strong>March\u00e9 de la reine Victoria et ses produits de saison.<\/strong><\/li>\n<li><strong>Le mile d&#8217;or.<\/strong><\/li>\n<li><strong>Jardins botaniques royaux.<\/strong><\/li>\n<li><strong>Quartier de St Kilda et Brighton avec les fameuses bo\u00eetes de bain.<\/strong><\/li>\n<li><strong>Explorez les ruelles et les arcades avec des boutiques locales, des caf\u00e9s et des arts de la rue de renomm\u00e9e mondiale.<\/strong><\/li>\n<li><strong>Beaucoup plus.<\/strong><\/li>\n<\/ul>\n<p>De plus, vous obtiendrez bien s\u00fbr des conseils locaux pour manger et boire en ville pour vos prochains jours!<\/p>\n<p>Votre chauffeur \/ guide priv\u00e9 veillera \u00e0 ce que vous passiez un merveilleux moment \u00e0 Melbourne. N&#8217;oubliez pas que l&#8217;itin\u00e9raire et les lieux \u00e0 visiter sont enti\u00e8rement modulables selon vos d\u00e9sirs personnels. En conclusion, contactez-nous pour une exp\u00e9rience sur mesure. Nous proposons de nombreuses autres visites au d\u00e9part de Melbourne, vous pouvez consulter notre site Web.<\/p>\n","protected":false},"excerpt":{"rendered":"<p>Explorez la ville avec un expert local et d\u00e9couvrez pourquoi Melbourne est l&#8217;une des villes les plus vivables du monde.<\/p>\n","protected":false},"featured_media":92345,"comment_status":"open","ping_status":"closed","template":"","meta":{"_acf_changed":false},"product_brand":[],"product_cat":[3714,3718],"product_tag":[],"class_list":{"0":"post-101877","1":"product","2":"type-product","3":"status-publish","4":"has-post-thumbnail","6":"product_cat-australie-fr","7":"product_cat-melbourne-fr","9":"first","10":"instock","11":"shipping-taxable","12":"purchasable","13":"product-type-simple"},"acf":[],"yoast_head":"<!-- This site is optimized with the Yoast SEO Premium plugin v25.3.1 (Yoast SEO v25.3.1) - https:\/\/yoast.com\/wordpress\/plugins\/seo\/ -->\n<title>Visite priv\u00e9e de la ville de Melbourne avec chauffeur \/ guide local - Visite personnalis\u00e9e<\/title>\n<meta name=\"description\" content=\"Explorez la merveilleuse ville de Melbourne aux c\u00f4t\u00e9s d&#039;un expert local. D\u00e9couvrez les principaux monuments avec notre visite priv\u00e9e de la ville de Melbourne\" \/>\n<meta name=\"robots\" content=\"index, follow, max-snippet:-1, max-image-preview:large, max-video-preview:-1\" \/>\n<link rel=\"canonical\" href=\"https:\/\/tourtravelandmore.com\/fr\/tours\/australie-fr\/melbourne-fr\/visite-privee-de-la-ville-de-melbourne\/\" \/>\n<meta property=\"og:locale\" content=\"fr_FR\" \/>\n<meta property=\"og:type\" content=\"article\" \/>\n<meta property=\"og:title\" content=\"Visite priv\u00e9e de la ville de Melbourne\" \/>\n<meta property=\"og:description\" content=\"Explorez la merveilleuse ville de Melbourne aux c\u00f4t\u00e9s d&#039;un expert local. D\u00e9couvrez les principaux monuments avec notre visite priv\u00e9e de la ville de Melbourne\" \/>\n<meta property=\"og:url\" content=\"https:\/\/tourtravelandmore.com\/fr\/tours\/australie-fr\/melbourne-fr\/visite-privee-de-la-ville-de-melbourne\/\" \/>\n<meta property=\"og:site_name\" content=\"Tour Travel And More\" \/>\n<meta property=\"article:publisher\" content=\"https:\/\/www.facebook.com\/tourtravelandmore\/\" \/>\n<meta property=\"article:modified_time\" content=\"2022-10-25T13:54:21+00:00\" \/>\n<meta property=\"og:image\" content=\"https:\/\/tourtravelandmore.com\/wp-content\/uploads\/2021\/01\/Flinders-street.jpeg\" \/>\n\t<meta property=\"og:image:width\" content=\"751\" \/>\n\t<meta property=\"og:image:height\" content=\"501\" \/>\n\t<meta property=\"og:image:type\" content=\"image\/jpeg\" \/>\n<meta name=\"twitter:card\" content=\"summary_large_image\" \/>\n<meta name=\"twitter:site\" content=\"@TourTravel_More\" \/>\n<meta name=\"twitter:label1\" content=\"Dur\u00e9e de lecture estim\u00e9e\" \/>\n\t<meta name=\"twitter:data1\" content=\"2 minutes\" \/>\n<script type=\"application\/ld+json\" class=\"yoast-schema-graph\">{\"@context\":\"https:\/\/schema.org\",\"@graph\":[{\"@type\":\"WebPage\",\"@id\":\"https:\/\/tourtravelandmore.com\/fr\/tours\/australie-fr\/melbourne-fr\/visite-privee-de-la-ville-de-melbourne\/\",\"url\":\"https:\/\/tourtravelandmore.com\/fr\/tours\/australie-fr\/melbourne-fr\/visite-privee-de-la-ville-de-melbourne\/\",\"name\":\"Visite priv\u00e9e de la ville de Melbourne avec chauffeur \/ guide local - Visite personnalis\u00e9e\",\"isPartOf\":{\"@id\":\"https:\/\/tourtravelandmore.com\/fr\/#website\"},\"primaryImageOfPage\":{\"@id\":\"https:\/\/tourtravelandmore.com\/fr\/tours\/australie-fr\/melbourne-fr\/visite-privee-de-la-ville-de-melbourne\/#primaryimage\"},\"image\":{\"@id\":\"https:\/\/tourtravelandmore.com\/fr\/tours\/australie-fr\/melbourne-fr\/visite-privee-de-la-ville-de-melbourne\/#primaryimage\"},\"thumbnailUrl\":\"https:\/\/tourtravelandmore.com\/wp-content\/uploads\/2021\/01\/Flinders-street.jpeg\",\"datePublished\":\"2021-01-27T13:07:26+00:00\",\"dateModified\":\"2022-10-25T13:54:21+00:00\",\"description\":\"Explorez la merveilleuse ville de Melbourne aux c\u00f4t\u00e9s d'un expert local. D\u00e9couvrez les principaux monuments avec notre visite priv\u00e9e de la ville de Melbourne\",\"breadcrumb\":{\"@id\":\"https:\/\/tourtravelandmore.com\/fr\/tours\/australie-fr\/melbourne-fr\/visite-privee-de-la-ville-de-melbourne\/#breadcrumb\"},\"inLanguage\":\"fr-FR\",\"potentialAction\":[{\"@type\":\"ReadAction\",\"target\":[\"https:\/\/tourtravelandmore.com\/fr\/tours\/australie-fr\/melbourne-fr\/visite-privee-de-la-ville-de-melbourne\/\"]}]},{\"@type\":\"ImageObject\",\"inLanguage\":\"fr-FR\",\"@id\":\"https:\/\/tourtravelandmore.com\/fr\/tours\/australie-fr\/melbourne-fr\/visite-privee-de-la-ville-de-melbourne\/#primaryimage\",\"url\":\"https:\/\/tourtravelandmore.com\/wp-content\/uploads\/2021\/01\/Flinders-street.jpeg\",\"contentUrl\":\"https:\/\/tourtravelandmore.com\/wp-content\/uploads\/2021\/01\/Flinders-street.jpeg\",\"width\":751,\"height\":501,\"caption\":\"flinders street\"},{\"@type\":\"BreadcrumbList\",\"@id\":\"https:\/\/tourtravelandmore.com\/fr\/tours\/australie-fr\/melbourne-fr\/visite-privee-de-la-ville-de-melbourne\/#breadcrumb\",\"itemListElement\":[{\"@type\":\"ListItem\",\"position\":1,\"name\":\"Home\",\"item\":\"https:\/\/tourtravelandmore.com\/fr\/\"},{\"@type\":\"ListItem\",\"position\":2,\"name\":\"Tours\",\"item\":\"https:\/\/tourtravelandmore.com\/fr\/tours\/\"},{\"@type\":\"ListItem\",\"position\":3,\"name\":\"Visite priv\u00e9e de la ville de Melbourne\"}]},{\"@type\":\"WebSite\",\"@id\":\"https:\/\/tourtravelandmore.com\/fr\/#website\",\"url\":\"https:\/\/tourtravelandmore.com\/fr\/\",\"name\":\"Tour Travel And More\",\"description\":\"Private sightseeing tours and luxury transfers in Spain\",\"publisher\":{\"@id\":\"https:\/\/tourtravelandmore.com\/fr\/#organization\"},\"potentialAction\":[{\"@type\":\"SearchAction\",\"target\":{\"@type\":\"EntryPoint\",\"urlTemplate\":\"https:\/\/tourtravelandmore.com\/fr\/?s={search_term_string}\"},\"query-input\":{\"@type\":\"PropertyValueSpecification\",\"valueRequired\":true,\"valueName\":\"search_term_string\"}}],\"inLanguage\":\"fr-FR\"},{\"@type\":\"Organization\",\"@id\":\"https:\/\/tourtravelandmore.com\/fr\/#organization\",\"name\":\"Tour Travel And More\",\"url\":\"https:\/\/tourtravelandmore.com\/fr\/\",\"logo\":{\"@type\":\"ImageObject\",\"inLanguage\":\"fr-FR\",\"@id\":\"https:\/\/tourtravelandmore.com\/fr\/#\/schema\/logo\/image\/\",\"url\":\"https:\/\/tourtravelandmore.com\/wp-content\/uploads\/2022\/12\/cropped-logo-cabecera-new.png\",\"contentUrl\":\"https:\/\/tourtravelandmore.com\/wp-content\/uploads\/2022\/12\/cropped-logo-cabecera-new.png\",\"width\":430,\"height\":61,\"caption\":\"Tour Travel And More\"},\"image\":{\"@id\":\"https:\/\/tourtravelandmore.com\/fr\/#\/schema\/logo\/image\/\"},\"sameAs\":[\"https:\/\/www.facebook.com\/tourtravelandmore\/\",\"https:\/\/x.com\/TourTravel_More\"]}]}<\/script>\n<!-- \/ Yoast SEO Premium plugin. -->","yoast_head_json":{"title":"Visite priv\u00e9e de la ville de Melbourne avec chauffeur \/ guide local - Visite personnalis\u00e9e","description":"Explorez la merveilleuse ville de Melbourne aux c\u00f4t\u00e9s d'un expert local. D\u00e9couvrez les principaux monuments avec notre visite priv\u00e9e de la ville de Melbourne","robots":{"index":"index","follow":"follow","max-snippet":"max-snippet:-1","max-image-preview":"max-image-preview:large","max-video-preview":"max-video-preview:-1"},"canonical":"https:\/\/tourtravelandmore.com\/fr\/tours\/australie-fr\/melbourne-fr\/visite-privee-de-la-ville-de-melbourne\/","og_locale":"fr_FR","og_type":"article","og_title":"Visite priv\u00e9e de la ville de Melbourne","og_description":"Explorez la merveilleuse ville de Melbourne aux c\u00f4t\u00e9s d'un expert local. D\u00e9couvrez les principaux monuments avec notre visite priv\u00e9e de la ville de Melbourne","og_url":"https:\/\/tourtravelandmore.com\/fr\/tours\/australie-fr\/melbourne-fr\/visite-privee-de-la-ville-de-melbourne\/","og_site_name":"Tour Travel And More","article_publisher":"https:\/\/www.facebook.com\/tourtravelandmore\/","article_modified_time":"2022-10-25T13:54:21+00:00","og_image":[{"width":751,"height":501,"url":"https:\/\/tourtravelandmore.com\/wp-content\/uploads\/2021\/01\/Flinders-street.jpeg","type":"image\/jpeg"}],"twitter_card":"summary_large_image","twitter_site":"@TourTravel_More","twitter_misc":{"Dur\u00e9e de lecture estim\u00e9e":"2 minutes"},"schema":{"@context":"https:\/\/schema.org","@graph":[{"@type":"WebPage","@id":"https:\/\/tourtravelandmore.com\/fr\/tours\/australie-fr\/melbourne-fr\/visite-privee-de-la-ville-de-melbourne\/","url":"https:\/\/tourtravelandmore.com\/fr\/tours\/australie-fr\/melbourne-fr\/visite-privee-de-la-ville-de-melbourne\/","name":"Visite priv\u00e9e de la ville de Melbourne avec chauffeur \/ guide local - Visite personnalis\u00e9e","isPartOf":{"@id":"https:\/\/tourtravelandmore.com\/fr\/#website"},"primaryImageOfPage":{"@id":"https:\/\/tourtravelandmore.com\/fr\/tours\/australie-fr\/melbourne-fr\/visite-privee-de-la-ville-de-melbourne\/#primaryimage"},"image":{"@id":"https:\/\/tourtravelandmore.com\/fr\/tours\/australie-fr\/melbourne-fr\/visite-privee-de-la-ville-de-melbourne\/#primaryimage"},"thumbnailUrl":"https:\/\/tourtravelandmore.com\/wp-content\/uploads\/2021\/01\/Flinders-street.jpeg","datePublished":"2021-01-27T13:07:26+00:00","dateModified":"2022-10-25T13:54:21+00:00","description":"Explorez la merveilleuse ville de Melbourne aux c\u00f4t\u00e9s d'un expert local. D\u00e9couvrez les principaux monuments avec notre visite priv\u00e9e de la ville de Melbourne","breadcrumb":{"@id":"https:\/\/tourtravelandmore.com\/fr\/tours\/australie-fr\/melbourne-fr\/visite-privee-de-la-ville-de-melbourne\/#breadcrumb"},"inLanguage":"fr-FR","potentialAction":[{"@type":"ReadAction","target":["https:\/\/tourtravelandmore.com\/fr\/tours\/australie-fr\/melbourne-fr\/visite-privee-de-la-ville-de-melbourne\/"]}]},{"@type":"ImageObject","inLanguage":"fr-FR","@id":"https:\/\/tourtravelandmore.com\/fr\/tours\/australie-fr\/melbourne-fr\/visite-privee-de-la-ville-de-melbourne\/#primaryimage","url":"https:\/\/tourtravelandmore.com\/wp-content\/uploads\/2021\/01\/Flinders-street.jpeg","contentUrl":"https:\/\/tourtravelandmore.com\/wp-content\/uploads\/2021\/01\/Flinders-street.jpeg","width":751,"height":501,"caption":"flinders street"},{"@type":"BreadcrumbList","@id":"https:\/\/tourtravelandmore.com\/fr\/tours\/australie-fr\/melbourne-fr\/visite-privee-de-la-ville-de-melbourne\/#breadcrumb","itemListElement":[{"@type":"ListItem","position":1,"name":"Home","item":"https:\/\/tourtravelandmore.com\/fr\/"},{"@type":"ListItem","position":2,"name":"Tours","item":"https:\/\/tourtravelandmore.com\/fr\/tours\/"},{"@type":"ListItem","position":3,"name":"Visite priv\u00e9e de la ville de Melbourne"}]},{"@type":"WebSite","@id":"https:\/\/tourtravelandmore.com\/fr\/#website","url":"https:\/\/tourtravelandmore.com\/fr\/","name":"Tour Travel And More","description":"Private sightseeing tours and luxury transfers in Spain","publisher":{"@id":"https:\/\/tourtravelandmore.com\/fr\/#organization"},"potentialAction":[{"@type":"SearchAction","target":{"@type":"EntryPoint","urlTemplate":"https:\/\/tourtravelandmore.com\/fr\/?s={search_term_string}"},"query-input":{"@type":"PropertyValueSpecification","valueRequired":true,"valueName":"search_term_string"}}],"inLanguage":"fr-FR"},{"@type":"Organization","@id":"https:\/\/tourtravelandmore.com\/fr\/#organization","name":"Tour Travel And More","url":"https:\/\/tourtravelandmore.com\/fr\/","logo":{"@type":"ImageObject","inLanguage":"fr-FR","@id":"https:\/\/tourtravelandmore.com\/fr\/#\/schema\/logo\/image\/","url":"https:\/\/tourtravelandmore.com\/wp-content\/uploads\/2022\/12\/cropped-logo-cabecera-new.png","contentUrl":"https:\/\/tourtravelandmore.com\/wp-content\/uploads\/2022\/12\/cropped-logo-cabecera-new.png","width":430,"height":61,"caption":"Tour Travel And More"},"image":{"@id":"https:\/\/tourtravelandmore.com\/fr\/#\/schema\/logo\/image\/"},"sameAs":["https:\/\/www.facebook.com\/tourtravelandmore\/","https:\/\/x.com\/TourTravel_More"]}]}},"_links":{"self":[{"href":"https:\/\/tourtravelandmore.com\/fr\/wp-json\/wp\/v2\/product\/101877","targetHints":{"allow":["GET"]}}],"collection":[{"href":"https:\/\/tourtravelandmore.com\/fr\/wp-json\/wp\/v2\/product"}],"about":[{"href":"https:\/\/tourtravelandmore.com\/fr\/wp-json\/wp\/v2\/types\/product"}],"replies":[{"embeddable":true,"href":"https:\/\/tourtravelandmore.com\/fr\/wp-json\/wp\/v2\/comments?post=101877"}],"wp:featuredmedia":[{"embeddable":true,"href":"https:\/\/tourtravelandmore.com\/fr\/wp-json\/wp\/v2\/media\/92345"}],"wp:attachment":[{"href":"https:\/\/tourtravelandmore.com\/fr\/wp-json\/wp\/v2\/media?parent=101877"}],"wp:term":[{"taxonomy":"product_brand","embeddable":true,"href":"https:\/\/tourtravelandmore.com\/fr\/wp-json\/wp\/v2\/product_brand?post=101877"},{"taxonomy":"product_cat","embeddable":true,"href":"https:\/\/tourtravelandmore.com\/fr\/wp-json\/wp\/v2\/product_cat?post=101877"},{"taxonomy":"product_tag","embeddable":true,"href":"https:\/\/tourtravelandmore.com\/fr\/wp-json\/wp\/v2\/product_tag?post=101877"}],"curies":[{"name":"wp","href":"https:\/\/api.w.org\/{rel}","templated":true}]}}