{"id":101866,"date":"2019-10-28T05:49:00","date_gmt":"2019-10-28T04:49:00","guid":{"rendered":"https:\/\/tourtravelandmore.com\/tours\/non%20class\u00e9\/transfert-prive-a-hallstatt\/"},"modified":"2021-03-09T20:52:32","modified_gmt":"2021-03-09T19:52:32","slug":"transfert-prive-a-hallstatt","status":"publish","type":"product","link":"https:\/\/tourtravelandmore.com\/fr\/tours\/lautriche-fr\/hallstatt-fr\/transfert-prive-a-hallstatt\/","title":{"rendered":"Transfert priv\u00e9 \u00e0 Hallstatt"},"content":{"rendered":"<h2>Description<\/h2>\n<p>Avec notre transfert priv\u00e9 de Hallstatt \u00e0 Hallstatt. Chez Tour Travel &amp; More, nous vous proposons le moyen le plus rapide et le plus simple d&#8217;atteindre votre destination finale \u00e0 Hallstatt dans le confort d&#8217;un v\u00e9hicule de luxe priv\u00e9 avec votre propre chauffeur priv\u00e9. C&#8217;est le meilleur moyen de profiter d&#8217;une exp\u00e9rience relaxante sans tracas.<\/p>\n<p>A votre disposition, nous vous proposons tout type de transfert priv\u00e9. Il peut s&#8217;agir de transferts a\u00e9roport d&#8217;arriv\u00e9e ou de d\u00e9part. Nous proposons \u00e9galement des transferts vers la gare et les ports de croisi\u00e8re. Si vous \u00eates d\u00e9j\u00e0 en ville, nous pouvons organiser des transferts vers une autre ville ou des transferts \u00e0 l&#8217;int\u00e9rieur de la ville. Cela peut \u00eatre des transferts de restaurant ou des transferts d&#8217;\u00e9v\u00e9nements. Contactez simplement l&#8217;un de nos experts en voyages.<\/p>\n<p>Nous sommes tr\u00e8s faciles \u00e0 vivre. Contactez-nous, dites-nous ce dont vous avez besoin et nous organiserons une exp\u00e9rience priv\u00e9e pour vous. Ne vous inqui\u00e9tez pas pour vos bagages. Il s&#8217;int\u00e8gre parfaitement dans nos v\u00e9hicules. Si vous aviez beaucoup de bagages, faites-le nous savoir et nous organiserons un v\u00e9hicule plus grand. Nous avons \u00e9galement des si\u00e8ges enfants disponibles si vous en avez besoin.<\/p>\n<h2>Sites d&#8217;int\u00e9r\u00eat et monuments<\/h2>\n<p>Hallstatt est une petite ville du district de Gmunden, dans l&#8217;\u00c9tat autrichien de Haute-Autriche. Situ\u00e9e entre la rive sud-ouest de Hallst\u00e4tter See et les pentes abruptes du massif du Dachstein, la ville se trouve dans la r\u00e9gion du Salzkammergut, sur la route nationale reliant Salzbourg et Graz. La ville est au c\u0153ur du &#8220;paysage culturel de Hallstatt-Dachstein \/ Salzkammergut&#8221; d\u00e9clar\u00e9 comme l&#8217;un des sites du patrimoine mondial en Autriche par l&#8217;UNESCO en 1997. Hallstatt a une vari\u00e9t\u00e9 d&#8217;activit\u00e9s touristiques qui vont de la glisse sur le lac aux allures de fjord, fl\u00e2ner dans les rues le long de maisons en bois, explorer une vaste grotte de glace, glisser sur un toboggan de mineur de sel ou admirer des vues incomparables sur le sommet d&#8217;une montagne lors d&#8217;une randonn\u00e9e. Ce transfert priv\u00e9 \u00e0 Hallstatt donnera une bonne longueur d&#8217;avance \u00e0 votre exp\u00e9rience \u00e0 Hallstatt.<\/p>\n<p>D\u00e9couvrez les autres circuits que nous proposons. N&#8217;oubliez pas que nous pouvons personnaliser une visite rien que pour vous \u00e0 n&#8217;importe quel endroit!<\/p>\n","protected":false},"excerpt":{"rendered":"<p>Profitez de cette occasion pour profiter de ce moyen confortable pour vous rendre \u00e0 votre destination finale \u00e0 Hallstatt. Vous disposerez de votre propre v\u00e9hicule de luxe priv\u00e9 avec chauffeur pour vous conduire rapidement et confortablement \u00e0 l&#8217;emplacement de votre choix. La prise en charge peut se faire \u00e0 l&#8217;h\u00f4tel, \u00e0 l&#8217;a\u00e9roport, \u00e0 la gare ou au lieu de votre choix.<\/p>\n","protected":false},"featured_media":93541,"comment_status":"open","ping_status":"closed","template":"","meta":{"_acf_changed":false},"product_brand":[],"product_cat":[3709,3721],"product_tag":[4043,4042],"class_list":{"0":"post-101866","1":"product","2":"type-product","3":"status-publish","4":"has-post-thumbnail","6":"product_cat-lautriche-fr","7":"product_cat-hallstatt-fr","8":"product_tag-private-fr","9":"product_tag-transfer-fr","11":"first","12":"instock","13":"shipping-taxable","14":"purchasable","15":"product-type-simple"},"acf":[],"yoast_head":"<!-- This site is optimized with the Yoast SEO Premium plugin v25.3.1 (Yoast SEO v25.3.1) - https:\/\/yoast.com\/wordpress\/plugins\/seo\/ -->\n<title>Transfert priv\u00e9 a\u00e9roport \/ port de Hallstatt - Transfert priv\u00e9 de Hallstatt<\/title>\n<meta name=\"description\" content=\"Arrivez \u00e0 votre destination finale \u00e0 Hallstatt avec notre transfert priv\u00e9 \u00e0 Hallstatt. V\u00e9hicule de luxe priv\u00e9 avec chauffeur pour vous rendre confortablement \u00e0 votre emplacement.\" \/>\n<meta name=\"robots\" content=\"index, follow, max-snippet:-1, max-image-preview:large, max-video-preview:-1\" \/>\n<link rel=\"canonical\" href=\"https:\/\/tourtravelandmore.com\/fr\/tours\/lautriche-fr\/hallstatt-fr\/transfert-prive-a-hallstatt\/\" \/>\n<meta property=\"og:locale\" content=\"fr_FR\" \/>\n<meta property=\"og:type\" content=\"article\" \/>\n<meta property=\"og:title\" content=\"Transfert priv\u00e9 \u00e0 Hallstatt\" \/>\n<meta property=\"og:description\" content=\"Arrivez \u00e0 votre destination finale \u00e0 Hallstatt avec notre transfert priv\u00e9 \u00e0 Hallstatt. V\u00e9hicule de luxe priv\u00e9 avec chauffeur pour vous rendre confortablement \u00e0 votre emplacement.\" \/>\n<meta property=\"og:url\" content=\"https:\/\/tourtravelandmore.com\/fr\/tours\/lautriche-fr\/hallstatt-fr\/transfert-prive-a-hallstatt\/\" \/>\n<meta property=\"og:site_name\" content=\"Tour Travel And More\" \/>\n<meta property=\"article:publisher\" content=\"https:\/\/www.facebook.com\/tourtravelandmore\/\" \/>\n<meta property=\"article:modified_time\" content=\"2021-03-09T19:52:32+00:00\" \/>\n<meta property=\"og:image\" content=\"https:\/\/tourtravelandmore.com\/wp-content\/uploads\/2016\/10\/transfer-airport-barcelona.jpg\" \/>\n\t<meta property=\"og:image:width\" content=\"955\" \/>\n\t<meta property=\"og:image:height\" content=\"636\" \/>\n\t<meta property=\"og:image:type\" content=\"image\/jpeg\" \/>\n<meta name=\"twitter:card\" content=\"summary_large_image\" \/>\n<meta name=\"twitter:site\" content=\"@TourTravel_More\" \/>\n<meta name=\"twitter:label1\" content=\"Dur\u00e9e de lecture estim\u00e9e\" \/>\n\t<meta name=\"twitter:data1\" content=\"2 minutes\" \/>\n<script type=\"application\/ld+json\" class=\"yoast-schema-graph\">{\"@context\":\"https:\/\/schema.org\",\"@graph\":[{\"@type\":\"WebPage\",\"@id\":\"https:\/\/tourtravelandmore.com\/fr\/tours\/lautriche-fr\/hallstatt-fr\/transfert-prive-a-hallstatt\/\",\"url\":\"https:\/\/tourtravelandmore.com\/fr\/tours\/lautriche-fr\/hallstatt-fr\/transfert-prive-a-hallstatt\/\",\"name\":\"Transfert priv\u00e9 a\u00e9roport \/ port de Hallstatt - Transfert priv\u00e9 de Hallstatt\",\"isPartOf\":{\"@id\":\"https:\/\/tourtravelandmore.com\/fr\/#website\"},\"primaryImageOfPage\":{\"@id\":\"https:\/\/tourtravelandmore.com\/fr\/tours\/lautriche-fr\/hallstatt-fr\/transfert-prive-a-hallstatt\/#primaryimage\"},\"image\":{\"@id\":\"https:\/\/tourtravelandmore.com\/fr\/tours\/lautriche-fr\/hallstatt-fr\/transfert-prive-a-hallstatt\/#primaryimage\"},\"thumbnailUrl\":\"https:\/\/tourtravelandmore.com\/wp-content\/uploads\/2016\/10\/transfer-airport-barcelona.jpg\",\"datePublished\":\"2019-10-28T04:49:00+00:00\",\"dateModified\":\"2021-03-09T19:52:32+00:00\",\"description\":\"Arrivez \u00e0 votre destination finale \u00e0 Hallstatt avec notre transfert priv\u00e9 \u00e0 Hallstatt. V\u00e9hicule de luxe priv\u00e9 avec chauffeur pour vous rendre confortablement \u00e0 votre emplacement.\",\"breadcrumb\":{\"@id\":\"https:\/\/tourtravelandmore.com\/fr\/tours\/lautriche-fr\/hallstatt-fr\/transfert-prive-a-hallstatt\/#breadcrumb\"},\"inLanguage\":\"fr-FR\",\"potentialAction\":[{\"@type\":\"ReadAction\",\"target\":[\"https:\/\/tourtravelandmore.com\/fr\/tours\/lautriche-fr\/hallstatt-fr\/transfert-prive-a-hallstatt\/\"]}]},{\"@type\":\"ImageObject\",\"inLanguage\":\"fr-FR\",\"@id\":\"https:\/\/tourtravelandmore.com\/fr\/tours\/lautriche-fr\/hallstatt-fr\/transfert-prive-a-hallstatt\/#primaryimage\",\"url\":\"https:\/\/tourtravelandmore.com\/wp-content\/uploads\/2016\/10\/transfer-airport-barcelona.jpg\",\"contentUrl\":\"https:\/\/tourtravelandmore.com\/wp-content\/uploads\/2016\/10\/transfer-airport-barcelona.jpg\",\"width\":955,\"height\":636},{\"@type\":\"BreadcrumbList\",\"@id\":\"https:\/\/tourtravelandmore.com\/fr\/tours\/lautriche-fr\/hallstatt-fr\/transfert-prive-a-hallstatt\/#breadcrumb\",\"itemListElement\":[{\"@type\":\"ListItem\",\"position\":1,\"name\":\"Home\",\"item\":\"https:\/\/tourtravelandmore.com\/fr\/\"},{\"@type\":\"ListItem\",\"position\":2,\"name\":\"Tours\",\"item\":\"https:\/\/tourtravelandmore.com\/fr\/tours\/\"},{\"@type\":\"ListItem\",\"position\":3,\"name\":\"Transfert priv\u00e9 \u00e0 Hallstatt\"}]},{\"@type\":\"WebSite\",\"@id\":\"https:\/\/tourtravelandmore.com\/fr\/#website\",\"url\":\"https:\/\/tourtravelandmore.com\/fr\/\",\"name\":\"Tour Travel And More\",\"description\":\"Private sightseeing tours and luxury transfers in Spain\",\"publisher\":{\"@id\":\"https:\/\/tourtravelandmore.com\/fr\/#organization\"},\"potentialAction\":[{\"@type\":\"SearchAction\",\"target\":{\"@type\":\"EntryPoint\",\"urlTemplate\":\"https:\/\/tourtravelandmore.com\/fr\/?s={search_term_string}\"},\"query-input\":{\"@type\":\"PropertyValueSpecification\",\"valueRequired\":true,\"valueName\":\"search_term_string\"}}],\"inLanguage\":\"fr-FR\"},{\"@type\":\"Organization\",\"@id\":\"https:\/\/tourtravelandmore.com\/fr\/#organization\",\"name\":\"Tour Travel And More\",\"url\":\"https:\/\/tourtravelandmore.com\/fr\/\",\"logo\":{\"@type\":\"ImageObject\",\"inLanguage\":\"fr-FR\",\"@id\":\"https:\/\/tourtravelandmore.com\/fr\/#\/schema\/logo\/image\/\",\"url\":\"https:\/\/tourtravelandmore.com\/wp-content\/uploads\/2022\/12\/cropped-logo-cabecera-new.png\",\"contentUrl\":\"https:\/\/tourtravelandmore.com\/wp-content\/uploads\/2022\/12\/cropped-logo-cabecera-new.png\",\"width\":430,\"height\":61,\"caption\":\"Tour Travel And More\"},\"image\":{\"@id\":\"https:\/\/tourtravelandmore.com\/fr\/#\/schema\/logo\/image\/\"},\"sameAs\":[\"https:\/\/www.facebook.com\/tourtravelandmore\/\",\"https:\/\/x.com\/TourTravel_More\"]}]}<\/script>\n<!-- \/ Yoast SEO Premium plugin. -->","yoast_head_json":{"title":"Transfert priv\u00e9 a\u00e9roport \/ port de Hallstatt - Transfert priv\u00e9 de Hallstatt","description":"Arrivez \u00e0 votre destination finale \u00e0 Hallstatt avec notre transfert priv\u00e9 \u00e0 Hallstatt. V\u00e9hicule de luxe priv\u00e9 avec chauffeur pour vous rendre confortablement \u00e0 votre emplacement.","robots":{"index":"index","follow":"follow","max-snippet":"max-snippet:-1","max-image-preview":"max-image-preview:large","max-video-preview":"max-video-preview:-1"},"canonical":"https:\/\/tourtravelandmore.com\/fr\/tours\/lautriche-fr\/hallstatt-fr\/transfert-prive-a-hallstatt\/","og_locale":"fr_FR","og_type":"article","og_title":"Transfert priv\u00e9 \u00e0 Hallstatt","og_description":"Arrivez \u00e0 votre destination finale \u00e0 Hallstatt avec notre transfert priv\u00e9 \u00e0 Hallstatt. V\u00e9hicule de luxe priv\u00e9 avec chauffeur pour vous rendre confortablement \u00e0 votre emplacement.","og_url":"https:\/\/tourtravelandmore.com\/fr\/tours\/lautriche-fr\/hallstatt-fr\/transfert-prive-a-hallstatt\/","og_site_name":"Tour Travel And More","article_publisher":"https:\/\/www.facebook.com\/tourtravelandmore\/","article_modified_time":"2021-03-09T19:52:32+00:00","og_image":[{"width":955,"height":636,"url":"https:\/\/tourtravelandmore.com\/wp-content\/uploads\/2016\/10\/transfer-airport-barcelona.jpg","type":"image\/jpeg"}],"twitter_card":"summary_large_image","twitter_site":"@TourTravel_More","twitter_misc":{"Dur\u00e9e de lecture estim\u00e9e":"2 minutes"},"schema":{"@context":"https:\/\/schema.org","@graph":[{"@type":"WebPage","@id":"https:\/\/tourtravelandmore.com\/fr\/tours\/lautriche-fr\/hallstatt-fr\/transfert-prive-a-hallstatt\/","url":"https:\/\/tourtravelandmore.com\/fr\/tours\/lautriche-fr\/hallstatt-fr\/transfert-prive-a-hallstatt\/","name":"Transfert priv\u00e9 a\u00e9roport \/ port de Hallstatt - Transfert priv\u00e9 de Hallstatt","isPartOf":{"@id":"https:\/\/tourtravelandmore.com\/fr\/#website"},"primaryImageOfPage":{"@id":"https:\/\/tourtravelandmore.com\/fr\/tours\/lautriche-fr\/hallstatt-fr\/transfert-prive-a-hallstatt\/#primaryimage"},"image":{"@id":"https:\/\/tourtravelandmore.com\/fr\/tours\/lautriche-fr\/hallstatt-fr\/transfert-prive-a-hallstatt\/#primaryimage"},"thumbnailUrl":"https:\/\/tourtravelandmore.com\/wp-content\/uploads\/2016\/10\/transfer-airport-barcelona.jpg","datePublished":"2019-10-28T04:49:00+00:00","dateModified":"2021-03-09T19:52:32+00:00","description":"Arrivez \u00e0 votre destination finale \u00e0 Hallstatt avec notre transfert priv\u00e9 \u00e0 Hallstatt. V\u00e9hicule de luxe priv\u00e9 avec chauffeur pour vous rendre confortablement \u00e0 votre emplacement.","breadcrumb":{"@id":"https:\/\/tourtravelandmore.com\/fr\/tours\/lautriche-fr\/hallstatt-fr\/transfert-prive-a-hallstatt\/#breadcrumb"},"inLanguage":"fr-FR","potentialAction":[{"@type":"ReadAction","target":["https:\/\/tourtravelandmore.com\/fr\/tours\/lautriche-fr\/hallstatt-fr\/transfert-prive-a-hallstatt\/"]}]},{"@type":"ImageObject","inLanguage":"fr-FR","@id":"https:\/\/tourtravelandmore.com\/fr\/tours\/lautriche-fr\/hallstatt-fr\/transfert-prive-a-hallstatt\/#primaryimage","url":"https:\/\/tourtravelandmore.com\/wp-content\/uploads\/2016\/10\/transfer-airport-barcelona.jpg","contentUrl":"https:\/\/tourtravelandmore.com\/wp-content\/uploads\/2016\/10\/transfer-airport-barcelona.jpg","width":955,"height":636},{"@type":"BreadcrumbList","@id":"https:\/\/tourtravelandmore.com\/fr\/tours\/lautriche-fr\/hallstatt-fr\/transfert-prive-a-hallstatt\/#breadcrumb","itemListElement":[{"@type":"ListItem","position":1,"name":"Home","item":"https:\/\/tourtravelandmore.com\/fr\/"},{"@type":"ListItem","position":2,"name":"Tours","item":"https:\/\/tourtravelandmore.com\/fr\/tours\/"},{"@type":"ListItem","position":3,"name":"Transfert priv\u00e9 \u00e0 Hallstatt"}]},{"@type":"WebSite","@id":"https:\/\/tourtravelandmore.com\/fr\/#website","url":"https:\/\/tourtravelandmore.com\/fr\/","name":"Tour Travel And More","description":"Private sightseeing tours and luxury transfers in Spain","publisher":{"@id":"https:\/\/tourtravelandmore.com\/fr\/#organization"},"potentialAction":[{"@type":"SearchAction","target":{"@type":"EntryPoint","urlTemplate":"https:\/\/tourtravelandmore.com\/fr\/?s={search_term_string}"},"query-input":{"@type":"PropertyValueSpecification","valueRequired":true,"valueName":"search_term_string"}}],"inLanguage":"fr-FR"},{"@type":"Organization","@id":"https:\/\/tourtravelandmore.com\/fr\/#organization","name":"Tour Travel And More","url":"https:\/\/tourtravelandmore.com\/fr\/","logo":{"@type":"ImageObject","inLanguage":"fr-FR","@id":"https:\/\/tourtravelandmore.com\/fr\/#\/schema\/logo\/image\/","url":"https:\/\/tourtravelandmore.com\/wp-content\/uploads\/2022\/12\/cropped-logo-cabecera-new.png","contentUrl":"https:\/\/tourtravelandmore.com\/wp-content\/uploads\/2022\/12\/cropped-logo-cabecera-new.png","width":430,"height":61,"caption":"Tour Travel And More"},"image":{"@id":"https:\/\/tourtravelandmore.com\/fr\/#\/schema\/logo\/image\/"},"sameAs":["https:\/\/www.facebook.com\/tourtravelandmore\/","https:\/\/x.com\/TourTravel_More"]}]}},"_links":{"self":[{"href":"https:\/\/tourtravelandmore.com\/fr\/wp-json\/wp\/v2\/product\/101866","targetHints":{"allow":["GET"]}}],"collection":[{"href":"https:\/\/tourtravelandmore.com\/fr\/wp-json\/wp\/v2\/product"}],"about":[{"href":"https:\/\/tourtravelandmore.com\/fr\/wp-json\/wp\/v2\/types\/product"}],"replies":[{"embeddable":true,"href":"https:\/\/tourtravelandmore.com\/fr\/wp-json\/wp\/v2\/comments?post=101866"}],"wp:featuredmedia":[{"embeddable":true,"href":"https:\/\/tourtravelandmore.com\/fr\/wp-json\/wp\/v2\/media\/93541"}],"wp:attachment":[{"href":"https:\/\/tourtravelandmore.com\/fr\/wp-json\/wp\/v2\/media?parent=101866"}],"wp:term":[{"taxonomy":"product_brand","embeddable":true,"href":"https:\/\/tourtravelandmore.com\/fr\/wp-json\/wp\/v2\/product_brand?post=101866"},{"taxonomy":"product_cat","embeddable":true,"href":"https:\/\/tourtravelandmore.com\/fr\/wp-json\/wp\/v2\/product_cat?post=101866"},{"taxonomy":"product_tag","embeddable":true,"href":"https:\/\/tourtravelandmore.com\/fr\/wp-json\/wp\/v2\/product_tag?post=101866"}],"curies":[{"name":"wp","href":"https:\/\/api.w.org\/{rel}","templated":true}]}}