{"id":101861,"date":"2019-10-28T05:48:57","date_gmt":"2019-10-28T04:48:57","guid":{"rendered":"https:\/\/tourtravelandmore.com\/tours\/non%20class\u00e9\/visite-privee-de-salzbourg-au-depart-de-hallstatt\/"},"modified":"2021-03-09T20:51:43","modified_gmt":"2021-03-09T19:51:43","slug":"visite-privee-de-salzbourg-au-depart-de-hallstatt","status":"publish","type":"product","link":"https:\/\/tourtravelandmore.com\/fr\/tours\/lautriche-fr\/hallstatt-fr\/visite-privee-de-salzbourg-au-depart-de-hallstatt\/","title":{"rendered":"Visite priv\u00e9e de Salzbourg au d\u00e9part de Hallstatt"},"content":{"rendered":"<h2>Description<\/h2>\n<p>Venez avec nous et profitez de cette excursion priv\u00e9e \u00e0 terre avec votre guide officiel. Apprenez \u00e0 conna\u00eetre les sites les plus embl\u00e9matiques de Malm\u00f6 et de Lund et profitez de cette visite priv\u00e9e de Salzbourg au d\u00e9part de Hallstatt de 8 heures \u00e0 Salzbourg au d\u00e9part de Hallstatt. Un v\u00e9hicule priv\u00e9 avec chauffeur viendra vous chercher \u00e0 votre h\u00f4tel ou lieu de votre choix \u00e0 Salzbourg et vous emm\u00e8nera dans cette visite priv\u00e9e pour d\u00e9couvrir le meilleur de Salzbourg.<\/p>\n<p>Le lieu de prise en charge peut \u00eatre un h\u00f4tel \u00e0 Hallstatt ou le port de croisi\u00e8re.<\/p>\n<p>La visite commence dans les rues des anciennes routes de la Steingasse. Nous marcherons d&#8217;ici en passant par la rue anim\u00e9e de Linzer Gasse flanqu\u00e9e de b\u00e2timents m\u00e9di\u00e9vaux jusqu&#8217;\u00e0 l&#8217;\u00e9glise et le cimeti\u00e8re Saint-S\u00e9bastien.<\/p>\n<p>Nous d\u00e9couvrirons le Tanzmeisterhaus, la r\u00e9sidence de Mozart, le palais Mirabell et la Getreidegasse. Notre dernier arr\u00eat sera la forteresse de Hohensalzburg, l&#8217;un des plus grands ch\u00e2teaux m\u00e9di\u00e9vaux d&#8217;Europe.<\/p>\n<p>Nous avons \u00e0 votre disposition des v\u00e9hicules priv\u00e9s avec chauffeur qui peuvent venir vous chercher o\u00f9 que vous soyez pour vous offrir une exp\u00e9rience inoubliable et unique.<\/p>\n<p>Bellow est une visite de 8 heures. Nous pouvons toujours vous proposer des circuits plus longs si vous le souhaitez. Le nombre exact d&#8217;heures peut \u00eatre ajust\u00e9 en fonction de nos besoins personnels. Nous sommes l\u00e0 pour rendre votre exp\u00e9rience unique et m\u00e9morable.<\/p>\n<h2>Sites d&#8217;int\u00e9r\u00eat et monuments<\/h2>\n<p>Explorons ce que comprendra cette visite priv\u00e9e de Salzbourg au d\u00e9part de Hallstatt.<\/p>\n<p>Parmi d&#8217;autres monuments et sites que vous pourrez d\u00e9couvrir lors de cette excursion priv\u00e9e:<\/p>\n<ul>\n<li>Mozartplatz<\/li>\n<li>Domplatz<\/li>\n<li>Cath\u00e9drale de Salzbourg<\/li>\n<li>Residenzplatz<\/li>\n<li>Mus\u00e9e de Salzbourg<\/li>\n<li>Linzer Gasse<\/li>\n<li>R\u00e9sidence Mozart<\/li>\n<li>Palais et jardins Mirabell<\/li>\n<li>Getreidegasse<\/li>\n<li>Mozartsteg<\/li>\n<li>Lieu de naissance de Mozart<\/li>\n<li>Place du vieux march\u00e9<\/li>\n<li>\u00c9glise et cimeti\u00e8re Saint-Pierre<\/li>\n<li>Kapitelplatz<\/li>\n<li>Forteresse de Hohensalzburg<\/li>\n<li>Et bien d&#8217;autres endroits dans cette excursion priv\u00e9e \u00e0 terre de Salzbourg<\/li>\n<\/ul>\n<p>Cette visite est enti\u00e8rement personnalisable. Contactez-nous et nous ferons de votre visite une exp\u00e9rience unique et vous aiderons \u00e0 organiser votre visite priv\u00e9e. Nous mettons \u00e0 votre disposition des v\u00e9hicules priv\u00e9s pour le tour.<\/p>\n<p>Jetez un \u0153il \u00e0 nos autres exp\u00e9riences priv\u00e9es.<\/p>\n","protected":false},"excerpt":{"rendered":"<p>Profitez de cette excursion priv\u00e9e \u00e0 terre de 8 heures enti\u00e8rement personnalis\u00e9e \u00e0 Salzbourg au d\u00e9part de Hallstatt et profitez de leurs monuments et sites les plus importants. Profitez de cette occasion pour d\u00e9couvrir la ville de Salszburg lors de cette exp\u00e9rience avec votre propre guide officiel priv\u00e9.<\/p>\n","protected":false},"featured_media":96427,"comment_status":"open","ping_status":"closed","template":"","meta":{"_acf_changed":false},"product_brand":[],"product_cat":[3709,3721],"product_tag":[],"class_list":{"0":"post-101861","1":"product","2":"type-product","3":"status-publish","4":"has-post-thumbnail","6":"product_cat-lautriche-fr","7":"product_cat-hallstatt-fr","9":"first","10":"instock","11":"shipping-taxable","12":"purchasable","13":"product-type-simple"},"acf":[],"yoast_head":"<!-- This site is optimized with the Yoast SEO Premium plugin v25.3.1 (Yoast SEO v25.3.1) - https:\/\/yoast.com\/wordpress\/plugins\/seo\/ -->\n<title>Visite priv\u00e9e de Salzbourg au d\u00e9part de Hallstatt - Excursion facultative \u00e0 terre<\/title>\n<meta name=\"description\" content=\"Profitez de cette visite priv\u00e9e de Salzbourg au d\u00e9part de Hallstatt et profitez de leurs monuments et sites les plus importants avec nos visites enti\u00e8rement personnalis\u00e9es.\" \/>\n<meta name=\"robots\" content=\"index, follow, max-snippet:-1, max-image-preview:large, max-video-preview:-1\" \/>\n<link rel=\"canonical\" href=\"https:\/\/tourtravelandmore.com\/fr\/tours\/lautriche-fr\/hallstatt-fr\/visite-privee-de-salzbourg-au-depart-de-hallstatt\/\" \/>\n<meta property=\"og:locale\" content=\"fr_FR\" \/>\n<meta property=\"og:type\" content=\"article\" \/>\n<meta property=\"og:title\" content=\"Visite priv\u00e9e de Salzbourg au d\u00e9part de Hallstatt\" \/>\n<meta property=\"og:description\" content=\"Profitez de cette visite priv\u00e9e de Salzbourg au d\u00e9part de Hallstatt et profitez de leurs monuments et sites les plus importants avec nos visites enti\u00e8rement personnalis\u00e9es.\" \/>\n<meta property=\"og:url\" content=\"https:\/\/tourtravelandmore.com\/fr\/tours\/lautriche-fr\/hallstatt-fr\/visite-privee-de-salzbourg-au-depart-de-hallstatt\/\" \/>\n<meta property=\"og:site_name\" content=\"Tour Travel And More\" \/>\n<meta property=\"article:publisher\" content=\"https:\/\/www.facebook.com\/tourtravelandmore\/\" \/>\n<meta property=\"article:modified_time\" content=\"2021-03-09T19:51:43+00:00\" \/>\n<meta property=\"og:image\" content=\"https:\/\/tourtravelandmore.com\/wp-content\/uploads\/2019\/09\/salzburg-1.jpg\" \/>\n\t<meta property=\"og:image:width\" content=\"1023\" \/>\n\t<meta property=\"og:image:height\" content=\"685\" \/>\n\t<meta property=\"og:image:type\" content=\"image\/jpeg\" \/>\n<meta name=\"twitter:card\" content=\"summary_large_image\" \/>\n<meta name=\"twitter:site\" content=\"@TourTravel_More\" \/>\n<meta name=\"twitter:label1\" content=\"Dur\u00e9e de lecture estim\u00e9e\" \/>\n\t<meta name=\"twitter:data1\" content=\"2 minutes\" \/>\n<script type=\"application\/ld+json\" class=\"yoast-schema-graph\">{\"@context\":\"https:\/\/schema.org\",\"@graph\":[{\"@type\":\"WebPage\",\"@id\":\"https:\/\/tourtravelandmore.com\/fr\/tours\/lautriche-fr\/hallstatt-fr\/visite-privee-de-salzbourg-au-depart-de-hallstatt\/\",\"url\":\"https:\/\/tourtravelandmore.com\/fr\/tours\/lautriche-fr\/hallstatt-fr\/visite-privee-de-salzbourg-au-depart-de-hallstatt\/\",\"name\":\"Visite priv\u00e9e de Salzbourg au d\u00e9part de Hallstatt - Excursion facultative \u00e0 terre\",\"isPartOf\":{\"@id\":\"https:\/\/tourtravelandmore.com\/fr\/#website\"},\"primaryImageOfPage\":{\"@id\":\"https:\/\/tourtravelandmore.com\/fr\/tours\/lautriche-fr\/hallstatt-fr\/visite-privee-de-salzbourg-au-depart-de-hallstatt\/#primaryimage\"},\"image\":{\"@id\":\"https:\/\/tourtravelandmore.com\/fr\/tours\/lautriche-fr\/hallstatt-fr\/visite-privee-de-salzbourg-au-depart-de-hallstatt\/#primaryimage\"},\"thumbnailUrl\":\"https:\/\/tourtravelandmore.com\/wp-content\/uploads\/2019\/09\/salzburg-1.jpg\",\"datePublished\":\"2019-10-28T04:48:57+00:00\",\"dateModified\":\"2021-03-09T19:51:43+00:00\",\"description\":\"Profitez de cette visite priv\u00e9e de Salzbourg au d\u00e9part de Hallstatt et profitez de leurs monuments et sites les plus importants avec nos visites enti\u00e8rement personnalis\u00e9es.\",\"breadcrumb\":{\"@id\":\"https:\/\/tourtravelandmore.com\/fr\/tours\/lautriche-fr\/hallstatt-fr\/visite-privee-de-salzbourg-au-depart-de-hallstatt\/#breadcrumb\"},\"inLanguage\":\"fr-FR\",\"potentialAction\":[{\"@type\":\"ReadAction\",\"target\":[\"https:\/\/tourtravelandmore.com\/fr\/tours\/lautriche-fr\/hallstatt-fr\/visite-privee-de-salzbourg-au-depart-de-hallstatt\/\"]}]},{\"@type\":\"ImageObject\",\"inLanguage\":\"fr-FR\",\"@id\":\"https:\/\/tourtravelandmore.com\/fr\/tours\/lautriche-fr\/hallstatt-fr\/visite-privee-de-salzbourg-au-depart-de-hallstatt\/#primaryimage\",\"url\":\"https:\/\/tourtravelandmore.com\/wp-content\/uploads\/2019\/09\/salzburg-1.jpg\",\"contentUrl\":\"https:\/\/tourtravelandmore.com\/wp-content\/uploads\/2019\/09\/salzburg-1.jpg\",\"width\":1023,\"height\":685},{\"@type\":\"BreadcrumbList\",\"@id\":\"https:\/\/tourtravelandmore.com\/fr\/tours\/lautriche-fr\/hallstatt-fr\/visite-privee-de-salzbourg-au-depart-de-hallstatt\/#breadcrumb\",\"itemListElement\":[{\"@type\":\"ListItem\",\"position\":1,\"name\":\"Home\",\"item\":\"https:\/\/tourtravelandmore.com\/fr\/\"},{\"@type\":\"ListItem\",\"position\":2,\"name\":\"Tours\",\"item\":\"https:\/\/tourtravelandmore.com\/fr\/tours\/\"},{\"@type\":\"ListItem\",\"position\":3,\"name\":\"Visite priv\u00e9e de Salzbourg au d\u00e9part de Hallstatt\"}]},{\"@type\":\"WebSite\",\"@id\":\"https:\/\/tourtravelandmore.com\/fr\/#website\",\"url\":\"https:\/\/tourtravelandmore.com\/fr\/\",\"name\":\"Tour Travel And More\",\"description\":\"Private sightseeing tours and luxury transfers in Spain\",\"publisher\":{\"@id\":\"https:\/\/tourtravelandmore.com\/fr\/#organization\"},\"potentialAction\":[{\"@type\":\"SearchAction\",\"target\":{\"@type\":\"EntryPoint\",\"urlTemplate\":\"https:\/\/tourtravelandmore.com\/fr\/?s={search_term_string}\"},\"query-input\":{\"@type\":\"PropertyValueSpecification\",\"valueRequired\":true,\"valueName\":\"search_term_string\"}}],\"inLanguage\":\"fr-FR\"},{\"@type\":\"Organization\",\"@id\":\"https:\/\/tourtravelandmore.com\/fr\/#organization\",\"name\":\"Tour Travel And More\",\"url\":\"https:\/\/tourtravelandmore.com\/fr\/\",\"logo\":{\"@type\":\"ImageObject\",\"inLanguage\":\"fr-FR\",\"@id\":\"https:\/\/tourtravelandmore.com\/fr\/#\/schema\/logo\/image\/\",\"url\":\"https:\/\/tourtravelandmore.com\/wp-content\/uploads\/2022\/12\/cropped-logo-cabecera-new.png\",\"contentUrl\":\"https:\/\/tourtravelandmore.com\/wp-content\/uploads\/2022\/12\/cropped-logo-cabecera-new.png\",\"width\":430,\"height\":61,\"caption\":\"Tour Travel And More\"},\"image\":{\"@id\":\"https:\/\/tourtravelandmore.com\/fr\/#\/schema\/logo\/image\/\"},\"sameAs\":[\"https:\/\/www.facebook.com\/tourtravelandmore\/\",\"https:\/\/x.com\/TourTravel_More\"]}]}<\/script>\n<!-- \/ Yoast SEO Premium plugin. -->","yoast_head_json":{"title":"Visite priv\u00e9e de Salzbourg au d\u00e9part de Hallstatt - Excursion facultative \u00e0 terre","description":"Profitez de cette visite priv\u00e9e de Salzbourg au d\u00e9part de Hallstatt et profitez de leurs monuments et sites les plus importants avec nos visites enti\u00e8rement personnalis\u00e9es.","robots":{"index":"index","follow":"follow","max-snippet":"max-snippet:-1","max-image-preview":"max-image-preview:large","max-video-preview":"max-video-preview:-1"},"canonical":"https:\/\/tourtravelandmore.com\/fr\/tours\/lautriche-fr\/hallstatt-fr\/visite-privee-de-salzbourg-au-depart-de-hallstatt\/","og_locale":"fr_FR","og_type":"article","og_title":"Visite priv\u00e9e de Salzbourg au d\u00e9part de Hallstatt","og_description":"Profitez de cette visite priv\u00e9e de Salzbourg au d\u00e9part de Hallstatt et profitez de leurs monuments et sites les plus importants avec nos visites enti\u00e8rement personnalis\u00e9es.","og_url":"https:\/\/tourtravelandmore.com\/fr\/tours\/lautriche-fr\/hallstatt-fr\/visite-privee-de-salzbourg-au-depart-de-hallstatt\/","og_site_name":"Tour Travel And More","article_publisher":"https:\/\/www.facebook.com\/tourtravelandmore\/","article_modified_time":"2021-03-09T19:51:43+00:00","og_image":[{"width":1023,"height":685,"url":"https:\/\/tourtravelandmore.com\/wp-content\/uploads\/2019\/09\/salzburg-1.jpg","type":"image\/jpeg"}],"twitter_card":"summary_large_image","twitter_site":"@TourTravel_More","twitter_misc":{"Dur\u00e9e de lecture estim\u00e9e":"2 minutes"},"schema":{"@context":"https:\/\/schema.org","@graph":[{"@type":"WebPage","@id":"https:\/\/tourtravelandmore.com\/fr\/tours\/lautriche-fr\/hallstatt-fr\/visite-privee-de-salzbourg-au-depart-de-hallstatt\/","url":"https:\/\/tourtravelandmore.com\/fr\/tours\/lautriche-fr\/hallstatt-fr\/visite-privee-de-salzbourg-au-depart-de-hallstatt\/","name":"Visite priv\u00e9e de Salzbourg au d\u00e9part de Hallstatt - Excursion facultative \u00e0 terre","isPartOf":{"@id":"https:\/\/tourtravelandmore.com\/fr\/#website"},"primaryImageOfPage":{"@id":"https:\/\/tourtravelandmore.com\/fr\/tours\/lautriche-fr\/hallstatt-fr\/visite-privee-de-salzbourg-au-depart-de-hallstatt\/#primaryimage"},"image":{"@id":"https:\/\/tourtravelandmore.com\/fr\/tours\/lautriche-fr\/hallstatt-fr\/visite-privee-de-salzbourg-au-depart-de-hallstatt\/#primaryimage"},"thumbnailUrl":"https:\/\/tourtravelandmore.com\/wp-content\/uploads\/2019\/09\/salzburg-1.jpg","datePublished":"2019-10-28T04:48:57+00:00","dateModified":"2021-03-09T19:51:43+00:00","description":"Profitez de cette visite priv\u00e9e de Salzbourg au d\u00e9part de Hallstatt et profitez de leurs monuments et sites les plus importants avec nos visites enti\u00e8rement personnalis\u00e9es.","breadcrumb":{"@id":"https:\/\/tourtravelandmore.com\/fr\/tours\/lautriche-fr\/hallstatt-fr\/visite-privee-de-salzbourg-au-depart-de-hallstatt\/#breadcrumb"},"inLanguage":"fr-FR","potentialAction":[{"@type":"ReadAction","target":["https:\/\/tourtravelandmore.com\/fr\/tours\/lautriche-fr\/hallstatt-fr\/visite-privee-de-salzbourg-au-depart-de-hallstatt\/"]}]},{"@type":"ImageObject","inLanguage":"fr-FR","@id":"https:\/\/tourtravelandmore.com\/fr\/tours\/lautriche-fr\/hallstatt-fr\/visite-privee-de-salzbourg-au-depart-de-hallstatt\/#primaryimage","url":"https:\/\/tourtravelandmore.com\/wp-content\/uploads\/2019\/09\/salzburg-1.jpg","contentUrl":"https:\/\/tourtravelandmore.com\/wp-content\/uploads\/2019\/09\/salzburg-1.jpg","width":1023,"height":685},{"@type":"BreadcrumbList","@id":"https:\/\/tourtravelandmore.com\/fr\/tours\/lautriche-fr\/hallstatt-fr\/visite-privee-de-salzbourg-au-depart-de-hallstatt\/#breadcrumb","itemListElement":[{"@type":"ListItem","position":1,"name":"Home","item":"https:\/\/tourtravelandmore.com\/fr\/"},{"@type":"ListItem","position":2,"name":"Tours","item":"https:\/\/tourtravelandmore.com\/fr\/tours\/"},{"@type":"ListItem","position":3,"name":"Visite priv\u00e9e de Salzbourg au d\u00e9part de Hallstatt"}]},{"@type":"WebSite","@id":"https:\/\/tourtravelandmore.com\/fr\/#website","url":"https:\/\/tourtravelandmore.com\/fr\/","name":"Tour Travel And More","description":"Private sightseeing tours and luxury transfers in Spain","publisher":{"@id":"https:\/\/tourtravelandmore.com\/fr\/#organization"},"potentialAction":[{"@type":"SearchAction","target":{"@type":"EntryPoint","urlTemplate":"https:\/\/tourtravelandmore.com\/fr\/?s={search_term_string}"},"query-input":{"@type":"PropertyValueSpecification","valueRequired":true,"valueName":"search_term_string"}}],"inLanguage":"fr-FR"},{"@type":"Organization","@id":"https:\/\/tourtravelandmore.com\/fr\/#organization","name":"Tour Travel And More","url":"https:\/\/tourtravelandmore.com\/fr\/","logo":{"@type":"ImageObject","inLanguage":"fr-FR","@id":"https:\/\/tourtravelandmore.com\/fr\/#\/schema\/logo\/image\/","url":"https:\/\/tourtravelandmore.com\/wp-content\/uploads\/2022\/12\/cropped-logo-cabecera-new.png","contentUrl":"https:\/\/tourtravelandmore.com\/wp-content\/uploads\/2022\/12\/cropped-logo-cabecera-new.png","width":430,"height":61,"caption":"Tour Travel And More"},"image":{"@id":"https:\/\/tourtravelandmore.com\/fr\/#\/schema\/logo\/image\/"},"sameAs":["https:\/\/www.facebook.com\/tourtravelandmore\/","https:\/\/x.com\/TourTravel_More"]}]}},"_links":{"self":[{"href":"https:\/\/tourtravelandmore.com\/fr\/wp-json\/wp\/v2\/product\/101861","targetHints":{"allow":["GET"]}}],"collection":[{"href":"https:\/\/tourtravelandmore.com\/fr\/wp-json\/wp\/v2\/product"}],"about":[{"href":"https:\/\/tourtravelandmore.com\/fr\/wp-json\/wp\/v2\/types\/product"}],"replies":[{"embeddable":true,"href":"https:\/\/tourtravelandmore.com\/fr\/wp-json\/wp\/v2\/comments?post=101861"}],"wp:featuredmedia":[{"embeddable":true,"href":"https:\/\/tourtravelandmore.com\/fr\/wp-json\/wp\/v2\/media\/96427"}],"wp:attachment":[{"href":"https:\/\/tourtravelandmore.com\/fr\/wp-json\/wp\/v2\/media?parent=101861"}],"wp:term":[{"taxonomy":"product_brand","embeddable":true,"href":"https:\/\/tourtravelandmore.com\/fr\/wp-json\/wp\/v2\/product_brand?post=101861"},{"taxonomy":"product_cat","embeddable":true,"href":"https:\/\/tourtravelandmore.com\/fr\/wp-json\/wp\/v2\/product_cat?post=101861"},{"taxonomy":"product_tag","embeddable":true,"href":"https:\/\/tourtravelandmore.com\/fr\/wp-json\/wp\/v2\/product_tag?post=101861"}],"curies":[{"name":"wp","href":"https:\/\/api.w.org\/{rel}","templated":true}]}}