{"id":101856,"date":"2019-10-28T05:48:47","date_gmt":"2019-10-28T04:48:47","guid":{"rendered":"https:\/\/tourtravelandmore.com\/tours\/non%20class\u00e9\/visite-a-pied-privee-de-hallstatt\/"},"modified":"2021-03-09T20:50:38","modified_gmt":"2021-03-09T19:50:38","slug":"visite-a-pied-privee-de-hallstatt","status":"publish","type":"product","link":"https:\/\/tourtravelandmore.com\/fr\/tours\/lautriche-fr\/hallstatt-fr\/visite-a-pied-privee-de-hallstatt\/","title":{"rendered":"Visite \u00e0 pied priv\u00e9e de Hallstatt"},"content":{"rendered":"<h2>Description<\/h2>\n<p>Profitez de cette visite priv\u00e9e \u00e0 pied de Hallstatt dans la ville de Hallstatt aux c\u00f4t\u00e9s de votre guide officiel priv\u00e9. D\u00e9couvrez le meilleur de ce que Hallstatt a \u00e0 offrir lors de cette visite priv\u00e9e. Une visite \u00e0 pied est l&#8217;un des meilleurs moyens de conna\u00eetre une ville.<\/p>\n<p>Nous nous rencontrerons en un point central \u00e0 Hallstatt. Si votre h\u00f4tel est situ\u00e9 dans le centre-ville, nous pouvons organiser une prise en charge \u00e0 pied. Sinon, nous nous rencontrerons \u00e0 un point de rencontre central dans le centre-ville.<\/p>\n<p>Nos premiers arr\u00eats seront l\u2019\u00e9glise catholique Parroquial de Hallstatt et le Beinhaus ou Bone House, situ\u00e9 au niveau inf\u00e9rieur de la pittoresque chapelle Saint-Michel et remplie d\u2019ossements humains.<\/p>\n<p>Nous continuerons notre visite \u00e0 partir de l\u00e0 et nous nous rendrons \u00e0 l&#8217;\u00e9glise \u00e9vang\u00e9lique, la Marktplatz et appr\u00e9cierons la beaut\u00e9 impressionnante du lac de Hallstatt. Parmi les nombreux endroits c\u00e9l\u00e8bres que nous visiterons, nous d\u00e9couvrirons la mine de sel de Hallstatt, le point de vue \u00e0 5 doigts, la tour Rudolph et le Skywalk et bien d&#8217;autres monuments lors de cette visite priv\u00e9e.<\/p>\n<h2>Sites d&#8217;int\u00e9r\u00eat et monuments<\/h2>\n<p>Au cours de votre visite \u00e0 pied priv\u00e9e de Hallstatt, vous d\u00e9couvrirez certains des endroits les plus reconnus de la ville. Vous serez t\u00e9moin de sa beaut\u00e9 architecturale unique. Parmi les sites que nous allons couvrir, vous visiterez:<\/p>\n<ul>\n<li>Beinhaus ou Bone House<\/li>\n<li>Lac de Hallstatt<\/li>\n<li>Grotte de glace de Hallstatt<\/li>\n<li>La mine de sel de Hallstatt<\/li>\n<li>Marktplatz<\/li>\n<li>Point de vue \u00e0 5 doigts<\/li>\n<li>Tour de Rudolph et Skywalk<\/li>\n<li>Restauration au bord du lac<\/li>\n<li>Fouilles arch\u00e9ologiques<\/li>\n<li>Et bien d&#8217;autres endroits dans cette visite priv\u00e9e de la ville de Hallstatt.<\/li>\n<\/ul>\n<p>Cette visite est enti\u00e8rement priv\u00e9e et peut \u00eatre personnalis\u00e9e juste pour vous.<\/p>\n<p>D\u00e9couvrez l&#8217;autre visite priv\u00e9e que nous proposons !!<\/p>\n","protected":false},"excerpt":{"rendered":"<p>Profitez de cette visite priv\u00e9e \u00e0 pied enti\u00e8rement personnalis\u00e9e de Hallstatt et profitez de leurs monuments et sites les plus importants. Profitez de cette occasion pour d\u00e9couvrir la ville de Hallstatt lors de cette exp\u00e9rience avec votre propre guide officiel priv\u00e9. Ne manquez pas ses nombreux monuments tels que la tour Rudolph et le Skywalk, les restaurants au bord du lac et bien plus encore lors de cette visite priv\u00e9e.<\/p>\n<p>&nbsp;<\/p>\n","protected":false},"featured_media":96250,"comment_status":"open","ping_status":"closed","template":"","meta":{"_acf_changed":false},"product_brand":[],"product_cat":[3709,3721],"product_tag":[],"class_list":{"0":"post-101856","1":"product","2":"type-product","3":"status-publish","4":"has-post-thumbnail","6":"product_cat-lautriche-fr","7":"product_cat-hallstatt-fr","9":"first","10":"instock","11":"shipping-taxable","12":"purchasable","13":"product-type-simple"},"acf":[],"yoast_head":"<!-- This site is optimized with the Yoast SEO Premium plugin v25.3.1 (Yoast SEO v25.3.1) - https:\/\/yoast.com\/wordpress\/plugins\/seo\/ -->\n<title>Visite \u00e0 pied priv\u00e9e de Hallstatt - VISITE PRIV\u00c9E DE HALLSTATT<\/title>\n<meta name=\"description\" content=\"Profitez de cette visite \u00e0 pied priv\u00e9e enti\u00e8rement personnalis\u00e9e de Hallstatt et profitez de leurs monuments et sites les plus importants aux c\u00f4t\u00e9s d&#039;un guide priv\u00e9.\" \/>\n<meta name=\"robots\" content=\"index, follow, max-snippet:-1, max-image-preview:large, max-video-preview:-1\" \/>\n<link rel=\"canonical\" href=\"https:\/\/tourtravelandmore.com\/fr\/tours\/lautriche-fr\/hallstatt-fr\/visite-a-pied-privee-de-hallstatt\/\" \/>\n<meta property=\"og:locale\" content=\"fr_FR\" \/>\n<meta property=\"og:type\" content=\"article\" \/>\n<meta property=\"og:title\" content=\"Visite \u00e0 pied priv\u00e9e de Hallstatt\" \/>\n<meta property=\"og:description\" content=\"Profitez de cette visite \u00e0 pied priv\u00e9e enti\u00e8rement personnalis\u00e9e de Hallstatt et profitez de leurs monuments et sites les plus importants aux c\u00f4t\u00e9s d&#039;un guide priv\u00e9.\" \/>\n<meta property=\"og:url\" content=\"https:\/\/tourtravelandmore.com\/fr\/tours\/lautriche-fr\/hallstatt-fr\/visite-a-pied-privee-de-hallstatt\/\" \/>\n<meta property=\"og:site_name\" content=\"Tour Travel And More\" \/>\n<meta property=\"article:publisher\" content=\"https:\/\/www.facebook.com\/tourtravelandmore\/\" \/>\n<meta property=\"article:modified_time\" content=\"2021-03-09T19:50:38+00:00\" \/>\n<meta property=\"og:image\" content=\"https:\/\/tourtravelandmore.com\/wp-content\/uploads\/2019\/09\/hallstatt.jpg\" \/>\n\t<meta property=\"og:image:width\" content=\"960\" \/>\n\t<meta property=\"og:image:height\" content=\"549\" \/>\n\t<meta property=\"og:image:type\" content=\"image\/jpeg\" \/>\n<meta name=\"twitter:card\" content=\"summary_large_image\" \/>\n<meta name=\"twitter:site\" content=\"@TourTravel_More\" \/>\n<meta name=\"twitter:label1\" content=\"Dur\u00e9e de lecture estim\u00e9e\" \/>\n\t<meta name=\"twitter:data1\" content=\"2 minutes\" \/>\n<script type=\"application\/ld+json\" class=\"yoast-schema-graph\">{\"@context\":\"https:\/\/schema.org\",\"@graph\":[{\"@type\":\"WebPage\",\"@id\":\"https:\/\/tourtravelandmore.com\/fr\/tours\/lautriche-fr\/hallstatt-fr\/visite-a-pied-privee-de-hallstatt\/\",\"url\":\"https:\/\/tourtravelandmore.com\/fr\/tours\/lautriche-fr\/hallstatt-fr\/visite-a-pied-privee-de-hallstatt\/\",\"name\":\"Visite \u00e0 pied priv\u00e9e de Hallstatt - VISITE PRIV\u00c9E DE HALLSTATT\",\"isPartOf\":{\"@id\":\"https:\/\/tourtravelandmore.com\/fr\/#website\"},\"primaryImageOfPage\":{\"@id\":\"https:\/\/tourtravelandmore.com\/fr\/tours\/lautriche-fr\/hallstatt-fr\/visite-a-pied-privee-de-hallstatt\/#primaryimage\"},\"image\":{\"@id\":\"https:\/\/tourtravelandmore.com\/fr\/tours\/lautriche-fr\/hallstatt-fr\/visite-a-pied-privee-de-hallstatt\/#primaryimage\"},\"thumbnailUrl\":\"https:\/\/tourtravelandmore.com\/wp-content\/uploads\/2019\/09\/hallstatt.jpg\",\"datePublished\":\"2019-10-28T04:48:47+00:00\",\"dateModified\":\"2021-03-09T19:50:38+00:00\",\"description\":\"Profitez de cette visite \u00e0 pied priv\u00e9e enti\u00e8rement personnalis\u00e9e de Hallstatt et profitez de leurs monuments et sites les plus importants aux c\u00f4t\u00e9s d'un guide priv\u00e9.\",\"breadcrumb\":{\"@id\":\"https:\/\/tourtravelandmore.com\/fr\/tours\/lautriche-fr\/hallstatt-fr\/visite-a-pied-privee-de-hallstatt\/#breadcrumb\"},\"inLanguage\":\"fr-FR\",\"potentialAction\":[{\"@type\":\"ReadAction\",\"target\":[\"https:\/\/tourtravelandmore.com\/fr\/tours\/lautriche-fr\/hallstatt-fr\/visite-a-pied-privee-de-hallstatt\/\"]}]},{\"@type\":\"ImageObject\",\"inLanguage\":\"fr-FR\",\"@id\":\"https:\/\/tourtravelandmore.com\/fr\/tours\/lautriche-fr\/hallstatt-fr\/visite-a-pied-privee-de-hallstatt\/#primaryimage\",\"url\":\"https:\/\/tourtravelandmore.com\/wp-content\/uploads\/2019\/09\/hallstatt.jpg\",\"contentUrl\":\"https:\/\/tourtravelandmore.com\/wp-content\/uploads\/2019\/09\/hallstatt.jpg\",\"width\":960,\"height\":549},{\"@type\":\"BreadcrumbList\",\"@id\":\"https:\/\/tourtravelandmore.com\/fr\/tours\/lautriche-fr\/hallstatt-fr\/visite-a-pied-privee-de-hallstatt\/#breadcrumb\",\"itemListElement\":[{\"@type\":\"ListItem\",\"position\":1,\"name\":\"Home\",\"item\":\"https:\/\/tourtravelandmore.com\/fr\/\"},{\"@type\":\"ListItem\",\"position\":2,\"name\":\"Tours\",\"item\":\"https:\/\/tourtravelandmore.com\/fr\/tours\/\"},{\"@type\":\"ListItem\",\"position\":3,\"name\":\"Visite \u00e0 pied priv\u00e9e de Hallstatt\"}]},{\"@type\":\"WebSite\",\"@id\":\"https:\/\/tourtravelandmore.com\/fr\/#website\",\"url\":\"https:\/\/tourtravelandmore.com\/fr\/\",\"name\":\"Tour Travel And More\",\"description\":\"Private sightseeing tours and luxury transfers in Spain\",\"publisher\":{\"@id\":\"https:\/\/tourtravelandmore.com\/fr\/#organization\"},\"potentialAction\":[{\"@type\":\"SearchAction\",\"target\":{\"@type\":\"EntryPoint\",\"urlTemplate\":\"https:\/\/tourtravelandmore.com\/fr\/?s={search_term_string}\"},\"query-input\":{\"@type\":\"PropertyValueSpecification\",\"valueRequired\":true,\"valueName\":\"search_term_string\"}}],\"inLanguage\":\"fr-FR\"},{\"@type\":\"Organization\",\"@id\":\"https:\/\/tourtravelandmore.com\/fr\/#organization\",\"name\":\"Tour Travel And More\",\"url\":\"https:\/\/tourtravelandmore.com\/fr\/\",\"logo\":{\"@type\":\"ImageObject\",\"inLanguage\":\"fr-FR\",\"@id\":\"https:\/\/tourtravelandmore.com\/fr\/#\/schema\/logo\/image\/\",\"url\":\"https:\/\/tourtravelandmore.com\/wp-content\/uploads\/2022\/12\/cropped-logo-cabecera-new.png\",\"contentUrl\":\"https:\/\/tourtravelandmore.com\/wp-content\/uploads\/2022\/12\/cropped-logo-cabecera-new.png\",\"width\":430,\"height\":61,\"caption\":\"Tour Travel And More\"},\"image\":{\"@id\":\"https:\/\/tourtravelandmore.com\/fr\/#\/schema\/logo\/image\/\"},\"sameAs\":[\"https:\/\/www.facebook.com\/tourtravelandmore\/\",\"https:\/\/x.com\/TourTravel_More\"]}]}<\/script>\n<!-- \/ Yoast SEO Premium plugin. -->","yoast_head_json":{"title":"Visite \u00e0 pied priv\u00e9e de Hallstatt - VISITE PRIV\u00c9E DE HALLSTATT","description":"Profitez de cette visite \u00e0 pied priv\u00e9e enti\u00e8rement personnalis\u00e9e de Hallstatt et profitez de leurs monuments et sites les plus importants aux c\u00f4t\u00e9s d'un guide priv\u00e9.","robots":{"index":"index","follow":"follow","max-snippet":"max-snippet:-1","max-image-preview":"max-image-preview:large","max-video-preview":"max-video-preview:-1"},"canonical":"https:\/\/tourtravelandmore.com\/fr\/tours\/lautriche-fr\/hallstatt-fr\/visite-a-pied-privee-de-hallstatt\/","og_locale":"fr_FR","og_type":"article","og_title":"Visite \u00e0 pied priv\u00e9e de Hallstatt","og_description":"Profitez de cette visite \u00e0 pied priv\u00e9e enti\u00e8rement personnalis\u00e9e de Hallstatt et profitez de leurs monuments et sites les plus importants aux c\u00f4t\u00e9s d'un guide priv\u00e9.","og_url":"https:\/\/tourtravelandmore.com\/fr\/tours\/lautriche-fr\/hallstatt-fr\/visite-a-pied-privee-de-hallstatt\/","og_site_name":"Tour Travel And More","article_publisher":"https:\/\/www.facebook.com\/tourtravelandmore\/","article_modified_time":"2021-03-09T19:50:38+00:00","og_image":[{"width":960,"height":549,"url":"https:\/\/tourtravelandmore.com\/wp-content\/uploads\/2019\/09\/hallstatt.jpg","type":"image\/jpeg"}],"twitter_card":"summary_large_image","twitter_site":"@TourTravel_More","twitter_misc":{"Dur\u00e9e de lecture estim\u00e9e":"2 minutes"},"schema":{"@context":"https:\/\/schema.org","@graph":[{"@type":"WebPage","@id":"https:\/\/tourtravelandmore.com\/fr\/tours\/lautriche-fr\/hallstatt-fr\/visite-a-pied-privee-de-hallstatt\/","url":"https:\/\/tourtravelandmore.com\/fr\/tours\/lautriche-fr\/hallstatt-fr\/visite-a-pied-privee-de-hallstatt\/","name":"Visite \u00e0 pied priv\u00e9e de Hallstatt - VISITE PRIV\u00c9E DE HALLSTATT","isPartOf":{"@id":"https:\/\/tourtravelandmore.com\/fr\/#website"},"primaryImageOfPage":{"@id":"https:\/\/tourtravelandmore.com\/fr\/tours\/lautriche-fr\/hallstatt-fr\/visite-a-pied-privee-de-hallstatt\/#primaryimage"},"image":{"@id":"https:\/\/tourtravelandmore.com\/fr\/tours\/lautriche-fr\/hallstatt-fr\/visite-a-pied-privee-de-hallstatt\/#primaryimage"},"thumbnailUrl":"https:\/\/tourtravelandmore.com\/wp-content\/uploads\/2019\/09\/hallstatt.jpg","datePublished":"2019-10-28T04:48:47+00:00","dateModified":"2021-03-09T19:50:38+00:00","description":"Profitez de cette visite \u00e0 pied priv\u00e9e enti\u00e8rement personnalis\u00e9e de Hallstatt et profitez de leurs monuments et sites les plus importants aux c\u00f4t\u00e9s d'un guide priv\u00e9.","breadcrumb":{"@id":"https:\/\/tourtravelandmore.com\/fr\/tours\/lautriche-fr\/hallstatt-fr\/visite-a-pied-privee-de-hallstatt\/#breadcrumb"},"inLanguage":"fr-FR","potentialAction":[{"@type":"ReadAction","target":["https:\/\/tourtravelandmore.com\/fr\/tours\/lautriche-fr\/hallstatt-fr\/visite-a-pied-privee-de-hallstatt\/"]}]},{"@type":"ImageObject","inLanguage":"fr-FR","@id":"https:\/\/tourtravelandmore.com\/fr\/tours\/lautriche-fr\/hallstatt-fr\/visite-a-pied-privee-de-hallstatt\/#primaryimage","url":"https:\/\/tourtravelandmore.com\/wp-content\/uploads\/2019\/09\/hallstatt.jpg","contentUrl":"https:\/\/tourtravelandmore.com\/wp-content\/uploads\/2019\/09\/hallstatt.jpg","width":960,"height":549},{"@type":"BreadcrumbList","@id":"https:\/\/tourtravelandmore.com\/fr\/tours\/lautriche-fr\/hallstatt-fr\/visite-a-pied-privee-de-hallstatt\/#breadcrumb","itemListElement":[{"@type":"ListItem","position":1,"name":"Home","item":"https:\/\/tourtravelandmore.com\/fr\/"},{"@type":"ListItem","position":2,"name":"Tours","item":"https:\/\/tourtravelandmore.com\/fr\/tours\/"},{"@type":"ListItem","position":3,"name":"Visite \u00e0 pied priv\u00e9e de Hallstatt"}]},{"@type":"WebSite","@id":"https:\/\/tourtravelandmore.com\/fr\/#website","url":"https:\/\/tourtravelandmore.com\/fr\/","name":"Tour Travel And More","description":"Private sightseeing tours and luxury transfers in Spain","publisher":{"@id":"https:\/\/tourtravelandmore.com\/fr\/#organization"},"potentialAction":[{"@type":"SearchAction","target":{"@type":"EntryPoint","urlTemplate":"https:\/\/tourtravelandmore.com\/fr\/?s={search_term_string}"},"query-input":{"@type":"PropertyValueSpecification","valueRequired":true,"valueName":"search_term_string"}}],"inLanguage":"fr-FR"},{"@type":"Organization","@id":"https:\/\/tourtravelandmore.com\/fr\/#organization","name":"Tour Travel And More","url":"https:\/\/tourtravelandmore.com\/fr\/","logo":{"@type":"ImageObject","inLanguage":"fr-FR","@id":"https:\/\/tourtravelandmore.com\/fr\/#\/schema\/logo\/image\/","url":"https:\/\/tourtravelandmore.com\/wp-content\/uploads\/2022\/12\/cropped-logo-cabecera-new.png","contentUrl":"https:\/\/tourtravelandmore.com\/wp-content\/uploads\/2022\/12\/cropped-logo-cabecera-new.png","width":430,"height":61,"caption":"Tour Travel And More"},"image":{"@id":"https:\/\/tourtravelandmore.com\/fr\/#\/schema\/logo\/image\/"},"sameAs":["https:\/\/www.facebook.com\/tourtravelandmore\/","https:\/\/x.com\/TourTravel_More"]}]}},"_links":{"self":[{"href":"https:\/\/tourtravelandmore.com\/fr\/wp-json\/wp\/v2\/product\/101856","targetHints":{"allow":["GET"]}}],"collection":[{"href":"https:\/\/tourtravelandmore.com\/fr\/wp-json\/wp\/v2\/product"}],"about":[{"href":"https:\/\/tourtravelandmore.com\/fr\/wp-json\/wp\/v2\/types\/product"}],"replies":[{"embeddable":true,"href":"https:\/\/tourtravelandmore.com\/fr\/wp-json\/wp\/v2\/comments?post=101856"}],"wp:featuredmedia":[{"embeddable":true,"href":"https:\/\/tourtravelandmore.com\/fr\/wp-json\/wp\/v2\/media\/96250"}],"wp:attachment":[{"href":"https:\/\/tourtravelandmore.com\/fr\/wp-json\/wp\/v2\/media?parent=101856"}],"wp:term":[{"taxonomy":"product_brand","embeddable":true,"href":"https:\/\/tourtravelandmore.com\/fr\/wp-json\/wp\/v2\/product_brand?post=101856"},{"taxonomy":"product_cat","embeddable":true,"href":"https:\/\/tourtravelandmore.com\/fr\/wp-json\/wp\/v2\/product_cat?post=101856"},{"taxonomy":"product_tag","embeddable":true,"href":"https:\/\/tourtravelandmore.com\/fr\/wp-json\/wp\/v2\/product_tag?post=101856"}],"curies":[{"name":"wp","href":"https:\/\/api.w.org\/{rel}","templated":true}]}}