{"id":101851,"date":"2019-09-26T14:48:04","date_gmt":"2019-09-26T12:48:04","guid":{"rendered":"https:\/\/tourtravelandmore.com\/tours\/non%20class\u00e9\/visite-privee-de-hallstatt-et-de-salzbourg-au-depart-de-munich\/"},"modified":"2022-11-09T14:26:01","modified_gmt":"2022-11-09T13:26:01","slug":"visite-privee-de-hallstatt-et-de-salzbourg-au-depart-de-munich","status":"publish","type":"product","link":"https:\/\/tourtravelandmore.com\/fr\/tours\/lautriche-fr\/hallstatt-fr\/visite-privee-de-hallstatt-et-de-salzbourg-au-depart-de-munich\/","title":{"rendered":"Visite priv\u00e9e de Hallstatt et de Salzbourg au d\u00e9part de Munich"},"content":{"rendered":"<h2>Description<\/h2>\n<p>Profitez de la grande architecture de <strong>Salzbourg<\/strong> et des merveilleux sites maritimes de <strong>Hallstatt<\/strong> lors de cette excursion priv\u00e9e d&#8217;une journ\u00e9e avec votre propre guide officiel priv\u00e9 et confortablement dans votre v\u00e9hicule de luxe priv\u00e9 avec chauffeur. C&#8217;est une exp\u00e9rience priv\u00e9e d&#8217;une journ\u00e9e compl\u00e8te pour vous! Ne manquez pas notre <strong>visite priv\u00e9e de Hallstatt et de Salzbourg au d\u00e9part de Munich.<\/strong><\/p>\n<p>Tout d&#8217;abord, et pour couronner le tout, nous vous rencontrerons \u00e0 votre h\u00f4tel ou lieu de votre choix \u00e0 <strong>Munich<\/strong> et vous n&#8217;aurez pas \u00e0 vous soucier du point de d\u00e9part de votre visite. Votre guide officiel vous attendra dans le hall de votre h\u00f4tel ou devant votre immeuble pour rendre cette exp\u00e9rience plus facile et plus confortable.<\/p>\n<p>Comme toutes nos visites, cette <strong>visite priv\u00e9e de la ville de Salzbourg et de Hallstatt <\/strong>est une visite enti\u00e8rement personnalis\u00e9e. Nous sommes en mesure de l&#8217;organiser en fonction de vos besoins et d\u00e9sirs personnels. Si vous avez quelque chose \u00e0 l&#8217;esprit, faites-le nous savoir et nous ferons de notre mieux pour l&#8217;organiser lors de votre visite priv\u00e9e.<\/p>\n<p>La dur\u00e9e exacte de la visite est totalement flexible. Cette visite de la ville de <strong>Salzbourg<\/strong> et de <strong>Hallstatt<\/strong> dure <strong>8 heures<\/strong>, mais nous pouvons organiser la dur\u00e9e de la visite exactement comme vous le souhaitez. Nous vous recommandons de profiter de cette visite avec un guide officiel s\u00e9par\u00e9 et un v\u00e9hicule priv\u00e9 avec chauffeur. Cela vous donne la chance d\u2019avoir toute l\u2019attention du guide officiel pendant la visite.<\/p>\n<h2>Sites d&#8217;int\u00e9r\u00eat et monuments<\/h2>\n<p>Profitez de la ville de <strong>Salzbourg<\/strong> <strong>et<\/strong> <strong>de Hallstatt depuis Munich.<\/strong> <strong>Salzbourg<\/strong> est connue pour ses vues sur le son de la musique. Profitez de la vue sur les basses Alpes bavaroises pendant que vous vous rendez \u00e0 <strong>Salzbourg<\/strong>. Vous apprendrez \u00e0 conna\u00eetre les \u00e9glises, les places et uniques.<\/p>\n<p>\u00c0 <strong>Salzbourg<\/strong>, berceau de <strong>Mozart<\/strong>, vous d\u00e9couvrirez ses monuments et sites les plus importants.<\/p>\n<p>Vous pouvez profiter de cette visite priv\u00e9e de <strong>Salzbourg<\/strong> \u00e0 c\u00f4t\u00e9 de votre guide officiel. Nous pouvons ajouter ou supprimer tout monument ou site que vous ne voudriez peut-\u00eatre pas voir ou que vous avez d\u00e9j\u00e0 vu. Tout au long de votre chemin vers Hallstatt, vous vous d\u00e9lecterez des magnifiques paysages ruraux de Salzkammergut et de sa ville. \u00c0 votre arriv\u00e9e \u00e0 <strong>Hallstatt<\/strong>, vous t\u00e9moignerez de l&#8217;une des plus belles vues de paysage que pr\u00e9sentent son lac et ses maisons m\u00e9di\u00e9vales.<\/p>\n<p>Comme nous l&#8217;avons d\u00e9j\u00e0 dit, nous pouvons organiser la dur\u00e9e exacte de la visite en fonction de vos besoins personnels. Nous pouvons offrir des heures suppl\u00e9mentaires ou m\u00eame en faire une exp\u00e9rience d&#8217;une journ\u00e9e compl\u00e8te. Veuillez nous indiquer la dur\u00e9e de la visite priv\u00e9e.<\/p>\n<p>Chaque guide est un guide officiel de <strong>Salzbourg<\/strong> et de <strong>Hallstatt<\/strong> avec une grande connaissance de chaque ville et de son histoire. Votre v\u00e9hicule priv\u00e9 est un v\u00e9hicule de luxe priv\u00e9, une <strong>Mercedes Benz Classe E, Viano ou Vito<\/strong>, chacun avec un chauffeur s\u00e9par\u00e9 pour assurer l&#8217;attention de vos guides touristiques officiels pendant toute la visite.<\/p>\n<p>Lorsque la visite priv\u00e9e de <strong>Hallstatt<\/strong> et de <strong>Salzbourg<\/strong> au d\u00e9part de Munich est termin\u00e9e, votre guide officiel et chauffeur priv\u00e9 avec v\u00e9hicule vous ram\u00e8nera \u00e0 votre h\u00f4tel ou lieu de votre choix \u00e0 Munich.<\/p>\n<p>D\u00e9couvrez nos autres visites priv\u00e9es \u00e0 Salzbourg et Munich!<\/p>\n","protected":false},"excerpt":{"rendered":"<p>Venez avec nous et profitez d&#8217;une <strong>visite priv\u00e9e d&#8217;une journ\u00e9e compl\u00e8te de Salzbourg et de Hallstatt<\/strong>. Profitez de cette visite priv\u00e9e enti\u00e8rement personnalis\u00e9e o\u00f9 vous verrez les monuments et sites les plus importants ainsi que ses sites historiques. Ne manquez pas l&#8217;occasion de d\u00e9couvrir Salzbourg et Hallstatt et tout ce qu&#8217;ils ont \u00e0 offrir \u00e0 c\u00f4t\u00e9 de votre guide officiel priv\u00e9.<\/p>\n","protected":false},"featured_media":94306,"comment_status":"open","ping_status":"closed","template":"","meta":{"_acf_changed":false},"product_brand":[],"product_cat":[3721],"product_tag":[],"class_list":{"0":"post-101851","1":"product","2":"type-product","3":"status-publish","4":"has-post-thumbnail","6":"product_cat-hallstatt-fr","8":"first","9":"instock","10":"shipping-taxable","11":"purchasable","12":"product-type-simple"},"acf":[],"yoast_head":"<!-- This site is optimized with the Yoast SEO Premium plugin v25.3.1 (Yoast SEO v25.3.1) - https:\/\/yoast.com\/wordpress\/plugins\/seo\/ -->\n<title>Visite priv\u00e9e de Hallstatt et de Salzbourg au d\u00e9part de Munich - Visites priv\u00e9es<\/title>\n<meta name=\"description\" content=\"Profitez de cette visite priv\u00e9e enti\u00e8rement personnalis\u00e9e de Hallstatt et de Salzbourg au d\u00e9part de Munich et profitez de leurs monuments et sites les plus importants.\" \/>\n<meta name=\"robots\" content=\"index, follow, max-snippet:-1, max-image-preview:large, max-video-preview:-1\" \/>\n<link rel=\"canonical\" href=\"https:\/\/tourtravelandmore.com\/fr\/tours\/lautriche-fr\/hallstatt-fr\/visite-privee-de-hallstatt-et-de-salzbourg-au-depart-de-munich\/\" \/>\n<meta property=\"og:locale\" content=\"fr_FR\" \/>\n<meta property=\"og:type\" content=\"article\" \/>\n<meta property=\"og:title\" content=\"Visite priv\u00e9e de Hallstatt et de Salzbourg au d\u00e9part de Munich\" \/>\n<meta property=\"og:description\" content=\"Profitez de cette visite priv\u00e9e enti\u00e8rement personnalis\u00e9e de Hallstatt et de Salzbourg au d\u00e9part de Munich et profitez de leurs monuments et sites les plus importants.\" \/>\n<meta property=\"og:url\" content=\"https:\/\/tourtravelandmore.com\/fr\/tours\/lautriche-fr\/hallstatt-fr\/visite-privee-de-hallstatt-et-de-salzbourg-au-depart-de-munich\/\" \/>\n<meta property=\"og:site_name\" content=\"Tour Travel And More\" \/>\n<meta property=\"article:publisher\" content=\"https:\/\/www.facebook.com\/tourtravelandmore\/\" \/>\n<meta property=\"article:modified_time\" content=\"2022-11-09T13:26:01+00:00\" \/>\n<meta property=\"og:image\" content=\"https:\/\/tourtravelandmore.com\/wp-content\/uploads\/2017\/04\/Salzburg-4.jpg\" \/>\n\t<meta property=\"og:image:width\" content=\"1200\" \/>\n\t<meta property=\"og:image:height\" content=\"800\" \/>\n\t<meta property=\"og:image:type\" content=\"image\/jpeg\" \/>\n<meta name=\"twitter:card\" content=\"summary_large_image\" \/>\n<meta name=\"twitter:site\" content=\"@TourTravel_More\" \/>\n<meta name=\"twitter:label1\" content=\"Dur\u00e9e de lecture estim\u00e9e\" \/>\n\t<meta name=\"twitter:data1\" content=\"3 minutes\" \/>\n<script type=\"application\/ld+json\" class=\"yoast-schema-graph\">{\"@context\":\"https:\/\/schema.org\",\"@graph\":[{\"@type\":\"WebPage\",\"@id\":\"https:\/\/tourtravelandmore.com\/fr\/tours\/lautriche-fr\/hallstatt-fr\/visite-privee-de-hallstatt-et-de-salzbourg-au-depart-de-munich\/\",\"url\":\"https:\/\/tourtravelandmore.com\/fr\/tours\/lautriche-fr\/hallstatt-fr\/visite-privee-de-hallstatt-et-de-salzbourg-au-depart-de-munich\/\",\"name\":\"Visite priv\u00e9e de Hallstatt et de Salzbourg au d\u00e9part de Munich - Visites priv\u00e9es\",\"isPartOf\":{\"@id\":\"https:\/\/tourtravelandmore.com\/fr\/#website\"},\"primaryImageOfPage\":{\"@id\":\"https:\/\/tourtravelandmore.com\/fr\/tours\/lautriche-fr\/hallstatt-fr\/visite-privee-de-hallstatt-et-de-salzbourg-au-depart-de-munich\/#primaryimage\"},\"image\":{\"@id\":\"https:\/\/tourtravelandmore.com\/fr\/tours\/lautriche-fr\/hallstatt-fr\/visite-privee-de-hallstatt-et-de-salzbourg-au-depart-de-munich\/#primaryimage\"},\"thumbnailUrl\":\"https:\/\/tourtravelandmore.com\/wp-content\/uploads\/2017\/04\/Salzburg-4.jpg\",\"datePublished\":\"2019-09-26T12:48:04+00:00\",\"dateModified\":\"2022-11-09T13:26:01+00:00\",\"description\":\"Profitez de cette visite priv\u00e9e enti\u00e8rement personnalis\u00e9e de Hallstatt et de Salzbourg au d\u00e9part de Munich et profitez de leurs monuments et sites les plus importants.\",\"breadcrumb\":{\"@id\":\"https:\/\/tourtravelandmore.com\/fr\/tours\/lautriche-fr\/hallstatt-fr\/visite-privee-de-hallstatt-et-de-salzbourg-au-depart-de-munich\/#breadcrumb\"},\"inLanguage\":\"fr-FR\",\"potentialAction\":[{\"@type\":\"ReadAction\",\"target\":[\"https:\/\/tourtravelandmore.com\/fr\/tours\/lautriche-fr\/hallstatt-fr\/visite-privee-de-hallstatt-et-de-salzbourg-au-depart-de-munich\/\"]}]},{\"@type\":\"ImageObject\",\"inLanguage\":\"fr-FR\",\"@id\":\"https:\/\/tourtravelandmore.com\/fr\/tours\/lautriche-fr\/hallstatt-fr\/visite-privee-de-hallstatt-et-de-salzbourg-au-depart-de-munich\/#primaryimage\",\"url\":\"https:\/\/tourtravelandmore.com\/wp-content\/uploads\/2017\/04\/Salzburg-4.jpg\",\"contentUrl\":\"https:\/\/tourtravelandmore.com\/wp-content\/uploads\/2017\/04\/Salzburg-4.jpg\",\"width\":1200,\"height\":800},{\"@type\":\"BreadcrumbList\",\"@id\":\"https:\/\/tourtravelandmore.com\/fr\/tours\/lautriche-fr\/hallstatt-fr\/visite-privee-de-hallstatt-et-de-salzbourg-au-depart-de-munich\/#breadcrumb\",\"itemListElement\":[{\"@type\":\"ListItem\",\"position\":1,\"name\":\"Home\",\"item\":\"https:\/\/tourtravelandmore.com\/fr\/\"},{\"@type\":\"ListItem\",\"position\":2,\"name\":\"Tours\",\"item\":\"https:\/\/tourtravelandmore.com\/fr\/tours\/\"},{\"@type\":\"ListItem\",\"position\":3,\"name\":\"Visite priv\u00e9e de Hallstatt et de Salzbourg au d\u00e9part de Munich\"}]},{\"@type\":\"WebSite\",\"@id\":\"https:\/\/tourtravelandmore.com\/fr\/#website\",\"url\":\"https:\/\/tourtravelandmore.com\/fr\/\",\"name\":\"Tour Travel And More\",\"description\":\"Private sightseeing tours and luxury transfers in Spain\",\"publisher\":{\"@id\":\"https:\/\/tourtravelandmore.com\/fr\/#organization\"},\"potentialAction\":[{\"@type\":\"SearchAction\",\"target\":{\"@type\":\"EntryPoint\",\"urlTemplate\":\"https:\/\/tourtravelandmore.com\/fr\/?s={search_term_string}\"},\"query-input\":{\"@type\":\"PropertyValueSpecification\",\"valueRequired\":true,\"valueName\":\"search_term_string\"}}],\"inLanguage\":\"fr-FR\"},{\"@type\":\"Organization\",\"@id\":\"https:\/\/tourtravelandmore.com\/fr\/#organization\",\"name\":\"Tour Travel And More\",\"url\":\"https:\/\/tourtravelandmore.com\/fr\/\",\"logo\":{\"@type\":\"ImageObject\",\"inLanguage\":\"fr-FR\",\"@id\":\"https:\/\/tourtravelandmore.com\/fr\/#\/schema\/logo\/image\/\",\"url\":\"https:\/\/tourtravelandmore.com\/wp-content\/uploads\/2022\/12\/cropped-logo-cabecera-new.png\",\"contentUrl\":\"https:\/\/tourtravelandmore.com\/wp-content\/uploads\/2022\/12\/cropped-logo-cabecera-new.png\",\"width\":430,\"height\":61,\"caption\":\"Tour Travel And More\"},\"image\":{\"@id\":\"https:\/\/tourtravelandmore.com\/fr\/#\/schema\/logo\/image\/\"},\"sameAs\":[\"https:\/\/www.facebook.com\/tourtravelandmore\/\",\"https:\/\/x.com\/TourTravel_More\"]}]}<\/script>\n<!-- \/ Yoast SEO Premium plugin. -->","yoast_head_json":{"title":"Visite priv\u00e9e de Hallstatt et de Salzbourg au d\u00e9part de Munich - Visites priv\u00e9es","description":"Profitez de cette visite priv\u00e9e enti\u00e8rement personnalis\u00e9e de Hallstatt et de Salzbourg au d\u00e9part de Munich et profitez de leurs monuments et sites les plus importants.","robots":{"index":"index","follow":"follow","max-snippet":"max-snippet:-1","max-image-preview":"max-image-preview:large","max-video-preview":"max-video-preview:-1"},"canonical":"https:\/\/tourtravelandmore.com\/fr\/tours\/lautriche-fr\/hallstatt-fr\/visite-privee-de-hallstatt-et-de-salzbourg-au-depart-de-munich\/","og_locale":"fr_FR","og_type":"article","og_title":"Visite priv\u00e9e de Hallstatt et de Salzbourg au d\u00e9part de Munich","og_description":"Profitez de cette visite priv\u00e9e enti\u00e8rement personnalis\u00e9e de Hallstatt et de Salzbourg au d\u00e9part de Munich et profitez de leurs monuments et sites les plus importants.","og_url":"https:\/\/tourtravelandmore.com\/fr\/tours\/lautriche-fr\/hallstatt-fr\/visite-privee-de-hallstatt-et-de-salzbourg-au-depart-de-munich\/","og_site_name":"Tour Travel And More","article_publisher":"https:\/\/www.facebook.com\/tourtravelandmore\/","article_modified_time":"2022-11-09T13:26:01+00:00","og_image":[{"width":1200,"height":800,"url":"https:\/\/tourtravelandmore.com\/wp-content\/uploads\/2017\/04\/Salzburg-4.jpg","type":"image\/jpeg"}],"twitter_card":"summary_large_image","twitter_site":"@TourTravel_More","twitter_misc":{"Dur\u00e9e de lecture estim\u00e9e":"3 minutes"},"schema":{"@context":"https:\/\/schema.org","@graph":[{"@type":"WebPage","@id":"https:\/\/tourtravelandmore.com\/fr\/tours\/lautriche-fr\/hallstatt-fr\/visite-privee-de-hallstatt-et-de-salzbourg-au-depart-de-munich\/","url":"https:\/\/tourtravelandmore.com\/fr\/tours\/lautriche-fr\/hallstatt-fr\/visite-privee-de-hallstatt-et-de-salzbourg-au-depart-de-munich\/","name":"Visite priv\u00e9e de Hallstatt et de Salzbourg au d\u00e9part de Munich - Visites priv\u00e9es","isPartOf":{"@id":"https:\/\/tourtravelandmore.com\/fr\/#website"},"primaryImageOfPage":{"@id":"https:\/\/tourtravelandmore.com\/fr\/tours\/lautriche-fr\/hallstatt-fr\/visite-privee-de-hallstatt-et-de-salzbourg-au-depart-de-munich\/#primaryimage"},"image":{"@id":"https:\/\/tourtravelandmore.com\/fr\/tours\/lautriche-fr\/hallstatt-fr\/visite-privee-de-hallstatt-et-de-salzbourg-au-depart-de-munich\/#primaryimage"},"thumbnailUrl":"https:\/\/tourtravelandmore.com\/wp-content\/uploads\/2017\/04\/Salzburg-4.jpg","datePublished":"2019-09-26T12:48:04+00:00","dateModified":"2022-11-09T13:26:01+00:00","description":"Profitez de cette visite priv\u00e9e enti\u00e8rement personnalis\u00e9e de Hallstatt et de Salzbourg au d\u00e9part de Munich et profitez de leurs monuments et sites les plus importants.","breadcrumb":{"@id":"https:\/\/tourtravelandmore.com\/fr\/tours\/lautriche-fr\/hallstatt-fr\/visite-privee-de-hallstatt-et-de-salzbourg-au-depart-de-munich\/#breadcrumb"},"inLanguage":"fr-FR","potentialAction":[{"@type":"ReadAction","target":["https:\/\/tourtravelandmore.com\/fr\/tours\/lautriche-fr\/hallstatt-fr\/visite-privee-de-hallstatt-et-de-salzbourg-au-depart-de-munich\/"]}]},{"@type":"ImageObject","inLanguage":"fr-FR","@id":"https:\/\/tourtravelandmore.com\/fr\/tours\/lautriche-fr\/hallstatt-fr\/visite-privee-de-hallstatt-et-de-salzbourg-au-depart-de-munich\/#primaryimage","url":"https:\/\/tourtravelandmore.com\/wp-content\/uploads\/2017\/04\/Salzburg-4.jpg","contentUrl":"https:\/\/tourtravelandmore.com\/wp-content\/uploads\/2017\/04\/Salzburg-4.jpg","width":1200,"height":800},{"@type":"BreadcrumbList","@id":"https:\/\/tourtravelandmore.com\/fr\/tours\/lautriche-fr\/hallstatt-fr\/visite-privee-de-hallstatt-et-de-salzbourg-au-depart-de-munich\/#breadcrumb","itemListElement":[{"@type":"ListItem","position":1,"name":"Home","item":"https:\/\/tourtravelandmore.com\/fr\/"},{"@type":"ListItem","position":2,"name":"Tours","item":"https:\/\/tourtravelandmore.com\/fr\/tours\/"},{"@type":"ListItem","position":3,"name":"Visite priv\u00e9e de Hallstatt et de Salzbourg au d\u00e9part de Munich"}]},{"@type":"WebSite","@id":"https:\/\/tourtravelandmore.com\/fr\/#website","url":"https:\/\/tourtravelandmore.com\/fr\/","name":"Tour Travel And More","description":"Private sightseeing tours and luxury transfers in Spain","publisher":{"@id":"https:\/\/tourtravelandmore.com\/fr\/#organization"},"potentialAction":[{"@type":"SearchAction","target":{"@type":"EntryPoint","urlTemplate":"https:\/\/tourtravelandmore.com\/fr\/?s={search_term_string}"},"query-input":{"@type":"PropertyValueSpecification","valueRequired":true,"valueName":"search_term_string"}}],"inLanguage":"fr-FR"},{"@type":"Organization","@id":"https:\/\/tourtravelandmore.com\/fr\/#organization","name":"Tour Travel And More","url":"https:\/\/tourtravelandmore.com\/fr\/","logo":{"@type":"ImageObject","inLanguage":"fr-FR","@id":"https:\/\/tourtravelandmore.com\/fr\/#\/schema\/logo\/image\/","url":"https:\/\/tourtravelandmore.com\/wp-content\/uploads\/2022\/12\/cropped-logo-cabecera-new.png","contentUrl":"https:\/\/tourtravelandmore.com\/wp-content\/uploads\/2022\/12\/cropped-logo-cabecera-new.png","width":430,"height":61,"caption":"Tour Travel And More"},"image":{"@id":"https:\/\/tourtravelandmore.com\/fr\/#\/schema\/logo\/image\/"},"sameAs":["https:\/\/www.facebook.com\/tourtravelandmore\/","https:\/\/x.com\/TourTravel_More"]}]}},"_links":{"self":[{"href":"https:\/\/tourtravelandmore.com\/fr\/wp-json\/wp\/v2\/product\/101851","targetHints":{"allow":["GET"]}}],"collection":[{"href":"https:\/\/tourtravelandmore.com\/fr\/wp-json\/wp\/v2\/product"}],"about":[{"href":"https:\/\/tourtravelandmore.com\/fr\/wp-json\/wp\/v2\/types\/product"}],"replies":[{"embeddable":true,"href":"https:\/\/tourtravelandmore.com\/fr\/wp-json\/wp\/v2\/comments?post=101851"}],"wp:featuredmedia":[{"embeddable":true,"href":"https:\/\/tourtravelandmore.com\/fr\/wp-json\/wp\/v2\/media\/94306"}],"wp:attachment":[{"href":"https:\/\/tourtravelandmore.com\/fr\/wp-json\/wp\/v2\/media?parent=101851"}],"wp:term":[{"taxonomy":"product_brand","embeddable":true,"href":"https:\/\/tourtravelandmore.com\/fr\/wp-json\/wp\/v2\/product_brand?post=101851"},{"taxonomy":"product_cat","embeddable":true,"href":"https:\/\/tourtravelandmore.com\/fr\/wp-json\/wp\/v2\/product_cat?post=101851"},{"taxonomy":"product_tag","embeddable":true,"href":"https:\/\/tourtravelandmore.com\/fr\/wp-json\/wp\/v2\/product_tag?post=101851"}],"curies":[{"name":"wp","href":"https:\/\/api.w.org\/{rel}","templated":true}]}}