{"id":101841,"date":"2019-11-16T15:22:21","date_gmt":"2019-11-16T14:22:21","guid":{"rendered":"https:\/\/tourtravelandmore.com\/tours\/non%20class\u00e9\/visite-privee-du-chateau-de-neuschwanstein-au-depart-de-salzbourg\/"},"modified":"2022-11-09T15:36:00","modified_gmt":"2022-11-09T14:36:00","slug":"visite-privee-du-chateau-de-neuschwanstein-au-depart-de-salzbourg","status":"publish","type":"product","link":"https:\/\/tourtravelandmore.com\/fr\/tours\/lautriche-fr\/salzbourg-fr\/private-sightseeing-tours-fr-11\/visite-privee-du-chateau-de-neuschwanstein-au-depart-de-salzbourg\/","title":{"rendered":"Visite priv\u00e9e du ch\u00e2teau de Neuschwanstein au d\u00e9part de Salzbourg"},"content":{"rendered":"<h2>Description<\/h2>\n<p>Profitez de cette excursion priv\u00e9e au ch\u00e2teau de Neuchwastein au d\u00e9part de Salzbourg aux c\u00f4t\u00e9s de votre guide officiel priv\u00e9. Apprenez \u00e0 conna\u00eetre les ch\u00e2teaux du roi Louis de Neuschwanstein et de Linderhof lors de cette visite priv\u00e9e du ch\u00e2teau de Neuchwastein au d\u00e9part de Salzbourg.<\/p>\n<p>Nous nous rencontrerons dans un point central de Salzbourg, votre h\u00f4tel ou lieu de choix \u00e0 Salzbourg. Ici, votre chauffeur priv\u00e9 vous emm\u00e8nera et vous conduira \u00e0 votre premi\u00e8re destination en Bavi\u00e8re. Il s&#8217;agit du ch\u00e2teau de Neuschwanstein et de la ville de F\u00fcssen. En Bavi\u00e8re, vous rencontrerez votre guide officiel qui vous montrera le meilleur de la ville, les palais et leurs principales attractions.<\/p>\n<p>Nous apprendrons \u00e0 conna\u00eetre plusieurs des monuments architecturaux, culturels et historiques les plus importants de Bavi\u00e8re.<\/p>\n<p>Vous pouvez personnaliser chaque visite en nous contactant simplement. Voici un exemple de certains des sites les plus importants de Bavi\u00e8re, mais votre visite peut \u00eatre enti\u00e8rement personnalis\u00e9e pour r\u00e9pondre exactement \u00e0 vos besoins. Nous vous aiderons \u00e0 organiser votre exp\u00e9rience totalement personnalis\u00e9e et unique.<\/p>\n<p>Bellow est une visite de 10 heures. Nous pouvons toujours vous proposer des circuits plus ou moins longs si vous le souhaitez. Le nombre exact d&#8217;heures peut \u00eatre modifi\u00e9. Nous sommes l\u00e0 pour rendre votre exp\u00e9rience unique et m\u00e9morable.<\/p>\n<h2>Sites d&#8217;int\u00e9r\u00eat et monuments<\/h2>\n<p>Lors de votre visite priv\u00e9e du ch\u00e2teau de Neuchwastein au d\u00e9part de Salzbourg, vous d\u00e9couvrirez certains des plus \u00e9tonnants ch\u00e2teaux.<\/p>\n<p>Entre autres, profitez de:<\/p>\n<ul>\n<li>Lac Chiemsee<\/li>\n<li>Irschenberg<\/li>\n<li>Bad T\u00f6lz<\/li>\n<li>F\u00fcssen<\/li>\n<li>Ch\u00e2teau Neuschwanstein<\/li>\n<li>La ville de F\u00fcssen<\/li>\n<li>Zugspitze<\/li>\n<li>Palais Linderhof et ses jardins<\/li>\n<li>Et bien d&#8217;autres endroits dans cette excursion priv\u00e9e dans les ch\u00e2teaux bavarois et ses monuments<\/li>\n<\/ul>\n<p>Admirez les autres visites priv\u00e9es \u00e0 Salzbourg et dans la r\u00e9gion. Nous proposons des visites priv\u00e9es dans n&#8217;importe quelle ville ou lieu dans le monde. Nos experts en voyages chez Tour Travel &amp; More sont l\u00e0 pour vous aider \u00e0 vivre une exp\u00e9rience unique.<\/p>\n","protected":false},"excerpt":{"rendered":"<p>Aventurez-vous dans cette excursion priv\u00e9e enti\u00e8rement personnalis\u00e9e de 10 heures \u00e0 travers le ch\u00e2teau de Neuchwastein et beaucoup de Salzbourg, o\u00f9 vous pourrez admirer la beaut\u00e9 urbaine de ses rues, monuments et b\u00e2timents de la Renaissance les plus importants. En cours de route, votre guide officiel priv\u00e9 vous conduira \u00e0 la d\u00e9couverte de la beaut\u00e9 offerte par les ch\u00e2teaux du roi Ludwig et ses impressionnantes vues rurales.<\/p>\n","protected":false},"featured_media":94301,"comment_status":"open","ping_status":"closed","template":"","meta":{"_acf_changed":false},"product_brand":[],"product_cat":[3709,3722,4217,4216],"product_tag":[4220,4221,4043,4219],"class_list":{"0":"post-101841","1":"product","2":"type-product","3":"status-publish","4":"has-post-thumbnail","6":"product_cat-lautriche-fr","7":"product_cat-salzbourg-fr","8":"product_cat-all-private-tours-activities-fr-10","9":"product_cat-private-sightseeing-tours-fr-11","10":"product_tag-city-tour-fr","11":"product_tag-excursion-fr","12":"product_tag-private-fr","13":"product_tag-private-tour-fr","15":"first","16":"instock","17":"shipping-taxable","18":"purchasable","19":"product-type-simple"},"acf":[],"yoast_head":"<!-- This site is optimized with the Yoast SEO Premium plugin v25.3.1 (Yoast SEO v25.3.1) - https:\/\/yoast.com\/wordpress\/plugins\/seo\/ -->\n<title>Visite priv\u00e9e du ch\u00e2teau de Neuschwanstein au d\u00e9part de Salzbourg - Visite priv\u00e9e<\/title>\n<meta name=\"description\" content=\"Explorez et profitez du ch\u00e2teau de Neuchwastein avec cette visite priv\u00e9e du ch\u00e2teau de Neuchwastein au d\u00e9part de Salzbourg et d\u00e9couvrez le meilleur de la ville bavaroise.\" \/>\n<meta name=\"robots\" content=\"index, follow, max-snippet:-1, max-image-preview:large, max-video-preview:-1\" \/>\n<link rel=\"canonical\" href=\"https:\/\/tourtravelandmore.com\/fr\/tours\/lautriche-fr\/salzbourg-fr\/private-sightseeing-tours-fr-11\/visite-privee-du-chateau-de-neuschwanstein-au-depart-de-salzbourg\/\" \/>\n<meta property=\"og:locale\" content=\"fr_FR\" \/>\n<meta property=\"og:type\" content=\"article\" \/>\n<meta property=\"og:title\" content=\"Visite priv\u00e9e du ch\u00e2teau de Neuschwanstein au d\u00e9part de Salzbourg\" \/>\n<meta property=\"og:description\" content=\"Explorez et profitez du ch\u00e2teau de Neuchwastein avec cette visite priv\u00e9e du ch\u00e2teau de Neuchwastein au d\u00e9part de Salzbourg et d\u00e9couvrez le meilleur de la ville bavaroise.\" \/>\n<meta property=\"og:url\" content=\"https:\/\/tourtravelandmore.com\/fr\/tours\/lautriche-fr\/salzbourg-fr\/private-sightseeing-tours-fr-11\/visite-privee-du-chateau-de-neuschwanstein-au-depart-de-salzbourg\/\" \/>\n<meta property=\"og:site_name\" content=\"Tour Travel And More\" \/>\n<meta property=\"article:publisher\" content=\"https:\/\/www.facebook.com\/tourtravelandmore\/\" \/>\n<meta property=\"article:modified_time\" content=\"2022-11-09T14:36:00+00:00\" \/>\n<meta property=\"og:image\" content=\"https:\/\/tourtravelandmore.com\/wp-content\/uploads\/2017\/04\/Schloss-Neuschwanstein-erleuchtet-im-Herbst.jpg\" \/>\n\t<meta property=\"og:image:width\" content=\"1000\" \/>\n\t<meta property=\"og:image:height\" content=\"667\" \/>\n\t<meta property=\"og:image:type\" content=\"image\/jpeg\" \/>\n<meta name=\"twitter:card\" content=\"summary_large_image\" \/>\n<meta name=\"twitter:site\" content=\"@TourTravel_More\" \/>\n<meta name=\"twitter:label1\" content=\"Dur\u00e9e de lecture estim\u00e9e\" \/>\n\t<meta name=\"twitter:data1\" content=\"2 minutes\" \/>\n<script type=\"application\/ld+json\" class=\"yoast-schema-graph\">{\"@context\":\"https:\/\/schema.org\",\"@graph\":[{\"@type\":\"WebPage\",\"@id\":\"https:\/\/tourtravelandmore.com\/fr\/tours\/lautriche-fr\/salzbourg-fr\/private-sightseeing-tours-fr-11\/visite-privee-du-chateau-de-neuschwanstein-au-depart-de-salzbourg\/\",\"url\":\"https:\/\/tourtravelandmore.com\/fr\/tours\/lautriche-fr\/salzbourg-fr\/private-sightseeing-tours-fr-11\/visite-privee-du-chateau-de-neuschwanstein-au-depart-de-salzbourg\/\",\"name\":\"Visite priv\u00e9e du ch\u00e2teau de Neuschwanstein au d\u00e9part de Salzbourg - Visite priv\u00e9e\",\"isPartOf\":{\"@id\":\"https:\/\/tourtravelandmore.com\/fr\/#website\"},\"primaryImageOfPage\":{\"@id\":\"https:\/\/tourtravelandmore.com\/fr\/tours\/lautriche-fr\/salzbourg-fr\/private-sightseeing-tours-fr-11\/visite-privee-du-chateau-de-neuschwanstein-au-depart-de-salzbourg\/#primaryimage\"},\"image\":{\"@id\":\"https:\/\/tourtravelandmore.com\/fr\/tours\/lautriche-fr\/salzbourg-fr\/private-sightseeing-tours-fr-11\/visite-privee-du-chateau-de-neuschwanstein-au-depart-de-salzbourg\/#primaryimage\"},\"thumbnailUrl\":\"https:\/\/tourtravelandmore.com\/wp-content\/uploads\/2017\/04\/Schloss-Neuschwanstein-erleuchtet-im-Herbst.jpg\",\"datePublished\":\"2019-11-16T14:22:21+00:00\",\"dateModified\":\"2022-11-09T14:36:00+00:00\",\"description\":\"Explorez et profitez du ch\u00e2teau de Neuchwastein avec cette visite priv\u00e9e du ch\u00e2teau de Neuchwastein au d\u00e9part de Salzbourg et d\u00e9couvrez le meilleur de la ville bavaroise.\",\"breadcrumb\":{\"@id\":\"https:\/\/tourtravelandmore.com\/fr\/tours\/lautriche-fr\/salzbourg-fr\/private-sightseeing-tours-fr-11\/visite-privee-du-chateau-de-neuschwanstein-au-depart-de-salzbourg\/#breadcrumb\"},\"inLanguage\":\"fr-FR\",\"potentialAction\":[{\"@type\":\"ReadAction\",\"target\":[\"https:\/\/tourtravelandmore.com\/fr\/tours\/lautriche-fr\/salzbourg-fr\/private-sightseeing-tours-fr-11\/visite-privee-du-chateau-de-neuschwanstein-au-depart-de-salzbourg\/\"]}]},{\"@type\":\"ImageObject\",\"inLanguage\":\"fr-FR\",\"@id\":\"https:\/\/tourtravelandmore.com\/fr\/tours\/lautriche-fr\/salzbourg-fr\/private-sightseeing-tours-fr-11\/visite-privee-du-chateau-de-neuschwanstein-au-depart-de-salzbourg\/#primaryimage\",\"url\":\"https:\/\/tourtravelandmore.com\/wp-content\/uploads\/2017\/04\/Schloss-Neuschwanstein-erleuchtet-im-Herbst.jpg\",\"contentUrl\":\"https:\/\/tourtravelandmore.com\/wp-content\/uploads\/2017\/04\/Schloss-Neuschwanstein-erleuchtet-im-Herbst.jpg\",\"width\":1000,\"height\":667},{\"@type\":\"BreadcrumbList\",\"@id\":\"https:\/\/tourtravelandmore.com\/fr\/tours\/lautriche-fr\/salzbourg-fr\/private-sightseeing-tours-fr-11\/visite-privee-du-chateau-de-neuschwanstein-au-depart-de-salzbourg\/#breadcrumb\",\"itemListElement\":[{\"@type\":\"ListItem\",\"position\":1,\"name\":\"Home\",\"item\":\"https:\/\/tourtravelandmore.com\/fr\/\"},{\"@type\":\"ListItem\",\"position\":2,\"name\":\"Tours\",\"item\":\"https:\/\/tourtravelandmore.com\/fr\/tours\/\"},{\"@type\":\"ListItem\",\"position\":3,\"name\":\"Visite priv\u00e9e du ch\u00e2teau de Neuschwanstein au d\u00e9part de Salzbourg\"}]},{\"@type\":\"WebSite\",\"@id\":\"https:\/\/tourtravelandmore.com\/fr\/#website\",\"url\":\"https:\/\/tourtravelandmore.com\/fr\/\",\"name\":\"Tour Travel And More\",\"description\":\"Private sightseeing tours and luxury transfers in Spain\",\"publisher\":{\"@id\":\"https:\/\/tourtravelandmore.com\/fr\/#organization\"},\"potentialAction\":[{\"@type\":\"SearchAction\",\"target\":{\"@type\":\"EntryPoint\",\"urlTemplate\":\"https:\/\/tourtravelandmore.com\/fr\/?s={search_term_string}\"},\"query-input\":{\"@type\":\"PropertyValueSpecification\",\"valueRequired\":true,\"valueName\":\"search_term_string\"}}],\"inLanguage\":\"fr-FR\"},{\"@type\":\"Organization\",\"@id\":\"https:\/\/tourtravelandmore.com\/fr\/#organization\",\"name\":\"Tour Travel And More\",\"url\":\"https:\/\/tourtravelandmore.com\/fr\/\",\"logo\":{\"@type\":\"ImageObject\",\"inLanguage\":\"fr-FR\",\"@id\":\"https:\/\/tourtravelandmore.com\/fr\/#\/schema\/logo\/image\/\",\"url\":\"https:\/\/tourtravelandmore.com\/wp-content\/uploads\/2022\/12\/cropped-logo-cabecera-new.png\",\"contentUrl\":\"https:\/\/tourtravelandmore.com\/wp-content\/uploads\/2022\/12\/cropped-logo-cabecera-new.png\",\"width\":430,\"height\":61,\"caption\":\"Tour Travel And More\"},\"image\":{\"@id\":\"https:\/\/tourtravelandmore.com\/fr\/#\/schema\/logo\/image\/\"},\"sameAs\":[\"https:\/\/www.facebook.com\/tourtravelandmore\/\",\"https:\/\/x.com\/TourTravel_More\"]}]}<\/script>\n<!-- \/ Yoast SEO Premium plugin. -->","yoast_head_json":{"title":"Visite priv\u00e9e du ch\u00e2teau de Neuschwanstein au d\u00e9part de Salzbourg - Visite priv\u00e9e","description":"Explorez et profitez du ch\u00e2teau de Neuchwastein avec cette visite priv\u00e9e du ch\u00e2teau de Neuchwastein au d\u00e9part de Salzbourg et d\u00e9couvrez le meilleur de la ville bavaroise.","robots":{"index":"index","follow":"follow","max-snippet":"max-snippet:-1","max-image-preview":"max-image-preview:large","max-video-preview":"max-video-preview:-1"},"canonical":"https:\/\/tourtravelandmore.com\/fr\/tours\/lautriche-fr\/salzbourg-fr\/private-sightseeing-tours-fr-11\/visite-privee-du-chateau-de-neuschwanstein-au-depart-de-salzbourg\/","og_locale":"fr_FR","og_type":"article","og_title":"Visite priv\u00e9e du ch\u00e2teau de Neuschwanstein au d\u00e9part de Salzbourg","og_description":"Explorez et profitez du ch\u00e2teau de Neuchwastein avec cette visite priv\u00e9e du ch\u00e2teau de Neuchwastein au d\u00e9part de Salzbourg et d\u00e9couvrez le meilleur de la ville bavaroise.","og_url":"https:\/\/tourtravelandmore.com\/fr\/tours\/lautriche-fr\/salzbourg-fr\/private-sightseeing-tours-fr-11\/visite-privee-du-chateau-de-neuschwanstein-au-depart-de-salzbourg\/","og_site_name":"Tour Travel And More","article_publisher":"https:\/\/www.facebook.com\/tourtravelandmore\/","article_modified_time":"2022-11-09T14:36:00+00:00","og_image":[{"width":1000,"height":667,"url":"https:\/\/tourtravelandmore.com\/wp-content\/uploads\/2017\/04\/Schloss-Neuschwanstein-erleuchtet-im-Herbst.jpg","type":"image\/jpeg"}],"twitter_card":"summary_large_image","twitter_site":"@TourTravel_More","twitter_misc":{"Dur\u00e9e de lecture estim\u00e9e":"2 minutes"},"schema":{"@context":"https:\/\/schema.org","@graph":[{"@type":"WebPage","@id":"https:\/\/tourtravelandmore.com\/fr\/tours\/lautriche-fr\/salzbourg-fr\/private-sightseeing-tours-fr-11\/visite-privee-du-chateau-de-neuschwanstein-au-depart-de-salzbourg\/","url":"https:\/\/tourtravelandmore.com\/fr\/tours\/lautriche-fr\/salzbourg-fr\/private-sightseeing-tours-fr-11\/visite-privee-du-chateau-de-neuschwanstein-au-depart-de-salzbourg\/","name":"Visite priv\u00e9e du ch\u00e2teau de Neuschwanstein au d\u00e9part de Salzbourg - Visite priv\u00e9e","isPartOf":{"@id":"https:\/\/tourtravelandmore.com\/fr\/#website"},"primaryImageOfPage":{"@id":"https:\/\/tourtravelandmore.com\/fr\/tours\/lautriche-fr\/salzbourg-fr\/private-sightseeing-tours-fr-11\/visite-privee-du-chateau-de-neuschwanstein-au-depart-de-salzbourg\/#primaryimage"},"image":{"@id":"https:\/\/tourtravelandmore.com\/fr\/tours\/lautriche-fr\/salzbourg-fr\/private-sightseeing-tours-fr-11\/visite-privee-du-chateau-de-neuschwanstein-au-depart-de-salzbourg\/#primaryimage"},"thumbnailUrl":"https:\/\/tourtravelandmore.com\/wp-content\/uploads\/2017\/04\/Schloss-Neuschwanstein-erleuchtet-im-Herbst.jpg","datePublished":"2019-11-16T14:22:21+00:00","dateModified":"2022-11-09T14:36:00+00:00","description":"Explorez et profitez du ch\u00e2teau de Neuchwastein avec cette visite priv\u00e9e du ch\u00e2teau de Neuchwastein au d\u00e9part de Salzbourg et d\u00e9couvrez le meilleur de la ville bavaroise.","breadcrumb":{"@id":"https:\/\/tourtravelandmore.com\/fr\/tours\/lautriche-fr\/salzbourg-fr\/private-sightseeing-tours-fr-11\/visite-privee-du-chateau-de-neuschwanstein-au-depart-de-salzbourg\/#breadcrumb"},"inLanguage":"fr-FR","potentialAction":[{"@type":"ReadAction","target":["https:\/\/tourtravelandmore.com\/fr\/tours\/lautriche-fr\/salzbourg-fr\/private-sightseeing-tours-fr-11\/visite-privee-du-chateau-de-neuschwanstein-au-depart-de-salzbourg\/"]}]},{"@type":"ImageObject","inLanguage":"fr-FR","@id":"https:\/\/tourtravelandmore.com\/fr\/tours\/lautriche-fr\/salzbourg-fr\/private-sightseeing-tours-fr-11\/visite-privee-du-chateau-de-neuschwanstein-au-depart-de-salzbourg\/#primaryimage","url":"https:\/\/tourtravelandmore.com\/wp-content\/uploads\/2017\/04\/Schloss-Neuschwanstein-erleuchtet-im-Herbst.jpg","contentUrl":"https:\/\/tourtravelandmore.com\/wp-content\/uploads\/2017\/04\/Schloss-Neuschwanstein-erleuchtet-im-Herbst.jpg","width":1000,"height":667},{"@type":"BreadcrumbList","@id":"https:\/\/tourtravelandmore.com\/fr\/tours\/lautriche-fr\/salzbourg-fr\/private-sightseeing-tours-fr-11\/visite-privee-du-chateau-de-neuschwanstein-au-depart-de-salzbourg\/#breadcrumb","itemListElement":[{"@type":"ListItem","position":1,"name":"Home","item":"https:\/\/tourtravelandmore.com\/fr\/"},{"@type":"ListItem","position":2,"name":"Tours","item":"https:\/\/tourtravelandmore.com\/fr\/tours\/"},{"@type":"ListItem","position":3,"name":"Visite priv\u00e9e du ch\u00e2teau de Neuschwanstein au d\u00e9part de Salzbourg"}]},{"@type":"WebSite","@id":"https:\/\/tourtravelandmore.com\/fr\/#website","url":"https:\/\/tourtravelandmore.com\/fr\/","name":"Tour Travel And More","description":"Private sightseeing tours and luxury transfers in Spain","publisher":{"@id":"https:\/\/tourtravelandmore.com\/fr\/#organization"},"potentialAction":[{"@type":"SearchAction","target":{"@type":"EntryPoint","urlTemplate":"https:\/\/tourtravelandmore.com\/fr\/?s={search_term_string}"},"query-input":{"@type":"PropertyValueSpecification","valueRequired":true,"valueName":"search_term_string"}}],"inLanguage":"fr-FR"},{"@type":"Organization","@id":"https:\/\/tourtravelandmore.com\/fr\/#organization","name":"Tour Travel And More","url":"https:\/\/tourtravelandmore.com\/fr\/","logo":{"@type":"ImageObject","inLanguage":"fr-FR","@id":"https:\/\/tourtravelandmore.com\/fr\/#\/schema\/logo\/image\/","url":"https:\/\/tourtravelandmore.com\/wp-content\/uploads\/2022\/12\/cropped-logo-cabecera-new.png","contentUrl":"https:\/\/tourtravelandmore.com\/wp-content\/uploads\/2022\/12\/cropped-logo-cabecera-new.png","width":430,"height":61,"caption":"Tour Travel And More"},"image":{"@id":"https:\/\/tourtravelandmore.com\/fr\/#\/schema\/logo\/image\/"},"sameAs":["https:\/\/www.facebook.com\/tourtravelandmore\/","https:\/\/x.com\/TourTravel_More"]}]}},"_links":{"self":[{"href":"https:\/\/tourtravelandmore.com\/fr\/wp-json\/wp\/v2\/product\/101841","targetHints":{"allow":["GET"]}}],"collection":[{"href":"https:\/\/tourtravelandmore.com\/fr\/wp-json\/wp\/v2\/product"}],"about":[{"href":"https:\/\/tourtravelandmore.com\/fr\/wp-json\/wp\/v2\/types\/product"}],"replies":[{"embeddable":true,"href":"https:\/\/tourtravelandmore.com\/fr\/wp-json\/wp\/v2\/comments?post=101841"}],"wp:featuredmedia":[{"embeddable":true,"href":"https:\/\/tourtravelandmore.com\/fr\/wp-json\/wp\/v2\/media\/94301"}],"wp:attachment":[{"href":"https:\/\/tourtravelandmore.com\/fr\/wp-json\/wp\/v2\/media?parent=101841"}],"wp:term":[{"taxonomy":"product_brand","embeddable":true,"href":"https:\/\/tourtravelandmore.com\/fr\/wp-json\/wp\/v2\/product_brand?post=101841"},{"taxonomy":"product_cat","embeddable":true,"href":"https:\/\/tourtravelandmore.com\/fr\/wp-json\/wp\/v2\/product_cat?post=101841"},{"taxonomy":"product_tag","embeddable":true,"href":"https:\/\/tourtravelandmore.com\/fr\/wp-json\/wp\/v2\/product_tag?post=101841"}],"curies":[{"name":"wp","href":"https:\/\/api.w.org\/{rel}","templated":true}]}}