{"id":101836,"date":"2019-11-16T15:22:10","date_gmt":"2019-11-16T14:22:10","guid":{"rendered":"https:\/\/tourtravelandmore.com\/tours\/non%20class\u00e9\/private-berchtesgaden-et-les-montagnes-bavaroises\/"},"modified":"2022-11-09T14:31:39","modified_gmt":"2022-11-09T13:31:39","slug":"visite-privee-de-berchtesgaden-et-des-montagnes-bavaroises","status":"publish","type":"product","link":"https:\/\/tourtravelandmore.com\/fr\/tours\/lautriche-fr\/salzbourg-fr\/private-sightseeing-tours-fr-11\/visite-privee-de-berchtesgaden-et-des-montagnes-bavaroises\/","title":{"rendered":"Visite priv\u00e9e de Berchtesgaden et des montagnes bavaroises"},"content":{"rendered":"<h2>Description<\/h2>\n<p>Profitez de cette<strong> excursion priv\u00e9e de Berchtesgarden et des montagnes bavaroises au d\u00e9part de Salzbourg<\/strong> aux c\u00f4t\u00e9s de votre guide officiel priv\u00e9. <strong>Laissez<\/strong>-nous vous emmener sur ce <strong>Berchtesgaden<\/strong> priv\u00e9 et les montagnes bavaroises.<\/p>\n<p>C&#8217;est une exp\u00e9rience formidable pour sortir de la ville et d\u00e9couvrir deux lieux uniques.<\/p>\n<p>Nous nous rencontrerons dans un centre de Salzbourg ou dans le lieu de votre choix.<\/p>\n<p>Une fois \u00e0 Berchtesgaden, vous rencontrerez votre guide officiel qui vous montrera le meilleur de la ville, ses sites et ses principales attractions telles que la ville, la mine de sel, le nid d&#8217;aigle d&#8217;Hitler.<\/p>\n<p>Bellow est une visite de <strong>8 heures<\/strong>. Nous pouvons toujours vous proposer des circuits plus longs si vous le souhaitez. Le nombre exact d&#8217;heures peut \u00eatre modifi\u00e9. Nous sommes l\u00e0 pour rendre votre exp\u00e9rience unique et m\u00e9morable.<\/p>\n<h2>Sites d&#8217;int\u00e9r\u00eat et monuments<\/h2>\n<p>Nous organiserons une prise en charge priv\u00e9e depuis Salzbourg. Apr\u00e8s la prise en charge, nous nous dirigerons vers et commencerons ce Berchtesgaden priv\u00e9 et les montagnes bavaroises.<\/p>\n<p>Profitez de ces sites uniques et de ces lieux uniques. Votre guide priv\u00e9 est \u00e0 votre disposition pour une belle exp\u00e9rience.<\/p>\n<ul>\n<li><strong>Nid d\u2019Aigles d\u2019Hitler<\/strong><\/li>\n<li><strong>King\u2019s Lake<\/strong><\/li>\n<li><strong>Sommet Kehlstein<\/strong><\/li>\n<li><strong>Mine de sel<\/strong><\/li>\n<li><strong>Rossfeld<\/strong><\/li>\n<li><strong>Ville de Berchtesgaden<\/strong><\/li>\n<li><strong>Obersalzberg<\/strong><\/li>\n<li><strong>Et bien d&#8217;autres endroits dans cette visite priv\u00e9e de Berchtesgaden<\/strong><\/li>\n<\/ul>\n<p>Enfin, nous demanderons \u00e0 votre chauffeur de vous ramener vers votre h\u00f4tel ou lieu de votre choix \u00e0 Salzbourg. La tourn\u00e9e se terminera \u00e0 Salzbourg.<\/p>\n<p>Chez Tour Travel &amp; More, nous sommes \u00e0 votre disposition pour cr\u00e9er une exp\u00e9rience unique. D\u00e9couvrez nos autres visites et exp\u00e9riences priv\u00e9es que nous proposons \u00e0 Salzbourg. Toutes nos visites sont des visites priv\u00e9es!<\/p>\n","protected":false},"excerpt":{"rendered":"<p>Aventurez-vous dans cette <strong>visite priv\u00e9e enti\u00e8rement personnalis\u00e9e de 8 heures \u00e0 travers Berchtesgaden et les Alpes bavaroises,<\/strong> o\u00f9 vous pourrez admirer la beaut\u00e9 urbaine de ses monuments naturels les plus importants, des vues rurales impressionnantes et des b\u00e2timents. En cours de route, votre guide officiel priv\u00e9 vous conduira \u00e0 la d\u00e9couverte de la beaut\u00e9 offerte par la ville de Berchtesgaden.<\/p>\n","protected":false},"featured_media":96329,"comment_status":"open","ping_status":"closed","template":"","meta":{"_acf_changed":false},"product_brand":[],"product_cat":[3709,3722,4217,4216],"product_tag":[4220,4221,4043,4219],"class_list":{"0":"post-101836","1":"product","2":"type-product","3":"status-publish","4":"has-post-thumbnail","6":"product_cat-lautriche-fr","7":"product_cat-salzbourg-fr","8":"product_cat-all-private-tours-activities-fr-10","9":"product_cat-private-sightseeing-tours-fr-11","10":"product_tag-city-tour-fr","11":"product_tag-excursion-fr","12":"product_tag-private-fr","13":"product_tag-private-tour-fr","15":"first","16":"instock","17":"shipping-taxable","18":"purchasable","19":"product-type-simple"},"acf":[],"yoast_head":"<!-- This site is optimized with the Yoast SEO Premium plugin v25.3.1 (Yoast SEO v25.3.1) - https:\/\/yoast.com\/wordpress\/plugins\/seo\/ -->\n<title>Private Berchtesgaden et les montagnes bavaroises de Salzbourg<\/title>\n<meta name=\"description\" content=\"Explorez et profitez de ce Berchtesgaden priv\u00e9 et des montagnes bavaroises avec cette excursion priv\u00e9e et un guide local.\" \/>\n<meta name=\"robots\" content=\"index, follow, max-snippet:-1, max-image-preview:large, max-video-preview:-1\" \/>\n<link rel=\"canonical\" href=\"https:\/\/tourtravelandmore.com\/fr\/tours\/lautriche-fr\/salzbourg-fr\/private-sightseeing-tours-fr-11\/visite-privee-de-berchtesgaden-et-des-montagnes-bavaroises\/\" \/>\n<meta property=\"og:locale\" content=\"fr_FR\" \/>\n<meta property=\"og:type\" content=\"article\" \/>\n<meta property=\"og:title\" content=\"Visite priv\u00e9e de Berchtesgaden et des montagnes bavaroises\" \/>\n<meta property=\"og:description\" content=\"Explorez et profitez de ce Berchtesgaden priv\u00e9 et des montagnes bavaroises avec cette excursion priv\u00e9e et un guide local.\" \/>\n<meta property=\"og:url\" content=\"https:\/\/tourtravelandmore.com\/fr\/tours\/lautriche-fr\/salzbourg-fr\/private-sightseeing-tours-fr-11\/visite-privee-de-berchtesgaden-et-des-montagnes-bavaroises\/\" \/>\n<meta property=\"og:site_name\" content=\"Tour Travel And More\" \/>\n<meta property=\"article:publisher\" content=\"https:\/\/www.facebook.com\/tourtravelandmore\/\" \/>\n<meta property=\"article:modified_time\" content=\"2022-11-09T13:31:39+00:00\" \/>\n<meta property=\"og:image\" content=\"https:\/\/tourtravelandmore.com\/wp-content\/uploads\/2019\/09\/berchtesgaden.jpg\" \/>\n\t<meta property=\"og:image:width\" content=\"960\" \/>\n\t<meta property=\"og:image:height\" content=\"720\" \/>\n\t<meta property=\"og:image:type\" content=\"image\/jpeg\" \/>\n<meta name=\"twitter:card\" content=\"summary_large_image\" \/>\n<meta name=\"twitter:site\" content=\"@TourTravel_More\" \/>\n<meta name=\"twitter:label1\" content=\"Dur\u00e9e de lecture estim\u00e9e\" \/>\n\t<meta name=\"twitter:data1\" content=\"1 minute\" \/>\n<script type=\"application\/ld+json\" class=\"yoast-schema-graph\">{\"@context\":\"https:\/\/schema.org\",\"@graph\":[{\"@type\":\"WebPage\",\"@id\":\"https:\/\/tourtravelandmore.com\/fr\/tours\/lautriche-fr\/salzbourg-fr\/private-sightseeing-tours-fr-11\/visite-privee-de-berchtesgaden-et-des-montagnes-bavaroises\/\",\"url\":\"https:\/\/tourtravelandmore.com\/fr\/tours\/lautriche-fr\/salzbourg-fr\/private-sightseeing-tours-fr-11\/visite-privee-de-berchtesgaden-et-des-montagnes-bavaroises\/\",\"name\":\"Private Berchtesgaden et les montagnes bavaroises de Salzbourg\",\"isPartOf\":{\"@id\":\"https:\/\/tourtravelandmore.com\/fr\/#website\"},\"primaryImageOfPage\":{\"@id\":\"https:\/\/tourtravelandmore.com\/fr\/tours\/lautriche-fr\/salzbourg-fr\/private-sightseeing-tours-fr-11\/visite-privee-de-berchtesgaden-et-des-montagnes-bavaroises\/#primaryimage\"},\"image\":{\"@id\":\"https:\/\/tourtravelandmore.com\/fr\/tours\/lautriche-fr\/salzbourg-fr\/private-sightseeing-tours-fr-11\/visite-privee-de-berchtesgaden-et-des-montagnes-bavaroises\/#primaryimage\"},\"thumbnailUrl\":\"https:\/\/tourtravelandmore.com\/wp-content\/uploads\/2019\/09\/berchtesgaden.jpg\",\"datePublished\":\"2019-11-16T14:22:10+00:00\",\"dateModified\":\"2022-11-09T13:31:39+00:00\",\"description\":\"Explorez et profitez de ce Berchtesgaden priv\u00e9 et des montagnes bavaroises avec cette excursion priv\u00e9e et un guide local.\",\"breadcrumb\":{\"@id\":\"https:\/\/tourtravelandmore.com\/fr\/tours\/lautriche-fr\/salzbourg-fr\/private-sightseeing-tours-fr-11\/visite-privee-de-berchtesgaden-et-des-montagnes-bavaroises\/#breadcrumb\"},\"inLanguage\":\"fr-FR\",\"potentialAction\":[{\"@type\":\"ReadAction\",\"target\":[\"https:\/\/tourtravelandmore.com\/fr\/tours\/lautriche-fr\/salzbourg-fr\/private-sightseeing-tours-fr-11\/visite-privee-de-berchtesgaden-et-des-montagnes-bavaroises\/\"]}]},{\"@type\":\"ImageObject\",\"inLanguage\":\"fr-FR\",\"@id\":\"https:\/\/tourtravelandmore.com\/fr\/tours\/lautriche-fr\/salzbourg-fr\/private-sightseeing-tours-fr-11\/visite-privee-de-berchtesgaden-et-des-montagnes-bavaroises\/#primaryimage\",\"url\":\"https:\/\/tourtravelandmore.com\/wp-content\/uploads\/2019\/09\/berchtesgaden.jpg\",\"contentUrl\":\"https:\/\/tourtravelandmore.com\/wp-content\/uploads\/2019\/09\/berchtesgaden.jpg\",\"width\":960,\"height\":720},{\"@type\":\"BreadcrumbList\",\"@id\":\"https:\/\/tourtravelandmore.com\/fr\/tours\/lautriche-fr\/salzbourg-fr\/private-sightseeing-tours-fr-11\/visite-privee-de-berchtesgaden-et-des-montagnes-bavaroises\/#breadcrumb\",\"itemListElement\":[{\"@type\":\"ListItem\",\"position\":1,\"name\":\"Home\",\"item\":\"https:\/\/tourtravelandmore.com\/fr\/\"},{\"@type\":\"ListItem\",\"position\":2,\"name\":\"Tours\",\"item\":\"https:\/\/tourtravelandmore.com\/fr\/tours\/\"},{\"@type\":\"ListItem\",\"position\":3,\"name\":\"Visite priv\u00e9e de Berchtesgaden et des montagnes bavaroises\"}]},{\"@type\":\"WebSite\",\"@id\":\"https:\/\/tourtravelandmore.com\/fr\/#website\",\"url\":\"https:\/\/tourtravelandmore.com\/fr\/\",\"name\":\"Tour Travel And More\",\"description\":\"Private sightseeing tours and luxury transfers in Spain\",\"publisher\":{\"@id\":\"https:\/\/tourtravelandmore.com\/fr\/#organization\"},\"potentialAction\":[{\"@type\":\"SearchAction\",\"target\":{\"@type\":\"EntryPoint\",\"urlTemplate\":\"https:\/\/tourtravelandmore.com\/fr\/?s={search_term_string}\"},\"query-input\":{\"@type\":\"PropertyValueSpecification\",\"valueRequired\":true,\"valueName\":\"search_term_string\"}}],\"inLanguage\":\"fr-FR\"},{\"@type\":\"Organization\",\"@id\":\"https:\/\/tourtravelandmore.com\/fr\/#organization\",\"name\":\"Tour Travel And More\",\"url\":\"https:\/\/tourtravelandmore.com\/fr\/\",\"logo\":{\"@type\":\"ImageObject\",\"inLanguage\":\"fr-FR\",\"@id\":\"https:\/\/tourtravelandmore.com\/fr\/#\/schema\/logo\/image\/\",\"url\":\"https:\/\/tourtravelandmore.com\/wp-content\/uploads\/2022\/12\/cropped-logo-cabecera-new.png\",\"contentUrl\":\"https:\/\/tourtravelandmore.com\/wp-content\/uploads\/2022\/12\/cropped-logo-cabecera-new.png\",\"width\":430,\"height\":61,\"caption\":\"Tour Travel And More\"},\"image\":{\"@id\":\"https:\/\/tourtravelandmore.com\/fr\/#\/schema\/logo\/image\/\"},\"sameAs\":[\"https:\/\/www.facebook.com\/tourtravelandmore\/\",\"https:\/\/x.com\/TourTravel_More\"]}]}<\/script>\n<!-- \/ Yoast SEO Premium plugin. -->","yoast_head_json":{"title":"Private Berchtesgaden et les montagnes bavaroises de Salzbourg","description":"Explorez et profitez de ce Berchtesgaden priv\u00e9 et des montagnes bavaroises avec cette excursion priv\u00e9e et un guide local.","robots":{"index":"index","follow":"follow","max-snippet":"max-snippet:-1","max-image-preview":"max-image-preview:large","max-video-preview":"max-video-preview:-1"},"canonical":"https:\/\/tourtravelandmore.com\/fr\/tours\/lautriche-fr\/salzbourg-fr\/private-sightseeing-tours-fr-11\/visite-privee-de-berchtesgaden-et-des-montagnes-bavaroises\/","og_locale":"fr_FR","og_type":"article","og_title":"Visite priv\u00e9e de Berchtesgaden et des montagnes bavaroises","og_description":"Explorez et profitez de ce Berchtesgaden priv\u00e9 et des montagnes bavaroises avec cette excursion priv\u00e9e et un guide local.","og_url":"https:\/\/tourtravelandmore.com\/fr\/tours\/lautriche-fr\/salzbourg-fr\/private-sightseeing-tours-fr-11\/visite-privee-de-berchtesgaden-et-des-montagnes-bavaroises\/","og_site_name":"Tour Travel And More","article_publisher":"https:\/\/www.facebook.com\/tourtravelandmore\/","article_modified_time":"2022-11-09T13:31:39+00:00","og_image":[{"width":960,"height":720,"url":"https:\/\/tourtravelandmore.com\/wp-content\/uploads\/2019\/09\/berchtesgaden.jpg","type":"image\/jpeg"}],"twitter_card":"summary_large_image","twitter_site":"@TourTravel_More","twitter_misc":{"Dur\u00e9e de lecture estim\u00e9e":"1 minute"},"schema":{"@context":"https:\/\/schema.org","@graph":[{"@type":"WebPage","@id":"https:\/\/tourtravelandmore.com\/fr\/tours\/lautriche-fr\/salzbourg-fr\/private-sightseeing-tours-fr-11\/visite-privee-de-berchtesgaden-et-des-montagnes-bavaroises\/","url":"https:\/\/tourtravelandmore.com\/fr\/tours\/lautriche-fr\/salzbourg-fr\/private-sightseeing-tours-fr-11\/visite-privee-de-berchtesgaden-et-des-montagnes-bavaroises\/","name":"Private Berchtesgaden et les montagnes bavaroises de Salzbourg","isPartOf":{"@id":"https:\/\/tourtravelandmore.com\/fr\/#website"},"primaryImageOfPage":{"@id":"https:\/\/tourtravelandmore.com\/fr\/tours\/lautriche-fr\/salzbourg-fr\/private-sightseeing-tours-fr-11\/visite-privee-de-berchtesgaden-et-des-montagnes-bavaroises\/#primaryimage"},"image":{"@id":"https:\/\/tourtravelandmore.com\/fr\/tours\/lautriche-fr\/salzbourg-fr\/private-sightseeing-tours-fr-11\/visite-privee-de-berchtesgaden-et-des-montagnes-bavaroises\/#primaryimage"},"thumbnailUrl":"https:\/\/tourtravelandmore.com\/wp-content\/uploads\/2019\/09\/berchtesgaden.jpg","datePublished":"2019-11-16T14:22:10+00:00","dateModified":"2022-11-09T13:31:39+00:00","description":"Explorez et profitez de ce Berchtesgaden priv\u00e9 et des montagnes bavaroises avec cette excursion priv\u00e9e et un guide local.","breadcrumb":{"@id":"https:\/\/tourtravelandmore.com\/fr\/tours\/lautriche-fr\/salzbourg-fr\/private-sightseeing-tours-fr-11\/visite-privee-de-berchtesgaden-et-des-montagnes-bavaroises\/#breadcrumb"},"inLanguage":"fr-FR","potentialAction":[{"@type":"ReadAction","target":["https:\/\/tourtravelandmore.com\/fr\/tours\/lautriche-fr\/salzbourg-fr\/private-sightseeing-tours-fr-11\/visite-privee-de-berchtesgaden-et-des-montagnes-bavaroises\/"]}]},{"@type":"ImageObject","inLanguage":"fr-FR","@id":"https:\/\/tourtravelandmore.com\/fr\/tours\/lautriche-fr\/salzbourg-fr\/private-sightseeing-tours-fr-11\/visite-privee-de-berchtesgaden-et-des-montagnes-bavaroises\/#primaryimage","url":"https:\/\/tourtravelandmore.com\/wp-content\/uploads\/2019\/09\/berchtesgaden.jpg","contentUrl":"https:\/\/tourtravelandmore.com\/wp-content\/uploads\/2019\/09\/berchtesgaden.jpg","width":960,"height":720},{"@type":"BreadcrumbList","@id":"https:\/\/tourtravelandmore.com\/fr\/tours\/lautriche-fr\/salzbourg-fr\/private-sightseeing-tours-fr-11\/visite-privee-de-berchtesgaden-et-des-montagnes-bavaroises\/#breadcrumb","itemListElement":[{"@type":"ListItem","position":1,"name":"Home","item":"https:\/\/tourtravelandmore.com\/fr\/"},{"@type":"ListItem","position":2,"name":"Tours","item":"https:\/\/tourtravelandmore.com\/fr\/tours\/"},{"@type":"ListItem","position":3,"name":"Visite priv\u00e9e de Berchtesgaden et des montagnes bavaroises"}]},{"@type":"WebSite","@id":"https:\/\/tourtravelandmore.com\/fr\/#website","url":"https:\/\/tourtravelandmore.com\/fr\/","name":"Tour Travel And More","description":"Private sightseeing tours and luxury transfers in Spain","publisher":{"@id":"https:\/\/tourtravelandmore.com\/fr\/#organization"},"potentialAction":[{"@type":"SearchAction","target":{"@type":"EntryPoint","urlTemplate":"https:\/\/tourtravelandmore.com\/fr\/?s={search_term_string}"},"query-input":{"@type":"PropertyValueSpecification","valueRequired":true,"valueName":"search_term_string"}}],"inLanguage":"fr-FR"},{"@type":"Organization","@id":"https:\/\/tourtravelandmore.com\/fr\/#organization","name":"Tour Travel And More","url":"https:\/\/tourtravelandmore.com\/fr\/","logo":{"@type":"ImageObject","inLanguage":"fr-FR","@id":"https:\/\/tourtravelandmore.com\/fr\/#\/schema\/logo\/image\/","url":"https:\/\/tourtravelandmore.com\/wp-content\/uploads\/2022\/12\/cropped-logo-cabecera-new.png","contentUrl":"https:\/\/tourtravelandmore.com\/wp-content\/uploads\/2022\/12\/cropped-logo-cabecera-new.png","width":430,"height":61,"caption":"Tour Travel And More"},"image":{"@id":"https:\/\/tourtravelandmore.com\/fr\/#\/schema\/logo\/image\/"},"sameAs":["https:\/\/www.facebook.com\/tourtravelandmore\/","https:\/\/x.com\/TourTravel_More"]}]}},"_links":{"self":[{"href":"https:\/\/tourtravelandmore.com\/fr\/wp-json\/wp\/v2\/product\/101836","targetHints":{"allow":["GET"]}}],"collection":[{"href":"https:\/\/tourtravelandmore.com\/fr\/wp-json\/wp\/v2\/product"}],"about":[{"href":"https:\/\/tourtravelandmore.com\/fr\/wp-json\/wp\/v2\/types\/product"}],"replies":[{"embeddable":true,"href":"https:\/\/tourtravelandmore.com\/fr\/wp-json\/wp\/v2\/comments?post=101836"}],"wp:featuredmedia":[{"embeddable":true,"href":"https:\/\/tourtravelandmore.com\/fr\/wp-json\/wp\/v2\/media\/96329"}],"wp:attachment":[{"href":"https:\/\/tourtravelandmore.com\/fr\/wp-json\/wp\/v2\/media?parent=101836"}],"wp:term":[{"taxonomy":"product_brand","embeddable":true,"href":"https:\/\/tourtravelandmore.com\/fr\/wp-json\/wp\/v2\/product_brand?post=101836"},{"taxonomy":"product_cat","embeddable":true,"href":"https:\/\/tourtravelandmore.com\/fr\/wp-json\/wp\/v2\/product_cat?post=101836"},{"taxonomy":"product_tag","embeddable":true,"href":"https:\/\/tourtravelandmore.com\/fr\/wp-json\/wp\/v2\/product_tag?post=101836"}],"curies":[{"name":"wp","href":"https:\/\/api.w.org\/{rel}","templated":true}]}}