{"id":101830,"date":"2019-11-14T23:34:40","date_gmt":"2019-11-14T22:34:40","guid":{"rendered":"https:\/\/tourtravelandmore.com\/tours\/non%20class\u00e9\/forteresse-privee-de-hohenwerfen\/"},"modified":"2022-11-09T14:36:16","modified_gmt":"2022-11-09T13:36:16","slug":"visite-privee-de-la-forteresse-de-hohenwerfen","status":"publish","type":"product","link":"https:\/\/tourtravelandmore.com\/fr\/tours\/lautriche-fr\/salzbourg-fr\/private-sightseeing-tours-fr-11\/visite-privee-de-la-forteresse-de-hohenwerfen\/","title":{"rendered":"Visite priv\u00e9e de la forteresse de Hohenwerfen"},"content":{"rendered":"<h2>Description<\/h2>\n<p>Venez avec nous et profitez de cette <strong>visite priv\u00e9e de la forteresse de Hohenwerfen<\/strong> dans la ville de la forteresse de <strong>Hohenwerfen<\/strong> aux c\u00f4t\u00e9s de votre guide officiel priv\u00e9. D\u00e9couvrez le meilleur de ce que Werfen a \u00e0 offrir lors de cette visite priv\u00e9e. Selon les saisons, nous visiterons les mines de sel ou les c\u00e9l\u00e8bres grottes de glace \u00e0 l&#8217;heure d&#8217;\u00e9t\u00e9.<\/p>\n<p>Nous nous rencontrerons dans un point central de <strong>Salzbourg<\/strong>, o\u00f9 votre chauffeur priv\u00e9 vous conduira et vous conduira \u00e0 votre destination. Une fois dans le village de <strong>Werfen<\/strong>, vous rencontrerez votre guide officiel qui vous montrera le meilleur de la ville et vous conduira au ch\u00e2teau de Hohenwerfen, o\u00f9 vous pourrez d\u00e9couvrir son impressionnant b\u00e2timent et sa fauconnerie.<\/p>\n<p>Bellow est une visite de <strong>8 heures<\/strong>. Nous pouvons toujours vous proposer des circuits plus longs ou plus courts si vous le souhaitez. Le nombre exact d&#8217;heures peut \u00eatre modifi\u00e9. Nous sommes l\u00e0 pour rendre votre exp\u00e9rience unique et m\u00e9morable.<\/p>\n<p>Profitez de la flexibilit\u00e9 de ce circuit o\u00f9 nous pouvons nous concentrer sur les lieux qui vous int\u00e9ressent le plus. Pendant votre visite, votre guide vous emm\u00e8nera dans les meilleurs endroits de la ville pour prendre les meilleures photos.<\/p>\n<p>Votre guide priv\u00e9 peut vous aider \u00e0 explorer de nombreux autres endroits, m\u00eame les endroits les plus embl\u00e9matiques et les plus impressionnants de la ville de <strong>Werfen<\/strong>, o\u00f9 vous pouvez prendre les meilleures photos quand et o\u00f9 vous le souhaitez lors de votre visite priv\u00e9e. Les sites et le point de rencontre de cette visite sont enti\u00e8rement personnalisables. Veuillez nous contacter pour organiser la visite en fonction de vos besoins personnels.<\/p>\n<h2>Sites d&#8217;int\u00e9r\u00eat et monuments<\/h2>\n<p>Tout d&#8217;abord, nous organiserons une prise en charge priv\u00e9e depuis <strong>Salzbourg<\/strong>. Ensuite, nous nous dirigerons et commencerons cette visite de la forteresse priv\u00e9e de Hohenwerfen.<\/p>\n<p>Au cours de votre forteresse priv\u00e9e de Hohenwerfen, vous d\u00e9couvrirez certains des sites les plus embl\u00e9matiques de, tels que:<\/p>\n<ul>\n<li><strong>Ville de Werfen<\/strong><\/li>\n<li><strong>Les grottes de glace naturelles ou la mine de sel de Bad D\u00fcrrnberg.<\/strong><\/li>\n<li><strong>Le ch\u00e2teau de Hohenwerfen<\/strong><\/li>\n<li>Et bien d&#8217;autres endroits dans cette excursion priv\u00e9e \u00e0 Werfen.<\/li>\n<\/ul>\n<p><strong>D\u00e9couvrez les visites priv\u00e9es que nous proposons \u00e0 Salzbourg!<\/strong><\/p>\n<p>&nbsp;<\/p>\n","protected":false},"excerpt":{"rendered":"<p>Profitez de cette <strong>excursion priv\u00e9e enti\u00e8rement personnalis\u00e9e \u00e0 la forteresse de Hohenwerfen<\/strong> et aux grottes de glace ou aux mines de sel et d\u00e9couvrez ses magnifiques paysages et ses lieux d&#8217;int\u00e9r\u00eat les plus importants. La ville de Werfen, en Autriche, se caract\u00e9rise par son architecture impressionnante et sa vue imprenable sur les montagnes. Nous vous aiderons \u00e0 d\u00e9couvrir le meilleur de la ville de Werfen avec cette excursion priv\u00e9e.<\/p>\n","protected":false},"featured_media":96740,"comment_status":"open","ping_status":"closed","template":"","meta":{"_acf_changed":false},"product_brand":[],"product_cat":[3709,3722,4217,4216],"product_tag":[4220,4221,4043,4219,4218],"class_list":{"0":"post-101830","1":"product","2":"type-product","3":"status-publish","4":"has-post-thumbnail","6":"product_cat-lautriche-fr","7":"product_cat-salzbourg-fr","8":"product_cat-all-private-tours-activities-fr-10","9":"product_cat-private-sightseeing-tours-fr-11","10":"product_tag-city-tour-fr","11":"product_tag-excursion-fr","12":"product_tag-private-fr","13":"product_tag-private-tour-fr","14":"product_tag-sightseeing-fr","16":"first","17":"instock","18":"shipping-taxable","19":"purchasable","20":"product-type-simple"},"acf":[],"yoast_head":"<!-- This site is optimized with the Yoast SEO Premium plugin v25.3.1 (Yoast SEO v25.3.1) - https:\/\/yoast.com\/wordpress\/plugins\/seo\/ -->\n<title>Visite priv\u00e9e de la forteresse de Hohenwerfen au d\u00e9part de Salzbourg<\/title>\n<meta name=\"description\" content=\"Explorez et profitez de cette visite priv\u00e9e de la forteresse de Hohenwerfen avec un guide local et d\u00e9couvrez certains de ses endroits les plus reconnus.\" \/>\n<meta name=\"robots\" content=\"index, follow, max-snippet:-1, max-image-preview:large, max-video-preview:-1\" \/>\n<link rel=\"canonical\" href=\"https:\/\/tourtravelandmore.com\/fr\/tours\/lautriche-fr\/salzbourg-fr\/private-sightseeing-tours-fr-11\/visite-privee-de-la-forteresse-de-hohenwerfen\/\" \/>\n<meta property=\"og:locale\" content=\"fr_FR\" \/>\n<meta property=\"og:type\" content=\"article\" \/>\n<meta property=\"og:title\" content=\"Visite priv\u00e9e de la forteresse de Hohenwerfen\" \/>\n<meta property=\"og:description\" content=\"Explorez et profitez de cette visite priv\u00e9e de la forteresse de Hohenwerfen avec un guide local et d\u00e9couvrez certains de ses endroits les plus reconnus.\" \/>\n<meta property=\"og:url\" content=\"https:\/\/tourtravelandmore.com\/fr\/tours\/lautriche-fr\/salzbourg-fr\/private-sightseeing-tours-fr-11\/visite-privee-de-la-forteresse-de-hohenwerfen\/\" \/>\n<meta property=\"og:site_name\" content=\"Tour Travel And More\" \/>\n<meta property=\"article:publisher\" content=\"https:\/\/www.facebook.com\/tourtravelandmore\/\" \/>\n<meta property=\"article:modified_time\" content=\"2022-11-09T13:36:16+00:00\" \/>\n<meta property=\"og:image\" content=\"https:\/\/tourtravelandmore.com\/wp-content\/uploads\/2019\/11\/Burg_Hohenwerfen.jpg\" \/>\n\t<meta property=\"og:image:width\" content=\"1436\" \/>\n\t<meta property=\"og:image:height\" content=\"813\" \/>\n\t<meta property=\"og:image:type\" content=\"image\/jpeg\" \/>\n<meta name=\"twitter:card\" content=\"summary_large_image\" \/>\n<meta name=\"twitter:site\" content=\"@TourTravel_More\" \/>\n<meta name=\"twitter:label1\" content=\"Dur\u00e9e de lecture estim\u00e9e\" \/>\n\t<meta name=\"twitter:data1\" content=\"2 minutes\" \/>\n<script type=\"application\/ld+json\" class=\"yoast-schema-graph\">{\"@context\":\"https:\/\/schema.org\",\"@graph\":[{\"@type\":\"WebPage\",\"@id\":\"https:\/\/tourtravelandmore.com\/fr\/tours\/lautriche-fr\/salzbourg-fr\/private-sightseeing-tours-fr-11\/visite-privee-de-la-forteresse-de-hohenwerfen\/\",\"url\":\"https:\/\/tourtravelandmore.com\/fr\/tours\/lautriche-fr\/salzbourg-fr\/private-sightseeing-tours-fr-11\/visite-privee-de-la-forteresse-de-hohenwerfen\/\",\"name\":\"Visite priv\u00e9e de la forteresse de Hohenwerfen au d\u00e9part de Salzbourg\",\"isPartOf\":{\"@id\":\"https:\/\/tourtravelandmore.com\/fr\/#website\"},\"primaryImageOfPage\":{\"@id\":\"https:\/\/tourtravelandmore.com\/fr\/tours\/lautriche-fr\/salzbourg-fr\/private-sightseeing-tours-fr-11\/visite-privee-de-la-forteresse-de-hohenwerfen\/#primaryimage\"},\"image\":{\"@id\":\"https:\/\/tourtravelandmore.com\/fr\/tours\/lautriche-fr\/salzbourg-fr\/private-sightseeing-tours-fr-11\/visite-privee-de-la-forteresse-de-hohenwerfen\/#primaryimage\"},\"thumbnailUrl\":\"https:\/\/tourtravelandmore.com\/wp-content\/uploads\/2019\/11\/Burg_Hohenwerfen.jpg\",\"datePublished\":\"2019-11-14T22:34:40+00:00\",\"dateModified\":\"2022-11-09T13:36:16+00:00\",\"description\":\"Explorez et profitez de cette visite priv\u00e9e de la forteresse de Hohenwerfen avec un guide local et d\u00e9couvrez certains de ses endroits les plus reconnus.\",\"breadcrumb\":{\"@id\":\"https:\/\/tourtravelandmore.com\/fr\/tours\/lautriche-fr\/salzbourg-fr\/private-sightseeing-tours-fr-11\/visite-privee-de-la-forteresse-de-hohenwerfen\/#breadcrumb\"},\"inLanguage\":\"fr-FR\",\"potentialAction\":[{\"@type\":\"ReadAction\",\"target\":[\"https:\/\/tourtravelandmore.com\/fr\/tours\/lautriche-fr\/salzbourg-fr\/private-sightseeing-tours-fr-11\/visite-privee-de-la-forteresse-de-hohenwerfen\/\"]}]},{\"@type\":\"ImageObject\",\"inLanguage\":\"fr-FR\",\"@id\":\"https:\/\/tourtravelandmore.com\/fr\/tours\/lautriche-fr\/salzbourg-fr\/private-sightseeing-tours-fr-11\/visite-privee-de-la-forteresse-de-hohenwerfen\/#primaryimage\",\"url\":\"https:\/\/tourtravelandmore.com\/wp-content\/uploads\/2019\/11\/Burg_Hohenwerfen.jpg\",\"contentUrl\":\"https:\/\/tourtravelandmore.com\/wp-content\/uploads\/2019\/11\/Burg_Hohenwerfen.jpg\",\"width\":1436,\"height\":813},{\"@type\":\"BreadcrumbList\",\"@id\":\"https:\/\/tourtravelandmore.com\/fr\/tours\/lautriche-fr\/salzbourg-fr\/private-sightseeing-tours-fr-11\/visite-privee-de-la-forteresse-de-hohenwerfen\/#breadcrumb\",\"itemListElement\":[{\"@type\":\"ListItem\",\"position\":1,\"name\":\"Home\",\"item\":\"https:\/\/tourtravelandmore.com\/fr\/\"},{\"@type\":\"ListItem\",\"position\":2,\"name\":\"Tours\",\"item\":\"https:\/\/tourtravelandmore.com\/fr\/tours\/\"},{\"@type\":\"ListItem\",\"position\":3,\"name\":\"Visite priv\u00e9e de la forteresse de Hohenwerfen\"}]},{\"@type\":\"WebSite\",\"@id\":\"https:\/\/tourtravelandmore.com\/fr\/#website\",\"url\":\"https:\/\/tourtravelandmore.com\/fr\/\",\"name\":\"Tour Travel And More\",\"description\":\"Private sightseeing tours and luxury transfers in Spain\",\"publisher\":{\"@id\":\"https:\/\/tourtravelandmore.com\/fr\/#organization\"},\"potentialAction\":[{\"@type\":\"SearchAction\",\"target\":{\"@type\":\"EntryPoint\",\"urlTemplate\":\"https:\/\/tourtravelandmore.com\/fr\/?s={search_term_string}\"},\"query-input\":{\"@type\":\"PropertyValueSpecification\",\"valueRequired\":true,\"valueName\":\"search_term_string\"}}],\"inLanguage\":\"fr-FR\"},{\"@type\":\"Organization\",\"@id\":\"https:\/\/tourtravelandmore.com\/fr\/#organization\",\"name\":\"Tour Travel And More\",\"url\":\"https:\/\/tourtravelandmore.com\/fr\/\",\"logo\":{\"@type\":\"ImageObject\",\"inLanguage\":\"fr-FR\",\"@id\":\"https:\/\/tourtravelandmore.com\/fr\/#\/schema\/logo\/image\/\",\"url\":\"https:\/\/tourtravelandmore.com\/wp-content\/uploads\/2022\/12\/cropped-logo-cabecera-new.png\",\"contentUrl\":\"https:\/\/tourtravelandmore.com\/wp-content\/uploads\/2022\/12\/cropped-logo-cabecera-new.png\",\"width\":430,\"height\":61,\"caption\":\"Tour Travel And More\"},\"image\":{\"@id\":\"https:\/\/tourtravelandmore.com\/fr\/#\/schema\/logo\/image\/\"},\"sameAs\":[\"https:\/\/www.facebook.com\/tourtravelandmore\/\",\"https:\/\/x.com\/TourTravel_More\"]}]}<\/script>\n<!-- \/ Yoast SEO Premium plugin. -->","yoast_head_json":{"title":"Visite priv\u00e9e de la forteresse de Hohenwerfen au d\u00e9part de Salzbourg","description":"Explorez et profitez de cette visite priv\u00e9e de la forteresse de Hohenwerfen avec un guide local et d\u00e9couvrez certains de ses endroits les plus reconnus.","robots":{"index":"index","follow":"follow","max-snippet":"max-snippet:-1","max-image-preview":"max-image-preview:large","max-video-preview":"max-video-preview:-1"},"canonical":"https:\/\/tourtravelandmore.com\/fr\/tours\/lautriche-fr\/salzbourg-fr\/private-sightseeing-tours-fr-11\/visite-privee-de-la-forteresse-de-hohenwerfen\/","og_locale":"fr_FR","og_type":"article","og_title":"Visite priv\u00e9e de la forteresse de Hohenwerfen","og_description":"Explorez et profitez de cette visite priv\u00e9e de la forteresse de Hohenwerfen avec un guide local et d\u00e9couvrez certains de ses endroits les plus reconnus.","og_url":"https:\/\/tourtravelandmore.com\/fr\/tours\/lautriche-fr\/salzbourg-fr\/private-sightseeing-tours-fr-11\/visite-privee-de-la-forteresse-de-hohenwerfen\/","og_site_name":"Tour Travel And More","article_publisher":"https:\/\/www.facebook.com\/tourtravelandmore\/","article_modified_time":"2022-11-09T13:36:16+00:00","og_image":[{"width":1436,"height":813,"url":"https:\/\/tourtravelandmore.com\/wp-content\/uploads\/2019\/11\/Burg_Hohenwerfen.jpg","type":"image\/jpeg"}],"twitter_card":"summary_large_image","twitter_site":"@TourTravel_More","twitter_misc":{"Dur\u00e9e de lecture estim\u00e9e":"2 minutes"},"schema":{"@context":"https:\/\/schema.org","@graph":[{"@type":"WebPage","@id":"https:\/\/tourtravelandmore.com\/fr\/tours\/lautriche-fr\/salzbourg-fr\/private-sightseeing-tours-fr-11\/visite-privee-de-la-forteresse-de-hohenwerfen\/","url":"https:\/\/tourtravelandmore.com\/fr\/tours\/lautriche-fr\/salzbourg-fr\/private-sightseeing-tours-fr-11\/visite-privee-de-la-forteresse-de-hohenwerfen\/","name":"Visite priv\u00e9e de la forteresse de Hohenwerfen au d\u00e9part de Salzbourg","isPartOf":{"@id":"https:\/\/tourtravelandmore.com\/fr\/#website"},"primaryImageOfPage":{"@id":"https:\/\/tourtravelandmore.com\/fr\/tours\/lautriche-fr\/salzbourg-fr\/private-sightseeing-tours-fr-11\/visite-privee-de-la-forteresse-de-hohenwerfen\/#primaryimage"},"image":{"@id":"https:\/\/tourtravelandmore.com\/fr\/tours\/lautriche-fr\/salzbourg-fr\/private-sightseeing-tours-fr-11\/visite-privee-de-la-forteresse-de-hohenwerfen\/#primaryimage"},"thumbnailUrl":"https:\/\/tourtravelandmore.com\/wp-content\/uploads\/2019\/11\/Burg_Hohenwerfen.jpg","datePublished":"2019-11-14T22:34:40+00:00","dateModified":"2022-11-09T13:36:16+00:00","description":"Explorez et profitez de cette visite priv\u00e9e de la forteresse de Hohenwerfen avec un guide local et d\u00e9couvrez certains de ses endroits les plus reconnus.","breadcrumb":{"@id":"https:\/\/tourtravelandmore.com\/fr\/tours\/lautriche-fr\/salzbourg-fr\/private-sightseeing-tours-fr-11\/visite-privee-de-la-forteresse-de-hohenwerfen\/#breadcrumb"},"inLanguage":"fr-FR","potentialAction":[{"@type":"ReadAction","target":["https:\/\/tourtravelandmore.com\/fr\/tours\/lautriche-fr\/salzbourg-fr\/private-sightseeing-tours-fr-11\/visite-privee-de-la-forteresse-de-hohenwerfen\/"]}]},{"@type":"ImageObject","inLanguage":"fr-FR","@id":"https:\/\/tourtravelandmore.com\/fr\/tours\/lautriche-fr\/salzbourg-fr\/private-sightseeing-tours-fr-11\/visite-privee-de-la-forteresse-de-hohenwerfen\/#primaryimage","url":"https:\/\/tourtravelandmore.com\/wp-content\/uploads\/2019\/11\/Burg_Hohenwerfen.jpg","contentUrl":"https:\/\/tourtravelandmore.com\/wp-content\/uploads\/2019\/11\/Burg_Hohenwerfen.jpg","width":1436,"height":813},{"@type":"BreadcrumbList","@id":"https:\/\/tourtravelandmore.com\/fr\/tours\/lautriche-fr\/salzbourg-fr\/private-sightseeing-tours-fr-11\/visite-privee-de-la-forteresse-de-hohenwerfen\/#breadcrumb","itemListElement":[{"@type":"ListItem","position":1,"name":"Home","item":"https:\/\/tourtravelandmore.com\/fr\/"},{"@type":"ListItem","position":2,"name":"Tours","item":"https:\/\/tourtravelandmore.com\/fr\/tours\/"},{"@type":"ListItem","position":3,"name":"Visite priv\u00e9e de la forteresse de Hohenwerfen"}]},{"@type":"WebSite","@id":"https:\/\/tourtravelandmore.com\/fr\/#website","url":"https:\/\/tourtravelandmore.com\/fr\/","name":"Tour Travel And More","description":"Private sightseeing tours and luxury transfers in Spain","publisher":{"@id":"https:\/\/tourtravelandmore.com\/fr\/#organization"},"potentialAction":[{"@type":"SearchAction","target":{"@type":"EntryPoint","urlTemplate":"https:\/\/tourtravelandmore.com\/fr\/?s={search_term_string}"},"query-input":{"@type":"PropertyValueSpecification","valueRequired":true,"valueName":"search_term_string"}}],"inLanguage":"fr-FR"},{"@type":"Organization","@id":"https:\/\/tourtravelandmore.com\/fr\/#organization","name":"Tour Travel And More","url":"https:\/\/tourtravelandmore.com\/fr\/","logo":{"@type":"ImageObject","inLanguage":"fr-FR","@id":"https:\/\/tourtravelandmore.com\/fr\/#\/schema\/logo\/image\/","url":"https:\/\/tourtravelandmore.com\/wp-content\/uploads\/2022\/12\/cropped-logo-cabecera-new.png","contentUrl":"https:\/\/tourtravelandmore.com\/wp-content\/uploads\/2022\/12\/cropped-logo-cabecera-new.png","width":430,"height":61,"caption":"Tour Travel And More"},"image":{"@id":"https:\/\/tourtravelandmore.com\/fr\/#\/schema\/logo\/image\/"},"sameAs":["https:\/\/www.facebook.com\/tourtravelandmore\/","https:\/\/x.com\/TourTravel_More"]}]}},"_links":{"self":[{"href":"https:\/\/tourtravelandmore.com\/fr\/wp-json\/wp\/v2\/product\/101830","targetHints":{"allow":["GET"]}}],"collection":[{"href":"https:\/\/tourtravelandmore.com\/fr\/wp-json\/wp\/v2\/product"}],"about":[{"href":"https:\/\/tourtravelandmore.com\/fr\/wp-json\/wp\/v2\/types\/product"}],"replies":[{"embeddable":true,"href":"https:\/\/tourtravelandmore.com\/fr\/wp-json\/wp\/v2\/comments?post=101830"}],"wp:featuredmedia":[{"embeddable":true,"href":"https:\/\/tourtravelandmore.com\/fr\/wp-json\/wp\/v2\/media\/96740"}],"wp:attachment":[{"href":"https:\/\/tourtravelandmore.com\/fr\/wp-json\/wp\/v2\/media?parent=101830"}],"wp:term":[{"taxonomy":"product_brand","embeddable":true,"href":"https:\/\/tourtravelandmore.com\/fr\/wp-json\/wp\/v2\/product_brand?post=101830"},{"taxonomy":"product_cat","embeddable":true,"href":"https:\/\/tourtravelandmore.com\/fr\/wp-json\/wp\/v2\/product_cat?post=101830"},{"taxonomy":"product_tag","embeddable":true,"href":"https:\/\/tourtravelandmore.com\/fr\/wp-json\/wp\/v2\/product_tag?post=101830"}],"curies":[{"name":"wp","href":"https:\/\/api.w.org\/{rel}","templated":true}]}}