{"id":101824,"date":"2019-09-26T14:47:58","date_gmt":"2019-09-26T12:47:58","guid":{"rendered":"https:\/\/tourtravelandmore.com\/tours\/non%20class\u00e9\/visite-privee-a-pied-de-salzbourg\/"},"modified":"2025-08-11T22:10:00","modified_gmt":"2025-08-11T20:10:00","slug":"visite-privee-a-pied-de-salzbourg","status":"publish","type":"product","link":"https:\/\/tourtravelandmore.com\/fr\/tours\/lautriche-fr\/salzbourg-fr\/all-private-tours-activities-fr-10\/visite-privee-a-pied-de-salzbourg\/","title":{"rendered":"Visite priv\u00e9e \u00e0 pied de Salzbourg"},"content":{"rendered":"<h2>Description<\/h2>\n<p>Profitez de cette visite priv\u00e9e \u00e0 pied de Salzbourg dans la ville de Salzbourg aux c\u00f4t\u00e9s de votre guide officiel priv\u00e9. Avec cette visite priv\u00e9e \u00e0 pied de Salzbourg, d\u00e9couvrez le meilleur de ce que Salzbourg a \u00e0 offrir lors de cette visite priv\u00e9e. Cette visite se concentrera sur la plus ancienne ville de Salzbourg.<\/p>\n<p>Nous nous rencontrerons en un point central de Salzbourg, certainement la Mozartplatz. Au cours de cette visite, nous visiterons les monuments et sites les plus c\u00e9l\u00e8bres de la ville. La visite commence dans les rues des anciennes routes de la Steingasse. Nous marcherons d&#8217;ici en passant par la rue anim\u00e9e de Linzer Gasse flanqu\u00e9e de b\u00e2timents m\u00e9di\u00e9vaux jusqu&#8217;\u00e0 l&#8217;\u00e9glise et le cimeti\u00e8re Saint-S\u00e9bastien, construits par Kassian Singer entre 1749 et 1753. Il a un style architectural baroque avec quelques \u00e9l\u00e9ments rococo.<\/p>\n<p>Apr\u00e8s une petite pause dans l\u2019un de ses restaurants, notre prochain arr\u00eat sera la Tanzmeisterhaus, la r\u00e9sidence de Mozart d\u00e8s l\u2019\u00e2ge de 17 ans et le palais et jardins Mirabell, situ\u00e9s au nord de la rivi\u00e8re Salzach. Nous continuerons \u00e0 marcher dans les rues de Getreidegasse, la rue commer\u00e7ante la plus importante et la plus ancienne de Salzbourg.<\/p>\n<p>Le dernier arr\u00eat, mais non le moins important, est la forteresse de Hohensalzburg, l&#8217;un des plus grands ch\u00e2teaux m\u00e9di\u00e9vaux d&#8217;Europe. Il a \u00e9t\u00e9 construit pour prot\u00e9ger la ville et les archev\u00eaques au pouvoir des arm\u00e9es ennemies et des insurg\u00e9s.<\/p>\n<p>Votre guide priv\u00e9 peut vous aider \u00e0 explorer de nombreux autres endroits, m\u00eame les endroits les plus embl\u00e9matiques et les plus impressionnants de Salzbourg, o\u00f9 vous pouvez prendre les meilleures photos quand et o\u00f9 vous le souhaitez lors de votre visite priv\u00e9e. Les sites et le point de rencontre de cette visite sont enti\u00e8rement personnalisables. Veuillez nous contacter pour organiser la visite en fonction de vos besoins personnels.<\/p>\n<h2>Sites d&#8217;int\u00e9r\u00eat et monuments<\/h2>\n<p>Lors de votre visite priv\u00e9e \u00e0 pied, vous d\u00e9couvrirez certains des endroits les plus reconnus de la ville. Vous serez t\u00e9moin de sa beaut\u00e9 architecturale unique. Parmi les sites que vous pouvez visiter \u00e0 travers cette visite priv\u00e9e, nous vous proposons:<\/p>\n<ul>\n<li>Mozartplatz<\/li>\n<li>Mozartsteg<\/li>\n<li>Steingasse<\/li>\n<li>Linzer Gasse<\/li>\n<li>R\u00e9sidence Mozart<\/li>\n<li>Palais et jardins Mirabell<\/li>\n<li>Getreidegasse<\/li>\n<li>Lieu de naissance de Mozart<\/li>\n<li>Place du vieux march\u00e9<\/li>\n<li>\u00c9glise et cimeti\u00e8re Saint-Pierre<\/li>\n<li>Domplatz<\/li>\n<li>Cath\u00e9drale de Salzbourg<\/li>\n<li>Residenzplatz<\/li>\n<li>Mus\u00e9e de Salzbourg<\/li>\n<li>Kapitelplatz<\/li>\n<li>Forteresse de Hohensalzburg<\/li>\n<li>Et bien d&#8217;autres endroits dans cette visite priv\u00e9e \u00e0 pied de Salzbourg<\/li>\n<\/ul>\n<p>D\u00e9couvrez les autres circuits priv\u00e9s que nous proposons chez Tour Travel &amp; More \u00e0 Salzbourg et dans le monde!<\/p>\n","protected":false},"excerpt":{"rendered":"<p>Profitez de cette visite priv\u00e9e \u00e0 pied de 4 heures enti\u00e8rement personnalis\u00e9e dans les rues de Salzbourg, o\u00f9 vous pourrez admirer la beaut\u00e9 urbaine de ses rues, monuments et b\u00e2timents de la Renaissance les plus importants. En cours de route, votre guide officiel priv\u00e9 vous conduira \u00e0 la d\u00e9couverte de la beaut\u00e9 offerte par la ville et ses b\u00e2timents m\u00e9di\u00e9vaux, tels que le Mozartaus, la maison de Mozart, la Domplatz, la cath\u00e9drale de Salzbourg et bien d&#8217;autres.<\/p>\n","protected":false},"featured_media":94305,"comment_status":"open","ping_status":"closed","template":"","meta":{"_acf_changed":false},"product_brand":[],"product_cat":[5588,3722,4217],"product_tag":[],"class_list":{"0":"post-101824","1":"product","2":"type-product","3":"status-publish","4":"has-post-thumbnail","6":"product_cat-private-walking-tours-fr-26","7":"product_cat-salzbourg-fr","8":"product_cat-all-private-tours-activities-fr-10","10":"first","11":"instock","12":"shipping-taxable","13":"purchasable","14":"product-type-simple"},"acf":[],"yoast_head":"<!-- This site is optimized with the Yoast SEO Premium plugin v25.3.1 (Yoast SEO v25.3.1) - https:\/\/yoast.com\/wordpress\/plugins\/seo\/ -->\n<title>Visite priv\u00e9e \u00e0 pied de Salzbourg avec guide - Visite priv\u00e9e \u00e0 pied de Salzbourg<\/title>\n<meta name=\"description\" content=\"Explorez et profitez de la ville de Salzbourg avec cette visite priv\u00e9e \u00e0 pied de 4 heures avec un guide local et d\u00e9couvrez certains de ses endroits les plus reconnus.\" \/>\n<meta name=\"robots\" content=\"index, follow, max-snippet:-1, max-image-preview:large, max-video-preview:-1\" \/>\n<link rel=\"canonical\" href=\"https:\/\/tourtravelandmore.com\/fr\/tours\/lautriche-fr\/salzbourg-fr\/all-private-tours-activities-fr-10\/visite-privee-a-pied-de-salzbourg\/\" \/>\n<meta property=\"og:locale\" content=\"fr_FR\" \/>\n<meta property=\"og:type\" content=\"article\" \/>\n<meta property=\"og:title\" content=\"Visite priv\u00e9e \u00e0 pied de Salzbourg\" \/>\n<meta property=\"og:description\" content=\"Explorez et profitez de la ville de Salzbourg avec cette visite priv\u00e9e \u00e0 pied de 4 heures avec un guide local et d\u00e9couvrez certains de ses endroits les plus reconnus.\" \/>\n<meta property=\"og:url\" content=\"https:\/\/tourtravelandmore.com\/fr\/tours\/lautriche-fr\/salzbourg-fr\/all-private-tours-activities-fr-10\/visite-privee-a-pied-de-salzbourg\/\" \/>\n<meta property=\"og:site_name\" content=\"Tour Travel And More\" \/>\n<meta property=\"article:publisher\" content=\"https:\/\/www.facebook.com\/tourtravelandmore\/\" \/>\n<meta property=\"article:modified_time\" content=\"2025-08-11T20:10:00+00:00\" \/>\n<meta property=\"og:image\" content=\"https:\/\/tourtravelandmore.com\/wp-content\/uploads\/2017\/04\/Salzburg-3.jpg\" \/>\n\t<meta property=\"og:image:width\" content=\"1200\" \/>\n\t<meta property=\"og:image:height\" content=\"900\" \/>\n\t<meta property=\"og:image:type\" content=\"image\/jpeg\" \/>\n<meta name=\"twitter:card\" content=\"summary_large_image\" \/>\n<meta name=\"twitter:site\" content=\"@TourTravel_More\" \/>\n<meta name=\"twitter:label1\" content=\"Dur\u00e9e de lecture estim\u00e9e\" \/>\n\t<meta name=\"twitter:data1\" content=\"2 minutes\" \/>\n<script type=\"application\/ld+json\" class=\"yoast-schema-graph\">{\"@context\":\"https:\/\/schema.org\",\"@graph\":[{\"@type\":\"WebPage\",\"@id\":\"https:\/\/tourtravelandmore.com\/fr\/tours\/lautriche-fr\/salzbourg-fr\/all-private-tours-activities-fr-10\/visite-privee-a-pied-de-salzbourg\/\",\"url\":\"https:\/\/tourtravelandmore.com\/fr\/tours\/lautriche-fr\/salzbourg-fr\/all-private-tours-activities-fr-10\/visite-privee-a-pied-de-salzbourg\/\",\"name\":\"Visite priv\u00e9e \u00e0 pied de Salzbourg avec guide - Visite priv\u00e9e \u00e0 pied de Salzbourg\",\"isPartOf\":{\"@id\":\"https:\/\/tourtravelandmore.com\/fr\/#website\"},\"primaryImageOfPage\":{\"@id\":\"https:\/\/tourtravelandmore.com\/fr\/tours\/lautriche-fr\/salzbourg-fr\/all-private-tours-activities-fr-10\/visite-privee-a-pied-de-salzbourg\/#primaryimage\"},\"image\":{\"@id\":\"https:\/\/tourtravelandmore.com\/fr\/tours\/lautriche-fr\/salzbourg-fr\/all-private-tours-activities-fr-10\/visite-privee-a-pied-de-salzbourg\/#primaryimage\"},\"thumbnailUrl\":\"https:\/\/tourtravelandmore.com\/wp-content\/uploads\/2017\/04\/Salzburg-3.jpg\",\"datePublished\":\"2019-09-26T12:47:58+00:00\",\"dateModified\":\"2025-08-11T20:10:00+00:00\",\"description\":\"Explorez et profitez de la ville de Salzbourg avec cette visite priv\u00e9e \u00e0 pied de 4 heures avec un guide local et d\u00e9couvrez certains de ses endroits les plus reconnus.\",\"breadcrumb\":{\"@id\":\"https:\/\/tourtravelandmore.com\/fr\/tours\/lautriche-fr\/salzbourg-fr\/all-private-tours-activities-fr-10\/visite-privee-a-pied-de-salzbourg\/#breadcrumb\"},\"inLanguage\":\"fr-FR\",\"potentialAction\":[{\"@type\":\"ReadAction\",\"target\":[\"https:\/\/tourtravelandmore.com\/fr\/tours\/lautriche-fr\/salzbourg-fr\/all-private-tours-activities-fr-10\/visite-privee-a-pied-de-salzbourg\/\"]}]},{\"@type\":\"ImageObject\",\"inLanguage\":\"fr-FR\",\"@id\":\"https:\/\/tourtravelandmore.com\/fr\/tours\/lautriche-fr\/salzbourg-fr\/all-private-tours-activities-fr-10\/visite-privee-a-pied-de-salzbourg\/#primaryimage\",\"url\":\"https:\/\/tourtravelandmore.com\/wp-content\/uploads\/2017\/04\/Salzburg-3.jpg\",\"contentUrl\":\"https:\/\/tourtravelandmore.com\/wp-content\/uploads\/2017\/04\/Salzburg-3.jpg\",\"width\":1200,\"height\":900},{\"@type\":\"BreadcrumbList\",\"@id\":\"https:\/\/tourtravelandmore.com\/fr\/tours\/lautriche-fr\/salzbourg-fr\/all-private-tours-activities-fr-10\/visite-privee-a-pied-de-salzbourg\/#breadcrumb\",\"itemListElement\":[{\"@type\":\"ListItem\",\"position\":1,\"name\":\"Home\",\"item\":\"https:\/\/tourtravelandmore.com\/fr\/\"},{\"@type\":\"ListItem\",\"position\":2,\"name\":\"Tours\",\"item\":\"https:\/\/tourtravelandmore.com\/fr\/tours\/\"},{\"@type\":\"ListItem\",\"position\":3,\"name\":\"Visite priv\u00e9e \u00e0 pied de Salzbourg\"}]},{\"@type\":\"WebSite\",\"@id\":\"https:\/\/tourtravelandmore.com\/fr\/#website\",\"url\":\"https:\/\/tourtravelandmore.com\/fr\/\",\"name\":\"Tour Travel And More\",\"description\":\"Private sightseeing tours and luxury transfers in Spain\",\"publisher\":{\"@id\":\"https:\/\/tourtravelandmore.com\/fr\/#organization\"},\"potentialAction\":[{\"@type\":\"SearchAction\",\"target\":{\"@type\":\"EntryPoint\",\"urlTemplate\":\"https:\/\/tourtravelandmore.com\/fr\/?s={search_term_string}\"},\"query-input\":{\"@type\":\"PropertyValueSpecification\",\"valueRequired\":true,\"valueName\":\"search_term_string\"}}],\"inLanguage\":\"fr-FR\"},{\"@type\":\"Organization\",\"@id\":\"https:\/\/tourtravelandmore.com\/fr\/#organization\",\"name\":\"Tour Travel And More\",\"url\":\"https:\/\/tourtravelandmore.com\/fr\/\",\"logo\":{\"@type\":\"ImageObject\",\"inLanguage\":\"fr-FR\",\"@id\":\"https:\/\/tourtravelandmore.com\/fr\/#\/schema\/logo\/image\/\",\"url\":\"https:\/\/tourtravelandmore.com\/wp-content\/uploads\/2022\/12\/cropped-logo-cabecera-new.png\",\"contentUrl\":\"https:\/\/tourtravelandmore.com\/wp-content\/uploads\/2022\/12\/cropped-logo-cabecera-new.png\",\"width\":430,\"height\":61,\"caption\":\"Tour Travel And More\"},\"image\":{\"@id\":\"https:\/\/tourtravelandmore.com\/fr\/#\/schema\/logo\/image\/\"},\"sameAs\":[\"https:\/\/www.facebook.com\/tourtravelandmore\/\",\"https:\/\/x.com\/TourTravel_More\"]}]}<\/script>\n<!-- \/ Yoast SEO Premium plugin. -->","yoast_head_json":{"title":"Visite priv\u00e9e \u00e0 pied de Salzbourg avec guide - Visite priv\u00e9e \u00e0 pied de Salzbourg","description":"Explorez et profitez de la ville de Salzbourg avec cette visite priv\u00e9e \u00e0 pied de 4 heures avec un guide local et d\u00e9couvrez certains de ses endroits les plus reconnus.","robots":{"index":"index","follow":"follow","max-snippet":"max-snippet:-1","max-image-preview":"max-image-preview:large","max-video-preview":"max-video-preview:-1"},"canonical":"https:\/\/tourtravelandmore.com\/fr\/tours\/lautriche-fr\/salzbourg-fr\/all-private-tours-activities-fr-10\/visite-privee-a-pied-de-salzbourg\/","og_locale":"fr_FR","og_type":"article","og_title":"Visite priv\u00e9e \u00e0 pied de Salzbourg","og_description":"Explorez et profitez de la ville de Salzbourg avec cette visite priv\u00e9e \u00e0 pied de 4 heures avec un guide local et d\u00e9couvrez certains de ses endroits les plus reconnus.","og_url":"https:\/\/tourtravelandmore.com\/fr\/tours\/lautriche-fr\/salzbourg-fr\/all-private-tours-activities-fr-10\/visite-privee-a-pied-de-salzbourg\/","og_site_name":"Tour Travel And More","article_publisher":"https:\/\/www.facebook.com\/tourtravelandmore\/","article_modified_time":"2025-08-11T20:10:00+00:00","og_image":[{"width":1200,"height":900,"url":"https:\/\/tourtravelandmore.com\/wp-content\/uploads\/2017\/04\/Salzburg-3.jpg","type":"image\/jpeg"}],"twitter_card":"summary_large_image","twitter_site":"@TourTravel_More","twitter_misc":{"Dur\u00e9e de lecture estim\u00e9e":"2 minutes"},"schema":{"@context":"https:\/\/schema.org","@graph":[{"@type":"WebPage","@id":"https:\/\/tourtravelandmore.com\/fr\/tours\/lautriche-fr\/salzbourg-fr\/all-private-tours-activities-fr-10\/visite-privee-a-pied-de-salzbourg\/","url":"https:\/\/tourtravelandmore.com\/fr\/tours\/lautriche-fr\/salzbourg-fr\/all-private-tours-activities-fr-10\/visite-privee-a-pied-de-salzbourg\/","name":"Visite priv\u00e9e \u00e0 pied de Salzbourg avec guide - Visite priv\u00e9e \u00e0 pied de Salzbourg","isPartOf":{"@id":"https:\/\/tourtravelandmore.com\/fr\/#website"},"primaryImageOfPage":{"@id":"https:\/\/tourtravelandmore.com\/fr\/tours\/lautriche-fr\/salzbourg-fr\/all-private-tours-activities-fr-10\/visite-privee-a-pied-de-salzbourg\/#primaryimage"},"image":{"@id":"https:\/\/tourtravelandmore.com\/fr\/tours\/lautriche-fr\/salzbourg-fr\/all-private-tours-activities-fr-10\/visite-privee-a-pied-de-salzbourg\/#primaryimage"},"thumbnailUrl":"https:\/\/tourtravelandmore.com\/wp-content\/uploads\/2017\/04\/Salzburg-3.jpg","datePublished":"2019-09-26T12:47:58+00:00","dateModified":"2025-08-11T20:10:00+00:00","description":"Explorez et profitez de la ville de Salzbourg avec cette visite priv\u00e9e \u00e0 pied de 4 heures avec un guide local et d\u00e9couvrez certains de ses endroits les plus reconnus.","breadcrumb":{"@id":"https:\/\/tourtravelandmore.com\/fr\/tours\/lautriche-fr\/salzbourg-fr\/all-private-tours-activities-fr-10\/visite-privee-a-pied-de-salzbourg\/#breadcrumb"},"inLanguage":"fr-FR","potentialAction":[{"@type":"ReadAction","target":["https:\/\/tourtravelandmore.com\/fr\/tours\/lautriche-fr\/salzbourg-fr\/all-private-tours-activities-fr-10\/visite-privee-a-pied-de-salzbourg\/"]}]},{"@type":"ImageObject","inLanguage":"fr-FR","@id":"https:\/\/tourtravelandmore.com\/fr\/tours\/lautriche-fr\/salzbourg-fr\/all-private-tours-activities-fr-10\/visite-privee-a-pied-de-salzbourg\/#primaryimage","url":"https:\/\/tourtravelandmore.com\/wp-content\/uploads\/2017\/04\/Salzburg-3.jpg","contentUrl":"https:\/\/tourtravelandmore.com\/wp-content\/uploads\/2017\/04\/Salzburg-3.jpg","width":1200,"height":900},{"@type":"BreadcrumbList","@id":"https:\/\/tourtravelandmore.com\/fr\/tours\/lautriche-fr\/salzbourg-fr\/all-private-tours-activities-fr-10\/visite-privee-a-pied-de-salzbourg\/#breadcrumb","itemListElement":[{"@type":"ListItem","position":1,"name":"Home","item":"https:\/\/tourtravelandmore.com\/fr\/"},{"@type":"ListItem","position":2,"name":"Tours","item":"https:\/\/tourtravelandmore.com\/fr\/tours\/"},{"@type":"ListItem","position":3,"name":"Visite priv\u00e9e \u00e0 pied de Salzbourg"}]},{"@type":"WebSite","@id":"https:\/\/tourtravelandmore.com\/fr\/#website","url":"https:\/\/tourtravelandmore.com\/fr\/","name":"Tour Travel And More","description":"Private sightseeing tours and luxury transfers in Spain","publisher":{"@id":"https:\/\/tourtravelandmore.com\/fr\/#organization"},"potentialAction":[{"@type":"SearchAction","target":{"@type":"EntryPoint","urlTemplate":"https:\/\/tourtravelandmore.com\/fr\/?s={search_term_string}"},"query-input":{"@type":"PropertyValueSpecification","valueRequired":true,"valueName":"search_term_string"}}],"inLanguage":"fr-FR"},{"@type":"Organization","@id":"https:\/\/tourtravelandmore.com\/fr\/#organization","name":"Tour Travel And More","url":"https:\/\/tourtravelandmore.com\/fr\/","logo":{"@type":"ImageObject","inLanguage":"fr-FR","@id":"https:\/\/tourtravelandmore.com\/fr\/#\/schema\/logo\/image\/","url":"https:\/\/tourtravelandmore.com\/wp-content\/uploads\/2022\/12\/cropped-logo-cabecera-new.png","contentUrl":"https:\/\/tourtravelandmore.com\/wp-content\/uploads\/2022\/12\/cropped-logo-cabecera-new.png","width":430,"height":61,"caption":"Tour Travel And More"},"image":{"@id":"https:\/\/tourtravelandmore.com\/fr\/#\/schema\/logo\/image\/"},"sameAs":["https:\/\/www.facebook.com\/tourtravelandmore\/","https:\/\/x.com\/TourTravel_More"]}]}},"_links":{"self":[{"href":"https:\/\/tourtravelandmore.com\/fr\/wp-json\/wp\/v2\/product\/101824","targetHints":{"allow":["GET"]}}],"collection":[{"href":"https:\/\/tourtravelandmore.com\/fr\/wp-json\/wp\/v2\/product"}],"about":[{"href":"https:\/\/tourtravelandmore.com\/fr\/wp-json\/wp\/v2\/types\/product"}],"replies":[{"embeddable":true,"href":"https:\/\/tourtravelandmore.com\/fr\/wp-json\/wp\/v2\/comments?post=101824"}],"wp:featuredmedia":[{"embeddable":true,"href":"https:\/\/tourtravelandmore.com\/fr\/wp-json\/wp\/v2\/media\/94305"}],"wp:attachment":[{"href":"https:\/\/tourtravelandmore.com\/fr\/wp-json\/wp\/v2\/media?parent=101824"}],"wp:term":[{"taxonomy":"product_brand","embeddable":true,"href":"https:\/\/tourtravelandmore.com\/fr\/wp-json\/wp\/v2\/product_brand?post=101824"},{"taxonomy":"product_cat","embeddable":true,"href":"https:\/\/tourtravelandmore.com\/fr\/wp-json\/wp\/v2\/product_cat?post=101824"},{"taxonomy":"product_tag","embeddable":true,"href":"https:\/\/tourtravelandmore.com\/fr\/wp-json\/wp\/v2\/product_tag?post=101824"}],"curies":[{"name":"wp","href":"https:\/\/api.w.org\/{rel}","templated":true}]}}