{"id":101818,"date":"2019-09-26T14:47:51","date_gmt":"2019-09-26T12:47:51","guid":{"rendered":"https:\/\/tourtravelandmore.com\/tours\/non%20class\u00e9\/transfert-prive-a-salzbourg\/"},"modified":"2022-11-09T16:38:39","modified_gmt":"2022-11-09T15:38:39","slug":"transfert-prive-a-salzbourg","status":"publish","type":"product","link":"https:\/\/tourtravelandmore.com\/fr\/tours\/lautriche-fr\/salzbourg-fr\/all-private-tours-activities-fr-10\/transfert-prive-a-salzbourg\/","title":{"rendered":"Transfert priv\u00e9 \u00e0 Salzbourg"},"content":{"rendered":"<h2>Description<\/h2>\n<p>Lorsque vous arrivez dans une nouvelle ville, il y a tellement de choses qui vous traversent l&#8217;esprit. C&#8217;est pourquoi nous devons organiser pour vous un transfert priv\u00e9 \u00e0 Salzbourg. De cette fa\u00e7on, il n&#8217;y a rien dont vous ayez \u00e0 vous soucier. Nous organiserons un merveilleux et rapide transfert priv\u00e9 \u00e0 Salzbourg.<\/p>\n<p>Tout d&#8217;abord, nous organiserons une prise en charge priv\u00e9e depuis le lieu de votre choix. Nous pouvons organiser une prise en charge depuis l&#8217;a\u00e9roport ou tout autre endroit.<\/p>\n<p>Nos transferts priv\u00e9s incluent les transferts d&#8217;a\u00e9roport, les transferts de restaurant et les transferts interurbains. Cela signifie que nous pouvons organiser des transferts priv\u00e9s \u00e0 l&#8217;int\u00e9rieur de la ville ou \u00e9galement \u00e0 l&#8217;ext\u00e9rieur de la ville. Si vous avez besoin d&#8217;un transfert priv\u00e9 \u00e0 Vienne par exemple, nous pouvons organiser une exp\u00e9rience sans tracas pour vous.<\/p>\n<p>Nous ne limitons pas le nombre de bagages et nous avons \u00e9galement des si\u00e8ges enfants \u00e0 disposition!<\/p>\n<h2>Sites d&#8217;int\u00e9r\u00eat et monuments<\/h2>\n<p>Salzbourg est la quatri\u00e8me plus grande ville d&#8217;Autriche. Le centre historique est r\u00e9put\u00e9 pour son architecture baroque et est l&#8217;un des centres-villes les mieux pr\u00e9serv\u00e9s au nord des Alpes. Il est inscrit au patrimoine mondial de l&#8217;UNESCO en 1996. Salzbourg est \u00e9galement connue pour \u00eatre le lieu de naissance du compositeur du XVIIIe si\u00e8cle Wolfgang Amadeus Mozart.<\/p>\n<p>La ville a accueilli le d\u00e9cor de la pi\u00e8ce musicale et du film The Sound of Music. Sa banlieue est domin\u00e9e par des b\u00e2timents de style roman et des \u00e9glises gothiques, des monast\u00e8res et des maisons \u00e0 carcasse primitive, ainsi que par le style moderniste classique pr\u00e9domin\u00e9. L&#8217;Altstadt, ou \u00abvieille ville\u00bb, est domin\u00e9e par ses tours et \u00e9glises baroques et par la forteresse massive de Hohensalzburg.<\/p>\n<p>D\u00e9couvrez toutes les visites priv\u00e9es que nous vous proposons \u00e0 Salzbourg.<\/p>\n<p>N&#8217;oubliez pas de contacter nos experts en voyages chez Tour Travel &amp; More pour une exp\u00e9rience unique.<\/p>\n","protected":false},"excerpt":{"rendered":"<p>Profitez de cette occasion pour profiter de ce moyen confortable pour vous rendre \u00e0 votre destination finale \u00e0 Salzbourg. Vous disposerez de votre propre v\u00e9hicule de luxe priv\u00e9 avec chauffeur pour vous conduire rapidement et confortablement \u00e0 l&#8217;emplacement de votre choix. La prise en charge peut se faire \u00e0 l&#8217;h\u00f4tel, \u00e0 l&#8217;a\u00e9roport, \u00e0 la gare ou au lieu de votre choix.<\/p>\n","protected":false},"featured_media":93541,"comment_status":"open","ping_status":"closed","template":"","meta":{"_acf_changed":false},"product_brand":[],"product_cat":[3722,4217],"product_tag":[],"class_list":{"0":"post-101818","1":"product","2":"type-product","3":"status-publish","4":"has-post-thumbnail","6":"product_cat-salzbourg-fr","7":"product_cat-all-private-tours-activities-fr-10","9":"first","10":"instock","11":"shipping-taxable","12":"purchasable","13":"product-type-simple"},"acf":[],"yoast_head":"<!-- This site is optimized with the Yoast SEO Premium plugin v25.3.1 (Yoast SEO v25.3.1) - https:\/\/yoast.com\/wordpress\/plugins\/seo\/ -->\n<title>Transfert priv\u00e9 a\u00e9roport \/ train de Salzbourg - Transfert priv\u00e9 \u00e0 Salzbourg<\/title>\n<meta name=\"description\" content=\"Arrivez \u00e0 votre destination finale \u00e0 Salzbourg avec notre transfert priv\u00e9 \u00e0 Salzbourg. V\u00e9hicule de luxe priv\u00e9 avec chauffeur pour vous rendre confortablement \u00e0 votre emplacement.\" \/>\n<meta name=\"robots\" content=\"index, follow, max-snippet:-1, max-image-preview:large, max-video-preview:-1\" \/>\n<link rel=\"canonical\" href=\"https:\/\/tourtravelandmore.com\/fr\/tours\/lautriche-fr\/salzbourg-fr\/all-private-tours-activities-fr-10\/transfert-prive-a-salzbourg\/\" \/>\n<meta property=\"og:locale\" content=\"fr_FR\" \/>\n<meta property=\"og:type\" content=\"article\" \/>\n<meta property=\"og:title\" content=\"Transfert priv\u00e9 \u00e0 Salzbourg\" \/>\n<meta property=\"og:description\" content=\"Arrivez \u00e0 votre destination finale \u00e0 Salzbourg avec notre transfert priv\u00e9 \u00e0 Salzbourg. V\u00e9hicule de luxe priv\u00e9 avec chauffeur pour vous rendre confortablement \u00e0 votre emplacement.\" \/>\n<meta property=\"og:url\" content=\"https:\/\/tourtravelandmore.com\/fr\/tours\/lautriche-fr\/salzbourg-fr\/all-private-tours-activities-fr-10\/transfert-prive-a-salzbourg\/\" \/>\n<meta property=\"og:site_name\" content=\"Tour Travel And More\" \/>\n<meta property=\"article:publisher\" content=\"https:\/\/www.facebook.com\/tourtravelandmore\/\" \/>\n<meta property=\"article:modified_time\" content=\"2022-11-09T15:38:39+00:00\" \/>\n<meta property=\"og:image\" content=\"https:\/\/tourtravelandmore.com\/wp-content\/uploads\/2016\/10\/transfer-airport-barcelona.jpg\" \/>\n\t<meta property=\"og:image:width\" content=\"955\" \/>\n\t<meta property=\"og:image:height\" content=\"636\" \/>\n\t<meta property=\"og:image:type\" content=\"image\/jpeg\" \/>\n<meta name=\"twitter:card\" content=\"summary_large_image\" \/>\n<meta name=\"twitter:site\" content=\"@TourTravel_More\" \/>\n<meta name=\"twitter:label1\" content=\"Dur\u00e9e de lecture estim\u00e9e\" \/>\n\t<meta name=\"twitter:data1\" content=\"2 minutes\" \/>\n<script type=\"application\/ld+json\" class=\"yoast-schema-graph\">{\"@context\":\"https:\/\/schema.org\",\"@graph\":[{\"@type\":\"WebPage\",\"@id\":\"https:\/\/tourtravelandmore.com\/fr\/tours\/lautriche-fr\/salzbourg-fr\/all-private-tours-activities-fr-10\/transfert-prive-a-salzbourg\/\",\"url\":\"https:\/\/tourtravelandmore.com\/fr\/tours\/lautriche-fr\/salzbourg-fr\/all-private-tours-activities-fr-10\/transfert-prive-a-salzbourg\/\",\"name\":\"Transfert priv\u00e9 a\u00e9roport \/ train de Salzbourg - Transfert priv\u00e9 \u00e0 Salzbourg\",\"isPartOf\":{\"@id\":\"https:\/\/tourtravelandmore.com\/fr\/#website\"},\"primaryImageOfPage\":{\"@id\":\"https:\/\/tourtravelandmore.com\/fr\/tours\/lautriche-fr\/salzbourg-fr\/all-private-tours-activities-fr-10\/transfert-prive-a-salzbourg\/#primaryimage\"},\"image\":{\"@id\":\"https:\/\/tourtravelandmore.com\/fr\/tours\/lautriche-fr\/salzbourg-fr\/all-private-tours-activities-fr-10\/transfert-prive-a-salzbourg\/#primaryimage\"},\"thumbnailUrl\":\"https:\/\/tourtravelandmore.com\/wp-content\/uploads\/2016\/10\/transfer-airport-barcelona.jpg\",\"datePublished\":\"2019-09-26T12:47:51+00:00\",\"dateModified\":\"2022-11-09T15:38:39+00:00\",\"description\":\"Arrivez \u00e0 votre destination finale \u00e0 Salzbourg avec notre transfert priv\u00e9 \u00e0 Salzbourg. V\u00e9hicule de luxe priv\u00e9 avec chauffeur pour vous rendre confortablement \u00e0 votre emplacement.\",\"breadcrumb\":{\"@id\":\"https:\/\/tourtravelandmore.com\/fr\/tours\/lautriche-fr\/salzbourg-fr\/all-private-tours-activities-fr-10\/transfert-prive-a-salzbourg\/#breadcrumb\"},\"inLanguage\":\"fr-FR\",\"potentialAction\":[{\"@type\":\"ReadAction\",\"target\":[\"https:\/\/tourtravelandmore.com\/fr\/tours\/lautriche-fr\/salzbourg-fr\/all-private-tours-activities-fr-10\/transfert-prive-a-salzbourg\/\"]}]},{\"@type\":\"ImageObject\",\"inLanguage\":\"fr-FR\",\"@id\":\"https:\/\/tourtravelandmore.com\/fr\/tours\/lautriche-fr\/salzbourg-fr\/all-private-tours-activities-fr-10\/transfert-prive-a-salzbourg\/#primaryimage\",\"url\":\"https:\/\/tourtravelandmore.com\/wp-content\/uploads\/2016\/10\/transfer-airport-barcelona.jpg\",\"contentUrl\":\"https:\/\/tourtravelandmore.com\/wp-content\/uploads\/2016\/10\/transfer-airport-barcelona.jpg\",\"width\":955,\"height\":636},{\"@type\":\"BreadcrumbList\",\"@id\":\"https:\/\/tourtravelandmore.com\/fr\/tours\/lautriche-fr\/salzbourg-fr\/all-private-tours-activities-fr-10\/transfert-prive-a-salzbourg\/#breadcrumb\",\"itemListElement\":[{\"@type\":\"ListItem\",\"position\":1,\"name\":\"Home\",\"item\":\"https:\/\/tourtravelandmore.com\/fr\/\"},{\"@type\":\"ListItem\",\"position\":2,\"name\":\"Tours\",\"item\":\"https:\/\/tourtravelandmore.com\/fr\/tours\/\"},{\"@type\":\"ListItem\",\"position\":3,\"name\":\"Transfert priv\u00e9 \u00e0 Salzbourg\"}]},{\"@type\":\"WebSite\",\"@id\":\"https:\/\/tourtravelandmore.com\/fr\/#website\",\"url\":\"https:\/\/tourtravelandmore.com\/fr\/\",\"name\":\"Tour Travel And More\",\"description\":\"Private sightseeing tours and luxury transfers in Spain\",\"publisher\":{\"@id\":\"https:\/\/tourtravelandmore.com\/fr\/#organization\"},\"potentialAction\":[{\"@type\":\"SearchAction\",\"target\":{\"@type\":\"EntryPoint\",\"urlTemplate\":\"https:\/\/tourtravelandmore.com\/fr\/?s={search_term_string}\"},\"query-input\":{\"@type\":\"PropertyValueSpecification\",\"valueRequired\":true,\"valueName\":\"search_term_string\"}}],\"inLanguage\":\"fr-FR\"},{\"@type\":\"Organization\",\"@id\":\"https:\/\/tourtravelandmore.com\/fr\/#organization\",\"name\":\"Tour Travel And More\",\"url\":\"https:\/\/tourtravelandmore.com\/fr\/\",\"logo\":{\"@type\":\"ImageObject\",\"inLanguage\":\"fr-FR\",\"@id\":\"https:\/\/tourtravelandmore.com\/fr\/#\/schema\/logo\/image\/\",\"url\":\"https:\/\/tourtravelandmore.com\/wp-content\/uploads\/2022\/12\/cropped-logo-cabecera-new.png\",\"contentUrl\":\"https:\/\/tourtravelandmore.com\/wp-content\/uploads\/2022\/12\/cropped-logo-cabecera-new.png\",\"width\":430,\"height\":61,\"caption\":\"Tour Travel And More\"},\"image\":{\"@id\":\"https:\/\/tourtravelandmore.com\/fr\/#\/schema\/logo\/image\/\"},\"sameAs\":[\"https:\/\/www.facebook.com\/tourtravelandmore\/\",\"https:\/\/x.com\/TourTravel_More\"]}]}<\/script>\n<!-- \/ Yoast SEO Premium plugin. -->","yoast_head_json":{"title":"Transfert priv\u00e9 a\u00e9roport \/ train de Salzbourg - Transfert priv\u00e9 \u00e0 Salzbourg","description":"Arrivez \u00e0 votre destination finale \u00e0 Salzbourg avec notre transfert priv\u00e9 \u00e0 Salzbourg. V\u00e9hicule de luxe priv\u00e9 avec chauffeur pour vous rendre confortablement \u00e0 votre emplacement.","robots":{"index":"index","follow":"follow","max-snippet":"max-snippet:-1","max-image-preview":"max-image-preview:large","max-video-preview":"max-video-preview:-1"},"canonical":"https:\/\/tourtravelandmore.com\/fr\/tours\/lautriche-fr\/salzbourg-fr\/all-private-tours-activities-fr-10\/transfert-prive-a-salzbourg\/","og_locale":"fr_FR","og_type":"article","og_title":"Transfert priv\u00e9 \u00e0 Salzbourg","og_description":"Arrivez \u00e0 votre destination finale \u00e0 Salzbourg avec notre transfert priv\u00e9 \u00e0 Salzbourg. V\u00e9hicule de luxe priv\u00e9 avec chauffeur pour vous rendre confortablement \u00e0 votre emplacement.","og_url":"https:\/\/tourtravelandmore.com\/fr\/tours\/lautriche-fr\/salzbourg-fr\/all-private-tours-activities-fr-10\/transfert-prive-a-salzbourg\/","og_site_name":"Tour Travel And More","article_publisher":"https:\/\/www.facebook.com\/tourtravelandmore\/","article_modified_time":"2022-11-09T15:38:39+00:00","og_image":[{"width":955,"height":636,"url":"https:\/\/tourtravelandmore.com\/wp-content\/uploads\/2016\/10\/transfer-airport-barcelona.jpg","type":"image\/jpeg"}],"twitter_card":"summary_large_image","twitter_site":"@TourTravel_More","twitter_misc":{"Dur\u00e9e de lecture estim\u00e9e":"2 minutes"},"schema":{"@context":"https:\/\/schema.org","@graph":[{"@type":"WebPage","@id":"https:\/\/tourtravelandmore.com\/fr\/tours\/lautriche-fr\/salzbourg-fr\/all-private-tours-activities-fr-10\/transfert-prive-a-salzbourg\/","url":"https:\/\/tourtravelandmore.com\/fr\/tours\/lautriche-fr\/salzbourg-fr\/all-private-tours-activities-fr-10\/transfert-prive-a-salzbourg\/","name":"Transfert priv\u00e9 a\u00e9roport \/ train de Salzbourg - Transfert priv\u00e9 \u00e0 Salzbourg","isPartOf":{"@id":"https:\/\/tourtravelandmore.com\/fr\/#website"},"primaryImageOfPage":{"@id":"https:\/\/tourtravelandmore.com\/fr\/tours\/lautriche-fr\/salzbourg-fr\/all-private-tours-activities-fr-10\/transfert-prive-a-salzbourg\/#primaryimage"},"image":{"@id":"https:\/\/tourtravelandmore.com\/fr\/tours\/lautriche-fr\/salzbourg-fr\/all-private-tours-activities-fr-10\/transfert-prive-a-salzbourg\/#primaryimage"},"thumbnailUrl":"https:\/\/tourtravelandmore.com\/wp-content\/uploads\/2016\/10\/transfer-airport-barcelona.jpg","datePublished":"2019-09-26T12:47:51+00:00","dateModified":"2022-11-09T15:38:39+00:00","description":"Arrivez \u00e0 votre destination finale \u00e0 Salzbourg avec notre transfert priv\u00e9 \u00e0 Salzbourg. V\u00e9hicule de luxe priv\u00e9 avec chauffeur pour vous rendre confortablement \u00e0 votre emplacement.","breadcrumb":{"@id":"https:\/\/tourtravelandmore.com\/fr\/tours\/lautriche-fr\/salzbourg-fr\/all-private-tours-activities-fr-10\/transfert-prive-a-salzbourg\/#breadcrumb"},"inLanguage":"fr-FR","potentialAction":[{"@type":"ReadAction","target":["https:\/\/tourtravelandmore.com\/fr\/tours\/lautriche-fr\/salzbourg-fr\/all-private-tours-activities-fr-10\/transfert-prive-a-salzbourg\/"]}]},{"@type":"ImageObject","inLanguage":"fr-FR","@id":"https:\/\/tourtravelandmore.com\/fr\/tours\/lautriche-fr\/salzbourg-fr\/all-private-tours-activities-fr-10\/transfert-prive-a-salzbourg\/#primaryimage","url":"https:\/\/tourtravelandmore.com\/wp-content\/uploads\/2016\/10\/transfer-airport-barcelona.jpg","contentUrl":"https:\/\/tourtravelandmore.com\/wp-content\/uploads\/2016\/10\/transfer-airport-barcelona.jpg","width":955,"height":636},{"@type":"BreadcrumbList","@id":"https:\/\/tourtravelandmore.com\/fr\/tours\/lautriche-fr\/salzbourg-fr\/all-private-tours-activities-fr-10\/transfert-prive-a-salzbourg\/#breadcrumb","itemListElement":[{"@type":"ListItem","position":1,"name":"Home","item":"https:\/\/tourtravelandmore.com\/fr\/"},{"@type":"ListItem","position":2,"name":"Tours","item":"https:\/\/tourtravelandmore.com\/fr\/tours\/"},{"@type":"ListItem","position":3,"name":"Transfert priv\u00e9 \u00e0 Salzbourg"}]},{"@type":"WebSite","@id":"https:\/\/tourtravelandmore.com\/fr\/#website","url":"https:\/\/tourtravelandmore.com\/fr\/","name":"Tour Travel And More","description":"Private sightseeing tours and luxury transfers in Spain","publisher":{"@id":"https:\/\/tourtravelandmore.com\/fr\/#organization"},"potentialAction":[{"@type":"SearchAction","target":{"@type":"EntryPoint","urlTemplate":"https:\/\/tourtravelandmore.com\/fr\/?s={search_term_string}"},"query-input":{"@type":"PropertyValueSpecification","valueRequired":true,"valueName":"search_term_string"}}],"inLanguage":"fr-FR"},{"@type":"Organization","@id":"https:\/\/tourtravelandmore.com\/fr\/#organization","name":"Tour Travel And More","url":"https:\/\/tourtravelandmore.com\/fr\/","logo":{"@type":"ImageObject","inLanguage":"fr-FR","@id":"https:\/\/tourtravelandmore.com\/fr\/#\/schema\/logo\/image\/","url":"https:\/\/tourtravelandmore.com\/wp-content\/uploads\/2022\/12\/cropped-logo-cabecera-new.png","contentUrl":"https:\/\/tourtravelandmore.com\/wp-content\/uploads\/2022\/12\/cropped-logo-cabecera-new.png","width":430,"height":61,"caption":"Tour Travel And More"},"image":{"@id":"https:\/\/tourtravelandmore.com\/fr\/#\/schema\/logo\/image\/"},"sameAs":["https:\/\/www.facebook.com\/tourtravelandmore\/","https:\/\/x.com\/TourTravel_More"]}]}},"_links":{"self":[{"href":"https:\/\/tourtravelandmore.com\/fr\/wp-json\/wp\/v2\/product\/101818","targetHints":{"allow":["GET"]}}],"collection":[{"href":"https:\/\/tourtravelandmore.com\/fr\/wp-json\/wp\/v2\/product"}],"about":[{"href":"https:\/\/tourtravelandmore.com\/fr\/wp-json\/wp\/v2\/types\/product"}],"replies":[{"embeddable":true,"href":"https:\/\/tourtravelandmore.com\/fr\/wp-json\/wp\/v2\/comments?post=101818"}],"wp:featuredmedia":[{"embeddable":true,"href":"https:\/\/tourtravelandmore.com\/fr\/wp-json\/wp\/v2\/media\/93541"}],"wp:attachment":[{"href":"https:\/\/tourtravelandmore.com\/fr\/wp-json\/wp\/v2\/media?parent=101818"}],"wp:term":[{"taxonomy":"product_brand","embeddable":true,"href":"https:\/\/tourtravelandmore.com\/fr\/wp-json\/wp\/v2\/product_brand?post=101818"},{"taxonomy":"product_cat","embeddable":true,"href":"https:\/\/tourtravelandmore.com\/fr\/wp-json\/wp\/v2\/product_cat?post=101818"},{"taxonomy":"product_tag","embeddable":true,"href":"https:\/\/tourtravelandmore.com\/fr\/wp-json\/wp\/v2\/product_tag?post=101818"}],"curies":[{"name":"wp","href":"https:\/\/api.w.org\/{rel}","templated":true}]}}