{"id":101812,"date":"2019-09-26T14:47:41","date_gmt":"2019-09-26T12:47:41","guid":{"rendered":"https:\/\/tourtravelandmore.com\/tours\/non%20class\u00e9\/visite-privee-de-salzbourg-et-du-son-de-la-musique\/"},"modified":"2022-11-09T16:54:43","modified_gmt":"2022-11-09T15:54:43","slug":"visite-privee-de-salzbourg-et-du-son-de-la-musique","status":"publish","type":"product","link":"https:\/\/tourtravelandmore.com\/fr\/tours\/lautriche-fr\/salzbourg-fr\/private-sightseeing-tours-fr-11\/visite-privee-de-salzbourg-et-du-son-de-la-musique\/","title":{"rendered":"Visite priv\u00e9e de Salzbourg et du son de la musique"},"content":{"rendered":"<h2>Description<\/h2>\n<p>Profitez de la vieille ville de Salzbourg, de ses nombreuses \u00e9glises et de ses merveilleux sites historiques lors de cette visite priv\u00e9e de la ville avec votre propre guide officiel priv\u00e9. Profitez-en confortablement dans votre v\u00e9hicule de luxe priv\u00e9 avec chauffeur et d\u00e9couvrez le meilleur de ce que Salzbourg a \u00e0 offrir lors de cette visite priv\u00e9e. Notre visite priv\u00e9e de Salzbourg et le son de la musique est une exp\u00e9rience compl\u00e8te \u00e0 Salzbourg!<\/p>\n<p>Tout d&#8217;abord et pour vous rendre cette exp\u00e9rience plus facile et plus confortable, nous vous rencontrerons \u00e0 votre h\u00f4tel ou lieu de votre choix \u00e0 Salzbourg.<\/p>\n<p>Deuxi\u00e8mement, votre guide vous guidera \u00e0 travers vous rencontrera votre guide \u00e0 un point central de la ville, o\u00f9 votre visite priv\u00e9e de la ville commencera. \u00c0 Salzbourg, nous verrons l&#8217;impressionnant style m\u00e9di\u00e9val de l&#8217;architecture de la ville, o\u00f9 votre premier arr\u00eat sera le palais et les jardins Mirabell, situ\u00e9s au nord de la rivi\u00e8re Salzach, qui abrite le bureau du maire de Salzbourg.<\/p>\n<p>Nous continuons notre visite sous la falaise de la colline de M\u00f6nchsberg, o\u00f9 se trouve le plus grand des deux bains de chevaux m\u00e9di\u00e9vaux survivants. Dans la vieille ville de Salzbourg, nous visiterons la Residenzplatz et l&#8217;\u00e9glise et le cimeti\u00e8re Saint-Pierre.<\/p>\n<p>En marchant dans les vieilles rues, nous d\u00e9couvrirons le couvent de Nonnberg, le plus ancien couvent du monde germanophone.<\/p>\n<p>Enfin, notre dernier site sera le ch\u00e2teau de Leopoldskron, un manoir rococo construit sur les rives du lac Leopoldskroner Weiher dans la partie sud de Salzbourg.<\/p>\n<p>Comme toutes nos visites, cette visite priv\u00e9e de la ville est une visite enti\u00e8rement personnalisable. Nous pouvons l&#8217;organiser en fonction de vos besoins et d\u00e9sirs personnels. Gardez \u00e0 l&#8217;esprit que la visite est modulable en fonction de vos besoins simplement en nous contactant. Votre guide officiel sera attentif \u00e0 explorer les lieux les plus embl\u00e9matiques et les plus impressionnants de Salzbourg. Vous pouvez prendre les meilleures photos quand et o\u00f9 vous le souhaitez tout au long de votre visite. La dur\u00e9e exacte de la visite est totalement flexible. Le programme et la dur\u00e9e de la visite sont pr\u00e9vus pour 4 heures \u00e0 travers les monuments et sites touristiques de Salzbourg.<\/p>\n<h2>Sites d&#8217;int\u00e9r\u00eat et monuments<\/h2>\n<p>Tout d&#8217;abord, rencontrez notre guide priv\u00e9 et notre chauffeur \u00e0 votre h\u00f4tel ou lieu de votre choix dans la ville.<\/p>\n<p>Nous commencerons ensuite cette visite priv\u00e9e de la ville. Lors de votre visite priv\u00e9e de Salzbourg et du Sound Of Music Tour, vous d\u00e9couvrirez certains des sites les plus embl\u00e9matiques de Salzbourg. Une fois que nous avons commenc\u00e9 la visite \u00e0 Salzbourg, nous vous proposons de visiter ces endroits:<\/p>\n<ul>\n<li>Palais et jardins Mirabell<\/li>\n<li>Terrasse Winkler<\/li>\n<li>Bain de chevaux, Pferdeschwemme<\/li>\n<li>Complexe des salles des f\u00eates de Salzbourg<\/li>\n<li>\u00c9glise et cimeti\u00e8re Saint-Pierre<\/li>\n<li>Residenzplatz<\/li>\n<li>Mozartsteg<\/li>\n<li>Couvent de Nonnberg<\/li>\n<li>Ch\u00e2teau de Leopoldskron<\/li>\n<li>Et bien d&#8217;autres endroits dans cette visite priv\u00e9e de Salzbourg.<\/li>\n<\/ul>\n<p>Ne manquez pas nos autres visites \u00e0 pied priv\u00e9es, visites de la ville et excursions d&#8217;une journ\u00e9e \u00e0 Salzbourg!<\/p>\n","protected":false},"excerpt":{"rendered":"<p>Venez avec nous dans cette visite priv\u00e9e de la ville et profitez de la ville et de la vieille ville de Salzbourg et de leurs monuments et sites les plus importants. Ne manquez pas une chance de conna\u00eetre la vieille ville et tout ce qu&#8217;elle a \u00e0 offrir \u00e0 c\u00f4t\u00e9 de votre guide officiel priv\u00e9, confortablement dans votre v\u00e9hicule de luxe priv\u00e9 avec un chauffeur s\u00e9par\u00e9.<\/p>\n","protected":false},"featured_media":96427,"comment_status":"open","ping_status":"closed","template":"","meta":{"_acf_changed":false},"product_brand":[],"product_cat":[3722,4217,4216],"product_tag":[],"class_list":{"0":"post-101812","1":"product","2":"type-product","3":"status-publish","4":"has-post-thumbnail","6":"product_cat-salzbourg-fr","7":"product_cat-all-private-tours-activities-fr-10","8":"product_cat-private-sightseeing-tours-fr-11","10":"first","11":"instock","12":"shipping-taxable","13":"purchasable","14":"product-type-simple"},"acf":[],"yoast_head":"<!-- This site is optimized with the Yoast SEO Premium plugin v25.3.1 (Yoast SEO v25.3.1) - https:\/\/yoast.com\/wordpress\/plugins\/seo\/ -->\n<title>Visite priv\u00e9e de Salzbourg et du son de la musique - Visite priv\u00e9e<\/title>\n<meta name=\"description\" content=\"Visite priv\u00e9e de Salzbourg et du son de la musique. Profitez des monuments les plus importants de la vieille ville de Salzbourg et visitez le site du Sound of Music.\" \/>\n<meta name=\"robots\" content=\"index, follow, max-snippet:-1, max-image-preview:large, max-video-preview:-1\" \/>\n<link rel=\"canonical\" href=\"https:\/\/tourtravelandmore.com\/fr\/tours\/lautriche-fr\/salzbourg-fr\/private-sightseeing-tours-fr-11\/visite-privee-de-salzbourg-et-du-son-de-la-musique\/\" \/>\n<meta property=\"og:locale\" content=\"fr_FR\" \/>\n<meta property=\"og:type\" content=\"article\" \/>\n<meta property=\"og:title\" content=\"Visite priv\u00e9e de Salzbourg et du son de la musique\" \/>\n<meta property=\"og:description\" content=\"Visite priv\u00e9e de Salzbourg et du son de la musique. Profitez des monuments les plus importants de la vieille ville de Salzbourg et visitez le site du Sound of Music.\" \/>\n<meta property=\"og:url\" content=\"https:\/\/tourtravelandmore.com\/fr\/tours\/lautriche-fr\/salzbourg-fr\/private-sightseeing-tours-fr-11\/visite-privee-de-salzbourg-et-du-son-de-la-musique\/\" \/>\n<meta property=\"og:site_name\" content=\"Tour Travel And More\" \/>\n<meta property=\"article:publisher\" content=\"https:\/\/www.facebook.com\/tourtravelandmore\/\" \/>\n<meta property=\"article:modified_time\" content=\"2022-11-09T15:54:43+00:00\" \/>\n<meta property=\"og:image\" content=\"https:\/\/tourtravelandmore.com\/wp-content\/uploads\/2019\/09\/salzburg-1.jpg\" \/>\n\t<meta property=\"og:image:width\" content=\"1023\" \/>\n\t<meta property=\"og:image:height\" content=\"685\" \/>\n\t<meta property=\"og:image:type\" content=\"image\/jpeg\" \/>\n<meta name=\"twitter:card\" content=\"summary_large_image\" \/>\n<meta name=\"twitter:site\" content=\"@TourTravel_More\" \/>\n<meta name=\"twitter:label1\" content=\"Dur\u00e9e de lecture estim\u00e9e\" \/>\n\t<meta name=\"twitter:data1\" content=\"3 minutes\" \/>\n<script type=\"application\/ld+json\" class=\"yoast-schema-graph\">{\"@context\":\"https:\/\/schema.org\",\"@graph\":[{\"@type\":\"WebPage\",\"@id\":\"https:\/\/tourtravelandmore.com\/fr\/tours\/lautriche-fr\/salzbourg-fr\/private-sightseeing-tours-fr-11\/visite-privee-de-salzbourg-et-du-son-de-la-musique\/\",\"url\":\"https:\/\/tourtravelandmore.com\/fr\/tours\/lautriche-fr\/salzbourg-fr\/private-sightseeing-tours-fr-11\/visite-privee-de-salzbourg-et-du-son-de-la-musique\/\",\"name\":\"Visite priv\u00e9e de Salzbourg et du son de la musique - Visite priv\u00e9e\",\"isPartOf\":{\"@id\":\"https:\/\/tourtravelandmore.com\/fr\/#website\"},\"primaryImageOfPage\":{\"@id\":\"https:\/\/tourtravelandmore.com\/fr\/tours\/lautriche-fr\/salzbourg-fr\/private-sightseeing-tours-fr-11\/visite-privee-de-salzbourg-et-du-son-de-la-musique\/#primaryimage\"},\"image\":{\"@id\":\"https:\/\/tourtravelandmore.com\/fr\/tours\/lautriche-fr\/salzbourg-fr\/private-sightseeing-tours-fr-11\/visite-privee-de-salzbourg-et-du-son-de-la-musique\/#primaryimage\"},\"thumbnailUrl\":\"https:\/\/tourtravelandmore.com\/wp-content\/uploads\/2019\/09\/salzburg-1.jpg\",\"datePublished\":\"2019-09-26T12:47:41+00:00\",\"dateModified\":\"2022-11-09T15:54:43+00:00\",\"description\":\"Visite priv\u00e9e de Salzbourg et du son de la musique. Profitez des monuments les plus importants de la vieille ville de Salzbourg et visitez le site du Sound of Music.\",\"breadcrumb\":{\"@id\":\"https:\/\/tourtravelandmore.com\/fr\/tours\/lautriche-fr\/salzbourg-fr\/private-sightseeing-tours-fr-11\/visite-privee-de-salzbourg-et-du-son-de-la-musique\/#breadcrumb\"},\"inLanguage\":\"fr-FR\",\"potentialAction\":[{\"@type\":\"ReadAction\",\"target\":[\"https:\/\/tourtravelandmore.com\/fr\/tours\/lautriche-fr\/salzbourg-fr\/private-sightseeing-tours-fr-11\/visite-privee-de-salzbourg-et-du-son-de-la-musique\/\"]}]},{\"@type\":\"ImageObject\",\"inLanguage\":\"fr-FR\",\"@id\":\"https:\/\/tourtravelandmore.com\/fr\/tours\/lautriche-fr\/salzbourg-fr\/private-sightseeing-tours-fr-11\/visite-privee-de-salzbourg-et-du-son-de-la-musique\/#primaryimage\",\"url\":\"https:\/\/tourtravelandmore.com\/wp-content\/uploads\/2019\/09\/salzburg-1.jpg\",\"contentUrl\":\"https:\/\/tourtravelandmore.com\/wp-content\/uploads\/2019\/09\/salzburg-1.jpg\",\"width\":1023,\"height\":685},{\"@type\":\"BreadcrumbList\",\"@id\":\"https:\/\/tourtravelandmore.com\/fr\/tours\/lautriche-fr\/salzbourg-fr\/private-sightseeing-tours-fr-11\/visite-privee-de-salzbourg-et-du-son-de-la-musique\/#breadcrumb\",\"itemListElement\":[{\"@type\":\"ListItem\",\"position\":1,\"name\":\"Home\",\"item\":\"https:\/\/tourtravelandmore.com\/fr\/\"},{\"@type\":\"ListItem\",\"position\":2,\"name\":\"Tours\",\"item\":\"https:\/\/tourtravelandmore.com\/fr\/tours\/\"},{\"@type\":\"ListItem\",\"position\":3,\"name\":\"Visite priv\u00e9e de Salzbourg et du son de la musique\"}]},{\"@type\":\"WebSite\",\"@id\":\"https:\/\/tourtravelandmore.com\/fr\/#website\",\"url\":\"https:\/\/tourtravelandmore.com\/fr\/\",\"name\":\"Tour Travel And More\",\"description\":\"Private sightseeing tours and luxury transfers in Spain\",\"publisher\":{\"@id\":\"https:\/\/tourtravelandmore.com\/fr\/#organization\"},\"potentialAction\":[{\"@type\":\"SearchAction\",\"target\":{\"@type\":\"EntryPoint\",\"urlTemplate\":\"https:\/\/tourtravelandmore.com\/fr\/?s={search_term_string}\"},\"query-input\":{\"@type\":\"PropertyValueSpecification\",\"valueRequired\":true,\"valueName\":\"search_term_string\"}}],\"inLanguage\":\"fr-FR\"},{\"@type\":\"Organization\",\"@id\":\"https:\/\/tourtravelandmore.com\/fr\/#organization\",\"name\":\"Tour Travel And More\",\"url\":\"https:\/\/tourtravelandmore.com\/fr\/\",\"logo\":{\"@type\":\"ImageObject\",\"inLanguage\":\"fr-FR\",\"@id\":\"https:\/\/tourtravelandmore.com\/fr\/#\/schema\/logo\/image\/\",\"url\":\"https:\/\/tourtravelandmore.com\/wp-content\/uploads\/2022\/12\/cropped-logo-cabecera-new.png\",\"contentUrl\":\"https:\/\/tourtravelandmore.com\/wp-content\/uploads\/2022\/12\/cropped-logo-cabecera-new.png\",\"width\":430,\"height\":61,\"caption\":\"Tour Travel And More\"},\"image\":{\"@id\":\"https:\/\/tourtravelandmore.com\/fr\/#\/schema\/logo\/image\/\"},\"sameAs\":[\"https:\/\/www.facebook.com\/tourtravelandmore\/\",\"https:\/\/x.com\/TourTravel_More\"]}]}<\/script>\n<!-- \/ Yoast SEO Premium plugin. -->","yoast_head_json":{"title":"Visite priv\u00e9e de Salzbourg et du son de la musique - Visite priv\u00e9e","description":"Visite priv\u00e9e de Salzbourg et du son de la musique. Profitez des monuments les plus importants de la vieille ville de Salzbourg et visitez le site du Sound of Music.","robots":{"index":"index","follow":"follow","max-snippet":"max-snippet:-1","max-image-preview":"max-image-preview:large","max-video-preview":"max-video-preview:-1"},"canonical":"https:\/\/tourtravelandmore.com\/fr\/tours\/lautriche-fr\/salzbourg-fr\/private-sightseeing-tours-fr-11\/visite-privee-de-salzbourg-et-du-son-de-la-musique\/","og_locale":"fr_FR","og_type":"article","og_title":"Visite priv\u00e9e de Salzbourg et du son de la musique","og_description":"Visite priv\u00e9e de Salzbourg et du son de la musique. Profitez des monuments les plus importants de la vieille ville de Salzbourg et visitez le site du Sound of Music.","og_url":"https:\/\/tourtravelandmore.com\/fr\/tours\/lautriche-fr\/salzbourg-fr\/private-sightseeing-tours-fr-11\/visite-privee-de-salzbourg-et-du-son-de-la-musique\/","og_site_name":"Tour Travel And More","article_publisher":"https:\/\/www.facebook.com\/tourtravelandmore\/","article_modified_time":"2022-11-09T15:54:43+00:00","og_image":[{"width":1023,"height":685,"url":"https:\/\/tourtravelandmore.com\/wp-content\/uploads\/2019\/09\/salzburg-1.jpg","type":"image\/jpeg"}],"twitter_card":"summary_large_image","twitter_site":"@TourTravel_More","twitter_misc":{"Dur\u00e9e de lecture estim\u00e9e":"3 minutes"},"schema":{"@context":"https:\/\/schema.org","@graph":[{"@type":"WebPage","@id":"https:\/\/tourtravelandmore.com\/fr\/tours\/lautriche-fr\/salzbourg-fr\/private-sightseeing-tours-fr-11\/visite-privee-de-salzbourg-et-du-son-de-la-musique\/","url":"https:\/\/tourtravelandmore.com\/fr\/tours\/lautriche-fr\/salzbourg-fr\/private-sightseeing-tours-fr-11\/visite-privee-de-salzbourg-et-du-son-de-la-musique\/","name":"Visite priv\u00e9e de Salzbourg et du son de la musique - Visite priv\u00e9e","isPartOf":{"@id":"https:\/\/tourtravelandmore.com\/fr\/#website"},"primaryImageOfPage":{"@id":"https:\/\/tourtravelandmore.com\/fr\/tours\/lautriche-fr\/salzbourg-fr\/private-sightseeing-tours-fr-11\/visite-privee-de-salzbourg-et-du-son-de-la-musique\/#primaryimage"},"image":{"@id":"https:\/\/tourtravelandmore.com\/fr\/tours\/lautriche-fr\/salzbourg-fr\/private-sightseeing-tours-fr-11\/visite-privee-de-salzbourg-et-du-son-de-la-musique\/#primaryimage"},"thumbnailUrl":"https:\/\/tourtravelandmore.com\/wp-content\/uploads\/2019\/09\/salzburg-1.jpg","datePublished":"2019-09-26T12:47:41+00:00","dateModified":"2022-11-09T15:54:43+00:00","description":"Visite priv\u00e9e de Salzbourg et du son de la musique. Profitez des monuments les plus importants de la vieille ville de Salzbourg et visitez le site du Sound of Music.","breadcrumb":{"@id":"https:\/\/tourtravelandmore.com\/fr\/tours\/lautriche-fr\/salzbourg-fr\/private-sightseeing-tours-fr-11\/visite-privee-de-salzbourg-et-du-son-de-la-musique\/#breadcrumb"},"inLanguage":"fr-FR","potentialAction":[{"@type":"ReadAction","target":["https:\/\/tourtravelandmore.com\/fr\/tours\/lautriche-fr\/salzbourg-fr\/private-sightseeing-tours-fr-11\/visite-privee-de-salzbourg-et-du-son-de-la-musique\/"]}]},{"@type":"ImageObject","inLanguage":"fr-FR","@id":"https:\/\/tourtravelandmore.com\/fr\/tours\/lautriche-fr\/salzbourg-fr\/private-sightseeing-tours-fr-11\/visite-privee-de-salzbourg-et-du-son-de-la-musique\/#primaryimage","url":"https:\/\/tourtravelandmore.com\/wp-content\/uploads\/2019\/09\/salzburg-1.jpg","contentUrl":"https:\/\/tourtravelandmore.com\/wp-content\/uploads\/2019\/09\/salzburg-1.jpg","width":1023,"height":685},{"@type":"BreadcrumbList","@id":"https:\/\/tourtravelandmore.com\/fr\/tours\/lautriche-fr\/salzbourg-fr\/private-sightseeing-tours-fr-11\/visite-privee-de-salzbourg-et-du-son-de-la-musique\/#breadcrumb","itemListElement":[{"@type":"ListItem","position":1,"name":"Home","item":"https:\/\/tourtravelandmore.com\/fr\/"},{"@type":"ListItem","position":2,"name":"Tours","item":"https:\/\/tourtravelandmore.com\/fr\/tours\/"},{"@type":"ListItem","position":3,"name":"Visite priv\u00e9e de Salzbourg et du son de la musique"}]},{"@type":"WebSite","@id":"https:\/\/tourtravelandmore.com\/fr\/#website","url":"https:\/\/tourtravelandmore.com\/fr\/","name":"Tour Travel And More","description":"Private sightseeing tours and luxury transfers in Spain","publisher":{"@id":"https:\/\/tourtravelandmore.com\/fr\/#organization"},"potentialAction":[{"@type":"SearchAction","target":{"@type":"EntryPoint","urlTemplate":"https:\/\/tourtravelandmore.com\/fr\/?s={search_term_string}"},"query-input":{"@type":"PropertyValueSpecification","valueRequired":true,"valueName":"search_term_string"}}],"inLanguage":"fr-FR"},{"@type":"Organization","@id":"https:\/\/tourtravelandmore.com\/fr\/#organization","name":"Tour Travel And More","url":"https:\/\/tourtravelandmore.com\/fr\/","logo":{"@type":"ImageObject","inLanguage":"fr-FR","@id":"https:\/\/tourtravelandmore.com\/fr\/#\/schema\/logo\/image\/","url":"https:\/\/tourtravelandmore.com\/wp-content\/uploads\/2022\/12\/cropped-logo-cabecera-new.png","contentUrl":"https:\/\/tourtravelandmore.com\/wp-content\/uploads\/2022\/12\/cropped-logo-cabecera-new.png","width":430,"height":61,"caption":"Tour Travel And More"},"image":{"@id":"https:\/\/tourtravelandmore.com\/fr\/#\/schema\/logo\/image\/"},"sameAs":["https:\/\/www.facebook.com\/tourtravelandmore\/","https:\/\/x.com\/TourTravel_More"]}]}},"_links":{"self":[{"href":"https:\/\/tourtravelandmore.com\/fr\/wp-json\/wp\/v2\/product\/101812","targetHints":{"allow":["GET"]}}],"collection":[{"href":"https:\/\/tourtravelandmore.com\/fr\/wp-json\/wp\/v2\/product"}],"about":[{"href":"https:\/\/tourtravelandmore.com\/fr\/wp-json\/wp\/v2\/types\/product"}],"replies":[{"embeddable":true,"href":"https:\/\/tourtravelandmore.com\/fr\/wp-json\/wp\/v2\/comments?post=101812"}],"wp:featuredmedia":[{"embeddable":true,"href":"https:\/\/tourtravelandmore.com\/fr\/wp-json\/wp\/v2\/media\/96427"}],"wp:attachment":[{"href":"https:\/\/tourtravelandmore.com\/fr\/wp-json\/wp\/v2\/media?parent=101812"}],"wp:term":[{"taxonomy":"product_brand","embeddable":true,"href":"https:\/\/tourtravelandmore.com\/fr\/wp-json\/wp\/v2\/product_brand?post=101812"},{"taxonomy":"product_cat","embeddable":true,"href":"https:\/\/tourtravelandmore.com\/fr\/wp-json\/wp\/v2\/product_cat?post=101812"},{"taxonomy":"product_tag","embeddable":true,"href":"https:\/\/tourtravelandmore.com\/fr\/wp-json\/wp\/v2\/product_tag?post=101812"}],"curies":[{"name":"wp","href":"https:\/\/api.w.org\/{rel}","templated":true}]}}