{"id":101805,"date":"2018-04-05T12:23:46","date_gmt":"2018-04-05T10:23:46","guid":{"rendered":"https:\/\/tourtravelandmore.com\/tours\/non%20class\u00e9\/promenade-en-gondole-privee-a-venise\/"},"modified":"2021-03-09T11:32:31","modified_gmt":"2021-03-09T10:32:31","slug":"promenade-en-gondole-privee-a-venise","status":"publish","type":"product","link":"https:\/\/tourtravelandmore.com\/fr\/tours\/italie-fr\/venice-fr\/promenade-en-gondole-privee-a-venise\/","title":{"rendered":"Promenade en gondole priv\u00e9e \u00e0 Venise"},"content":{"rendered":"<h2>Description<\/h2>\n<p>Nous vous offrons la possibilit\u00e9 de profiter d&#8217;une balade en gondole priv\u00e9e \u00e0 Venise pendant 30 minutes (ou plus si vous pr\u00e9f\u00e9rez).<br \/>\nNos promenades en gondole peuvent commencer \u00e0 partir de l\u2019une des jet\u00e9es suivantes: Bacino Orseolo, Danieli, Dogana, Giglio, Piazzale Roma, San Toma \u2019, Accademia, Ferrovia.<\/p>\n<p>Venise est la capitale de la r\u00e9gion nord de la V\u00e9n\u00e9tie. Compos\u00e9e de plus de 100 petites \u00eeles, la ville est situ\u00e9e dans un lagon de la mer Adriatique. C&#8217;est l&#8217;une des villes les plus visit\u00e9es d&#8217;Italie. Chaque ann\u00e9e, ils c\u00e9l\u00e8brent leur carnaval tr\u00e8s connu au cours du mois de f\u00e9vrier.<\/p>\n<p>Venise a une histoire tr\u00e8s longue et int\u00e9ressante, elle a \u00e9t\u00e9 gouvern\u00e9e par diff\u00e9rentes familles et groupes (l&#8217;un des meilleurs moments de la ville \u00e9tait quand elle \u00e9tait gouvern\u00e9e par les Byzantins).<\/p>\n<p>Si vous pr\u00e9f\u00e9rez, vous pouvez inclure cette promenade priv\u00e9e en gondole \u00e0 Venise avec une visite priv\u00e9e \u00e0 pied de la ville, jetez un coup d&#8217;\u0153il !.<\/p>\n<h2>Sites d&#8217;int\u00e9r\u00eat et points de rep\u00e8re<\/h2>\n<p>Votre gondolier priv\u00e9 vous attendra \u00e0 l&#8217;heure programm\u00e9e pour faire un trajet de 30 minutes \u00e0 travers les canaux de Venise. Vous pouvez choisir le point de rendez-vous dans l&#8217;une des jet\u00e9es mentionn\u00e9es ci-dessus.<\/p>\n<p>Les G\u00f3ndolas sont l&#8217;ic\u00f4ne de la ville. Ce qui caract\u00e9rise Venise, c&#8217;est qu&#8217;elle n&#8217;a pratiquement pas de rues, ce sont tous des canaux, vous devez donc vous d\u00e9placer en gondoles ou en bateaux. Comme vous le savez d\u00e9j\u00e0, les v\u00e9hicules n&#8217;ont pas acc\u00e8s au centre historique de Venise.<\/p>\n<p>Avec cette balade priv\u00e9e en gondole, vous aurez la possibilit\u00e9 de conna\u00eetre Venise sous un autre angle. Vous traverserez les principaux canaux de cette ville.<\/p>\n<p>Vous profiterez d&#8217;une balade de 30 minutes en t\u00e9l\u00e9cabine priv\u00e9e. Il y a un maximum de 6 personnes que vous pouvez monter sur une t\u00e9l\u00e9cabine. Le service que nous proposons est totalement priv\u00e9.<\/p>\n<p>Le trajet peut \u00eatre plus long si vous pr\u00e9f\u00e9rez, nous pouvons \u00e9galement vous donner la possibilit\u00e9 d&#8217;une heure de balade en gondole.<\/p>\n<p>Enfin, votre gondolier priv\u00e9 vous ram\u00e8nera \u00e0 l&#8217;embarcad\u00e8re de d\u00e9part.<\/p>\n","protected":false},"excerpt":{"rendered":"<p>Une balade priv\u00e9e en gondole \u00e0 Venise est l&#8217;une des activit\u00e9s incontournables de cette belle ville.<br \/>\nNe vous inqui\u00e9tez pas de la recherche d&#8217;une balade en gondole pour le moment et r\u00e9servez-la \u00e0 l&#8217;avance avec nous. Nous proposons une balade en gondole enti\u00e8rement priv\u00e9e et personnalis\u00e9e pendant 30 minutes \u00e0 partir de n&#8217;importe quelle jet\u00e9e du centre de Venise. La prise en charge peut \u00eatre organis\u00e9e \u00e0 l&#8217;heure souhait\u00e9e.<\/p>\n","protected":false},"featured_media":94843,"comment_status":"open","ping_status":"closed","template":"","meta":{"_acf_changed":false},"product_brand":[],"product_cat":[3710],"product_tag":[],"class_list":{"0":"post-101805","1":"product","2":"type-product","3":"status-publish","4":"has-post-thumbnail","6":"product_cat-venice-fr","8":"first","9":"instock","10":"shipping-taxable","11":"purchasable","12":"product-type-simple"},"acf":[],"yoast_head":"<!-- This site is optimized with the Yoast SEO Premium plugin v25.3.1 (Yoast SEO v25.3.1) - https:\/\/yoast.com\/wordpress\/plugins\/seo\/ -->\n<title>Promenade en gondole priv\u00e9e \u00e0 Venise - Visite priv\u00e9e \u00e0 Venise<\/title>\n<meta name=\"description\" content=\"Faire une balade en gondole est l&#039;une des choses incontournables lors de la visite de Venise. Profitez d&#039;une balade totalement priv\u00e9e de 30 minutes dans les meilleures gondoles de Venise.\" \/>\n<meta name=\"robots\" content=\"index, follow, max-snippet:-1, max-image-preview:large, max-video-preview:-1\" \/>\n<link rel=\"canonical\" href=\"https:\/\/tourtravelandmore.com\/fr\/tours\/italie-fr\/venice-fr\/promenade-en-gondole-privee-a-venise\/\" \/>\n<meta property=\"og:locale\" content=\"fr_FR\" \/>\n<meta property=\"og:type\" content=\"article\" \/>\n<meta property=\"og:title\" content=\"Promenade en gondole priv\u00e9e \u00e0 Venise\" \/>\n<meta property=\"og:description\" content=\"Faire une balade en gondole est l&#039;une des choses incontournables lors de la visite de Venise. Profitez d&#039;une balade totalement priv\u00e9e de 30 minutes dans les meilleures gondoles de Venise.\" \/>\n<meta property=\"og:url\" content=\"https:\/\/tourtravelandmore.com\/fr\/tours\/italie-fr\/venice-fr\/promenade-en-gondole-privee-a-venise\/\" \/>\n<meta property=\"og:site_name\" content=\"Tour Travel And More\" \/>\n<meta property=\"article:publisher\" content=\"https:\/\/www.facebook.com\/tourtravelandmore\/\" \/>\n<meta property=\"article:modified_time\" content=\"2021-03-09T10:32:31+00:00\" \/>\n<meta property=\"og:image\" content=\"https:\/\/tourtravelandmore.com\/wp-content\/uploads\/2018\/04\/venice-2930427_960_720.jpg\" \/>\n\t<meta property=\"og:image:width\" content=\"960\" \/>\n\t<meta property=\"og:image:height\" content=\"579\" \/>\n\t<meta property=\"og:image:type\" content=\"image\/jpeg\" \/>\n<meta name=\"twitter:card\" content=\"summary_large_image\" \/>\n<meta name=\"twitter:site\" content=\"@TourTravel_More\" \/>\n<meta name=\"twitter:label1\" content=\"Dur\u00e9e de lecture estim\u00e9e\" \/>\n\t<meta name=\"twitter:data1\" content=\"2 minutes\" \/>\n<script type=\"application\/ld+json\" class=\"yoast-schema-graph\">{\"@context\":\"https:\/\/schema.org\",\"@graph\":[{\"@type\":\"WebPage\",\"@id\":\"https:\/\/tourtravelandmore.com\/fr\/tours\/italie-fr\/venice-fr\/promenade-en-gondole-privee-a-venise\/\",\"url\":\"https:\/\/tourtravelandmore.com\/fr\/tours\/italie-fr\/venice-fr\/promenade-en-gondole-privee-a-venise\/\",\"name\":\"Promenade en gondole priv\u00e9e \u00e0 Venise - Visite priv\u00e9e \u00e0 Venise\",\"isPartOf\":{\"@id\":\"https:\/\/tourtravelandmore.com\/fr\/#website\"},\"primaryImageOfPage\":{\"@id\":\"https:\/\/tourtravelandmore.com\/fr\/tours\/italie-fr\/venice-fr\/promenade-en-gondole-privee-a-venise\/#primaryimage\"},\"image\":{\"@id\":\"https:\/\/tourtravelandmore.com\/fr\/tours\/italie-fr\/venice-fr\/promenade-en-gondole-privee-a-venise\/#primaryimage\"},\"thumbnailUrl\":\"https:\/\/tourtravelandmore.com\/wp-content\/uploads\/2018\/04\/venice-2930427_960_720.jpg\",\"datePublished\":\"2018-04-05T10:23:46+00:00\",\"dateModified\":\"2021-03-09T10:32:31+00:00\",\"description\":\"Faire une balade en gondole est l'une des choses incontournables lors de la visite de Venise. Profitez d'une balade totalement priv\u00e9e de 30 minutes dans les meilleures gondoles de Venise.\",\"breadcrumb\":{\"@id\":\"https:\/\/tourtravelandmore.com\/fr\/tours\/italie-fr\/venice-fr\/promenade-en-gondole-privee-a-venise\/#breadcrumb\"},\"inLanguage\":\"fr-FR\",\"potentialAction\":[{\"@type\":\"ReadAction\",\"target\":[\"https:\/\/tourtravelandmore.com\/fr\/tours\/italie-fr\/venice-fr\/promenade-en-gondole-privee-a-venise\/\"]}]},{\"@type\":\"ImageObject\",\"inLanguage\":\"fr-FR\",\"@id\":\"https:\/\/tourtravelandmore.com\/fr\/tours\/italie-fr\/venice-fr\/promenade-en-gondole-privee-a-venise\/#primaryimage\",\"url\":\"https:\/\/tourtravelandmore.com\/wp-content\/uploads\/2018\/04\/venice-2930427_960_720.jpg\",\"contentUrl\":\"https:\/\/tourtravelandmore.com\/wp-content\/uploads\/2018\/04\/venice-2930427_960_720.jpg\",\"width\":960,\"height\":579},{\"@type\":\"BreadcrumbList\",\"@id\":\"https:\/\/tourtravelandmore.com\/fr\/tours\/italie-fr\/venice-fr\/promenade-en-gondole-privee-a-venise\/#breadcrumb\",\"itemListElement\":[{\"@type\":\"ListItem\",\"position\":1,\"name\":\"Home\",\"item\":\"https:\/\/tourtravelandmore.com\/fr\/\"},{\"@type\":\"ListItem\",\"position\":2,\"name\":\"Tours\",\"item\":\"https:\/\/tourtravelandmore.com\/fr\/tours\/\"},{\"@type\":\"ListItem\",\"position\":3,\"name\":\"Promenade en gondole priv\u00e9e \u00e0 Venise\"}]},{\"@type\":\"WebSite\",\"@id\":\"https:\/\/tourtravelandmore.com\/fr\/#website\",\"url\":\"https:\/\/tourtravelandmore.com\/fr\/\",\"name\":\"Tour Travel And More\",\"description\":\"Private sightseeing tours and luxury transfers in Spain\",\"publisher\":{\"@id\":\"https:\/\/tourtravelandmore.com\/fr\/#organization\"},\"potentialAction\":[{\"@type\":\"SearchAction\",\"target\":{\"@type\":\"EntryPoint\",\"urlTemplate\":\"https:\/\/tourtravelandmore.com\/fr\/?s={search_term_string}\"},\"query-input\":{\"@type\":\"PropertyValueSpecification\",\"valueRequired\":true,\"valueName\":\"search_term_string\"}}],\"inLanguage\":\"fr-FR\"},{\"@type\":\"Organization\",\"@id\":\"https:\/\/tourtravelandmore.com\/fr\/#organization\",\"name\":\"Tour Travel And More\",\"url\":\"https:\/\/tourtravelandmore.com\/fr\/\",\"logo\":{\"@type\":\"ImageObject\",\"inLanguage\":\"fr-FR\",\"@id\":\"https:\/\/tourtravelandmore.com\/fr\/#\/schema\/logo\/image\/\",\"url\":\"https:\/\/tourtravelandmore.com\/wp-content\/uploads\/2022\/12\/cropped-logo-cabecera-new.png\",\"contentUrl\":\"https:\/\/tourtravelandmore.com\/wp-content\/uploads\/2022\/12\/cropped-logo-cabecera-new.png\",\"width\":430,\"height\":61,\"caption\":\"Tour Travel And More\"},\"image\":{\"@id\":\"https:\/\/tourtravelandmore.com\/fr\/#\/schema\/logo\/image\/\"},\"sameAs\":[\"https:\/\/www.facebook.com\/tourtravelandmore\/\",\"https:\/\/x.com\/TourTravel_More\"]}]}<\/script>\n<!-- \/ Yoast SEO Premium plugin. -->","yoast_head_json":{"title":"Promenade en gondole priv\u00e9e \u00e0 Venise - Visite priv\u00e9e \u00e0 Venise","description":"Faire une balade en gondole est l'une des choses incontournables lors de la visite de Venise. Profitez d'une balade totalement priv\u00e9e de 30 minutes dans les meilleures gondoles de Venise.","robots":{"index":"index","follow":"follow","max-snippet":"max-snippet:-1","max-image-preview":"max-image-preview:large","max-video-preview":"max-video-preview:-1"},"canonical":"https:\/\/tourtravelandmore.com\/fr\/tours\/italie-fr\/venice-fr\/promenade-en-gondole-privee-a-venise\/","og_locale":"fr_FR","og_type":"article","og_title":"Promenade en gondole priv\u00e9e \u00e0 Venise","og_description":"Faire une balade en gondole est l'une des choses incontournables lors de la visite de Venise. Profitez d'une balade totalement priv\u00e9e de 30 minutes dans les meilleures gondoles de Venise.","og_url":"https:\/\/tourtravelandmore.com\/fr\/tours\/italie-fr\/venice-fr\/promenade-en-gondole-privee-a-venise\/","og_site_name":"Tour Travel And More","article_publisher":"https:\/\/www.facebook.com\/tourtravelandmore\/","article_modified_time":"2021-03-09T10:32:31+00:00","og_image":[{"width":960,"height":579,"url":"https:\/\/tourtravelandmore.com\/wp-content\/uploads\/2018\/04\/venice-2930427_960_720.jpg","type":"image\/jpeg"}],"twitter_card":"summary_large_image","twitter_site":"@TourTravel_More","twitter_misc":{"Dur\u00e9e de lecture estim\u00e9e":"2 minutes"},"schema":{"@context":"https:\/\/schema.org","@graph":[{"@type":"WebPage","@id":"https:\/\/tourtravelandmore.com\/fr\/tours\/italie-fr\/venice-fr\/promenade-en-gondole-privee-a-venise\/","url":"https:\/\/tourtravelandmore.com\/fr\/tours\/italie-fr\/venice-fr\/promenade-en-gondole-privee-a-venise\/","name":"Promenade en gondole priv\u00e9e \u00e0 Venise - Visite priv\u00e9e \u00e0 Venise","isPartOf":{"@id":"https:\/\/tourtravelandmore.com\/fr\/#website"},"primaryImageOfPage":{"@id":"https:\/\/tourtravelandmore.com\/fr\/tours\/italie-fr\/venice-fr\/promenade-en-gondole-privee-a-venise\/#primaryimage"},"image":{"@id":"https:\/\/tourtravelandmore.com\/fr\/tours\/italie-fr\/venice-fr\/promenade-en-gondole-privee-a-venise\/#primaryimage"},"thumbnailUrl":"https:\/\/tourtravelandmore.com\/wp-content\/uploads\/2018\/04\/venice-2930427_960_720.jpg","datePublished":"2018-04-05T10:23:46+00:00","dateModified":"2021-03-09T10:32:31+00:00","description":"Faire une balade en gondole est l'une des choses incontournables lors de la visite de Venise. Profitez d'une balade totalement priv\u00e9e de 30 minutes dans les meilleures gondoles de Venise.","breadcrumb":{"@id":"https:\/\/tourtravelandmore.com\/fr\/tours\/italie-fr\/venice-fr\/promenade-en-gondole-privee-a-venise\/#breadcrumb"},"inLanguage":"fr-FR","potentialAction":[{"@type":"ReadAction","target":["https:\/\/tourtravelandmore.com\/fr\/tours\/italie-fr\/venice-fr\/promenade-en-gondole-privee-a-venise\/"]}]},{"@type":"ImageObject","inLanguage":"fr-FR","@id":"https:\/\/tourtravelandmore.com\/fr\/tours\/italie-fr\/venice-fr\/promenade-en-gondole-privee-a-venise\/#primaryimage","url":"https:\/\/tourtravelandmore.com\/wp-content\/uploads\/2018\/04\/venice-2930427_960_720.jpg","contentUrl":"https:\/\/tourtravelandmore.com\/wp-content\/uploads\/2018\/04\/venice-2930427_960_720.jpg","width":960,"height":579},{"@type":"BreadcrumbList","@id":"https:\/\/tourtravelandmore.com\/fr\/tours\/italie-fr\/venice-fr\/promenade-en-gondole-privee-a-venise\/#breadcrumb","itemListElement":[{"@type":"ListItem","position":1,"name":"Home","item":"https:\/\/tourtravelandmore.com\/fr\/"},{"@type":"ListItem","position":2,"name":"Tours","item":"https:\/\/tourtravelandmore.com\/fr\/tours\/"},{"@type":"ListItem","position":3,"name":"Promenade en gondole priv\u00e9e \u00e0 Venise"}]},{"@type":"WebSite","@id":"https:\/\/tourtravelandmore.com\/fr\/#website","url":"https:\/\/tourtravelandmore.com\/fr\/","name":"Tour Travel And More","description":"Private sightseeing tours and luxury transfers in Spain","publisher":{"@id":"https:\/\/tourtravelandmore.com\/fr\/#organization"},"potentialAction":[{"@type":"SearchAction","target":{"@type":"EntryPoint","urlTemplate":"https:\/\/tourtravelandmore.com\/fr\/?s={search_term_string}"},"query-input":{"@type":"PropertyValueSpecification","valueRequired":true,"valueName":"search_term_string"}}],"inLanguage":"fr-FR"},{"@type":"Organization","@id":"https:\/\/tourtravelandmore.com\/fr\/#organization","name":"Tour Travel And More","url":"https:\/\/tourtravelandmore.com\/fr\/","logo":{"@type":"ImageObject","inLanguage":"fr-FR","@id":"https:\/\/tourtravelandmore.com\/fr\/#\/schema\/logo\/image\/","url":"https:\/\/tourtravelandmore.com\/wp-content\/uploads\/2022\/12\/cropped-logo-cabecera-new.png","contentUrl":"https:\/\/tourtravelandmore.com\/wp-content\/uploads\/2022\/12\/cropped-logo-cabecera-new.png","width":430,"height":61,"caption":"Tour Travel And More"},"image":{"@id":"https:\/\/tourtravelandmore.com\/fr\/#\/schema\/logo\/image\/"},"sameAs":["https:\/\/www.facebook.com\/tourtravelandmore\/","https:\/\/x.com\/TourTravel_More"]}]}},"_links":{"self":[{"href":"https:\/\/tourtravelandmore.com\/fr\/wp-json\/wp\/v2\/product\/101805","targetHints":{"allow":["GET"]}}],"collection":[{"href":"https:\/\/tourtravelandmore.com\/fr\/wp-json\/wp\/v2\/product"}],"about":[{"href":"https:\/\/tourtravelandmore.com\/fr\/wp-json\/wp\/v2\/types\/product"}],"replies":[{"embeddable":true,"href":"https:\/\/tourtravelandmore.com\/fr\/wp-json\/wp\/v2\/comments?post=101805"}],"wp:featuredmedia":[{"embeddable":true,"href":"https:\/\/tourtravelandmore.com\/fr\/wp-json\/wp\/v2\/media\/94843"}],"wp:attachment":[{"href":"https:\/\/tourtravelandmore.com\/fr\/wp-json\/wp\/v2\/media?parent=101805"}],"wp:term":[{"taxonomy":"product_brand","embeddable":true,"href":"https:\/\/tourtravelandmore.com\/fr\/wp-json\/wp\/v2\/product_brand?post=101805"},{"taxonomy":"product_cat","embeddable":true,"href":"https:\/\/tourtravelandmore.com\/fr\/wp-json\/wp\/v2\/product_cat?post=101805"},{"taxonomy":"product_tag","embeddable":true,"href":"https:\/\/tourtravelandmore.com\/fr\/wp-json\/wp\/v2\/product_tag?post=101805"}],"curies":[{"name":"wp","href":"https:\/\/api.w.org\/{rel}","templated":true}]}}