{"id":101798,"date":"2018-03-29T12:28:17","date_gmt":"2018-03-29T10:28:17","guid":{"rendered":"https:\/\/tourtravelandmore.com\/tours\/non%20class\u00e9\/transferts-prives-a-venise-depuis-vers-nimporte-quel-endroit-en-bateau\/"},"modified":"2023-04-10T17:35:57","modified_gmt":"2023-04-10T15:35:57","slug":"transferts-prives-a-venise-depuis-vers-nimporte-quel-endroit-en-bateau","status":"publish","type":"product","link":"https:\/\/tourtravelandmore.com\/fr\/tours\/italie-fr\/venice-fr\/private-transfers-fr-7-venice-fr\/transferts-prives-a-venise-depuis-vers-nimporte-quel-endroit-en-bateau\/","title":{"rendered":"Transferts priv\u00e9s \u00e0 Venise &#8211; depuis \/ vers n&#8217;importe quel endroit en bateau"},"content":{"rendered":"<h2>Description<\/h2>\n<p>Profitez d&#8217;une exp\u00e9rience relaxante dans l&#8217;un de nos <strong>bateaux priv\u00e9s<\/strong> avec nos <strong>transferts priv\u00e9s<\/strong> \u00e0 <strong>Venise.<\/strong> Nous vous proposons le moyen le plus rapide et le plus simple d&#8217;atteindre votre <strong>destination finale.<\/strong><\/p>\n<p>Nous proposons tous les types de transferts comme par exemple l&#8217;a\u00e9roport, la gare ou vers toute autre <strong>partie<\/strong> de <strong>l&#8217;\u00eele.<\/strong><\/p>\n<p>Une fois que vous atteignez votre arr\u00eat, notre personnel vous attendra avec un <strong>panneau<\/strong> au terminal\u00a0<strong>d&#8217;arriv\u00e9e.<\/strong> Lors de votre arriv\u00e9e \u00e0 votre destination finale, vous pourrez profiter de la ville de <strong>Venise<\/strong> \u00e0 son meilleur sur un <strong>bateau priv\u00e9.<\/strong><\/p>\n<p>Profitez \u00e9galement des transferts priv\u00e9s de <strong>Venise<\/strong> de votre h\u00f4tel au port de croisi\u00e8re de <strong>Venise<\/strong> ou m\u00eame \u00e0 <strong>Murano<\/strong> et <strong>Burano.<\/strong><\/p>\n<p>Nous proposons \u00e9galement de nombreuses <strong>visites priv\u00e9es<\/strong> dans et depuis <strong>Venise,<\/strong> jetez un \u0153il \u00e0 notre liste de <strong>visites priv\u00e9es.<\/strong><\/p>\n<h2>Sites d&#8217;int\u00e9r\u00eat et points de rep\u00e8re<\/h2>\n<p>Nous proposons des transferts pour les groupes priv\u00e9s et m\u00eame des incentives et grands groupes et nous proposons un service personnalis\u00e9.<\/p>\n<p>Il vous suffit de nous contacter et nous organiserons votre transfert de la meilleure fa\u00e7on possible.<\/p>\n<p>Une fois la r\u00e9servation effectu\u00e9e, vous recevrez un mail de confirmation. Nous aurons alors besoin de vos informations de vol, de l&#8217;heure d&#8217;arriv\u00e9e et de la compagnie a\u00e9rienne, ou de vos informations de croisi\u00e8re. Entre <strong>48 heures et 24 heures<\/strong> avant votre heure d&#8217;arriv\u00e9e, nous aurons besoin d&#8217;une confirmation de tous ces d\u00e9tails pour rendre votre service de transfert parfait.<\/p>\n<p>Nous ne limitons pas le nombre de bagages. Mais nous vous demandons d\u2019indiquer le nombre de bagages avec lesquels vous voyagerez uniquement pour des raisons logistiques. Parfois, un bateau plus grand peut \u00eatre n\u00e9cessaire et des frais suppl\u00e9mentaires peuvent s&#8217;appliquer.<\/p>\n<p><strong>Tour Travel &amp; More<\/strong> propose des visites priv\u00e9es personnalis\u00e9es pour les familles, les groupes d&#8217;amis ou m\u00eame des incentives. Nous adaptons nos circuits \u00e0 vos besoins personnels. Nous comprenons \u00e9galement les besoins de chaque client pendant ses vacances et nous faisons tout notre possible pour rendre votre s\u00e9jour et votre exp\u00e9rience inoubliables.<\/p>\n","protected":false},"excerpt":{"rendered":"<p>Profitez de cette occasion pour profiter de cette fa\u00e7on confortable d&#8217;arriver \u00e0 votre destination finale \u00e0 Venise. Vous disposerez de votre propre bateau de luxe priv\u00e9 avec chauffeur pour vous emmener rapidement et confortablement \u00e0 l&#8217;emplacement de votre choix. Nous pouvons effectuer un transfert priv\u00e9 vers l&#8217;a\u00e9roport, le port de croisi\u00e8re, la gare ou le lieu de votre choix sur l&#8217;\u00eele de Venise.<\/p>\n","protected":false},"featured_media":94831,"comment_status":"open","ping_status":"closed","template":"","meta":{"_acf_changed":false},"product_brand":[],"product_cat":[3710,4317],"product_tag":[],"class_list":{"0":"post-101798","1":"product","2":"type-product","3":"status-publish","4":"has-post-thumbnail","6":"product_cat-venice-fr","7":"product_cat-private-transfers-fr-7-venice-fr","9":"first","10":"instock","11":"shipping-taxable","12":"purchasable","13":"product-type-simple"},"acf":[],"yoast_head":"<!-- This site is optimized with the Yoast SEO Premium plugin v25.3.1 (Yoast SEO v25.3.1) - https:\/\/yoast.com\/wordpress\/plugins\/seo\/ -->\n<title>Transferts priv\u00e9s \u00e0 Venise en bateau de luxe depuis n&#039;importe quelle partie de la ville<\/title>\n<meta name=\"description\" content=\"Moyen confortable d&#039;arriver \u00e0 votre destination finale \u00e0 Venise. Profitez d&#039;un transfert en bateau priv\u00e9 depuis \/ vers l&#039;a\u00e9roport ou le lieu de votre choix dans un bateau priv\u00e9.\" \/>\n<meta name=\"robots\" content=\"index, follow, max-snippet:-1, max-image-preview:large, max-video-preview:-1\" \/>\n<link rel=\"canonical\" href=\"https:\/\/tourtravelandmore.com\/fr\/tours\/italie-fr\/venice-fr\/private-transfers-fr-7-venice-fr\/transferts-prives-a-venise-depuis-vers-nimporte-quel-endroit-en-bateau\/\" \/>\n<meta property=\"og:locale\" content=\"fr_FR\" \/>\n<meta property=\"og:type\" content=\"article\" \/>\n<meta property=\"og:title\" content=\"Transferts priv\u00e9s \u00e0 Venise - depuis \/ vers n&#039;importe quel endroit en bateau\" \/>\n<meta property=\"og:description\" content=\"Moyen confortable d&#039;arriver \u00e0 votre destination finale \u00e0 Venise. Profitez d&#039;un transfert en bateau priv\u00e9 depuis \/ vers l&#039;a\u00e9roport ou le lieu de votre choix dans un bateau priv\u00e9.\" \/>\n<meta property=\"og:url\" content=\"https:\/\/tourtravelandmore.com\/fr\/tours\/italie-fr\/venice-fr\/private-transfers-fr-7-venice-fr\/transferts-prives-a-venise-depuis-vers-nimporte-quel-endroit-en-bateau\/\" \/>\n<meta property=\"og:site_name\" content=\"Tour Travel And More\" \/>\n<meta property=\"article:publisher\" content=\"https:\/\/www.facebook.com\/tourtravelandmore\/\" \/>\n<meta property=\"article:modified_time\" content=\"2023-04-10T15:35:57+00:00\" \/>\n<meta property=\"og:image\" content=\"https:\/\/tourtravelandmore.com\/wp-content\/uploads\/2018\/03\/venezia-1.jpg\" \/>\n\t<meta property=\"og:image:width\" content=\"1900\" \/>\n\t<meta property=\"og:image:height\" content=\"900\" \/>\n\t<meta property=\"og:image:type\" content=\"image\/jpeg\" \/>\n<meta name=\"twitter:card\" content=\"summary_large_image\" \/>\n<meta name=\"twitter:site\" content=\"@TourTravel_More\" \/>\n<meta name=\"twitter:label1\" content=\"Dur\u00e9e de lecture estim\u00e9e\" \/>\n\t<meta name=\"twitter:data1\" content=\"2 minutes\" \/>\n<script type=\"application\/ld+json\" class=\"yoast-schema-graph\">{\"@context\":\"https:\/\/schema.org\",\"@graph\":[{\"@type\":\"WebPage\",\"@id\":\"https:\/\/tourtravelandmore.com\/fr\/tours\/italie-fr\/venice-fr\/private-transfers-fr-7-venice-fr\/transferts-prives-a-venise-depuis-vers-nimporte-quel-endroit-en-bateau\/\",\"url\":\"https:\/\/tourtravelandmore.com\/fr\/tours\/italie-fr\/venice-fr\/private-transfers-fr-7-venice-fr\/transferts-prives-a-venise-depuis-vers-nimporte-quel-endroit-en-bateau\/\",\"name\":\"Transferts priv\u00e9s \u00e0 Venise en bateau de luxe depuis n'importe quelle partie de la ville\",\"isPartOf\":{\"@id\":\"https:\/\/tourtravelandmore.com\/fr\/#website\"},\"primaryImageOfPage\":{\"@id\":\"https:\/\/tourtravelandmore.com\/fr\/tours\/italie-fr\/venice-fr\/private-transfers-fr-7-venice-fr\/transferts-prives-a-venise-depuis-vers-nimporte-quel-endroit-en-bateau\/#primaryimage\"},\"image\":{\"@id\":\"https:\/\/tourtravelandmore.com\/fr\/tours\/italie-fr\/venice-fr\/private-transfers-fr-7-venice-fr\/transferts-prives-a-venise-depuis-vers-nimporte-quel-endroit-en-bateau\/#primaryimage\"},\"thumbnailUrl\":\"https:\/\/tourtravelandmore.com\/wp-content\/uploads\/2018\/03\/venezia-1.jpg\",\"datePublished\":\"2018-03-29T10:28:17+00:00\",\"dateModified\":\"2023-04-10T15:35:57+00:00\",\"description\":\"Moyen confortable d'arriver \u00e0 votre destination finale \u00e0 Venise. Profitez d'un transfert en bateau priv\u00e9 depuis \/ vers l'a\u00e9roport ou le lieu de votre choix dans un bateau priv\u00e9.\",\"breadcrumb\":{\"@id\":\"https:\/\/tourtravelandmore.com\/fr\/tours\/italie-fr\/venice-fr\/private-transfers-fr-7-venice-fr\/transferts-prives-a-venise-depuis-vers-nimporte-quel-endroit-en-bateau\/#breadcrumb\"},\"inLanguage\":\"fr-FR\",\"potentialAction\":[{\"@type\":\"ReadAction\",\"target\":[\"https:\/\/tourtravelandmore.com\/fr\/tours\/italie-fr\/venice-fr\/private-transfers-fr-7-venice-fr\/transferts-prives-a-venise-depuis-vers-nimporte-quel-endroit-en-bateau\/\"]}]},{\"@type\":\"ImageObject\",\"inLanguage\":\"fr-FR\",\"@id\":\"https:\/\/tourtravelandmore.com\/fr\/tours\/italie-fr\/venice-fr\/private-transfers-fr-7-venice-fr\/transferts-prives-a-venise-depuis-vers-nimporte-quel-endroit-en-bateau\/#primaryimage\",\"url\":\"https:\/\/tourtravelandmore.com\/wp-content\/uploads\/2018\/03\/venezia-1.jpg\",\"contentUrl\":\"https:\/\/tourtravelandmore.com\/wp-content\/uploads\/2018\/03\/venezia-1.jpg\",\"width\":1900,\"height\":900},{\"@type\":\"BreadcrumbList\",\"@id\":\"https:\/\/tourtravelandmore.com\/fr\/tours\/italie-fr\/venice-fr\/private-transfers-fr-7-venice-fr\/transferts-prives-a-venise-depuis-vers-nimporte-quel-endroit-en-bateau\/#breadcrumb\",\"itemListElement\":[{\"@type\":\"ListItem\",\"position\":1,\"name\":\"Home\",\"item\":\"https:\/\/tourtravelandmore.com\/fr\/\"},{\"@type\":\"ListItem\",\"position\":2,\"name\":\"Tours\",\"item\":\"https:\/\/tourtravelandmore.com\/fr\/tours\/\"},{\"@type\":\"ListItem\",\"position\":3,\"name\":\"Transferts priv\u00e9s \u00e0 Venise &#8211; depuis \/ vers n&#8217;importe quel endroit en bateau\"}]},{\"@type\":\"WebSite\",\"@id\":\"https:\/\/tourtravelandmore.com\/fr\/#website\",\"url\":\"https:\/\/tourtravelandmore.com\/fr\/\",\"name\":\"Tour Travel And More\",\"description\":\"Private sightseeing tours and luxury transfers in Spain\",\"publisher\":{\"@id\":\"https:\/\/tourtravelandmore.com\/fr\/#organization\"},\"potentialAction\":[{\"@type\":\"SearchAction\",\"target\":{\"@type\":\"EntryPoint\",\"urlTemplate\":\"https:\/\/tourtravelandmore.com\/fr\/?s={search_term_string}\"},\"query-input\":{\"@type\":\"PropertyValueSpecification\",\"valueRequired\":true,\"valueName\":\"search_term_string\"}}],\"inLanguage\":\"fr-FR\"},{\"@type\":\"Organization\",\"@id\":\"https:\/\/tourtravelandmore.com\/fr\/#organization\",\"name\":\"Tour Travel And More\",\"url\":\"https:\/\/tourtravelandmore.com\/fr\/\",\"logo\":{\"@type\":\"ImageObject\",\"inLanguage\":\"fr-FR\",\"@id\":\"https:\/\/tourtravelandmore.com\/fr\/#\/schema\/logo\/image\/\",\"url\":\"https:\/\/tourtravelandmore.com\/wp-content\/uploads\/2022\/12\/cropped-logo-cabecera-new.png\",\"contentUrl\":\"https:\/\/tourtravelandmore.com\/wp-content\/uploads\/2022\/12\/cropped-logo-cabecera-new.png\",\"width\":430,\"height\":61,\"caption\":\"Tour Travel And More\"},\"image\":{\"@id\":\"https:\/\/tourtravelandmore.com\/fr\/#\/schema\/logo\/image\/\"},\"sameAs\":[\"https:\/\/www.facebook.com\/tourtravelandmore\/\",\"https:\/\/x.com\/TourTravel_More\"]}]}<\/script>\n<!-- \/ Yoast SEO Premium plugin. -->","yoast_head_json":{"title":"Transferts priv\u00e9s \u00e0 Venise en bateau de luxe depuis n'importe quelle partie de la ville","description":"Moyen confortable d'arriver \u00e0 votre destination finale \u00e0 Venise. Profitez d'un transfert en bateau priv\u00e9 depuis \/ vers l'a\u00e9roport ou le lieu de votre choix dans un bateau priv\u00e9.","robots":{"index":"index","follow":"follow","max-snippet":"max-snippet:-1","max-image-preview":"max-image-preview:large","max-video-preview":"max-video-preview:-1"},"canonical":"https:\/\/tourtravelandmore.com\/fr\/tours\/italie-fr\/venice-fr\/private-transfers-fr-7-venice-fr\/transferts-prives-a-venise-depuis-vers-nimporte-quel-endroit-en-bateau\/","og_locale":"fr_FR","og_type":"article","og_title":"Transferts priv\u00e9s \u00e0 Venise - depuis \/ vers n'importe quel endroit en bateau","og_description":"Moyen confortable d'arriver \u00e0 votre destination finale \u00e0 Venise. Profitez d'un transfert en bateau priv\u00e9 depuis \/ vers l'a\u00e9roport ou le lieu de votre choix dans un bateau priv\u00e9.","og_url":"https:\/\/tourtravelandmore.com\/fr\/tours\/italie-fr\/venice-fr\/private-transfers-fr-7-venice-fr\/transferts-prives-a-venise-depuis-vers-nimporte-quel-endroit-en-bateau\/","og_site_name":"Tour Travel And More","article_publisher":"https:\/\/www.facebook.com\/tourtravelandmore\/","article_modified_time":"2023-04-10T15:35:57+00:00","og_image":[{"width":1900,"height":900,"url":"https:\/\/tourtravelandmore.com\/wp-content\/uploads\/2018\/03\/venezia-1.jpg","type":"image\/jpeg"}],"twitter_card":"summary_large_image","twitter_site":"@TourTravel_More","twitter_misc":{"Dur\u00e9e de lecture estim\u00e9e":"2 minutes"},"schema":{"@context":"https:\/\/schema.org","@graph":[{"@type":"WebPage","@id":"https:\/\/tourtravelandmore.com\/fr\/tours\/italie-fr\/venice-fr\/private-transfers-fr-7-venice-fr\/transferts-prives-a-venise-depuis-vers-nimporte-quel-endroit-en-bateau\/","url":"https:\/\/tourtravelandmore.com\/fr\/tours\/italie-fr\/venice-fr\/private-transfers-fr-7-venice-fr\/transferts-prives-a-venise-depuis-vers-nimporte-quel-endroit-en-bateau\/","name":"Transferts priv\u00e9s \u00e0 Venise en bateau de luxe depuis n'importe quelle partie de la ville","isPartOf":{"@id":"https:\/\/tourtravelandmore.com\/fr\/#website"},"primaryImageOfPage":{"@id":"https:\/\/tourtravelandmore.com\/fr\/tours\/italie-fr\/venice-fr\/private-transfers-fr-7-venice-fr\/transferts-prives-a-venise-depuis-vers-nimporte-quel-endroit-en-bateau\/#primaryimage"},"image":{"@id":"https:\/\/tourtravelandmore.com\/fr\/tours\/italie-fr\/venice-fr\/private-transfers-fr-7-venice-fr\/transferts-prives-a-venise-depuis-vers-nimporte-quel-endroit-en-bateau\/#primaryimage"},"thumbnailUrl":"https:\/\/tourtravelandmore.com\/wp-content\/uploads\/2018\/03\/venezia-1.jpg","datePublished":"2018-03-29T10:28:17+00:00","dateModified":"2023-04-10T15:35:57+00:00","description":"Moyen confortable d'arriver \u00e0 votre destination finale \u00e0 Venise. Profitez d'un transfert en bateau priv\u00e9 depuis \/ vers l'a\u00e9roport ou le lieu de votre choix dans un bateau priv\u00e9.","breadcrumb":{"@id":"https:\/\/tourtravelandmore.com\/fr\/tours\/italie-fr\/venice-fr\/private-transfers-fr-7-venice-fr\/transferts-prives-a-venise-depuis-vers-nimporte-quel-endroit-en-bateau\/#breadcrumb"},"inLanguage":"fr-FR","potentialAction":[{"@type":"ReadAction","target":["https:\/\/tourtravelandmore.com\/fr\/tours\/italie-fr\/venice-fr\/private-transfers-fr-7-venice-fr\/transferts-prives-a-venise-depuis-vers-nimporte-quel-endroit-en-bateau\/"]}]},{"@type":"ImageObject","inLanguage":"fr-FR","@id":"https:\/\/tourtravelandmore.com\/fr\/tours\/italie-fr\/venice-fr\/private-transfers-fr-7-venice-fr\/transferts-prives-a-venise-depuis-vers-nimporte-quel-endroit-en-bateau\/#primaryimage","url":"https:\/\/tourtravelandmore.com\/wp-content\/uploads\/2018\/03\/venezia-1.jpg","contentUrl":"https:\/\/tourtravelandmore.com\/wp-content\/uploads\/2018\/03\/venezia-1.jpg","width":1900,"height":900},{"@type":"BreadcrumbList","@id":"https:\/\/tourtravelandmore.com\/fr\/tours\/italie-fr\/venice-fr\/private-transfers-fr-7-venice-fr\/transferts-prives-a-venise-depuis-vers-nimporte-quel-endroit-en-bateau\/#breadcrumb","itemListElement":[{"@type":"ListItem","position":1,"name":"Home","item":"https:\/\/tourtravelandmore.com\/fr\/"},{"@type":"ListItem","position":2,"name":"Tours","item":"https:\/\/tourtravelandmore.com\/fr\/tours\/"},{"@type":"ListItem","position":3,"name":"Transferts priv\u00e9s \u00e0 Venise &#8211; depuis \/ vers n&#8217;importe quel endroit en bateau"}]},{"@type":"WebSite","@id":"https:\/\/tourtravelandmore.com\/fr\/#website","url":"https:\/\/tourtravelandmore.com\/fr\/","name":"Tour Travel And More","description":"Private sightseeing tours and luxury transfers in Spain","publisher":{"@id":"https:\/\/tourtravelandmore.com\/fr\/#organization"},"potentialAction":[{"@type":"SearchAction","target":{"@type":"EntryPoint","urlTemplate":"https:\/\/tourtravelandmore.com\/fr\/?s={search_term_string}"},"query-input":{"@type":"PropertyValueSpecification","valueRequired":true,"valueName":"search_term_string"}}],"inLanguage":"fr-FR"},{"@type":"Organization","@id":"https:\/\/tourtravelandmore.com\/fr\/#organization","name":"Tour Travel And More","url":"https:\/\/tourtravelandmore.com\/fr\/","logo":{"@type":"ImageObject","inLanguage":"fr-FR","@id":"https:\/\/tourtravelandmore.com\/fr\/#\/schema\/logo\/image\/","url":"https:\/\/tourtravelandmore.com\/wp-content\/uploads\/2022\/12\/cropped-logo-cabecera-new.png","contentUrl":"https:\/\/tourtravelandmore.com\/wp-content\/uploads\/2022\/12\/cropped-logo-cabecera-new.png","width":430,"height":61,"caption":"Tour Travel And More"},"image":{"@id":"https:\/\/tourtravelandmore.com\/fr\/#\/schema\/logo\/image\/"},"sameAs":["https:\/\/www.facebook.com\/tourtravelandmore\/","https:\/\/x.com\/TourTravel_More"]}]}},"_links":{"self":[{"href":"https:\/\/tourtravelandmore.com\/fr\/wp-json\/wp\/v2\/product\/101798","targetHints":{"allow":["GET"]}}],"collection":[{"href":"https:\/\/tourtravelandmore.com\/fr\/wp-json\/wp\/v2\/product"}],"about":[{"href":"https:\/\/tourtravelandmore.com\/fr\/wp-json\/wp\/v2\/types\/product"}],"replies":[{"embeddable":true,"href":"https:\/\/tourtravelandmore.com\/fr\/wp-json\/wp\/v2\/comments?post=101798"}],"wp:featuredmedia":[{"embeddable":true,"href":"https:\/\/tourtravelandmore.com\/fr\/wp-json\/wp\/v2\/media\/94831"}],"wp:attachment":[{"href":"https:\/\/tourtravelandmore.com\/fr\/wp-json\/wp\/v2\/media?parent=101798"}],"wp:term":[{"taxonomy":"product_brand","embeddable":true,"href":"https:\/\/tourtravelandmore.com\/fr\/wp-json\/wp\/v2\/product_brand?post=101798"},{"taxonomy":"product_cat","embeddable":true,"href":"https:\/\/tourtravelandmore.com\/fr\/wp-json\/wp\/v2\/product_cat?post=101798"},{"taxonomy":"product_tag","embeddable":true,"href":"https:\/\/tourtravelandmore.com\/fr\/wp-json\/wp\/v2\/product_tag?post=101798"}],"curies":[{"name":"wp","href":"https:\/\/api.w.org\/{rel}","templated":true}]}}