{"id":101793,"date":"2018-03-28T15:04:51","date_gmt":"2018-03-28T13:04:51","guid":{"rendered":"https:\/\/tourtravelandmore.com\/tours\/non%20class\u00e9\/visite-privee-des-dolomites-au-depart-de-venise\/"},"modified":"2024-04-25T18:05:18","modified_gmt":"2024-04-25T16:05:18","slug":"visite-privee-des-dolomites-au-depart-de-venise","status":"publish","type":"product","link":"https:\/\/tourtravelandmore.com\/fr\/tours\/italie-fr\/venice-fr\/private-day-trips-fr-13-venice-fr\/visite-privee-des-dolomites-au-depart-de-venise\/","title":{"rendered":"Visite priv\u00e9e des Dolomites au d\u00e9part de Venise"},"content":{"rendered":"<h2>Description<\/h2>\n<p>Au cours de cette <strong>visite priv\u00e9e des Dolomites au d\u00e9part de Venise<\/strong>, vous d\u00e9couvrirez l&#8217;une des plus belles cha\u00eenes de <strong>montagnes<\/strong> de <strong>toute l&#8217;Europe.<\/strong> Rempli de vall\u00e9es verdoyantes et de vues incroyables, vous conduirez autour de ce paysage magnifique. Le service se d\u00e9roulera dans un v\u00e9hicule de luxe priv\u00e9 avec chauffeur.<\/p>\n<p><strong>Venise<\/strong> est la <strong>capitale<\/strong> de la r\u00e9gion nord de la <strong>V\u00e9n\u00e9tie.<\/strong> Compos\u00e9e de plus de 100 petites \u00eeles, la ville est situ\u00e9e dans un lagon de la mer <strong>Adriatique.<\/strong> C&#8217;est l&#8217;une des villes les plus visit\u00e9es d&#8217;Italie.<\/p>\n<p>Les Dolomites sont un site unique, qui a \u00e9t\u00e9 d\u00e9clar\u00e9 par <strong>l&#8217;UNESCO<\/strong> comme site du patrimoine mondial. Il s&#8217;\u00e9tend aux provinces de <strong>Belluno, Bolzano, Trente, Udine<\/strong> et <strong>Pordenone.<\/strong><\/p>\n<p>La dur\u00e9e exacte de la visite est totalement flexible. Vous trouverez ci-dessous notre visite priv\u00e9e des Dolomites au d\u00e9part de Venise pendant 8 heures, mais nous pouvons organiser la dur\u00e9e de la visite exactement comme vous le souhaitez.<\/p>\n<h2>Sites d&#8217;int\u00e9r\u00eat et points de rep\u00e8re<\/h2>\n<p>Votre chauffeur priv\u00e9 viendra vous chercher \u00e0 <strong>Piazzale Roma<\/strong> ou \u00e0 votre h\u00f4tel en dehors du centre historique de Venise. N&#8217;oubliez pas que les v\u00e9hicules ne peuvent pas d\u00e9passer le centre. Si vous pr\u00e9f\u00e9rez, nous pouvons organiser un bateau priv\u00e9 de votre h\u00f4tel \u00e0 <strong>Venise<\/strong> \u00e0 <strong>Piazzale Roma.<\/strong><\/p>\n<p>Vous profiterez d&#8217;une excursion priv\u00e9e d&#8217;une journ\u00e9e dans les <strong>Dolomites<\/strong> avec votre chauffeur priv\u00e9, qui vous conduira dans les magnifiques paysages de la r\u00e9gion.<\/p>\n<p>Tout d&#8217;abord, vous visiterez l&#8217;un des plus beaux villages de la r\u00e9gion, Cortina, qui fut le berceau des <strong>Jeux<\/strong> de ski de <strong>1956.<\/strong> Cette ville est situ\u00e9e dans la province de <strong>Belluno,<\/strong> au milieu des <strong>Alpes Dolomites.<\/strong><\/p>\n<p>Deuxi\u00e8mement, vous continuerez vers le lac <strong>Misurina<\/strong> o\u00f9 vous admirerez ses vues uniques. C&#8217;est un lac de montagne naturel dans la r\u00e9gion des <strong>Dolomites.<\/strong><\/p>\n<p>Apr\u00e8s cela, vous continuerez votre voyage jusqu&#8217;au lac <strong>Auronzo.<\/strong> C&#8217;est un lac artificiel situ\u00e9 pr\u00e8s de la <strong>ville d&#8217;Auronzo<\/strong> di <strong>Cadore.<\/strong><\/p>\n<p>Enfin, votre chauffeur priv\u00e9 vous ram\u00e8nera au pays de <strong>Venise.<\/strong> Si vous \u00eates int\u00e9ress\u00e9, nous pouvons \u00e9galement fournir un guide priv\u00e9 pour toute la visite. Cette visite priv\u00e9e a une dur\u00e9e de 8 heures entre le moment de la prise en charge et le moment du d\u00e9p\u00f4t \u00e0 Venise.<\/p>\n<p>Une autre option d&#8217;une excursion d&#8217;une journ\u00e9e compl\u00e8te au d\u00e9part de Venise est notre <strong>visite priv\u00e9e<\/strong> \u00e0 <strong>V\u00e9rone<\/strong> et <strong>Valpolicella,<\/strong> jetez un coup d&#8217;\u0153il !.<\/p>\n","protected":false},"excerpt":{"rendered":"<p>Visite priv\u00e9e des Dolomites au d\u00e9part de Venise avec un chauffeur parlant anglais. Ne manquez pas l\u2019occasion de d\u00e9couvrir l\u2019une des plus belles r\u00e9gions montagneuses de toute l\u2019Europe \u00e0 l\u2019aise dans un v\u00e9hicule de luxe priv\u00e9.<\/p>\n<p>&nbsp;<\/p>\n","protected":false},"featured_media":94827,"comment_status":"open","ping_status":"closed","template":"","meta":{"_acf_changed":false},"product_brand":[],"product_cat":[3710,4310,4313,4312],"product_tag":[],"class_list":{"0":"post-101793","1":"product","2":"type-product","3":"status-publish","4":"has-post-thumbnail","6":"product_cat-venice-fr","7":"product_cat-all-private-tours-activities-fr-20","8":"product_cat-private-sightseeing-tours-fr-26","9":"product_cat-private-day-trips-fr-13-venice-fr","11":"first","12":"instock","13":"shipping-taxable","14":"purchasable","15":"product-type-simple"},"acf":[],"yoast_head":"<!-- This site is optimized with the Yoast SEO Premium plugin v25.3.1 (Yoast SEO v25.3.1) - https:\/\/yoast.com\/wordpress\/plugins\/seo\/ -->\n<title>Visite priv\u00e9e des Dolomites au d\u00e9part de Venise en v\u00e9hicule de luxe priv\u00e9<\/title>\n<meta name=\"description\" content=\"Profitez de visiter, dans votre v\u00e9hicule de luxe priv\u00e9, l&#039;une des plus belles r\u00e9gions de montagne de toute l&#039;Europe, les Dolomites. Visitez Cortina et le lac Misurina.\" \/>\n<meta name=\"robots\" content=\"index, follow, max-snippet:-1, max-image-preview:large, max-video-preview:-1\" \/>\n<link rel=\"canonical\" href=\"https:\/\/tourtravelandmore.com\/fr\/tours\/italie-fr\/venice-fr\/private-day-trips-fr-13-venice-fr\/visite-privee-des-dolomites-au-depart-de-venise\/\" \/>\n<meta property=\"og:locale\" content=\"fr_FR\" \/>\n<meta property=\"og:type\" content=\"article\" \/>\n<meta property=\"og:title\" content=\"Visite priv\u00e9e des Dolomites au d\u00e9part de Venise\" \/>\n<meta property=\"og:description\" content=\"Profitez de visiter, dans votre v\u00e9hicule de luxe priv\u00e9, l&#039;une des plus belles r\u00e9gions de montagne de toute l&#039;Europe, les Dolomites. Visitez Cortina et le lac Misurina.\" \/>\n<meta property=\"og:url\" content=\"https:\/\/tourtravelandmore.com\/fr\/tours\/italie-fr\/venice-fr\/private-day-trips-fr-13-venice-fr\/visite-privee-des-dolomites-au-depart-de-venise\/\" \/>\n<meta property=\"og:site_name\" content=\"Tour Travel And More\" \/>\n<meta property=\"article:publisher\" content=\"https:\/\/www.facebook.com\/tourtravelandmore\/\" \/>\n<meta property=\"article:modified_time\" content=\"2024-04-25T16:05:18+00:00\" \/>\n<meta property=\"og:image\" content=\"https:\/\/tourtravelandmore.com\/wp-content\/uploads\/2018\/03\/dolomites-2902597_960_720.jpg\" \/>\n\t<meta property=\"og:image:width\" content=\"960\" \/>\n\t<meta property=\"og:image:height\" content=\"638\" \/>\n\t<meta property=\"og:image:type\" content=\"image\/jpeg\" \/>\n<meta name=\"twitter:card\" content=\"summary_large_image\" \/>\n<meta name=\"twitter:site\" content=\"@TourTravel_More\" \/>\n<meta name=\"twitter:label1\" content=\"Dur\u00e9e de lecture estim\u00e9e\" \/>\n\t<meta name=\"twitter:data1\" content=\"2 minutes\" \/>\n<script type=\"application\/ld+json\" class=\"yoast-schema-graph\">{\"@context\":\"https:\/\/schema.org\",\"@graph\":[{\"@type\":\"WebPage\",\"@id\":\"https:\/\/tourtravelandmore.com\/fr\/tours\/italie-fr\/venice-fr\/private-day-trips-fr-13-venice-fr\/visite-privee-des-dolomites-au-depart-de-venise\/\",\"url\":\"https:\/\/tourtravelandmore.com\/fr\/tours\/italie-fr\/venice-fr\/private-day-trips-fr-13-venice-fr\/visite-privee-des-dolomites-au-depart-de-venise\/\",\"name\":\"Visite priv\u00e9e des Dolomites au d\u00e9part de Venise en v\u00e9hicule de luxe priv\u00e9\",\"isPartOf\":{\"@id\":\"https:\/\/tourtravelandmore.com\/fr\/#website\"},\"primaryImageOfPage\":{\"@id\":\"https:\/\/tourtravelandmore.com\/fr\/tours\/italie-fr\/venice-fr\/private-day-trips-fr-13-venice-fr\/visite-privee-des-dolomites-au-depart-de-venise\/#primaryimage\"},\"image\":{\"@id\":\"https:\/\/tourtravelandmore.com\/fr\/tours\/italie-fr\/venice-fr\/private-day-trips-fr-13-venice-fr\/visite-privee-des-dolomites-au-depart-de-venise\/#primaryimage\"},\"thumbnailUrl\":\"https:\/\/tourtravelandmore.com\/wp-content\/uploads\/2018\/03\/dolomites-2902597_960_720.jpg\",\"datePublished\":\"2018-03-28T13:04:51+00:00\",\"dateModified\":\"2024-04-25T16:05:18+00:00\",\"description\":\"Profitez de visiter, dans votre v\u00e9hicule de luxe priv\u00e9, l'une des plus belles r\u00e9gions de montagne de toute l'Europe, les Dolomites. Visitez Cortina et le lac Misurina.\",\"breadcrumb\":{\"@id\":\"https:\/\/tourtravelandmore.com\/fr\/tours\/italie-fr\/venice-fr\/private-day-trips-fr-13-venice-fr\/visite-privee-des-dolomites-au-depart-de-venise\/#breadcrumb\"},\"inLanguage\":\"fr-FR\",\"potentialAction\":[{\"@type\":\"ReadAction\",\"target\":[\"https:\/\/tourtravelandmore.com\/fr\/tours\/italie-fr\/venice-fr\/private-day-trips-fr-13-venice-fr\/visite-privee-des-dolomites-au-depart-de-venise\/\"]}]},{\"@type\":\"ImageObject\",\"inLanguage\":\"fr-FR\",\"@id\":\"https:\/\/tourtravelandmore.com\/fr\/tours\/italie-fr\/venice-fr\/private-day-trips-fr-13-venice-fr\/visite-privee-des-dolomites-au-depart-de-venise\/#primaryimage\",\"url\":\"https:\/\/tourtravelandmore.com\/wp-content\/uploads\/2018\/03\/dolomites-2902597_960_720.jpg\",\"contentUrl\":\"https:\/\/tourtravelandmore.com\/wp-content\/uploads\/2018\/03\/dolomites-2902597_960_720.jpg\",\"width\":960,\"height\":638},{\"@type\":\"BreadcrumbList\",\"@id\":\"https:\/\/tourtravelandmore.com\/fr\/tours\/italie-fr\/venice-fr\/private-day-trips-fr-13-venice-fr\/visite-privee-des-dolomites-au-depart-de-venise\/#breadcrumb\",\"itemListElement\":[{\"@type\":\"ListItem\",\"position\":1,\"name\":\"Home\",\"item\":\"https:\/\/tourtravelandmore.com\/fr\/\"},{\"@type\":\"ListItem\",\"position\":2,\"name\":\"Tours\",\"item\":\"https:\/\/tourtravelandmore.com\/fr\/tours\/\"},{\"@type\":\"ListItem\",\"position\":3,\"name\":\"Visite priv\u00e9e des Dolomites au d\u00e9part de Venise\"}]},{\"@type\":\"WebSite\",\"@id\":\"https:\/\/tourtravelandmore.com\/fr\/#website\",\"url\":\"https:\/\/tourtravelandmore.com\/fr\/\",\"name\":\"Tour Travel And More\",\"description\":\"Private sightseeing tours and luxury transfers in Spain\",\"publisher\":{\"@id\":\"https:\/\/tourtravelandmore.com\/fr\/#organization\"},\"potentialAction\":[{\"@type\":\"SearchAction\",\"target\":{\"@type\":\"EntryPoint\",\"urlTemplate\":\"https:\/\/tourtravelandmore.com\/fr\/?s={search_term_string}\"},\"query-input\":{\"@type\":\"PropertyValueSpecification\",\"valueRequired\":true,\"valueName\":\"search_term_string\"}}],\"inLanguage\":\"fr-FR\"},{\"@type\":\"Organization\",\"@id\":\"https:\/\/tourtravelandmore.com\/fr\/#organization\",\"name\":\"Tour Travel And More\",\"url\":\"https:\/\/tourtravelandmore.com\/fr\/\",\"logo\":{\"@type\":\"ImageObject\",\"inLanguage\":\"fr-FR\",\"@id\":\"https:\/\/tourtravelandmore.com\/fr\/#\/schema\/logo\/image\/\",\"url\":\"https:\/\/tourtravelandmore.com\/wp-content\/uploads\/2022\/12\/cropped-logo-cabecera-new.png\",\"contentUrl\":\"https:\/\/tourtravelandmore.com\/wp-content\/uploads\/2022\/12\/cropped-logo-cabecera-new.png\",\"width\":430,\"height\":61,\"caption\":\"Tour Travel And More\"},\"image\":{\"@id\":\"https:\/\/tourtravelandmore.com\/fr\/#\/schema\/logo\/image\/\"},\"sameAs\":[\"https:\/\/www.facebook.com\/tourtravelandmore\/\",\"https:\/\/x.com\/TourTravel_More\"]}]}<\/script>\n<!-- \/ Yoast SEO Premium plugin. -->","yoast_head_json":{"title":"Visite priv\u00e9e des Dolomites au d\u00e9part de Venise en v\u00e9hicule de luxe priv\u00e9","description":"Profitez de visiter, dans votre v\u00e9hicule de luxe priv\u00e9, l'une des plus belles r\u00e9gions de montagne de toute l'Europe, les Dolomites. Visitez Cortina et le lac Misurina.","robots":{"index":"index","follow":"follow","max-snippet":"max-snippet:-1","max-image-preview":"max-image-preview:large","max-video-preview":"max-video-preview:-1"},"canonical":"https:\/\/tourtravelandmore.com\/fr\/tours\/italie-fr\/venice-fr\/private-day-trips-fr-13-venice-fr\/visite-privee-des-dolomites-au-depart-de-venise\/","og_locale":"fr_FR","og_type":"article","og_title":"Visite priv\u00e9e des Dolomites au d\u00e9part de Venise","og_description":"Profitez de visiter, dans votre v\u00e9hicule de luxe priv\u00e9, l'une des plus belles r\u00e9gions de montagne de toute l'Europe, les Dolomites. Visitez Cortina et le lac Misurina.","og_url":"https:\/\/tourtravelandmore.com\/fr\/tours\/italie-fr\/venice-fr\/private-day-trips-fr-13-venice-fr\/visite-privee-des-dolomites-au-depart-de-venise\/","og_site_name":"Tour Travel And More","article_publisher":"https:\/\/www.facebook.com\/tourtravelandmore\/","article_modified_time":"2024-04-25T16:05:18+00:00","og_image":[{"width":960,"height":638,"url":"https:\/\/tourtravelandmore.com\/wp-content\/uploads\/2018\/03\/dolomites-2902597_960_720.jpg","type":"image\/jpeg"}],"twitter_card":"summary_large_image","twitter_site":"@TourTravel_More","twitter_misc":{"Dur\u00e9e de lecture estim\u00e9e":"2 minutes"},"schema":{"@context":"https:\/\/schema.org","@graph":[{"@type":"WebPage","@id":"https:\/\/tourtravelandmore.com\/fr\/tours\/italie-fr\/venice-fr\/private-day-trips-fr-13-venice-fr\/visite-privee-des-dolomites-au-depart-de-venise\/","url":"https:\/\/tourtravelandmore.com\/fr\/tours\/italie-fr\/venice-fr\/private-day-trips-fr-13-venice-fr\/visite-privee-des-dolomites-au-depart-de-venise\/","name":"Visite priv\u00e9e des Dolomites au d\u00e9part de Venise en v\u00e9hicule de luxe priv\u00e9","isPartOf":{"@id":"https:\/\/tourtravelandmore.com\/fr\/#website"},"primaryImageOfPage":{"@id":"https:\/\/tourtravelandmore.com\/fr\/tours\/italie-fr\/venice-fr\/private-day-trips-fr-13-venice-fr\/visite-privee-des-dolomites-au-depart-de-venise\/#primaryimage"},"image":{"@id":"https:\/\/tourtravelandmore.com\/fr\/tours\/italie-fr\/venice-fr\/private-day-trips-fr-13-venice-fr\/visite-privee-des-dolomites-au-depart-de-venise\/#primaryimage"},"thumbnailUrl":"https:\/\/tourtravelandmore.com\/wp-content\/uploads\/2018\/03\/dolomites-2902597_960_720.jpg","datePublished":"2018-03-28T13:04:51+00:00","dateModified":"2024-04-25T16:05:18+00:00","description":"Profitez de visiter, dans votre v\u00e9hicule de luxe priv\u00e9, l'une des plus belles r\u00e9gions de montagne de toute l'Europe, les Dolomites. Visitez Cortina et le lac Misurina.","breadcrumb":{"@id":"https:\/\/tourtravelandmore.com\/fr\/tours\/italie-fr\/venice-fr\/private-day-trips-fr-13-venice-fr\/visite-privee-des-dolomites-au-depart-de-venise\/#breadcrumb"},"inLanguage":"fr-FR","potentialAction":[{"@type":"ReadAction","target":["https:\/\/tourtravelandmore.com\/fr\/tours\/italie-fr\/venice-fr\/private-day-trips-fr-13-venice-fr\/visite-privee-des-dolomites-au-depart-de-venise\/"]}]},{"@type":"ImageObject","inLanguage":"fr-FR","@id":"https:\/\/tourtravelandmore.com\/fr\/tours\/italie-fr\/venice-fr\/private-day-trips-fr-13-venice-fr\/visite-privee-des-dolomites-au-depart-de-venise\/#primaryimage","url":"https:\/\/tourtravelandmore.com\/wp-content\/uploads\/2018\/03\/dolomites-2902597_960_720.jpg","contentUrl":"https:\/\/tourtravelandmore.com\/wp-content\/uploads\/2018\/03\/dolomites-2902597_960_720.jpg","width":960,"height":638},{"@type":"BreadcrumbList","@id":"https:\/\/tourtravelandmore.com\/fr\/tours\/italie-fr\/venice-fr\/private-day-trips-fr-13-venice-fr\/visite-privee-des-dolomites-au-depart-de-venise\/#breadcrumb","itemListElement":[{"@type":"ListItem","position":1,"name":"Home","item":"https:\/\/tourtravelandmore.com\/fr\/"},{"@type":"ListItem","position":2,"name":"Tours","item":"https:\/\/tourtravelandmore.com\/fr\/tours\/"},{"@type":"ListItem","position":3,"name":"Visite priv\u00e9e des Dolomites au d\u00e9part de Venise"}]},{"@type":"WebSite","@id":"https:\/\/tourtravelandmore.com\/fr\/#website","url":"https:\/\/tourtravelandmore.com\/fr\/","name":"Tour Travel And More","description":"Private sightseeing tours and luxury transfers in Spain","publisher":{"@id":"https:\/\/tourtravelandmore.com\/fr\/#organization"},"potentialAction":[{"@type":"SearchAction","target":{"@type":"EntryPoint","urlTemplate":"https:\/\/tourtravelandmore.com\/fr\/?s={search_term_string}"},"query-input":{"@type":"PropertyValueSpecification","valueRequired":true,"valueName":"search_term_string"}}],"inLanguage":"fr-FR"},{"@type":"Organization","@id":"https:\/\/tourtravelandmore.com\/fr\/#organization","name":"Tour Travel And More","url":"https:\/\/tourtravelandmore.com\/fr\/","logo":{"@type":"ImageObject","inLanguage":"fr-FR","@id":"https:\/\/tourtravelandmore.com\/fr\/#\/schema\/logo\/image\/","url":"https:\/\/tourtravelandmore.com\/wp-content\/uploads\/2022\/12\/cropped-logo-cabecera-new.png","contentUrl":"https:\/\/tourtravelandmore.com\/wp-content\/uploads\/2022\/12\/cropped-logo-cabecera-new.png","width":430,"height":61,"caption":"Tour Travel And More"},"image":{"@id":"https:\/\/tourtravelandmore.com\/fr\/#\/schema\/logo\/image\/"},"sameAs":["https:\/\/www.facebook.com\/tourtravelandmore\/","https:\/\/x.com\/TourTravel_More"]}]}},"_links":{"self":[{"href":"https:\/\/tourtravelandmore.com\/fr\/wp-json\/wp\/v2\/product\/101793","targetHints":{"allow":["GET"]}}],"collection":[{"href":"https:\/\/tourtravelandmore.com\/fr\/wp-json\/wp\/v2\/product"}],"about":[{"href":"https:\/\/tourtravelandmore.com\/fr\/wp-json\/wp\/v2\/types\/product"}],"replies":[{"embeddable":true,"href":"https:\/\/tourtravelandmore.com\/fr\/wp-json\/wp\/v2\/comments?post=101793"}],"wp:featuredmedia":[{"embeddable":true,"href":"https:\/\/tourtravelandmore.com\/fr\/wp-json\/wp\/v2\/media\/94827"}],"wp:attachment":[{"href":"https:\/\/tourtravelandmore.com\/fr\/wp-json\/wp\/v2\/media?parent=101793"}],"wp:term":[{"taxonomy":"product_brand","embeddable":true,"href":"https:\/\/tourtravelandmore.com\/fr\/wp-json\/wp\/v2\/product_brand?post=101793"},{"taxonomy":"product_cat","embeddable":true,"href":"https:\/\/tourtravelandmore.com\/fr\/wp-json\/wp\/v2\/product_cat?post=101793"},{"taxonomy":"product_tag","embeddable":true,"href":"https:\/\/tourtravelandmore.com\/fr\/wp-json\/wp\/v2\/product_tag?post=101793"}],"curies":[{"name":"wp","href":"https:\/\/api.w.org\/{rel}","templated":true}]}}