{"id":101786,"date":"2018-03-28T13:55:04","date_gmt":"2018-03-28T11:55:04","guid":{"rendered":"https:\/\/tourtravelandmore.com\/tours\/non%20class\u00e9\/visite-privee-de-la-galerie-de-lacademie-a-venise\/"},"modified":"2024-04-24T15:09:28","modified_gmt":"2024-04-24T13:09:28","slug":"visite-privee-de-la-galerie-de-lacademie-a-venise","status":"publish","type":"product","link":"https:\/\/tourtravelandmore.com\/fr\/tours\/italie-fr\/venice-fr\/private-walking-tours-fr-9-venice-fr\/visite-privee-de-la-galerie-de-lacademie-a-venise\/","title":{"rendered":"Visite priv\u00e9e de la galerie de l&#8217;Acad\u00e9mie \u00e0 Venise"},"content":{"rendered":"<h2>Description<\/h2>\n<p>Profitez de la visite du mus\u00e9e le plus embl\u00e9matique de <strong>Venise,<\/strong> la <strong>Galerie<\/strong> de <strong>l&#8217;Acad\u00e9mie,<\/strong> pendant 2 heures avec un guide officiel priv\u00e9 sp\u00e9cialis\u00e9 dans l&#8217;art. Comme toutes nos visites, cette visite priv\u00e9e de la <strong>Galerie<\/strong> de <strong>l&#8217;Acad\u00e9mie<\/strong> \u00e0 <strong>Venise<\/strong> est une visite enti\u00e8rement personnalis\u00e9e.<\/p>\n<p><strong>Venise<\/strong> est l&#8217;une des seules villes au monde qui n&#8217;a pas subi de changement de toute son existence. Ce que vous pouvez voir de nos jours \u00e0 <strong>Venise<\/strong> est le m\u00eame que vous pouviez voir (en termes d&#8217;architecture), il y a <strong>600 ans.<\/strong><\/p>\n<p>La galerie de <strong>l&#8217;Acad\u00e9mie<\/strong> est situ\u00e9e dans la <strong>Scuola della Carit\u00e0<\/strong> sur la rive sud du <strong>Grand Canal.<\/strong> C&#8217;est un mus\u00e9e de la galerie d&#8217;art du <strong>pr\u00e9-19e si\u00e8cle.<\/strong><\/p>\n<p>Lors de cette <strong>visite priv\u00e9e<\/strong> de la <strong>galerie Academia<\/strong> \u00e0 <strong>Venise,<\/strong> votre guide priv\u00e9 vous montrera toutes les \u0153uvres d&#8217;art les plus importantes. Vous aurez \u00e0 votre enti\u00e8re disposition un guide priv\u00e9 avec une grande connaissance de <strong>l&#8217;art<\/strong> et de <strong>l&#8217;histoire.<\/strong><\/p>\n<h2>Sites d&#8217;int\u00e9r\u00eat et points de rep\u00e8re<\/h2>\n<p>La galerie de <strong>l&#8217;Acad\u00e9mie<\/strong> refl\u00e8te tout le d\u00e9veloppement de l&#8217;art \u00e0 <strong>Venise<\/strong> des ann\u00e9es <strong>1300<\/strong> aux ann\u00e9es <strong>1800.<\/strong> Au cours de votre visite, vous pourrez voir certaines des meilleures \u0153uvres de la Renaissance d&#8217;artistes comme Bellini, Titian et bien d&#8217;autres.<\/p>\n<p>Tout d&#8217;abord, vous rencontrerez votre guide officiel priv\u00e9 \u00e0 <strong>l&#8217;entr\u00e9e principale<\/strong> de la <strong>galerie<\/strong> \u00e0 <strong>l&#8217;heure souhait\u00e9e.<\/strong> Le <strong>billet d&#8217;entr\u00e9e<\/strong> \u00e0 la galerie de <strong>l&#8217;Acad\u00e9mie<\/strong> est inclus dans le prix de la visite.<\/p>\n<p>Une fois dans la galerie, vous pourrez admirer les \u0153uvres d&#8217;art suivantes:<\/p>\n<ul>\n<li><strong>Transfert du corps de Saint Marc, Tintoret<\/strong><\/li>\n<li><strong>La cr\u00e9ation des animaux, Tintoret<\/strong><\/li>\n<li><strong>La temp\u00eate, Giorgione<\/strong><\/li>\n<li><strong>Banquet chez Levi&#8217;s, Veronese<\/strong><\/li>\n<li><strong>Saint George, Mantegna<\/strong><\/li>\n<li><strong>Arcangel Rafael et Tob\u00edas, Tiziano<\/strong><\/li>\n<li><strong>Pi\u00e9t\u00e9, Tiziano<\/strong><\/li>\n<li><strong>et beaucoup plus!<\/strong><\/li>\n<\/ul>\n<p>Cette <strong>visite priv\u00e9e<\/strong> \u00e0 <strong>pied<\/strong> est parfaite pour ceux qui aiment les arts, la peinture et l&#8217;histoire. <strong>Venise<\/strong> est une ville italienne unique qui ne cesse de vous surprendre.<\/p>\n<p>Enfin, votre guide officiel priv\u00e9 vous d\u00e9posera \u00e0 l&#8217;entr\u00e9e principale de la galerie.<\/p>\n<p>Nous avons diff\u00e9rentes options de <strong>visites priv\u00e9es<\/strong> dans et <strong>depuis Venise,<\/strong> jetez un \u0153il \u00e0 notre liste de visites et <strong>d&#8217;exp\u00e9riences priv\u00e9es.<\/strong><\/p>\n<div id=\"gtx-trans\" style=\"position: absolute; left: -6px; top: 487.625px;\">\n<div class=\"gtx-trans-icon\"><\/div>\n<\/div>\n","protected":false},"excerpt":{"rendered":"<p>Venez avec nous lors de cette visite priv\u00e9e \u00e0 pied de Venise et profitez de la visite, avec un guide officiel priv\u00e9, du mus\u00e9e le plus embl\u00e9matique et le plus repr\u00e9sentatif de Venise. Lors de la visite de la Galerie de l&#8217;Acad\u00e9mie, vous verrez les meilleures \u0153uvres r\u00e9alis\u00e9es \u00e0 Venise de 1300 \u00e0 1800. \u0152uvres de Bellini, Titien et bien d&#8217;autres!<\/p>\n","protected":false},"featured_media":94824,"comment_status":"open","ping_status":"closed","template":"","meta":{"_acf_changed":false},"product_brand":[],"product_cat":[3710,4310,4311],"product_tag":[],"class_list":{"0":"post-101786","1":"product","2":"type-product","3":"status-publish","4":"has-post-thumbnail","6":"product_cat-venice-fr","7":"product_cat-all-private-tours-activities-fr-20","8":"product_cat-private-walking-tours-fr-9-venice-fr","10":"first","11":"instock","12":"shipping-taxable","13":"purchasable","14":"product-type-simple"},"acf":[],"yoast_head":"<!-- This site is optimized with the Yoast SEO Premium plugin v25.3.1 (Yoast SEO v25.3.1) - https:\/\/yoast.com\/wordpress\/plugins\/seo\/ -->\n<title>Visite priv\u00e9e de la galerie de l&#039;Acad\u00e9mie \u00e0 Venise avec un guide local<\/title>\n<meta name=\"description\" content=\"Profitez du mus\u00e9e le plus embl\u00e9matique de Venise avec votre guide priv\u00e9 officiel, sp\u00e9cialis\u00e9 dans l&#039;art, \u00e0 Venise. Apprenez \u00e0 conna\u00eetre l&#039;incroyable art v\u00e9nitien avec un local.\" \/>\n<meta name=\"robots\" content=\"index, follow, max-snippet:-1, max-image-preview:large, max-video-preview:-1\" \/>\n<link rel=\"canonical\" href=\"https:\/\/tourtravelandmore.com\/fr\/tours\/italie-fr\/venice-fr\/private-walking-tours-fr-9-venice-fr\/visite-privee-de-la-galerie-de-lacademie-a-venise\/\" \/>\n<meta property=\"og:locale\" content=\"fr_FR\" \/>\n<meta property=\"og:type\" content=\"article\" \/>\n<meta property=\"og:title\" content=\"Visite priv\u00e9e de la galerie de l&#039;Acad\u00e9mie \u00e0 Venise\" \/>\n<meta property=\"og:description\" content=\"Profitez du mus\u00e9e le plus embl\u00e9matique de Venise avec votre guide priv\u00e9 officiel, sp\u00e9cialis\u00e9 dans l&#039;art, \u00e0 Venise. Apprenez \u00e0 conna\u00eetre l&#039;incroyable art v\u00e9nitien avec un local.\" \/>\n<meta property=\"og:url\" content=\"https:\/\/tourtravelandmore.com\/fr\/tours\/italie-fr\/venice-fr\/private-walking-tours-fr-9-venice-fr\/visite-privee-de-la-galerie-de-lacademie-a-venise\/\" \/>\n<meta property=\"og:site_name\" content=\"Tour Travel And More\" \/>\n<meta property=\"article:publisher\" content=\"https:\/\/www.facebook.com\/tourtravelandmore\/\" \/>\n<meta property=\"article:modified_time\" content=\"2024-04-24T13:09:28+00:00\" \/>\n<meta property=\"og:image\" content=\"https:\/\/tourtravelandmore.com\/wp-content\/uploads\/2018\/03\/galleria-accademia.jpeg\" \/>\n\t<meta property=\"og:image:width\" content=\"880\" \/>\n\t<meta property=\"og:image:height\" content=\"408\" \/>\n\t<meta property=\"og:image:type\" content=\"image\/jpeg\" \/>\n<meta name=\"twitter:card\" content=\"summary_large_image\" \/>\n<meta name=\"twitter:site\" content=\"@TourTravel_More\" \/>\n<meta name=\"twitter:label1\" content=\"Dur\u00e9e de lecture estim\u00e9e\" \/>\n\t<meta name=\"twitter:data1\" content=\"2 minutes\" \/>\n<script type=\"application\/ld+json\" class=\"yoast-schema-graph\">{\"@context\":\"https:\/\/schema.org\",\"@graph\":[{\"@type\":\"WebPage\",\"@id\":\"https:\/\/tourtravelandmore.com\/fr\/tours\/italie-fr\/venice-fr\/private-walking-tours-fr-9-venice-fr\/visite-privee-de-la-galerie-de-lacademie-a-venise\/\",\"url\":\"https:\/\/tourtravelandmore.com\/fr\/tours\/italie-fr\/venice-fr\/private-walking-tours-fr-9-venice-fr\/visite-privee-de-la-galerie-de-lacademie-a-venise\/\",\"name\":\"Visite priv\u00e9e de la galerie de l'Acad\u00e9mie \u00e0 Venise avec un guide local\",\"isPartOf\":{\"@id\":\"https:\/\/tourtravelandmore.com\/fr\/#website\"},\"primaryImageOfPage\":{\"@id\":\"https:\/\/tourtravelandmore.com\/fr\/tours\/italie-fr\/venice-fr\/private-walking-tours-fr-9-venice-fr\/visite-privee-de-la-galerie-de-lacademie-a-venise\/#primaryimage\"},\"image\":{\"@id\":\"https:\/\/tourtravelandmore.com\/fr\/tours\/italie-fr\/venice-fr\/private-walking-tours-fr-9-venice-fr\/visite-privee-de-la-galerie-de-lacademie-a-venise\/#primaryimage\"},\"thumbnailUrl\":\"https:\/\/tourtravelandmore.com\/wp-content\/uploads\/2018\/03\/galleria-accademia.jpeg\",\"datePublished\":\"2018-03-28T11:55:04+00:00\",\"dateModified\":\"2024-04-24T13:09:28+00:00\",\"description\":\"Profitez du mus\u00e9e le plus embl\u00e9matique de Venise avec votre guide priv\u00e9 officiel, sp\u00e9cialis\u00e9 dans l'art, \u00e0 Venise. Apprenez \u00e0 conna\u00eetre l'incroyable art v\u00e9nitien avec un local.\",\"breadcrumb\":{\"@id\":\"https:\/\/tourtravelandmore.com\/fr\/tours\/italie-fr\/venice-fr\/private-walking-tours-fr-9-venice-fr\/visite-privee-de-la-galerie-de-lacademie-a-venise\/#breadcrumb\"},\"inLanguage\":\"fr-FR\",\"potentialAction\":[{\"@type\":\"ReadAction\",\"target\":[\"https:\/\/tourtravelandmore.com\/fr\/tours\/italie-fr\/venice-fr\/private-walking-tours-fr-9-venice-fr\/visite-privee-de-la-galerie-de-lacademie-a-venise\/\"]}]},{\"@type\":\"ImageObject\",\"inLanguage\":\"fr-FR\",\"@id\":\"https:\/\/tourtravelandmore.com\/fr\/tours\/italie-fr\/venice-fr\/private-walking-tours-fr-9-venice-fr\/visite-privee-de-la-galerie-de-lacademie-a-venise\/#primaryimage\",\"url\":\"https:\/\/tourtravelandmore.com\/wp-content\/uploads\/2018\/03\/galleria-accademia.jpeg\",\"contentUrl\":\"https:\/\/tourtravelandmore.com\/wp-content\/uploads\/2018\/03\/galleria-accademia.jpeg\",\"width\":880,\"height\":408},{\"@type\":\"BreadcrumbList\",\"@id\":\"https:\/\/tourtravelandmore.com\/fr\/tours\/italie-fr\/venice-fr\/private-walking-tours-fr-9-venice-fr\/visite-privee-de-la-galerie-de-lacademie-a-venise\/#breadcrumb\",\"itemListElement\":[{\"@type\":\"ListItem\",\"position\":1,\"name\":\"Home\",\"item\":\"https:\/\/tourtravelandmore.com\/fr\/\"},{\"@type\":\"ListItem\",\"position\":2,\"name\":\"Tours\",\"item\":\"https:\/\/tourtravelandmore.com\/fr\/tours\/\"},{\"@type\":\"ListItem\",\"position\":3,\"name\":\"Visite priv\u00e9e de la galerie de l&#8217;Acad\u00e9mie \u00e0 Venise\"}]},{\"@type\":\"WebSite\",\"@id\":\"https:\/\/tourtravelandmore.com\/fr\/#website\",\"url\":\"https:\/\/tourtravelandmore.com\/fr\/\",\"name\":\"Tour Travel And More\",\"description\":\"Private sightseeing tours and luxury transfers in Spain\",\"publisher\":{\"@id\":\"https:\/\/tourtravelandmore.com\/fr\/#organization\"},\"potentialAction\":[{\"@type\":\"SearchAction\",\"target\":{\"@type\":\"EntryPoint\",\"urlTemplate\":\"https:\/\/tourtravelandmore.com\/fr\/?s={search_term_string}\"},\"query-input\":{\"@type\":\"PropertyValueSpecification\",\"valueRequired\":true,\"valueName\":\"search_term_string\"}}],\"inLanguage\":\"fr-FR\"},{\"@type\":\"Organization\",\"@id\":\"https:\/\/tourtravelandmore.com\/fr\/#organization\",\"name\":\"Tour Travel And More\",\"url\":\"https:\/\/tourtravelandmore.com\/fr\/\",\"logo\":{\"@type\":\"ImageObject\",\"inLanguage\":\"fr-FR\",\"@id\":\"https:\/\/tourtravelandmore.com\/fr\/#\/schema\/logo\/image\/\",\"url\":\"https:\/\/tourtravelandmore.com\/wp-content\/uploads\/2022\/12\/cropped-logo-cabecera-new.png\",\"contentUrl\":\"https:\/\/tourtravelandmore.com\/wp-content\/uploads\/2022\/12\/cropped-logo-cabecera-new.png\",\"width\":430,\"height\":61,\"caption\":\"Tour Travel And More\"},\"image\":{\"@id\":\"https:\/\/tourtravelandmore.com\/fr\/#\/schema\/logo\/image\/\"},\"sameAs\":[\"https:\/\/www.facebook.com\/tourtravelandmore\/\",\"https:\/\/x.com\/TourTravel_More\"]}]}<\/script>\n<!-- \/ Yoast SEO Premium plugin. -->","yoast_head_json":{"title":"Visite priv\u00e9e de la galerie de l'Acad\u00e9mie \u00e0 Venise avec un guide local","description":"Profitez du mus\u00e9e le plus embl\u00e9matique de Venise avec votre guide priv\u00e9 officiel, sp\u00e9cialis\u00e9 dans l'art, \u00e0 Venise. Apprenez \u00e0 conna\u00eetre l'incroyable art v\u00e9nitien avec un local.","robots":{"index":"index","follow":"follow","max-snippet":"max-snippet:-1","max-image-preview":"max-image-preview:large","max-video-preview":"max-video-preview:-1"},"canonical":"https:\/\/tourtravelandmore.com\/fr\/tours\/italie-fr\/venice-fr\/private-walking-tours-fr-9-venice-fr\/visite-privee-de-la-galerie-de-lacademie-a-venise\/","og_locale":"fr_FR","og_type":"article","og_title":"Visite priv\u00e9e de la galerie de l'Acad\u00e9mie \u00e0 Venise","og_description":"Profitez du mus\u00e9e le plus embl\u00e9matique de Venise avec votre guide priv\u00e9 officiel, sp\u00e9cialis\u00e9 dans l'art, \u00e0 Venise. Apprenez \u00e0 conna\u00eetre l'incroyable art v\u00e9nitien avec un local.","og_url":"https:\/\/tourtravelandmore.com\/fr\/tours\/italie-fr\/venice-fr\/private-walking-tours-fr-9-venice-fr\/visite-privee-de-la-galerie-de-lacademie-a-venise\/","og_site_name":"Tour Travel And More","article_publisher":"https:\/\/www.facebook.com\/tourtravelandmore\/","article_modified_time":"2024-04-24T13:09:28+00:00","og_image":[{"width":880,"height":408,"url":"https:\/\/tourtravelandmore.com\/wp-content\/uploads\/2018\/03\/galleria-accademia.jpeg","type":"image\/jpeg"}],"twitter_card":"summary_large_image","twitter_site":"@TourTravel_More","twitter_misc":{"Dur\u00e9e de lecture estim\u00e9e":"2 minutes"},"schema":{"@context":"https:\/\/schema.org","@graph":[{"@type":"WebPage","@id":"https:\/\/tourtravelandmore.com\/fr\/tours\/italie-fr\/venice-fr\/private-walking-tours-fr-9-venice-fr\/visite-privee-de-la-galerie-de-lacademie-a-venise\/","url":"https:\/\/tourtravelandmore.com\/fr\/tours\/italie-fr\/venice-fr\/private-walking-tours-fr-9-venice-fr\/visite-privee-de-la-galerie-de-lacademie-a-venise\/","name":"Visite priv\u00e9e de la galerie de l'Acad\u00e9mie \u00e0 Venise avec un guide local","isPartOf":{"@id":"https:\/\/tourtravelandmore.com\/fr\/#website"},"primaryImageOfPage":{"@id":"https:\/\/tourtravelandmore.com\/fr\/tours\/italie-fr\/venice-fr\/private-walking-tours-fr-9-venice-fr\/visite-privee-de-la-galerie-de-lacademie-a-venise\/#primaryimage"},"image":{"@id":"https:\/\/tourtravelandmore.com\/fr\/tours\/italie-fr\/venice-fr\/private-walking-tours-fr-9-venice-fr\/visite-privee-de-la-galerie-de-lacademie-a-venise\/#primaryimage"},"thumbnailUrl":"https:\/\/tourtravelandmore.com\/wp-content\/uploads\/2018\/03\/galleria-accademia.jpeg","datePublished":"2018-03-28T11:55:04+00:00","dateModified":"2024-04-24T13:09:28+00:00","description":"Profitez du mus\u00e9e le plus embl\u00e9matique de Venise avec votre guide priv\u00e9 officiel, sp\u00e9cialis\u00e9 dans l'art, \u00e0 Venise. Apprenez \u00e0 conna\u00eetre l'incroyable art v\u00e9nitien avec un local.","breadcrumb":{"@id":"https:\/\/tourtravelandmore.com\/fr\/tours\/italie-fr\/venice-fr\/private-walking-tours-fr-9-venice-fr\/visite-privee-de-la-galerie-de-lacademie-a-venise\/#breadcrumb"},"inLanguage":"fr-FR","potentialAction":[{"@type":"ReadAction","target":["https:\/\/tourtravelandmore.com\/fr\/tours\/italie-fr\/venice-fr\/private-walking-tours-fr-9-venice-fr\/visite-privee-de-la-galerie-de-lacademie-a-venise\/"]}]},{"@type":"ImageObject","inLanguage":"fr-FR","@id":"https:\/\/tourtravelandmore.com\/fr\/tours\/italie-fr\/venice-fr\/private-walking-tours-fr-9-venice-fr\/visite-privee-de-la-galerie-de-lacademie-a-venise\/#primaryimage","url":"https:\/\/tourtravelandmore.com\/wp-content\/uploads\/2018\/03\/galleria-accademia.jpeg","contentUrl":"https:\/\/tourtravelandmore.com\/wp-content\/uploads\/2018\/03\/galleria-accademia.jpeg","width":880,"height":408},{"@type":"BreadcrumbList","@id":"https:\/\/tourtravelandmore.com\/fr\/tours\/italie-fr\/venice-fr\/private-walking-tours-fr-9-venice-fr\/visite-privee-de-la-galerie-de-lacademie-a-venise\/#breadcrumb","itemListElement":[{"@type":"ListItem","position":1,"name":"Home","item":"https:\/\/tourtravelandmore.com\/fr\/"},{"@type":"ListItem","position":2,"name":"Tours","item":"https:\/\/tourtravelandmore.com\/fr\/tours\/"},{"@type":"ListItem","position":3,"name":"Visite priv\u00e9e de la galerie de l&#8217;Acad\u00e9mie \u00e0 Venise"}]},{"@type":"WebSite","@id":"https:\/\/tourtravelandmore.com\/fr\/#website","url":"https:\/\/tourtravelandmore.com\/fr\/","name":"Tour Travel And More","description":"Private sightseeing tours and luxury transfers in Spain","publisher":{"@id":"https:\/\/tourtravelandmore.com\/fr\/#organization"},"potentialAction":[{"@type":"SearchAction","target":{"@type":"EntryPoint","urlTemplate":"https:\/\/tourtravelandmore.com\/fr\/?s={search_term_string}"},"query-input":{"@type":"PropertyValueSpecification","valueRequired":true,"valueName":"search_term_string"}}],"inLanguage":"fr-FR"},{"@type":"Organization","@id":"https:\/\/tourtravelandmore.com\/fr\/#organization","name":"Tour Travel And More","url":"https:\/\/tourtravelandmore.com\/fr\/","logo":{"@type":"ImageObject","inLanguage":"fr-FR","@id":"https:\/\/tourtravelandmore.com\/fr\/#\/schema\/logo\/image\/","url":"https:\/\/tourtravelandmore.com\/wp-content\/uploads\/2022\/12\/cropped-logo-cabecera-new.png","contentUrl":"https:\/\/tourtravelandmore.com\/wp-content\/uploads\/2022\/12\/cropped-logo-cabecera-new.png","width":430,"height":61,"caption":"Tour Travel And More"},"image":{"@id":"https:\/\/tourtravelandmore.com\/fr\/#\/schema\/logo\/image\/"},"sameAs":["https:\/\/www.facebook.com\/tourtravelandmore\/","https:\/\/x.com\/TourTravel_More"]}]}},"_links":{"self":[{"href":"https:\/\/tourtravelandmore.com\/fr\/wp-json\/wp\/v2\/product\/101786","targetHints":{"allow":["GET"]}}],"collection":[{"href":"https:\/\/tourtravelandmore.com\/fr\/wp-json\/wp\/v2\/product"}],"about":[{"href":"https:\/\/tourtravelandmore.com\/fr\/wp-json\/wp\/v2\/types\/product"}],"replies":[{"embeddable":true,"href":"https:\/\/tourtravelandmore.com\/fr\/wp-json\/wp\/v2\/comments?post=101786"}],"wp:featuredmedia":[{"embeddable":true,"href":"https:\/\/tourtravelandmore.com\/fr\/wp-json\/wp\/v2\/media\/94824"}],"wp:attachment":[{"href":"https:\/\/tourtravelandmore.com\/fr\/wp-json\/wp\/v2\/media?parent=101786"}],"wp:term":[{"taxonomy":"product_brand","embeddable":true,"href":"https:\/\/tourtravelandmore.com\/fr\/wp-json\/wp\/v2\/product_brand?post=101786"},{"taxonomy":"product_cat","embeddable":true,"href":"https:\/\/tourtravelandmore.com\/fr\/wp-json\/wp\/v2\/product_cat?post=101786"},{"taxonomy":"product_tag","embeddable":true,"href":"https:\/\/tourtravelandmore.com\/fr\/wp-json\/wp\/v2\/product_tag?post=101786"}],"curies":[{"name":"wp","href":"https:\/\/api.w.org\/{rel}","templated":true}]}}