{"id":101781,"date":"2018-03-23T16:27:44","date_gmt":"2018-03-23T15:27:44","guid":{"rendered":"https:\/\/tourtravelandmore.com\/tours\/non%20class\u00e9\/visite-privee-de-venise-depuis-le-port-de-croisiere\/"},"modified":"2024-04-24T15:07:08","modified_gmt":"2024-04-24T13:07:08","slug":"visite-privee-de-venise-depuis-le-port-de-croisiere","status":"publish","type":"product","link":"https:\/\/tourtravelandmore.com\/fr\/tours\/italie-fr\/venice-fr\/private-sightseeing-tours-fr-26\/visite-privee-de-venise-depuis-le-port-de-croisiere\/","title":{"rendered":"Visite priv\u00e9e de Venise depuis le port de croisi\u00e8re"},"content":{"rendered":"<h2>Description<\/h2>\n<p>Si vous arrivez \u00e0 <strong>Venise<\/strong> avec votre <strong>bateau<\/strong> de <strong>croisi\u00e8re,<\/strong> cette <strong>visite priv\u00e9e<\/strong> de <strong>Venise depuis<\/strong> le <strong>port<\/strong> de croisi\u00e8re est l&#8217;option parfaite pour vous. Nous organiserons un <strong>bateau priv\u00e9<\/strong> de <strong>votre bateau<\/strong> au centre historique de <strong>Venise,<\/strong> puis un <strong>transfert priv\u00e9<\/strong> pour le retour. Une fois \u00e0 <strong>Venise,<\/strong> vous profiterez d&#8217;une visite guid\u00e9e de <strong>3<\/strong> <strong>heures<\/strong> avec un <strong>guide officiel priv\u00e9.<\/strong><\/p>\n<p>Venise est la capitale de la r\u00e9gion nord de la <strong>V\u00e9n\u00e9tie.<\/strong> Compos\u00e9e de plus de <strong>100 petites<\/strong> \u00eeles, la ville est situ\u00e9e dans un lagon de la <strong>mer Adriatique.<\/strong> C&#8217;est l&#8217;une des villes les plus visit\u00e9es d&#8217;Italie. Chaque ann\u00e9e, ils c\u00e9l\u00e8brent leur carnaval tr\u00e8s connu au cours du mois de f\u00e9vrier.<\/p>\n<p>Avec cette visite priv\u00e9e de Venise depuis le port de croisi\u00e8re, vous aurez l&#8217;occasion de vous promener dans l&#8217;une des <strong>villes<\/strong> les plus <strong>visit\u00e9es d&#8217;Italie.<\/strong> C&#8217;est l&#8217;option parfaite pour ceux qui n&#8217;ont que quelques heures pour <strong>visiter Venise.<\/strong><\/p>\n<p>Si vous n&#8217;\u00eates pas int\u00e9ress\u00e9 par un transfert en bateau priv\u00e9, nous pouvons \u00e9galement vous donner l&#8217;option d&#8217;une simple <strong>visite priv\u00e9e<\/strong> \u00e0 <strong>pied<\/strong> de <strong>Venise,<\/strong> jetez un \u0153il !.<\/p>\n<h2>Sites d&#8217;int\u00e9r\u00eat et points de rep\u00e8re<\/h2>\n<p><strong>Venise<\/strong> est une ville pleine d&#8217;art, <strong>d&#8217;architecture,<\/strong> de ponts et de belles vues et vous pourrez v\u00e9rifier tout cela avec cette visite priv\u00e9e.<\/p>\n<p>Votre premier contact avec <strong>Tour Travel &amp; More<\/strong> se fera au terminal de croisi\u00e8re o\u00f9 votre bateau priv\u00e9 vous attendra. La prise en charge se fera \u00e0 l&#8217;heure souhait\u00e9e.<\/p>\n<p>Une fois \u00e0 Venise, vous rencontrerez votre guide officiel pour une visite guid\u00e9e de <strong>3 heures<\/strong>. Parmi d&#8217;autres monuments et sites que vous pourrez d\u00e9couvrir lors de cette visite priv\u00e9e de Venise:<\/p>\n<ul>\n<li><strong>Place Saint-Marc<\/strong><\/li>\n<li><strong>Basilique Saint-Marc<\/strong><\/li>\n<li><strong>Pont du Rialto<\/strong><\/li>\n<li><strong>Grand Canal<\/strong><\/li>\n<li><strong>Galerie de l&#8217;Acad\u00e9mie<\/strong><\/li>\n<li><strong>Pont des curiosit\u00e9s<\/strong><\/li>\n<li><strong>Palais des Doges<\/strong><\/li>\n<li><strong>Beaucoup plus!<\/strong><\/li>\n<\/ul>\n<p>Chaque guide est un guide officiel de Venise et est non seulement agr\u00e9\u00e9 mais aussi un guide professionnel avec une grande connaissance de la ville et de son histoire. Nous pouvons inclure des <strong>billets d&#8217;entr\u00e9e<\/strong> \u00e0 <strong>tout monument<\/strong> ou mus\u00e9e que vous souhaitez visiter.<\/p>\n<p>Si vous souhaitez vivre une exp\u00e9rience totale, nous pouvons organiser une balade en gondole de 30 minutes rien que pour vous et votre groupe. Il vous suffit de nous contacter et de nous dire ce que vous esp\u00e9rez voir lors de cette visite et nous organiserons tout pour vous.<\/p>\n<p><strong>Enfin, vous prendrez un bateau priv\u00e9 pour retourner \u00e0 votre bateau de croisi\u00e8re au port de croisi\u00e8re de Venise.<\/strong><\/p>\n","protected":false},"excerpt":{"rendered":"<p>Cruises vous donne la possibilit\u00e9 de visiter diff\u00e9rentes villes. Profitez de cette visite priv\u00e9e de Venise o\u00f9 vous pourrez visiter la place Saint-Marc, la basilique Saint-Marc, le pont du Rialto et bien plus encore !. Transport priv\u00e9 depuis et vers le port de croisi\u00e8re de Venise inclus.<\/p>\n","protected":false},"featured_media":94818,"comment_status":"open","ping_status":"closed","template":"","meta":{"_acf_changed":false},"product_brand":[],"product_cat":[3710,4310,4313,4314],"product_tag":[],"class_list":{"0":"post-101781","1":"product","2":"type-product","3":"status-publish","4":"has-post-thumbnail","6":"product_cat-venice-fr","7":"product_cat-all-private-tours-activities-fr-20","8":"product_cat-private-sightseeing-tours-fr-26","9":"product_cat-private-shore-excursions-fr-10-venice-fr","11":"first","12":"instock","13":"shipping-taxable","14":"purchasable","15":"product-type-simple"},"acf":[],"yoast_head":"<!-- This site is optimized with the Yoast SEO Premium plugin v25.3.1 (Yoast SEO v25.3.1) - https:\/\/yoast.com\/wordpress\/plugins\/seo\/ -->\n<title>Excursion \u00e0 terre: visite priv\u00e9e de Venise depuis le port de croisi\u00e8re<\/title>\n<meta name=\"description\" content=\"Profitez de cette visite priv\u00e9e de Venise depuis le port de croisi\u00e8re avec un guide local et visitez les lieux et monuments les plus importants de cette ville unique.\" \/>\n<meta name=\"robots\" content=\"index, follow, max-snippet:-1, max-image-preview:large, max-video-preview:-1\" \/>\n<link rel=\"canonical\" href=\"https:\/\/tourtravelandmore.com\/fr\/tours\/italie-fr\/venice-fr\/private-sightseeing-tours-fr-26\/visite-privee-de-venise-depuis-le-port-de-croisiere\/\" \/>\n<meta property=\"og:locale\" content=\"fr_FR\" \/>\n<meta property=\"og:type\" content=\"article\" \/>\n<meta property=\"og:title\" content=\"Visite priv\u00e9e de Venise depuis le port de croisi\u00e8re\" \/>\n<meta property=\"og:description\" content=\"Profitez de cette visite priv\u00e9e de Venise depuis le port de croisi\u00e8re avec un guide local et visitez les lieux et monuments les plus importants de cette ville unique.\" \/>\n<meta property=\"og:url\" content=\"https:\/\/tourtravelandmore.com\/fr\/tours\/italie-fr\/venice-fr\/private-sightseeing-tours-fr-26\/visite-privee-de-venise-depuis-le-port-de-croisiere\/\" \/>\n<meta property=\"og:site_name\" content=\"Tour Travel And More\" \/>\n<meta property=\"article:publisher\" content=\"https:\/\/www.facebook.com\/tourtravelandmore\/\" \/>\n<meta property=\"article:modified_time\" content=\"2024-04-24T13:07:08+00:00\" \/>\n<meta property=\"og:image\" content=\"https:\/\/tourtravelandmore.com\/wp-content\/uploads\/2018\/03\/Best-Things-to-do-in-Venice-Italy-1163x775.jpg\" \/>\n\t<meta property=\"og:image:width\" content=\"1163\" \/>\n\t<meta property=\"og:image:height\" content=\"775\" \/>\n\t<meta property=\"og:image:type\" content=\"image\/jpeg\" \/>\n<meta name=\"twitter:card\" content=\"summary_large_image\" \/>\n<meta name=\"twitter:site\" content=\"@TourTravel_More\" \/>\n<meta name=\"twitter:label1\" content=\"Dur\u00e9e de lecture estim\u00e9e\" \/>\n\t<meta name=\"twitter:data1\" content=\"2 minutes\" \/>\n<script type=\"application\/ld+json\" class=\"yoast-schema-graph\">{\"@context\":\"https:\/\/schema.org\",\"@graph\":[{\"@type\":\"WebPage\",\"@id\":\"https:\/\/tourtravelandmore.com\/fr\/tours\/italie-fr\/venice-fr\/private-sightseeing-tours-fr-26\/visite-privee-de-venise-depuis-le-port-de-croisiere\/\",\"url\":\"https:\/\/tourtravelandmore.com\/fr\/tours\/italie-fr\/venice-fr\/private-sightseeing-tours-fr-26\/visite-privee-de-venise-depuis-le-port-de-croisiere\/\",\"name\":\"Excursion \u00e0 terre: visite priv\u00e9e de Venise depuis le port de croisi\u00e8re\",\"isPartOf\":{\"@id\":\"https:\/\/tourtravelandmore.com\/fr\/#website\"},\"primaryImageOfPage\":{\"@id\":\"https:\/\/tourtravelandmore.com\/fr\/tours\/italie-fr\/venice-fr\/private-sightseeing-tours-fr-26\/visite-privee-de-venise-depuis-le-port-de-croisiere\/#primaryimage\"},\"image\":{\"@id\":\"https:\/\/tourtravelandmore.com\/fr\/tours\/italie-fr\/venice-fr\/private-sightseeing-tours-fr-26\/visite-privee-de-venise-depuis-le-port-de-croisiere\/#primaryimage\"},\"thumbnailUrl\":\"https:\/\/tourtravelandmore.com\/wp-content\/uploads\/2018\/03\/Best-Things-to-do-in-Venice-Italy-1163x775.jpg\",\"datePublished\":\"2018-03-23T15:27:44+00:00\",\"dateModified\":\"2024-04-24T13:07:08+00:00\",\"description\":\"Profitez de cette visite priv\u00e9e de Venise depuis le port de croisi\u00e8re avec un guide local et visitez les lieux et monuments les plus importants de cette ville unique.\",\"breadcrumb\":{\"@id\":\"https:\/\/tourtravelandmore.com\/fr\/tours\/italie-fr\/venice-fr\/private-sightseeing-tours-fr-26\/visite-privee-de-venise-depuis-le-port-de-croisiere\/#breadcrumb\"},\"inLanguage\":\"fr-FR\",\"potentialAction\":[{\"@type\":\"ReadAction\",\"target\":[\"https:\/\/tourtravelandmore.com\/fr\/tours\/italie-fr\/venice-fr\/private-sightseeing-tours-fr-26\/visite-privee-de-venise-depuis-le-port-de-croisiere\/\"]}]},{\"@type\":\"ImageObject\",\"inLanguage\":\"fr-FR\",\"@id\":\"https:\/\/tourtravelandmore.com\/fr\/tours\/italie-fr\/venice-fr\/private-sightseeing-tours-fr-26\/visite-privee-de-venise-depuis-le-port-de-croisiere\/#primaryimage\",\"url\":\"https:\/\/tourtravelandmore.com\/wp-content\/uploads\/2018\/03\/Best-Things-to-do-in-Venice-Italy-1163x775.jpg\",\"contentUrl\":\"https:\/\/tourtravelandmore.com\/wp-content\/uploads\/2018\/03\/Best-Things-to-do-in-Venice-Italy-1163x775.jpg\",\"width\":1163,\"height\":775},{\"@type\":\"BreadcrumbList\",\"@id\":\"https:\/\/tourtravelandmore.com\/fr\/tours\/italie-fr\/venice-fr\/private-sightseeing-tours-fr-26\/visite-privee-de-venise-depuis-le-port-de-croisiere\/#breadcrumb\",\"itemListElement\":[{\"@type\":\"ListItem\",\"position\":1,\"name\":\"Home\",\"item\":\"https:\/\/tourtravelandmore.com\/fr\/\"},{\"@type\":\"ListItem\",\"position\":2,\"name\":\"Tours\",\"item\":\"https:\/\/tourtravelandmore.com\/fr\/tours\/\"},{\"@type\":\"ListItem\",\"position\":3,\"name\":\"Visite priv\u00e9e de Venise depuis le port de croisi\u00e8re\"}]},{\"@type\":\"WebSite\",\"@id\":\"https:\/\/tourtravelandmore.com\/fr\/#website\",\"url\":\"https:\/\/tourtravelandmore.com\/fr\/\",\"name\":\"Tour Travel And More\",\"description\":\"Private sightseeing tours and luxury transfers in Spain\",\"publisher\":{\"@id\":\"https:\/\/tourtravelandmore.com\/fr\/#organization\"},\"potentialAction\":[{\"@type\":\"SearchAction\",\"target\":{\"@type\":\"EntryPoint\",\"urlTemplate\":\"https:\/\/tourtravelandmore.com\/fr\/?s={search_term_string}\"},\"query-input\":{\"@type\":\"PropertyValueSpecification\",\"valueRequired\":true,\"valueName\":\"search_term_string\"}}],\"inLanguage\":\"fr-FR\"},{\"@type\":\"Organization\",\"@id\":\"https:\/\/tourtravelandmore.com\/fr\/#organization\",\"name\":\"Tour Travel And More\",\"url\":\"https:\/\/tourtravelandmore.com\/fr\/\",\"logo\":{\"@type\":\"ImageObject\",\"inLanguage\":\"fr-FR\",\"@id\":\"https:\/\/tourtravelandmore.com\/fr\/#\/schema\/logo\/image\/\",\"url\":\"https:\/\/tourtravelandmore.com\/wp-content\/uploads\/2022\/12\/cropped-logo-cabecera-new.png\",\"contentUrl\":\"https:\/\/tourtravelandmore.com\/wp-content\/uploads\/2022\/12\/cropped-logo-cabecera-new.png\",\"width\":430,\"height\":61,\"caption\":\"Tour Travel And More\"},\"image\":{\"@id\":\"https:\/\/tourtravelandmore.com\/fr\/#\/schema\/logo\/image\/\"},\"sameAs\":[\"https:\/\/www.facebook.com\/tourtravelandmore\/\",\"https:\/\/x.com\/TourTravel_More\"]}]}<\/script>\n<!-- \/ Yoast SEO Premium plugin. -->","yoast_head_json":{"title":"Excursion \u00e0 terre: visite priv\u00e9e de Venise depuis le port de croisi\u00e8re","description":"Profitez de cette visite priv\u00e9e de Venise depuis le port de croisi\u00e8re avec un guide local et visitez les lieux et monuments les plus importants de cette ville unique.","robots":{"index":"index","follow":"follow","max-snippet":"max-snippet:-1","max-image-preview":"max-image-preview:large","max-video-preview":"max-video-preview:-1"},"canonical":"https:\/\/tourtravelandmore.com\/fr\/tours\/italie-fr\/venice-fr\/private-sightseeing-tours-fr-26\/visite-privee-de-venise-depuis-le-port-de-croisiere\/","og_locale":"fr_FR","og_type":"article","og_title":"Visite priv\u00e9e de Venise depuis le port de croisi\u00e8re","og_description":"Profitez de cette visite priv\u00e9e de Venise depuis le port de croisi\u00e8re avec un guide local et visitez les lieux et monuments les plus importants de cette ville unique.","og_url":"https:\/\/tourtravelandmore.com\/fr\/tours\/italie-fr\/venice-fr\/private-sightseeing-tours-fr-26\/visite-privee-de-venise-depuis-le-port-de-croisiere\/","og_site_name":"Tour Travel And More","article_publisher":"https:\/\/www.facebook.com\/tourtravelandmore\/","article_modified_time":"2024-04-24T13:07:08+00:00","og_image":[{"width":1163,"height":775,"url":"https:\/\/tourtravelandmore.com\/wp-content\/uploads\/2018\/03\/Best-Things-to-do-in-Venice-Italy-1163x775.jpg","type":"image\/jpeg"}],"twitter_card":"summary_large_image","twitter_site":"@TourTravel_More","twitter_misc":{"Dur\u00e9e de lecture estim\u00e9e":"2 minutes"},"schema":{"@context":"https:\/\/schema.org","@graph":[{"@type":"WebPage","@id":"https:\/\/tourtravelandmore.com\/fr\/tours\/italie-fr\/venice-fr\/private-sightseeing-tours-fr-26\/visite-privee-de-venise-depuis-le-port-de-croisiere\/","url":"https:\/\/tourtravelandmore.com\/fr\/tours\/italie-fr\/venice-fr\/private-sightseeing-tours-fr-26\/visite-privee-de-venise-depuis-le-port-de-croisiere\/","name":"Excursion \u00e0 terre: visite priv\u00e9e de Venise depuis le port de croisi\u00e8re","isPartOf":{"@id":"https:\/\/tourtravelandmore.com\/fr\/#website"},"primaryImageOfPage":{"@id":"https:\/\/tourtravelandmore.com\/fr\/tours\/italie-fr\/venice-fr\/private-sightseeing-tours-fr-26\/visite-privee-de-venise-depuis-le-port-de-croisiere\/#primaryimage"},"image":{"@id":"https:\/\/tourtravelandmore.com\/fr\/tours\/italie-fr\/venice-fr\/private-sightseeing-tours-fr-26\/visite-privee-de-venise-depuis-le-port-de-croisiere\/#primaryimage"},"thumbnailUrl":"https:\/\/tourtravelandmore.com\/wp-content\/uploads\/2018\/03\/Best-Things-to-do-in-Venice-Italy-1163x775.jpg","datePublished":"2018-03-23T15:27:44+00:00","dateModified":"2024-04-24T13:07:08+00:00","description":"Profitez de cette visite priv\u00e9e de Venise depuis le port de croisi\u00e8re avec un guide local et visitez les lieux et monuments les plus importants de cette ville unique.","breadcrumb":{"@id":"https:\/\/tourtravelandmore.com\/fr\/tours\/italie-fr\/venice-fr\/private-sightseeing-tours-fr-26\/visite-privee-de-venise-depuis-le-port-de-croisiere\/#breadcrumb"},"inLanguage":"fr-FR","potentialAction":[{"@type":"ReadAction","target":["https:\/\/tourtravelandmore.com\/fr\/tours\/italie-fr\/venice-fr\/private-sightseeing-tours-fr-26\/visite-privee-de-venise-depuis-le-port-de-croisiere\/"]}]},{"@type":"ImageObject","inLanguage":"fr-FR","@id":"https:\/\/tourtravelandmore.com\/fr\/tours\/italie-fr\/venice-fr\/private-sightseeing-tours-fr-26\/visite-privee-de-venise-depuis-le-port-de-croisiere\/#primaryimage","url":"https:\/\/tourtravelandmore.com\/wp-content\/uploads\/2018\/03\/Best-Things-to-do-in-Venice-Italy-1163x775.jpg","contentUrl":"https:\/\/tourtravelandmore.com\/wp-content\/uploads\/2018\/03\/Best-Things-to-do-in-Venice-Italy-1163x775.jpg","width":1163,"height":775},{"@type":"BreadcrumbList","@id":"https:\/\/tourtravelandmore.com\/fr\/tours\/italie-fr\/venice-fr\/private-sightseeing-tours-fr-26\/visite-privee-de-venise-depuis-le-port-de-croisiere\/#breadcrumb","itemListElement":[{"@type":"ListItem","position":1,"name":"Home","item":"https:\/\/tourtravelandmore.com\/fr\/"},{"@type":"ListItem","position":2,"name":"Tours","item":"https:\/\/tourtravelandmore.com\/fr\/tours\/"},{"@type":"ListItem","position":3,"name":"Visite priv\u00e9e de Venise depuis le port de croisi\u00e8re"}]},{"@type":"WebSite","@id":"https:\/\/tourtravelandmore.com\/fr\/#website","url":"https:\/\/tourtravelandmore.com\/fr\/","name":"Tour Travel And More","description":"Private sightseeing tours and luxury transfers in Spain","publisher":{"@id":"https:\/\/tourtravelandmore.com\/fr\/#organization"},"potentialAction":[{"@type":"SearchAction","target":{"@type":"EntryPoint","urlTemplate":"https:\/\/tourtravelandmore.com\/fr\/?s={search_term_string}"},"query-input":{"@type":"PropertyValueSpecification","valueRequired":true,"valueName":"search_term_string"}}],"inLanguage":"fr-FR"},{"@type":"Organization","@id":"https:\/\/tourtravelandmore.com\/fr\/#organization","name":"Tour Travel And More","url":"https:\/\/tourtravelandmore.com\/fr\/","logo":{"@type":"ImageObject","inLanguage":"fr-FR","@id":"https:\/\/tourtravelandmore.com\/fr\/#\/schema\/logo\/image\/","url":"https:\/\/tourtravelandmore.com\/wp-content\/uploads\/2022\/12\/cropped-logo-cabecera-new.png","contentUrl":"https:\/\/tourtravelandmore.com\/wp-content\/uploads\/2022\/12\/cropped-logo-cabecera-new.png","width":430,"height":61,"caption":"Tour Travel And More"},"image":{"@id":"https:\/\/tourtravelandmore.com\/fr\/#\/schema\/logo\/image\/"},"sameAs":["https:\/\/www.facebook.com\/tourtravelandmore\/","https:\/\/x.com\/TourTravel_More"]}]}},"_links":{"self":[{"href":"https:\/\/tourtravelandmore.com\/fr\/wp-json\/wp\/v2\/product\/101781","targetHints":{"allow":["GET"]}}],"collection":[{"href":"https:\/\/tourtravelandmore.com\/fr\/wp-json\/wp\/v2\/product"}],"about":[{"href":"https:\/\/tourtravelandmore.com\/fr\/wp-json\/wp\/v2\/types\/product"}],"replies":[{"embeddable":true,"href":"https:\/\/tourtravelandmore.com\/fr\/wp-json\/wp\/v2\/comments?post=101781"}],"wp:featuredmedia":[{"embeddable":true,"href":"https:\/\/tourtravelandmore.com\/fr\/wp-json\/wp\/v2\/media\/94818"}],"wp:attachment":[{"href":"https:\/\/tourtravelandmore.com\/fr\/wp-json\/wp\/v2\/media?parent=101781"}],"wp:term":[{"taxonomy":"product_brand","embeddable":true,"href":"https:\/\/tourtravelandmore.com\/fr\/wp-json\/wp\/v2\/product_brand?post=101781"},{"taxonomy":"product_cat","embeddable":true,"href":"https:\/\/tourtravelandmore.com\/fr\/wp-json\/wp\/v2\/product_cat?post=101781"},{"taxonomy":"product_tag","embeddable":true,"href":"https:\/\/tourtravelandmore.com\/fr\/wp-json\/wp\/v2\/product_tag?post=101781"}],"curies":[{"name":"wp","href":"https:\/\/api.w.org\/{rel}","templated":true}]}}