{"id":101774,"date":"2018-03-19T15:30:25","date_gmt":"2018-03-19T14:30:25","guid":{"rendered":"https:\/\/tourtravelandmore.com\/tours\/non%20class\u00e9\/visite-privee-a-pied-de-venise\/"},"modified":"2024-04-25T15:19:33","modified_gmt":"2024-04-25T13:19:33","slug":"visite-privee-a-pied-de-venise","status":"publish","type":"product","link":"https:\/\/tourtravelandmore.com\/fr\/tours\/italie-fr\/venice-fr\/private-walking-tours-fr-9-venice-fr\/visite-privee-a-pied-de-venise\/","title":{"rendered":"Visite priv\u00e9e \u00e0 pied de Venise"},"content":{"rendered":"<h2>Description<\/h2>\n<p>Profitez de la grande architecture de <strong>Venise<\/strong> et des sites magnifiques lors de cette visite priv\u00e9e \u00e0 pied de <strong>Venise<\/strong> avec votre propre guide officiel priv\u00e9.<\/p>\n<p>Venise est la capitale de la r\u00e9gion nord de la <strong>V\u00e9n\u00e9tie.<\/strong> Compos\u00e9e de plus de <strong>100 petites<\/strong>\u00a0<strong>\u00eeles,<\/strong> la ville est situ\u00e9e dans un lagon de la mer Adriatique. C&#8217;est <strong>l&#8217;une<\/strong> des <strong>villes<\/strong> les plus <strong>visit\u00e9es d&#8217;Italie.<\/strong> Chaque ann\u00e9e, ils c\u00e9l\u00e8brent leur carnaval tr\u00e8s connu au cours du mois de f\u00e9vrier.<\/p>\n<p>Venise a une histoire tr\u00e8s longue et int\u00e9ressante, elle a \u00e9t\u00e9 gouvern\u00e9e par diff\u00e9rentes familles et groupes (l&#8217;un des meilleurs moments de la ville \u00e9tait quand elle \u00e9tait gouvern\u00e9e par les <strong>Byzantins).<\/strong><\/p>\n<p>\u00c9tant une visite \u00e0 pied, nous vous recommandons de commencer la visite \u00e0 un point de rencontre situ\u00e9 au centre de <strong>Venise.<\/strong> Nous recommandons g\u00e9n\u00e9ralement une <strong>visite<\/strong> \u00e0 <strong>pied<\/strong> de 4 heures, mais bien s\u00fbr, si vous souhaitez inclure plus d&#8217;heures, il vous suffit de nous mentionner.<\/p>\n<p>Si vous \u00eates int\u00e9ress\u00e9 par l&#8217;art, vous ne pouvez pas manquer notre visite priv\u00e9e \u00e0 pied de 2 heures de la galerie de l&#8217;Acad\u00e9mie.<\/p>\n<h2>Sites d&#8217;int\u00e9r\u00eat et points de rep\u00e8re<\/h2>\n<p><strong>Venise<\/strong> est l&#8217;une des seules villes au monde qui n&#8217;a pas subi de changement de toute son existence. Ce que vous pouvez voir de nos jours \u00e0 <strong>Venise<\/strong> est le m\u00eame que vous pouviez voir (en termes d&#8217;architecture), il y a <strong>600 ans.<\/strong><\/p>\n<p>Tout d&#8217;abord, vous rencontrerez <strong>votre guide officiel priv\u00e9<\/strong> dans votre h\u00f4tel ou place centrale de l&#8217;\u00eele de <strong>Venise.<\/strong> Comme il s&#8217;agit d&#8217;une visite priv\u00e9e, vous pouvez commencer l&#8217;exp\u00e9rience \u00e0 l&#8217;heure souhait\u00e9e.<\/p>\n<p>Parmi d&#8217;autres monuments et sites que vous pourrez d\u00e9couvrir lors de cette visite priv\u00e9e \u00e0 pied de <strong>Venise:<\/strong><\/p>\n<ul>\n<li><strong>Place Saint-Marc<\/strong><\/li>\n<li><strong>Basilique Saint-Marc<\/strong><\/li>\n<li><strong>Pont du Rialto<\/strong><\/li>\n<li><strong>Grand Canal<\/strong><\/li>\n<li><strong>Galerie de l&#8217;Acad\u00e9mie<\/strong><\/li>\n<li><strong>Pont des curiosit\u00e9s<\/strong><\/li>\n<li><strong>Palais des Doges<\/strong><\/li>\n<li><strong>Beaucoup plus!<\/strong><\/li>\n<\/ul>\n<p>Chaque guide est un guide officiel de Venise et est non seulement agr\u00e9\u00e9 mais aussi un guide professionnel avec une grande connaissance de la ville et de son histoire. Nous pouvons inclure des billets d&#8217;entr\u00e9e \u00e0 tout monument ou mus\u00e9e que vous souhaitez visiter.<\/p>\n<p>Si vous souhaitez vivre une exp\u00e9rience totale, nous pouvons organiser une balade en gondole de 30 minutes rien que pour vous et votre groupe. Il vous suffit de nous contacter et de nous dire ce que vous esp\u00e9rez voir lors de cette visite et nous organiserons tout pour vous.<\/p>\n<p>Enfin, votre guide officiel priv\u00e9 vous d\u00e9posera dans un lieu central de Venise.<\/p>\n","protected":false},"excerpt":{"rendered":"<p>Profitez au maximum de votre s\u00e9jour \u00e0 Venise et profitez de cette visite priv\u00e9e \u00e0 pied o\u00f9 vous visiterez ses monuments et sites les plus importants. Ne manquez pas une chance de conna\u00eetre Venise et tout ce qu&#8217;elle a \u00e0 offrir \u00e0 c\u00f4t\u00e9 de votre guide professionnel priv\u00e9 officiel.<\/p>\n","protected":false},"featured_media":94800,"comment_status":"open","ping_status":"closed","template":"","meta":{"_acf_changed":false},"product_brand":[],"product_cat":[3710,4310,4312,4311],"product_tag":[],"class_list":{"0":"post-101774","1":"product","2":"type-product","3":"status-publish","4":"has-post-thumbnail","6":"product_cat-venice-fr","7":"product_cat-all-private-tours-activities-fr-20","8":"product_cat-private-day-trips-fr-13-venice-fr","9":"product_cat-private-walking-tours-fr-9-venice-fr","11":"first","12":"instock","13":"shipping-taxable","14":"purchasable","15":"product-type-simple"},"acf":[],"yoast_head":"<!-- This site is optimized with the Yoast SEO Premium plugin v25.3.1 (Yoast SEO v25.3.1) - https:\/\/yoast.com\/wordpress\/plugins\/seo\/ -->\n<title>Visite priv\u00e9e \u00e0 pied de Venise avec un guide officiel local<\/title>\n<meta name=\"description\" content=\"Profitez de la grande architecture de Venise et des sites magnifiques lors de cette visite priv\u00e9e \u00e0 pied avec votre propre guide officiel priv\u00e9. Apprenez \u00e0 conna\u00eetre son histoire.\" \/>\n<meta name=\"robots\" content=\"index, follow, max-snippet:-1, max-image-preview:large, max-video-preview:-1\" \/>\n<link rel=\"canonical\" href=\"https:\/\/tourtravelandmore.com\/fr\/tours\/italie-fr\/venice-fr\/private-walking-tours-fr-9-venice-fr\/visite-privee-a-pied-de-venise\/\" \/>\n<meta property=\"og:locale\" content=\"fr_FR\" \/>\n<meta property=\"og:type\" content=\"article\" \/>\n<meta property=\"og:title\" content=\"Visite priv\u00e9e \u00e0 pied de Venise\" \/>\n<meta property=\"og:description\" content=\"Profitez de la grande architecture de Venise et des sites magnifiques lors de cette visite priv\u00e9e \u00e0 pied avec votre propre guide officiel priv\u00e9. Apprenez \u00e0 conna\u00eetre son histoire.\" \/>\n<meta property=\"og:url\" content=\"https:\/\/tourtravelandmore.com\/fr\/tours\/italie-fr\/venice-fr\/private-walking-tours-fr-9-venice-fr\/visite-privee-a-pied-de-venise\/\" \/>\n<meta property=\"og:site_name\" content=\"Tour Travel And More\" \/>\n<meta property=\"article:publisher\" content=\"https:\/\/www.facebook.com\/tourtravelandmore\/\" \/>\n<meta property=\"article:modified_time\" content=\"2024-04-25T13:19:33+00:00\" \/>\n<meta property=\"og:image\" content=\"https:\/\/tourtravelandmore.com\/wp-content\/uploads\/2018\/03\/rialto.jpg\" \/>\n\t<meta property=\"og:image:width\" content=\"1024\" \/>\n\t<meta property=\"og:image:height\" content=\"563\" \/>\n\t<meta property=\"og:image:type\" content=\"image\/jpeg\" \/>\n<meta name=\"twitter:card\" content=\"summary_large_image\" \/>\n<meta name=\"twitter:site\" content=\"@TourTravel_More\" \/>\n<meta name=\"twitter:label1\" content=\"Dur\u00e9e de lecture estim\u00e9e\" \/>\n\t<meta name=\"twitter:data1\" content=\"3 minutes\" \/>\n<script type=\"application\/ld+json\" class=\"yoast-schema-graph\">{\"@context\":\"https:\/\/schema.org\",\"@graph\":[{\"@type\":\"WebPage\",\"@id\":\"https:\/\/tourtravelandmore.com\/fr\/tours\/italie-fr\/venice-fr\/private-walking-tours-fr-9-venice-fr\/visite-privee-a-pied-de-venise\/\",\"url\":\"https:\/\/tourtravelandmore.com\/fr\/tours\/italie-fr\/venice-fr\/private-walking-tours-fr-9-venice-fr\/visite-privee-a-pied-de-venise\/\",\"name\":\"Visite priv\u00e9e \u00e0 pied de Venise avec un guide officiel local\",\"isPartOf\":{\"@id\":\"https:\/\/tourtravelandmore.com\/fr\/#website\"},\"primaryImageOfPage\":{\"@id\":\"https:\/\/tourtravelandmore.com\/fr\/tours\/italie-fr\/venice-fr\/private-walking-tours-fr-9-venice-fr\/visite-privee-a-pied-de-venise\/#primaryimage\"},\"image\":{\"@id\":\"https:\/\/tourtravelandmore.com\/fr\/tours\/italie-fr\/venice-fr\/private-walking-tours-fr-9-venice-fr\/visite-privee-a-pied-de-venise\/#primaryimage\"},\"thumbnailUrl\":\"https:\/\/tourtravelandmore.com\/wp-content\/uploads\/2018\/03\/rialto.jpg\",\"datePublished\":\"2018-03-19T14:30:25+00:00\",\"dateModified\":\"2024-04-25T13:19:33+00:00\",\"description\":\"Profitez de la grande architecture de Venise et des sites magnifiques lors de cette visite priv\u00e9e \u00e0 pied avec votre propre guide officiel priv\u00e9. Apprenez \u00e0 conna\u00eetre son histoire.\",\"breadcrumb\":{\"@id\":\"https:\/\/tourtravelandmore.com\/fr\/tours\/italie-fr\/venice-fr\/private-walking-tours-fr-9-venice-fr\/visite-privee-a-pied-de-venise\/#breadcrumb\"},\"inLanguage\":\"fr-FR\",\"potentialAction\":[{\"@type\":\"ReadAction\",\"target\":[\"https:\/\/tourtravelandmore.com\/fr\/tours\/italie-fr\/venice-fr\/private-walking-tours-fr-9-venice-fr\/visite-privee-a-pied-de-venise\/\"]}]},{\"@type\":\"ImageObject\",\"inLanguage\":\"fr-FR\",\"@id\":\"https:\/\/tourtravelandmore.com\/fr\/tours\/italie-fr\/venice-fr\/private-walking-tours-fr-9-venice-fr\/visite-privee-a-pied-de-venise\/#primaryimage\",\"url\":\"https:\/\/tourtravelandmore.com\/wp-content\/uploads\/2018\/03\/rialto.jpg\",\"contentUrl\":\"https:\/\/tourtravelandmore.com\/wp-content\/uploads\/2018\/03\/rialto.jpg\",\"width\":1024,\"height\":563},{\"@type\":\"BreadcrumbList\",\"@id\":\"https:\/\/tourtravelandmore.com\/fr\/tours\/italie-fr\/venice-fr\/private-walking-tours-fr-9-venice-fr\/visite-privee-a-pied-de-venise\/#breadcrumb\",\"itemListElement\":[{\"@type\":\"ListItem\",\"position\":1,\"name\":\"Home\",\"item\":\"https:\/\/tourtravelandmore.com\/fr\/\"},{\"@type\":\"ListItem\",\"position\":2,\"name\":\"Tours\",\"item\":\"https:\/\/tourtravelandmore.com\/fr\/tours\/\"},{\"@type\":\"ListItem\",\"position\":3,\"name\":\"Visite priv\u00e9e \u00e0 pied de Venise\"}]},{\"@type\":\"WebSite\",\"@id\":\"https:\/\/tourtravelandmore.com\/fr\/#website\",\"url\":\"https:\/\/tourtravelandmore.com\/fr\/\",\"name\":\"Tour Travel And More\",\"description\":\"Private sightseeing tours and luxury transfers in Spain\",\"publisher\":{\"@id\":\"https:\/\/tourtravelandmore.com\/fr\/#organization\"},\"potentialAction\":[{\"@type\":\"SearchAction\",\"target\":{\"@type\":\"EntryPoint\",\"urlTemplate\":\"https:\/\/tourtravelandmore.com\/fr\/?s={search_term_string}\"},\"query-input\":{\"@type\":\"PropertyValueSpecification\",\"valueRequired\":true,\"valueName\":\"search_term_string\"}}],\"inLanguage\":\"fr-FR\"},{\"@type\":\"Organization\",\"@id\":\"https:\/\/tourtravelandmore.com\/fr\/#organization\",\"name\":\"Tour Travel And More\",\"url\":\"https:\/\/tourtravelandmore.com\/fr\/\",\"logo\":{\"@type\":\"ImageObject\",\"inLanguage\":\"fr-FR\",\"@id\":\"https:\/\/tourtravelandmore.com\/fr\/#\/schema\/logo\/image\/\",\"url\":\"https:\/\/tourtravelandmore.com\/wp-content\/uploads\/2022\/12\/cropped-logo-cabecera-new.png\",\"contentUrl\":\"https:\/\/tourtravelandmore.com\/wp-content\/uploads\/2022\/12\/cropped-logo-cabecera-new.png\",\"width\":430,\"height\":61,\"caption\":\"Tour Travel And More\"},\"image\":{\"@id\":\"https:\/\/tourtravelandmore.com\/fr\/#\/schema\/logo\/image\/\"},\"sameAs\":[\"https:\/\/www.facebook.com\/tourtravelandmore\/\",\"https:\/\/x.com\/TourTravel_More\"]}]}<\/script>\n<!-- \/ Yoast SEO Premium plugin. -->","yoast_head_json":{"title":"Visite priv\u00e9e \u00e0 pied de Venise avec un guide officiel local","description":"Profitez de la grande architecture de Venise et des sites magnifiques lors de cette visite priv\u00e9e \u00e0 pied avec votre propre guide officiel priv\u00e9. Apprenez \u00e0 conna\u00eetre son histoire.","robots":{"index":"index","follow":"follow","max-snippet":"max-snippet:-1","max-image-preview":"max-image-preview:large","max-video-preview":"max-video-preview:-1"},"canonical":"https:\/\/tourtravelandmore.com\/fr\/tours\/italie-fr\/venice-fr\/private-walking-tours-fr-9-venice-fr\/visite-privee-a-pied-de-venise\/","og_locale":"fr_FR","og_type":"article","og_title":"Visite priv\u00e9e \u00e0 pied de Venise","og_description":"Profitez de la grande architecture de Venise et des sites magnifiques lors de cette visite priv\u00e9e \u00e0 pied avec votre propre guide officiel priv\u00e9. Apprenez \u00e0 conna\u00eetre son histoire.","og_url":"https:\/\/tourtravelandmore.com\/fr\/tours\/italie-fr\/venice-fr\/private-walking-tours-fr-9-venice-fr\/visite-privee-a-pied-de-venise\/","og_site_name":"Tour Travel And More","article_publisher":"https:\/\/www.facebook.com\/tourtravelandmore\/","article_modified_time":"2024-04-25T13:19:33+00:00","og_image":[{"width":1024,"height":563,"url":"https:\/\/tourtravelandmore.com\/wp-content\/uploads\/2018\/03\/rialto.jpg","type":"image\/jpeg"}],"twitter_card":"summary_large_image","twitter_site":"@TourTravel_More","twitter_misc":{"Dur\u00e9e de lecture estim\u00e9e":"3 minutes"},"schema":{"@context":"https:\/\/schema.org","@graph":[{"@type":"WebPage","@id":"https:\/\/tourtravelandmore.com\/fr\/tours\/italie-fr\/venice-fr\/private-walking-tours-fr-9-venice-fr\/visite-privee-a-pied-de-venise\/","url":"https:\/\/tourtravelandmore.com\/fr\/tours\/italie-fr\/venice-fr\/private-walking-tours-fr-9-venice-fr\/visite-privee-a-pied-de-venise\/","name":"Visite priv\u00e9e \u00e0 pied de Venise avec un guide officiel local","isPartOf":{"@id":"https:\/\/tourtravelandmore.com\/fr\/#website"},"primaryImageOfPage":{"@id":"https:\/\/tourtravelandmore.com\/fr\/tours\/italie-fr\/venice-fr\/private-walking-tours-fr-9-venice-fr\/visite-privee-a-pied-de-venise\/#primaryimage"},"image":{"@id":"https:\/\/tourtravelandmore.com\/fr\/tours\/italie-fr\/venice-fr\/private-walking-tours-fr-9-venice-fr\/visite-privee-a-pied-de-venise\/#primaryimage"},"thumbnailUrl":"https:\/\/tourtravelandmore.com\/wp-content\/uploads\/2018\/03\/rialto.jpg","datePublished":"2018-03-19T14:30:25+00:00","dateModified":"2024-04-25T13:19:33+00:00","description":"Profitez de la grande architecture de Venise et des sites magnifiques lors de cette visite priv\u00e9e \u00e0 pied avec votre propre guide officiel priv\u00e9. Apprenez \u00e0 conna\u00eetre son histoire.","breadcrumb":{"@id":"https:\/\/tourtravelandmore.com\/fr\/tours\/italie-fr\/venice-fr\/private-walking-tours-fr-9-venice-fr\/visite-privee-a-pied-de-venise\/#breadcrumb"},"inLanguage":"fr-FR","potentialAction":[{"@type":"ReadAction","target":["https:\/\/tourtravelandmore.com\/fr\/tours\/italie-fr\/venice-fr\/private-walking-tours-fr-9-venice-fr\/visite-privee-a-pied-de-venise\/"]}]},{"@type":"ImageObject","inLanguage":"fr-FR","@id":"https:\/\/tourtravelandmore.com\/fr\/tours\/italie-fr\/venice-fr\/private-walking-tours-fr-9-venice-fr\/visite-privee-a-pied-de-venise\/#primaryimage","url":"https:\/\/tourtravelandmore.com\/wp-content\/uploads\/2018\/03\/rialto.jpg","contentUrl":"https:\/\/tourtravelandmore.com\/wp-content\/uploads\/2018\/03\/rialto.jpg","width":1024,"height":563},{"@type":"BreadcrumbList","@id":"https:\/\/tourtravelandmore.com\/fr\/tours\/italie-fr\/venice-fr\/private-walking-tours-fr-9-venice-fr\/visite-privee-a-pied-de-venise\/#breadcrumb","itemListElement":[{"@type":"ListItem","position":1,"name":"Home","item":"https:\/\/tourtravelandmore.com\/fr\/"},{"@type":"ListItem","position":2,"name":"Tours","item":"https:\/\/tourtravelandmore.com\/fr\/tours\/"},{"@type":"ListItem","position":3,"name":"Visite priv\u00e9e \u00e0 pied de Venise"}]},{"@type":"WebSite","@id":"https:\/\/tourtravelandmore.com\/fr\/#website","url":"https:\/\/tourtravelandmore.com\/fr\/","name":"Tour Travel And More","description":"Private sightseeing tours and luxury transfers in Spain","publisher":{"@id":"https:\/\/tourtravelandmore.com\/fr\/#organization"},"potentialAction":[{"@type":"SearchAction","target":{"@type":"EntryPoint","urlTemplate":"https:\/\/tourtravelandmore.com\/fr\/?s={search_term_string}"},"query-input":{"@type":"PropertyValueSpecification","valueRequired":true,"valueName":"search_term_string"}}],"inLanguage":"fr-FR"},{"@type":"Organization","@id":"https:\/\/tourtravelandmore.com\/fr\/#organization","name":"Tour Travel And More","url":"https:\/\/tourtravelandmore.com\/fr\/","logo":{"@type":"ImageObject","inLanguage":"fr-FR","@id":"https:\/\/tourtravelandmore.com\/fr\/#\/schema\/logo\/image\/","url":"https:\/\/tourtravelandmore.com\/wp-content\/uploads\/2022\/12\/cropped-logo-cabecera-new.png","contentUrl":"https:\/\/tourtravelandmore.com\/wp-content\/uploads\/2022\/12\/cropped-logo-cabecera-new.png","width":430,"height":61,"caption":"Tour Travel And More"},"image":{"@id":"https:\/\/tourtravelandmore.com\/fr\/#\/schema\/logo\/image\/"},"sameAs":["https:\/\/www.facebook.com\/tourtravelandmore\/","https:\/\/x.com\/TourTravel_More"]}]}},"_links":{"self":[{"href":"https:\/\/tourtravelandmore.com\/fr\/wp-json\/wp\/v2\/product\/101774","targetHints":{"allow":["GET"]}}],"collection":[{"href":"https:\/\/tourtravelandmore.com\/fr\/wp-json\/wp\/v2\/product"}],"about":[{"href":"https:\/\/tourtravelandmore.com\/fr\/wp-json\/wp\/v2\/types\/product"}],"replies":[{"embeddable":true,"href":"https:\/\/tourtravelandmore.com\/fr\/wp-json\/wp\/v2\/comments?post=101774"}],"wp:featuredmedia":[{"embeddable":true,"href":"https:\/\/tourtravelandmore.com\/fr\/wp-json\/wp\/v2\/media\/94800"}],"wp:attachment":[{"href":"https:\/\/tourtravelandmore.com\/fr\/wp-json\/wp\/v2\/media?parent=101774"}],"wp:term":[{"taxonomy":"product_brand","embeddable":true,"href":"https:\/\/tourtravelandmore.com\/fr\/wp-json\/wp\/v2\/product_brand?post=101774"},{"taxonomy":"product_cat","embeddable":true,"href":"https:\/\/tourtravelandmore.com\/fr\/wp-json\/wp\/v2\/product_cat?post=101774"},{"taxonomy":"product_tag","embeddable":true,"href":"https:\/\/tourtravelandmore.com\/fr\/wp-json\/wp\/v2\/product_tag?post=101774"}],"curies":[{"name":"wp","href":"https:\/\/api.w.org\/{rel}","templated":true}]}}