{"id":101767,"date":"2018-03-09T16:59:59","date_gmt":"2018-03-09T15:59:59","guid":{"rendered":"https:\/\/tourtravelandmore.com\/tours\/non%20class\u00e9\/visite-privee-de-cannes-et-antibes-au-depart-de-marseille\/"},"modified":"2021-03-09T11:12:50","modified_gmt":"2021-03-09T10:12:50","slug":"visite-privee-de-cannes-et-antibes-au-depart-de-marseille","status":"publish","type":"product","link":"https:\/\/tourtravelandmore.com\/fr\/tours\/france-fr\/marseille-fr\/visite-privee-de-cannes-et-antibes-au-depart-de-marseille\/","title":{"rendered":"Visite priv\u00e9e de Cannes et Antibes au d\u00e9part de Marseille"},"content":{"rendered":"<h2>Description<\/h2>\n<p>Profitez de cette visite priv\u00e9e avec votre propre chauffeur \/ guide en anglais et d\u00e9couvrez la ville de Cannes et la baie d&#8217;Antibes. Vous serez conduit autour des sites les plus importants de la ville et en profiterez pendant que votre chauffeur \/ guide vous racontera les secrets de cette charmante r\u00e9gion sud. Il s&#8217;agit d&#8217;un circuit priv\u00e9 unique \u00e0 Cannes et Antibes au d\u00e9part de Marseille rien que pour vous.<\/p>\n<p>Nous viendrons vous chercher \u00e0 votre h\u00f4tel ou lieu de votre choix \u00e0 Marseille (h\u00f4tel, port de croisi\u00e8re, a\u00e9roport ou appartement). Cela peut bien s\u00fbr provenir du port de croisi\u00e8re pour une excursion \u00e0 terre. Laissez-nous vous emmener dans cette visite priv\u00e9e \u00e0 travers la C\u00f4te d&#8217;Azur.<\/p>\n<h2>Sites d&#8217;int\u00e9r\u00eat et monuments<\/h2>\n<p>Avec cette visite priv\u00e9e, vous d\u00e9couvrirez les meilleurs endroits de la ville de Cannes, Juan Les Pins et Antibes.<\/p>\n<p>Visitez Cannes, tr\u00e8s connue de nos jours pour son glamour, ses palais et ses villas, et pour c\u00e9l\u00e9brer chaque ann\u00e9e le festival du film de Cannes.<\/p>\n<p>Traversez le boulevard de la Croisette. Trouvez les meilleurs h\u00f4tels et les magasins de marques de luxe sont situ\u00e9s. Visitez le port de Cannes et admirez les yachts et les bateaux de p\u00eache.<\/p>\n<p>Vous profiterez \u00e9galement de la vue imprenable sur la baie de la Napoule et les sommets de l&#8217;Est\u00e9rel.<\/p>\n<p>Profitez \u00e9galement de Juan Les Pins et d&#8217;Antibes. Visitez ici les tours du XII\u00e8me si\u00e8cle de l&#8217;\u00e9glise et le ch\u00e2teau de la famille Grimaldi. Contactez-nous si vous souhaitez visiter le mus\u00e9e Picasso situ\u00e9 \u00e0 Vallauris, situ\u00e9 dans les Ch\u00e2teaux de Vallauris. Nous pouvons \u00e9galement organiser des billets pour vous!<\/p>\n<p>Enfin, demandez \u00e0 notre chauffeur priv\u00e9 de vous ramener \u00e0 Marseille!<\/p>\n<h3>Ville de Cannes<\/h3>\n<p>Cannes est surtout connue pour accueillir le Festival annuel du film de Cannes. Il est normalement li\u00e9 \u00e0 des personnes riches et c\u00e9l\u00e8bres, o\u00f9 des conf\u00e9rences importantes ont lieu chaque ann\u00e9e. Cannes a une population d&#8217;environ 74 000 habitants.<\/p>\n<p>C&#8217;\u00e9tait une ville de p\u00eacheurs inconnue jusqu&#8217;\u00e0 ce que le ministre de la justice d&#8217;Angleterre construise sa propre villa en 1834, qui a ensuite \u00e9t\u00e9 poursuivie comme une mode dans l&#8217;aristocratie anglaise. Jusqu&#8217;\u00e0 devenir de nos jours un centre important de festivals et de loisirs.<\/p>\n<p>Ne manquez pas notre visite priv\u00e9e de Cannes et Antibes au d\u00e9part de Marseille.<\/p>\n<p>Jetez un \u0153il \u00e0 nos autres circuits priv\u00e9s \u00e0 Marseille ici!<\/p>\n","protected":false},"excerpt":{"rendered":"<p>Profitez autant que possible de votre s\u00e9jour \u00e0 Marseille et visitez la c\u00e9l\u00e8bre et glamour ville de Cannes. Visite priv\u00e9e de Cannes et Antibes au d\u00e9part de Marseille.<\/p>\n","protected":false},"featured_media":94777,"comment_status":"open","ping_status":"closed","template":"","meta":{"_acf_changed":false},"product_brand":[],"product_cat":[3678],"product_tag":[],"class_list":{"0":"post-101767","1":"product","2":"type-product","3":"status-publish","4":"has-post-thumbnail","6":"product_cat-marseille-fr","8":"first","9":"instock","10":"shipping-taxable","11":"purchasable","12":"product-type-simple"},"acf":[],"yoast_head":"<!-- This site is optimized with the Yoast SEO Premium plugin v25.3.1 (Yoast SEO v25.3.1) - https:\/\/yoast.com\/wordpress\/plugins\/seo\/ -->\n<title>Excursion priv\u00e9e \u00e0 Cannes et Antibes au d\u00e9part de Marseille - Excursion \u00e0 terre en option<\/title>\n<meta name=\"description\" content=\"Profitez autant que possible de votre s\u00e9jour \u00e0 Marseille et visitez la c\u00e9l\u00e8bre et glamour ville de Cannes. Visite priv\u00e9e de Cannes et Antibes au d\u00e9part de Marseille.\" \/>\n<meta name=\"robots\" content=\"index, follow, max-snippet:-1, max-image-preview:large, max-video-preview:-1\" \/>\n<link rel=\"canonical\" href=\"https:\/\/tourtravelandmore.com\/fr\/tours\/france-fr\/marseille-fr\/visite-privee-de-cannes-et-antibes-au-depart-de-marseille\/\" \/>\n<meta property=\"og:locale\" content=\"fr_FR\" \/>\n<meta property=\"og:type\" content=\"article\" \/>\n<meta property=\"og:title\" content=\"Visite priv\u00e9e de Cannes et Antibes au d\u00e9part de Marseille\" \/>\n<meta property=\"og:description\" content=\"Profitez autant que possible de votre s\u00e9jour \u00e0 Marseille et visitez la c\u00e9l\u00e8bre et glamour ville de Cannes. Visite priv\u00e9e de Cannes et Antibes au d\u00e9part de Marseille.\" \/>\n<meta property=\"og:url\" content=\"https:\/\/tourtravelandmore.com\/fr\/tours\/france-fr\/marseille-fr\/visite-privee-de-cannes-et-antibes-au-depart-de-marseille\/\" \/>\n<meta property=\"og:site_name\" content=\"Tour Travel And More\" \/>\n<meta property=\"article:publisher\" content=\"https:\/\/www.facebook.com\/tourtravelandmore\/\" \/>\n<meta property=\"article:modified_time\" content=\"2021-03-09T10:12:50+00:00\" \/>\n<meta property=\"og:image\" content=\"https:\/\/tourtravelandmore.com\/wp-content\/uploads\/2018\/03\/chair-croissete.jpg\" \/>\n\t<meta property=\"og:image:width\" content=\"1024\" \/>\n\t<meta property=\"og:image:height\" content=\"683\" \/>\n\t<meta property=\"og:image:type\" content=\"image\/jpeg\" \/>\n<meta name=\"twitter:card\" content=\"summary_large_image\" \/>\n<meta name=\"twitter:site\" content=\"@TourTravel_More\" \/>\n<meta name=\"twitter:label1\" content=\"Dur\u00e9e de lecture estim\u00e9e\" \/>\n\t<meta name=\"twitter:data1\" content=\"2 minutes\" \/>\n<script type=\"application\/ld+json\" class=\"yoast-schema-graph\">{\"@context\":\"https:\/\/schema.org\",\"@graph\":[{\"@type\":\"WebPage\",\"@id\":\"https:\/\/tourtravelandmore.com\/fr\/tours\/france-fr\/marseille-fr\/visite-privee-de-cannes-et-antibes-au-depart-de-marseille\/\",\"url\":\"https:\/\/tourtravelandmore.com\/fr\/tours\/france-fr\/marseille-fr\/visite-privee-de-cannes-et-antibes-au-depart-de-marseille\/\",\"name\":\"Excursion priv\u00e9e \u00e0 Cannes et Antibes au d\u00e9part de Marseille - Excursion \u00e0 terre en option\",\"isPartOf\":{\"@id\":\"https:\/\/tourtravelandmore.com\/fr\/#website\"},\"primaryImageOfPage\":{\"@id\":\"https:\/\/tourtravelandmore.com\/fr\/tours\/france-fr\/marseille-fr\/visite-privee-de-cannes-et-antibes-au-depart-de-marseille\/#primaryimage\"},\"image\":{\"@id\":\"https:\/\/tourtravelandmore.com\/fr\/tours\/france-fr\/marseille-fr\/visite-privee-de-cannes-et-antibes-au-depart-de-marseille\/#primaryimage\"},\"thumbnailUrl\":\"https:\/\/tourtravelandmore.com\/wp-content\/uploads\/2018\/03\/chair-croissete.jpg\",\"datePublished\":\"2018-03-09T15:59:59+00:00\",\"dateModified\":\"2021-03-09T10:12:50+00:00\",\"description\":\"Profitez autant que possible de votre s\u00e9jour \u00e0 Marseille et visitez la c\u00e9l\u00e8bre et glamour ville de Cannes. Visite priv\u00e9e de Cannes et Antibes au d\u00e9part de Marseille.\",\"breadcrumb\":{\"@id\":\"https:\/\/tourtravelandmore.com\/fr\/tours\/france-fr\/marseille-fr\/visite-privee-de-cannes-et-antibes-au-depart-de-marseille\/#breadcrumb\"},\"inLanguage\":\"fr-FR\",\"potentialAction\":[{\"@type\":\"ReadAction\",\"target\":[\"https:\/\/tourtravelandmore.com\/fr\/tours\/france-fr\/marseille-fr\/visite-privee-de-cannes-et-antibes-au-depart-de-marseille\/\"]}]},{\"@type\":\"ImageObject\",\"inLanguage\":\"fr-FR\",\"@id\":\"https:\/\/tourtravelandmore.com\/fr\/tours\/france-fr\/marseille-fr\/visite-privee-de-cannes-et-antibes-au-depart-de-marseille\/#primaryimage\",\"url\":\"https:\/\/tourtravelandmore.com\/wp-content\/uploads\/2018\/03\/chair-croissete.jpg\",\"contentUrl\":\"https:\/\/tourtravelandmore.com\/wp-content\/uploads\/2018\/03\/chair-croissete.jpg\",\"width\":1024,\"height\":683},{\"@type\":\"BreadcrumbList\",\"@id\":\"https:\/\/tourtravelandmore.com\/fr\/tours\/france-fr\/marseille-fr\/visite-privee-de-cannes-et-antibes-au-depart-de-marseille\/#breadcrumb\",\"itemListElement\":[{\"@type\":\"ListItem\",\"position\":1,\"name\":\"Home\",\"item\":\"https:\/\/tourtravelandmore.com\/fr\/\"},{\"@type\":\"ListItem\",\"position\":2,\"name\":\"Tours\",\"item\":\"https:\/\/tourtravelandmore.com\/fr\/tours\/\"},{\"@type\":\"ListItem\",\"position\":3,\"name\":\"Visite priv\u00e9e de Cannes et Antibes au d\u00e9part de Marseille\"}]},{\"@type\":\"WebSite\",\"@id\":\"https:\/\/tourtravelandmore.com\/fr\/#website\",\"url\":\"https:\/\/tourtravelandmore.com\/fr\/\",\"name\":\"Tour Travel And More\",\"description\":\"Private sightseeing tours and luxury transfers in Spain\",\"publisher\":{\"@id\":\"https:\/\/tourtravelandmore.com\/fr\/#organization\"},\"potentialAction\":[{\"@type\":\"SearchAction\",\"target\":{\"@type\":\"EntryPoint\",\"urlTemplate\":\"https:\/\/tourtravelandmore.com\/fr\/?s={search_term_string}\"},\"query-input\":{\"@type\":\"PropertyValueSpecification\",\"valueRequired\":true,\"valueName\":\"search_term_string\"}}],\"inLanguage\":\"fr-FR\"},{\"@type\":\"Organization\",\"@id\":\"https:\/\/tourtravelandmore.com\/fr\/#organization\",\"name\":\"Tour Travel And More\",\"url\":\"https:\/\/tourtravelandmore.com\/fr\/\",\"logo\":{\"@type\":\"ImageObject\",\"inLanguage\":\"fr-FR\",\"@id\":\"https:\/\/tourtravelandmore.com\/fr\/#\/schema\/logo\/image\/\",\"url\":\"https:\/\/tourtravelandmore.com\/wp-content\/uploads\/2022\/12\/cropped-logo-cabecera-new.png\",\"contentUrl\":\"https:\/\/tourtravelandmore.com\/wp-content\/uploads\/2022\/12\/cropped-logo-cabecera-new.png\",\"width\":430,\"height\":61,\"caption\":\"Tour Travel And More\"},\"image\":{\"@id\":\"https:\/\/tourtravelandmore.com\/fr\/#\/schema\/logo\/image\/\"},\"sameAs\":[\"https:\/\/www.facebook.com\/tourtravelandmore\/\",\"https:\/\/x.com\/TourTravel_More\"]}]}<\/script>\n<!-- \/ Yoast SEO Premium plugin. -->","yoast_head_json":{"title":"Excursion priv\u00e9e \u00e0 Cannes et Antibes au d\u00e9part de Marseille - Excursion \u00e0 terre en option","description":"Profitez autant que possible de votre s\u00e9jour \u00e0 Marseille et visitez la c\u00e9l\u00e8bre et glamour ville de Cannes. Visite priv\u00e9e de Cannes et Antibes au d\u00e9part de Marseille.","robots":{"index":"index","follow":"follow","max-snippet":"max-snippet:-1","max-image-preview":"max-image-preview:large","max-video-preview":"max-video-preview:-1"},"canonical":"https:\/\/tourtravelandmore.com\/fr\/tours\/france-fr\/marseille-fr\/visite-privee-de-cannes-et-antibes-au-depart-de-marseille\/","og_locale":"fr_FR","og_type":"article","og_title":"Visite priv\u00e9e de Cannes et Antibes au d\u00e9part de Marseille","og_description":"Profitez autant que possible de votre s\u00e9jour \u00e0 Marseille et visitez la c\u00e9l\u00e8bre et glamour ville de Cannes. Visite priv\u00e9e de Cannes et Antibes au d\u00e9part de Marseille.","og_url":"https:\/\/tourtravelandmore.com\/fr\/tours\/france-fr\/marseille-fr\/visite-privee-de-cannes-et-antibes-au-depart-de-marseille\/","og_site_name":"Tour Travel And More","article_publisher":"https:\/\/www.facebook.com\/tourtravelandmore\/","article_modified_time":"2021-03-09T10:12:50+00:00","og_image":[{"width":1024,"height":683,"url":"https:\/\/tourtravelandmore.com\/wp-content\/uploads\/2018\/03\/chair-croissete.jpg","type":"image\/jpeg"}],"twitter_card":"summary_large_image","twitter_site":"@TourTravel_More","twitter_misc":{"Dur\u00e9e de lecture estim\u00e9e":"2 minutes"},"schema":{"@context":"https:\/\/schema.org","@graph":[{"@type":"WebPage","@id":"https:\/\/tourtravelandmore.com\/fr\/tours\/france-fr\/marseille-fr\/visite-privee-de-cannes-et-antibes-au-depart-de-marseille\/","url":"https:\/\/tourtravelandmore.com\/fr\/tours\/france-fr\/marseille-fr\/visite-privee-de-cannes-et-antibes-au-depart-de-marseille\/","name":"Excursion priv\u00e9e \u00e0 Cannes et Antibes au d\u00e9part de Marseille - Excursion \u00e0 terre en option","isPartOf":{"@id":"https:\/\/tourtravelandmore.com\/fr\/#website"},"primaryImageOfPage":{"@id":"https:\/\/tourtravelandmore.com\/fr\/tours\/france-fr\/marseille-fr\/visite-privee-de-cannes-et-antibes-au-depart-de-marseille\/#primaryimage"},"image":{"@id":"https:\/\/tourtravelandmore.com\/fr\/tours\/france-fr\/marseille-fr\/visite-privee-de-cannes-et-antibes-au-depart-de-marseille\/#primaryimage"},"thumbnailUrl":"https:\/\/tourtravelandmore.com\/wp-content\/uploads\/2018\/03\/chair-croissete.jpg","datePublished":"2018-03-09T15:59:59+00:00","dateModified":"2021-03-09T10:12:50+00:00","description":"Profitez autant que possible de votre s\u00e9jour \u00e0 Marseille et visitez la c\u00e9l\u00e8bre et glamour ville de Cannes. Visite priv\u00e9e de Cannes et Antibes au d\u00e9part de Marseille.","breadcrumb":{"@id":"https:\/\/tourtravelandmore.com\/fr\/tours\/france-fr\/marseille-fr\/visite-privee-de-cannes-et-antibes-au-depart-de-marseille\/#breadcrumb"},"inLanguage":"fr-FR","potentialAction":[{"@type":"ReadAction","target":["https:\/\/tourtravelandmore.com\/fr\/tours\/france-fr\/marseille-fr\/visite-privee-de-cannes-et-antibes-au-depart-de-marseille\/"]}]},{"@type":"ImageObject","inLanguage":"fr-FR","@id":"https:\/\/tourtravelandmore.com\/fr\/tours\/france-fr\/marseille-fr\/visite-privee-de-cannes-et-antibes-au-depart-de-marseille\/#primaryimage","url":"https:\/\/tourtravelandmore.com\/wp-content\/uploads\/2018\/03\/chair-croissete.jpg","contentUrl":"https:\/\/tourtravelandmore.com\/wp-content\/uploads\/2018\/03\/chair-croissete.jpg","width":1024,"height":683},{"@type":"BreadcrumbList","@id":"https:\/\/tourtravelandmore.com\/fr\/tours\/france-fr\/marseille-fr\/visite-privee-de-cannes-et-antibes-au-depart-de-marseille\/#breadcrumb","itemListElement":[{"@type":"ListItem","position":1,"name":"Home","item":"https:\/\/tourtravelandmore.com\/fr\/"},{"@type":"ListItem","position":2,"name":"Tours","item":"https:\/\/tourtravelandmore.com\/fr\/tours\/"},{"@type":"ListItem","position":3,"name":"Visite priv\u00e9e de Cannes et Antibes au d\u00e9part de Marseille"}]},{"@type":"WebSite","@id":"https:\/\/tourtravelandmore.com\/fr\/#website","url":"https:\/\/tourtravelandmore.com\/fr\/","name":"Tour Travel And More","description":"Private sightseeing tours and luxury transfers in Spain","publisher":{"@id":"https:\/\/tourtravelandmore.com\/fr\/#organization"},"potentialAction":[{"@type":"SearchAction","target":{"@type":"EntryPoint","urlTemplate":"https:\/\/tourtravelandmore.com\/fr\/?s={search_term_string}"},"query-input":{"@type":"PropertyValueSpecification","valueRequired":true,"valueName":"search_term_string"}}],"inLanguage":"fr-FR"},{"@type":"Organization","@id":"https:\/\/tourtravelandmore.com\/fr\/#organization","name":"Tour Travel And More","url":"https:\/\/tourtravelandmore.com\/fr\/","logo":{"@type":"ImageObject","inLanguage":"fr-FR","@id":"https:\/\/tourtravelandmore.com\/fr\/#\/schema\/logo\/image\/","url":"https:\/\/tourtravelandmore.com\/wp-content\/uploads\/2022\/12\/cropped-logo-cabecera-new.png","contentUrl":"https:\/\/tourtravelandmore.com\/wp-content\/uploads\/2022\/12\/cropped-logo-cabecera-new.png","width":430,"height":61,"caption":"Tour Travel And More"},"image":{"@id":"https:\/\/tourtravelandmore.com\/fr\/#\/schema\/logo\/image\/"},"sameAs":["https:\/\/www.facebook.com\/tourtravelandmore\/","https:\/\/x.com\/TourTravel_More"]}]}},"_links":{"self":[{"href":"https:\/\/tourtravelandmore.com\/fr\/wp-json\/wp\/v2\/product\/101767","targetHints":{"allow":["GET"]}}],"collection":[{"href":"https:\/\/tourtravelandmore.com\/fr\/wp-json\/wp\/v2\/product"}],"about":[{"href":"https:\/\/tourtravelandmore.com\/fr\/wp-json\/wp\/v2\/types\/product"}],"replies":[{"embeddable":true,"href":"https:\/\/tourtravelandmore.com\/fr\/wp-json\/wp\/v2\/comments?post=101767"}],"wp:featuredmedia":[{"embeddable":true,"href":"https:\/\/tourtravelandmore.com\/fr\/wp-json\/wp\/v2\/media\/94777"}],"wp:attachment":[{"href":"https:\/\/tourtravelandmore.com\/fr\/wp-json\/wp\/v2\/media?parent=101767"}],"wp:term":[{"taxonomy":"product_brand","embeddable":true,"href":"https:\/\/tourtravelandmore.com\/fr\/wp-json\/wp\/v2\/product_brand?post=101767"},{"taxonomy":"product_cat","embeddable":true,"href":"https:\/\/tourtravelandmore.com\/fr\/wp-json\/wp\/v2\/product_cat?post=101767"},{"taxonomy":"product_tag","embeddable":true,"href":"https:\/\/tourtravelandmore.com\/fr\/wp-json\/wp\/v2\/product_tag?post=101767"}],"curies":[{"name":"wp","href":"https:\/\/api.w.org\/{rel}","templated":true}]}}