{"id":101762,"date":"2018-03-09T16:46:09","date_gmt":"2018-03-09T15:46:09","guid":{"rendered":"https:\/\/tourtravelandmore.com\/tours\/non%20class\u00e9\/avignon-prive-et-domaine-viticole-a-aix-en-provence\/"},"modified":"2021-03-09T11:11:41","modified_gmt":"2021-03-09T10:11:41","slug":"avignon-prive-et-domaine-viticole-a-aix-en-provence","status":"publish","type":"product","link":"https:\/\/tourtravelandmore.com\/fr\/tours\/france-fr\/marseille-fr\/avignon-prive-et-domaine-viticole-a-aix-en-provence\/","title":{"rendered":"Avignon priv\u00e9 et domaine viticole \u00e0 Aix-en-Provence"},"content":{"rendered":"<h2>Description<\/h2>\n<p>Profitez de cette visite priv\u00e9e avec votre propre chauffeur \/ guide en anglais et apprenez \u00e0 conna\u00eetre Avignon aux yeux d&#8217;un local. Laissez-nous vous emmener dans cet unique Avignon priv\u00e9 et domaine viticole \u00e0 Aix-en-Provence. Vous visiterez les sites les plus importants de la ville et profiterez d&#8217;une belle visite de vignobles.<\/p>\n<p>Tout d&#8217;abord, la prise en charge se fera depuis votre h\u00f4tel ou lieu de votre choix. Cela peut \u00eatre l&#8217;h\u00f4tel ou le port de croisi\u00e8re par exemple. Laissez-nous vous emmener dans cette visite priv\u00e9e \u00e0 Avignon et Aix-en-Provence. Veuillez nous le faire savoir \u00e0 l&#8217;avance, nous pouvons organiser des transferts depuis les environs.<\/p>\n<p>Nous inclurons une visite dans un domaine viticole pour ce merveilleux Avignon priv\u00e9 et un domaine viticole \u00e0 Aix-en-Provence.<\/p>\n<h2>Sites d&#8217;int\u00e9r\u00eat et monuments<\/h2>\n<p>Avec cette visite priv\u00e9e, vous d\u00e9couvrirez Avignon, son pont et la magnifique ville fortifi\u00e9e.<\/p>\n<p>Votre chauffeur-guide en anglais \/ fran\u00e7ais viendra vous chercher \u00e0 Marseille et conduira 1 heure au nord, jusqu&#8217;\u00e0 votre arriv\u00e9e \u00e0 Avignon, ville qui \u00e9tait autrefois le Vatican et la maison de 7 papes fran\u00e7ais de 1309 \u00e0 1377. Vous marcherez \u00e0 l&#8217;int\u00e9rieur. la ville et d\u00e9couvrez l&#8217;architecture et les monuments fantastiques qu&#8217;offre Avignon. Visitez la Chapelle ST-Nicolas, l&#8217;\u00e9glise ST-Pierre et le c\u00e9l\u00e8bre Pont ST-B\u00e9n\u00e9zet, et bien d&#8217;autres endroits que propose la ville.<\/p>\n<p>Apr\u00e8s avoir visit\u00e9 et vu les meilleurs spots d&#8217;Avignon, votre chauffeur-guide vous conduira dans la r\u00e9gion d&#8217;Aix-en-Provence. Ici, vous visiterez le Ch\u00e2teau la Coste, une cave tr\u00e8s connue situ\u00e9e \u00e0 quelques km au nord de la ville d&#8217;Aix-en-Provence. Vous aurez la chance de profiter d&#8217;une d\u00e9gustation guid\u00e9e de vins d&#8217;1h30 dans la cave de la cave, ou vous pourrez \u00e9galement vous promener \u00e0 votre guise \u00e0 travers 180 hectares de collines bois\u00e9es, vall\u00e9es et vignes \u00e0 la d\u00e9couverte des \u0153uvres d&#8217;artistes et architectes contemporains invit\u00e9s , ce qui vous prendrait environ 2 heures.<\/p>\n<p>Apr\u00e8s avoir profit\u00e9 de votre passage \u00e0 la cave de Ch\u00e2teau-la-Coste, s&#8217;il reste du temps, vous pourrez visiter la ville d&#8217;Aix-en-Provence, vous promener, puis retourner \u00e0 votre lieu de choix dans Marseille.<\/p>\n<p>Enfin, nous vous ram\u00e8nerons \u00e0 votre h\u00f4tel ou port de croisi\u00e8re \u00e0 Marseille.<\/p>\n<h3>Ville d&#8217;Avignon<\/h3>\n<p>La ville est embrass\u00e9e au nord et \u00e0 l&#8217;ouest par le Rh\u00f4ne. Est la capitale du Vaucluse, et c&#8217;est l&#8217;entr\u00e9e de Provenza.<br \/>\nIl a une vie culturelle tr\u00e8s riche, tr\u00e8s connue pour son op\u00e9ra et son th\u00e9\u00e2tre. Il a une universit\u00e9, et c&#8217;est un endroit connu pour offrir diff\u00e9rents cours de langue. Chaque ann\u00e9e, en juillet, la ville a son propre festival, o\u00f9 de nombreux artistes alternatifs et individuels proposent leurs spectacles dans les th\u00e9\u00e2tres de la ville, et m\u00eame dans les rues.<br \/>\nLa ville compte 90 000 habitants et se situe \u00e0 seulement 100 km de Marseille.<\/p>\n<p>Nous proposons tous types d&#8217;activit\u00e9s priv\u00e9es et d&#8217;exp\u00e9riences marseillaises.<\/p>\n","protected":false},"excerpt":{"rendered":"<p>Profitez autant que possible de votre s\u00e9jour \u00e0 Marseille et d\u00e9couvrez la belle ville d&#8217;Avignon, qui a accueilli les papes pendant de nombreuses ann\u00e9es. Avignon priv\u00e9 et domaine viticole \u00e0 Aix-en-Provence<\/p>\n","protected":false},"featured_media":94796,"comment_status":"open","ping_status":"closed","template":"","meta":{"_acf_changed":false},"product_brand":[],"product_cat":[3678],"product_tag":[],"class_list":{"0":"post-101762","1":"product","2":"type-product","3":"status-publish","4":"has-post-thumbnail","6":"product_cat-marseille-fr","8":"first","9":"instock","10":"shipping-taxable","11":"purchasable","12":"product-type-simple"},"acf":[],"yoast_head":"<!-- This site is optimized with the Yoast SEO Premium plugin v25.3.1 (Yoast SEO v25.3.1) - https:\/\/yoast.com\/wordpress\/plugins\/seo\/ -->\n<title>Avignon priv\u00e9 et domaine viticole \u00e0 Aix-en-Provence - Excursion facultative \u00e0 terre<\/title>\n<meta name=\"description\" content=\"Profitez au maximum de votre s\u00e9jour \u00e0 Marseille et d\u00e9couvrez la belle ville d&#039;Avignon. Avignon priv\u00e9 et domaine viticole \u00e0 Aix-en-Provence\" \/>\n<meta name=\"robots\" content=\"index, follow, max-snippet:-1, max-image-preview:large, max-video-preview:-1\" \/>\n<link rel=\"canonical\" href=\"https:\/\/tourtravelandmore.com\/fr\/tours\/france-fr\/marseille-fr\/avignon-prive-et-domaine-viticole-a-aix-en-provence\/\" \/>\n<meta property=\"og:locale\" content=\"fr_FR\" \/>\n<meta property=\"og:type\" content=\"article\" \/>\n<meta property=\"og:title\" content=\"Avignon priv\u00e9 et domaine viticole \u00e0 Aix-en-Provence\" \/>\n<meta property=\"og:description\" content=\"Profitez au maximum de votre s\u00e9jour \u00e0 Marseille et d\u00e9couvrez la belle ville d&#039;Avignon. Avignon priv\u00e9 et domaine viticole \u00e0 Aix-en-Provence\" \/>\n<meta property=\"og:url\" content=\"https:\/\/tourtravelandmore.com\/fr\/tours\/france-fr\/marseille-fr\/avignon-prive-et-domaine-viticole-a-aix-en-provence\/\" \/>\n<meta property=\"og:site_name\" content=\"Tour Travel And More\" \/>\n<meta property=\"article:publisher\" content=\"https:\/\/www.facebook.com\/tourtravelandmore\/\" \/>\n<meta property=\"article:modified_time\" content=\"2021-03-09T10:11:41+00:00\" \/>\n<meta property=\"og:image\" content=\"https:\/\/tourtravelandmore.com\/wp-content\/uploads\/2018\/03\/55cdf4c694e49s336491.jpg\" \/>\n\t<meta property=\"og:image:width\" content=\"1280\" \/>\n\t<meta property=\"og:image:height\" content=\"853\" \/>\n\t<meta property=\"og:image:type\" content=\"image\/jpeg\" \/>\n<meta name=\"twitter:card\" content=\"summary_large_image\" \/>\n<meta name=\"twitter:site\" content=\"@TourTravel_More\" \/>\n<meta name=\"twitter:label1\" content=\"Dur\u00e9e de lecture estim\u00e9e\" \/>\n\t<meta name=\"twitter:data1\" content=\"2 minutes\" \/>\n<script type=\"application\/ld+json\" class=\"yoast-schema-graph\">{\"@context\":\"https:\/\/schema.org\",\"@graph\":[{\"@type\":\"WebPage\",\"@id\":\"https:\/\/tourtravelandmore.com\/fr\/tours\/france-fr\/marseille-fr\/avignon-prive-et-domaine-viticole-a-aix-en-provence\/\",\"url\":\"https:\/\/tourtravelandmore.com\/fr\/tours\/france-fr\/marseille-fr\/avignon-prive-et-domaine-viticole-a-aix-en-provence\/\",\"name\":\"Avignon priv\u00e9 et domaine viticole \u00e0 Aix-en-Provence - Excursion facultative \u00e0 terre\",\"isPartOf\":{\"@id\":\"https:\/\/tourtravelandmore.com\/fr\/#website\"},\"primaryImageOfPage\":{\"@id\":\"https:\/\/tourtravelandmore.com\/fr\/tours\/france-fr\/marseille-fr\/avignon-prive-et-domaine-viticole-a-aix-en-provence\/#primaryimage\"},\"image\":{\"@id\":\"https:\/\/tourtravelandmore.com\/fr\/tours\/france-fr\/marseille-fr\/avignon-prive-et-domaine-viticole-a-aix-en-provence\/#primaryimage\"},\"thumbnailUrl\":\"https:\/\/tourtravelandmore.com\/wp-content\/uploads\/2018\/03\/55cdf4c694e49s336491.jpg\",\"datePublished\":\"2018-03-09T15:46:09+00:00\",\"dateModified\":\"2021-03-09T10:11:41+00:00\",\"description\":\"Profitez au maximum de votre s\u00e9jour \u00e0 Marseille et d\u00e9couvrez la belle ville d'Avignon. Avignon priv\u00e9 et domaine viticole \u00e0 Aix-en-Provence\",\"breadcrumb\":{\"@id\":\"https:\/\/tourtravelandmore.com\/fr\/tours\/france-fr\/marseille-fr\/avignon-prive-et-domaine-viticole-a-aix-en-provence\/#breadcrumb\"},\"inLanguage\":\"fr-FR\",\"potentialAction\":[{\"@type\":\"ReadAction\",\"target\":[\"https:\/\/tourtravelandmore.com\/fr\/tours\/france-fr\/marseille-fr\/avignon-prive-et-domaine-viticole-a-aix-en-provence\/\"]}]},{\"@type\":\"ImageObject\",\"inLanguage\":\"fr-FR\",\"@id\":\"https:\/\/tourtravelandmore.com\/fr\/tours\/france-fr\/marseille-fr\/avignon-prive-et-domaine-viticole-a-aix-en-provence\/#primaryimage\",\"url\":\"https:\/\/tourtravelandmore.com\/wp-content\/uploads\/2018\/03\/55cdf4c694e49s336491.jpg\",\"contentUrl\":\"https:\/\/tourtravelandmore.com\/wp-content\/uploads\/2018\/03\/55cdf4c694e49s336491.jpg\",\"width\":1280,\"height\":853},{\"@type\":\"BreadcrumbList\",\"@id\":\"https:\/\/tourtravelandmore.com\/fr\/tours\/france-fr\/marseille-fr\/avignon-prive-et-domaine-viticole-a-aix-en-provence\/#breadcrumb\",\"itemListElement\":[{\"@type\":\"ListItem\",\"position\":1,\"name\":\"Home\",\"item\":\"https:\/\/tourtravelandmore.com\/fr\/\"},{\"@type\":\"ListItem\",\"position\":2,\"name\":\"Tours\",\"item\":\"https:\/\/tourtravelandmore.com\/fr\/tours\/\"},{\"@type\":\"ListItem\",\"position\":3,\"name\":\"Avignon priv\u00e9 et domaine viticole \u00e0 Aix-en-Provence\"}]},{\"@type\":\"WebSite\",\"@id\":\"https:\/\/tourtravelandmore.com\/fr\/#website\",\"url\":\"https:\/\/tourtravelandmore.com\/fr\/\",\"name\":\"Tour Travel And More\",\"description\":\"Private sightseeing tours and luxury transfers in Spain\",\"publisher\":{\"@id\":\"https:\/\/tourtravelandmore.com\/fr\/#organization\"},\"potentialAction\":[{\"@type\":\"SearchAction\",\"target\":{\"@type\":\"EntryPoint\",\"urlTemplate\":\"https:\/\/tourtravelandmore.com\/fr\/?s={search_term_string}\"},\"query-input\":{\"@type\":\"PropertyValueSpecification\",\"valueRequired\":true,\"valueName\":\"search_term_string\"}}],\"inLanguage\":\"fr-FR\"},{\"@type\":\"Organization\",\"@id\":\"https:\/\/tourtravelandmore.com\/fr\/#organization\",\"name\":\"Tour Travel And More\",\"url\":\"https:\/\/tourtravelandmore.com\/fr\/\",\"logo\":{\"@type\":\"ImageObject\",\"inLanguage\":\"fr-FR\",\"@id\":\"https:\/\/tourtravelandmore.com\/fr\/#\/schema\/logo\/image\/\",\"url\":\"https:\/\/tourtravelandmore.com\/wp-content\/uploads\/2022\/12\/cropped-logo-cabecera-new.png\",\"contentUrl\":\"https:\/\/tourtravelandmore.com\/wp-content\/uploads\/2022\/12\/cropped-logo-cabecera-new.png\",\"width\":430,\"height\":61,\"caption\":\"Tour Travel And More\"},\"image\":{\"@id\":\"https:\/\/tourtravelandmore.com\/fr\/#\/schema\/logo\/image\/\"},\"sameAs\":[\"https:\/\/www.facebook.com\/tourtravelandmore\/\",\"https:\/\/x.com\/TourTravel_More\"]}]}<\/script>\n<!-- \/ Yoast SEO Premium plugin. -->","yoast_head_json":{"title":"Avignon priv\u00e9 et domaine viticole \u00e0 Aix-en-Provence - Excursion facultative \u00e0 terre","description":"Profitez au maximum de votre s\u00e9jour \u00e0 Marseille et d\u00e9couvrez la belle ville d'Avignon. Avignon priv\u00e9 et domaine viticole \u00e0 Aix-en-Provence","robots":{"index":"index","follow":"follow","max-snippet":"max-snippet:-1","max-image-preview":"max-image-preview:large","max-video-preview":"max-video-preview:-1"},"canonical":"https:\/\/tourtravelandmore.com\/fr\/tours\/france-fr\/marseille-fr\/avignon-prive-et-domaine-viticole-a-aix-en-provence\/","og_locale":"fr_FR","og_type":"article","og_title":"Avignon priv\u00e9 et domaine viticole \u00e0 Aix-en-Provence","og_description":"Profitez au maximum de votre s\u00e9jour \u00e0 Marseille et d\u00e9couvrez la belle ville d'Avignon. Avignon priv\u00e9 et domaine viticole \u00e0 Aix-en-Provence","og_url":"https:\/\/tourtravelandmore.com\/fr\/tours\/france-fr\/marseille-fr\/avignon-prive-et-domaine-viticole-a-aix-en-provence\/","og_site_name":"Tour Travel And More","article_publisher":"https:\/\/www.facebook.com\/tourtravelandmore\/","article_modified_time":"2021-03-09T10:11:41+00:00","og_image":[{"width":1280,"height":853,"url":"https:\/\/tourtravelandmore.com\/wp-content\/uploads\/2018\/03\/55cdf4c694e49s336491.jpg","type":"image\/jpeg"}],"twitter_card":"summary_large_image","twitter_site":"@TourTravel_More","twitter_misc":{"Dur\u00e9e de lecture estim\u00e9e":"2 minutes"},"schema":{"@context":"https:\/\/schema.org","@graph":[{"@type":"WebPage","@id":"https:\/\/tourtravelandmore.com\/fr\/tours\/france-fr\/marseille-fr\/avignon-prive-et-domaine-viticole-a-aix-en-provence\/","url":"https:\/\/tourtravelandmore.com\/fr\/tours\/france-fr\/marseille-fr\/avignon-prive-et-domaine-viticole-a-aix-en-provence\/","name":"Avignon priv\u00e9 et domaine viticole \u00e0 Aix-en-Provence - Excursion facultative \u00e0 terre","isPartOf":{"@id":"https:\/\/tourtravelandmore.com\/fr\/#website"},"primaryImageOfPage":{"@id":"https:\/\/tourtravelandmore.com\/fr\/tours\/france-fr\/marseille-fr\/avignon-prive-et-domaine-viticole-a-aix-en-provence\/#primaryimage"},"image":{"@id":"https:\/\/tourtravelandmore.com\/fr\/tours\/france-fr\/marseille-fr\/avignon-prive-et-domaine-viticole-a-aix-en-provence\/#primaryimage"},"thumbnailUrl":"https:\/\/tourtravelandmore.com\/wp-content\/uploads\/2018\/03\/55cdf4c694e49s336491.jpg","datePublished":"2018-03-09T15:46:09+00:00","dateModified":"2021-03-09T10:11:41+00:00","description":"Profitez au maximum de votre s\u00e9jour \u00e0 Marseille et d\u00e9couvrez la belle ville d'Avignon. Avignon priv\u00e9 et domaine viticole \u00e0 Aix-en-Provence","breadcrumb":{"@id":"https:\/\/tourtravelandmore.com\/fr\/tours\/france-fr\/marseille-fr\/avignon-prive-et-domaine-viticole-a-aix-en-provence\/#breadcrumb"},"inLanguage":"fr-FR","potentialAction":[{"@type":"ReadAction","target":["https:\/\/tourtravelandmore.com\/fr\/tours\/france-fr\/marseille-fr\/avignon-prive-et-domaine-viticole-a-aix-en-provence\/"]}]},{"@type":"ImageObject","inLanguage":"fr-FR","@id":"https:\/\/tourtravelandmore.com\/fr\/tours\/france-fr\/marseille-fr\/avignon-prive-et-domaine-viticole-a-aix-en-provence\/#primaryimage","url":"https:\/\/tourtravelandmore.com\/wp-content\/uploads\/2018\/03\/55cdf4c694e49s336491.jpg","contentUrl":"https:\/\/tourtravelandmore.com\/wp-content\/uploads\/2018\/03\/55cdf4c694e49s336491.jpg","width":1280,"height":853},{"@type":"BreadcrumbList","@id":"https:\/\/tourtravelandmore.com\/fr\/tours\/france-fr\/marseille-fr\/avignon-prive-et-domaine-viticole-a-aix-en-provence\/#breadcrumb","itemListElement":[{"@type":"ListItem","position":1,"name":"Home","item":"https:\/\/tourtravelandmore.com\/fr\/"},{"@type":"ListItem","position":2,"name":"Tours","item":"https:\/\/tourtravelandmore.com\/fr\/tours\/"},{"@type":"ListItem","position":3,"name":"Avignon priv\u00e9 et domaine viticole \u00e0 Aix-en-Provence"}]},{"@type":"WebSite","@id":"https:\/\/tourtravelandmore.com\/fr\/#website","url":"https:\/\/tourtravelandmore.com\/fr\/","name":"Tour Travel And More","description":"Private sightseeing tours and luxury transfers in Spain","publisher":{"@id":"https:\/\/tourtravelandmore.com\/fr\/#organization"},"potentialAction":[{"@type":"SearchAction","target":{"@type":"EntryPoint","urlTemplate":"https:\/\/tourtravelandmore.com\/fr\/?s={search_term_string}"},"query-input":{"@type":"PropertyValueSpecification","valueRequired":true,"valueName":"search_term_string"}}],"inLanguage":"fr-FR"},{"@type":"Organization","@id":"https:\/\/tourtravelandmore.com\/fr\/#organization","name":"Tour Travel And More","url":"https:\/\/tourtravelandmore.com\/fr\/","logo":{"@type":"ImageObject","inLanguage":"fr-FR","@id":"https:\/\/tourtravelandmore.com\/fr\/#\/schema\/logo\/image\/","url":"https:\/\/tourtravelandmore.com\/wp-content\/uploads\/2022\/12\/cropped-logo-cabecera-new.png","contentUrl":"https:\/\/tourtravelandmore.com\/wp-content\/uploads\/2022\/12\/cropped-logo-cabecera-new.png","width":430,"height":61,"caption":"Tour Travel And More"},"image":{"@id":"https:\/\/tourtravelandmore.com\/fr\/#\/schema\/logo\/image\/"},"sameAs":["https:\/\/www.facebook.com\/tourtravelandmore\/","https:\/\/x.com\/TourTravel_More"]}]}},"_links":{"self":[{"href":"https:\/\/tourtravelandmore.com\/fr\/wp-json\/wp\/v2\/product\/101762","targetHints":{"allow":["GET"]}}],"collection":[{"href":"https:\/\/tourtravelandmore.com\/fr\/wp-json\/wp\/v2\/product"}],"about":[{"href":"https:\/\/tourtravelandmore.com\/fr\/wp-json\/wp\/v2\/types\/product"}],"replies":[{"embeddable":true,"href":"https:\/\/tourtravelandmore.com\/fr\/wp-json\/wp\/v2\/comments?post=101762"}],"wp:featuredmedia":[{"embeddable":true,"href":"https:\/\/tourtravelandmore.com\/fr\/wp-json\/wp\/v2\/media\/94796"}],"wp:attachment":[{"href":"https:\/\/tourtravelandmore.com\/fr\/wp-json\/wp\/v2\/media?parent=101762"}],"wp:term":[{"taxonomy":"product_brand","embeddable":true,"href":"https:\/\/tourtravelandmore.com\/fr\/wp-json\/wp\/v2\/product_brand?post=101762"},{"taxonomy":"product_cat","embeddable":true,"href":"https:\/\/tourtravelandmore.com\/fr\/wp-json\/wp\/v2\/product_cat?post=101762"},{"taxonomy":"product_tag","embeddable":true,"href":"https:\/\/tourtravelandmore.com\/fr\/wp-json\/wp\/v2\/product_tag?post=101762"}],"curies":[{"name":"wp","href":"https:\/\/api.w.org\/{rel}","templated":true}]}}