{"id":101756,"date":"2018-03-09T16:33:22","date_gmt":"2018-03-09T15:33:22","guid":{"rendered":"https:\/\/tourtravelandmore.com\/tours\/non%20class\u00e9\/visite-privee-de-nimes\/"},"modified":"2021-03-09T11:07:56","modified_gmt":"2021-03-09T10:07:56","slug":"visite-privee-de-nimes","status":"publish","type":"product","link":"https:\/\/tourtravelandmore.com\/fr\/tours\/france-fr\/marseille-fr\/visite-privee-de-nimes\/","title":{"rendered":"Visite priv\u00e9e de N\u00eemes"},"content":{"rendered":"<h2>Description<\/h2>\n<p>Profitez de cette visite priv\u00e9e avec votre propre chauffeur guide en anglais et apprenez \u00e0 conna\u00eetre N\u00eemes. Laissez notre chauffeur-guide vous emmener lors de cette visite priv\u00e9e de N\u00eemes au d\u00e9part de Marseille.<\/p>\n<p>Tout d&#8217;abord, nous viendrons vous chercher \u00e0 votre h\u00f4tel ou lieu de votre choix. La prise en charge priv\u00e9e peut \u00e9galement se faire depuis le port de croisi\u00e8re lors de votre excursion \u00e0 terre. Ensuite, nous allons vous emmener dans cette visite priv\u00e9e \u00e0 N\u00eemes.<\/p>\n<p>Enfin, notre chauffeur priv\u00e9 vous ram\u00e8nera \u00e0 Marseille et vous d\u00e9posera \u00e0 votre port de croisi\u00e8re ou \u00e0 votre h\u00f4tel!<\/p>\n<h2>Sites d&#8217;int\u00e9r\u00eat et monuments<\/h2>\n<p>Tout d&#8217;abord, cette visite priv\u00e9e de N\u00eemes vous permettra de conna\u00eetre N\u00eemes. Cela comprend l&#8217;amphith\u00e9\u00e2tre romain et ses constructions modernes.<\/p>\n<p>Pour commencer, votre chauffeur-guide en anglais viendra vous chercher \u00e0 Marseille et roulera 1 heure et 10 minutes vers l&#8217;ouest. Ce sera jusqu&#8217;\u00e0 votre arriv\u00e9e \u00e0 N\u00eemes. Ici, vous serez enchant\u00e9 par l&#8217;histoire que cette ville offre.<\/p>\n<p>Notre premier arr\u00eat sera Les Ar\u00e9nes. Ce sont les ruines romaines les plus \u00e9tonnantes que la ville offre. Les Ar\u00e9nes est un amphith\u00e9\u00e2tre construit au 1er si\u00e8cle. Cela a \u00e9t\u00e9 utilis\u00e9 pour les combats de gladiateurs. Il pouvait accueillir 22 000 spectateurs. Apr\u00e8s la chute de l&#8217;empire romain, il a servi de logement \u00e0 environ 2.000 personnes dans des conditions de mis\u00e8re. Au XIXe si\u00e8cle, il a \u00e9t\u00e9 restaur\u00e9.<\/p>\n<p>Deuxi\u00e8mement, visitez la Fontaine du Cocodrile et le b\u00e2timent le plus c\u00e9l\u00e8bre de N\u00eemes, le Castellum (un aqueduc de 50 km pour envoyer de l&#8217;eau \u00e0 toute la ville de N\u00eemes \u00e0 l&#8217;\u00e9poque romaine).<\/p>\n<p>Troisi\u00e8mement, profitez d&#8217;une visite \u00e0 la cath\u00e9drale Notre-Dame et St-Castor. Il est ouvert aux visites tous les jours de 10h00 \u00e0 12h00.<\/p>\n<p>Quatri\u00e8mement, visitez la Maison Carr\u00e9e. C&#8217;est le temple romain le mieux conserv\u00e9 de la ville. Il a \u00e9t\u00e9 construit par Agrippa, de style hell\u00e9nique et corinthien. A l&#8217;int\u00e9rieur du b\u00e2timent il y a une projection en 3D de l&#8217;histoire de N\u00eemes. Si vous \u00eates int\u00e9ress\u00e9 \u00e0 visiter, nous pouvons organiser vos billets, faites-le nous savoir!<\/p>\n<p>Ceci est une visite priv\u00e9e parfaite de N\u00eemes au d\u00e9part de Marseille.<\/p>\n<p>Enfin, demandez \u00e0 notre chauffeur priv\u00e9 de vous ramener \u00e0 Marseille.<\/p>\n<p>Jetez un \u0153il aux autres exp\u00e9riences priv\u00e9es que nous vous proposons! N&#8217;oubliez pas que nous proposons \u00e9galement des activit\u00e9s priv\u00e9es dans le monde entier!<\/p>\n","protected":false},"excerpt":{"rendered":"<p>Profitez au maximum de votre s\u00e9jour \u00e0 Marseille et d\u00e9couvrez l&#8217;une des villes les plus historiques de toute la France: N\u00eemes. Visite priv\u00e9e de N\u00eemes au d\u00e9part de Marseille.<\/p>\n","protected":false},"featured_media":94789,"comment_status":"open","ping_status":"closed","template":"","meta":{"_acf_changed":false},"product_brand":[],"product_cat":[3678],"product_tag":[],"class_list":{"0":"post-101756","1":"product","2":"type-product","3":"status-publish","4":"has-post-thumbnail","6":"product_cat-marseille-fr","8":"first","9":"instock","10":"shipping-taxable","11":"purchasable","12":"product-type-simple"},"acf":[],"yoast_head":"<!-- This site is optimized with the Yoast SEO Premium plugin v25.3.1 (Yoast SEO v25.3.1) - https:\/\/yoast.com\/wordpress\/plugins\/seo\/ -->\n<title>Visite priv\u00e9e de N\u00eemes au d\u00e9part de Marseille avec chauffeur-guide priv\u00e9<\/title>\n<meta name=\"description\" content=\"Profitez au maximum de votre s\u00e9jour \u00e0 Marseille et d\u00e9couvrez l&#039;une des villes les plus historiques de toute la France: N\u00eemes. Visite priv\u00e9e de N\u00eemes au d\u00e9part de Marseille.\" \/>\n<meta name=\"robots\" content=\"index, follow, max-snippet:-1, max-image-preview:large, max-video-preview:-1\" \/>\n<link rel=\"canonical\" href=\"https:\/\/tourtravelandmore.com\/fr\/tours\/france-fr\/marseille-fr\/visite-privee-de-nimes\/\" \/>\n<meta property=\"og:locale\" content=\"fr_FR\" \/>\n<meta property=\"og:type\" content=\"article\" \/>\n<meta property=\"og:title\" content=\"Visite priv\u00e9e de N\u00eemes\" \/>\n<meta property=\"og:description\" content=\"Profitez au maximum de votre s\u00e9jour \u00e0 Marseille et d\u00e9couvrez l&#039;une des villes les plus historiques de toute la France: N\u00eemes. Visite priv\u00e9e de N\u00eemes au d\u00e9part de Marseille.\" \/>\n<meta property=\"og:url\" content=\"https:\/\/tourtravelandmore.com\/fr\/tours\/france-fr\/marseille-fr\/visite-privee-de-nimes\/\" \/>\n<meta property=\"og:site_name\" content=\"Tour Travel And More\" \/>\n<meta property=\"article:publisher\" content=\"https:\/\/www.facebook.com\/tourtravelandmore\/\" \/>\n<meta property=\"article:modified_time\" content=\"2021-03-09T10:07:56+00:00\" \/>\n<meta property=\"og:image\" content=\"https:\/\/tourtravelandmore.com\/wp-content\/uploads\/2018\/03\/arenes-nimes.jpg\" \/>\n\t<meta property=\"og:image:width\" content=\"1400\" \/>\n\t<meta property=\"og:image:height\" content=\"933\" \/>\n\t<meta property=\"og:image:type\" content=\"image\/jpeg\" \/>\n<meta name=\"twitter:card\" content=\"summary_large_image\" \/>\n<meta name=\"twitter:site\" content=\"@TourTravel_More\" \/>\n<meta name=\"twitter:label1\" content=\"Dur\u00e9e de lecture estim\u00e9e\" \/>\n\t<meta name=\"twitter:data1\" content=\"2 minutes\" \/>\n<script type=\"application\/ld+json\" class=\"yoast-schema-graph\">{\"@context\":\"https:\/\/schema.org\",\"@graph\":[{\"@type\":\"WebPage\",\"@id\":\"https:\/\/tourtravelandmore.com\/fr\/tours\/france-fr\/marseille-fr\/visite-privee-de-nimes\/\",\"url\":\"https:\/\/tourtravelandmore.com\/fr\/tours\/france-fr\/marseille-fr\/visite-privee-de-nimes\/\",\"name\":\"Visite priv\u00e9e de N\u00eemes au d\u00e9part de Marseille avec chauffeur-guide priv\u00e9\",\"isPartOf\":{\"@id\":\"https:\/\/tourtravelandmore.com\/fr\/#website\"},\"primaryImageOfPage\":{\"@id\":\"https:\/\/tourtravelandmore.com\/fr\/tours\/france-fr\/marseille-fr\/visite-privee-de-nimes\/#primaryimage\"},\"image\":{\"@id\":\"https:\/\/tourtravelandmore.com\/fr\/tours\/france-fr\/marseille-fr\/visite-privee-de-nimes\/#primaryimage\"},\"thumbnailUrl\":\"https:\/\/tourtravelandmore.com\/wp-content\/uploads\/2018\/03\/arenes-nimes.jpg\",\"datePublished\":\"2018-03-09T15:33:22+00:00\",\"dateModified\":\"2021-03-09T10:07:56+00:00\",\"description\":\"Profitez au maximum de votre s\u00e9jour \u00e0 Marseille et d\u00e9couvrez l'une des villes les plus historiques de toute la France: N\u00eemes. Visite priv\u00e9e de N\u00eemes au d\u00e9part de Marseille.\",\"breadcrumb\":{\"@id\":\"https:\/\/tourtravelandmore.com\/fr\/tours\/france-fr\/marseille-fr\/visite-privee-de-nimes\/#breadcrumb\"},\"inLanguage\":\"fr-FR\",\"potentialAction\":[{\"@type\":\"ReadAction\",\"target\":[\"https:\/\/tourtravelandmore.com\/fr\/tours\/france-fr\/marseille-fr\/visite-privee-de-nimes\/\"]}]},{\"@type\":\"ImageObject\",\"inLanguage\":\"fr-FR\",\"@id\":\"https:\/\/tourtravelandmore.com\/fr\/tours\/france-fr\/marseille-fr\/visite-privee-de-nimes\/#primaryimage\",\"url\":\"https:\/\/tourtravelandmore.com\/wp-content\/uploads\/2018\/03\/arenes-nimes.jpg\",\"contentUrl\":\"https:\/\/tourtravelandmore.com\/wp-content\/uploads\/2018\/03\/arenes-nimes.jpg\",\"width\":1400,\"height\":933},{\"@type\":\"BreadcrumbList\",\"@id\":\"https:\/\/tourtravelandmore.com\/fr\/tours\/france-fr\/marseille-fr\/visite-privee-de-nimes\/#breadcrumb\",\"itemListElement\":[{\"@type\":\"ListItem\",\"position\":1,\"name\":\"Home\",\"item\":\"https:\/\/tourtravelandmore.com\/fr\/\"},{\"@type\":\"ListItem\",\"position\":2,\"name\":\"Tours\",\"item\":\"https:\/\/tourtravelandmore.com\/fr\/tours\/\"},{\"@type\":\"ListItem\",\"position\":3,\"name\":\"Visite priv\u00e9e de N\u00eemes\"}]},{\"@type\":\"WebSite\",\"@id\":\"https:\/\/tourtravelandmore.com\/fr\/#website\",\"url\":\"https:\/\/tourtravelandmore.com\/fr\/\",\"name\":\"Tour Travel And More\",\"description\":\"Private sightseeing tours and luxury transfers in Spain\",\"publisher\":{\"@id\":\"https:\/\/tourtravelandmore.com\/fr\/#organization\"},\"potentialAction\":[{\"@type\":\"SearchAction\",\"target\":{\"@type\":\"EntryPoint\",\"urlTemplate\":\"https:\/\/tourtravelandmore.com\/fr\/?s={search_term_string}\"},\"query-input\":{\"@type\":\"PropertyValueSpecification\",\"valueRequired\":true,\"valueName\":\"search_term_string\"}}],\"inLanguage\":\"fr-FR\"},{\"@type\":\"Organization\",\"@id\":\"https:\/\/tourtravelandmore.com\/fr\/#organization\",\"name\":\"Tour Travel And More\",\"url\":\"https:\/\/tourtravelandmore.com\/fr\/\",\"logo\":{\"@type\":\"ImageObject\",\"inLanguage\":\"fr-FR\",\"@id\":\"https:\/\/tourtravelandmore.com\/fr\/#\/schema\/logo\/image\/\",\"url\":\"https:\/\/tourtravelandmore.com\/wp-content\/uploads\/2022\/12\/cropped-logo-cabecera-new.png\",\"contentUrl\":\"https:\/\/tourtravelandmore.com\/wp-content\/uploads\/2022\/12\/cropped-logo-cabecera-new.png\",\"width\":430,\"height\":61,\"caption\":\"Tour Travel And More\"},\"image\":{\"@id\":\"https:\/\/tourtravelandmore.com\/fr\/#\/schema\/logo\/image\/\"},\"sameAs\":[\"https:\/\/www.facebook.com\/tourtravelandmore\/\",\"https:\/\/x.com\/TourTravel_More\"]}]}<\/script>\n<!-- \/ Yoast SEO Premium plugin. -->","yoast_head_json":{"title":"Visite priv\u00e9e de N\u00eemes au d\u00e9part de Marseille avec chauffeur-guide priv\u00e9","description":"Profitez au maximum de votre s\u00e9jour \u00e0 Marseille et d\u00e9couvrez l'une des villes les plus historiques de toute la France: N\u00eemes. Visite priv\u00e9e de N\u00eemes au d\u00e9part de Marseille.","robots":{"index":"index","follow":"follow","max-snippet":"max-snippet:-1","max-image-preview":"max-image-preview:large","max-video-preview":"max-video-preview:-1"},"canonical":"https:\/\/tourtravelandmore.com\/fr\/tours\/france-fr\/marseille-fr\/visite-privee-de-nimes\/","og_locale":"fr_FR","og_type":"article","og_title":"Visite priv\u00e9e de N\u00eemes","og_description":"Profitez au maximum de votre s\u00e9jour \u00e0 Marseille et d\u00e9couvrez l'une des villes les plus historiques de toute la France: N\u00eemes. Visite priv\u00e9e de N\u00eemes au d\u00e9part de Marseille.","og_url":"https:\/\/tourtravelandmore.com\/fr\/tours\/france-fr\/marseille-fr\/visite-privee-de-nimes\/","og_site_name":"Tour Travel And More","article_publisher":"https:\/\/www.facebook.com\/tourtravelandmore\/","article_modified_time":"2021-03-09T10:07:56+00:00","og_image":[{"width":1400,"height":933,"url":"https:\/\/tourtravelandmore.com\/wp-content\/uploads\/2018\/03\/arenes-nimes.jpg","type":"image\/jpeg"}],"twitter_card":"summary_large_image","twitter_site":"@TourTravel_More","twitter_misc":{"Dur\u00e9e de lecture estim\u00e9e":"2 minutes"},"schema":{"@context":"https:\/\/schema.org","@graph":[{"@type":"WebPage","@id":"https:\/\/tourtravelandmore.com\/fr\/tours\/france-fr\/marseille-fr\/visite-privee-de-nimes\/","url":"https:\/\/tourtravelandmore.com\/fr\/tours\/france-fr\/marseille-fr\/visite-privee-de-nimes\/","name":"Visite priv\u00e9e de N\u00eemes au d\u00e9part de Marseille avec chauffeur-guide priv\u00e9","isPartOf":{"@id":"https:\/\/tourtravelandmore.com\/fr\/#website"},"primaryImageOfPage":{"@id":"https:\/\/tourtravelandmore.com\/fr\/tours\/france-fr\/marseille-fr\/visite-privee-de-nimes\/#primaryimage"},"image":{"@id":"https:\/\/tourtravelandmore.com\/fr\/tours\/france-fr\/marseille-fr\/visite-privee-de-nimes\/#primaryimage"},"thumbnailUrl":"https:\/\/tourtravelandmore.com\/wp-content\/uploads\/2018\/03\/arenes-nimes.jpg","datePublished":"2018-03-09T15:33:22+00:00","dateModified":"2021-03-09T10:07:56+00:00","description":"Profitez au maximum de votre s\u00e9jour \u00e0 Marseille et d\u00e9couvrez l'une des villes les plus historiques de toute la France: N\u00eemes. Visite priv\u00e9e de N\u00eemes au d\u00e9part de Marseille.","breadcrumb":{"@id":"https:\/\/tourtravelandmore.com\/fr\/tours\/france-fr\/marseille-fr\/visite-privee-de-nimes\/#breadcrumb"},"inLanguage":"fr-FR","potentialAction":[{"@type":"ReadAction","target":["https:\/\/tourtravelandmore.com\/fr\/tours\/france-fr\/marseille-fr\/visite-privee-de-nimes\/"]}]},{"@type":"ImageObject","inLanguage":"fr-FR","@id":"https:\/\/tourtravelandmore.com\/fr\/tours\/france-fr\/marseille-fr\/visite-privee-de-nimes\/#primaryimage","url":"https:\/\/tourtravelandmore.com\/wp-content\/uploads\/2018\/03\/arenes-nimes.jpg","contentUrl":"https:\/\/tourtravelandmore.com\/wp-content\/uploads\/2018\/03\/arenes-nimes.jpg","width":1400,"height":933},{"@type":"BreadcrumbList","@id":"https:\/\/tourtravelandmore.com\/fr\/tours\/france-fr\/marseille-fr\/visite-privee-de-nimes\/#breadcrumb","itemListElement":[{"@type":"ListItem","position":1,"name":"Home","item":"https:\/\/tourtravelandmore.com\/fr\/"},{"@type":"ListItem","position":2,"name":"Tours","item":"https:\/\/tourtravelandmore.com\/fr\/tours\/"},{"@type":"ListItem","position":3,"name":"Visite priv\u00e9e de N\u00eemes"}]},{"@type":"WebSite","@id":"https:\/\/tourtravelandmore.com\/fr\/#website","url":"https:\/\/tourtravelandmore.com\/fr\/","name":"Tour Travel And More","description":"Private sightseeing tours and luxury transfers in Spain","publisher":{"@id":"https:\/\/tourtravelandmore.com\/fr\/#organization"},"potentialAction":[{"@type":"SearchAction","target":{"@type":"EntryPoint","urlTemplate":"https:\/\/tourtravelandmore.com\/fr\/?s={search_term_string}"},"query-input":{"@type":"PropertyValueSpecification","valueRequired":true,"valueName":"search_term_string"}}],"inLanguage":"fr-FR"},{"@type":"Organization","@id":"https:\/\/tourtravelandmore.com\/fr\/#organization","name":"Tour Travel And More","url":"https:\/\/tourtravelandmore.com\/fr\/","logo":{"@type":"ImageObject","inLanguage":"fr-FR","@id":"https:\/\/tourtravelandmore.com\/fr\/#\/schema\/logo\/image\/","url":"https:\/\/tourtravelandmore.com\/wp-content\/uploads\/2022\/12\/cropped-logo-cabecera-new.png","contentUrl":"https:\/\/tourtravelandmore.com\/wp-content\/uploads\/2022\/12\/cropped-logo-cabecera-new.png","width":430,"height":61,"caption":"Tour Travel And More"},"image":{"@id":"https:\/\/tourtravelandmore.com\/fr\/#\/schema\/logo\/image\/"},"sameAs":["https:\/\/www.facebook.com\/tourtravelandmore\/","https:\/\/x.com\/TourTravel_More"]}]}},"_links":{"self":[{"href":"https:\/\/tourtravelandmore.com\/fr\/wp-json\/wp\/v2\/product\/101756","targetHints":{"allow":["GET"]}}],"collection":[{"href":"https:\/\/tourtravelandmore.com\/fr\/wp-json\/wp\/v2\/product"}],"about":[{"href":"https:\/\/tourtravelandmore.com\/fr\/wp-json\/wp\/v2\/types\/product"}],"replies":[{"embeddable":true,"href":"https:\/\/tourtravelandmore.com\/fr\/wp-json\/wp\/v2\/comments?post=101756"}],"wp:featuredmedia":[{"embeddable":true,"href":"https:\/\/tourtravelandmore.com\/fr\/wp-json\/wp\/v2\/media\/94789"}],"wp:attachment":[{"href":"https:\/\/tourtravelandmore.com\/fr\/wp-json\/wp\/v2\/media?parent=101756"}],"wp:term":[{"taxonomy":"product_brand","embeddable":true,"href":"https:\/\/tourtravelandmore.com\/fr\/wp-json\/wp\/v2\/product_brand?post=101756"},{"taxonomy":"product_cat","embeddable":true,"href":"https:\/\/tourtravelandmore.com\/fr\/wp-json\/wp\/v2\/product_cat?post=101756"},{"taxonomy":"product_tag","embeddable":true,"href":"https:\/\/tourtravelandmore.com\/fr\/wp-json\/wp\/v2\/product_tag?post=101756"}],"curies":[{"name":"wp","href":"https:\/\/api.w.org\/{rel}","templated":true}]}}