{"id":101751,"date":"2018-03-09T16:15:44","date_gmt":"2018-03-09T15:15:44","guid":{"rendered":"https:\/\/tourtravelandmore.com\/tours\/non%20class\u00e9\/private-marseille-tour\/"},"modified":"2021-03-09T11:06:28","modified_gmt":"2021-03-09T10:06:28","slug":"private-marseille-tour","status":"publish","type":"product","link":"https:\/\/tourtravelandmore.com\/fr\/tours\/france-fr\/marseille-fr\/private-marseille-tour\/","title":{"rendered":"Visite priv\u00e9e de Marseille"},"content":{"rendered":"<h2>Description<\/h2>\n<p>Laissez-nous vous emmener dans cette visite priv\u00e9e de Marseille pour d\u00e9couvrir le meilleur de la ville de Marseille.<\/p>\n<p>Pour nos visites priv\u00e9es, nous organiserons bien s\u00fbr une prise en charge confortable. Nous pouvons organiser la prise en charge \u00e0 votre h\u00f4tel \u00e0 Marseille. La prise en charge peut \u00e9galement se faire depuis le port de croisi\u00e8re. C&#8217;est une excursion \u00e0 terre parfaite si vous n&#8217;avez pas beaucoup de temps. Si votre croisi\u00e8re n&#8217;est pas amarr\u00e9e pendant une journ\u00e9e compl\u00e8te, cette visite priv\u00e9e d&#8217;une demi-journ\u00e9e est parfaite pour vous!<\/p>\n<p>Tout d&#8217;abord, notre chauffeur-guide vous attendra pour commencer cette visite priv\u00e9e. Nous nous dirigerons ensuite vers le centre-ville et le vieux port de Marseille. Profitez des meilleurs quartiers de cette ville unique!<\/p>\n<p>Enfin, faites-nous vous d\u00e9poser \u00e0 Marseille \u00e0 votre h\u00f4tel ou port de croisi\u00e8re.<\/p>\n<h2>Sites d&#8217;int\u00e9r\u00eat et monuments<\/h2>\n<p>Avec cette visite priv\u00e9e, vous apprendrez \u00e0 conna\u00eetre les meilleurs endroits de Marseille. L&#8217;un des meilleurs moyens de conna\u00eetre la ville est de faire une visite priv\u00e9e \u00e0 Marseille.<\/p>\n<p>Vous passerez par La Canebi\u00e9re, un beau boulevard qui va du port, jusqu&#8217;au quartier Reform\u00e9s. Il a une longueur de 1 kilom\u00e8tre, et il a \u00e9t\u00e9 construit en 1666, par le roi Louis XIV, dans le but d&#8217;agrandir la ville.<\/p>\n<p>Vous d\u00e9couvrirez la vieille ville de Marseille, y compris son vieux port. Les deux endroits ont d\u00fb \u00eatre reconstruits apr\u00e8s la Seconde Guerre mondiale. Vous verrez la Vieille Charit\u00e9, un \u00e9norme b\u00e2timent con\u00e7u par Pierre Puget, initialement construit pour \u00eatre utilis\u00e9 comme lieu de r\u00e9fugi\u00e9s pour les immigrants ruraux.<\/p>\n<p>Lorsque le nouveau port a \u00e9t\u00e9 construit, ils ont retrouv\u00e9 les anciens ports romains d&#8217;il y a des milliers d&#8217;ann\u00e9es. En raison de cette d\u00e9couverte, un mus\u00e9e avec des objets de l&#8217;\u00e9poque romaine a \u00e9t\u00e9 ouvert, le Mus\u00e9e des Docks Romains. Si vous souhaitez visiter le mus\u00e9e, n&#8217;h\u00e9sitez pas \u00e0 nous contacter afin que nous puissions vous r\u00e9server des billets.<\/p>\n<p>Vous visiterez \u00e9galement la Cath\u00e9drale Majeure, construite en 1893 \u00e0 c\u00f4t\u00e9 de l&#8217;ancienne cath\u00e9drale, construite au XIe si\u00e8cle. Et bien s\u00fbr, nous pouvons organiser des visites d&#8217;autres sports qui vous int\u00e9ressent particuli\u00e8rement \u00e0 Marseille.<\/p>\n<p>Lorsque le temps est termin\u00e9, votre lecteur \/ guide en anglais vous ram\u00e8nera \u00e0 l&#8217;endroit o\u00f9 la visite a commenc\u00e9.<\/p>\n<p>Ne manquez pas nos excursions ou exp\u00e9riences priv\u00e9es \u00e0 terre \u00e0 Marseille!<\/p>\n","protected":false},"excerpt":{"rendered":"<p>Profitez au maximum de votre s\u00e9jour \u00e0 Marseille et d\u00e9couvrez, avec un chauffeur \/ guide professionnel, les sites les plus embl\u00e9matiques et repr\u00e9sentatifs de la ville. Visite priv\u00e9e de Marseille.<\/p>\n","protected":false},"featured_media":94787,"comment_status":"open","ping_status":"closed","template":"","meta":{"_acf_changed":false},"product_brand":[],"product_cat":[3678],"product_tag":[],"class_list":{"0":"post-101751","1":"product","2":"type-product","3":"status-publish","4":"has-post-thumbnail","6":"product_cat-marseille-fr","8":"first","9":"instock","10":"shipping-taxable","11":"purchasable","12":"product-type-simple"},"acf":[],"yoast_head":"<!-- This site is optimized with the Yoast SEO Premium plugin v25.3.1 (Yoast SEO v25.3.1) - https:\/\/yoast.com\/wordpress\/plugins\/seo\/ -->\n<title>Visite priv\u00e9e de Marseille - Chauffeur-guide priv\u00e9 en v\u00e9hicule de luxe<\/title>\n<meta name=\"description\" content=\"Profitez au maximum de votre s\u00e9jour \u00e0 Marseille et faites connaissance, avec un chauffeur \/ guide professionnel, des plus embl\u00e9matiques. Visite priv\u00e9e de Marseille\" \/>\n<meta name=\"robots\" content=\"index, follow, max-snippet:-1, max-image-preview:large, max-video-preview:-1\" \/>\n<link rel=\"canonical\" href=\"https:\/\/tourtravelandmore.com\/fr\/tours\/france-fr\/marseille-fr\/private-marseille-tour\/\" \/>\n<meta property=\"og:locale\" content=\"fr_FR\" \/>\n<meta property=\"og:type\" content=\"article\" \/>\n<meta property=\"og:title\" content=\"Visite priv\u00e9e de Marseille\" \/>\n<meta property=\"og:description\" content=\"Profitez au maximum de votre s\u00e9jour \u00e0 Marseille et faites connaissance, avec un chauffeur \/ guide professionnel, des plus embl\u00e9matiques. Visite priv\u00e9e de Marseille\" \/>\n<meta property=\"og:url\" content=\"https:\/\/tourtravelandmore.com\/fr\/tours\/france-fr\/marseille-fr\/private-marseille-tour\/\" \/>\n<meta property=\"og:site_name\" content=\"Tour Travel And More\" \/>\n<meta property=\"article:publisher\" content=\"https:\/\/www.facebook.com\/tourtravelandmore\/\" \/>\n<meta property=\"article:modified_time\" content=\"2021-03-09T10:06:28+00:00\" \/>\n<meta property=\"og:image\" content=\"https:\/\/tourtravelandmore.com\/wp-content\/uploads\/2018\/03\/marseilless.jpg\" \/>\n\t<meta property=\"og:image:width\" content=\"798\" \/>\n\t<meta property=\"og:image:height\" content=\"449\" \/>\n\t<meta property=\"og:image:type\" content=\"image\/jpeg\" \/>\n<meta name=\"twitter:card\" content=\"summary_large_image\" \/>\n<meta name=\"twitter:site\" content=\"@TourTravel_More\" \/>\n<meta name=\"twitter:label1\" content=\"Dur\u00e9e de lecture estim\u00e9e\" \/>\n\t<meta name=\"twitter:data1\" content=\"2 minutes\" \/>\n<script type=\"application\/ld+json\" class=\"yoast-schema-graph\">{\"@context\":\"https:\/\/schema.org\",\"@graph\":[{\"@type\":\"WebPage\",\"@id\":\"https:\/\/tourtravelandmore.com\/fr\/tours\/france-fr\/marseille-fr\/private-marseille-tour\/\",\"url\":\"https:\/\/tourtravelandmore.com\/fr\/tours\/france-fr\/marseille-fr\/private-marseille-tour\/\",\"name\":\"Visite priv\u00e9e de Marseille - Chauffeur-guide priv\u00e9 en v\u00e9hicule de luxe\",\"isPartOf\":{\"@id\":\"https:\/\/tourtravelandmore.com\/fr\/#website\"},\"primaryImageOfPage\":{\"@id\":\"https:\/\/tourtravelandmore.com\/fr\/tours\/france-fr\/marseille-fr\/private-marseille-tour\/#primaryimage\"},\"image\":{\"@id\":\"https:\/\/tourtravelandmore.com\/fr\/tours\/france-fr\/marseille-fr\/private-marseille-tour\/#primaryimage\"},\"thumbnailUrl\":\"https:\/\/tourtravelandmore.com\/wp-content\/uploads\/2018\/03\/marseilless.jpg\",\"datePublished\":\"2018-03-09T15:15:44+00:00\",\"dateModified\":\"2021-03-09T10:06:28+00:00\",\"description\":\"Profitez au maximum de votre s\u00e9jour \u00e0 Marseille et faites connaissance, avec un chauffeur \/ guide professionnel, des plus embl\u00e9matiques. Visite priv\u00e9e de Marseille\",\"breadcrumb\":{\"@id\":\"https:\/\/tourtravelandmore.com\/fr\/tours\/france-fr\/marseille-fr\/private-marseille-tour\/#breadcrumb\"},\"inLanguage\":\"fr-FR\",\"potentialAction\":[{\"@type\":\"ReadAction\",\"target\":[\"https:\/\/tourtravelandmore.com\/fr\/tours\/france-fr\/marseille-fr\/private-marseille-tour\/\"]}]},{\"@type\":\"ImageObject\",\"inLanguage\":\"fr-FR\",\"@id\":\"https:\/\/tourtravelandmore.com\/fr\/tours\/france-fr\/marseille-fr\/private-marseille-tour\/#primaryimage\",\"url\":\"https:\/\/tourtravelandmore.com\/wp-content\/uploads\/2018\/03\/marseilless.jpg\",\"contentUrl\":\"https:\/\/tourtravelandmore.com\/wp-content\/uploads\/2018\/03\/marseilless.jpg\",\"width\":798,\"height\":449},{\"@type\":\"BreadcrumbList\",\"@id\":\"https:\/\/tourtravelandmore.com\/fr\/tours\/france-fr\/marseille-fr\/private-marseille-tour\/#breadcrumb\",\"itemListElement\":[{\"@type\":\"ListItem\",\"position\":1,\"name\":\"Home\",\"item\":\"https:\/\/tourtravelandmore.com\/fr\/\"},{\"@type\":\"ListItem\",\"position\":2,\"name\":\"Tours\",\"item\":\"https:\/\/tourtravelandmore.com\/fr\/tours\/\"},{\"@type\":\"ListItem\",\"position\":3,\"name\":\"Visite priv\u00e9e de Marseille\"}]},{\"@type\":\"WebSite\",\"@id\":\"https:\/\/tourtravelandmore.com\/fr\/#website\",\"url\":\"https:\/\/tourtravelandmore.com\/fr\/\",\"name\":\"Tour Travel And More\",\"description\":\"Private sightseeing tours and luxury transfers in Spain\",\"publisher\":{\"@id\":\"https:\/\/tourtravelandmore.com\/fr\/#organization\"},\"potentialAction\":[{\"@type\":\"SearchAction\",\"target\":{\"@type\":\"EntryPoint\",\"urlTemplate\":\"https:\/\/tourtravelandmore.com\/fr\/?s={search_term_string}\"},\"query-input\":{\"@type\":\"PropertyValueSpecification\",\"valueRequired\":true,\"valueName\":\"search_term_string\"}}],\"inLanguage\":\"fr-FR\"},{\"@type\":\"Organization\",\"@id\":\"https:\/\/tourtravelandmore.com\/fr\/#organization\",\"name\":\"Tour Travel And More\",\"url\":\"https:\/\/tourtravelandmore.com\/fr\/\",\"logo\":{\"@type\":\"ImageObject\",\"inLanguage\":\"fr-FR\",\"@id\":\"https:\/\/tourtravelandmore.com\/fr\/#\/schema\/logo\/image\/\",\"url\":\"https:\/\/tourtravelandmore.com\/wp-content\/uploads\/2022\/12\/cropped-logo-cabecera-new.png\",\"contentUrl\":\"https:\/\/tourtravelandmore.com\/wp-content\/uploads\/2022\/12\/cropped-logo-cabecera-new.png\",\"width\":430,\"height\":61,\"caption\":\"Tour Travel And More\"},\"image\":{\"@id\":\"https:\/\/tourtravelandmore.com\/fr\/#\/schema\/logo\/image\/\"},\"sameAs\":[\"https:\/\/www.facebook.com\/tourtravelandmore\/\",\"https:\/\/x.com\/TourTravel_More\"]}]}<\/script>\n<!-- \/ Yoast SEO Premium plugin. -->","yoast_head_json":{"title":"Visite priv\u00e9e de Marseille - Chauffeur-guide priv\u00e9 en v\u00e9hicule de luxe","description":"Profitez au maximum de votre s\u00e9jour \u00e0 Marseille et faites connaissance, avec un chauffeur \/ guide professionnel, des plus embl\u00e9matiques. Visite priv\u00e9e de Marseille","robots":{"index":"index","follow":"follow","max-snippet":"max-snippet:-1","max-image-preview":"max-image-preview:large","max-video-preview":"max-video-preview:-1"},"canonical":"https:\/\/tourtravelandmore.com\/fr\/tours\/france-fr\/marseille-fr\/private-marseille-tour\/","og_locale":"fr_FR","og_type":"article","og_title":"Visite priv\u00e9e de Marseille","og_description":"Profitez au maximum de votre s\u00e9jour \u00e0 Marseille et faites connaissance, avec un chauffeur \/ guide professionnel, des plus embl\u00e9matiques. Visite priv\u00e9e de Marseille","og_url":"https:\/\/tourtravelandmore.com\/fr\/tours\/france-fr\/marseille-fr\/private-marseille-tour\/","og_site_name":"Tour Travel And More","article_publisher":"https:\/\/www.facebook.com\/tourtravelandmore\/","article_modified_time":"2021-03-09T10:06:28+00:00","og_image":[{"width":798,"height":449,"url":"https:\/\/tourtravelandmore.com\/wp-content\/uploads\/2018\/03\/marseilless.jpg","type":"image\/jpeg"}],"twitter_card":"summary_large_image","twitter_site":"@TourTravel_More","twitter_misc":{"Dur\u00e9e de lecture estim\u00e9e":"2 minutes"},"schema":{"@context":"https:\/\/schema.org","@graph":[{"@type":"WebPage","@id":"https:\/\/tourtravelandmore.com\/fr\/tours\/france-fr\/marseille-fr\/private-marseille-tour\/","url":"https:\/\/tourtravelandmore.com\/fr\/tours\/france-fr\/marseille-fr\/private-marseille-tour\/","name":"Visite priv\u00e9e de Marseille - Chauffeur-guide priv\u00e9 en v\u00e9hicule de luxe","isPartOf":{"@id":"https:\/\/tourtravelandmore.com\/fr\/#website"},"primaryImageOfPage":{"@id":"https:\/\/tourtravelandmore.com\/fr\/tours\/france-fr\/marseille-fr\/private-marseille-tour\/#primaryimage"},"image":{"@id":"https:\/\/tourtravelandmore.com\/fr\/tours\/france-fr\/marseille-fr\/private-marseille-tour\/#primaryimage"},"thumbnailUrl":"https:\/\/tourtravelandmore.com\/wp-content\/uploads\/2018\/03\/marseilless.jpg","datePublished":"2018-03-09T15:15:44+00:00","dateModified":"2021-03-09T10:06:28+00:00","description":"Profitez au maximum de votre s\u00e9jour \u00e0 Marseille et faites connaissance, avec un chauffeur \/ guide professionnel, des plus embl\u00e9matiques. Visite priv\u00e9e de Marseille","breadcrumb":{"@id":"https:\/\/tourtravelandmore.com\/fr\/tours\/france-fr\/marseille-fr\/private-marseille-tour\/#breadcrumb"},"inLanguage":"fr-FR","potentialAction":[{"@type":"ReadAction","target":["https:\/\/tourtravelandmore.com\/fr\/tours\/france-fr\/marseille-fr\/private-marseille-tour\/"]}]},{"@type":"ImageObject","inLanguage":"fr-FR","@id":"https:\/\/tourtravelandmore.com\/fr\/tours\/france-fr\/marseille-fr\/private-marseille-tour\/#primaryimage","url":"https:\/\/tourtravelandmore.com\/wp-content\/uploads\/2018\/03\/marseilless.jpg","contentUrl":"https:\/\/tourtravelandmore.com\/wp-content\/uploads\/2018\/03\/marseilless.jpg","width":798,"height":449},{"@type":"BreadcrumbList","@id":"https:\/\/tourtravelandmore.com\/fr\/tours\/france-fr\/marseille-fr\/private-marseille-tour\/#breadcrumb","itemListElement":[{"@type":"ListItem","position":1,"name":"Home","item":"https:\/\/tourtravelandmore.com\/fr\/"},{"@type":"ListItem","position":2,"name":"Tours","item":"https:\/\/tourtravelandmore.com\/fr\/tours\/"},{"@type":"ListItem","position":3,"name":"Visite priv\u00e9e de Marseille"}]},{"@type":"WebSite","@id":"https:\/\/tourtravelandmore.com\/fr\/#website","url":"https:\/\/tourtravelandmore.com\/fr\/","name":"Tour Travel And More","description":"Private sightseeing tours and luxury transfers in Spain","publisher":{"@id":"https:\/\/tourtravelandmore.com\/fr\/#organization"},"potentialAction":[{"@type":"SearchAction","target":{"@type":"EntryPoint","urlTemplate":"https:\/\/tourtravelandmore.com\/fr\/?s={search_term_string}"},"query-input":{"@type":"PropertyValueSpecification","valueRequired":true,"valueName":"search_term_string"}}],"inLanguage":"fr-FR"},{"@type":"Organization","@id":"https:\/\/tourtravelandmore.com\/fr\/#organization","name":"Tour Travel And More","url":"https:\/\/tourtravelandmore.com\/fr\/","logo":{"@type":"ImageObject","inLanguage":"fr-FR","@id":"https:\/\/tourtravelandmore.com\/fr\/#\/schema\/logo\/image\/","url":"https:\/\/tourtravelandmore.com\/wp-content\/uploads\/2022\/12\/cropped-logo-cabecera-new.png","contentUrl":"https:\/\/tourtravelandmore.com\/wp-content\/uploads\/2022\/12\/cropped-logo-cabecera-new.png","width":430,"height":61,"caption":"Tour Travel And More"},"image":{"@id":"https:\/\/tourtravelandmore.com\/fr\/#\/schema\/logo\/image\/"},"sameAs":["https:\/\/www.facebook.com\/tourtravelandmore\/","https:\/\/x.com\/TourTravel_More"]}]}},"_links":{"self":[{"href":"https:\/\/tourtravelandmore.com\/fr\/wp-json\/wp\/v2\/product\/101751","targetHints":{"allow":["GET"]}}],"collection":[{"href":"https:\/\/tourtravelandmore.com\/fr\/wp-json\/wp\/v2\/product"}],"about":[{"href":"https:\/\/tourtravelandmore.com\/fr\/wp-json\/wp\/v2\/types\/product"}],"replies":[{"embeddable":true,"href":"https:\/\/tourtravelandmore.com\/fr\/wp-json\/wp\/v2\/comments?post=101751"}],"wp:featuredmedia":[{"embeddable":true,"href":"https:\/\/tourtravelandmore.com\/fr\/wp-json\/wp\/v2\/media\/94787"}],"wp:attachment":[{"href":"https:\/\/tourtravelandmore.com\/fr\/wp-json\/wp\/v2\/media?parent=101751"}],"wp:term":[{"taxonomy":"product_brand","embeddable":true,"href":"https:\/\/tourtravelandmore.com\/fr\/wp-json\/wp\/v2\/product_brand?post=101751"},{"taxonomy":"product_cat","embeddable":true,"href":"https:\/\/tourtravelandmore.com\/fr\/wp-json\/wp\/v2\/product_cat?post=101751"},{"taxonomy":"product_tag","embeddable":true,"href":"https:\/\/tourtravelandmore.com\/fr\/wp-json\/wp\/v2\/product_tag?post=101751"}],"curies":[{"name":"wp","href":"https:\/\/api.w.org\/{rel}","templated":true}]}}