{"id":101737,"date":"2017-05-12T18:04:33","date_gmt":"2017-05-12T16:04:33","guid":{"rendered":"https:\/\/tourtravelandmore.com\/tours\/non%20class\u00e9\/cave-et-cassis-de-marseille\/"},"modified":"2021-03-09T11:01:33","modified_gmt":"2021-03-09T10:01:33","slug":"cave-et-cassis-de-marseille","status":"publish","type":"product","link":"https:\/\/tourtravelandmore.com\/fr\/tours\/france-fr\/marseille-fr\/cave-et-cassis-de-marseille\/","title":{"rendered":"Cave et Cassis de Marseille"},"content":{"rendered":"<h2>Description<\/h2>\n<p>Profitez de cette cave priv\u00e9e et de Cassis au d\u00e9part de Marseille avec votre propre chauffeur en anglais et apprenez \u00e0 conna\u00eetre Cassis aux yeux d&#8217;un local. Vous serez conduit autour des monuments les plus importants de la ville et en profiterez pendant que votre chauffeur \/ guide vous racontera les secrets de cette ville merveilleuse. Profitez \u00e9galement d&#8217;un peu de temps libre \u00e0 Cassis.<\/p>\n<p>Cassis est une ville magnifique \u00e0 ne pas manquer lors de la visite d&#8217;un vignoble.<\/p>\n<p>Tout d&#8217;abord, nous viendrons vous chercher \u00e0 votre h\u00f4tel ou port de croisi\u00e8re. C&#8217;est une excursion \u00e0 terre parfaite. Nous vous emm\u00e8nerons ensuite dans cette visite priv\u00e9e \u00e0 Cassis.<\/p>\n<p>Cassis est vraiment une ville unique \u00e0 visiter. Notre chauffeur-guide vous emm\u00e8nera dans la partie c\u00f4ti\u00e8re et vous permettra de profiter d&#8217;un moment merveilleux pour vous promener.<\/p>\n<h2>Sites d&#8217;int\u00e9r\u00eat et monuments<\/h2>\n<p>Avec cette visite priv\u00e9e, vous d\u00e9couvrirez Cassis et un domaine viticole dans les environs.<\/p>\n<p>Votre chauffeur-guide priv\u00e9 en anglais viendra vous chercher et conduira 40 minutes vers l&#8217;est, jusqu&#8217;\u00e0 votre arriv\u00e9e au Domaine du Bagnol.<\/p>\n<p>Le domaine se trouve juste sous l&#8217;affleurement calcaire du Cap Canaille et \u00e0 200 m\u00e8tres des rives de la M\u00e9diterran\u00e9e. Ces terres sont utilis\u00e9es pour la production de vin depuis l&#8217;antiquit\u00e9, lorsque les Grecs \u00e9taient en Provence.<\/p>\n<p>Wine is Cassis avait \u00e9t\u00e9 rel\u00e9gu\u00e9 quelques ann\u00e9es en raison de la construction de nouvelles usines dans les environs. S\u00e9bastien, le fils du propri\u00e9taire du Domaine, vous racontera comment cela progresse positivement maintenant, apr\u00e8s tous les efforts qu&#8217;ils ont d\u00e9ploy\u00e9s pour sauver la culture du vin \u00e0 Cassis. Cette cave produit tout sans machines et fait tous ses processus li\u00e9s aux formes de la lune.<\/p>\n<p>Vous profiterez d&#8217;une visite comment\u00e9e du vignoble et terminerez la visite par une d\u00e9gustation de 2 vins produits au Domaine, un blanc et un ros\u00e9.<\/p>\n<p>Apr\u00e8s la visite du domaine, vous vous dirigerez vers Cassis, situ\u00e9 \u00e0 seulement 10 minutes du domaine. Cassis a \u00e9t\u00e9 l&#8217;un des lieux de vacances pr\u00e9f\u00e9r\u00e9s des artistes c\u00e9l\u00e8bres comme Derain, Dufy et Matisse. C&#8217;est le lieu o\u00f9 les Romains de l&#8217;Antiquit\u00e9 ont construit leurs villas, et les Marseillais du XVII ont construit leurs h\u00f4tels particuliers.<\/p>\n<p>Il est tr\u00e8s connu pour ses excellents fruits de mer et son vin.<\/p>\n<p>Enfin, apr\u00e8s une tr\u00e8s belle promenade dans le village notre chauffeur vous ram\u00e8nera vers Marseille.<\/p>\n<h4>Ville de Cassis<\/h4>\n<p>&#8220;Qu&#8217;a vist Paris, se nom a vist Cassis, pou dire: n&#8217;ai r\u00e8n vist&#8221; (Celui qui a vu Paris mais pas Cassis peut dire, je n&#8217;ai rien vu. &#8220;Ces mots ont \u00e9t\u00e9 prononc\u00e9s par le prix Nobel l&#8217;\u00e9crivain gagnant Federique Mistral.<br \/>\nIl est tr\u00e8s connu pour ses fruits de mer et ses vins. Elle compte 8 000 habitants et se situe \u00e0 seulement 35 km \u00e0 l&#8217;est de Marseille.<\/p>\n<p>Notre Cave et Cassis de Marseille est une exp\u00e9rience parfaite pour vous!<\/p>\n<p>Nous proposons de belles exp\u00e9riences priv\u00e9es \u00e0 Marseille! Contactez nos experts en voyages pour plus d&#8217;informations.<\/p>\n","protected":false},"excerpt":{"rendered":"<p>Profitez au maximum de votre s\u00e9jour \u00e0 Marseille et d\u00e9couvrez l&#8217;un des plus beaux villages c\u00f4tiers de toute la France: Cassis. Visitez une cave locale. Cave et Cassis de Marseille.<\/p>\n","protected":false},"featured_media":94784,"comment_status":"open","ping_status":"closed","template":"","meta":{"_acf_changed":false},"product_brand":[],"product_cat":[3678],"product_tag":[],"class_list":{"0":"post-101737","1":"product","2":"type-product","3":"status-publish","4":"has-post-thumbnail","6":"product_cat-marseille-fr","8":"first","9":"instock","10":"shipping-taxable","11":"purchasable","12":"product-type-simple"},"acf":[],"yoast_head":"<!-- This site is optimized with the Yoast SEO Premium plugin v25.3.1 (Yoast SEO v25.3.1) - https:\/\/yoast.com\/wordpress\/plugins\/seo\/ -->\n<title>Cave et Cassis de Marseille avec chauffeur priv\u00e9 et v\u00e9hicule<\/title>\n<meta name=\"description\" content=\"Profitez autant que possible de votre s\u00e9jour \u00e0 Marseille et d\u00e9couvrez l&#039;un des beaux villages c\u00f4tiers de France: Cassis. Cave et Cassis de Marseille.\" \/>\n<meta name=\"robots\" content=\"index, follow, max-snippet:-1, max-image-preview:large, max-video-preview:-1\" \/>\n<link rel=\"canonical\" href=\"https:\/\/tourtravelandmore.com\/fr\/tours\/france-fr\/marseille-fr\/cave-et-cassis-de-marseille\/\" \/>\n<meta property=\"og:locale\" content=\"fr_FR\" \/>\n<meta property=\"og:type\" content=\"article\" \/>\n<meta property=\"og:title\" content=\"Cave et Cassis de Marseille\" \/>\n<meta property=\"og:description\" content=\"Profitez autant que possible de votre s\u00e9jour \u00e0 Marseille et d\u00e9couvrez l&#039;un des beaux villages c\u00f4tiers de France: Cassis. Cave et Cassis de Marseille.\" \/>\n<meta property=\"og:url\" content=\"https:\/\/tourtravelandmore.com\/fr\/tours\/france-fr\/marseille-fr\/cave-et-cassis-de-marseille\/\" \/>\n<meta property=\"og:site_name\" content=\"Tour Travel And More\" \/>\n<meta property=\"article:publisher\" content=\"https:\/\/www.facebook.com\/tourtravelandmore\/\" \/>\n<meta property=\"article:modified_time\" content=\"2021-03-09T10:01:33+00:00\" \/>\n<meta property=\"og:image\" content=\"https:\/\/tourtravelandmore.com\/wp-content\/uploads\/2017\/05\/cassis-2.jpg\" \/>\n\t<meta property=\"og:image:width\" content=\"2508\" \/>\n\t<meta property=\"og:image:height\" content=\"1672\" \/>\n\t<meta property=\"og:image:type\" content=\"image\/jpeg\" \/>\n<meta name=\"twitter:card\" content=\"summary_large_image\" \/>\n<meta name=\"twitter:site\" content=\"@TourTravel_More\" \/>\n<meta name=\"twitter:label1\" content=\"Dur\u00e9e de lecture estim\u00e9e\" \/>\n\t<meta name=\"twitter:data1\" content=\"3 minutes\" \/>\n<script type=\"application\/ld+json\" class=\"yoast-schema-graph\">{\"@context\":\"https:\/\/schema.org\",\"@graph\":[{\"@type\":\"WebPage\",\"@id\":\"https:\/\/tourtravelandmore.com\/fr\/tours\/france-fr\/marseille-fr\/cave-et-cassis-de-marseille\/\",\"url\":\"https:\/\/tourtravelandmore.com\/fr\/tours\/france-fr\/marseille-fr\/cave-et-cassis-de-marseille\/\",\"name\":\"Cave et Cassis de Marseille avec chauffeur priv\u00e9 et v\u00e9hicule\",\"isPartOf\":{\"@id\":\"https:\/\/tourtravelandmore.com\/fr\/#website\"},\"primaryImageOfPage\":{\"@id\":\"https:\/\/tourtravelandmore.com\/fr\/tours\/france-fr\/marseille-fr\/cave-et-cassis-de-marseille\/#primaryimage\"},\"image\":{\"@id\":\"https:\/\/tourtravelandmore.com\/fr\/tours\/france-fr\/marseille-fr\/cave-et-cassis-de-marseille\/#primaryimage\"},\"thumbnailUrl\":\"https:\/\/tourtravelandmore.com\/wp-content\/uploads\/2017\/05\/cassis-2.jpg\",\"datePublished\":\"2017-05-12T16:04:33+00:00\",\"dateModified\":\"2021-03-09T10:01:33+00:00\",\"description\":\"Profitez autant que possible de votre s\u00e9jour \u00e0 Marseille et d\u00e9couvrez l'un des beaux villages c\u00f4tiers de France: Cassis. Cave et Cassis de Marseille.\",\"breadcrumb\":{\"@id\":\"https:\/\/tourtravelandmore.com\/fr\/tours\/france-fr\/marseille-fr\/cave-et-cassis-de-marseille\/#breadcrumb\"},\"inLanguage\":\"fr-FR\",\"potentialAction\":[{\"@type\":\"ReadAction\",\"target\":[\"https:\/\/tourtravelandmore.com\/fr\/tours\/france-fr\/marseille-fr\/cave-et-cassis-de-marseille\/\"]}]},{\"@type\":\"ImageObject\",\"inLanguage\":\"fr-FR\",\"@id\":\"https:\/\/tourtravelandmore.com\/fr\/tours\/france-fr\/marseille-fr\/cave-et-cassis-de-marseille\/#primaryimage\",\"url\":\"https:\/\/tourtravelandmore.com\/wp-content\/uploads\/2017\/05\/cassis-2.jpg\",\"contentUrl\":\"https:\/\/tourtravelandmore.com\/wp-content\/uploads\/2017\/05\/cassis-2.jpg\",\"width\":2508,\"height\":1672,\"caption\":\"49859804 - view of the colorful buildings in the city center of cassis with reflection in the water-cassis,france\"},{\"@type\":\"BreadcrumbList\",\"@id\":\"https:\/\/tourtravelandmore.com\/fr\/tours\/france-fr\/marseille-fr\/cave-et-cassis-de-marseille\/#breadcrumb\",\"itemListElement\":[{\"@type\":\"ListItem\",\"position\":1,\"name\":\"Home\",\"item\":\"https:\/\/tourtravelandmore.com\/fr\/\"},{\"@type\":\"ListItem\",\"position\":2,\"name\":\"Tours\",\"item\":\"https:\/\/tourtravelandmore.com\/fr\/tours\/\"},{\"@type\":\"ListItem\",\"position\":3,\"name\":\"Cave et Cassis de Marseille\"}]},{\"@type\":\"WebSite\",\"@id\":\"https:\/\/tourtravelandmore.com\/fr\/#website\",\"url\":\"https:\/\/tourtravelandmore.com\/fr\/\",\"name\":\"Tour Travel And More\",\"description\":\"Private sightseeing tours and luxury transfers in Spain\",\"publisher\":{\"@id\":\"https:\/\/tourtravelandmore.com\/fr\/#organization\"},\"potentialAction\":[{\"@type\":\"SearchAction\",\"target\":{\"@type\":\"EntryPoint\",\"urlTemplate\":\"https:\/\/tourtravelandmore.com\/fr\/?s={search_term_string}\"},\"query-input\":{\"@type\":\"PropertyValueSpecification\",\"valueRequired\":true,\"valueName\":\"search_term_string\"}}],\"inLanguage\":\"fr-FR\"},{\"@type\":\"Organization\",\"@id\":\"https:\/\/tourtravelandmore.com\/fr\/#organization\",\"name\":\"Tour Travel And More\",\"url\":\"https:\/\/tourtravelandmore.com\/fr\/\",\"logo\":{\"@type\":\"ImageObject\",\"inLanguage\":\"fr-FR\",\"@id\":\"https:\/\/tourtravelandmore.com\/fr\/#\/schema\/logo\/image\/\",\"url\":\"https:\/\/tourtravelandmore.com\/wp-content\/uploads\/2022\/12\/cropped-logo-cabecera-new.png\",\"contentUrl\":\"https:\/\/tourtravelandmore.com\/wp-content\/uploads\/2022\/12\/cropped-logo-cabecera-new.png\",\"width\":430,\"height\":61,\"caption\":\"Tour Travel And More\"},\"image\":{\"@id\":\"https:\/\/tourtravelandmore.com\/fr\/#\/schema\/logo\/image\/\"},\"sameAs\":[\"https:\/\/www.facebook.com\/tourtravelandmore\/\",\"https:\/\/x.com\/TourTravel_More\"]}]}<\/script>\n<!-- \/ Yoast SEO Premium plugin. -->","yoast_head_json":{"title":"Cave et Cassis de Marseille avec chauffeur priv\u00e9 et v\u00e9hicule","description":"Profitez autant que possible de votre s\u00e9jour \u00e0 Marseille et d\u00e9couvrez l'un des beaux villages c\u00f4tiers de France: Cassis. Cave et Cassis de Marseille.","robots":{"index":"index","follow":"follow","max-snippet":"max-snippet:-1","max-image-preview":"max-image-preview:large","max-video-preview":"max-video-preview:-1"},"canonical":"https:\/\/tourtravelandmore.com\/fr\/tours\/france-fr\/marseille-fr\/cave-et-cassis-de-marseille\/","og_locale":"fr_FR","og_type":"article","og_title":"Cave et Cassis de Marseille","og_description":"Profitez autant que possible de votre s\u00e9jour \u00e0 Marseille et d\u00e9couvrez l'un des beaux villages c\u00f4tiers de France: Cassis. Cave et Cassis de Marseille.","og_url":"https:\/\/tourtravelandmore.com\/fr\/tours\/france-fr\/marseille-fr\/cave-et-cassis-de-marseille\/","og_site_name":"Tour Travel And More","article_publisher":"https:\/\/www.facebook.com\/tourtravelandmore\/","article_modified_time":"2021-03-09T10:01:33+00:00","og_image":[{"width":2508,"height":1672,"url":"https:\/\/tourtravelandmore.com\/wp-content\/uploads\/2017\/05\/cassis-2.jpg","type":"image\/jpeg"}],"twitter_card":"summary_large_image","twitter_site":"@TourTravel_More","twitter_misc":{"Dur\u00e9e de lecture estim\u00e9e":"3 minutes"},"schema":{"@context":"https:\/\/schema.org","@graph":[{"@type":"WebPage","@id":"https:\/\/tourtravelandmore.com\/fr\/tours\/france-fr\/marseille-fr\/cave-et-cassis-de-marseille\/","url":"https:\/\/tourtravelandmore.com\/fr\/tours\/france-fr\/marseille-fr\/cave-et-cassis-de-marseille\/","name":"Cave et Cassis de Marseille avec chauffeur priv\u00e9 et v\u00e9hicule","isPartOf":{"@id":"https:\/\/tourtravelandmore.com\/fr\/#website"},"primaryImageOfPage":{"@id":"https:\/\/tourtravelandmore.com\/fr\/tours\/france-fr\/marseille-fr\/cave-et-cassis-de-marseille\/#primaryimage"},"image":{"@id":"https:\/\/tourtravelandmore.com\/fr\/tours\/france-fr\/marseille-fr\/cave-et-cassis-de-marseille\/#primaryimage"},"thumbnailUrl":"https:\/\/tourtravelandmore.com\/wp-content\/uploads\/2017\/05\/cassis-2.jpg","datePublished":"2017-05-12T16:04:33+00:00","dateModified":"2021-03-09T10:01:33+00:00","description":"Profitez autant que possible de votre s\u00e9jour \u00e0 Marseille et d\u00e9couvrez l'un des beaux villages c\u00f4tiers de France: Cassis. Cave et Cassis de Marseille.","breadcrumb":{"@id":"https:\/\/tourtravelandmore.com\/fr\/tours\/france-fr\/marseille-fr\/cave-et-cassis-de-marseille\/#breadcrumb"},"inLanguage":"fr-FR","potentialAction":[{"@type":"ReadAction","target":["https:\/\/tourtravelandmore.com\/fr\/tours\/france-fr\/marseille-fr\/cave-et-cassis-de-marseille\/"]}]},{"@type":"ImageObject","inLanguage":"fr-FR","@id":"https:\/\/tourtravelandmore.com\/fr\/tours\/france-fr\/marseille-fr\/cave-et-cassis-de-marseille\/#primaryimage","url":"https:\/\/tourtravelandmore.com\/wp-content\/uploads\/2017\/05\/cassis-2.jpg","contentUrl":"https:\/\/tourtravelandmore.com\/wp-content\/uploads\/2017\/05\/cassis-2.jpg","width":2508,"height":1672,"caption":"49859804 - view of the colorful buildings in the city center of cassis with reflection in the water-cassis,france"},{"@type":"BreadcrumbList","@id":"https:\/\/tourtravelandmore.com\/fr\/tours\/france-fr\/marseille-fr\/cave-et-cassis-de-marseille\/#breadcrumb","itemListElement":[{"@type":"ListItem","position":1,"name":"Home","item":"https:\/\/tourtravelandmore.com\/fr\/"},{"@type":"ListItem","position":2,"name":"Tours","item":"https:\/\/tourtravelandmore.com\/fr\/tours\/"},{"@type":"ListItem","position":3,"name":"Cave et Cassis de Marseille"}]},{"@type":"WebSite","@id":"https:\/\/tourtravelandmore.com\/fr\/#website","url":"https:\/\/tourtravelandmore.com\/fr\/","name":"Tour Travel And More","description":"Private sightseeing tours and luxury transfers in Spain","publisher":{"@id":"https:\/\/tourtravelandmore.com\/fr\/#organization"},"potentialAction":[{"@type":"SearchAction","target":{"@type":"EntryPoint","urlTemplate":"https:\/\/tourtravelandmore.com\/fr\/?s={search_term_string}"},"query-input":{"@type":"PropertyValueSpecification","valueRequired":true,"valueName":"search_term_string"}}],"inLanguage":"fr-FR"},{"@type":"Organization","@id":"https:\/\/tourtravelandmore.com\/fr\/#organization","name":"Tour Travel And More","url":"https:\/\/tourtravelandmore.com\/fr\/","logo":{"@type":"ImageObject","inLanguage":"fr-FR","@id":"https:\/\/tourtravelandmore.com\/fr\/#\/schema\/logo\/image\/","url":"https:\/\/tourtravelandmore.com\/wp-content\/uploads\/2022\/12\/cropped-logo-cabecera-new.png","contentUrl":"https:\/\/tourtravelandmore.com\/wp-content\/uploads\/2022\/12\/cropped-logo-cabecera-new.png","width":430,"height":61,"caption":"Tour Travel And More"},"image":{"@id":"https:\/\/tourtravelandmore.com\/fr\/#\/schema\/logo\/image\/"},"sameAs":["https:\/\/www.facebook.com\/tourtravelandmore\/","https:\/\/x.com\/TourTravel_More"]}]}},"_links":{"self":[{"href":"https:\/\/tourtravelandmore.com\/fr\/wp-json\/wp\/v2\/product\/101737","targetHints":{"allow":["GET"]}}],"collection":[{"href":"https:\/\/tourtravelandmore.com\/fr\/wp-json\/wp\/v2\/product"}],"about":[{"href":"https:\/\/tourtravelandmore.com\/fr\/wp-json\/wp\/v2\/types\/product"}],"replies":[{"embeddable":true,"href":"https:\/\/tourtravelandmore.com\/fr\/wp-json\/wp\/v2\/comments?post=101737"}],"wp:featuredmedia":[{"embeddable":true,"href":"https:\/\/tourtravelandmore.com\/fr\/wp-json\/wp\/v2\/media\/94784"}],"wp:attachment":[{"href":"https:\/\/tourtravelandmore.com\/fr\/wp-json\/wp\/v2\/media?parent=101737"}],"wp:term":[{"taxonomy":"product_brand","embeddable":true,"href":"https:\/\/tourtravelandmore.com\/fr\/wp-json\/wp\/v2\/product_brand?post=101737"},{"taxonomy":"product_cat","embeddable":true,"href":"https:\/\/tourtravelandmore.com\/fr\/wp-json\/wp\/v2\/product_cat?post=101737"},{"taxonomy":"product_tag","embeddable":true,"href":"https:\/\/tourtravelandmore.com\/fr\/wp-json\/wp\/v2\/product_tag?post=101737"}],"curies":[{"name":"wp","href":"https:\/\/api.w.org\/{rel}","templated":true}]}}