{"id":101731,"date":"2019-11-04T06:41:38","date_gmt":"2019-11-04T05:41:38","guid":{"rendered":"https:\/\/tourtravelandmore.com\/tours\/non%20class\u00e9\/visite-privee-de-vienne-au-depart-de-salzbourg\/"},"modified":"2023-10-23T11:42:57","modified_gmt":"2023-10-23T09:42:57","slug":"visite-privee-a-salzbourg-au-depart-de-vienne","status":"publish","type":"product","link":"https:\/\/tourtravelandmore.com\/fr\/tours\/lautriche-fr\/vienna-fr\/visite-privee-a-salzbourg-au-depart-de-vienne\/","title":{"rendered":"Visite priv\u00e9e \u00e0 Salzbourg au d\u00e9part de Vienne"},"content":{"rendered":"<h2><b>Excursion priv\u00e9e d&#8217;une journ\u00e9e \u00e0 Salzbourg au d\u00e9part de Vienne Description<\/b><\/h2>\n<p><span style=\"font-weight: 400;\">Le voyage \u00e0 Salzbourg &#8211; l&#8217;illustre ville natale de Wolfgang Amadeus Mozart et une vitrine de l&#8217;architecture baroque &#8211; se d\u00e9roule comme un conte enchanteur au cours de notre excursion d&#8217;une journ\u00e9e m\u00e9ticuleusement planifi\u00e9e.<\/span><\/p>\n<p><span style=\"font-weight: 400;\">Commencez votre aventure depuis Vienne dans un cadre luxueux. Notre service de voiture priv\u00e9e viendra vous chercher \u00e0 votre h\u00f4tel (s&#8217;il est situ\u00e9 au centre) ou \u00e0 tout autre point central sp\u00e9cifi\u00e9 \u00e0 Vienne. En traversant la campagne autrichienne, le voyage devient une exp\u00e9rience inoubliable.<\/span><\/p>\n<p><span style=\"font-weight: 400;\">Salzbourg, site class\u00e9 au patrimoine mondial de l&#8217;UNESCO, t\u00e9moigne du mariage entre la culture et la nature. Nich\u00e9e sur les rives de la rivi\u00e8re Salzach, la ville rec\u00e8le des merveilles architecturales et reste dans les m\u00e9moires gr\u00e2ce au film embl\u00e9matique &#8220;La M\u00e9lodie du bonheur&#8221;. Au cours de cette visite approfondie, vous serez plong\u00e9 dans l&#8217;histoire et les traditions de Salzbourg, ainsi que dans son magnifique quartier des lacs. Un guide local expert vous accompagnera, enrichissant votre exp\u00e9rience d&#8217;anecdotes d\u00e9taill\u00e9es et d&#8217;aper\u00e7us historiques.<\/span><\/p>\n<p><span style=\"font-weight: 400;\">Les joyaux de la couronne de votre visite de Salzbourg comprennent une promenade dans les jardins du ch\u00e2teau de Mirabell, un voyage dans le temps au ch\u00e2teau de Hellbrunn et un regard intime sur la vie de Mozart dans sa maison natale. Laissez-vous s\u00e9duire par les d\u00e9tails complexes de la cath\u00e9drale de Salzbourg, \u00e9merveillez-vous devant la forteresse de Hohensalzburg qui monte la garde au sommet de la ville, et parcourez les rues charmantes qui font \u00e9cho aux histoires du pass\u00e9.<\/span><\/p>\n<p><span style=\"font-weight: 400;\">Apr\u00e8s une visite compl\u00e8te de 12 heures remplie d&#8217;\u00e9merveillement et d&#8217;admiration, asseyez-vous et d\u00e9tendez-vous pendant que notre voiture vous ram\u00e8ne sereinement \u00e0 Vienne.<\/span><\/p>\n<h2><b>Excursion priv\u00e9e d&#8217;une journ\u00e9e \u00e0 Salzbourg depuis Vienne Points forts<\/b><\/h2>\n<ul>\n<li style=\"font-weight: 400;\" aria-level=\"1\"><b>Palais Mirabel :<\/b><span style=\"font-weight: 400;\"> Une ode architecturale \u00e0 l&#8217;amour, \u00e9rig\u00e9e en 1606, qui fascine par ses jardins luxuriants et ses nuances gothiques complexes.<\/span><\/li>\n<li style=\"font-weight: 400;\" aria-level=\"1\"><b>Forteresse de Hohensalzburg :<\/b><span style=\"font-weight: 400;\"> Cette forteresse, qui se dresse fi\u00e8rement, pr\u00e9sente un m\u00e9lange d&#8217;architecture m\u00e9di\u00e9vale et de la Renaissance, et t\u00e9moigne du pass\u00e9 tumultueux de Salzbourg.<\/span><\/li>\n<li style=\"font-weight: 400;\" aria-level=\"1\"><b>La cath\u00e9drale de Salzbourg : <\/b><span style=\"font-weight: 400;\">Ce joyau baroque du XVIIe si\u00e8cle, o\u00f9 Mozart a \u00e9t\u00e9 baptis\u00e9, pr\u00e9sente des chefs-d&#8217;\u0153uvre artistiques, notamment des fresques de l&#8217;Ancien Testament.<\/span><\/li>\n<li style=\"font-weight: 400;\" aria-level=\"1\"><b>La maison natale de Mozart : <\/b><span style=\"font-weight: 400;\">Entrez dans la maison o\u00f9 le monde de la musique a chang\u00e9 pour toujours. Ce mus\u00e9e conserve des instruments, des compositions originales et des objets personnels du prodigieux compositeur.<\/span><\/li>\n<li style=\"font-weight: 400;\" aria-level=\"1\"><b>Kapitelplatz :<\/b><span style=\"font-weight: 400;\"> Laissez-vous s\u00e9duire par le charme de la place populaire de Salzbourg, qui abrite l&#8217;embl\u00e9matique sph\u00e8re dor\u00e9e et offre une vue panoramique sur la forteresse et les sites architecturaux de la ville.<\/span><\/li>\n<li style=\"font-weight: 400;\" aria-level=\"1\"><b>Festungsgasse :<\/b><span style=\"font-weight: 400;\"> Un sentier sinueux qui m\u00e8ne \u00e0 la forteresse de Hohensalzburg. En montant, vous d\u00e9couvrirez les splendides vues de la ville qui se d\u00e9ploient en contrebas, offrant une vue qui est un r\u00e9gal pour les sens.<\/span><\/li>\n<li style=\"font-weight: 400;\" aria-level=\"1\"><b>Salzburg Residenz :<\/b><span style=\"font-weight: 400;\"> autrefois \u00e9picentre du pouvoir des archev\u00eaques de Salzbourg, ce grand palais est un exemple de l&#8217;\u00e9clat du baroque. La galerie Residenz qui s&#8217;y trouve pr\u00e9sente des peintures europ\u00e9ennes du XVIe au XIXe si\u00e8cle, ce qui en fait un lieu de pr\u00e9dilection pour les amateurs d&#8217;art.<\/span><\/li>\n<li style=\"font-weight: 400;\" aria-level=\"1\"><b>Abbaye de Peter (Stift St. Peter) :<\/b><span style=\"font-weight: 400;\"> Nich\u00e9 au pied du M\u00f6nchsberg, ce monast\u00e8re est l&#8217;un des plus anciens du monde germanophone. Dot\u00e9 d&#8217;un magnifique cimeti\u00e8re, de catacombes et d&#8217;une biblioth\u00e8que qui est un tr\u00e9sor de manuscrits m\u00e9di\u00e9vaux, il t\u00e9moigne de la ferveur religieuse et de l&#8217;inclination artistique de son \u00e9poque.<\/span><\/li>\n<\/ul>\n<h2><b>En outre, vous pourrez vous immerger dans :<\/b><\/h2>\n<ul>\n<li style=\"font-weight: 400;\" aria-level=\"1\"><span style=\"font-weight: 400;\">Des sc\u00e8nes embl\u00e9matiques de &#8220;La M\u00e9lodie du bonheur&#8221;.<\/span><\/li>\n<li style=\"font-weight: 400;\" aria-level=\"1\"><span style=\"font-weight: 400;\">La Galerie Kovacek et Zetter, qui regorge d&#8217;\u0153uvres d&#8217;art.<\/span><\/li>\n<li style=\"font-weight: 400;\" aria-level=\"1\"><span style=\"font-weight: 400;\">La paisible rivi\u00e8re Salzach<\/span><\/li>\n<li style=\"font-weight: 400;\" aria-level=\"1\"><span style=\"font-weight: 400;\">L&#8217;\u00e9glise historique Saint-Pierre<\/span><\/li>\n<li style=\"font-weight: 400;\" aria-level=\"1\"><span style=\"font-weight: 400;\">La vibrante rue Getreidegasse<\/span><\/li>\n<li style=\"font-weight: 400;\" aria-level=\"1\"><span style=\"font-weight: 400;\">L&#8217;intemporel Uhrenmuseum<\/span><\/li>\n<\/ul>\n<p><span style=\"font-weight: 400;\">Pour conclure cette exp\u00e9rience enchanteresse, laissez notre chauffeur vous ramener \u00e0 Vienne, pendant que vous planifiez votre prochaine aventure autrichienne. Pourquoi ne pas envisager notre excursion priv\u00e9e d&#8217;une journ\u00e9e \u00e0 Hallstatt au d\u00e9part de Vienne ?<\/span><a href=\"https:\/\/tourtravelandmore.com\/fr\/city\/lautriche-fr\/vienna-fr\/\"><span style=\"font-weight: 400;\"> C&#8217;est une autre plume dans l&#8217;illustre chapeau de l&#8217;Europe.<\/span><\/a><\/p>\n","protected":false},"excerpt":{"rendered":"<p><span style=\"font-weight: 400;\">D\u00e9couvrez la myriade de tr\u00e9sors de Salzbourg, des couloirs o\u00f9 Mozart a march\u00e9 un jour aux monuments baroques embl\u00e9matiques de la ville. Cette excursion priv\u00e9e d&#8217;une journ\u00e9e au d\u00e9part de Vienne offre un voyage enrichissant dans le c\u0153ur culturel de l&#8217;Autriche, m\u00ealant harmonieusement l&#8217;histoire, la musique et l&#8217;architecture. R\u00e9servez votre place pour une exploration inoubliable.<\/span><\/p>\n","protected":false},"featured_media":96386,"comment_status":"open","ping_status":"closed","template":"","meta":{"_acf_changed":false},"product_brand":[],"product_cat":[3709,3708,4181,4182],"product_tag":[4220,4043,4219,4218],"class_list":{"0":"post-101731","1":"product","2":"type-product","3":"status-publish","4":"has-post-thumbnail","6":"product_cat-lautriche-fr","7":"product_cat-vienna-fr","8":"product_cat-toutes-les-visites-et-activites","9":"product_cat-visites-guidees-privees-fr-2","10":"product_tag-city-tour-fr","11":"product_tag-private-fr","12":"product_tag-private-tour-fr","13":"product_tag-sightseeing-fr","15":"first","16":"instock","17":"shipping-taxable","18":"purchasable","19":"product-type-simple"},"acf":[],"yoast_head":"<!-- This site is optimized with the Yoast SEO Premium plugin v25.3.1 (Yoast SEO v25.3.1) - https:\/\/yoast.com\/wordpress\/plugins\/seo\/ -->\n<title>Circuit priv\u00e9 d&#039;une journ\u00e9e \u00e0 Salzbourg depuis Vienne : d\u00e9couverte de la ville de Mozart et des tr\u00e9sors baroques<\/title>\n<meta name=\"description\" content=\"L&#039;h\u00f4tel de ville de Vienne est un lieu de rencontre et d&#039;\u00e9change d&#039;informations entre les diff\u00e9rents acteurs de la vie culturelle et \u00e9conomique de la r\u00e9gion.\" \/>\n<meta name=\"robots\" content=\"index, follow, max-snippet:-1, max-image-preview:large, max-video-preview:-1\" \/>\n<link rel=\"canonical\" href=\"https:\/\/tourtravelandmore.com\/fr\/tours\/lautriche-fr\/vienna-fr\/visite-privee-a-salzbourg-au-depart-de-vienne\/\" \/>\n<meta property=\"og:locale\" content=\"fr_FR\" \/>\n<meta property=\"og:type\" content=\"article\" \/>\n<meta property=\"og:title\" content=\"Visite priv\u00e9e \u00e0 Salzbourg au d\u00e9part de Vienne\" \/>\n<meta property=\"og:description\" content=\"L&#039;h\u00f4tel de ville de Vienne est un lieu de rencontre et d&#039;\u00e9change d&#039;informations entre les diff\u00e9rents acteurs de la vie culturelle et \u00e9conomique de la r\u00e9gion.\" \/>\n<meta property=\"og:url\" content=\"https:\/\/tourtravelandmore.com\/fr\/tours\/lautriche-fr\/vienna-fr\/visite-privee-a-salzbourg-au-depart-de-vienne\/\" \/>\n<meta property=\"og:site_name\" content=\"Tour Travel And More\" \/>\n<meta property=\"article:publisher\" content=\"https:\/\/www.facebook.com\/tourtravelandmore\/\" \/>\n<meta property=\"article:modified_time\" content=\"2023-10-23T09:42:57+00:00\" \/>\n<meta property=\"og:image\" content=\"https:\/\/tourtravelandmore.com\/wp-content\/uploads\/2019\/09\/vienna-belvedere-palace.1.jpg\" \/>\n\t<meta property=\"og:image:width\" content=\"960\" \/>\n\t<meta property=\"og:image:height\" content=\"642\" \/>\n\t<meta property=\"og:image:type\" content=\"image\/jpeg\" \/>\n<meta name=\"twitter:card\" content=\"summary_large_image\" \/>\n<meta name=\"twitter:site\" content=\"@TourTravel_More\" \/>\n<meta name=\"twitter:label1\" content=\"Dur\u00e9e de lecture estim\u00e9e\" \/>\n\t<meta name=\"twitter:data1\" content=\"4 minutes\" \/>\n<script type=\"application\/ld+json\" class=\"yoast-schema-graph\">{\"@context\":\"https:\/\/schema.org\",\"@graph\":[{\"@type\":\"WebPage\",\"@id\":\"https:\/\/tourtravelandmore.com\/fr\/tours\/lautriche-fr\/vienna-fr\/visite-privee-a-salzbourg-au-depart-de-vienne\/\",\"url\":\"https:\/\/tourtravelandmore.com\/fr\/tours\/lautriche-fr\/vienna-fr\/visite-privee-a-salzbourg-au-depart-de-vienne\/\",\"name\":\"Circuit priv\u00e9 d'une journ\u00e9e \u00e0 Salzbourg depuis Vienne : d\u00e9couverte de la ville de Mozart et des tr\u00e9sors baroques\",\"isPartOf\":{\"@id\":\"https:\/\/tourtravelandmore.com\/fr\/#website\"},\"primaryImageOfPage\":{\"@id\":\"https:\/\/tourtravelandmore.com\/fr\/tours\/lautriche-fr\/vienna-fr\/visite-privee-a-salzbourg-au-depart-de-vienne\/#primaryimage\"},\"image\":{\"@id\":\"https:\/\/tourtravelandmore.com\/fr\/tours\/lautriche-fr\/vienna-fr\/visite-privee-a-salzbourg-au-depart-de-vienne\/#primaryimage\"},\"thumbnailUrl\":\"https:\/\/tourtravelandmore.com\/wp-content\/uploads\/2019\/09\/vienna-belvedere-palace.1.jpg\",\"datePublished\":\"2019-11-04T05:41:38+00:00\",\"dateModified\":\"2023-10-23T09:42:57+00:00\",\"description\":\"L'h\u00f4tel de ville de Vienne est un lieu de rencontre et d'\u00e9change d'informations entre les diff\u00e9rents acteurs de la vie culturelle et \u00e9conomique de la r\u00e9gion.\",\"breadcrumb\":{\"@id\":\"https:\/\/tourtravelandmore.com\/fr\/tours\/lautriche-fr\/vienna-fr\/visite-privee-a-salzbourg-au-depart-de-vienne\/#breadcrumb\"},\"inLanguage\":\"fr-FR\",\"potentialAction\":[{\"@type\":\"ReadAction\",\"target\":[\"https:\/\/tourtravelandmore.com\/fr\/tours\/lautriche-fr\/vienna-fr\/visite-privee-a-salzbourg-au-depart-de-vienne\/\"]}]},{\"@type\":\"ImageObject\",\"inLanguage\":\"fr-FR\",\"@id\":\"https:\/\/tourtravelandmore.com\/fr\/tours\/lautriche-fr\/vienna-fr\/visite-privee-a-salzbourg-au-depart-de-vienne\/#primaryimage\",\"url\":\"https:\/\/tourtravelandmore.com\/wp-content\/uploads\/2019\/09\/vienna-belvedere-palace.1.jpg\",\"contentUrl\":\"https:\/\/tourtravelandmore.com\/wp-content\/uploads\/2019\/09\/vienna-belvedere-palace.1.jpg\",\"width\":960,\"height\":642},{\"@type\":\"BreadcrumbList\",\"@id\":\"https:\/\/tourtravelandmore.com\/fr\/tours\/lautriche-fr\/vienna-fr\/visite-privee-a-salzbourg-au-depart-de-vienne\/#breadcrumb\",\"itemListElement\":[{\"@type\":\"ListItem\",\"position\":1,\"name\":\"Home\",\"item\":\"https:\/\/tourtravelandmore.com\/fr\/\"},{\"@type\":\"ListItem\",\"position\":2,\"name\":\"Tours\",\"item\":\"https:\/\/tourtravelandmore.com\/fr\/tours\/\"},{\"@type\":\"ListItem\",\"position\":3,\"name\":\"Visite priv\u00e9e \u00e0 Salzbourg au d\u00e9part de Vienne\"}]},{\"@type\":\"WebSite\",\"@id\":\"https:\/\/tourtravelandmore.com\/fr\/#website\",\"url\":\"https:\/\/tourtravelandmore.com\/fr\/\",\"name\":\"Tour Travel And More\",\"description\":\"Private sightseeing tours and luxury transfers in Spain\",\"publisher\":{\"@id\":\"https:\/\/tourtravelandmore.com\/fr\/#organization\"},\"potentialAction\":[{\"@type\":\"SearchAction\",\"target\":{\"@type\":\"EntryPoint\",\"urlTemplate\":\"https:\/\/tourtravelandmore.com\/fr\/?s={search_term_string}\"},\"query-input\":{\"@type\":\"PropertyValueSpecification\",\"valueRequired\":true,\"valueName\":\"search_term_string\"}}],\"inLanguage\":\"fr-FR\"},{\"@type\":\"Organization\",\"@id\":\"https:\/\/tourtravelandmore.com\/fr\/#organization\",\"name\":\"Tour Travel And More\",\"url\":\"https:\/\/tourtravelandmore.com\/fr\/\",\"logo\":{\"@type\":\"ImageObject\",\"inLanguage\":\"fr-FR\",\"@id\":\"https:\/\/tourtravelandmore.com\/fr\/#\/schema\/logo\/image\/\",\"url\":\"https:\/\/tourtravelandmore.com\/wp-content\/uploads\/2022\/12\/cropped-logo-cabecera-new.png\",\"contentUrl\":\"https:\/\/tourtravelandmore.com\/wp-content\/uploads\/2022\/12\/cropped-logo-cabecera-new.png\",\"width\":430,\"height\":61,\"caption\":\"Tour Travel And More\"},\"image\":{\"@id\":\"https:\/\/tourtravelandmore.com\/fr\/#\/schema\/logo\/image\/\"},\"sameAs\":[\"https:\/\/www.facebook.com\/tourtravelandmore\/\",\"https:\/\/x.com\/TourTravel_More\"]}]}<\/script>\n<!-- \/ Yoast SEO Premium plugin. -->","yoast_head_json":{"title":"Circuit priv\u00e9 d'une journ\u00e9e \u00e0 Salzbourg depuis Vienne : d\u00e9couverte de la ville de Mozart et des tr\u00e9sors baroques","description":"L'h\u00f4tel de ville de Vienne est un lieu de rencontre et d'\u00e9change d'informations entre les diff\u00e9rents acteurs de la vie culturelle et \u00e9conomique de la r\u00e9gion.","robots":{"index":"index","follow":"follow","max-snippet":"max-snippet:-1","max-image-preview":"max-image-preview:large","max-video-preview":"max-video-preview:-1"},"canonical":"https:\/\/tourtravelandmore.com\/fr\/tours\/lautriche-fr\/vienna-fr\/visite-privee-a-salzbourg-au-depart-de-vienne\/","og_locale":"fr_FR","og_type":"article","og_title":"Visite priv\u00e9e \u00e0 Salzbourg au d\u00e9part de Vienne","og_description":"L'h\u00f4tel de ville de Vienne est un lieu de rencontre et d'\u00e9change d'informations entre les diff\u00e9rents acteurs de la vie culturelle et \u00e9conomique de la r\u00e9gion.","og_url":"https:\/\/tourtravelandmore.com\/fr\/tours\/lautriche-fr\/vienna-fr\/visite-privee-a-salzbourg-au-depart-de-vienne\/","og_site_name":"Tour Travel And More","article_publisher":"https:\/\/www.facebook.com\/tourtravelandmore\/","article_modified_time":"2023-10-23T09:42:57+00:00","og_image":[{"width":960,"height":642,"url":"https:\/\/tourtravelandmore.com\/wp-content\/uploads\/2019\/09\/vienna-belvedere-palace.1.jpg","type":"image\/jpeg"}],"twitter_card":"summary_large_image","twitter_site":"@TourTravel_More","twitter_misc":{"Dur\u00e9e de lecture estim\u00e9e":"4 minutes"},"schema":{"@context":"https:\/\/schema.org","@graph":[{"@type":"WebPage","@id":"https:\/\/tourtravelandmore.com\/fr\/tours\/lautriche-fr\/vienna-fr\/visite-privee-a-salzbourg-au-depart-de-vienne\/","url":"https:\/\/tourtravelandmore.com\/fr\/tours\/lautriche-fr\/vienna-fr\/visite-privee-a-salzbourg-au-depart-de-vienne\/","name":"Circuit priv\u00e9 d'une journ\u00e9e \u00e0 Salzbourg depuis Vienne : d\u00e9couverte de la ville de Mozart et des tr\u00e9sors baroques","isPartOf":{"@id":"https:\/\/tourtravelandmore.com\/fr\/#website"},"primaryImageOfPage":{"@id":"https:\/\/tourtravelandmore.com\/fr\/tours\/lautriche-fr\/vienna-fr\/visite-privee-a-salzbourg-au-depart-de-vienne\/#primaryimage"},"image":{"@id":"https:\/\/tourtravelandmore.com\/fr\/tours\/lautriche-fr\/vienna-fr\/visite-privee-a-salzbourg-au-depart-de-vienne\/#primaryimage"},"thumbnailUrl":"https:\/\/tourtravelandmore.com\/wp-content\/uploads\/2019\/09\/vienna-belvedere-palace.1.jpg","datePublished":"2019-11-04T05:41:38+00:00","dateModified":"2023-10-23T09:42:57+00:00","description":"L'h\u00f4tel de ville de Vienne est un lieu de rencontre et d'\u00e9change d'informations entre les diff\u00e9rents acteurs de la vie culturelle et \u00e9conomique de la r\u00e9gion.","breadcrumb":{"@id":"https:\/\/tourtravelandmore.com\/fr\/tours\/lautriche-fr\/vienna-fr\/visite-privee-a-salzbourg-au-depart-de-vienne\/#breadcrumb"},"inLanguage":"fr-FR","potentialAction":[{"@type":"ReadAction","target":["https:\/\/tourtravelandmore.com\/fr\/tours\/lautriche-fr\/vienna-fr\/visite-privee-a-salzbourg-au-depart-de-vienne\/"]}]},{"@type":"ImageObject","inLanguage":"fr-FR","@id":"https:\/\/tourtravelandmore.com\/fr\/tours\/lautriche-fr\/vienna-fr\/visite-privee-a-salzbourg-au-depart-de-vienne\/#primaryimage","url":"https:\/\/tourtravelandmore.com\/wp-content\/uploads\/2019\/09\/vienna-belvedere-palace.1.jpg","contentUrl":"https:\/\/tourtravelandmore.com\/wp-content\/uploads\/2019\/09\/vienna-belvedere-palace.1.jpg","width":960,"height":642},{"@type":"BreadcrumbList","@id":"https:\/\/tourtravelandmore.com\/fr\/tours\/lautriche-fr\/vienna-fr\/visite-privee-a-salzbourg-au-depart-de-vienne\/#breadcrumb","itemListElement":[{"@type":"ListItem","position":1,"name":"Home","item":"https:\/\/tourtravelandmore.com\/fr\/"},{"@type":"ListItem","position":2,"name":"Tours","item":"https:\/\/tourtravelandmore.com\/fr\/tours\/"},{"@type":"ListItem","position":3,"name":"Visite priv\u00e9e \u00e0 Salzbourg au d\u00e9part de Vienne"}]},{"@type":"WebSite","@id":"https:\/\/tourtravelandmore.com\/fr\/#website","url":"https:\/\/tourtravelandmore.com\/fr\/","name":"Tour Travel And More","description":"Private sightseeing tours and luxury transfers in Spain","publisher":{"@id":"https:\/\/tourtravelandmore.com\/fr\/#organization"},"potentialAction":[{"@type":"SearchAction","target":{"@type":"EntryPoint","urlTemplate":"https:\/\/tourtravelandmore.com\/fr\/?s={search_term_string}"},"query-input":{"@type":"PropertyValueSpecification","valueRequired":true,"valueName":"search_term_string"}}],"inLanguage":"fr-FR"},{"@type":"Organization","@id":"https:\/\/tourtravelandmore.com\/fr\/#organization","name":"Tour Travel And More","url":"https:\/\/tourtravelandmore.com\/fr\/","logo":{"@type":"ImageObject","inLanguage":"fr-FR","@id":"https:\/\/tourtravelandmore.com\/fr\/#\/schema\/logo\/image\/","url":"https:\/\/tourtravelandmore.com\/wp-content\/uploads\/2022\/12\/cropped-logo-cabecera-new.png","contentUrl":"https:\/\/tourtravelandmore.com\/wp-content\/uploads\/2022\/12\/cropped-logo-cabecera-new.png","width":430,"height":61,"caption":"Tour Travel And More"},"image":{"@id":"https:\/\/tourtravelandmore.com\/fr\/#\/schema\/logo\/image\/"},"sameAs":["https:\/\/www.facebook.com\/tourtravelandmore\/","https:\/\/x.com\/TourTravel_More"]}]}},"_links":{"self":[{"href":"https:\/\/tourtravelandmore.com\/fr\/wp-json\/wp\/v2\/product\/101731","targetHints":{"allow":["GET"]}}],"collection":[{"href":"https:\/\/tourtravelandmore.com\/fr\/wp-json\/wp\/v2\/product"}],"about":[{"href":"https:\/\/tourtravelandmore.com\/fr\/wp-json\/wp\/v2\/types\/product"}],"replies":[{"embeddable":true,"href":"https:\/\/tourtravelandmore.com\/fr\/wp-json\/wp\/v2\/comments?post=101731"}],"wp:featuredmedia":[{"embeddable":true,"href":"https:\/\/tourtravelandmore.com\/fr\/wp-json\/wp\/v2\/media\/96386"}],"wp:attachment":[{"href":"https:\/\/tourtravelandmore.com\/fr\/wp-json\/wp\/v2\/media?parent=101731"}],"wp:term":[{"taxonomy":"product_brand","embeddable":true,"href":"https:\/\/tourtravelandmore.com\/fr\/wp-json\/wp\/v2\/product_brand?post=101731"},{"taxonomy":"product_cat","embeddable":true,"href":"https:\/\/tourtravelandmore.com\/fr\/wp-json\/wp\/v2\/product_cat?post=101731"},{"taxonomy":"product_tag","embeddable":true,"href":"https:\/\/tourtravelandmore.com\/fr\/wp-json\/wp\/v2\/product_tag?post=101731"}],"curies":[{"name":"wp","href":"https:\/\/api.w.org\/{rel}","templated":true}]}}