{"id":101725,"date":"2019-11-04T01:24:38","date_gmt":"2019-11-04T00:24:38","guid":{"rendered":"https:\/\/tourtravelandmore.com\/tours\/non%20class\u00e9\/visite-privee-de-vienne-avec-le-chateau-de-schonbrunn\/"},"modified":"2023-10-26T18:59:33","modified_gmt":"2023-10-26T16:59:33","slug":"visite-privee-de-vienne-avec-le-chateau-de-schonbrunn","status":"publish","type":"product","link":"https:\/\/tourtravelandmore.com\/fr\/tours\/lautriche-fr\/vienna-fr\/visite-privee-de-vienne-avec-le-chateau-de-schonbrunn\/","title":{"rendered":"Visite guid\u00e9e priv\u00e9e du ch\u00e2teau de Sch\u00f6nbrunn"},"content":{"rendered":"<h2><b>Description de la visite guid\u00e9e priv\u00e9e du ch\u00e2teau de Sch\u00f6nbrunn<\/b><\/h2>\n<p><span style=\"font-weight: 400;\">Le ch\u00e2teau de Sch\u00f6nbrunn n&#8217;est pas seulement un monument ; c&#8217;est une symphonie d&#8217;art, d&#8217;histoire et d&#8217;architecture, qui s&#8217;unissent en un ch\u0153ur harmonieux qui r\u00e9sonne avec la grandeur de l&#8217;Autriche. Chaque brique, chaque haie et chaque \u0153uvre d&#8217;art raconte une histoire, celle des empires, des empereurs et des \u00e9poques qui ont fa\u00e7onn\u00e9 non seulement l&#8217;Autriche, mais aussi la tapisserie de l&#8217;Europe. Notre visite \u00e0 pied priv\u00e9e exclusivement con\u00e7ue pour vous immerger dans ces histoires, vous permettant non seulement d&#8217;\u00eatre t\u00e9moin, mais aussi de vivre les r\u00e9cits qui r\u00e9sonnent dans ces couloirs historiques.<\/span><\/p>\n<p><span style=\"font-weight: 400;\">Embarquez pour un voyage qui commence par la majestueuse fa\u00e7ade du palais, qui t\u00e9moigne de l&#8217;apog\u00e9e de l&#8217;Empire austro-hongrois. Alors que vous franchissez les portes dor\u00e9es, notre guide local professionnel, qui conna\u00eet parfaitement l&#8217;histoire du palais et l&#8217;h\u00e9ritage de l&#8217;Autriche, vous guide \u00e0 travers la chronologie de l&#8217;empire. Les histoires de guerre, d&#8217;amour, de trahison et d&#8217;alliance se succ\u00e8dent et donnent vie \u00e0 l&#8217;histoire dans l&#8217;opulence des salles de Sch\u00f6nbrunn et la tranquillit\u00e9 de ses jardins.<\/span><\/p>\n<p><span style=\"font-weight: 400;\">Le ch\u00e2teau de Sch\u00f6nbrunn n&#8217;est pas seulement une merveille architecturale, c&#8217;est aussi une capsule qui pr\u00e9serve les \u00e9poques. Chaque pi\u00e8ce que vous explorez, chaque objet que vous touchez, r\u00e9sonne des \u00e9chos de secrets chuchot\u00e9s, de d\u00e9cisions d&#8217;\u00c9tat, de romances royales et de rendez-vous imp\u00e9riaux. Imaginez marcher dans les m\u00eames couloirs que ceux o\u00f9 jouaient autrefois les jeunes rois, envisagez de vous rendre dans les m\u00eames salles de bal que celles o\u00f9 se d\u00e9roulaient les danses historiques et ressentez le poids des d\u00e9cisions prises dans les chambres strat\u00e9giques. Notre visite vous invite \u00e0 vous perdre dans l&#8217;attrait de Sch\u00f6nbrunn, \u00e0 transcender la Vienne d&#8217;aujourd&#8217;hui et \u00e0 p\u00e9n\u00e9trer dans une \u00e9poque o\u00f9 chaque d\u00e9cision prise entre ces murs a jou\u00e9 un r\u00f4le essentiel dans le fa\u00e7onnement du monde tel que nous le connaissons. Que vous soyez un passionn\u00e9 d&#8217;histoire, d&#8217;architecture ou simplement captiv\u00e9 par les histoires de la royaut\u00e9, le ch\u00e2teau de Sch\u00f6nbrunn vous attend.<\/span><\/p>\n<h2><b>Points forts de la visite guid\u00e9e priv\u00e9e du ch\u00e2teau de Sch\u00f6nbrunn<\/b><\/h2>\n<ul>\n<li style=\"font-weight: 400;\" aria-level=\"1\"><b>La grandeur \u00e0 l&#8217;int\u00e9rieur des murs du ch\u00e2teau :<\/b><span style=\"font-weight: 400;\"> Naviguez \u00e0 travers une s\u00e9lection des pi\u00e8ces les plus embl\u00e9matiques parmi les 1441 pi\u00e8ces que compte le ch\u00e2teau. Chaque pi\u00e8ce, par\u00e9e de ses atours d&#8217;origine, est un r\u00e9gal pour les yeux, refl\u00e9tant les go\u00fbts royaux et l&#8217;\u00e9thique de l&#8217;\u00e9poque en mati\u00e8re de design. D\u00e9couvrez l&#8217;art qui a fa\u00e7onn\u00e9 l&#8217;empire, des meubles provenant d&#8217;artisans de renomm\u00e9e mondiale aux peintures qui capturent l&#8217;esprit de l&#8217;\u00e9poque.<\/span><\/li>\n<li style=\"font-weight: 400;\" aria-level=\"1\"><b>L&#8217;opulence du mus\u00e9e des carrosses imp\u00e9riaux :<\/b><span style=\"font-weight: 400;\"> Entrez dans le monde des voyages imp\u00e9riaux, o\u00f9 chaque voyage \u00e9tait une d\u00e9claration. \u00c9merveillez-vous devant le carrosse dor\u00e9 et scintillant de Fran\u00e7ois Ier, dont les d\u00e9tails complexes font \u00e9cho aux histoires de pouvoir et de prestige. Au-del\u00e0 du spectacle, chaque carrosse, chaque tra\u00eeneau de ce mus\u00e9e est un artefact qui raconte des histoires de soir\u00e9es royales, d&#8217;entourages imp\u00e9riaux et d&#8217;escapades royales.<\/span><\/li>\n<li style=\"font-weight: 400;\" aria-level=\"1\"><b>Repos historique au cimeti\u00e8re de Hietzing :<\/b><span style=\"font-weight: 400;\"> Plus qu&#8217;un lieu de repos, ce cimeti\u00e8re est un tr\u00e9sor historique. Parcourez les all\u00e9es sereines bord\u00e9es de pierres tombales d&#8217;Autrichiens l\u00e9gendaires qui ont fa\u00e7onn\u00e9 l&#8217;art, la politique et le tissu m\u00eame de l&#8217;esprit autrichien. Du g\u00e9nie artistique de Gustav Klimt au g\u00e9nie architectural d&#8217;Otto Wagner, rendez hommage aux \u00e2mes qui ont fa\u00e7onn\u00e9 une \u00e9poque.<\/span><\/li>\n<li style=\"font-weight: 400;\" aria-level=\"1\"><b>Les jeunes visiteurs de Sch\u00f6nbrunn &#8211; Le mus\u00e9e des enfants :<\/b><span style=\"font-weight: 400;\"> Plongez dans un voyage ludique dans le temps, id\u00e9al pour les familles. Ici, les jeunes visiteurs peuvent d\u00e9couvrir la vie des jeunes rois. Des costumes aux jeux de cour, ce mus\u00e9e offre un d\u00e9licieux voyage immersif au c\u0153ur de l&#8217;enfance imp\u00e9riale.<\/span><\/li>\n<li style=\"font-weight: 400;\" aria-level=\"1\"><b>Promenade dans les jardins du ch\u00e2teau de Schoenbrunn :<\/b><span style=\"font-weight: 400;\"> D\u00e9couvrez l&#8217;art paysager baroque dans toute sa splendeur. Promenez-vous dans le labyrinthe de jardins manucur\u00e9s, de haies imposantes et de motifs floraux complexes. Depuis le grand parterre, l&#8217;intrigant labyrinthe, la royale fontaine de Neptune, jusqu&#8217;aux luxuriantes enceintes de Palmenhaus et W\u00fcstenhaus, chaque segment de cette \u00e9tendue verte raconte une histoire.<\/span><\/li>\n<li style=\"font-weight: 400;\" aria-level=\"1\"><b>Le myst\u00e9rieux labyrinthe de pierre : <\/b><span style=\"font-weight: 400;\">Retrouvez l&#8217;\u00e9merveillement de l&#8217;enfance en suivant vos pas dans ce captivant labyrinthe de pierre, con\u00e7u par Marie-Th\u00e9r\u00e8se. Chaque virage, chaque tournant renferme un secret qui m\u00e8ne au c\u0153ur du labyrinthe, une merveille historique et horticole.<\/span><\/li>\n<\/ul>\n<p><span style=\"font-weight: 400;\">En optant pour une visite priv\u00e9e, vous serez entour\u00e9 de luxe et d&#8217;exclusivit\u00e9, ce qui vous assurera une visite m\u00e9morable. <\/span><a href=\"https:\/\/tourtravelandmore.com\/fr\/city\/lautriche-fr\/vienna-fr\/\"><span style=\"font-weight: 400;\">Voyagez dans le temps, plongez dans les histoires qui ont fa\u00e7onn\u00e9 l&#8217;Europe et laissez<\/span><\/a><span style=\"font-weight: 400;\"> la grandeur du ch\u00e2teau de Sch\u00f6nbrunn laisser une empreinte ind\u00e9l\u00e9bile dans votre c\u0153ur.<\/span><\/p>\n","protected":false},"excerpt":{"rendered":"<p><span style=\"font-weight: 400;\">Soyez le t\u00e9moin direct de l&#8217;\u00e9l\u00e9gance royale de l&#8217;Autriche. D\u00e9couvrez les int\u00e9rieurs luxueux, les vastes jardins et la riche histoire du ch\u00e2teau de Sch\u00f6nbrunn lors de notre visite priv\u00e9e \u00e0 pied.<\/span><\/p>\n","protected":false},"featured_media":96380,"comment_status":"open","ping_status":"closed","template":"","meta":{"_acf_changed":false},"product_brand":[],"product_cat":[3709,3708,4181,4182,4184],"product_tag":[],"class_list":{"0":"post-101725","1":"product","2":"type-product","3":"status-publish","4":"has-post-thumbnail","6":"product_cat-lautriche-fr","7":"product_cat-vienna-fr","8":"product_cat-toutes-les-visites-et-activites","9":"product_cat-visites-guidees-privees-fr-2","10":"product_cat-visite-privee-a-pied","12":"first","13":"instock","14":"shipping-taxable","15":"purchasable","16":"product-type-simple"},"acf":[],"yoast_head":"<!-- This site is optimized with the Yoast SEO Premium plugin v25.3.1 (Yoast SEO v25.3.1) - https:\/\/yoast.com\/wordpress\/plugins\/seo\/ -->\n<title>Ch\u00e2teau de Sch\u00f6nbrunn : Un voyage historique priv\u00e9<\/title>\n<meta name=\"description\" content=\"Plongez au c\u0153ur de l&#039;Autriche avec une visite exclusive du ch\u00e2teau de Sch\u00f6nbrunn. Des salles imp\u00e9riales aux jardins immacul\u00e9s, plongez dans les r\u00e9cits d&#039;une \u00e9poque r\u00e9volue.\" \/>\n<meta name=\"robots\" content=\"index, follow, max-snippet:-1, max-image-preview:large, max-video-preview:-1\" \/>\n<link rel=\"canonical\" href=\"https:\/\/tourtravelandmore.com\/fr\/tours\/lautriche-fr\/vienna-fr\/visite-privee-de-vienne-avec-le-chateau-de-schonbrunn\/\" \/>\n<meta property=\"og:locale\" content=\"fr_FR\" \/>\n<meta property=\"og:type\" content=\"article\" \/>\n<meta property=\"og:title\" content=\"Visite guid\u00e9e priv\u00e9e du ch\u00e2teau de Sch\u00f6nbrunn\" \/>\n<meta property=\"og:description\" content=\"Plongez au c\u0153ur de l&#039;Autriche avec une visite exclusive du ch\u00e2teau de Sch\u00f6nbrunn. Des salles imp\u00e9riales aux jardins immacul\u00e9s, plongez dans les r\u00e9cits d&#039;une \u00e9poque r\u00e9volue.\" \/>\n<meta property=\"og:url\" content=\"https:\/\/tourtravelandmore.com\/fr\/tours\/lautriche-fr\/vienna-fr\/visite-privee-de-vienne-avec-le-chateau-de-schonbrunn\/\" \/>\n<meta property=\"og:site_name\" content=\"Tour Travel And More\" \/>\n<meta property=\"article:publisher\" content=\"https:\/\/www.facebook.com\/tourtravelandmore\/\" \/>\n<meta property=\"article:modified_time\" content=\"2023-10-26T16:59:33+00:00\" \/>\n<meta property=\"og:image\" content=\"https:\/\/tourtravelandmore.com\/wp-content\/uploads\/2019\/09\/vienna-sch\u00f6nbrunn.jpg\" \/>\n\t<meta property=\"og:image:width\" content=\"639\" \/>\n\t<meta property=\"og:image:height\" content=\"420\" \/>\n\t<meta property=\"og:image:type\" content=\"image\/jpeg\" \/>\n<meta name=\"twitter:card\" content=\"summary_large_image\" \/>\n<meta name=\"twitter:site\" content=\"@TourTravel_More\" \/>\n<meta name=\"twitter:label1\" content=\"Dur\u00e9e de lecture estim\u00e9e\" \/>\n\t<meta name=\"twitter:data1\" content=\"4 minutes\" \/>\n<script type=\"application\/ld+json\" class=\"yoast-schema-graph\">{\"@context\":\"https:\/\/schema.org\",\"@graph\":[{\"@type\":\"WebPage\",\"@id\":\"https:\/\/tourtravelandmore.com\/fr\/tours\/lautriche-fr\/vienna-fr\/visite-privee-de-vienne-avec-le-chateau-de-schonbrunn\/\",\"url\":\"https:\/\/tourtravelandmore.com\/fr\/tours\/lautriche-fr\/vienna-fr\/visite-privee-de-vienne-avec-le-chateau-de-schonbrunn\/\",\"name\":\"Ch\u00e2teau de Sch\u00f6nbrunn : Un voyage historique priv\u00e9\",\"isPartOf\":{\"@id\":\"https:\/\/tourtravelandmore.com\/fr\/#website\"},\"primaryImageOfPage\":{\"@id\":\"https:\/\/tourtravelandmore.com\/fr\/tours\/lautriche-fr\/vienna-fr\/visite-privee-de-vienne-avec-le-chateau-de-schonbrunn\/#primaryimage\"},\"image\":{\"@id\":\"https:\/\/tourtravelandmore.com\/fr\/tours\/lautriche-fr\/vienna-fr\/visite-privee-de-vienne-avec-le-chateau-de-schonbrunn\/#primaryimage\"},\"thumbnailUrl\":\"https:\/\/tourtravelandmore.com\/wp-content\/uploads\/2019\/09\/vienna-sch\u00f6nbrunn.jpg\",\"datePublished\":\"2019-11-04T00:24:38+00:00\",\"dateModified\":\"2023-10-26T16:59:33+00:00\",\"description\":\"Plongez au c\u0153ur de l'Autriche avec une visite exclusive du ch\u00e2teau de Sch\u00f6nbrunn. Des salles imp\u00e9riales aux jardins immacul\u00e9s, plongez dans les r\u00e9cits d'une \u00e9poque r\u00e9volue.\",\"breadcrumb\":{\"@id\":\"https:\/\/tourtravelandmore.com\/fr\/tours\/lautriche-fr\/vienna-fr\/visite-privee-de-vienne-avec-le-chateau-de-schonbrunn\/#breadcrumb\"},\"inLanguage\":\"fr-FR\",\"potentialAction\":[{\"@type\":\"ReadAction\",\"target\":[\"https:\/\/tourtravelandmore.com\/fr\/tours\/lautriche-fr\/vienna-fr\/visite-privee-de-vienne-avec-le-chateau-de-schonbrunn\/\"]}]},{\"@type\":\"ImageObject\",\"inLanguage\":\"fr-FR\",\"@id\":\"https:\/\/tourtravelandmore.com\/fr\/tours\/lautriche-fr\/vienna-fr\/visite-privee-de-vienne-avec-le-chateau-de-schonbrunn\/#primaryimage\",\"url\":\"https:\/\/tourtravelandmore.com\/wp-content\/uploads\/2019\/09\/vienna-sch\u00f6nbrunn.jpg\",\"contentUrl\":\"https:\/\/tourtravelandmore.com\/wp-content\/uploads\/2019\/09\/vienna-sch\u00f6nbrunn.jpg\",\"width\":639,\"height\":420},{\"@type\":\"BreadcrumbList\",\"@id\":\"https:\/\/tourtravelandmore.com\/fr\/tours\/lautriche-fr\/vienna-fr\/visite-privee-de-vienne-avec-le-chateau-de-schonbrunn\/#breadcrumb\",\"itemListElement\":[{\"@type\":\"ListItem\",\"position\":1,\"name\":\"Home\",\"item\":\"https:\/\/tourtravelandmore.com\/fr\/\"},{\"@type\":\"ListItem\",\"position\":2,\"name\":\"Tours\",\"item\":\"https:\/\/tourtravelandmore.com\/fr\/tours\/\"},{\"@type\":\"ListItem\",\"position\":3,\"name\":\"Visite guid\u00e9e priv\u00e9e du ch\u00e2teau de Sch\u00f6nbrunn\"}]},{\"@type\":\"WebSite\",\"@id\":\"https:\/\/tourtravelandmore.com\/fr\/#website\",\"url\":\"https:\/\/tourtravelandmore.com\/fr\/\",\"name\":\"Tour Travel And More\",\"description\":\"Private sightseeing tours and luxury transfers in Spain\",\"publisher\":{\"@id\":\"https:\/\/tourtravelandmore.com\/fr\/#organization\"},\"potentialAction\":[{\"@type\":\"SearchAction\",\"target\":{\"@type\":\"EntryPoint\",\"urlTemplate\":\"https:\/\/tourtravelandmore.com\/fr\/?s={search_term_string}\"},\"query-input\":{\"@type\":\"PropertyValueSpecification\",\"valueRequired\":true,\"valueName\":\"search_term_string\"}}],\"inLanguage\":\"fr-FR\"},{\"@type\":\"Organization\",\"@id\":\"https:\/\/tourtravelandmore.com\/fr\/#organization\",\"name\":\"Tour Travel And More\",\"url\":\"https:\/\/tourtravelandmore.com\/fr\/\",\"logo\":{\"@type\":\"ImageObject\",\"inLanguage\":\"fr-FR\",\"@id\":\"https:\/\/tourtravelandmore.com\/fr\/#\/schema\/logo\/image\/\",\"url\":\"https:\/\/tourtravelandmore.com\/wp-content\/uploads\/2022\/12\/cropped-logo-cabecera-new.png\",\"contentUrl\":\"https:\/\/tourtravelandmore.com\/wp-content\/uploads\/2022\/12\/cropped-logo-cabecera-new.png\",\"width\":430,\"height\":61,\"caption\":\"Tour Travel And More\"},\"image\":{\"@id\":\"https:\/\/tourtravelandmore.com\/fr\/#\/schema\/logo\/image\/\"},\"sameAs\":[\"https:\/\/www.facebook.com\/tourtravelandmore\/\",\"https:\/\/x.com\/TourTravel_More\"]}]}<\/script>\n<!-- \/ Yoast SEO Premium plugin. -->","yoast_head_json":{"title":"Ch\u00e2teau de Sch\u00f6nbrunn : Un voyage historique priv\u00e9","description":"Plongez au c\u0153ur de l'Autriche avec une visite exclusive du ch\u00e2teau de Sch\u00f6nbrunn. Des salles imp\u00e9riales aux jardins immacul\u00e9s, plongez dans les r\u00e9cits d'une \u00e9poque r\u00e9volue.","robots":{"index":"index","follow":"follow","max-snippet":"max-snippet:-1","max-image-preview":"max-image-preview:large","max-video-preview":"max-video-preview:-1"},"canonical":"https:\/\/tourtravelandmore.com\/fr\/tours\/lautriche-fr\/vienna-fr\/visite-privee-de-vienne-avec-le-chateau-de-schonbrunn\/","og_locale":"fr_FR","og_type":"article","og_title":"Visite guid\u00e9e priv\u00e9e du ch\u00e2teau de Sch\u00f6nbrunn","og_description":"Plongez au c\u0153ur de l'Autriche avec une visite exclusive du ch\u00e2teau de Sch\u00f6nbrunn. Des salles imp\u00e9riales aux jardins immacul\u00e9s, plongez dans les r\u00e9cits d'une \u00e9poque r\u00e9volue.","og_url":"https:\/\/tourtravelandmore.com\/fr\/tours\/lautriche-fr\/vienna-fr\/visite-privee-de-vienne-avec-le-chateau-de-schonbrunn\/","og_site_name":"Tour Travel And More","article_publisher":"https:\/\/www.facebook.com\/tourtravelandmore\/","article_modified_time":"2023-10-26T16:59:33+00:00","og_image":[{"width":639,"height":420,"url":"https:\/\/tourtravelandmore.com\/wp-content\/uploads\/2019\/09\/vienna-sch\u00f6nbrunn.jpg","type":"image\/jpeg"}],"twitter_card":"summary_large_image","twitter_site":"@TourTravel_More","twitter_misc":{"Dur\u00e9e de lecture estim\u00e9e":"4 minutes"},"schema":{"@context":"https:\/\/schema.org","@graph":[{"@type":"WebPage","@id":"https:\/\/tourtravelandmore.com\/fr\/tours\/lautriche-fr\/vienna-fr\/visite-privee-de-vienne-avec-le-chateau-de-schonbrunn\/","url":"https:\/\/tourtravelandmore.com\/fr\/tours\/lautriche-fr\/vienna-fr\/visite-privee-de-vienne-avec-le-chateau-de-schonbrunn\/","name":"Ch\u00e2teau de Sch\u00f6nbrunn : Un voyage historique priv\u00e9","isPartOf":{"@id":"https:\/\/tourtravelandmore.com\/fr\/#website"},"primaryImageOfPage":{"@id":"https:\/\/tourtravelandmore.com\/fr\/tours\/lautriche-fr\/vienna-fr\/visite-privee-de-vienne-avec-le-chateau-de-schonbrunn\/#primaryimage"},"image":{"@id":"https:\/\/tourtravelandmore.com\/fr\/tours\/lautriche-fr\/vienna-fr\/visite-privee-de-vienne-avec-le-chateau-de-schonbrunn\/#primaryimage"},"thumbnailUrl":"https:\/\/tourtravelandmore.com\/wp-content\/uploads\/2019\/09\/vienna-sch\u00f6nbrunn.jpg","datePublished":"2019-11-04T00:24:38+00:00","dateModified":"2023-10-26T16:59:33+00:00","description":"Plongez au c\u0153ur de l'Autriche avec une visite exclusive du ch\u00e2teau de Sch\u00f6nbrunn. Des salles imp\u00e9riales aux jardins immacul\u00e9s, plongez dans les r\u00e9cits d'une \u00e9poque r\u00e9volue.","breadcrumb":{"@id":"https:\/\/tourtravelandmore.com\/fr\/tours\/lautriche-fr\/vienna-fr\/visite-privee-de-vienne-avec-le-chateau-de-schonbrunn\/#breadcrumb"},"inLanguage":"fr-FR","potentialAction":[{"@type":"ReadAction","target":["https:\/\/tourtravelandmore.com\/fr\/tours\/lautriche-fr\/vienna-fr\/visite-privee-de-vienne-avec-le-chateau-de-schonbrunn\/"]}]},{"@type":"ImageObject","inLanguage":"fr-FR","@id":"https:\/\/tourtravelandmore.com\/fr\/tours\/lautriche-fr\/vienna-fr\/visite-privee-de-vienne-avec-le-chateau-de-schonbrunn\/#primaryimage","url":"https:\/\/tourtravelandmore.com\/wp-content\/uploads\/2019\/09\/vienna-sch\u00f6nbrunn.jpg","contentUrl":"https:\/\/tourtravelandmore.com\/wp-content\/uploads\/2019\/09\/vienna-sch\u00f6nbrunn.jpg","width":639,"height":420},{"@type":"BreadcrumbList","@id":"https:\/\/tourtravelandmore.com\/fr\/tours\/lautriche-fr\/vienna-fr\/visite-privee-de-vienne-avec-le-chateau-de-schonbrunn\/#breadcrumb","itemListElement":[{"@type":"ListItem","position":1,"name":"Home","item":"https:\/\/tourtravelandmore.com\/fr\/"},{"@type":"ListItem","position":2,"name":"Tours","item":"https:\/\/tourtravelandmore.com\/fr\/tours\/"},{"@type":"ListItem","position":3,"name":"Visite guid\u00e9e priv\u00e9e du ch\u00e2teau de Sch\u00f6nbrunn"}]},{"@type":"WebSite","@id":"https:\/\/tourtravelandmore.com\/fr\/#website","url":"https:\/\/tourtravelandmore.com\/fr\/","name":"Tour Travel And More","description":"Private sightseeing tours and luxury transfers in Spain","publisher":{"@id":"https:\/\/tourtravelandmore.com\/fr\/#organization"},"potentialAction":[{"@type":"SearchAction","target":{"@type":"EntryPoint","urlTemplate":"https:\/\/tourtravelandmore.com\/fr\/?s={search_term_string}"},"query-input":{"@type":"PropertyValueSpecification","valueRequired":true,"valueName":"search_term_string"}}],"inLanguage":"fr-FR"},{"@type":"Organization","@id":"https:\/\/tourtravelandmore.com\/fr\/#organization","name":"Tour Travel And More","url":"https:\/\/tourtravelandmore.com\/fr\/","logo":{"@type":"ImageObject","inLanguage":"fr-FR","@id":"https:\/\/tourtravelandmore.com\/fr\/#\/schema\/logo\/image\/","url":"https:\/\/tourtravelandmore.com\/wp-content\/uploads\/2022\/12\/cropped-logo-cabecera-new.png","contentUrl":"https:\/\/tourtravelandmore.com\/wp-content\/uploads\/2022\/12\/cropped-logo-cabecera-new.png","width":430,"height":61,"caption":"Tour Travel And More"},"image":{"@id":"https:\/\/tourtravelandmore.com\/fr\/#\/schema\/logo\/image\/"},"sameAs":["https:\/\/www.facebook.com\/tourtravelandmore\/","https:\/\/x.com\/TourTravel_More"]}]}},"_links":{"self":[{"href":"https:\/\/tourtravelandmore.com\/fr\/wp-json\/wp\/v2\/product\/101725","targetHints":{"allow":["GET"]}}],"collection":[{"href":"https:\/\/tourtravelandmore.com\/fr\/wp-json\/wp\/v2\/product"}],"about":[{"href":"https:\/\/tourtravelandmore.com\/fr\/wp-json\/wp\/v2\/types\/product"}],"replies":[{"embeddable":true,"href":"https:\/\/tourtravelandmore.com\/fr\/wp-json\/wp\/v2\/comments?post=101725"}],"wp:featuredmedia":[{"embeddable":true,"href":"https:\/\/tourtravelandmore.com\/fr\/wp-json\/wp\/v2\/media\/96380"}],"wp:attachment":[{"href":"https:\/\/tourtravelandmore.com\/fr\/wp-json\/wp\/v2\/media?parent=101725"}],"wp:term":[{"taxonomy":"product_brand","embeddable":true,"href":"https:\/\/tourtravelandmore.com\/fr\/wp-json\/wp\/v2\/product_brand?post=101725"},{"taxonomy":"product_cat","embeddable":true,"href":"https:\/\/tourtravelandmore.com\/fr\/wp-json\/wp\/v2\/product_cat?post=101725"},{"taxonomy":"product_tag","embeddable":true,"href":"https:\/\/tourtravelandmore.com\/fr\/wp-json\/wp\/v2\/product_tag?post=101725"}],"curies":[{"name":"wp","href":"https:\/\/api.w.org\/{rel}","templated":true}]}}