{"id":101720,"date":"2019-11-01T01:53:34","date_gmt":"2019-11-01T00:53:34","guid":{"rendered":"https:\/\/tourtravelandmore.com\/tours\/non%20class\u00e9\/visite-privee-du-musee-de-beldevere-et-de-gustav-klimt\/"},"modified":"2023-10-29T12:29:40","modified_gmt":"2023-10-29T11:29:40","slug":"visite-privee-a-pied-du-musee-beldevere","status":"publish","type":"product","link":"https:\/\/tourtravelandmore.com\/fr\/tours\/lautriche-fr\/vienna-fr\/visite-privee-a-pied-du-musee-beldevere\/","title":{"rendered":"Visite guid\u00e9e priv\u00e9e du mus\u00e9e du Belv\u00e9d\u00e8re \u00e0 Vienne"},"content":{"rendered":"<h2><b>Description de la visite guid\u00e9e priv\u00e9e du mus\u00e9e du Belv\u00e9d\u00e8re<\/b><\/h2>\n<p><span style=\"font-weight: 400;\">Nich\u00e9 au c\u0153ur de Vienne, le mus\u00e9e du Belv\u00e9d\u00e8re est un joyau qui repr\u00e9sente la quintessence de l&#8217;\u00e9clat artistique et de la magnificence architecturale. Souvent surnomm\u00e9 le joyau de la couronne de la culture viennoise, ce mus\u00e9e est un symbole embl\u00e9matique de la riche histoire de l&#8217;Autriche, m\u00ealant harmonieusement la ferveur de la Renaissance \u00e0 l&#8217;\u00e9l\u00e9gance contemporaine.<\/span><\/p>\n<p><span style=\"font-weight: 400;\">Con\u00e7u \u00e0 l&#8217;origine comme une r\u00e9sidence d&#8217;\u00e9t\u00e9 princi\u00e8re, le mus\u00e9e du Belv\u00e9d\u00e8re est un t\u00e9moignage de la grande \u00e9poque baroque de l&#8217;Europe. Les dessins complexes, les vastes jardins et les collections d&#8217;art impressionnantes racontent des histoires d&#8217;empereurs, d&#8217;artistes et d&#8217;\u00e9poques, r\u00e9sumant ainsi l&#8217;\u00e2me de Vienne. Notre visite priv\u00e9e \u00e0 pied, minutieusement pr\u00e9par\u00e9e, vous garantit un voyage immersif, transcendant les contraintes du temps et vous permettant de revivre l&#8217;opulence d&#8217;une \u00e9poque r\u00e9volue.<\/span><\/p>\n<p><span style=\"font-weight: 400;\">Commencez votre voyage de d\u00e9couverte en rejoignant notre guide \u00e9rudit, un connaisseur de l&#8217;art et de l&#8217;histoire viennois, d\u00e8s l&#8217;entr\u00e9e du mus\u00e9e. Votre guide, arm\u00e9 de r\u00e9cits captivants et d&#8217;anecdotes intrigantes, veillera \u00e0 ce que les tapisseries de l&#8217;histoire se d\u00e9roulent sous vos yeux, donnant vie \u00e0 chaque \u0153uvre d&#8217;art, \u00e0 chaque artefact et \u00e0 chaque recoin du mus\u00e9e.<\/span><\/p>\n<p><span style=\"font-weight: 400;\">La poursuite de l&#8217;exploration du mus\u00e9e du Belv\u00e9d\u00e8re promet une symphonie de plaisirs sensoriels. Au fil des couloirs orn\u00e9s et des vastes salles, le mus\u00e9e devient plus qu&#8217;un simple b\u00e2timent ; il se transforme en une capsule temporelle qui offre un aper\u00e7u d&#8217;\u00e9poques r\u00e9volues. Les murs murmurent les secrets de la grandeur imp\u00e9riale, des artistes passionn\u00e9s, des intrigues politiques et des r\u00e9volutions soci\u00e9tales. Chaque coup de pinceau sur la toile et chaque marque de ciseau sur le marbre t\u00e9moignent de l&#8217;esprit humain in\u00e9branlable, de la cr\u00e9ativit\u00e9 et d&#8217;une soif insatiable de beaut\u00e9.<\/span><\/p>\n<p><span style=\"font-weight: 400;\">La grandeur du Belv\u00e9d\u00e8re ne se limite pas \u00e0 ses int\u00e9rieurs. Son ext\u00e9rieur, resplendissant de jardins m\u00e9ticuleusement am\u00e9nag\u00e9s et de fontaines orn\u00e9es, donne vie \u00e0 des histoires de f\u00eates somptueuses, de rendez-vous romantiques et de r\u00e9unions clandestines. Ici, au milieu de la splendeur de la nature, la royaut\u00e9 et l&#8217;aristocratie se m\u00ealaient autrefois, forgeant des alliances et \u00e9crivant l&#8217;histoire. En parcourant ces lieux, il est facile de se laisser emporter, en imaginant les \u00e9chos des rires, de la musique et des secrets chuchot\u00e9s qui remplissaient autrefois l&#8217;air.<\/span><\/p>\n<h2><b>Points forts de la visite guid\u00e9e priv\u00e9e du mus\u00e9e du Belv\u00e9d\u00e8re<\/b><\/h2>\n<ul>\n<li style=\"font-weight: 400;\" aria-level=\"1\"><b>Le Alte &amp; Unteres Belvedere <\/b><span style=\"font-weight: 400;\">: Plongez dans un monde o\u00f9 l&#8217;art rencontre l&#8217;histoire. Ces deux palais jumeaux, reli\u00e9s par un jardin envo\u00fbtant, abritent une myriade de tr\u00e9sors artistiques. Des salles majestueuses orn\u00e9es de reliques des anciennes cultures d&#8217;Europe centrale aux chambres enchanteresses abritant l&#8217;art de l&#8217;\u00e2ge d&#8217;or viennois, chaque section est une porte d&#8217;entr\u00e9e vers une \u00e9poque distincte.<\/span><\/li>\n<li style=\"font-weight: 400;\" aria-level=\"1\"><b>Splendeurs panoramiques de la tour du Belv\u00e9d\u00e8re :<\/b><span style=\"font-weight: 400;\"> Montez sur l&#8217;un des gratte-ciel les plus \u00e9lev\u00e9s de Vienne, o\u00f9 la ville enti\u00e8re s&#8217;\u00e9tale en dessous, offrant une captivante perspective \u00e0 vol d&#8217;oiseau. Ce point d&#8217;observation offre des possibilit\u00e9s de photos in\u00e9gal\u00e9es, capturant la beaut\u00e9 \u00e9th\u00e9r\u00e9e de Vienne.<\/span><\/li>\n<li style=\"font-weight: 400;\" aria-level=\"1\"><b>La galerie d&#8217;art contemporain Whispers of the Contemporary Art Gallery <\/b><span style=\"font-weight: 400;\">: Cette galerie n&#8217;est pas seulement une collection, mais une conversation entre les \u00e9poques. Les chefs-d&#8217;\u0153uvre de Klimt, Schiele et Kokoschka nous interpellent, racontant des histoires de passion, de drame et d&#8217;innovation. Des tableaux comme &#8220;Le Baiser&#8221; et &#8220;La Frise Beethoven&#8221; illustrent la r\u00e9volution de l&#8217;art \u00e0 travers les \u00e2ges.<\/span><\/li>\n<li style=\"font-weight: 400;\" aria-level=\"1\"><b>L&#8217;oasis zen &#8211; le jardin du Belv\u00e9d\u00e8re : <\/b><span style=\"font-weight: 400;\">Apr\u00e8s avoir r\u00e9gal\u00e9 vos sens de chefs-d&#8217;\u0153uvre visuels, laissez-vous aller \u00e0 la s\u00e9r\u00e9nit\u00e9 en vous promenant dans le jardin zen immacul\u00e9. Ce sanctuaire tranquille, juxtapos\u00e9 \u00e0 la grandeur du mus\u00e9e, offre un r\u00e9pit parfait, garantissant que votre visite se termine sur une note d&#8217;introspection paisible.<\/span><\/li>\n<li style=\"font-weight: 400;\" aria-level=\"1\"><b>L&#8217;essence m\u00eame de Vienne <\/b><span style=\"font-weight: 400;\">: Votre voyage ne doit pas s&#8217;arr\u00eater l\u00e0. Les rues de Vienne regorgent d&#8217;histoires qui ne demandent qu&#8217;\u00e0 \u00eatre entendues et de curiosit\u00e9s qui ne demandent qu&#8217;\u00e0 \u00eatre vues. Nous vous invitons cordialement \u00e0 approfondir votre lien avec cette ville historique gr\u00e2ce \u00e0 notre tour de ville complet, qui comprend une exploration approfondie du ch\u00e2teau de Sch\u00f6nbrunn.<\/span><\/li>\n<\/ul>\n<p><span style=\"font-weight: 400;\">Savourez le luxe d&#8217;informations exclusives, d&#8217;exp\u00e9riences personnalis\u00e9es et d&#8217;un acc\u00e8s in\u00e9gal\u00e9. <\/span><a href=\"https:\/\/tourtravelandmore.com\/fr\/city\/lautriche-fr\/vienna-fr\/\"><span style=\"font-weight: 400;\">R\u00e9servez votre place d\u00e8s maintenant et cr\u00e9ez des souvenirs que vous ch\u00e9rirez toute votre vie. <\/span><\/a><span style=\"font-weight: 400;\">Votre voyage \u00e0 travers le c\u0153ur et l&#8217;\u00e2me de Vienne vous attend.<\/span><\/p>\n","protected":false},"excerpt":{"rendered":"<p><span style=\"font-weight: 400;\">Explorez le joyau artistique et historique de Vienne, le mus\u00e9e du Belv\u00e9d\u00e8re, en compagnie d&#8217;un guide expert. Admirez des chefs-d&#8217;\u0153uvre de Klimt, savourez des vues panoramiques de la ville et d\u00e9tendez-vous dans des jardins tranquilles.<\/span><\/p>\n","protected":false},"featured_media":96670,"comment_status":"open","ping_status":"closed","template":"","meta":{"_acf_changed":false},"product_brand":[],"product_cat":[3709,3708,4181,4182,4184],"product_tag":[],"class_list":{"0":"post-101720","1":"product","2":"type-product","3":"status-publish","4":"has-post-thumbnail","6":"product_cat-lautriche-fr","7":"product_cat-vienna-fr","8":"product_cat-toutes-les-visites-et-activites","9":"product_cat-visites-guidees-privees-fr-2","10":"product_cat-visite-privee-a-pied","12":"first","13":"instock","14":"shipping-taxable","15":"purchasable","16":"product-type-simple"},"acf":[],"yoast_head":"<!-- This site is optimized with the Yoast SEO Premium plugin v25.3.1 (Yoast SEO v25.3.1) - https:\/\/yoast.com\/wordpress\/plugins\/seo\/ -->\n<title>Visite priv\u00e9e exclusive du mus\u00e9e du Belv\u00e9d\u00e8re, Vienne<\/title>\n<meta name=\"description\" content=\"Plongez au c\u0153ur de Vienne avec une visite priv\u00e9e exclusive du mus\u00e9e du Belv\u00e9d\u00e8re. Vous d\u00e9couvrirez des chefs-d&#039;\u0153uvre artistiques, une architecture grandiose et des jardins sereins, le tout guid\u00e9 par des experts.\" \/>\n<meta name=\"robots\" content=\"index, follow, max-snippet:-1, max-image-preview:large, max-video-preview:-1\" \/>\n<link rel=\"canonical\" href=\"https:\/\/tourtravelandmore.com\/fr\/tours\/lautriche-fr\/vienna-fr\/visite-privee-a-pied-du-musee-beldevere\/\" \/>\n<meta property=\"og:locale\" content=\"fr_FR\" \/>\n<meta property=\"og:type\" content=\"article\" \/>\n<meta property=\"og:title\" content=\"Visite guid\u00e9e priv\u00e9e du mus\u00e9e du Belv\u00e9d\u00e8re \u00e0 Vienne\" \/>\n<meta property=\"og:description\" content=\"Plongez au c\u0153ur de Vienne avec une visite priv\u00e9e exclusive du mus\u00e9e du Belv\u00e9d\u00e8re. Vous d\u00e9couvrirez des chefs-d&#039;\u0153uvre artistiques, une architecture grandiose et des jardins sereins, le tout guid\u00e9 par des experts.\" \/>\n<meta property=\"og:url\" content=\"https:\/\/tourtravelandmore.com\/fr\/tours\/lautriche-fr\/vienna-fr\/visite-privee-a-pied-du-musee-beldevere\/\" \/>\n<meta property=\"og:site_name\" content=\"Tour Travel And More\" \/>\n<meta property=\"article:publisher\" content=\"https:\/\/www.facebook.com\/tourtravelandmore\/\" \/>\n<meta property=\"article:modified_time\" content=\"2023-10-29T11:29:40+00:00\" \/>\n<meta property=\"og:image\" content=\"https:\/\/tourtravelandmore.com\/wp-content\/uploads\/2019\/11\/beldevere_museum.jpg\" \/>\n\t<meta property=\"og:image:width\" content=\"1024\" \/>\n\t<meta property=\"og:image:height\" content=\"438\" \/>\n\t<meta property=\"og:image:type\" content=\"image\/jpeg\" \/>\n<meta name=\"twitter:card\" content=\"summary_large_image\" \/>\n<meta name=\"twitter:site\" content=\"@TourTravel_More\" \/>\n<meta name=\"twitter:label1\" content=\"Dur\u00e9e de lecture estim\u00e9e\" \/>\n\t<meta name=\"twitter:data1\" content=\"4 minutes\" \/>\n<script type=\"application\/ld+json\" class=\"yoast-schema-graph\">{\"@context\":\"https:\/\/schema.org\",\"@graph\":[{\"@type\":\"WebPage\",\"@id\":\"https:\/\/tourtravelandmore.com\/fr\/tours\/lautriche-fr\/vienna-fr\/visite-privee-a-pied-du-musee-beldevere\/\",\"url\":\"https:\/\/tourtravelandmore.com\/fr\/tours\/lautriche-fr\/vienna-fr\/visite-privee-a-pied-du-musee-beldevere\/\",\"name\":\"Visite priv\u00e9e exclusive du mus\u00e9e du Belv\u00e9d\u00e8re, Vienne\",\"isPartOf\":{\"@id\":\"https:\/\/tourtravelandmore.com\/fr\/#website\"},\"primaryImageOfPage\":{\"@id\":\"https:\/\/tourtravelandmore.com\/fr\/tours\/lautriche-fr\/vienna-fr\/visite-privee-a-pied-du-musee-beldevere\/#primaryimage\"},\"image\":{\"@id\":\"https:\/\/tourtravelandmore.com\/fr\/tours\/lautriche-fr\/vienna-fr\/visite-privee-a-pied-du-musee-beldevere\/#primaryimage\"},\"thumbnailUrl\":\"https:\/\/tourtravelandmore.com\/wp-content\/uploads\/2019\/11\/beldevere_museum.jpg\",\"datePublished\":\"2019-11-01T00:53:34+00:00\",\"dateModified\":\"2023-10-29T11:29:40+00:00\",\"description\":\"Plongez au c\u0153ur de Vienne avec une visite priv\u00e9e exclusive du mus\u00e9e du Belv\u00e9d\u00e8re. Vous d\u00e9couvrirez des chefs-d'\u0153uvre artistiques, une architecture grandiose et des jardins sereins, le tout guid\u00e9 par des experts.\",\"breadcrumb\":{\"@id\":\"https:\/\/tourtravelandmore.com\/fr\/tours\/lautriche-fr\/vienna-fr\/visite-privee-a-pied-du-musee-beldevere\/#breadcrumb\"},\"inLanguage\":\"fr-FR\",\"potentialAction\":[{\"@type\":\"ReadAction\",\"target\":[\"https:\/\/tourtravelandmore.com\/fr\/tours\/lautriche-fr\/vienna-fr\/visite-privee-a-pied-du-musee-beldevere\/\"]}]},{\"@type\":\"ImageObject\",\"inLanguage\":\"fr-FR\",\"@id\":\"https:\/\/tourtravelandmore.com\/fr\/tours\/lautriche-fr\/vienna-fr\/visite-privee-a-pied-du-musee-beldevere\/#primaryimage\",\"url\":\"https:\/\/tourtravelandmore.com\/wp-content\/uploads\/2019\/11\/beldevere_museum.jpg\",\"contentUrl\":\"https:\/\/tourtravelandmore.com\/wp-content\/uploads\/2019\/11\/beldevere_museum.jpg\",\"width\":1024,\"height\":438},{\"@type\":\"BreadcrumbList\",\"@id\":\"https:\/\/tourtravelandmore.com\/fr\/tours\/lautriche-fr\/vienna-fr\/visite-privee-a-pied-du-musee-beldevere\/#breadcrumb\",\"itemListElement\":[{\"@type\":\"ListItem\",\"position\":1,\"name\":\"Home\",\"item\":\"https:\/\/tourtravelandmore.com\/fr\/\"},{\"@type\":\"ListItem\",\"position\":2,\"name\":\"Tours\",\"item\":\"https:\/\/tourtravelandmore.com\/fr\/tours\/\"},{\"@type\":\"ListItem\",\"position\":3,\"name\":\"Visite guid\u00e9e priv\u00e9e du mus\u00e9e du Belv\u00e9d\u00e8re \u00e0 Vienne\"}]},{\"@type\":\"WebSite\",\"@id\":\"https:\/\/tourtravelandmore.com\/fr\/#website\",\"url\":\"https:\/\/tourtravelandmore.com\/fr\/\",\"name\":\"Tour Travel And More\",\"description\":\"Private sightseeing tours and luxury transfers in Spain\",\"publisher\":{\"@id\":\"https:\/\/tourtravelandmore.com\/fr\/#organization\"},\"potentialAction\":[{\"@type\":\"SearchAction\",\"target\":{\"@type\":\"EntryPoint\",\"urlTemplate\":\"https:\/\/tourtravelandmore.com\/fr\/?s={search_term_string}\"},\"query-input\":{\"@type\":\"PropertyValueSpecification\",\"valueRequired\":true,\"valueName\":\"search_term_string\"}}],\"inLanguage\":\"fr-FR\"},{\"@type\":\"Organization\",\"@id\":\"https:\/\/tourtravelandmore.com\/fr\/#organization\",\"name\":\"Tour Travel And More\",\"url\":\"https:\/\/tourtravelandmore.com\/fr\/\",\"logo\":{\"@type\":\"ImageObject\",\"inLanguage\":\"fr-FR\",\"@id\":\"https:\/\/tourtravelandmore.com\/fr\/#\/schema\/logo\/image\/\",\"url\":\"https:\/\/tourtravelandmore.com\/wp-content\/uploads\/2022\/12\/cropped-logo-cabecera-new.png\",\"contentUrl\":\"https:\/\/tourtravelandmore.com\/wp-content\/uploads\/2022\/12\/cropped-logo-cabecera-new.png\",\"width\":430,\"height\":61,\"caption\":\"Tour Travel And More\"},\"image\":{\"@id\":\"https:\/\/tourtravelandmore.com\/fr\/#\/schema\/logo\/image\/\"},\"sameAs\":[\"https:\/\/www.facebook.com\/tourtravelandmore\/\",\"https:\/\/x.com\/TourTravel_More\"]}]}<\/script>\n<!-- \/ Yoast SEO Premium plugin. -->","yoast_head_json":{"title":"Visite priv\u00e9e exclusive du mus\u00e9e du Belv\u00e9d\u00e8re, Vienne","description":"Plongez au c\u0153ur de Vienne avec une visite priv\u00e9e exclusive du mus\u00e9e du Belv\u00e9d\u00e8re. Vous d\u00e9couvrirez des chefs-d'\u0153uvre artistiques, une architecture grandiose et des jardins sereins, le tout guid\u00e9 par des experts.","robots":{"index":"index","follow":"follow","max-snippet":"max-snippet:-1","max-image-preview":"max-image-preview:large","max-video-preview":"max-video-preview:-1"},"canonical":"https:\/\/tourtravelandmore.com\/fr\/tours\/lautriche-fr\/vienna-fr\/visite-privee-a-pied-du-musee-beldevere\/","og_locale":"fr_FR","og_type":"article","og_title":"Visite guid\u00e9e priv\u00e9e du mus\u00e9e du Belv\u00e9d\u00e8re \u00e0 Vienne","og_description":"Plongez au c\u0153ur de Vienne avec une visite priv\u00e9e exclusive du mus\u00e9e du Belv\u00e9d\u00e8re. Vous d\u00e9couvrirez des chefs-d'\u0153uvre artistiques, une architecture grandiose et des jardins sereins, le tout guid\u00e9 par des experts.","og_url":"https:\/\/tourtravelandmore.com\/fr\/tours\/lautriche-fr\/vienna-fr\/visite-privee-a-pied-du-musee-beldevere\/","og_site_name":"Tour Travel And More","article_publisher":"https:\/\/www.facebook.com\/tourtravelandmore\/","article_modified_time":"2023-10-29T11:29:40+00:00","og_image":[{"width":1024,"height":438,"url":"https:\/\/tourtravelandmore.com\/wp-content\/uploads\/2019\/11\/beldevere_museum.jpg","type":"image\/jpeg"}],"twitter_card":"summary_large_image","twitter_site":"@TourTravel_More","twitter_misc":{"Dur\u00e9e de lecture estim\u00e9e":"4 minutes"},"schema":{"@context":"https:\/\/schema.org","@graph":[{"@type":"WebPage","@id":"https:\/\/tourtravelandmore.com\/fr\/tours\/lautriche-fr\/vienna-fr\/visite-privee-a-pied-du-musee-beldevere\/","url":"https:\/\/tourtravelandmore.com\/fr\/tours\/lautriche-fr\/vienna-fr\/visite-privee-a-pied-du-musee-beldevere\/","name":"Visite priv\u00e9e exclusive du mus\u00e9e du Belv\u00e9d\u00e8re, Vienne","isPartOf":{"@id":"https:\/\/tourtravelandmore.com\/fr\/#website"},"primaryImageOfPage":{"@id":"https:\/\/tourtravelandmore.com\/fr\/tours\/lautriche-fr\/vienna-fr\/visite-privee-a-pied-du-musee-beldevere\/#primaryimage"},"image":{"@id":"https:\/\/tourtravelandmore.com\/fr\/tours\/lautriche-fr\/vienna-fr\/visite-privee-a-pied-du-musee-beldevere\/#primaryimage"},"thumbnailUrl":"https:\/\/tourtravelandmore.com\/wp-content\/uploads\/2019\/11\/beldevere_museum.jpg","datePublished":"2019-11-01T00:53:34+00:00","dateModified":"2023-10-29T11:29:40+00:00","description":"Plongez au c\u0153ur de Vienne avec une visite priv\u00e9e exclusive du mus\u00e9e du Belv\u00e9d\u00e8re. Vous d\u00e9couvrirez des chefs-d'\u0153uvre artistiques, une architecture grandiose et des jardins sereins, le tout guid\u00e9 par des experts.","breadcrumb":{"@id":"https:\/\/tourtravelandmore.com\/fr\/tours\/lautriche-fr\/vienna-fr\/visite-privee-a-pied-du-musee-beldevere\/#breadcrumb"},"inLanguage":"fr-FR","potentialAction":[{"@type":"ReadAction","target":["https:\/\/tourtravelandmore.com\/fr\/tours\/lautriche-fr\/vienna-fr\/visite-privee-a-pied-du-musee-beldevere\/"]}]},{"@type":"ImageObject","inLanguage":"fr-FR","@id":"https:\/\/tourtravelandmore.com\/fr\/tours\/lautriche-fr\/vienna-fr\/visite-privee-a-pied-du-musee-beldevere\/#primaryimage","url":"https:\/\/tourtravelandmore.com\/wp-content\/uploads\/2019\/11\/beldevere_museum.jpg","contentUrl":"https:\/\/tourtravelandmore.com\/wp-content\/uploads\/2019\/11\/beldevere_museum.jpg","width":1024,"height":438},{"@type":"BreadcrumbList","@id":"https:\/\/tourtravelandmore.com\/fr\/tours\/lautriche-fr\/vienna-fr\/visite-privee-a-pied-du-musee-beldevere\/#breadcrumb","itemListElement":[{"@type":"ListItem","position":1,"name":"Home","item":"https:\/\/tourtravelandmore.com\/fr\/"},{"@type":"ListItem","position":2,"name":"Tours","item":"https:\/\/tourtravelandmore.com\/fr\/tours\/"},{"@type":"ListItem","position":3,"name":"Visite guid\u00e9e priv\u00e9e du mus\u00e9e du Belv\u00e9d\u00e8re \u00e0 Vienne"}]},{"@type":"WebSite","@id":"https:\/\/tourtravelandmore.com\/fr\/#website","url":"https:\/\/tourtravelandmore.com\/fr\/","name":"Tour Travel And More","description":"Private sightseeing tours and luxury transfers in Spain","publisher":{"@id":"https:\/\/tourtravelandmore.com\/fr\/#organization"},"potentialAction":[{"@type":"SearchAction","target":{"@type":"EntryPoint","urlTemplate":"https:\/\/tourtravelandmore.com\/fr\/?s={search_term_string}"},"query-input":{"@type":"PropertyValueSpecification","valueRequired":true,"valueName":"search_term_string"}}],"inLanguage":"fr-FR"},{"@type":"Organization","@id":"https:\/\/tourtravelandmore.com\/fr\/#organization","name":"Tour Travel And More","url":"https:\/\/tourtravelandmore.com\/fr\/","logo":{"@type":"ImageObject","inLanguage":"fr-FR","@id":"https:\/\/tourtravelandmore.com\/fr\/#\/schema\/logo\/image\/","url":"https:\/\/tourtravelandmore.com\/wp-content\/uploads\/2022\/12\/cropped-logo-cabecera-new.png","contentUrl":"https:\/\/tourtravelandmore.com\/wp-content\/uploads\/2022\/12\/cropped-logo-cabecera-new.png","width":430,"height":61,"caption":"Tour Travel And More"},"image":{"@id":"https:\/\/tourtravelandmore.com\/fr\/#\/schema\/logo\/image\/"},"sameAs":["https:\/\/www.facebook.com\/tourtravelandmore\/","https:\/\/x.com\/TourTravel_More"]}]}},"_links":{"self":[{"href":"https:\/\/tourtravelandmore.com\/fr\/wp-json\/wp\/v2\/product\/101720","targetHints":{"allow":["GET"]}}],"collection":[{"href":"https:\/\/tourtravelandmore.com\/fr\/wp-json\/wp\/v2\/product"}],"about":[{"href":"https:\/\/tourtravelandmore.com\/fr\/wp-json\/wp\/v2\/types\/product"}],"replies":[{"embeddable":true,"href":"https:\/\/tourtravelandmore.com\/fr\/wp-json\/wp\/v2\/comments?post=101720"}],"wp:featuredmedia":[{"embeddable":true,"href":"https:\/\/tourtravelandmore.com\/fr\/wp-json\/wp\/v2\/media\/96670"}],"wp:attachment":[{"href":"https:\/\/tourtravelandmore.com\/fr\/wp-json\/wp\/v2\/media?parent=101720"}],"wp:term":[{"taxonomy":"product_brand","embeddable":true,"href":"https:\/\/tourtravelandmore.com\/fr\/wp-json\/wp\/v2\/product_brand?post=101720"},{"taxonomy":"product_cat","embeddable":true,"href":"https:\/\/tourtravelandmore.com\/fr\/wp-json\/wp\/v2\/product_cat?post=101720"},{"taxonomy":"product_tag","embeddable":true,"href":"https:\/\/tourtravelandmore.com\/fr\/wp-json\/wp\/v2\/product_tag?post=101720"}],"curies":[{"name":"wp","href":"https:\/\/api.w.org\/{rel}","templated":true}]}}