{"id":101715,"date":"2019-09-19T23:13:53","date_gmt":"2019-09-19T21:13:53","guid":{"rendered":"https:\/\/tourtravelandmore.com\/tours\/non%20class\u00e9\/visite-privee-a-pied-de-vienne\/"},"modified":"2023-12-04T14:23:55","modified_gmt":"2023-12-04T13:23:55","slug":"visite-guidee-privee-de-vienne","status":"publish","type":"product","link":"https:\/\/tourtravelandmore.com\/fr\/tours\/lautriche-fr\/vienna-fr\/visite-guidee-privee-de-vienne\/","title":{"rendered":"Visite guid\u00e9e priv\u00e9e de Vienne"},"content":{"rendered":"<h2><b>Description de l&#8217;excursion priv\u00e9e \u00e0 Vienne<\/b><\/h2>\n<p><span style=\"font-weight: 400;\">Plongez dans le c\u0153ur battant de la glorieuse capitale autrichienne gr\u00e2ce \u00e0 notre exquise visite priv\u00e9e \u00e0 pied de Vienne. Impr\u00e9gn\u00e9e d&#8217;une culture riche, d&#8217;une architecture grandiose et d&#8217;une histoire mill\u00e9naire, Vienne a consolid\u00e9 sa r\u00e9putation de ville qui marie les traditions imp\u00e9riales \u00e0 l&#8217;allure moderne.<\/span><\/p>\n<p><span style=\"font-weight: 400;\">Embarquez pour ce voyage instructif \u00e0 partir d&#8217;un point de d\u00e9part d\u00e9sign\u00e9 o\u00f9 un guide priv\u00e9 exp\u00e9riment\u00e9 vous accueillera chaleureusement. Adapt\u00e9e \u00e0 vos int\u00e9r\u00eats, cette visite priv\u00e9e \u00e0 pied est le point de d\u00e9part id\u00e9al pour explorer le centre historique de Vienne. De la s\u00e9r\u00e9nit\u00e9 des ruelles pittoresques aux places anim\u00e9es, vous d\u00e9couvrirez des sites impressionnants tels que la majestueuse cath\u00e9drale Saint-\u00c9tienne, la grande Hofburg, la solennelle Heldenplatz, l&#8217;embl\u00e9matique Op\u00e9ra et l&#8217;embl\u00e9matique Parlement.<\/span><\/p>\n<p><span style=\"font-weight: 400;\">Mais le charme de Vienne ne r\u00e9side pas seulement dans ses monuments spectaculaires. Les histoires, les l\u00e9gendes et les anecdotes racont\u00e9es par votre guide donnent vie \u00e0 ses fa\u00e7ades de pierre. Plongez dans les r\u00e9cits de l&#8217;empire des Habsbourg, laissez-vous \u00e9merveiller par des t\u00e9moignages d&#8217;\u00e9poques r\u00e9volues et plongez-vous dans la transformation de Vienne, de son apog\u00e9e imp\u00e9riale \u00e0 son dynamisme contemporain.<\/span><\/p>\n<p><span style=\"font-weight: 400;\">En parcourant la ville pendant trois heures, vous enrichirez votre compr\u00e9hension de l&#8217;histoire mondiale en d\u00e9couvrant des \u00e9v\u00e9nements embl\u00e9matiques tels que les fun\u00e9railles de Mozart \u00e0 la cath\u00e9drale Saint-\u00c9tienne ou les myst\u00e8res qui entourent la cr\u00e9ation de l&#8217;op\u00e9ra de Vienne.<\/span><\/p>\n<h2><b>Les curiosit\u00e9s de la visite priv\u00e9e \u00e0 pied de Vienne<\/b><\/h2>\n<p><span style=\"font-weight: 400;\">Si Vienne est lou\u00e9e dans le monde entier pour sa qualit\u00e9 de vie exceptionnelle, elle est aussi un r\u00e9servoir de merveilles architecturales et historiques.<\/span><\/p>\n<ul>\n<li style=\"font-weight: 400;\" aria-level=\"1\"><b>La cath\u00e9drale Saint-\u00c9tienne :<\/b><span style=\"font-weight: 400;\"> Chef-d&#8217;\u0153uvre architectural, elle t\u00e9moigne de la ferveur religieuse et du talent artistique de l&#8217;Europe. Non seulement sa splendeur gothique captive, mais ses catacombes historiques murmurent des histoires d&#8217;\u00e9poques r\u00e9volues.<\/span><\/li>\n<li style=\"font-weight: 400;\" aria-level=\"1\"><b>L&#8217;op\u00e9ra de Vienne : <\/b><span style=\"font-weight: 400;\">Au-del\u00e0 de sa fa\u00e7ade majestueuse se cache une histoire ponctu\u00e9e de poursuites artistiques, d&#8217;\u00e9v\u00e9nements myst\u00e9rieux et de repr\u00e9sentations de classe mondiale qui trouvent un \u00e9cho aupr\u00e8s des amateurs de musique classique.<\/span><\/li>\n<li style=\"font-weight: 400;\" aria-level=\"1\"><b>Palais de la Hofburg :<\/b><span style=\"font-weight: 400;\"> Au-del\u00e0 de ses superbes ext\u00e9rieurs, il abrite le monde intrigant de la princesse Sisi et des expositions qui d\u00e9peignent la grandeur du r\u00e8gne des Habsbourg.<\/span><\/li>\n<li style=\"font-weight: 400;\" aria-level=\"1\"><b>Complexe du palais du Belv\u00e9d\u00e8re :<\/b><span style=\"font-weight: 400;\"> Ce complexe historique abrite deux palais baroques, l&#8217;Orangerie et les \u00e9curies du palais. Entour\u00e9 de beaux jardins, il offre une vue magnifique sur Vienne et abrite une collection d&#8217;\u0153uvres d&#8217;art importantes, dont &#8220;Le Baiser&#8221; de Gustav Klimt.<\/span><\/li>\n<li style=\"font-weight: 400;\" aria-level=\"1\"><b>Mariahilferstra\u00dfe : <\/b><span style=\"font-weight: 400;\">La Mariahilferstra\u00dfe est la plus grande rue commer\u00e7ante de Vienne et un centre d&#8217;activit\u00e9 bourdonnant, un paradis pour les amateurs de shopping et de gastronomie. Bord\u00e9e de b\u00e2timents historiques, elle allie parfaitement le riche pass\u00e9 de la ville \u00e0 son vibrant pr\u00e9sent.<\/span><\/li>\n<li style=\"font-weight: 400;\" aria-level=\"1\"><b>Le quartier des mus\u00e9es : <\/b><span style=\"font-weight: 400;\">Ce complexe culturel dynamique, o\u00f9 se m\u00ealent b\u00e2timents baroques et architecture moderne, compte parmi les plus grands lieux d&#8217;art et de culture au monde. C&#8217;est un espace o\u00f9 les installations d&#8217;art contemporain rencontrent les sites historiques, cr\u00e9ant une fusion entre l&#8217;ancien et le nouveau, id\u00e9ale pour les amateurs d&#8217;art et les passionn\u00e9s d&#8217;histoire.<\/span><\/li>\n<\/ul>\n<p><span style=\"font-weight: 400;\">En vous aventurant un peu plus loin, vous tomberez sur des joyaux tels que la biblioth\u00e8que nationale autrichienne, l&#8217;\u00e9cole d&#8217;\u00e9quitation, la crypte des capucins, Stephansdom, le parlement autrichien, et bien d&#8217;autres encore.<\/span><\/p>\n<p><span style=\"font-weight: 400;\">Au terme de ces trois heures d&#8217;immersion, vous ne repartirez pas seulement avec des photographies, mais aussi avec des souvenirs grav\u00e9s dans le temps et des histoires qui r\u00e9sonneront dans votre c\u0153ur.<\/span><\/p>\n<p><span style=\"font-weight: 400;\">Si l&#8217;attrait de l&#8217;Autriche vous fait vibrer davantage, envisagez de prolonger votre voyage avec notre visite priv\u00e9e de Salzbourg au d\u00e9part de Vienne, et continuez \u00e0 tisser des souvenirs pour toute une vie.<\/span><\/p>\n<p><span style=\"font-weight: 400;\">Envie de vivre d&#8217;autres exp\u00e9riences de ce type ?<\/span><a href=\"https:\/\/tourtravelandmore.com\/fr\/city\/lautriche-fr\/vienna-fr\/\"><span style=\"font-weight: 400;\"> Plongez dans notre liste compl\u00e8te de circuits priv\u00e9s \u00e0 Vienne et d\u00e9couvrez ce que la ville a de mieux \u00e0 offrir<\/span><\/a><span style=\"font-weight: 400;\">. Ne vous contentez pas de visiter Vienne, vivez-la.<\/span><\/p>\n","protected":false},"excerpt":{"rendered":"<p><span style=\"font-weight: 400;\">Embarquez pour une visite priv\u00e9e \u00e0 pied de 3 heures dans le c\u0153ur historique de Vienne. De la grandeur architecturale de la cath\u00e9drale Saint-\u00c9tienne au palais royal de la Hofburg, d\u00e9couvrez des histoires, \u00e9merveillez-vous devant des monuments et immergez-vous dans la splendide capitale autrichienne avec un guide comp\u00e9tent \u00e0 vos c\u00f4t\u00e9s.<\/span><\/p>\n","protected":false},"featured_media":96390,"comment_status":"open","ping_status":"closed","template":"","meta":{"_acf_changed":false},"product_brand":[],"product_cat":[3708,4181,4182,4184],"product_tag":[],"class_list":{"0":"post-101715","1":"product","2":"type-product","3":"status-publish","4":"has-post-thumbnail","6":"product_cat-vienna-fr","7":"product_cat-toutes-les-visites-et-activites","8":"product_cat-visites-guidees-privees-fr-2","9":"product_cat-visite-privee-a-pied","11":"first","12":"instock","13":"shipping-taxable","14":"purchasable","15":"product-type-simple"},"acf":[],"yoast_head":"<!-- This site is optimized with the Yoast SEO Premium plugin v25.3.1 (Yoast SEO v25.3.1) - https:\/\/yoast.com\/wordpress\/plugins\/seo\/ -->\n<title>\u27a1\ufe0f Visite guid\u00e9e priv\u00e9e de Vienne | Tour Travel &amp; More<\/title>\n<meta name=\"description\" content=\"D\u00e9couvrez l&#039;histoire illustre de Vienne, ses merveilles architecturales et ses histoires d&#039;antan gr\u00e2ce \u00e0 notre visite priv\u00e9e \u00e0 pied de 3 heures. D\u00e9couvrez les joyaux de la capitale avec nous. R\u00e9servez d\u00e8s maintenant ! \u2705\" \/>\n<meta name=\"robots\" content=\"index, follow, max-snippet:-1, max-image-preview:large, max-video-preview:-1\" \/>\n<link rel=\"canonical\" href=\"https:\/\/tourtravelandmore.com\/fr\/tours\/lautriche-fr\/vienna-fr\/visite-guidee-privee-de-vienne\/\" \/>\n<meta property=\"og:locale\" content=\"fr_FR\" \/>\n<meta property=\"og:type\" content=\"article\" \/>\n<meta property=\"og:title\" content=\"Visite guid\u00e9e priv\u00e9e de Vienne\" \/>\n<meta property=\"og:description\" content=\"D\u00e9couvrez l&#039;histoire illustre de Vienne, ses merveilles architecturales et ses histoires d&#039;antan gr\u00e2ce \u00e0 notre visite priv\u00e9e \u00e0 pied de 3 heures. D\u00e9couvrez les joyaux de la capitale avec nous. R\u00e9servez d\u00e8s maintenant ! \u2705\" \/>\n<meta property=\"og:url\" content=\"https:\/\/tourtravelandmore.com\/fr\/tours\/lautriche-fr\/vienna-fr\/visite-guidee-privee-de-vienne\/\" \/>\n<meta property=\"og:site_name\" content=\"Tour Travel And More\" \/>\n<meta property=\"article:publisher\" content=\"https:\/\/www.facebook.com\/tourtravelandmore\/\" \/>\n<meta property=\"article:modified_time\" content=\"2023-12-04T13:23:55+00:00\" \/>\n<meta property=\"og:image\" content=\"https:\/\/tourtravelandmore.com\/wp-content\/uploads\/2019\/09\/vienna-st-stephen.jpg\" \/>\n\t<meta property=\"og:image:width\" content=\"878\" \/>\n\t<meta property=\"og:image:height\" content=\"720\" \/>\n\t<meta property=\"og:image:type\" content=\"image\/jpeg\" \/>\n<meta name=\"twitter:card\" content=\"summary_large_image\" \/>\n<meta name=\"twitter:site\" content=\"@TourTravel_More\" \/>\n<meta name=\"twitter:label1\" content=\"Dur\u00e9e de lecture estim\u00e9e\" \/>\n\t<meta name=\"twitter:data1\" content=\"4 minutes\" \/>\n<script type=\"application\/ld+json\" class=\"yoast-schema-graph\">{\"@context\":\"https:\/\/schema.org\",\"@graph\":[{\"@type\":\"WebPage\",\"@id\":\"https:\/\/tourtravelandmore.com\/fr\/tours\/lautriche-fr\/vienna-fr\/visite-guidee-privee-de-vienne\/\",\"url\":\"https:\/\/tourtravelandmore.com\/fr\/tours\/lautriche-fr\/vienna-fr\/visite-guidee-privee-de-vienne\/\",\"name\":\"\u27a1\ufe0f Visite guid\u00e9e priv\u00e9e de Vienne | Tour Travel & More\",\"isPartOf\":{\"@id\":\"https:\/\/tourtravelandmore.com\/fr\/#website\"},\"primaryImageOfPage\":{\"@id\":\"https:\/\/tourtravelandmore.com\/fr\/tours\/lautriche-fr\/vienna-fr\/visite-guidee-privee-de-vienne\/#primaryimage\"},\"image\":{\"@id\":\"https:\/\/tourtravelandmore.com\/fr\/tours\/lautriche-fr\/vienna-fr\/visite-guidee-privee-de-vienne\/#primaryimage\"},\"thumbnailUrl\":\"https:\/\/tourtravelandmore.com\/wp-content\/uploads\/2019\/09\/vienna-st-stephen.jpg\",\"datePublished\":\"2019-09-19T21:13:53+00:00\",\"dateModified\":\"2023-12-04T13:23:55+00:00\",\"description\":\"D\u00e9couvrez l'histoire illustre de Vienne, ses merveilles architecturales et ses histoires d'antan gr\u00e2ce \u00e0 notre visite priv\u00e9e \u00e0 pied de 3 heures. D\u00e9couvrez les joyaux de la capitale avec nous. R\u00e9servez d\u00e8s maintenant ! \u2705\",\"breadcrumb\":{\"@id\":\"https:\/\/tourtravelandmore.com\/fr\/tours\/lautriche-fr\/vienna-fr\/visite-guidee-privee-de-vienne\/#breadcrumb\"},\"inLanguage\":\"fr-FR\",\"potentialAction\":[{\"@type\":\"ReadAction\",\"target\":[\"https:\/\/tourtravelandmore.com\/fr\/tours\/lautriche-fr\/vienna-fr\/visite-guidee-privee-de-vienne\/\"]}]},{\"@type\":\"ImageObject\",\"inLanguage\":\"fr-FR\",\"@id\":\"https:\/\/tourtravelandmore.com\/fr\/tours\/lautriche-fr\/vienna-fr\/visite-guidee-privee-de-vienne\/#primaryimage\",\"url\":\"https:\/\/tourtravelandmore.com\/wp-content\/uploads\/2019\/09\/vienna-st-stephen.jpg\",\"contentUrl\":\"https:\/\/tourtravelandmore.com\/wp-content\/uploads\/2019\/09\/vienna-st-stephen.jpg\",\"width\":878,\"height\":720},{\"@type\":\"BreadcrumbList\",\"@id\":\"https:\/\/tourtravelandmore.com\/fr\/tours\/lautriche-fr\/vienna-fr\/visite-guidee-privee-de-vienne\/#breadcrumb\",\"itemListElement\":[{\"@type\":\"ListItem\",\"position\":1,\"name\":\"Home\",\"item\":\"https:\/\/tourtravelandmore.com\/fr\/\"},{\"@type\":\"ListItem\",\"position\":2,\"name\":\"Tours\",\"item\":\"https:\/\/tourtravelandmore.com\/fr\/tours\/\"},{\"@type\":\"ListItem\",\"position\":3,\"name\":\"Visite guid\u00e9e priv\u00e9e de Vienne\"}]},{\"@type\":\"WebSite\",\"@id\":\"https:\/\/tourtravelandmore.com\/fr\/#website\",\"url\":\"https:\/\/tourtravelandmore.com\/fr\/\",\"name\":\"Tour Travel And More\",\"description\":\"Private sightseeing tours and luxury transfers in Spain\",\"publisher\":{\"@id\":\"https:\/\/tourtravelandmore.com\/fr\/#organization\"},\"potentialAction\":[{\"@type\":\"SearchAction\",\"target\":{\"@type\":\"EntryPoint\",\"urlTemplate\":\"https:\/\/tourtravelandmore.com\/fr\/?s={search_term_string}\"},\"query-input\":{\"@type\":\"PropertyValueSpecification\",\"valueRequired\":true,\"valueName\":\"search_term_string\"}}],\"inLanguage\":\"fr-FR\"},{\"@type\":\"Organization\",\"@id\":\"https:\/\/tourtravelandmore.com\/fr\/#organization\",\"name\":\"Tour Travel And More\",\"url\":\"https:\/\/tourtravelandmore.com\/fr\/\",\"logo\":{\"@type\":\"ImageObject\",\"inLanguage\":\"fr-FR\",\"@id\":\"https:\/\/tourtravelandmore.com\/fr\/#\/schema\/logo\/image\/\",\"url\":\"https:\/\/tourtravelandmore.com\/wp-content\/uploads\/2022\/12\/cropped-logo-cabecera-new.png\",\"contentUrl\":\"https:\/\/tourtravelandmore.com\/wp-content\/uploads\/2022\/12\/cropped-logo-cabecera-new.png\",\"width\":430,\"height\":61,\"caption\":\"Tour Travel And More\"},\"image\":{\"@id\":\"https:\/\/tourtravelandmore.com\/fr\/#\/schema\/logo\/image\/\"},\"sameAs\":[\"https:\/\/www.facebook.com\/tourtravelandmore\/\",\"https:\/\/x.com\/TourTravel_More\"]}]}<\/script>\n<!-- \/ Yoast SEO Premium plugin. -->","yoast_head_json":{"title":"\u27a1\ufe0f Visite guid\u00e9e priv\u00e9e de Vienne | Tour Travel & More","description":"D\u00e9couvrez l'histoire illustre de Vienne, ses merveilles architecturales et ses histoires d'antan gr\u00e2ce \u00e0 notre visite priv\u00e9e \u00e0 pied de 3 heures. D\u00e9couvrez les joyaux de la capitale avec nous. R\u00e9servez d\u00e8s maintenant ! \u2705","robots":{"index":"index","follow":"follow","max-snippet":"max-snippet:-1","max-image-preview":"max-image-preview:large","max-video-preview":"max-video-preview:-1"},"canonical":"https:\/\/tourtravelandmore.com\/fr\/tours\/lautriche-fr\/vienna-fr\/visite-guidee-privee-de-vienne\/","og_locale":"fr_FR","og_type":"article","og_title":"Visite guid\u00e9e priv\u00e9e de Vienne","og_description":"D\u00e9couvrez l'histoire illustre de Vienne, ses merveilles architecturales et ses histoires d'antan gr\u00e2ce \u00e0 notre visite priv\u00e9e \u00e0 pied de 3 heures. D\u00e9couvrez les joyaux de la capitale avec nous. R\u00e9servez d\u00e8s maintenant ! \u2705","og_url":"https:\/\/tourtravelandmore.com\/fr\/tours\/lautriche-fr\/vienna-fr\/visite-guidee-privee-de-vienne\/","og_site_name":"Tour Travel And More","article_publisher":"https:\/\/www.facebook.com\/tourtravelandmore\/","article_modified_time":"2023-12-04T13:23:55+00:00","og_image":[{"width":878,"height":720,"url":"https:\/\/tourtravelandmore.com\/wp-content\/uploads\/2019\/09\/vienna-st-stephen.jpg","type":"image\/jpeg"}],"twitter_card":"summary_large_image","twitter_site":"@TourTravel_More","twitter_misc":{"Dur\u00e9e de lecture estim\u00e9e":"4 minutes"},"schema":{"@context":"https:\/\/schema.org","@graph":[{"@type":"WebPage","@id":"https:\/\/tourtravelandmore.com\/fr\/tours\/lautriche-fr\/vienna-fr\/visite-guidee-privee-de-vienne\/","url":"https:\/\/tourtravelandmore.com\/fr\/tours\/lautriche-fr\/vienna-fr\/visite-guidee-privee-de-vienne\/","name":"\u27a1\ufe0f Visite guid\u00e9e priv\u00e9e de Vienne | Tour Travel & More","isPartOf":{"@id":"https:\/\/tourtravelandmore.com\/fr\/#website"},"primaryImageOfPage":{"@id":"https:\/\/tourtravelandmore.com\/fr\/tours\/lautriche-fr\/vienna-fr\/visite-guidee-privee-de-vienne\/#primaryimage"},"image":{"@id":"https:\/\/tourtravelandmore.com\/fr\/tours\/lautriche-fr\/vienna-fr\/visite-guidee-privee-de-vienne\/#primaryimage"},"thumbnailUrl":"https:\/\/tourtravelandmore.com\/wp-content\/uploads\/2019\/09\/vienna-st-stephen.jpg","datePublished":"2019-09-19T21:13:53+00:00","dateModified":"2023-12-04T13:23:55+00:00","description":"D\u00e9couvrez l'histoire illustre de Vienne, ses merveilles architecturales et ses histoires d'antan gr\u00e2ce \u00e0 notre visite priv\u00e9e \u00e0 pied de 3 heures. D\u00e9couvrez les joyaux de la capitale avec nous. R\u00e9servez d\u00e8s maintenant ! \u2705","breadcrumb":{"@id":"https:\/\/tourtravelandmore.com\/fr\/tours\/lautriche-fr\/vienna-fr\/visite-guidee-privee-de-vienne\/#breadcrumb"},"inLanguage":"fr-FR","potentialAction":[{"@type":"ReadAction","target":["https:\/\/tourtravelandmore.com\/fr\/tours\/lautriche-fr\/vienna-fr\/visite-guidee-privee-de-vienne\/"]}]},{"@type":"ImageObject","inLanguage":"fr-FR","@id":"https:\/\/tourtravelandmore.com\/fr\/tours\/lautriche-fr\/vienna-fr\/visite-guidee-privee-de-vienne\/#primaryimage","url":"https:\/\/tourtravelandmore.com\/wp-content\/uploads\/2019\/09\/vienna-st-stephen.jpg","contentUrl":"https:\/\/tourtravelandmore.com\/wp-content\/uploads\/2019\/09\/vienna-st-stephen.jpg","width":878,"height":720},{"@type":"BreadcrumbList","@id":"https:\/\/tourtravelandmore.com\/fr\/tours\/lautriche-fr\/vienna-fr\/visite-guidee-privee-de-vienne\/#breadcrumb","itemListElement":[{"@type":"ListItem","position":1,"name":"Home","item":"https:\/\/tourtravelandmore.com\/fr\/"},{"@type":"ListItem","position":2,"name":"Tours","item":"https:\/\/tourtravelandmore.com\/fr\/tours\/"},{"@type":"ListItem","position":3,"name":"Visite guid\u00e9e priv\u00e9e de Vienne"}]},{"@type":"WebSite","@id":"https:\/\/tourtravelandmore.com\/fr\/#website","url":"https:\/\/tourtravelandmore.com\/fr\/","name":"Tour Travel And More","description":"Private sightseeing tours and luxury transfers in Spain","publisher":{"@id":"https:\/\/tourtravelandmore.com\/fr\/#organization"},"potentialAction":[{"@type":"SearchAction","target":{"@type":"EntryPoint","urlTemplate":"https:\/\/tourtravelandmore.com\/fr\/?s={search_term_string}"},"query-input":{"@type":"PropertyValueSpecification","valueRequired":true,"valueName":"search_term_string"}}],"inLanguage":"fr-FR"},{"@type":"Organization","@id":"https:\/\/tourtravelandmore.com\/fr\/#organization","name":"Tour Travel And More","url":"https:\/\/tourtravelandmore.com\/fr\/","logo":{"@type":"ImageObject","inLanguage":"fr-FR","@id":"https:\/\/tourtravelandmore.com\/fr\/#\/schema\/logo\/image\/","url":"https:\/\/tourtravelandmore.com\/wp-content\/uploads\/2022\/12\/cropped-logo-cabecera-new.png","contentUrl":"https:\/\/tourtravelandmore.com\/wp-content\/uploads\/2022\/12\/cropped-logo-cabecera-new.png","width":430,"height":61,"caption":"Tour Travel And More"},"image":{"@id":"https:\/\/tourtravelandmore.com\/fr\/#\/schema\/logo\/image\/"},"sameAs":["https:\/\/www.facebook.com\/tourtravelandmore\/","https:\/\/x.com\/TourTravel_More"]}]}},"_links":{"self":[{"href":"https:\/\/tourtravelandmore.com\/fr\/wp-json\/wp\/v2\/product\/101715","targetHints":{"allow":["GET"]}}],"collection":[{"href":"https:\/\/tourtravelandmore.com\/fr\/wp-json\/wp\/v2\/product"}],"about":[{"href":"https:\/\/tourtravelandmore.com\/fr\/wp-json\/wp\/v2\/types\/product"}],"replies":[{"embeddable":true,"href":"https:\/\/tourtravelandmore.com\/fr\/wp-json\/wp\/v2\/comments?post=101715"}],"wp:featuredmedia":[{"embeddable":true,"href":"https:\/\/tourtravelandmore.com\/fr\/wp-json\/wp\/v2\/media\/96390"}],"wp:attachment":[{"href":"https:\/\/tourtravelandmore.com\/fr\/wp-json\/wp\/v2\/media?parent=101715"}],"wp:term":[{"taxonomy":"product_brand","embeddable":true,"href":"https:\/\/tourtravelandmore.com\/fr\/wp-json\/wp\/v2\/product_brand?post=101715"},{"taxonomy":"product_cat","embeddable":true,"href":"https:\/\/tourtravelandmore.com\/fr\/wp-json\/wp\/v2\/product_cat?post=101715"},{"taxonomy":"product_tag","embeddable":true,"href":"https:\/\/tourtravelandmore.com\/fr\/wp-json\/wp\/v2\/product_tag?post=101715"}],"curies":[{"name":"wp","href":"https:\/\/api.w.org\/{rel}","templated":true}]}}