{"id":101710,"date":"2019-09-19T23:13:42","date_gmt":"2019-09-19T21:13:42","guid":{"rendered":"https:\/\/tourtravelandmore.com\/tours\/non%20class\u00e9\/visite-privee-de-vienne\/"},"modified":"2023-10-23T11:21:12","modified_gmt":"2023-10-23T09:21:12","slug":"visite-privee-de-vienne","status":"publish","type":"product","link":"https:\/\/tourtravelandmore.com\/fr\/tours\/lautriche-fr\/vienna-fr\/visite-privee-de-vienne\/","title":{"rendered":"Visite priv\u00e9e de Vienne"},"content":{"rendered":"<h2><b>Description de l&#8217;excursion priv\u00e9e \u00e0 Vienne<\/b><\/h2>\n<p><span style=\"font-weight: 400;\">Embarquez pour un voyage inoubliable au c\u0153ur de Vienne, une ville qui r\u00e9sonne d&#8217;une profonde \u00e9l\u00e9gance historique et d&#8217;une grandeur architecturale. Ce tour de ville priv\u00e9 de 4 heures, soigneusement con\u00e7u pour les voyageurs exigeants, d\u00e9voile la tapisserie complexe de l&#8217;illustre pass\u00e9 de Vienne et de son vibrant pr\u00e9sent.<\/span><\/p>\n<p><span style=\"font-weight: 400;\">Votre odyss\u00e9e commence \u00e0 un point central d\u00e9sign\u00e9, o\u00f9 vous \u00eates accueilli par notre guide professionnel, votre compagnon dans la d\u00e9couverte de l&#8217;allure \u00e9nigmatique de Vienne. Notre v\u00e9hicule de luxe, incarnation du confort et de l&#8217;\u00e9l\u00e9gance, vous attend pour vous escorter \u00e0 travers les sites embl\u00e9matiques de la ville.<\/span><\/p>\n<p><span style=\"font-weight: 400;\">Admirez le m\u00e9lange harmonieux des styles architecturaux en traversant les grands couloirs du palais imp\u00e9rial. Chaque pierre raconte l&#8217;histoire des aspirations royales et de la grandeur imp\u00e9riale. Votre voyage se poursuit jusqu&#8217;\u00e0 la cath\u00e9drale Saint-\u00c9tienne, un merveilleux \u00e9difice qui fait \u00e9cho \u00e0 la danse complexe des architectures gothique et romane.<\/span><\/p>\n<p><span style=\"font-weight: 400;\">L&#8217;Op\u00e9ra national de Vienne t\u00e9moigne de l&#8217;importance ind\u00e9niable de la ville dans le monde de la musique. En explorant ses salles de style renaissance, les m\u00e9lodies des repr\u00e9sentations l\u00e9gendaires emplissent l&#8217;air, faisant \u00e9cho aux pas des compositeurs embl\u00e9matiques.<\/span><\/p>\n<p><span style=\"font-weight: 400;\">Parcourez les rues pittoresques de la vieille ville de Vienne, class\u00e9e au patrimoine mondial de l&#8217;UNESCO, o\u00f9 les \u00e9chos de l&#8217;histoire s&#8217;harmonisent avec le bourdonnement vibrant de la culture contemporaine. De l&#8217;imposante structure du palais Lobkowitz \u00e0 la grandeur du Rathaus, chaque \u00e9difice est un chapitre d&#8217;un livre non \u00e9crit, attendant de d\u00e9voiler les secrets d&#8217;une \u00e9poque orn\u00e9e d&#8217;art et d&#8217;innovation.<\/span><\/p>\n<p><span style=\"font-weight: 400;\">Alors que vous vous faufilez dans le paysage artistique et historique de la ville, notre guide, qui parle couramment la langue de la ville et la v\u00f4tre, vous d\u00e9voile des r\u00e9cits enrichis d&#8217;anecdotes, donnant vie \u00e0 des \u00e9difices de pierre et \u00e0 des statues silencieuses. Cette exp\u00e9rience personnalis\u00e9e est con\u00e7ue en fonction de votre rythme et de vos pr\u00e9f\u00e9rences, afin que chaque moment ait une signification personnelle.<\/span><\/p>\n<p><span style=\"font-weight: 400;\">Les paysages pittoresques des vall\u00e9es du Danube et de la Wachau d\u00e9ploient leur charme et compl\u00e8tent parfaitement la grandeur architecturale et culturelle de Vienne.<\/span><\/p>\n<h2><b>Points forts ajout\u00e9s :<\/b><\/h2>\n<ul>\n<li style=\"font-weight: 400;\" aria-level=\"1\"><b>Le palais du Belv\u00e9d\u00e8re :<\/b><span style=\"font-weight: 400;\"> Traversez les salles exquises de ce palais historique, orn\u00e9 de la plus grande collection au monde de peintures de Gustav Klimt, refl\u00e9tant l&#8217;\u00e9volution de l&#8217;art et de l&#8217;\u00e9l\u00e9gance.<\/span><\/li>\n<li style=\"font-weight: 400;\" aria-level=\"1\"><b>Parc du Prater :<\/b><span style=\"font-weight: 400;\"> Le parc Prater est un m\u00e9lange harmonieux de tranquillit\u00e9 naturelle et d&#8217;innovations en mati\u00e8re de divertissement. Il est couronn\u00e9 par la Grande Roue embl\u00e9matique qui offre une vue panoramique de la ville.<\/span><\/li>\n<li style=\"font-weight: 400;\" aria-level=\"1\"><b>Mus\u00e9e Albertina : <\/b><span style=\"font-weight: 400;\">Plongez dans un monde o\u00f9 l&#8217;art et la culture convergent. Il abrite l&#8217;une des salles d&#8217;impression les plus importantes au monde, qui fait \u00e9cho aux chuchotements cr\u00e9atifs de Monet, Picasso et Da Vinci.<\/span><\/li>\n<li style=\"font-weight: 400;\" aria-level=\"1\"><b>Kunsthistorisches Museum <\/b><span style=\"font-weight: 400;\">: Plongez dans le monde de l&#8217;art et de l&#8217;histoire au premier mus\u00e9e d&#8217;art de Vienne. Abritant une collection in\u00e9gal\u00e9e d&#8217;\u0153uvres de l&#8217;\u00c9gypte ancienne \u00e0 l&#8217;\u00e9poque classique et de chefs-d&#8217;\u0153uvre de la Renaissance europ\u00e9enne, ses galeries font \u00e9cho aux coups de ma\u00eetre d&#8217;artistes tels que Rembrandt, Rubens et Rapha\u00ebl. La grandeur de son architecture compl\u00e8te parfaitement les tr\u00e9sors qu&#8217;il abrite.<\/span><\/li>\n<li style=\"font-weight: 400;\" aria-level=\"1\"><b>La for\u00eat viennoise (Wienerwald) : <\/b><span style=\"font-weight: 400;\">Aventurez-vous dans les \u00e9tendues luxuriantes de la for\u00eat viennoise, class\u00e9e r\u00e9serve de biosph\u00e8re par l&#8217;UNESCO. Ce havre de paix est un contraste rafra\u00eechissant avec l&#8217;effervescence de la ville. Empruntez des sentiers pittoresques, explorez des monast\u00e8res historiques et savourez les panoramas sereins du Kahlenberg et du Leopoldsberg, qui offrent une vue imprenable sur Vienne et le Danube.<\/span><\/li>\n<li style=\"font-weight: 400;\" aria-level=\"1\"><b>B\u00e2timent de la S\u00e9cession (Wiener Secessionsgeb\u00e4ude) :<\/b><span style=\"font-weight: 400;\"> Chef-d&#8217;\u0153uvre de l&#8217;architecture Art nouveau, ce b\u00e2timent embl\u00e9matique symbolise le riche mouvement artistique et culturel de Vienne. Orn\u00e9 de son d\u00f4me dor\u00e9 caract\u00e9ristique, le b\u00e2timent de la S\u00e9cession abrite des expositions d&#8217;art contemporain et la c\u00e9l\u00e8bre &#8220;frise Beethoven&#8221; de Gustav Klimt. Il t\u00e9moigne de l&#8217;avant-gardisme de la sc\u00e8ne artistique viennoise et de l&#8217;engagement de la ville \u00e0 encourager l&#8217;innovation dans les arts.<\/span><\/li>\n<\/ul>\n<p><span style=\"font-weight: 400;\">D\u00e9couvrez la magie de Vienne comme jamais auparavant. Explorez notre gamme exclusive de circuits priv\u00e9s sur mesure et embarquez pour un voyage o\u00f9 la touche personnelle, les connaissances d&#8217;experts et le confort luxueux convergent pour offrir une exp\u00e9rience viennoise inoubliable.<\/span><a href=\"https:\/\/tourtravelandmore.com\/fr\/city\/lautriche-fr\/vienna-fr\/\"><span style=\"font-weight: 400;\"> Consultez nos circuits priv\u00e9s \u00e0 Vienne.<\/span><\/a><\/p>\n","protected":false},"excerpt":{"rendered":"<p><span style=\"font-weight: 400;\">D\u00e9couvrez l&#8217;\u00e9l\u00e9gance culturelle et la majest\u00e9 architecturale de Vienne gr\u00e2ce \u00e0 notre visite priv\u00e9e sur mesure. Au cours d&#8217;une exp\u00e9rience intime de 4 heures, vous d\u00e9couvrirez les sites embl\u00e9matiques et les joyaux cach\u00e9s de la ville, sous la conduite d&#8217;un guide expert et dans le confort d&#8217;un v\u00e9hicule de luxe. Chaque moment est con\u00e7u pour vous immerger dans un r\u00e9cit historique, artistique et imp\u00e9rial qui fait \u00e9cho au pass\u00e9 illustre et au pr\u00e9sent vibrant de la ville<\/span><\/p>\n","protected":false},"featured_media":96401,"comment_status":"open","ping_status":"closed","template":"","meta":{"_acf_changed":false},"product_brand":[],"product_cat":[3708,4181,4182],"product_tag":[],"class_list":{"0":"post-101710","1":"product","2":"type-product","3":"status-publish","4":"has-post-thumbnail","6":"product_cat-vienna-fr","7":"product_cat-toutes-les-visites-et-activites","8":"product_cat-visites-guidees-privees-fr-2","10":"first","11":"instock","12":"shipping-taxable","13":"purchasable","14":"product-type-simple"},"acf":[],"yoast_head":"<!-- This site is optimized with the Yoast SEO Premium plugin v25.3.1 (Yoast SEO v25.3.1) - https:\/\/yoast.com\/wordpress\/plugins\/seo\/ -->\n<title>&quot;Visite guid\u00e9e priv\u00e9e de Vienne : Un voyage intime \u00e0 travers le temps&quot;<\/title>\n<meta name=\"description\" content=\"&quot;Embarquez pour un voyage sur mesure \u00e0 travers les sites embl\u00e9matiques et les joyaux cach\u00e9s de Vienne. Notre visite priv\u00e9e de 4 heures, enrichie de transferts de luxe et d&#039;un guide expert, d\u00e9voile un r\u00e9cit o\u00f9 la grandeur architecturale et l&#039;\u00e9l\u00e9gance historique convergent.&quot;\" \/>\n<meta name=\"robots\" content=\"index, follow, max-snippet:-1, max-image-preview:large, max-video-preview:-1\" \/>\n<link rel=\"canonical\" href=\"https:\/\/tourtravelandmore.com\/fr\/tours\/lautriche-fr\/vienna-fr\/visite-privee-de-vienne\/\" \/>\n<meta property=\"og:locale\" content=\"fr_FR\" \/>\n<meta property=\"og:type\" content=\"article\" \/>\n<meta property=\"og:title\" content=\"Visite priv\u00e9e de Vienne\" \/>\n<meta property=\"og:description\" content=\"&quot;Embarquez pour un voyage sur mesure \u00e0 travers les sites embl\u00e9matiques et les joyaux cach\u00e9s de Vienne. Notre visite priv\u00e9e de 4 heures, enrichie de transferts de luxe et d&#039;un guide expert, d\u00e9voile un r\u00e9cit o\u00f9 la grandeur architecturale et l&#039;\u00e9l\u00e9gance historique convergent.&quot;\" \/>\n<meta property=\"og:url\" content=\"https:\/\/tourtravelandmore.com\/fr\/tours\/lautriche-fr\/vienna-fr\/visite-privee-de-vienne\/\" \/>\n<meta property=\"og:site_name\" content=\"Tour Travel And More\" \/>\n<meta property=\"article:publisher\" content=\"https:\/\/www.facebook.com\/tourtravelandmore\/\" \/>\n<meta property=\"article:modified_time\" content=\"2023-10-23T09:21:12+00:00\" \/>\n<meta property=\"og:image\" content=\"https:\/\/tourtravelandmore.com\/wp-content\/uploads\/2019\/09\/vienna-1.jpg\" \/>\n\t<meta property=\"og:image:width\" content=\"960\" \/>\n\t<meta property=\"og:image:height\" content=\"640\" \/>\n\t<meta property=\"og:image:type\" content=\"image\/jpeg\" \/>\n<meta name=\"twitter:card\" content=\"summary_large_image\" \/>\n<meta name=\"twitter:site\" content=\"@TourTravel_More\" \/>\n<meta name=\"twitter:label1\" content=\"Dur\u00e9e de lecture estim\u00e9e\" \/>\n\t<meta name=\"twitter:data1\" content=\"4 minutes\" \/>\n<script type=\"application\/ld+json\" class=\"yoast-schema-graph\">{\"@context\":\"https:\/\/schema.org\",\"@graph\":[{\"@type\":\"WebPage\",\"@id\":\"https:\/\/tourtravelandmore.com\/fr\/tours\/lautriche-fr\/vienna-fr\/visite-privee-de-vienne\/\",\"url\":\"https:\/\/tourtravelandmore.com\/fr\/tours\/lautriche-fr\/vienna-fr\/visite-privee-de-vienne\/\",\"name\":\"\\\"Visite guid\u00e9e priv\u00e9e de Vienne : Un voyage intime \u00e0 travers le temps\\\"\",\"isPartOf\":{\"@id\":\"https:\/\/tourtravelandmore.com\/fr\/#website\"},\"primaryImageOfPage\":{\"@id\":\"https:\/\/tourtravelandmore.com\/fr\/tours\/lautriche-fr\/vienna-fr\/visite-privee-de-vienne\/#primaryimage\"},\"image\":{\"@id\":\"https:\/\/tourtravelandmore.com\/fr\/tours\/lautriche-fr\/vienna-fr\/visite-privee-de-vienne\/#primaryimage\"},\"thumbnailUrl\":\"https:\/\/tourtravelandmore.com\/wp-content\/uploads\/2019\/09\/vienna-1.jpg\",\"datePublished\":\"2019-09-19T21:13:42+00:00\",\"dateModified\":\"2023-10-23T09:21:12+00:00\",\"description\":\"\\\"Embarquez pour un voyage sur mesure \u00e0 travers les sites embl\u00e9matiques et les joyaux cach\u00e9s de Vienne. Notre visite priv\u00e9e de 4 heures, enrichie de transferts de luxe et d'un guide expert, d\u00e9voile un r\u00e9cit o\u00f9 la grandeur architecturale et l'\u00e9l\u00e9gance historique convergent.\\\"\",\"breadcrumb\":{\"@id\":\"https:\/\/tourtravelandmore.com\/fr\/tours\/lautriche-fr\/vienna-fr\/visite-privee-de-vienne\/#breadcrumb\"},\"inLanguage\":\"fr-FR\",\"potentialAction\":[{\"@type\":\"ReadAction\",\"target\":[\"https:\/\/tourtravelandmore.com\/fr\/tours\/lautriche-fr\/vienna-fr\/visite-privee-de-vienne\/\"]}]},{\"@type\":\"ImageObject\",\"inLanguage\":\"fr-FR\",\"@id\":\"https:\/\/tourtravelandmore.com\/fr\/tours\/lautriche-fr\/vienna-fr\/visite-privee-de-vienne\/#primaryimage\",\"url\":\"https:\/\/tourtravelandmore.com\/wp-content\/uploads\/2019\/09\/vienna-1.jpg\",\"contentUrl\":\"https:\/\/tourtravelandmore.com\/wp-content\/uploads\/2019\/09\/vienna-1.jpg\",\"width\":960,\"height\":640},{\"@type\":\"BreadcrumbList\",\"@id\":\"https:\/\/tourtravelandmore.com\/fr\/tours\/lautriche-fr\/vienna-fr\/visite-privee-de-vienne\/#breadcrumb\",\"itemListElement\":[{\"@type\":\"ListItem\",\"position\":1,\"name\":\"Home\",\"item\":\"https:\/\/tourtravelandmore.com\/fr\/\"},{\"@type\":\"ListItem\",\"position\":2,\"name\":\"Tours\",\"item\":\"https:\/\/tourtravelandmore.com\/fr\/tours\/\"},{\"@type\":\"ListItem\",\"position\":3,\"name\":\"Visite priv\u00e9e de Vienne\"}]},{\"@type\":\"WebSite\",\"@id\":\"https:\/\/tourtravelandmore.com\/fr\/#website\",\"url\":\"https:\/\/tourtravelandmore.com\/fr\/\",\"name\":\"Tour Travel And More\",\"description\":\"Private sightseeing tours and luxury transfers in Spain\",\"publisher\":{\"@id\":\"https:\/\/tourtravelandmore.com\/fr\/#organization\"},\"potentialAction\":[{\"@type\":\"SearchAction\",\"target\":{\"@type\":\"EntryPoint\",\"urlTemplate\":\"https:\/\/tourtravelandmore.com\/fr\/?s={search_term_string}\"},\"query-input\":{\"@type\":\"PropertyValueSpecification\",\"valueRequired\":true,\"valueName\":\"search_term_string\"}}],\"inLanguage\":\"fr-FR\"},{\"@type\":\"Organization\",\"@id\":\"https:\/\/tourtravelandmore.com\/fr\/#organization\",\"name\":\"Tour Travel And More\",\"url\":\"https:\/\/tourtravelandmore.com\/fr\/\",\"logo\":{\"@type\":\"ImageObject\",\"inLanguage\":\"fr-FR\",\"@id\":\"https:\/\/tourtravelandmore.com\/fr\/#\/schema\/logo\/image\/\",\"url\":\"https:\/\/tourtravelandmore.com\/wp-content\/uploads\/2022\/12\/cropped-logo-cabecera-new.png\",\"contentUrl\":\"https:\/\/tourtravelandmore.com\/wp-content\/uploads\/2022\/12\/cropped-logo-cabecera-new.png\",\"width\":430,\"height\":61,\"caption\":\"Tour Travel And More\"},\"image\":{\"@id\":\"https:\/\/tourtravelandmore.com\/fr\/#\/schema\/logo\/image\/\"},\"sameAs\":[\"https:\/\/www.facebook.com\/tourtravelandmore\/\",\"https:\/\/x.com\/TourTravel_More\"]}]}<\/script>\n<!-- \/ Yoast SEO Premium plugin. -->","yoast_head_json":{"title":"\"Visite guid\u00e9e priv\u00e9e de Vienne : Un voyage intime \u00e0 travers le temps\"","description":"\"Embarquez pour un voyage sur mesure \u00e0 travers les sites embl\u00e9matiques et les joyaux cach\u00e9s de Vienne. Notre visite priv\u00e9e de 4 heures, enrichie de transferts de luxe et d'un guide expert, d\u00e9voile un r\u00e9cit o\u00f9 la grandeur architecturale et l'\u00e9l\u00e9gance historique convergent.\"","robots":{"index":"index","follow":"follow","max-snippet":"max-snippet:-1","max-image-preview":"max-image-preview:large","max-video-preview":"max-video-preview:-1"},"canonical":"https:\/\/tourtravelandmore.com\/fr\/tours\/lautriche-fr\/vienna-fr\/visite-privee-de-vienne\/","og_locale":"fr_FR","og_type":"article","og_title":"Visite priv\u00e9e de Vienne","og_description":"\"Embarquez pour un voyage sur mesure \u00e0 travers les sites embl\u00e9matiques et les joyaux cach\u00e9s de Vienne. Notre visite priv\u00e9e de 4 heures, enrichie de transferts de luxe et d'un guide expert, d\u00e9voile un r\u00e9cit o\u00f9 la grandeur architecturale et l'\u00e9l\u00e9gance historique convergent.\"","og_url":"https:\/\/tourtravelandmore.com\/fr\/tours\/lautriche-fr\/vienna-fr\/visite-privee-de-vienne\/","og_site_name":"Tour Travel And More","article_publisher":"https:\/\/www.facebook.com\/tourtravelandmore\/","article_modified_time":"2023-10-23T09:21:12+00:00","og_image":[{"width":960,"height":640,"url":"https:\/\/tourtravelandmore.com\/wp-content\/uploads\/2019\/09\/vienna-1.jpg","type":"image\/jpeg"}],"twitter_card":"summary_large_image","twitter_site":"@TourTravel_More","twitter_misc":{"Dur\u00e9e de lecture estim\u00e9e":"4 minutes"},"schema":{"@context":"https:\/\/schema.org","@graph":[{"@type":"WebPage","@id":"https:\/\/tourtravelandmore.com\/fr\/tours\/lautriche-fr\/vienna-fr\/visite-privee-de-vienne\/","url":"https:\/\/tourtravelandmore.com\/fr\/tours\/lautriche-fr\/vienna-fr\/visite-privee-de-vienne\/","name":"\"Visite guid\u00e9e priv\u00e9e de Vienne : Un voyage intime \u00e0 travers le temps\"","isPartOf":{"@id":"https:\/\/tourtravelandmore.com\/fr\/#website"},"primaryImageOfPage":{"@id":"https:\/\/tourtravelandmore.com\/fr\/tours\/lautriche-fr\/vienna-fr\/visite-privee-de-vienne\/#primaryimage"},"image":{"@id":"https:\/\/tourtravelandmore.com\/fr\/tours\/lautriche-fr\/vienna-fr\/visite-privee-de-vienne\/#primaryimage"},"thumbnailUrl":"https:\/\/tourtravelandmore.com\/wp-content\/uploads\/2019\/09\/vienna-1.jpg","datePublished":"2019-09-19T21:13:42+00:00","dateModified":"2023-10-23T09:21:12+00:00","description":"\"Embarquez pour un voyage sur mesure \u00e0 travers les sites embl\u00e9matiques et les joyaux cach\u00e9s de Vienne. Notre visite priv\u00e9e de 4 heures, enrichie de transferts de luxe et d'un guide expert, d\u00e9voile un r\u00e9cit o\u00f9 la grandeur architecturale et l'\u00e9l\u00e9gance historique convergent.\"","breadcrumb":{"@id":"https:\/\/tourtravelandmore.com\/fr\/tours\/lautriche-fr\/vienna-fr\/visite-privee-de-vienne\/#breadcrumb"},"inLanguage":"fr-FR","potentialAction":[{"@type":"ReadAction","target":["https:\/\/tourtravelandmore.com\/fr\/tours\/lautriche-fr\/vienna-fr\/visite-privee-de-vienne\/"]}]},{"@type":"ImageObject","inLanguage":"fr-FR","@id":"https:\/\/tourtravelandmore.com\/fr\/tours\/lautriche-fr\/vienna-fr\/visite-privee-de-vienne\/#primaryimage","url":"https:\/\/tourtravelandmore.com\/wp-content\/uploads\/2019\/09\/vienna-1.jpg","contentUrl":"https:\/\/tourtravelandmore.com\/wp-content\/uploads\/2019\/09\/vienna-1.jpg","width":960,"height":640},{"@type":"BreadcrumbList","@id":"https:\/\/tourtravelandmore.com\/fr\/tours\/lautriche-fr\/vienna-fr\/visite-privee-de-vienne\/#breadcrumb","itemListElement":[{"@type":"ListItem","position":1,"name":"Home","item":"https:\/\/tourtravelandmore.com\/fr\/"},{"@type":"ListItem","position":2,"name":"Tours","item":"https:\/\/tourtravelandmore.com\/fr\/tours\/"},{"@type":"ListItem","position":3,"name":"Visite priv\u00e9e de Vienne"}]},{"@type":"WebSite","@id":"https:\/\/tourtravelandmore.com\/fr\/#website","url":"https:\/\/tourtravelandmore.com\/fr\/","name":"Tour Travel And More","description":"Private sightseeing tours and luxury transfers in Spain","publisher":{"@id":"https:\/\/tourtravelandmore.com\/fr\/#organization"},"potentialAction":[{"@type":"SearchAction","target":{"@type":"EntryPoint","urlTemplate":"https:\/\/tourtravelandmore.com\/fr\/?s={search_term_string}"},"query-input":{"@type":"PropertyValueSpecification","valueRequired":true,"valueName":"search_term_string"}}],"inLanguage":"fr-FR"},{"@type":"Organization","@id":"https:\/\/tourtravelandmore.com\/fr\/#organization","name":"Tour Travel And More","url":"https:\/\/tourtravelandmore.com\/fr\/","logo":{"@type":"ImageObject","inLanguage":"fr-FR","@id":"https:\/\/tourtravelandmore.com\/fr\/#\/schema\/logo\/image\/","url":"https:\/\/tourtravelandmore.com\/wp-content\/uploads\/2022\/12\/cropped-logo-cabecera-new.png","contentUrl":"https:\/\/tourtravelandmore.com\/wp-content\/uploads\/2022\/12\/cropped-logo-cabecera-new.png","width":430,"height":61,"caption":"Tour Travel And More"},"image":{"@id":"https:\/\/tourtravelandmore.com\/fr\/#\/schema\/logo\/image\/"},"sameAs":["https:\/\/www.facebook.com\/tourtravelandmore\/","https:\/\/x.com\/TourTravel_More"]}]}},"_links":{"self":[{"href":"https:\/\/tourtravelandmore.com\/fr\/wp-json\/wp\/v2\/product\/101710","targetHints":{"allow":["GET"]}}],"collection":[{"href":"https:\/\/tourtravelandmore.com\/fr\/wp-json\/wp\/v2\/product"}],"about":[{"href":"https:\/\/tourtravelandmore.com\/fr\/wp-json\/wp\/v2\/types\/product"}],"replies":[{"embeddable":true,"href":"https:\/\/tourtravelandmore.com\/fr\/wp-json\/wp\/v2\/comments?post=101710"}],"wp:featuredmedia":[{"embeddable":true,"href":"https:\/\/tourtravelandmore.com\/fr\/wp-json\/wp\/v2\/media\/96401"}],"wp:attachment":[{"href":"https:\/\/tourtravelandmore.com\/fr\/wp-json\/wp\/v2\/media?parent=101710"}],"wp:term":[{"taxonomy":"product_brand","embeddable":true,"href":"https:\/\/tourtravelandmore.com\/fr\/wp-json\/wp\/v2\/product_brand?post=101710"},{"taxonomy":"product_cat","embeddable":true,"href":"https:\/\/tourtravelandmore.com\/fr\/wp-json\/wp\/v2\/product_cat?post=101710"},{"taxonomy":"product_tag","embeddable":true,"href":"https:\/\/tourtravelandmore.com\/fr\/wp-json\/wp\/v2\/product_tag?post=101710"}],"curies":[{"name":"wp","href":"https:\/\/api.w.org\/{rel}","templated":true}]}}