{"id":101705,"date":"2019-09-19T23:13:32","date_gmt":"2019-09-19T21:13:32","guid":{"rendered":"https:\/\/tourtravelandmore.com\/tours\/non%20class\u00e9\/transfert-prive-a-vienne\/"},"modified":"2023-11-24T19:34:19","modified_gmt":"2023-11-24T18:34:19","slug":"transfert-prive-a-vienne","status":"publish","type":"product","link":"https:\/\/tourtravelandmore.com\/fr\/tours\/lautriche-fr\/vienna-fr\/transfert-prive-a-vienne\/","title":{"rendered":"Transfert priv\u00e9 \u00e0 Vienne"},"content":{"rendered":"<h2><b>Exp\u00e9rience exclusive de transfert priv\u00e9 \u00e0 Vienne Description<\/b><\/h2>\n<p><span style=\"font-weight: 400;\">Votre voyage \u00e0 Vienne m\u00e9rite un bon d\u00e9part, et notre exp\u00e9rience exclusive de transfert priv\u00e9 \u00e0 Vienne vous le garantit. Chez Tour Travel &amp; More, nous pensons que le luxe, la commodit\u00e9 et un service impeccable sont les pierres angulaires d&#8217;une aventure de voyage remarquable. Laissez-nous red\u00e9finir votre exp\u00e9rience de transport dans la ville r\u00e9put\u00e9e pour ses palais imp\u00e9riaux et son h\u00e9ritage musical envo\u00fbtant.<\/span><\/p>\n<p><span style=\"font-weight: 400;\">Imaginez que vous sortez de l&#8217;a\u00e9roport anim\u00e9 de Vienne ou du hall de votre h\u00f4tel et que vous \u00eates accueilli par un chauffeur courtois tenant un panneau \u00e0 votre nom. Alors que vous montez \u00e0 bord d&#8217;un v\u00e9hicule cossu et climatis\u00e9, le charme de la ville commence \u00e0 se d\u00e9voiler. Le voyage n&#8217;est pas un simple transfert, c&#8217;est votre introduction \u00e0 la grandeur de Vienne.<\/span><\/p>\n<p><span style=\"font-weight: 400;\">Que vous soyez dans la ville pour une conf\u00e9rence d&#8217;affaires, pour explorer l&#8217;exquise culture autrichienne ou pour vous laisser tenter par ses d\u00e9lices culinaires, d\u00e9marrez votre s\u00e9jour viennois avec style. Le c\u0153ur de notre offre n&#8217;est pas seulement le transport, c&#8217;est la fusion parfaite du luxe, de la commodit\u00e9 et du service personnalis\u00e9.<\/span><\/p>\n<p><span style=\"font-weight: 400;\">Plongez dans l&#8217;univers grandiose de Vienne, car nous offrons plus qu&#8217;un simple transfert d&#8217;un point \u00e0 un autre. C&#8217;est une exp\u00e9rience, un pr\u00e9lude \u00e9l\u00e9gant \u00e0 vos aventures dans cette ville embl\u00e9matique. Chaque instant pass\u00e9 dans nos luxueux v\u00e9hicules est con\u00e7u pour refl\u00e9ter l&#8217;ambiance royale de Vienne. Des si\u00e8ges en cuir souple qui vous bercent dans le confort \u00e0 l&#8217;\u00e9clairage d&#8217;ambiance subtil qui rappelle les c\u00e9l\u00e8bres op\u00e9ras de la ville, chaque d\u00e9tail est minutieusement \u00e9tudi\u00e9.<\/span><\/p>\n<p><span style=\"font-weight: 400;\">De plus, tandis que vous glissez dans les grandes avenues, nos chauffeurs, qui sont \u00e9galement des connaisseurs chevronn\u00e9s de l&#8217;histoire et du charme de Vienne, vous r\u00e9galeront peut-\u00eatre d&#8217;anecdotes ou de faits divers sur les monuments que vous croiserez. Vous \u00eates curieux de conna\u00eetre un monument ou un quartier en particulier ? N&#8217;h\u00e9sitez pas \u00e0 demander. Consid\u00e9rez ce transfert comme un voyage interactif, une mise en bouche avant votre plong\u00e9e dans la riche tapisserie de la culture, de l&#8217;histoire et de l&#8217;art de Vienne. Avec nous, vous ne vous contentez pas de voyager, vous vous familiarisez avec l&#8217;\u00e2me de Vienne. Alors, installez-vous confortablement, d\u00e9tendez-vous et laissez l&#8217;esprit de Vienne vous \u00e9treindre chaleureusement, donnant ainsi le ton parfait \u00e0 votre s\u00e9jour.<\/span><\/p>\n<h2><b>Transfert priv\u00e9 exclusif \u00e0 Vienne &#8211; Le meilleur de Vienne<\/b><\/h2>\n<p><span style=\"font-weight: 400;\">Si les rues de Vienne r\u00e9sonnent d&#8217;un \u00e9cho historique, son pr\u00e9sent vibre d&#8217;un dynamisme moderne. D&#8217;un point \u00e0 l&#8217;autre, une histoire se dessine.<\/span><\/p>\n<ul>\n<li style=\"font-weight: 400;\" aria-level=\"1\"><b>Une toile historique :<\/b><span style=\"font-weight: 400;\"> Vienne n&#8217;est pas seulement la capitale de l&#8217;Autriche, c&#8217;est un mus\u00e9e vivant. Chaque boulevard et chaque ruelle ont une histoire : celle des empires, de la musique, de l&#8217;art et des r\u00e9volutions.<\/span><\/li>\n<li style=\"font-weight: 400;\" aria-level=\"1\"><b>Des merveilles architecturales :<\/b><span style=\"font-weight: 400;\"> En passant, vous serez t\u00e9moin de la brillante juxtaposition de cath\u00e9drales gothiques, de palais baroques et de structures contemporaines qui mettent en valeur la tapisserie architecturale de Vienne.<\/span><\/li>\n<li style=\"font-weight: 400;\" aria-level=\"1\"><b>Le joyau de l&#8217;ONU-Habitat :<\/b><span style=\"font-weight: 400;\"> N&#8217;oubliez pas que vous vous trouvez dans une ville qui a \u00e9t\u00e9 couronn\u00e9e la plus prosp\u00e8re du monde. Sa planification urbaine brillante est un sujet d&#8217;\u00e9tude et d&#8217;admiration dans le monde entier.<\/span><\/li>\n<li style=\"font-weight: 400;\" aria-level=\"1\"><b>Confluence culturelle :<\/b><span style=\"font-weight: 400;\"> Les ar\u00f4mes all\u00e9chants des caf\u00e9s viennois, les m\u00e9lodies lointaines d&#8217;un concert classique ou l&#8217;animation des march\u00e9s : chaque moment de votre voyage est une tranche de la culture viennoise.<\/span><\/li>\n<li style=\"font-weight: 400;\" aria-level=\"1\"><b>Une navigation en douceur :<\/b><span style=\"font-weight: 400;\"> Au milieu de toute cette grandeur, votre confort reste primordial. D\u00e9couvrez la beaut\u00e9 de la ville sans aucun probl\u00e8me de transport. De l&#8217;accueil rapide \u00e0 l&#8217;a\u00e9roport aux transferts tranquilles en ville, chaque trajet est con\u00e7u pour vous offrir le summum du transport de luxe.<\/span><\/li>\n<\/ul>\n<p><span style=\"font-weight: 400;\">\u00c9levez votre exp\u00e9rience \u00e0 Vienne. Choisissez le confort. Choisissez le luxe. Choisissez Tour Travel &amp; More. R\u00e9servez d\u00e8s maintenant votre exp\u00e9rience exclusive de transfert <\/span><a href=\"https:\/\/tourtravelandmore.com\/fr\/city\/lautriche-fr\/vienna-fr\/\"><span style=\"font-weight: 400;\">priv\u00e9 \u00e0 Vienne et plongez au c\u0153ur de l&#8217;Autriche avec \u00e9l\u00e9gance et facilit\u00e9.<\/span><\/a><\/p>\n","protected":false},"excerpt":{"rendered":"<p><span style=\"font-weight: 400;\">D\u00e9couvrez Vienne avec style ! Optez pour notre transfert priv\u00e9 exclusif \u00e0 Vienne et soyez t\u00e9moin de la grandeur de la ville, de sa r\u00e9sonance historique et de son \u00e9clat urbain tout en profitant d&#8217;un confort de premier ordre. R\u00e9servez d\u00e8s maintenant !<\/span><\/p>\n","protected":false},"featured_media":93543,"comment_status":"open","ping_status":"closed","template":"","meta":{"_acf_changed":false},"product_brand":[],"product_cat":[3708,4181,4183],"product_tag":[],"class_list":{"0":"post-101705","1":"product","2":"type-product","3":"status-publish","4":"has-post-thumbnail","6":"product_cat-vienna-fr","7":"product_cat-toutes-les-visites-et-activites","8":"product_cat-transferts-prives","10":"first","11":"instock","12":"shipping-taxable","13":"purchasable","14":"product-type-simple"},"acf":[],"yoast_head":"<!-- This site is optimized with the Yoast SEO Premium plugin v25.3.1 (Yoast SEO v25.3.1) - https:\/\/yoast.com\/wordpress\/plugins\/seo\/ -->\n<title>Exclusive Vienna Private Transfer Experience | Transport de luxe \u00e0 Vienne<\/title>\n<meta name=\"description\" content=\"Commencez votre voyage \u00e0 Vienne avec notre luxueux service de transfert priv\u00e9. Plongez au c\u0153ur de l&#039;Autriche en d\u00e9couvrant le confort, l&#039;\u00e9l\u00e9gance et un service impeccable.\" \/>\n<meta name=\"robots\" content=\"index, follow, max-snippet:-1, max-image-preview:large, max-video-preview:-1\" \/>\n<link rel=\"canonical\" href=\"https:\/\/tourtravelandmore.com\/fr\/tours\/lautriche-fr\/vienna-fr\/transfert-prive-a-vienne\/\" \/>\n<meta property=\"og:locale\" content=\"fr_FR\" \/>\n<meta property=\"og:type\" content=\"article\" \/>\n<meta property=\"og:title\" content=\"Transfert priv\u00e9 \u00e0 Vienne\" \/>\n<meta property=\"og:description\" content=\"Commencez votre voyage \u00e0 Vienne avec notre luxueux service de transfert priv\u00e9. Plongez au c\u0153ur de l&#039;Autriche en d\u00e9couvrant le confort, l&#039;\u00e9l\u00e9gance et un service impeccable.\" \/>\n<meta property=\"og:url\" content=\"https:\/\/tourtravelandmore.com\/fr\/tours\/lautriche-fr\/vienna-fr\/transfert-prive-a-vienne\/\" \/>\n<meta property=\"og:site_name\" content=\"Tour Travel And More\" \/>\n<meta property=\"article:publisher\" content=\"https:\/\/www.facebook.com\/tourtravelandmore\/\" \/>\n<meta property=\"article:modified_time\" content=\"2023-11-24T18:34:19+00:00\" \/>\n<meta property=\"og:image\" content=\"https:\/\/tourtravelandmore.com\/wp-content\/uploads\/2016\/10\/transfer-port-barcelonajpg.jpg\" \/>\n\t<meta property=\"og:image:width\" content=\"955\" \/>\n\t<meta property=\"og:image:height\" content=\"523\" \/>\n\t<meta property=\"og:image:type\" content=\"image\/jpeg\" \/>\n<meta name=\"twitter:card\" content=\"summary_large_image\" \/>\n<meta name=\"twitter:site\" content=\"@TourTravel_More\" \/>\n<meta name=\"twitter:label1\" content=\"Dur\u00e9e de lecture estim\u00e9e\" \/>\n\t<meta name=\"twitter:data1\" content=\"3 minutes\" \/>\n<script type=\"application\/ld+json\" class=\"yoast-schema-graph\">{\"@context\":\"https:\/\/schema.org\",\"@graph\":[{\"@type\":\"WebPage\",\"@id\":\"https:\/\/tourtravelandmore.com\/fr\/tours\/lautriche-fr\/vienna-fr\/transfert-prive-a-vienne\/\",\"url\":\"https:\/\/tourtravelandmore.com\/fr\/tours\/lautriche-fr\/vienna-fr\/transfert-prive-a-vienne\/\",\"name\":\"Exclusive Vienna Private Transfer Experience | Transport de luxe \u00e0 Vienne\",\"isPartOf\":{\"@id\":\"https:\/\/tourtravelandmore.com\/fr\/#website\"},\"primaryImageOfPage\":{\"@id\":\"https:\/\/tourtravelandmore.com\/fr\/tours\/lautriche-fr\/vienna-fr\/transfert-prive-a-vienne\/#primaryimage\"},\"image\":{\"@id\":\"https:\/\/tourtravelandmore.com\/fr\/tours\/lautriche-fr\/vienna-fr\/transfert-prive-a-vienne\/#primaryimage\"},\"thumbnailUrl\":\"https:\/\/tourtravelandmore.com\/wp-content\/uploads\/2016\/10\/transfer-port-barcelonajpg.jpg\",\"datePublished\":\"2019-09-19T21:13:32+00:00\",\"dateModified\":\"2023-11-24T18:34:19+00:00\",\"description\":\"Commencez votre voyage \u00e0 Vienne avec notre luxueux service de transfert priv\u00e9. Plongez au c\u0153ur de l'Autriche en d\u00e9couvrant le confort, l'\u00e9l\u00e9gance et un service impeccable.\",\"breadcrumb\":{\"@id\":\"https:\/\/tourtravelandmore.com\/fr\/tours\/lautriche-fr\/vienna-fr\/transfert-prive-a-vienne\/#breadcrumb\"},\"inLanguage\":\"fr-FR\",\"potentialAction\":[{\"@type\":\"ReadAction\",\"target\":[\"https:\/\/tourtravelandmore.com\/fr\/tours\/lautriche-fr\/vienna-fr\/transfert-prive-a-vienne\/\"]}]},{\"@type\":\"ImageObject\",\"inLanguage\":\"fr-FR\",\"@id\":\"https:\/\/tourtravelandmore.com\/fr\/tours\/lautriche-fr\/vienna-fr\/transfert-prive-a-vienne\/#primaryimage\",\"url\":\"https:\/\/tourtravelandmore.com\/wp-content\/uploads\/2016\/10\/transfer-port-barcelonajpg.jpg\",\"contentUrl\":\"https:\/\/tourtravelandmore.com\/wp-content\/uploads\/2016\/10\/transfer-port-barcelonajpg.jpg\",\"width\":955,\"height\":523,\"caption\":\"Private Transfer\"},{\"@type\":\"BreadcrumbList\",\"@id\":\"https:\/\/tourtravelandmore.com\/fr\/tours\/lautriche-fr\/vienna-fr\/transfert-prive-a-vienne\/#breadcrumb\",\"itemListElement\":[{\"@type\":\"ListItem\",\"position\":1,\"name\":\"Home\",\"item\":\"https:\/\/tourtravelandmore.com\/fr\/\"},{\"@type\":\"ListItem\",\"position\":2,\"name\":\"Tours\",\"item\":\"https:\/\/tourtravelandmore.com\/fr\/tours\/\"},{\"@type\":\"ListItem\",\"position\":3,\"name\":\"Transfert priv\u00e9 \u00e0 Vienne\"}]},{\"@type\":\"WebSite\",\"@id\":\"https:\/\/tourtravelandmore.com\/fr\/#website\",\"url\":\"https:\/\/tourtravelandmore.com\/fr\/\",\"name\":\"Tour Travel And More\",\"description\":\"Private sightseeing tours and luxury transfers in Spain\",\"publisher\":{\"@id\":\"https:\/\/tourtravelandmore.com\/fr\/#organization\"},\"potentialAction\":[{\"@type\":\"SearchAction\",\"target\":{\"@type\":\"EntryPoint\",\"urlTemplate\":\"https:\/\/tourtravelandmore.com\/fr\/?s={search_term_string}\"},\"query-input\":{\"@type\":\"PropertyValueSpecification\",\"valueRequired\":true,\"valueName\":\"search_term_string\"}}],\"inLanguage\":\"fr-FR\"},{\"@type\":\"Organization\",\"@id\":\"https:\/\/tourtravelandmore.com\/fr\/#organization\",\"name\":\"Tour Travel And More\",\"url\":\"https:\/\/tourtravelandmore.com\/fr\/\",\"logo\":{\"@type\":\"ImageObject\",\"inLanguage\":\"fr-FR\",\"@id\":\"https:\/\/tourtravelandmore.com\/fr\/#\/schema\/logo\/image\/\",\"url\":\"https:\/\/tourtravelandmore.com\/wp-content\/uploads\/2022\/12\/cropped-logo-cabecera-new.png\",\"contentUrl\":\"https:\/\/tourtravelandmore.com\/wp-content\/uploads\/2022\/12\/cropped-logo-cabecera-new.png\",\"width\":430,\"height\":61,\"caption\":\"Tour Travel And More\"},\"image\":{\"@id\":\"https:\/\/tourtravelandmore.com\/fr\/#\/schema\/logo\/image\/\"},\"sameAs\":[\"https:\/\/www.facebook.com\/tourtravelandmore\/\",\"https:\/\/x.com\/TourTravel_More\"]}]}<\/script>\n<!-- \/ Yoast SEO Premium plugin. -->","yoast_head_json":{"title":"Exclusive Vienna Private Transfer Experience | Transport de luxe \u00e0 Vienne","description":"Commencez votre voyage \u00e0 Vienne avec notre luxueux service de transfert priv\u00e9. Plongez au c\u0153ur de l'Autriche en d\u00e9couvrant le confort, l'\u00e9l\u00e9gance et un service impeccable.","robots":{"index":"index","follow":"follow","max-snippet":"max-snippet:-1","max-image-preview":"max-image-preview:large","max-video-preview":"max-video-preview:-1"},"canonical":"https:\/\/tourtravelandmore.com\/fr\/tours\/lautriche-fr\/vienna-fr\/transfert-prive-a-vienne\/","og_locale":"fr_FR","og_type":"article","og_title":"Transfert priv\u00e9 \u00e0 Vienne","og_description":"Commencez votre voyage \u00e0 Vienne avec notre luxueux service de transfert priv\u00e9. Plongez au c\u0153ur de l'Autriche en d\u00e9couvrant le confort, l'\u00e9l\u00e9gance et un service impeccable.","og_url":"https:\/\/tourtravelandmore.com\/fr\/tours\/lautriche-fr\/vienna-fr\/transfert-prive-a-vienne\/","og_site_name":"Tour Travel And More","article_publisher":"https:\/\/www.facebook.com\/tourtravelandmore\/","article_modified_time":"2023-11-24T18:34:19+00:00","og_image":[{"width":955,"height":523,"url":"https:\/\/tourtravelandmore.com\/wp-content\/uploads\/2016\/10\/transfer-port-barcelonajpg.jpg","type":"image\/jpeg"}],"twitter_card":"summary_large_image","twitter_site":"@TourTravel_More","twitter_misc":{"Dur\u00e9e de lecture estim\u00e9e":"3 minutes"},"schema":{"@context":"https:\/\/schema.org","@graph":[{"@type":"WebPage","@id":"https:\/\/tourtravelandmore.com\/fr\/tours\/lautriche-fr\/vienna-fr\/transfert-prive-a-vienne\/","url":"https:\/\/tourtravelandmore.com\/fr\/tours\/lautriche-fr\/vienna-fr\/transfert-prive-a-vienne\/","name":"Exclusive Vienna Private Transfer Experience | Transport de luxe \u00e0 Vienne","isPartOf":{"@id":"https:\/\/tourtravelandmore.com\/fr\/#website"},"primaryImageOfPage":{"@id":"https:\/\/tourtravelandmore.com\/fr\/tours\/lautriche-fr\/vienna-fr\/transfert-prive-a-vienne\/#primaryimage"},"image":{"@id":"https:\/\/tourtravelandmore.com\/fr\/tours\/lautriche-fr\/vienna-fr\/transfert-prive-a-vienne\/#primaryimage"},"thumbnailUrl":"https:\/\/tourtravelandmore.com\/wp-content\/uploads\/2016\/10\/transfer-port-barcelonajpg.jpg","datePublished":"2019-09-19T21:13:32+00:00","dateModified":"2023-11-24T18:34:19+00:00","description":"Commencez votre voyage \u00e0 Vienne avec notre luxueux service de transfert priv\u00e9. Plongez au c\u0153ur de l'Autriche en d\u00e9couvrant le confort, l'\u00e9l\u00e9gance et un service impeccable.","breadcrumb":{"@id":"https:\/\/tourtravelandmore.com\/fr\/tours\/lautriche-fr\/vienna-fr\/transfert-prive-a-vienne\/#breadcrumb"},"inLanguage":"fr-FR","potentialAction":[{"@type":"ReadAction","target":["https:\/\/tourtravelandmore.com\/fr\/tours\/lautriche-fr\/vienna-fr\/transfert-prive-a-vienne\/"]}]},{"@type":"ImageObject","inLanguage":"fr-FR","@id":"https:\/\/tourtravelandmore.com\/fr\/tours\/lautriche-fr\/vienna-fr\/transfert-prive-a-vienne\/#primaryimage","url":"https:\/\/tourtravelandmore.com\/wp-content\/uploads\/2016\/10\/transfer-port-barcelonajpg.jpg","contentUrl":"https:\/\/tourtravelandmore.com\/wp-content\/uploads\/2016\/10\/transfer-port-barcelonajpg.jpg","width":955,"height":523,"caption":"Private Transfer"},{"@type":"BreadcrumbList","@id":"https:\/\/tourtravelandmore.com\/fr\/tours\/lautriche-fr\/vienna-fr\/transfert-prive-a-vienne\/#breadcrumb","itemListElement":[{"@type":"ListItem","position":1,"name":"Home","item":"https:\/\/tourtravelandmore.com\/fr\/"},{"@type":"ListItem","position":2,"name":"Tours","item":"https:\/\/tourtravelandmore.com\/fr\/tours\/"},{"@type":"ListItem","position":3,"name":"Transfert priv\u00e9 \u00e0 Vienne"}]},{"@type":"WebSite","@id":"https:\/\/tourtravelandmore.com\/fr\/#website","url":"https:\/\/tourtravelandmore.com\/fr\/","name":"Tour Travel And More","description":"Private sightseeing tours and luxury transfers in Spain","publisher":{"@id":"https:\/\/tourtravelandmore.com\/fr\/#organization"},"potentialAction":[{"@type":"SearchAction","target":{"@type":"EntryPoint","urlTemplate":"https:\/\/tourtravelandmore.com\/fr\/?s={search_term_string}"},"query-input":{"@type":"PropertyValueSpecification","valueRequired":true,"valueName":"search_term_string"}}],"inLanguage":"fr-FR"},{"@type":"Organization","@id":"https:\/\/tourtravelandmore.com\/fr\/#organization","name":"Tour Travel And More","url":"https:\/\/tourtravelandmore.com\/fr\/","logo":{"@type":"ImageObject","inLanguage":"fr-FR","@id":"https:\/\/tourtravelandmore.com\/fr\/#\/schema\/logo\/image\/","url":"https:\/\/tourtravelandmore.com\/wp-content\/uploads\/2022\/12\/cropped-logo-cabecera-new.png","contentUrl":"https:\/\/tourtravelandmore.com\/wp-content\/uploads\/2022\/12\/cropped-logo-cabecera-new.png","width":430,"height":61,"caption":"Tour Travel And More"},"image":{"@id":"https:\/\/tourtravelandmore.com\/fr\/#\/schema\/logo\/image\/"},"sameAs":["https:\/\/www.facebook.com\/tourtravelandmore\/","https:\/\/x.com\/TourTravel_More"]}]}},"_links":{"self":[{"href":"https:\/\/tourtravelandmore.com\/fr\/wp-json\/wp\/v2\/product\/101705","targetHints":{"allow":["GET"]}}],"collection":[{"href":"https:\/\/tourtravelandmore.com\/fr\/wp-json\/wp\/v2\/product"}],"about":[{"href":"https:\/\/tourtravelandmore.com\/fr\/wp-json\/wp\/v2\/types\/product"}],"replies":[{"embeddable":true,"href":"https:\/\/tourtravelandmore.com\/fr\/wp-json\/wp\/v2\/comments?post=101705"}],"wp:featuredmedia":[{"embeddable":true,"href":"https:\/\/tourtravelandmore.com\/fr\/wp-json\/wp\/v2\/media\/93543"}],"wp:attachment":[{"href":"https:\/\/tourtravelandmore.com\/fr\/wp-json\/wp\/v2\/media?parent=101705"}],"wp:term":[{"taxonomy":"product_brand","embeddable":true,"href":"https:\/\/tourtravelandmore.com\/fr\/wp-json\/wp\/v2\/product_brand?post=101705"},{"taxonomy":"product_cat","embeddable":true,"href":"https:\/\/tourtravelandmore.com\/fr\/wp-json\/wp\/v2\/product_cat?post=101705"},{"taxonomy":"product_tag","embeddable":true,"href":"https:\/\/tourtravelandmore.com\/fr\/wp-json\/wp\/v2\/product_tag?post=101705"}],"curies":[{"name":"wp","href":"https:\/\/api.w.org\/{rel}","templated":true}]}}