{"id":101691,"date":"2019-01-11T16:36:35","date_gmt":"2019-01-11T15:36:35","guid":{"rendered":"https:\/\/tourtravelandmore.com\/tours\/non%20class\u00e9\/excursion-privee-dune-journee-de-salerne-a-pompei-et-sur-la-cote-amalfitaine\/"},"modified":"2024-08-21T17:31:26","modified_gmt":"2024-08-21T15:31:26","slug":"excursion-privee-dune-journee-de-salerne-a-pompei-et-sur-la-cote-amalfitaine","status":"publish","type":"product","link":"https:\/\/tourtravelandmore.com\/fr\/tours\/italie-fr\/naplespompei-fr\/all-private-tours-activities-fr-7-naplespompei-fr\/excursion-privee-dune-journee-de-salerne-a-pompei-et-sur-la-cote-amalfitaine\/","title":{"rendered":"Excursion priv\u00e9e d&#8217;une journ\u00e9e de Salerne \u00e0 Pomp\u00e9i et sur la c\u00f4te amalfitaine"},"content":{"rendered":"<h2>Description<\/h2>\n<p>Profitez de cette excursion priv\u00e9e d&#8217;une journ\u00e9e de Salerne \u00e0 Pomp\u00e9i et \u00e0 la c\u00f4te amalfitaine avec votre guide officiel et votre chauffeur priv\u00e9. Vous aurez \u00e0 votre enti\u00e8re disposition un v\u00e9hicule de luxe priv\u00e9 pour tout le tour.<\/p>\n<p>Salerne est une ville situ\u00e9e au sud-est de Naples et c&#8217;est la deuxi\u00e8me ville la plus peupl\u00e9e de la r\u00e9gion de Campanie. Cette ville est un endroit magnifique pour ceux qui veulent la tranquillit\u00e9 pendant leurs vacances. Le port de Salerne re\u00e7oit de nombreux navires de croisi\u00e8re au cours de l&#8217;ann\u00e9e, c&#8217;est pourquoi il est devenu le point de d\u00e9part de nombreuses visites sur la c\u00f4te amalfitaine.<\/p>\n<p>Pomp\u00e9i est une ville d\u00e9tenue dans le temps et pr\u00e9serv\u00e9e gr\u00e2ce \u00e0 la premi\u00e8re catastrophe naturelle document\u00e9e de l&#8217;histoire. Une \u00e9ruption volcanique qui l&#8217;a laiss\u00e9 enterr\u00e9 jusqu&#8217;au 18\u00e8me si\u00e8cle, quand il a commenc\u00e9 \u00e0 \u00e9merger des sables du temps.<\/p>\n<p>La c\u00f4te amalfitaine a \u00e9t\u00e9 d\u00e9clar\u00e9e par l&#8217;UNESCO comme site du patrimoine mondial. C&#8217;est un endroit magnifique o\u00f9 les diff\u00e9rentes couleurs et les odeurs des citronniers se m\u00e9langent dans l&#8217;air. La zone est compos\u00e9e de 13 villages diff\u00e9rents.<\/p>\n<p>Toute l&#8217;\u00e9quipe de Tour Travel &amp; More est \u00e0 votre disposition pour rendre votre s\u00e9jour \u00e0 Salerne unique. Que vous soyez ici dans notre ville pour une excursion \u00e0 terre ou pour quelques jours de vacances, toute notre \u00e9quipe est pr\u00eate \u00e0 vous aider \u00e0 rendre votre exp\u00e9rience m\u00e9morable. Cette excursion priv\u00e9e d&#8217;une journ\u00e9e de Salerne \u00e0 Pomp\u00e9i et \u00e0 la c\u00f4te amalfitaine est enti\u00e8rement personnalis\u00e9e pour vous et votre groupe.<\/p>\n<p>Si vous s\u00e9journez \u00e0 Naples, nous avons de nombreuses visites au d\u00e9part de l\u00e0, veuillez consulter notre visite priv\u00e9e d&#8217;une journ\u00e9e compl\u00e8te de Capri au d\u00e9part de Naples.<\/p>\n<h2>Sites d&#8217;int\u00e9r\u00eat et points de rep\u00e8re<\/h2>\n<p>Votre chauffeur priv\u00e9 vous attendra au port, ou dans votre h\u00f4tel ou appartement \u00e0 Salerne. Vous rencontrerez ensuite votre guide officiel \u00e0 Porta Marina Superiore (Pomp\u00e9i).<\/p>\n<p>Tout d&#8217;abord, vous visiterez le site arch\u00e9ologique de Pomp\u00e9i pour une visite guid\u00e9e de 2,5 heures avec votre guide officiel. L&#8217;entr\u00e9e au site arch\u00e9ologique de Pomp\u00e9i est incluse dans le prix de cette visite.<\/p>\n<p>Au cours de cette visite priv\u00e9e, vous d\u00e9couvrirez l&#8217;amphith\u00e9\u00e2tre romain, le sanctuaire de Pomp\u00e9i et l&#8217;Antiquarium.<\/p>\n<p>Apr\u00e8s cela, nous ferons \u00e9galement une promenade \u00e0 travers le forum romain et visiterons les thermes. Pour finir, vous admirerez les belles fresques qui ornent encore les murs d&#8217;une ville engloutie par la lave du V\u00e9suve.<\/p>\n<p>Deuxi\u00e8mement, vous visiterez la magnifique c\u00f4te amalfitaine avec votre chauffeur priv\u00e9. Vous pourrez visiter deux villes de la c\u00f4te entre Positano et Ravello. Si vous le souhaitez, nous pouvons organiser votre guide priv\u00e9 pour qu&#8217;il vous accompagne pendant les 8 heures de la visite.<\/p>\n<p>Enfin, votre chauffeur priv\u00e9 vous ram\u00e8nera \u00e0 votre point de d\u00e9part \u00e0 Salerne. Au cours de cette visite priv\u00e9e, vous aurez \u00e9galement le temps de d\u00e9jeuner dans un charmant restaurant sur la c\u00f4te.<\/p>\n<p>Nous sommes sp\u00e9cialis\u00e9s uniquement dans les visites priv\u00e9es et nous sommes l\u00e0 pour organiser la meilleure excursion d&#8217;une journ\u00e9e possible pour vous. Toute notre \u00e9quipe professionnelle reste \u00e0 votre disposition et nous sommes multilingues et adapterons nos circuits \u00e0 vos besoins.<\/p>\n<div id=\"gtx-trans\" style=\"position: absolute; left: -15px; top: 832.656px;\">\n<div class=\"gtx-trans-icon\"><\/div>\n<\/div>\n","protected":false},"excerpt":{"rendered":"<p>Profitez de cette visite enti\u00e8rement priv\u00e9e de Pomp\u00e9i et de la c\u00f4te amalfitaine au d\u00e9part de Salerne. Ne manquez pas une chance de conna\u00eetre le site arch\u00e9ologique de Pomp\u00e9i et tout ce qu&#8217;il a \u00e0 offrir \u00e0 c\u00f4t\u00e9 de votre guide officiel priv\u00e9 et confortablement dans votre v\u00e9hicule de luxe priv\u00e9 avec un chauffeur s\u00e9par\u00e9. Vous visiterez \u00e9galement la magnifique c\u00f4te amalfitaine qui vous coupera le souffle.<\/p>\n","protected":false},"featured_media":97915,"comment_status":"open","ping_status":"closed","template":"","meta":{"_acf_changed":false},"product_brand":[],"product_cat":[4370,5423,4372,3551],"product_tag":[],"class_list":{"0":"post-101691","1":"product","2":"type-product","3":"status-publish","4":"has-post-thumbnail","6":"product_cat-all-private-tours-activities-fr-7-naplespompei-fr","7":"product_cat-private-day-trips-fr-20","8":"product_cat-private-shore-excursions-fr-8-naplespompei-fr","9":"product_cat-naplespompei-fr","11":"first","12":"instock","13":"shipping-taxable","14":"purchasable","15":"product-type-simple"},"acf":[],"yoast_head":"<!-- This site is optimized with the Yoast SEO Premium plugin v25.3.1 (Yoast SEO v25.3.1) - https:\/\/yoast.com\/wordpress\/plugins\/seo\/ -->\n<title>Excursion priv\u00e9e d&#039;une journ\u00e9e de Salerne \u00e0 Pomp\u00e9i et sur la c\u00f4te amalfitaine<\/title>\n<meta name=\"description\" content=\"Profitez de cette excursion d&#039;une journ\u00e9e enti\u00e8rement priv\u00e9e de Salerne \u00e0 Pomp\u00e9i et \u00e0 la c\u00f4te amalfitaine avec votre guide officiel et votre chauffeur priv\u00e9. Billet d&#039;entr\u00e9e inclus.\" \/>\n<meta name=\"robots\" content=\"index, follow, max-snippet:-1, max-image-preview:large, max-video-preview:-1\" \/>\n<link rel=\"canonical\" href=\"https:\/\/tourtravelandmore.com\/fr\/tours\/italie-fr\/naplespompei-fr\/all-private-tours-activities-fr-7-naplespompei-fr\/excursion-privee-dune-journee-de-salerne-a-pompei-et-sur-la-cote-amalfitaine\/\" \/>\n<meta property=\"og:locale\" content=\"fr_FR\" \/>\n<meta property=\"og:type\" content=\"article\" \/>\n<meta property=\"og:title\" content=\"Excursion priv\u00e9e d&#039;une journ\u00e9e de Salerne \u00e0 Pomp\u00e9i et sur la c\u00f4te amalfitaine\" \/>\n<meta property=\"og:description\" content=\"Profitez de cette excursion d&#039;une journ\u00e9e enti\u00e8rement priv\u00e9e de Salerne \u00e0 Pomp\u00e9i et \u00e0 la c\u00f4te amalfitaine avec votre guide officiel et votre chauffeur priv\u00e9. Billet d&#039;entr\u00e9e inclus.\" \/>\n<meta property=\"og:url\" content=\"https:\/\/tourtravelandmore.com\/fr\/tours\/italie-fr\/naplespompei-fr\/all-private-tours-activities-fr-7-naplespompei-fr\/excursion-privee-dune-journee-de-salerne-a-pompei-et-sur-la-cote-amalfitaine\/\" \/>\n<meta property=\"og:site_name\" content=\"Tour Travel And More\" \/>\n<meta property=\"article:publisher\" content=\"https:\/\/www.facebook.com\/tourtravelandmore\/\" \/>\n<meta property=\"article:modified_time\" content=\"2024-08-21T15:31:26+00:00\" \/>\n<meta property=\"og:image\" content=\"https:\/\/tourtravelandmore.com\/wp-content\/uploads\/2019\/01\/salerno-1.jpg\" \/>\n\t<meta property=\"og:image:width\" content=\"2048\" \/>\n\t<meta property=\"og:image:height\" content=\"1536\" \/>\n\t<meta property=\"og:image:type\" content=\"image\/jpeg\" \/>\n<meta name=\"twitter:card\" content=\"summary_large_image\" \/>\n<meta name=\"twitter:site\" content=\"@TourTravel_More\" \/>\n<meta name=\"twitter:label1\" content=\"Dur\u00e9e de lecture estim\u00e9e\" \/>\n\t<meta name=\"twitter:data1\" content=\"3 minutes\" \/>\n<script type=\"application\/ld+json\" class=\"yoast-schema-graph\">{\"@context\":\"https:\/\/schema.org\",\"@graph\":[{\"@type\":\"WebPage\",\"@id\":\"https:\/\/tourtravelandmore.com\/fr\/tours\/italie-fr\/naplespompei-fr\/all-private-tours-activities-fr-7-naplespompei-fr\/excursion-privee-dune-journee-de-salerne-a-pompei-et-sur-la-cote-amalfitaine\/\",\"url\":\"https:\/\/tourtravelandmore.com\/fr\/tours\/italie-fr\/naplespompei-fr\/all-private-tours-activities-fr-7-naplespompei-fr\/excursion-privee-dune-journee-de-salerne-a-pompei-et-sur-la-cote-amalfitaine\/\",\"name\":\"Excursion priv\u00e9e d'une journ\u00e9e de Salerne \u00e0 Pomp\u00e9i et sur la c\u00f4te amalfitaine\",\"isPartOf\":{\"@id\":\"https:\/\/tourtravelandmore.com\/fr\/#website\"},\"primaryImageOfPage\":{\"@id\":\"https:\/\/tourtravelandmore.com\/fr\/tours\/italie-fr\/naplespompei-fr\/all-private-tours-activities-fr-7-naplespompei-fr\/excursion-privee-dune-journee-de-salerne-a-pompei-et-sur-la-cote-amalfitaine\/#primaryimage\"},\"image\":{\"@id\":\"https:\/\/tourtravelandmore.com\/fr\/tours\/italie-fr\/naplespompei-fr\/all-private-tours-activities-fr-7-naplespompei-fr\/excursion-privee-dune-journee-de-salerne-a-pompei-et-sur-la-cote-amalfitaine\/#primaryimage\"},\"thumbnailUrl\":\"https:\/\/tourtravelandmore.com\/wp-content\/uploads\/2019\/01\/salerno-1.jpg\",\"datePublished\":\"2019-01-11T15:36:35+00:00\",\"dateModified\":\"2024-08-21T15:31:26+00:00\",\"description\":\"Profitez de cette excursion d'une journ\u00e9e enti\u00e8rement priv\u00e9e de Salerne \u00e0 Pomp\u00e9i et \u00e0 la c\u00f4te amalfitaine avec votre guide officiel et votre chauffeur priv\u00e9. Billet d'entr\u00e9e inclus.\",\"breadcrumb\":{\"@id\":\"https:\/\/tourtravelandmore.com\/fr\/tours\/italie-fr\/naplespompei-fr\/all-private-tours-activities-fr-7-naplespompei-fr\/excursion-privee-dune-journee-de-salerne-a-pompei-et-sur-la-cote-amalfitaine\/#breadcrumb\"},\"inLanguage\":\"fr-FR\",\"potentialAction\":[{\"@type\":\"ReadAction\",\"target\":[\"https:\/\/tourtravelandmore.com\/fr\/tours\/italie-fr\/naplespompei-fr\/all-private-tours-activities-fr-7-naplespompei-fr\/excursion-privee-dune-journee-de-salerne-a-pompei-et-sur-la-cote-amalfitaine\/\"]}]},{\"@type\":\"ImageObject\",\"inLanguage\":\"fr-FR\",\"@id\":\"https:\/\/tourtravelandmore.com\/fr\/tours\/italie-fr\/naplespompei-fr\/all-private-tours-activities-fr-7-naplespompei-fr\/excursion-privee-dune-journee-de-salerne-a-pompei-et-sur-la-cote-amalfitaine\/#primaryimage\",\"url\":\"https:\/\/tourtravelandmore.com\/wp-content\/uploads\/2019\/01\/salerno-1.jpg\",\"contentUrl\":\"https:\/\/tourtravelandmore.com\/wp-content\/uploads\/2019\/01\/salerno-1.jpg\",\"width\":2048,\"height\":1536},{\"@type\":\"BreadcrumbList\",\"@id\":\"https:\/\/tourtravelandmore.com\/fr\/tours\/italie-fr\/naplespompei-fr\/all-private-tours-activities-fr-7-naplespompei-fr\/excursion-privee-dune-journee-de-salerne-a-pompei-et-sur-la-cote-amalfitaine\/#breadcrumb\",\"itemListElement\":[{\"@type\":\"ListItem\",\"position\":1,\"name\":\"Home\",\"item\":\"https:\/\/tourtravelandmore.com\/fr\/\"},{\"@type\":\"ListItem\",\"position\":2,\"name\":\"Tours\",\"item\":\"https:\/\/tourtravelandmore.com\/fr\/tours\/\"},{\"@type\":\"ListItem\",\"position\":3,\"name\":\"Excursion priv\u00e9e d&#8217;une journ\u00e9e de Salerne \u00e0 Pomp\u00e9i et sur la c\u00f4te amalfitaine\"}]},{\"@type\":\"WebSite\",\"@id\":\"https:\/\/tourtravelandmore.com\/fr\/#website\",\"url\":\"https:\/\/tourtravelandmore.com\/fr\/\",\"name\":\"Tour Travel And More\",\"description\":\"Private sightseeing tours and luxury transfers in Spain\",\"publisher\":{\"@id\":\"https:\/\/tourtravelandmore.com\/fr\/#organization\"},\"potentialAction\":[{\"@type\":\"SearchAction\",\"target\":{\"@type\":\"EntryPoint\",\"urlTemplate\":\"https:\/\/tourtravelandmore.com\/fr\/?s={search_term_string}\"},\"query-input\":{\"@type\":\"PropertyValueSpecification\",\"valueRequired\":true,\"valueName\":\"search_term_string\"}}],\"inLanguage\":\"fr-FR\"},{\"@type\":\"Organization\",\"@id\":\"https:\/\/tourtravelandmore.com\/fr\/#organization\",\"name\":\"Tour Travel And More\",\"url\":\"https:\/\/tourtravelandmore.com\/fr\/\",\"logo\":{\"@type\":\"ImageObject\",\"inLanguage\":\"fr-FR\",\"@id\":\"https:\/\/tourtravelandmore.com\/fr\/#\/schema\/logo\/image\/\",\"url\":\"https:\/\/tourtravelandmore.com\/wp-content\/uploads\/2022\/12\/cropped-logo-cabecera-new.png\",\"contentUrl\":\"https:\/\/tourtravelandmore.com\/wp-content\/uploads\/2022\/12\/cropped-logo-cabecera-new.png\",\"width\":430,\"height\":61,\"caption\":\"Tour Travel And More\"},\"image\":{\"@id\":\"https:\/\/tourtravelandmore.com\/fr\/#\/schema\/logo\/image\/\"},\"sameAs\":[\"https:\/\/www.facebook.com\/tourtravelandmore\/\",\"https:\/\/x.com\/TourTravel_More\"]}]}<\/script>\n<!-- \/ Yoast SEO Premium plugin. -->","yoast_head_json":{"title":"Excursion priv\u00e9e d'une journ\u00e9e de Salerne \u00e0 Pomp\u00e9i et sur la c\u00f4te amalfitaine","description":"Profitez de cette excursion d'une journ\u00e9e enti\u00e8rement priv\u00e9e de Salerne \u00e0 Pomp\u00e9i et \u00e0 la c\u00f4te amalfitaine avec votre guide officiel et votre chauffeur priv\u00e9. Billet d'entr\u00e9e inclus.","robots":{"index":"index","follow":"follow","max-snippet":"max-snippet:-1","max-image-preview":"max-image-preview:large","max-video-preview":"max-video-preview:-1"},"canonical":"https:\/\/tourtravelandmore.com\/fr\/tours\/italie-fr\/naplespompei-fr\/all-private-tours-activities-fr-7-naplespompei-fr\/excursion-privee-dune-journee-de-salerne-a-pompei-et-sur-la-cote-amalfitaine\/","og_locale":"fr_FR","og_type":"article","og_title":"Excursion priv\u00e9e d'une journ\u00e9e de Salerne \u00e0 Pomp\u00e9i et sur la c\u00f4te amalfitaine","og_description":"Profitez de cette excursion d'une journ\u00e9e enti\u00e8rement priv\u00e9e de Salerne \u00e0 Pomp\u00e9i et \u00e0 la c\u00f4te amalfitaine avec votre guide officiel et votre chauffeur priv\u00e9. Billet d'entr\u00e9e inclus.","og_url":"https:\/\/tourtravelandmore.com\/fr\/tours\/italie-fr\/naplespompei-fr\/all-private-tours-activities-fr-7-naplespompei-fr\/excursion-privee-dune-journee-de-salerne-a-pompei-et-sur-la-cote-amalfitaine\/","og_site_name":"Tour Travel And More","article_publisher":"https:\/\/www.facebook.com\/tourtravelandmore\/","article_modified_time":"2024-08-21T15:31:26+00:00","og_image":[{"width":2048,"height":1536,"url":"https:\/\/tourtravelandmore.com\/wp-content\/uploads\/2019\/01\/salerno-1.jpg","type":"image\/jpeg"}],"twitter_card":"summary_large_image","twitter_site":"@TourTravel_More","twitter_misc":{"Dur\u00e9e de lecture estim\u00e9e":"3 minutes"},"schema":{"@context":"https:\/\/schema.org","@graph":[{"@type":"WebPage","@id":"https:\/\/tourtravelandmore.com\/fr\/tours\/italie-fr\/naplespompei-fr\/all-private-tours-activities-fr-7-naplespompei-fr\/excursion-privee-dune-journee-de-salerne-a-pompei-et-sur-la-cote-amalfitaine\/","url":"https:\/\/tourtravelandmore.com\/fr\/tours\/italie-fr\/naplespompei-fr\/all-private-tours-activities-fr-7-naplespompei-fr\/excursion-privee-dune-journee-de-salerne-a-pompei-et-sur-la-cote-amalfitaine\/","name":"Excursion priv\u00e9e d'une journ\u00e9e de Salerne \u00e0 Pomp\u00e9i et sur la c\u00f4te amalfitaine","isPartOf":{"@id":"https:\/\/tourtravelandmore.com\/fr\/#website"},"primaryImageOfPage":{"@id":"https:\/\/tourtravelandmore.com\/fr\/tours\/italie-fr\/naplespompei-fr\/all-private-tours-activities-fr-7-naplespompei-fr\/excursion-privee-dune-journee-de-salerne-a-pompei-et-sur-la-cote-amalfitaine\/#primaryimage"},"image":{"@id":"https:\/\/tourtravelandmore.com\/fr\/tours\/italie-fr\/naplespompei-fr\/all-private-tours-activities-fr-7-naplespompei-fr\/excursion-privee-dune-journee-de-salerne-a-pompei-et-sur-la-cote-amalfitaine\/#primaryimage"},"thumbnailUrl":"https:\/\/tourtravelandmore.com\/wp-content\/uploads\/2019\/01\/salerno-1.jpg","datePublished":"2019-01-11T15:36:35+00:00","dateModified":"2024-08-21T15:31:26+00:00","description":"Profitez de cette excursion d'une journ\u00e9e enti\u00e8rement priv\u00e9e de Salerne \u00e0 Pomp\u00e9i et \u00e0 la c\u00f4te amalfitaine avec votre guide officiel et votre chauffeur priv\u00e9. Billet d'entr\u00e9e inclus.","breadcrumb":{"@id":"https:\/\/tourtravelandmore.com\/fr\/tours\/italie-fr\/naplespompei-fr\/all-private-tours-activities-fr-7-naplespompei-fr\/excursion-privee-dune-journee-de-salerne-a-pompei-et-sur-la-cote-amalfitaine\/#breadcrumb"},"inLanguage":"fr-FR","potentialAction":[{"@type":"ReadAction","target":["https:\/\/tourtravelandmore.com\/fr\/tours\/italie-fr\/naplespompei-fr\/all-private-tours-activities-fr-7-naplespompei-fr\/excursion-privee-dune-journee-de-salerne-a-pompei-et-sur-la-cote-amalfitaine\/"]}]},{"@type":"ImageObject","inLanguage":"fr-FR","@id":"https:\/\/tourtravelandmore.com\/fr\/tours\/italie-fr\/naplespompei-fr\/all-private-tours-activities-fr-7-naplespompei-fr\/excursion-privee-dune-journee-de-salerne-a-pompei-et-sur-la-cote-amalfitaine\/#primaryimage","url":"https:\/\/tourtravelandmore.com\/wp-content\/uploads\/2019\/01\/salerno-1.jpg","contentUrl":"https:\/\/tourtravelandmore.com\/wp-content\/uploads\/2019\/01\/salerno-1.jpg","width":2048,"height":1536},{"@type":"BreadcrumbList","@id":"https:\/\/tourtravelandmore.com\/fr\/tours\/italie-fr\/naplespompei-fr\/all-private-tours-activities-fr-7-naplespompei-fr\/excursion-privee-dune-journee-de-salerne-a-pompei-et-sur-la-cote-amalfitaine\/#breadcrumb","itemListElement":[{"@type":"ListItem","position":1,"name":"Home","item":"https:\/\/tourtravelandmore.com\/fr\/"},{"@type":"ListItem","position":2,"name":"Tours","item":"https:\/\/tourtravelandmore.com\/fr\/tours\/"},{"@type":"ListItem","position":3,"name":"Excursion priv\u00e9e d&#8217;une journ\u00e9e de Salerne \u00e0 Pomp\u00e9i et sur la c\u00f4te amalfitaine"}]},{"@type":"WebSite","@id":"https:\/\/tourtravelandmore.com\/fr\/#website","url":"https:\/\/tourtravelandmore.com\/fr\/","name":"Tour Travel And More","description":"Private sightseeing tours and luxury transfers in Spain","publisher":{"@id":"https:\/\/tourtravelandmore.com\/fr\/#organization"},"potentialAction":[{"@type":"SearchAction","target":{"@type":"EntryPoint","urlTemplate":"https:\/\/tourtravelandmore.com\/fr\/?s={search_term_string}"},"query-input":{"@type":"PropertyValueSpecification","valueRequired":true,"valueName":"search_term_string"}}],"inLanguage":"fr-FR"},{"@type":"Organization","@id":"https:\/\/tourtravelandmore.com\/fr\/#organization","name":"Tour Travel And More","url":"https:\/\/tourtravelandmore.com\/fr\/","logo":{"@type":"ImageObject","inLanguage":"fr-FR","@id":"https:\/\/tourtravelandmore.com\/fr\/#\/schema\/logo\/image\/","url":"https:\/\/tourtravelandmore.com\/wp-content\/uploads\/2022\/12\/cropped-logo-cabecera-new.png","contentUrl":"https:\/\/tourtravelandmore.com\/wp-content\/uploads\/2022\/12\/cropped-logo-cabecera-new.png","width":430,"height":61,"caption":"Tour Travel And More"},"image":{"@id":"https:\/\/tourtravelandmore.com\/fr\/#\/schema\/logo\/image\/"},"sameAs":["https:\/\/www.facebook.com\/tourtravelandmore\/","https:\/\/x.com\/TourTravel_More"]}]}},"_links":{"self":[{"href":"https:\/\/tourtravelandmore.com\/fr\/wp-json\/wp\/v2\/product\/101691","targetHints":{"allow":["GET"]}}],"collection":[{"href":"https:\/\/tourtravelandmore.com\/fr\/wp-json\/wp\/v2\/product"}],"about":[{"href":"https:\/\/tourtravelandmore.com\/fr\/wp-json\/wp\/v2\/types\/product"}],"replies":[{"embeddable":true,"href":"https:\/\/tourtravelandmore.com\/fr\/wp-json\/wp\/v2\/comments?post=101691"}],"wp:featuredmedia":[{"embeddable":true,"href":"https:\/\/tourtravelandmore.com\/fr\/wp-json\/wp\/v2\/media\/97915"}],"wp:attachment":[{"href":"https:\/\/tourtravelandmore.com\/fr\/wp-json\/wp\/v2\/media?parent=101691"}],"wp:term":[{"taxonomy":"product_brand","embeddable":true,"href":"https:\/\/tourtravelandmore.com\/fr\/wp-json\/wp\/v2\/product_brand?post=101691"},{"taxonomy":"product_cat","embeddable":true,"href":"https:\/\/tourtravelandmore.com\/fr\/wp-json\/wp\/v2\/product_cat?post=101691"},{"taxonomy":"product_tag","embeddable":true,"href":"https:\/\/tourtravelandmore.com\/fr\/wp-json\/wp\/v2\/product_tag?post=101691"}],"curies":[{"name":"wp","href":"https:\/\/api.w.org\/{rel}","templated":true}]}}