{"id":101686,"date":"2019-01-02T11:45:32","date_gmt":"2019-01-02T10:45:32","guid":{"rendered":"https:\/\/tourtravelandmore.com\/tours\/non%20class\u00e9\/visite-privee-de-pompei-et-de-la-cote-amalfitaine-au-depart-de-naples\/"},"modified":"2024-08-21T17:30:38","modified_gmt":"2024-08-21T15:30:38","slug":"visite-privee-de-pompei-et-de-la-cote-amalfitaine-au-depart-de-naples","status":"publish","type":"product","link":"https:\/\/tourtravelandmore.com\/fr\/tours\/italie-fr\/naplespompei-fr\/all-private-tours-activities-fr-7-naplespompei-fr\/visite-privee-de-pompei-et-de-la-cote-amalfitaine-au-depart-de-naples\/","title":{"rendered":"Visite priv\u00e9e de Pomp\u00e9i et de la c\u00f4te amalfitaine au d\u00e9part de Naples"},"content":{"rendered":"<h2><b>Visite priv\u00e9e de Pomp\u00e9i et de la c\u00f4te amalfitaine au d\u00e9part de Naples Description :<\/b><\/h2>\n<p><span style=\"font-weight: 400;\">Embarquez pour un voyage inoubliable avec notre visite priv\u00e9e de Pomp\u00e9i et de la c\u00f4te amalfitaine au d\u00e9part de Naples, offrant un m\u00e9lange harmonieux d&#8217;exploration historique et de splendeur pittoresque. Vous voyagerez dans le luxe et le confort d&#8217;un v\u00e9hicule priv\u00e9 avec un chauffeur qui s&#8217;efforcera de rendre votre exp\u00e9rience \u00e0 la fois agr\u00e9able et instructive.<\/span><\/p>\n<p><span style=\"font-weight: 400;\">L&#8217;excursion commence par Pomp\u00e9i, une ville fig\u00e9e dans le temps par l&#8217;\u00e9ruption d\u00e9vastatrice du V\u00e9suve en 79 apr\u00e8s J.-C. Ce site class\u00e9 au patrimoine mondial de l&#8217;UNESCO offre une vue unique sur la ville de Pomp\u00e9i. Ce site class\u00e9 au patrimoine mondial de l&#8217;UNESCO offre une fen\u00eatre unique sur l&#8217;ancienne vie romaine, pr\u00e9serv\u00e9e sous des couches de cendres volcaniques. En vous promenant dans ses rues, vous serez le t\u00e9moin direct de la remarquable pr\u00e9servation de la ville, ce qui vous donnera une rare occasion de remonter le cours de l&#8217;histoire.<\/span><\/p>\n<p><span style=\"font-weight: 400;\">Contrastant avec les ruines historiques de Pomp\u00e9i, la c\u00f4te amalfitaine, autre site inscrit au patrimoine mondial de l&#8217;UNESCO, vous attend avec sa beaut\u00e9 \u00e0 couper le souffle. Connue pour son littoral spectaculaire, ses villages pittoresques et ses couleurs \u00e9clatantes, la c\u00f4te amalfitaine est un tr\u00e9sor de beaut\u00e9 naturelle. Le circuit comprend des arr\u00eats dans des villages embl\u00e9matiques tels qu&#8217;Amalfi, Positano et Ravello, chacun offrant un charme et un caract\u00e8re uniques.<\/span><\/p>\n<p><span style=\"font-weight: 400;\">Notre circuit flexible de 8 heures vous permet de profiter au maximum de votre visite. Que vous souhaitiez explorer des ruines anciennes, vous d\u00e9tendre au bord de la mer, ou les deux, nous adaptons le circuit \u00e0 vos int\u00e9r\u00eats et \u00e0 vos d\u00e9sirs. Pour ceux qui souhaitent prolonger leur aventure, nous proposons \u00e9galement des options d&#8217;une journ\u00e9e enti\u00e8re, comme notre visite priv\u00e9e de Naples et Pomp\u00e9i au d\u00e9part de Naples.<\/span><\/p>\n<h2><b>Visite priv\u00e9e de Pomp\u00e9i et de la c\u00f4te amalfitaine au d\u00e9part de Naples | Points d&#8217;int\u00e9r\u00eat et monuments :<\/b><\/h2>\n<p><span style=\"font-weight: 400;\">Votre voyage commence par une prise en charge pratique \u00e0 votre h\u00f4tel, terminal de croisi\u00e8re ou appartement \u00e0 Naples. \u00c0 l&#8217;arriv\u00e9e \u00e0 Pomp\u00e9i, vous rencontrerez votre guide officiel \u00e0 la Porta Marina Superiore.<\/span><\/p>\n<ul>\n<li style=\"font-weight: 400;\" aria-level=\"1\"><b>Site arch\u00e9ologique de Pomp\u00e9i :<\/b><span style=\"font-weight: 400;\"> Explorez la ville antique gr\u00e2ce \u00e0 une visite guid\u00e9e de 2,5 heures. \u00c9merveillez-vous devant l&#8217;amphith\u00e9\u00e2tre romain, visitez le sanctuaire de Pomp\u00e9i et explorez la maison du po\u00e8te tragique, chaque site offrant une perspective unique sur la vie romaine.<\/span><\/li>\n<li style=\"font-weight: 400;\" aria-level=\"1\"><b>Forum romain et thermes :<\/b><span style=\"font-weight: 400;\"> Promenade dans le c\u0153ur politique et social de Pomp\u00e9i et visite des thermes bien pr\u00e9serv\u00e9s, qui t\u00e9moignent de l&#8217;ing\u00e9niosit\u00e9 et du luxe de l&#8217;ing\u00e9nierie romaine.<\/span><\/li>\n<li style=\"font-weight: 400;\" aria-level=\"1\"><b>Route de la c\u00f4te amalfitaine <\/b><span style=\"font-weight: 400;\">: Voyagez le long de la superbe c\u00f4te amalfitaine avec votre chauffeur priv\u00e9. D\u00e9couvrez les villes enchanteresses d&#8217;Amalfi Ravello, chacune avec sa beaut\u00e9 et son charme particuliers.<\/span><\/li>\n<li style=\"font-weight: 400;\" aria-level=\"1\"><b>D\u00e9lices gastronomiques :<\/b><span style=\"font-weight: 400;\"> D\u00e9jeunez tranquillement dans un restaurant tri\u00e9 sur le volet le long de la c\u00f4te, o\u00f9 vous pourrez savourer une authentique cuisine italienne tout en admirant les vues pittoresques.<\/span><\/li>\n<li style=\"font-weight: 400;\" aria-level=\"1\"><b>Art et culture<\/b><span style=\"font-weight: 400;\"> : En option, vous pouvez prolonger votre visite guid\u00e9e pour qu&#8217;elle dure 8 heures, ce qui vous permettra d&#8217;explorer encore plus en profondeur le riche patrimoine culturel et artistique de la r\u00e9gion.<\/span><\/li>\n<li style=\"font-weight: 400;\" aria-level=\"1\"><b>Villa des Myst\u00e8res :<\/b><span style=\"font-weight: 400;\"> Juste \u00e0 l&#8217;ext\u00e9rieur de Pomp\u00e9i, d\u00e9couvrez cette villa bien pr\u00e9serv\u00e9e, c\u00e9l\u00e8bre pour ses fresques \u00e9tonnantes qui d\u00e9peignent des rituels et des mythes anciens. La villa offre un aper\u00e7u de la vie domestique et du raffinement artistique de l&#8217;\u00e9lite romaine.<\/span><\/li>\n<li style=\"font-weight: 400;\" aria-level=\"1\"><b>P\u00e9ninsule de Sorrente : <\/b><span style=\"font-weight: 400;\">D\u00e9couvrez la beaut\u00e9 \u00e9poustouflante de la p\u00e9ninsule de Sorrente en vous dirigeant vers la c\u00f4te amalfitaine. R\u00e9put\u00e9e pour ses falaises spectaculaires, ses jardins dynamiques et ses vues panoramiques sur la baie de Naples, Sorrente constitue une parenth\u00e8se pittoresque dans votre voyage.<\/span><\/li>\n<li style=\"font-weight: 400;\" aria-level=\"1\"><b>Randonn\u00e9e sur le sentier des Dieux <\/b><span style=\"font-weight: 400;\">: pour les plus aventureux, envisagez une randonn\u00e9e guid\u00e9e le long du c\u00e9l\u00e8bre &#8220;Sentiero degli Dei&#8221; ou sentier des Dieux. Ce sentier offre certaines des vues les plus spectaculaires de la c\u00f4te amalfitaine, alliant la beaut\u00e9 naturelle \u00e0 un sentiment de s\u00e9r\u00e9nit\u00e9 et d&#8217;\u00e9merveillement.<\/span><\/li>\n<\/ul>\n<p><span style=\"font-weight: 400;\">Une fois l&#8217;excursion termin\u00e9e, votre chauffeur priv\u00e9 vous raccompagnera \u00e0 votre lieu d&#8217;origine \u00e0 Naples. Ce circuit promet<\/span><a href=\"https:\/\/tourtravelandmore.com\/fr\/city\/italie-fr\/naplespompei-fr\/\"><span style=\"font-weight: 400;\"> non seulement de mettre en valeur la beaut\u00e9 et l&#8217;histoire de ces destinations italiennes embl\u00e9matiques, mais auss<\/span><\/a><span style=\"font-weight: 400;\">i<\/span><span style=\"font-weight: 400;\"> d&#8217;offrir une exp\u00e9rience personnalis\u00e9e et luxueuse adapt\u00e9e \u00e0 vos pr\u00e9f\u00e9rences.<\/span><\/p>\n<p><strong>1\u00e8re option de visite :<\/strong> Se fait avec le guide uniquement \u00e0 Pomp\u00e9i (vous le rencontrez \u00e0 la Porta Marina Superiore (Pomp\u00e9i), le reste de la visite se fait avec le chauffeur uniquement.<\/p>\n<p><strong>2\u00e8me option de visite :<\/strong> Chauffeur et guide pour tout le tour &#8211; Pour les groupes de 8 pax ou plus, deux minivans sont utilis\u00e9s !<\/p>\n","protected":false},"excerpt":{"rendered":"<p><span style=\"font-weight: 400;\">Participez \u00e0 notre visite priv\u00e9e de Pomp\u00e9i et de la c\u00f4te amalfitaine au d\u00e9part de Naples pour une exp\u00e9rience inoubliable. Explorez les ruines de Pomp\u00e9i et les villages \u00e9poustouflants de la c\u00f4te amalfitaine, le tout dans le confort d&#8217;un v\u00e9hicule priv\u00e9 de luxe.<\/span><\/p>\n","protected":false},"featured_media":97884,"comment_status":"open","ping_status":"closed","template":"","meta":{"_acf_changed":false},"product_brand":[],"product_cat":[4370,4372,4371,3551],"product_tag":[],"class_list":{"0":"post-101686","1":"product","2":"type-product","3":"status-publish","4":"has-post-thumbnail","6":"product_cat-all-private-tours-activities-fr-7-naplespompei-fr","7":"product_cat-private-shore-excursions-fr-8-naplespompei-fr","8":"product_cat-private-sightseeing-tours-fr-7-naplespompei-fr","9":"product_cat-naplespompei-fr","11":"first","12":"instock","13":"shipping-taxable","14":"purchasable","15":"product-type-simple"},"acf":[],"yoast_head":"<!-- This site is optimized with the Yoast SEO Premium plugin v25.3.1 (Yoast SEO v25.3.1) - https:\/\/yoast.com\/wordpress\/plugins\/seo\/ -->\n<title>\u27a1\ufe0f Explorer Pomp\u00e9i et la c\u00f4te amalfitaine : Exclusive Private Tour from Naples<\/title>\n<meta name=\"description\" content=\"D\u00e9couvrez l&#039;ancienne ville de Pomp\u00e9i et la superbe c\u00f4te amalfitaine lors d&#039;un luxueux circuit priv\u00e9 au d\u00e9part de Naples. Des merveilles historiques et des paysages d&#039;une grande beaut\u00e9 vous attendent \u2705\" \/>\n<meta name=\"robots\" content=\"index, follow, max-snippet:-1, max-image-preview:large, max-video-preview:-1\" \/>\n<link rel=\"canonical\" href=\"https:\/\/tourtravelandmore.com\/fr\/tours\/italie-fr\/naplespompei-fr\/all-private-tours-activities-fr-7-naplespompei-fr\/visite-privee-de-pompei-et-de-la-cote-amalfitaine-au-depart-de-naples\/\" \/>\n<meta property=\"og:locale\" content=\"fr_FR\" \/>\n<meta property=\"og:type\" content=\"article\" \/>\n<meta property=\"og:title\" content=\"Visite priv\u00e9e de Pomp\u00e9i et de la c\u00f4te amalfitaine au d\u00e9part de Naples\" \/>\n<meta property=\"og:description\" content=\"D\u00e9couvrez l&#039;ancienne ville de Pomp\u00e9i et la superbe c\u00f4te amalfitaine lors d&#039;un luxueux circuit priv\u00e9 au d\u00e9part de Naples. Des merveilles historiques et des paysages d&#039;une grande beaut\u00e9 vous attendent \u2705\" \/>\n<meta property=\"og:url\" content=\"https:\/\/tourtravelandmore.com\/fr\/tours\/italie-fr\/naplespompei-fr\/all-private-tours-activities-fr-7-naplespompei-fr\/visite-privee-de-pompei-et-de-la-cote-amalfitaine-au-depart-de-naples\/\" \/>\n<meta property=\"og:site_name\" content=\"Tour Travel And More\" \/>\n<meta property=\"article:publisher\" content=\"https:\/\/www.facebook.com\/tourtravelandmore\/\" \/>\n<meta property=\"article:modified_time\" content=\"2024-08-21T15:30:38+00:00\" \/>\n<meta property=\"og:image\" content=\"https:\/\/tourtravelandmore.com\/wp-content\/uploads\/2019\/01\/amalfi-5.jpg\" \/>\n\t<meta property=\"og:image:width\" content=\"1280\" \/>\n\t<meta property=\"og:image:height\" content=\"959\" \/>\n\t<meta property=\"og:image:type\" content=\"image\/jpeg\" \/>\n<meta name=\"twitter:card\" content=\"summary_large_image\" \/>\n<meta name=\"twitter:site\" content=\"@TourTravel_More\" \/>\n<meta name=\"twitter:label1\" content=\"Dur\u00e9e de lecture estim\u00e9e\" \/>\n\t<meta name=\"twitter:data1\" content=\"4 minutes\" \/>\n<script type=\"application\/ld+json\" class=\"yoast-schema-graph\">{\"@context\":\"https:\/\/schema.org\",\"@graph\":[{\"@type\":\"WebPage\",\"@id\":\"https:\/\/tourtravelandmore.com\/fr\/tours\/italie-fr\/naplespompei-fr\/all-private-tours-activities-fr-7-naplespompei-fr\/visite-privee-de-pompei-et-de-la-cote-amalfitaine-au-depart-de-naples\/\",\"url\":\"https:\/\/tourtravelandmore.com\/fr\/tours\/italie-fr\/naplespompei-fr\/all-private-tours-activities-fr-7-naplespompei-fr\/visite-privee-de-pompei-et-de-la-cote-amalfitaine-au-depart-de-naples\/\",\"name\":\"\u27a1\ufe0f Explorer Pomp\u00e9i et la c\u00f4te amalfitaine : Exclusive Private Tour from Naples\",\"isPartOf\":{\"@id\":\"https:\/\/tourtravelandmore.com\/fr\/#website\"},\"primaryImageOfPage\":{\"@id\":\"https:\/\/tourtravelandmore.com\/fr\/tours\/italie-fr\/naplespompei-fr\/all-private-tours-activities-fr-7-naplespompei-fr\/visite-privee-de-pompei-et-de-la-cote-amalfitaine-au-depart-de-naples\/#primaryimage\"},\"image\":{\"@id\":\"https:\/\/tourtravelandmore.com\/fr\/tours\/italie-fr\/naplespompei-fr\/all-private-tours-activities-fr-7-naplespompei-fr\/visite-privee-de-pompei-et-de-la-cote-amalfitaine-au-depart-de-naples\/#primaryimage\"},\"thumbnailUrl\":\"https:\/\/tourtravelandmore.com\/wp-content\/uploads\/2019\/01\/amalfi-5.jpg\",\"datePublished\":\"2019-01-02T10:45:32+00:00\",\"dateModified\":\"2024-08-21T15:30:38+00:00\",\"description\":\"D\u00e9couvrez l'ancienne ville de Pomp\u00e9i et la superbe c\u00f4te amalfitaine lors d'un luxueux circuit priv\u00e9 au d\u00e9part de Naples. Des merveilles historiques et des paysages d'une grande beaut\u00e9 vous attendent \u2705\",\"breadcrumb\":{\"@id\":\"https:\/\/tourtravelandmore.com\/fr\/tours\/italie-fr\/naplespompei-fr\/all-private-tours-activities-fr-7-naplespompei-fr\/visite-privee-de-pompei-et-de-la-cote-amalfitaine-au-depart-de-naples\/#breadcrumb\"},\"inLanguage\":\"fr-FR\",\"potentialAction\":[{\"@type\":\"ReadAction\",\"target\":[\"https:\/\/tourtravelandmore.com\/fr\/tours\/italie-fr\/naplespompei-fr\/all-private-tours-activities-fr-7-naplespompei-fr\/visite-privee-de-pompei-et-de-la-cote-amalfitaine-au-depart-de-naples\/\"]}]},{\"@type\":\"ImageObject\",\"inLanguage\":\"fr-FR\",\"@id\":\"https:\/\/tourtravelandmore.com\/fr\/tours\/italie-fr\/naplespompei-fr\/all-private-tours-activities-fr-7-naplespompei-fr\/visite-privee-de-pompei-et-de-la-cote-amalfitaine-au-depart-de-naples\/#primaryimage\",\"url\":\"https:\/\/tourtravelandmore.com\/wp-content\/uploads\/2019\/01\/amalfi-5.jpg\",\"contentUrl\":\"https:\/\/tourtravelandmore.com\/wp-content\/uploads\/2019\/01\/amalfi-5.jpg\",\"width\":1280,\"height\":959},{\"@type\":\"BreadcrumbList\",\"@id\":\"https:\/\/tourtravelandmore.com\/fr\/tours\/italie-fr\/naplespompei-fr\/all-private-tours-activities-fr-7-naplespompei-fr\/visite-privee-de-pompei-et-de-la-cote-amalfitaine-au-depart-de-naples\/#breadcrumb\",\"itemListElement\":[{\"@type\":\"ListItem\",\"position\":1,\"name\":\"Home\",\"item\":\"https:\/\/tourtravelandmore.com\/fr\/\"},{\"@type\":\"ListItem\",\"position\":2,\"name\":\"Tours\",\"item\":\"https:\/\/tourtravelandmore.com\/fr\/tours\/\"},{\"@type\":\"ListItem\",\"position\":3,\"name\":\"Visite priv\u00e9e de Pomp\u00e9i et de la c\u00f4te amalfitaine au d\u00e9part de Naples\"}]},{\"@type\":\"WebSite\",\"@id\":\"https:\/\/tourtravelandmore.com\/fr\/#website\",\"url\":\"https:\/\/tourtravelandmore.com\/fr\/\",\"name\":\"Tour Travel And More\",\"description\":\"Private sightseeing tours and luxury transfers in Spain\",\"publisher\":{\"@id\":\"https:\/\/tourtravelandmore.com\/fr\/#organization\"},\"potentialAction\":[{\"@type\":\"SearchAction\",\"target\":{\"@type\":\"EntryPoint\",\"urlTemplate\":\"https:\/\/tourtravelandmore.com\/fr\/?s={search_term_string}\"},\"query-input\":{\"@type\":\"PropertyValueSpecification\",\"valueRequired\":true,\"valueName\":\"search_term_string\"}}],\"inLanguage\":\"fr-FR\"},{\"@type\":\"Organization\",\"@id\":\"https:\/\/tourtravelandmore.com\/fr\/#organization\",\"name\":\"Tour Travel And More\",\"url\":\"https:\/\/tourtravelandmore.com\/fr\/\",\"logo\":{\"@type\":\"ImageObject\",\"inLanguage\":\"fr-FR\",\"@id\":\"https:\/\/tourtravelandmore.com\/fr\/#\/schema\/logo\/image\/\",\"url\":\"https:\/\/tourtravelandmore.com\/wp-content\/uploads\/2022\/12\/cropped-logo-cabecera-new.png\",\"contentUrl\":\"https:\/\/tourtravelandmore.com\/wp-content\/uploads\/2022\/12\/cropped-logo-cabecera-new.png\",\"width\":430,\"height\":61,\"caption\":\"Tour Travel And More\"},\"image\":{\"@id\":\"https:\/\/tourtravelandmore.com\/fr\/#\/schema\/logo\/image\/\"},\"sameAs\":[\"https:\/\/www.facebook.com\/tourtravelandmore\/\",\"https:\/\/x.com\/TourTravel_More\"]}]}<\/script>\n<!-- \/ Yoast SEO Premium plugin. -->","yoast_head_json":{"title":"\u27a1\ufe0f Explorer Pomp\u00e9i et la c\u00f4te amalfitaine : Exclusive Private Tour from Naples","description":"D\u00e9couvrez l'ancienne ville de Pomp\u00e9i et la superbe c\u00f4te amalfitaine lors d'un luxueux circuit priv\u00e9 au d\u00e9part de Naples. Des merveilles historiques et des paysages d'une grande beaut\u00e9 vous attendent \u2705","robots":{"index":"index","follow":"follow","max-snippet":"max-snippet:-1","max-image-preview":"max-image-preview:large","max-video-preview":"max-video-preview:-1"},"canonical":"https:\/\/tourtravelandmore.com\/fr\/tours\/italie-fr\/naplespompei-fr\/all-private-tours-activities-fr-7-naplespompei-fr\/visite-privee-de-pompei-et-de-la-cote-amalfitaine-au-depart-de-naples\/","og_locale":"fr_FR","og_type":"article","og_title":"Visite priv\u00e9e de Pomp\u00e9i et de la c\u00f4te amalfitaine au d\u00e9part de Naples","og_description":"D\u00e9couvrez l'ancienne ville de Pomp\u00e9i et la superbe c\u00f4te amalfitaine lors d'un luxueux circuit priv\u00e9 au d\u00e9part de Naples. Des merveilles historiques et des paysages d'une grande beaut\u00e9 vous attendent \u2705","og_url":"https:\/\/tourtravelandmore.com\/fr\/tours\/italie-fr\/naplespompei-fr\/all-private-tours-activities-fr-7-naplespompei-fr\/visite-privee-de-pompei-et-de-la-cote-amalfitaine-au-depart-de-naples\/","og_site_name":"Tour Travel And More","article_publisher":"https:\/\/www.facebook.com\/tourtravelandmore\/","article_modified_time":"2024-08-21T15:30:38+00:00","og_image":[{"width":1280,"height":959,"url":"https:\/\/tourtravelandmore.com\/wp-content\/uploads\/2019\/01\/amalfi-5.jpg","type":"image\/jpeg"}],"twitter_card":"summary_large_image","twitter_site":"@TourTravel_More","twitter_misc":{"Dur\u00e9e de lecture estim\u00e9e":"4 minutes"},"schema":{"@context":"https:\/\/schema.org","@graph":[{"@type":"WebPage","@id":"https:\/\/tourtravelandmore.com\/fr\/tours\/italie-fr\/naplespompei-fr\/all-private-tours-activities-fr-7-naplespompei-fr\/visite-privee-de-pompei-et-de-la-cote-amalfitaine-au-depart-de-naples\/","url":"https:\/\/tourtravelandmore.com\/fr\/tours\/italie-fr\/naplespompei-fr\/all-private-tours-activities-fr-7-naplespompei-fr\/visite-privee-de-pompei-et-de-la-cote-amalfitaine-au-depart-de-naples\/","name":"\u27a1\ufe0f Explorer Pomp\u00e9i et la c\u00f4te amalfitaine : Exclusive Private Tour from Naples","isPartOf":{"@id":"https:\/\/tourtravelandmore.com\/fr\/#website"},"primaryImageOfPage":{"@id":"https:\/\/tourtravelandmore.com\/fr\/tours\/italie-fr\/naplespompei-fr\/all-private-tours-activities-fr-7-naplespompei-fr\/visite-privee-de-pompei-et-de-la-cote-amalfitaine-au-depart-de-naples\/#primaryimage"},"image":{"@id":"https:\/\/tourtravelandmore.com\/fr\/tours\/italie-fr\/naplespompei-fr\/all-private-tours-activities-fr-7-naplespompei-fr\/visite-privee-de-pompei-et-de-la-cote-amalfitaine-au-depart-de-naples\/#primaryimage"},"thumbnailUrl":"https:\/\/tourtravelandmore.com\/wp-content\/uploads\/2019\/01\/amalfi-5.jpg","datePublished":"2019-01-02T10:45:32+00:00","dateModified":"2024-08-21T15:30:38+00:00","description":"D\u00e9couvrez l'ancienne ville de Pomp\u00e9i et la superbe c\u00f4te amalfitaine lors d'un luxueux circuit priv\u00e9 au d\u00e9part de Naples. Des merveilles historiques et des paysages d'une grande beaut\u00e9 vous attendent \u2705","breadcrumb":{"@id":"https:\/\/tourtravelandmore.com\/fr\/tours\/italie-fr\/naplespompei-fr\/all-private-tours-activities-fr-7-naplespompei-fr\/visite-privee-de-pompei-et-de-la-cote-amalfitaine-au-depart-de-naples\/#breadcrumb"},"inLanguage":"fr-FR","potentialAction":[{"@type":"ReadAction","target":["https:\/\/tourtravelandmore.com\/fr\/tours\/italie-fr\/naplespompei-fr\/all-private-tours-activities-fr-7-naplespompei-fr\/visite-privee-de-pompei-et-de-la-cote-amalfitaine-au-depart-de-naples\/"]}]},{"@type":"ImageObject","inLanguage":"fr-FR","@id":"https:\/\/tourtravelandmore.com\/fr\/tours\/italie-fr\/naplespompei-fr\/all-private-tours-activities-fr-7-naplespompei-fr\/visite-privee-de-pompei-et-de-la-cote-amalfitaine-au-depart-de-naples\/#primaryimage","url":"https:\/\/tourtravelandmore.com\/wp-content\/uploads\/2019\/01\/amalfi-5.jpg","contentUrl":"https:\/\/tourtravelandmore.com\/wp-content\/uploads\/2019\/01\/amalfi-5.jpg","width":1280,"height":959},{"@type":"BreadcrumbList","@id":"https:\/\/tourtravelandmore.com\/fr\/tours\/italie-fr\/naplespompei-fr\/all-private-tours-activities-fr-7-naplespompei-fr\/visite-privee-de-pompei-et-de-la-cote-amalfitaine-au-depart-de-naples\/#breadcrumb","itemListElement":[{"@type":"ListItem","position":1,"name":"Home","item":"https:\/\/tourtravelandmore.com\/fr\/"},{"@type":"ListItem","position":2,"name":"Tours","item":"https:\/\/tourtravelandmore.com\/fr\/tours\/"},{"@type":"ListItem","position":3,"name":"Visite priv\u00e9e de Pomp\u00e9i et de la c\u00f4te amalfitaine au d\u00e9part de Naples"}]},{"@type":"WebSite","@id":"https:\/\/tourtravelandmore.com\/fr\/#website","url":"https:\/\/tourtravelandmore.com\/fr\/","name":"Tour Travel And More","description":"Private sightseeing tours and luxury transfers in Spain","publisher":{"@id":"https:\/\/tourtravelandmore.com\/fr\/#organization"},"potentialAction":[{"@type":"SearchAction","target":{"@type":"EntryPoint","urlTemplate":"https:\/\/tourtravelandmore.com\/fr\/?s={search_term_string}"},"query-input":{"@type":"PropertyValueSpecification","valueRequired":true,"valueName":"search_term_string"}}],"inLanguage":"fr-FR"},{"@type":"Organization","@id":"https:\/\/tourtravelandmore.com\/fr\/#organization","name":"Tour Travel And More","url":"https:\/\/tourtravelandmore.com\/fr\/","logo":{"@type":"ImageObject","inLanguage":"fr-FR","@id":"https:\/\/tourtravelandmore.com\/fr\/#\/schema\/logo\/image\/","url":"https:\/\/tourtravelandmore.com\/wp-content\/uploads\/2022\/12\/cropped-logo-cabecera-new.png","contentUrl":"https:\/\/tourtravelandmore.com\/wp-content\/uploads\/2022\/12\/cropped-logo-cabecera-new.png","width":430,"height":61,"caption":"Tour Travel And More"},"image":{"@id":"https:\/\/tourtravelandmore.com\/fr\/#\/schema\/logo\/image\/"},"sameAs":["https:\/\/www.facebook.com\/tourtravelandmore\/","https:\/\/x.com\/TourTravel_More"]}]}},"_links":{"self":[{"href":"https:\/\/tourtravelandmore.com\/fr\/wp-json\/wp\/v2\/product\/101686","targetHints":{"allow":["GET"]}}],"collection":[{"href":"https:\/\/tourtravelandmore.com\/fr\/wp-json\/wp\/v2\/product"}],"about":[{"href":"https:\/\/tourtravelandmore.com\/fr\/wp-json\/wp\/v2\/types\/product"}],"replies":[{"embeddable":true,"href":"https:\/\/tourtravelandmore.com\/fr\/wp-json\/wp\/v2\/comments?post=101686"}],"wp:featuredmedia":[{"embeddable":true,"href":"https:\/\/tourtravelandmore.com\/fr\/wp-json\/wp\/v2\/media\/97884"}],"wp:attachment":[{"href":"https:\/\/tourtravelandmore.com\/fr\/wp-json\/wp\/v2\/media?parent=101686"}],"wp:term":[{"taxonomy":"product_brand","embeddable":true,"href":"https:\/\/tourtravelandmore.com\/fr\/wp-json\/wp\/v2\/product_brand?post=101686"},{"taxonomy":"product_cat","embeddable":true,"href":"https:\/\/tourtravelandmore.com\/fr\/wp-json\/wp\/v2\/product_cat?post=101686"},{"taxonomy":"product_tag","embeddable":true,"href":"https:\/\/tourtravelandmore.com\/fr\/wp-json\/wp\/v2\/product_tag?post=101686"}],"curies":[{"name":"wp","href":"https:\/\/api.w.org\/{rel}","templated":true}]}}