{"id":101681,"date":"2018-03-01T11:03:41","date_gmt":"2018-03-01T10:03:41","guid":{"rendered":"https:\/\/tourtravelandmore.com\/tours\/non%20class\u00e9\/visite-privee-a-pied-de-naples\/"},"modified":"2024-08-21T17:30:44","modified_gmt":"2024-08-21T15:30:44","slug":"visite-privee-a-pied-de-naples","status":"publish","type":"product","link":"https:\/\/tourtravelandmore.com\/fr\/tours\/italie-fr\/naplespompei-fr\/all-private-tours-activities-fr-7-naplespompei-fr\/visite-privee-a-pied-de-naples\/","title":{"rendered":"Visite priv\u00e9e \u00e0 pied de Naples"},"content":{"rendered":"<h2><b>Visite priv\u00e9e \u00e0 pied de Naples Description :<\/b><\/h2>\n<p>D\u00e9couvrez la beaut\u00e9 enchanteresse et la riche histoire de Naples lors de cette visite priv\u00e9e \u00e0 pied, con\u00e7ue exclusivement pour vous. Que vous sortiez de la grandeur du hall d&#8217;un h\u00f4tel, que vous arriviez \u00e0 une gare anim\u00e9e ou que vous d\u00e9barquiez au port de croisi\u00e8re de Naples, votre visite personnelle commence par un accueil chaleureux de la part de votre guide officiel agr\u00e9\u00e9.<\/p>\n<p>Naples, fi\u00e8re capitale de la r\u00e9gion de Campanie et troisi\u00e8me ville la plus peupl\u00e9e d&#8217;Italie, s&#8217;enorgueillit d&#8217;un pass\u00e9 charg\u00e9 d&#8217;histoire qui remonte \u00e0 ses origines grecques, au VIIe si\u00e8cle avant J.-C., sous le nom de Neapolis, ou &#8220;ville nouvelle&#8221;. Aujourd&#8217;hui, la ville se pr\u00e9sente comme une tapisserie fascinante d&#8217;histoire, de culture et de vie de rue anim\u00e9e.<\/p>\n<p>Embarquez pour une exploration compl\u00e8te du c\u0153ur historique de Naples. Nous vous offrons la possibilit\u00e9 d&#8217;inclure des billets d&#8217;entr\u00e9e pour tout monument ou mus\u00e9e que vous souhaitez visiter, afin que votre exp\u00e9rience soit \u00e0 la fois enrichissante et transparente. Que vous soyez un passionn\u00e9 d&#8217;histoire, un amateur d&#8217;art ou simplement un amoureux de la culture italienne, cette visite r\u00e9pond \u00e0 tous les int\u00e9r\u00eats.<\/p>\n<p>L&#8217;itin\u00e9raire de quatre heures que nous vous proposons n&#8217;est qu&#8217;un point de d\u00e9part. Nous serons ravis d&#8217;adapter la dur\u00e9e de la visite \u00e0 votre emploi du temps et \u00e0 vos centres d&#8217;int\u00e9r\u00eat. Avec notre guide expert, vous traverserez l&#8217;embl\u00e9matique rue Spaccanapoli, l&#8217;art\u00e8re palpitante de Naples, plongerez dans les espaces sacr\u00e9s de l&#8217;\u00e9glise San Domenico Maggiore et vous \u00e9merveillerez devant les imposants Castel dell&#8217;Ovo et Castel Nuovo (Maschio Angioino).<\/p>\n<p>Naples est \u00e9galement v\u00e9n\u00e9r\u00e9e comme le berceau de la Pizza Napolitana, un chef-d&#8217;\u0153uvre culinaire qu&#8217;il faut absolument go\u00fbter lors de votre visite. Notre guide sera ravi de vous recommander les meilleurs endroits pour go\u00fbter \u00e0 l&#8217;authenticit\u00e9 de Naples.<\/p>\n<p>N&#8217;oubliez pas que nos guides touristiques ne sont pas de simples guides ; ce sont des conteurs, des historiens et des passionn\u00e9s de Naples qui disposent d&#8217;une licence officielle leur permettant de travailler dans la ville et ses environs. Votre exp\u00e9rience avec nous est garantie authentique, informative et tout \u00e0 fait inoubliable.<\/p>\n<p>Vous souhaitez vivre d&#8217;autres aventures \u00e0 Naples et ailleurs ? Pensez \u00e0 notre visite priv\u00e9e de Naples et de Pomp\u00e9i au d\u00e9part de Naples, o\u00f9 les mondes ancien et moderne s&#8217;entrechoquent dans une d\u00e9monstration spectaculaire d&#8217;histoire et de beaut\u00e9.<\/p>\n<h2><b>Visite priv\u00e9e \u00e0 pied de Naples | Points d&#8217;int\u00e9r\u00eat<\/b><\/h2>\n<ul>\n<li style=\"font-weight: 400;\" aria-level=\"1\"><span style=\"font-weight: 400;\">La rue Spaccanapoli : D\u00e9couvrez le c\u0153ur battant de Naples, une rue vibrante et historique qui incarne l&#8217;esprit de la ville.<\/span><\/li>\n<li style=\"font-weight: 400;\" aria-level=\"1\"><span style=\"font-weight: 400;\">\u00c9glise San Domenico Maggiore : Entrez dans cette merveille architecturale et impr\u00e9gnez-vous de si\u00e8cles d&#8217;histoire religieuse et artistique.<\/span><\/li>\n<li style=\"font-weight: 400;\" aria-level=\"1\"><span style=\"font-weight: 400;\">Castel dell&#8217;Ovo et Castel Nuovo (Maschio Angioino) : \u00c9merveillez-vous devant ces forteresses embl\u00e9matiques qui racontent des histoires de pouvoir, de batailles et de m\u00e9c\u00e9nat artistique.<\/span><\/li>\n<li style=\"font-weight: 400;\" aria-level=\"1\"><span style=\"font-weight: 400;\">Piazza del Plebiscito : Fl\u00e2nez sur l&#8217;une des plus grandes places publiques de Naples, entour\u00e9e de b\u00e2timents historiques et anim\u00e9e par la vie locale.<\/span><\/li>\n<li style=\"font-weight: 400;\" aria-level=\"1\"><span style=\"font-weight: 400;\">Cath\u00e9drale de Naples : Laissez-vous impressionner par la magnifique architecture de cette cath\u00e9drale et par son importance pour la culture et l&#8217;histoire napolitaines.<\/span><\/li>\n<li style=\"font-weight: 400;\" aria-level=\"1\"><span style=\"font-weight: 400;\">Chapelle San Severo : D\u00e9couvrez la mystique de cette chapelle, qui abrite des \u0153uvres d&#8217;art \u00e9tonnantes et l&#8217;\u00e9nigmatique sculpture du Christ voil\u00e9.<\/span><\/li>\n<li style=\"font-weight: 400;\" aria-level=\"1\"><span style=\"font-weight: 400;\">Palais royal de Naples : Explorez l&#8217;opulente ancienne r\u00e9sidence royale et ses salles somptueusement d\u00e9cor\u00e9es.<\/span><\/li>\n<li style=\"font-weight: 400;\" aria-level=\"1\"><span style=\"font-weight: 400;\">Santa Chiara : Visitez ce complexe religieux connu pour son magnifique clo\u00eetre et son importance historique.<\/span><\/li>\n<li style=\"font-weight: 400;\" aria-level=\"1\"><span style=\"font-weight: 400;\">Piazza Bellini : Plongez dans l&#8217;atmosph\u00e8re anim\u00e9e de cette place populaire, point de rencontre de l&#8217;histoire, de la culture et de la vie nocturne.<\/span><\/li>\n<\/ul>\n<p><a href=\"https:\/\/tourtravelandmore.com\/fr\/city\/italie-fr\/naplespompei-fr\/\"><span style=\"font-weight: 400;\">Pr\u00eat \u00e0 vous immerger dans l&#8217;histoire captivante et la culture vibrante de Naples ?<\/span><\/a> <span style=\"font-weight: 400;\">R\u00e9servez d\u00e8s aujourd&#8217;hui votre visite priv\u00e9e \u00e0 pied de Naples avec Tour Travel &amp; More. Que vous souhaitiez percer les myst\u00e8res de l&#8217;ancienne Naples, vous \u00e9merveiller devant des merveilles architecturales ou simplement profiter de l&#8217;atmosph\u00e8re anim\u00e9e de la ville, notre visite vous offre une exp\u00e9rience in\u00e9gal\u00e9e, taill\u00e9e sur mesure pour vous. Nos guides comp\u00e9tents sont passionn\u00e9s par l&#8217;essence m\u00eame de Naples et vous garantissent un voyage inoubliable \u00e0 travers ce joyau historique de l&#8217;Italie.<\/span><\/p>\n<p><span style=\"font-weight: 400;\">Ne manquez pas cette occasion exclusive d&#8217;explorer Naples en profondeur. Contactez-nous d\u00e8s maintenant \u00e0 Tour Travel and More pour r\u00e9server votre visite priv\u00e9e et vous lancer dans une aventure qui promet d&#8217;\u00eatre aussi enrichissante qu&#8217;enchanteresse. Naples vous attend !<\/span><\/p>\n","protected":false},"excerpt":{"rendered":"<p><span style=\"font-weight: 400;\">Rejoignez-nous pour une visite priv\u00e9e \u00e0 pied de Naples et d\u00e9couvrez la grandeur historique de la ville, des rues anciennes aux ch\u00e2teaux majestueux, en passant par les \u00e9glises et les piazzas anim\u00e9es. D\u00e9couvrez l&#8217;essence de la culture napolitaine et laissez-vous tenter par sa cuisine mondialement connue.<\/span><\/p>\n","protected":false},"featured_media":94726,"comment_status":"open","ping_status":"closed","template":"","meta":{"_acf_changed":false},"product_brand":[],"product_cat":[4370,4371,3551],"product_tag":[],"class_list":{"0":"post-101681","1":"product","2":"type-product","3":"status-publish","4":"has-post-thumbnail","6":"product_cat-all-private-tours-activities-fr-7-naplespompei-fr","7":"product_cat-private-sightseeing-tours-fr-7-naplespompei-fr","8":"product_cat-naplespompei-fr","10":"first","11":"instock","12":"shipping-taxable","13":"purchasable","14":"product-type-simple"},"acf":[],"yoast_head":"<!-- This site is optimized with the Yoast SEO Premium plugin v25.3.1 (Yoast SEO v25.3.1) - https:\/\/yoast.com\/wordpress\/plugins\/seo\/ -->\n<title>Visite priv\u00e9e \u00e0 pied de Naples : D\u00e9couvrez l&#039;histoire et la culture<\/title>\n<meta name=\"description\" content=\"Explorez le riche patrimoine de Naples lors d&#039;une visite priv\u00e9e \u00e0 pied. D\u00e9couvrez Spaccanapoli, le palais royal, les \u00e9glises historiques et savourez l&#039;authentique Pizza Napolitana. R\u00e9servez maintenant !\" \/>\n<meta name=\"robots\" content=\"index, follow, max-snippet:-1, max-image-preview:large, max-video-preview:-1\" \/>\n<link rel=\"canonical\" href=\"https:\/\/tourtravelandmore.com\/fr\/tours\/italie-fr\/naplespompei-fr\/all-private-tours-activities-fr-7-naplespompei-fr\/visite-privee-a-pied-de-naples\/\" \/>\n<meta property=\"og:locale\" content=\"fr_FR\" \/>\n<meta property=\"og:type\" content=\"article\" \/>\n<meta property=\"og:title\" content=\"Visite priv\u00e9e \u00e0 pied de Naples\" \/>\n<meta property=\"og:description\" content=\"Explorez le riche patrimoine de Naples lors d&#039;une visite priv\u00e9e \u00e0 pied. D\u00e9couvrez Spaccanapoli, le palais royal, les \u00e9glises historiques et savourez l&#039;authentique Pizza Napolitana. R\u00e9servez maintenant !\" \/>\n<meta property=\"og:url\" content=\"https:\/\/tourtravelandmore.com\/fr\/tours\/italie-fr\/naplespompei-fr\/all-private-tours-activities-fr-7-naplespompei-fr\/visite-privee-a-pied-de-naples\/\" \/>\n<meta property=\"og:site_name\" content=\"Tour Travel And More\" \/>\n<meta property=\"article:publisher\" content=\"https:\/\/www.facebook.com\/tourtravelandmore\/\" \/>\n<meta property=\"article:modified_time\" content=\"2024-08-21T15:30:44+00:00\" \/>\n<meta property=\"og:image\" content=\"https:\/\/tourtravelandmore.com\/wp-content\/uploads\/2018\/03\/Castelnuovo_Maschio_Angioino_Naples-1024x640.jpg\" \/>\n\t<meta property=\"og:image:width\" content=\"1024\" \/>\n\t<meta property=\"og:image:height\" content=\"640\" \/>\n\t<meta property=\"og:image:type\" content=\"image\/jpeg\" \/>\n<meta name=\"twitter:card\" content=\"summary_large_image\" \/>\n<meta name=\"twitter:site\" content=\"@TourTravel_More\" \/>\n<meta name=\"twitter:label1\" content=\"Dur\u00e9e de lecture estim\u00e9e\" \/>\n\t<meta name=\"twitter:data1\" content=\"4 minutes\" \/>\n<script type=\"application\/ld+json\" class=\"yoast-schema-graph\">{\"@context\":\"https:\/\/schema.org\",\"@graph\":[{\"@type\":\"WebPage\",\"@id\":\"https:\/\/tourtravelandmore.com\/fr\/tours\/italie-fr\/naplespompei-fr\/all-private-tours-activities-fr-7-naplespompei-fr\/visite-privee-a-pied-de-naples\/\",\"url\":\"https:\/\/tourtravelandmore.com\/fr\/tours\/italie-fr\/naplespompei-fr\/all-private-tours-activities-fr-7-naplespompei-fr\/visite-privee-a-pied-de-naples\/\",\"name\":\"Visite priv\u00e9e \u00e0 pied de Naples : D\u00e9couvrez l'histoire et la culture\",\"isPartOf\":{\"@id\":\"https:\/\/tourtravelandmore.com\/fr\/#website\"},\"primaryImageOfPage\":{\"@id\":\"https:\/\/tourtravelandmore.com\/fr\/tours\/italie-fr\/naplespompei-fr\/all-private-tours-activities-fr-7-naplespompei-fr\/visite-privee-a-pied-de-naples\/#primaryimage\"},\"image\":{\"@id\":\"https:\/\/tourtravelandmore.com\/fr\/tours\/italie-fr\/naplespompei-fr\/all-private-tours-activities-fr-7-naplespompei-fr\/visite-privee-a-pied-de-naples\/#primaryimage\"},\"thumbnailUrl\":\"https:\/\/tourtravelandmore.com\/wp-content\/uploads\/2018\/03\/Castelnuovo_Maschio_Angioino_Naples.jpg\",\"datePublished\":\"2018-03-01T10:03:41+00:00\",\"dateModified\":\"2024-08-21T15:30:44+00:00\",\"description\":\"Explorez le riche patrimoine de Naples lors d'une visite priv\u00e9e \u00e0 pied. D\u00e9couvrez Spaccanapoli, le palais royal, les \u00e9glises historiques et savourez l'authentique Pizza Napolitana. R\u00e9servez maintenant !\",\"breadcrumb\":{\"@id\":\"https:\/\/tourtravelandmore.com\/fr\/tours\/italie-fr\/naplespompei-fr\/all-private-tours-activities-fr-7-naplespompei-fr\/visite-privee-a-pied-de-naples\/#breadcrumb\"},\"inLanguage\":\"fr-FR\",\"potentialAction\":[{\"@type\":\"ReadAction\",\"target\":[\"https:\/\/tourtravelandmore.com\/fr\/tours\/italie-fr\/naplespompei-fr\/all-private-tours-activities-fr-7-naplespompei-fr\/visite-privee-a-pied-de-naples\/\"]}]},{\"@type\":\"ImageObject\",\"inLanguage\":\"fr-FR\",\"@id\":\"https:\/\/tourtravelandmore.com\/fr\/tours\/italie-fr\/naplespompei-fr\/all-private-tours-activities-fr-7-naplespompei-fr\/visite-privee-a-pied-de-naples\/#primaryimage\",\"url\":\"https:\/\/tourtravelandmore.com\/wp-content\/uploads\/2018\/03\/Castelnuovo_Maschio_Angioino_Naples.jpg\",\"contentUrl\":\"https:\/\/tourtravelandmore.com\/wp-content\/uploads\/2018\/03\/Castelnuovo_Maschio_Angioino_Naples.jpg\",\"width\":3822,\"height\":2389},{\"@type\":\"BreadcrumbList\",\"@id\":\"https:\/\/tourtravelandmore.com\/fr\/tours\/italie-fr\/naplespompei-fr\/all-private-tours-activities-fr-7-naplespompei-fr\/visite-privee-a-pied-de-naples\/#breadcrumb\",\"itemListElement\":[{\"@type\":\"ListItem\",\"position\":1,\"name\":\"Home\",\"item\":\"https:\/\/tourtravelandmore.com\/fr\/\"},{\"@type\":\"ListItem\",\"position\":2,\"name\":\"Tours\",\"item\":\"https:\/\/tourtravelandmore.com\/fr\/tours\/\"},{\"@type\":\"ListItem\",\"position\":3,\"name\":\"Visite priv\u00e9e \u00e0 pied de Naples\"}]},{\"@type\":\"WebSite\",\"@id\":\"https:\/\/tourtravelandmore.com\/fr\/#website\",\"url\":\"https:\/\/tourtravelandmore.com\/fr\/\",\"name\":\"Tour Travel And More\",\"description\":\"Private sightseeing tours and luxury transfers in Spain\",\"publisher\":{\"@id\":\"https:\/\/tourtravelandmore.com\/fr\/#organization\"},\"potentialAction\":[{\"@type\":\"SearchAction\",\"target\":{\"@type\":\"EntryPoint\",\"urlTemplate\":\"https:\/\/tourtravelandmore.com\/fr\/?s={search_term_string}\"},\"query-input\":{\"@type\":\"PropertyValueSpecification\",\"valueRequired\":true,\"valueName\":\"search_term_string\"}}],\"inLanguage\":\"fr-FR\"},{\"@type\":\"Organization\",\"@id\":\"https:\/\/tourtravelandmore.com\/fr\/#organization\",\"name\":\"Tour Travel And More\",\"url\":\"https:\/\/tourtravelandmore.com\/fr\/\",\"logo\":{\"@type\":\"ImageObject\",\"inLanguage\":\"fr-FR\",\"@id\":\"https:\/\/tourtravelandmore.com\/fr\/#\/schema\/logo\/image\/\",\"url\":\"https:\/\/tourtravelandmore.com\/wp-content\/uploads\/2022\/12\/cropped-logo-cabecera-new.png\",\"contentUrl\":\"https:\/\/tourtravelandmore.com\/wp-content\/uploads\/2022\/12\/cropped-logo-cabecera-new.png\",\"width\":430,\"height\":61,\"caption\":\"Tour Travel And More\"},\"image\":{\"@id\":\"https:\/\/tourtravelandmore.com\/fr\/#\/schema\/logo\/image\/\"},\"sameAs\":[\"https:\/\/www.facebook.com\/tourtravelandmore\/\",\"https:\/\/x.com\/TourTravel_More\"]}]}<\/script>\n<!-- \/ Yoast SEO Premium plugin. -->","yoast_head_json":{"title":"Visite priv\u00e9e \u00e0 pied de Naples : D\u00e9couvrez l'histoire et la culture","description":"Explorez le riche patrimoine de Naples lors d'une visite priv\u00e9e \u00e0 pied. D\u00e9couvrez Spaccanapoli, le palais royal, les \u00e9glises historiques et savourez l'authentique Pizza Napolitana. R\u00e9servez maintenant !","robots":{"index":"index","follow":"follow","max-snippet":"max-snippet:-1","max-image-preview":"max-image-preview:large","max-video-preview":"max-video-preview:-1"},"canonical":"https:\/\/tourtravelandmore.com\/fr\/tours\/italie-fr\/naplespompei-fr\/all-private-tours-activities-fr-7-naplespompei-fr\/visite-privee-a-pied-de-naples\/","og_locale":"fr_FR","og_type":"article","og_title":"Visite priv\u00e9e \u00e0 pied de Naples","og_description":"Explorez le riche patrimoine de Naples lors d'une visite priv\u00e9e \u00e0 pied. D\u00e9couvrez Spaccanapoli, le palais royal, les \u00e9glises historiques et savourez l'authentique Pizza Napolitana. R\u00e9servez maintenant !","og_url":"https:\/\/tourtravelandmore.com\/fr\/tours\/italie-fr\/naplespompei-fr\/all-private-tours-activities-fr-7-naplespompei-fr\/visite-privee-a-pied-de-naples\/","og_site_name":"Tour Travel And More","article_publisher":"https:\/\/www.facebook.com\/tourtravelandmore\/","article_modified_time":"2024-08-21T15:30:44+00:00","og_image":[{"width":1024,"height":640,"url":"https:\/\/tourtravelandmore.com\/wp-content\/uploads\/2018\/03\/Castelnuovo_Maschio_Angioino_Naples-1024x640.jpg","type":"image\/jpeg"}],"twitter_card":"summary_large_image","twitter_site":"@TourTravel_More","twitter_misc":{"Dur\u00e9e de lecture estim\u00e9e":"4 minutes"},"schema":{"@context":"https:\/\/schema.org","@graph":[{"@type":"WebPage","@id":"https:\/\/tourtravelandmore.com\/fr\/tours\/italie-fr\/naplespompei-fr\/all-private-tours-activities-fr-7-naplespompei-fr\/visite-privee-a-pied-de-naples\/","url":"https:\/\/tourtravelandmore.com\/fr\/tours\/italie-fr\/naplespompei-fr\/all-private-tours-activities-fr-7-naplespompei-fr\/visite-privee-a-pied-de-naples\/","name":"Visite priv\u00e9e \u00e0 pied de Naples : D\u00e9couvrez l'histoire et la culture","isPartOf":{"@id":"https:\/\/tourtravelandmore.com\/fr\/#website"},"primaryImageOfPage":{"@id":"https:\/\/tourtravelandmore.com\/fr\/tours\/italie-fr\/naplespompei-fr\/all-private-tours-activities-fr-7-naplespompei-fr\/visite-privee-a-pied-de-naples\/#primaryimage"},"image":{"@id":"https:\/\/tourtravelandmore.com\/fr\/tours\/italie-fr\/naplespompei-fr\/all-private-tours-activities-fr-7-naplespompei-fr\/visite-privee-a-pied-de-naples\/#primaryimage"},"thumbnailUrl":"https:\/\/tourtravelandmore.com\/wp-content\/uploads\/2018\/03\/Castelnuovo_Maschio_Angioino_Naples.jpg","datePublished":"2018-03-01T10:03:41+00:00","dateModified":"2024-08-21T15:30:44+00:00","description":"Explorez le riche patrimoine de Naples lors d'une visite priv\u00e9e \u00e0 pied. D\u00e9couvrez Spaccanapoli, le palais royal, les \u00e9glises historiques et savourez l'authentique Pizza Napolitana. R\u00e9servez maintenant !","breadcrumb":{"@id":"https:\/\/tourtravelandmore.com\/fr\/tours\/italie-fr\/naplespompei-fr\/all-private-tours-activities-fr-7-naplespompei-fr\/visite-privee-a-pied-de-naples\/#breadcrumb"},"inLanguage":"fr-FR","potentialAction":[{"@type":"ReadAction","target":["https:\/\/tourtravelandmore.com\/fr\/tours\/italie-fr\/naplespompei-fr\/all-private-tours-activities-fr-7-naplespompei-fr\/visite-privee-a-pied-de-naples\/"]}]},{"@type":"ImageObject","inLanguage":"fr-FR","@id":"https:\/\/tourtravelandmore.com\/fr\/tours\/italie-fr\/naplespompei-fr\/all-private-tours-activities-fr-7-naplespompei-fr\/visite-privee-a-pied-de-naples\/#primaryimage","url":"https:\/\/tourtravelandmore.com\/wp-content\/uploads\/2018\/03\/Castelnuovo_Maschio_Angioino_Naples.jpg","contentUrl":"https:\/\/tourtravelandmore.com\/wp-content\/uploads\/2018\/03\/Castelnuovo_Maschio_Angioino_Naples.jpg","width":3822,"height":2389},{"@type":"BreadcrumbList","@id":"https:\/\/tourtravelandmore.com\/fr\/tours\/italie-fr\/naplespompei-fr\/all-private-tours-activities-fr-7-naplespompei-fr\/visite-privee-a-pied-de-naples\/#breadcrumb","itemListElement":[{"@type":"ListItem","position":1,"name":"Home","item":"https:\/\/tourtravelandmore.com\/fr\/"},{"@type":"ListItem","position":2,"name":"Tours","item":"https:\/\/tourtravelandmore.com\/fr\/tours\/"},{"@type":"ListItem","position":3,"name":"Visite priv\u00e9e \u00e0 pied de Naples"}]},{"@type":"WebSite","@id":"https:\/\/tourtravelandmore.com\/fr\/#website","url":"https:\/\/tourtravelandmore.com\/fr\/","name":"Tour Travel And More","description":"Private sightseeing tours and luxury transfers in Spain","publisher":{"@id":"https:\/\/tourtravelandmore.com\/fr\/#organization"},"potentialAction":[{"@type":"SearchAction","target":{"@type":"EntryPoint","urlTemplate":"https:\/\/tourtravelandmore.com\/fr\/?s={search_term_string}"},"query-input":{"@type":"PropertyValueSpecification","valueRequired":true,"valueName":"search_term_string"}}],"inLanguage":"fr-FR"},{"@type":"Organization","@id":"https:\/\/tourtravelandmore.com\/fr\/#organization","name":"Tour Travel And More","url":"https:\/\/tourtravelandmore.com\/fr\/","logo":{"@type":"ImageObject","inLanguage":"fr-FR","@id":"https:\/\/tourtravelandmore.com\/fr\/#\/schema\/logo\/image\/","url":"https:\/\/tourtravelandmore.com\/wp-content\/uploads\/2022\/12\/cropped-logo-cabecera-new.png","contentUrl":"https:\/\/tourtravelandmore.com\/wp-content\/uploads\/2022\/12\/cropped-logo-cabecera-new.png","width":430,"height":61,"caption":"Tour Travel And More"},"image":{"@id":"https:\/\/tourtravelandmore.com\/fr\/#\/schema\/logo\/image\/"},"sameAs":["https:\/\/www.facebook.com\/tourtravelandmore\/","https:\/\/x.com\/TourTravel_More"]}]}},"_links":{"self":[{"href":"https:\/\/tourtravelandmore.com\/fr\/wp-json\/wp\/v2\/product\/101681","targetHints":{"allow":["GET"]}}],"collection":[{"href":"https:\/\/tourtravelandmore.com\/fr\/wp-json\/wp\/v2\/product"}],"about":[{"href":"https:\/\/tourtravelandmore.com\/fr\/wp-json\/wp\/v2\/types\/product"}],"replies":[{"embeddable":true,"href":"https:\/\/tourtravelandmore.com\/fr\/wp-json\/wp\/v2\/comments?post=101681"}],"wp:featuredmedia":[{"embeddable":true,"href":"https:\/\/tourtravelandmore.com\/fr\/wp-json\/wp\/v2\/media\/94726"}],"wp:attachment":[{"href":"https:\/\/tourtravelandmore.com\/fr\/wp-json\/wp\/v2\/media?parent=101681"}],"wp:term":[{"taxonomy":"product_brand","embeddable":true,"href":"https:\/\/tourtravelandmore.com\/fr\/wp-json\/wp\/v2\/product_brand?post=101681"},{"taxonomy":"product_cat","embeddable":true,"href":"https:\/\/tourtravelandmore.com\/fr\/wp-json\/wp\/v2\/product_cat?post=101681"},{"taxonomy":"product_tag","embeddable":true,"href":"https:\/\/tourtravelandmore.com\/fr\/wp-json\/wp\/v2\/product_tag?post=101681"}],"curies":[{"name":"wp","href":"https:\/\/api.w.org\/{rel}","templated":true}]}}