{"id":101675,"date":"2018-02-27T15:31:16","date_gmt":"2018-02-27T14:31:16","guid":{"rendered":"https:\/\/tourtravelandmore.com\/tours\/non%20class\u00e9\/visite-privee-de-pompei-dherculanum-et-du-vesuve-au-depart-de-naples\/"},"modified":"2024-08-21T17:25:53","modified_gmt":"2024-08-21T15:25:53","slug":"visite-privee-de-pompei-dherculanum-et-du-vesuve-au-depart-de-naples","status":"publish","type":"product","link":"https:\/\/tourtravelandmore.com\/fr\/tours\/italie-fr\/naplespompei-fr\/all-private-tours-activities-fr-7-naplespompei-fr\/visite-privee-de-pompei-dherculanum-et-du-vesuve-au-depart-de-naples\/","title":{"rendered":"Visite priv\u00e9e de Pomp\u00e9i, d&#8217;Herculanum et du V\u00e9suve au d\u00e9part de Naples"},"content":{"rendered":"<h2><b>Visite priv\u00e9e de Pomp\u00e9i Description :<\/b><\/h2>\n<p><span style=\"font-weight: 400;\">Embarquez pour une visite priv\u00e9e compl\u00e8te de 8 heures de Pomp\u00e9i, Herculanum et du Mont V\u00e9suve depuis Naples, un voyage \u00e0 travers l&#8217;histoire, l&#8217;arch\u00e9ologie et la beaut\u00e9 naturelle. L&#8217;excursion commence par une prise en charge pratique dans un v\u00e9hicule luxueux depuis le lieu de votre choix \u00e0 Naples.<\/span><\/p>\n<p><span style=\"font-weight: 400;\">L&#8217;excursion d\u00e9voile les merveilles du mont V\u00e9suve, le c\u00e9l\u00e8bre volcan qui a d\u00e9termin\u00e9 le destin de Pomp\u00e9i et d&#8217;Herculanum en 79 apr\u00e8s J.-C. D\u00e9couvrez les histoires intrigantes de ces anciennes villes, pr\u00e9serv\u00e9es sous les cendres volcaniques, qui offrent un aper\u00e7u unique de la vie et de la civilisation romaines.<\/span><\/p>\n<p><span style=\"font-weight: 400;\">L&#8217;exploration des tr\u00e9sors arch\u00e9ologiques de Pomp\u00e9i, notamment l&#8217;amphith\u00e9\u00e2tre romain bien pr\u00e9serv\u00e9, le sanctuaire de Pomp\u00e9i, le forum et la maison de M\u00e9nandre, entre autres, constitue l&#8217;un des points forts de cette visite. Votre guide bien inform\u00e9 vous r\u00e9v\u00e8lera les secrets de ces sites historiques, vous garantissant une exp\u00e9rience immersive.<\/span><\/p>\n<p><span style=\"font-weight: 400;\">Le voyage se poursuit \u00e0 Herculanum, o\u00f9 sont expos\u00e9es les luxueuses villas de l&#8217;\u00e9lite romaine. \u00c9merveillez-vous devant les r\u00e9sidences richement orn\u00e9es qui illustrent le mode de vie de la noblesse romaine de l&#8217;Antiquit\u00e9.<\/span><\/p>\n<p><span style=\"font-weight: 400;\">Lors de l&#8217;ascension du mont V\u00e9suve, vous vivrez l&#8217;\u00e9motion de marcher jusqu&#8217;\u00e0 son sommet en groupe, sous la conduite d&#8217;un guide comp\u00e9tent. La vue depuis le sommet offre un panorama \u00e9poustouflant de la baie de Naples et permet de mieux comprendre cette merveille g\u00e9ologique.<\/span><\/p>\n<p><span style=\"font-weight: 400;\">\u00c0 la fin de l&#8217;excursion, votre chauffeur priv\u00e9 assurera un retour confortable \u00e0 votre h\u00f4tel ou au port de croisi\u00e8re de Naples. Cette visite priv\u00e9e est enti\u00e8rement personnalisable en fonction de vos pr\u00e9f\u00e9rences, ce qui vous garantit une exp\u00e9rience personnalis\u00e9e de ces merveilles historiques.<\/span><\/p>\n<p><span style=\"font-weight: 400;\">Ce circuit offre non seulement une plong\u00e9e dans l&#8217;histoire ancienne, mais aussi l&#8217;occasion de d\u00e9couvrir des paysages \u00e9poustouflants. En vous d\u00e9pla\u00e7ant entre les sites, vous appr\u00e9cierez la beaut\u00e9 de la campagne italienne et de la baie de Naples. D\u00e9couvrez l&#8217;impact de l&#8217;\u00e9ruption du V\u00e9suve sur les communaut\u00e9s locales et les \u00e9cosyst\u00e8mes, ajoutant une perspective environnementale poignante \u00e0 votre voyage historique. Votre v\u00e9hicule priv\u00e9 confortable garantit une exp\u00e9rience d\u00e9tendue et agr\u00e9able, vous permettant d&#8217;absorber la riche tapisserie de l&#8217;histoire, de la culture et de la nature \u00e0 votre propre rythme. Ce circuit est id\u00e9al pour les familles, les passionn\u00e9s d&#8217;histoire ou toute personne souhaitant explorer ces sites l\u00e9gendaires en profondeur et dans le confort.<\/span><\/p>\n<h2><b>Visite priv\u00e9e de Pomp\u00e9i Points forts :<\/b><\/h2>\n<ul>\n<li style=\"font-weight: 400;\" aria-level=\"1\"><b>Pomp\u00e9i : <\/b><span style=\"font-weight: 400;\">Explorez la ville antique avec ses sites arch\u00e9ologiques importants et son histoire captivante.<\/span><\/li>\n<li style=\"font-weight: 400;\" aria-level=\"1\"><b>Herculanum :<\/b><span style=\"font-weight: 400;\"> D\u00e9couvrez le style de vie luxueux de l&#8217;\u00e9lite romaine \u00e0 travers les villas pr\u00e9serv\u00e9es de la ville.<\/span><\/li>\n<li style=\"font-weight: 400;\" aria-level=\"1\"><b>Mont V\u00e9suve :<\/b><span style=\"font-weight: 400;\"> Faites l&#8217;exp\u00e9rience de l&#8217;ascension de ce volcan actif, qui offre des vues panoramiques et un aper\u00e7u g\u00e9ologique unique.<\/span><\/li>\n<li style=\"font-weight: 400;\" aria-level=\"1\"><b>Voyage sur mesure :<\/b><span style=\"font-weight: 400;\"> Personnalisez le circuit en fonction de vos int\u00e9r\u00eats pour une exp\u00e9rience unique et personnelle.<\/span><\/li>\n<li style=\"font-weight: 400;\" aria-level=\"1\"><b>Conseils d&#8217;experts :<\/b><span style=\"font-weight: 400;\"> Apprenez avec des guides agr\u00e9\u00e9s et professionnels qui connaissent parfaitement l&#8217;histoire et l&#8217;arch\u00e9ologie des sites.<\/span><\/li>\n<li style=\"font-weight: 400;\" aria-level=\"1\"><b>Merveilles architecturales :<\/b><span style=\"font-weight: 400;\"> D\u00e9couvrez l&#8217;ing\u00e9niosit\u00e9 architecturale de Pomp\u00e9i, de la grandeur de ses b\u00e2timents publics \u00e0 la complexit\u00e9 de ses maisons d&#8217;habitation.<\/span><\/li>\n<li style=\"font-weight: 400;\" aria-level=\"1\"><b>Aper\u00e7us culturels : <\/b><span style=\"font-weight: 400;\">D\u00e9couvrez la vie quotidienne, les coutumes et l&#8217;art des anciens Romains \u00e0 travers les rues et les maisons pr\u00e9serv\u00e9es de Pomp\u00e9i.<\/span><\/li>\n<li style=\"font-weight: 400;\" aria-level=\"1\"><b>Exp\u00e9riences interactives :<\/b><span style=\"font-weight: 400;\"> Participez aux expositions interactives et aux reconstitutions virtuelles \u00e0 Pomp\u00e9i, pour donner vie \u00e0 l&#8217;histoire.<\/span><\/li>\n<li style=\"font-weight: 400;\" aria-level=\"1\"><b>Un environnement pittoresque :<\/b><span style=\"font-weight: 400;\"> Profitez de l&#8217;arri\u00e8re-plan pittoresque de la baie de Naples, qui ajoute une dimension pittoresque \u00e0 l&#8217;exploration historique.<\/span><\/li>\n<li style=\"font-weight: 400;\" aria-level=\"1\"><b>Opportunit\u00e9s photographiques :<\/b><span style=\"font-weight: 400;\"> Immortalisez des moments inoubliables parmi les ruines et cr\u00e9ez des souvenirs durables de votre visite.<\/span><\/li>\n<\/ul>\n<p><span style=\"font-weight: 400;\">Pr\u00eat \u00e0 plonger dans le monde antique de Pomp\u00e9i, d&#8217;Herculanum et du mont V\u00e9suve ? Ne manquez pas cette occasion d&#8217;explorer ces sites historiques embl\u00e9matiques avec un guide expert. R\u00e9servez d\u00e8s aujourd&#8217;hui votre excursion priv\u00e9e au d\u00e9part de Naples et remontez le temps pour d\u00e9couvrir les myst\u00e8res et les merveilles de l&#8217;\u00e9poque romaine. Que vous soyez passionn\u00e9 d&#8217;histoire, d&#8217;arch\u00e9ologie ou simplement \u00e0 la recherche d&#8217;une aventure unique, cette visite vous promet une exp\u00e9rience inoubliable.<\/span><a href=\"https:\/\/tourtravelandmore.com\/fr\/city\/italie-fr\/naplespompei-fr\/\"><span style=\"font-weight: 400;\"> Contactez Tour Travel &amp; More d\u00e8s maintenant pour r\u00e9server votre voyage dans l&#8217;histoire !<\/span><\/a><\/p>\n<p><em>Note : Le guide n&#8217;est pr\u00e9sent qu&#8217;\u00e0 Pomp\u00e9i et Herculanum : Le guide n&#8217;est pr\u00e9sent qu&#8217;\u00e0 Pomp\u00e9i et Herculanum, au V\u00e9suve ils ne vont qu&#8217;avec le chauffeur car ils ont un guide inclus dans le billet, ils n&#8217;autorisent pas les guides externes.<\/em><\/p>\n<div id=\"gtx-trans\" style=\"position: absolute; left: -50px; top: 1344.66px;\">\n<div class=\"gtx-trans-icon\"><\/div>\n<\/div>\n","protected":false},"excerpt":{"rendered":"<p><span style=\"font-weight: 400;\">D\u00e9couvrez les profondeurs historiques de Pomp\u00e9i, d&#8217;Herculanum et du mont V\u00e9suve lors de cette excursion priv\u00e9e exclusive au d\u00e9part de Naples. Plongez dans l&#8217;histoire de la Rome antique, admirez les ruines pr\u00e9serv\u00e9es et faites l&#8217;exp\u00e9rience de la grandeur du V\u00e9suve.\u00a0<\/span><\/p>\n<div id=\"gtx-trans\" style=\"position: absolute; left: 14px; top: 86px;\">\n<div class=\"gtx-trans-icon\"><\/div>\n<\/div>\n","protected":false},"featured_media":94722,"comment_status":"open","ping_status":"closed","template":"","meta":{"_acf_changed":false},"product_brand":[],"product_cat":[4370,4372,4371,3551],"product_tag":[],"class_list":{"0":"post-101675","1":"product","2":"type-product","3":"status-publish","4":"has-post-thumbnail","6":"product_cat-all-private-tours-activities-fr-7-naplespompei-fr","7":"product_cat-private-shore-excursions-fr-8-naplespompei-fr","8":"product_cat-private-sightseeing-tours-fr-7-naplespompei-fr","9":"product_cat-naplespompei-fr","11":"first","12":"instock","13":"shipping-taxable","14":"purchasable","15":"product-type-simple"},"acf":[],"yoast_head":"<!-- This site is optimized with the Yoast SEO Premium plugin v25.3.1 (Yoast SEO v25.3.1) - https:\/\/yoast.com\/wordpress\/plugins\/seo\/ -->\n<title>\u27a1\ufe0f Visite priv\u00e9e de Pomp\u00e9i, Herculanum et du V\u00e9suve : Un voyage historique depuis Naples<\/title>\n<meta name=\"description\" content=\"Explorez les merveilles antiques de Pomp\u00e9i et d&#039;Herculanum et faites l&#039;ascension du mont V\u00e9suve lors d&#039;une visite priv\u00e9e de 8 heures au d\u00e9part de Naples \u2705\" \/>\n<meta name=\"robots\" content=\"index, follow, max-snippet:-1, max-image-preview:large, max-video-preview:-1\" \/>\n<link rel=\"canonical\" href=\"https:\/\/tourtravelandmore.com\/fr\/tours\/italie-fr\/naplespompei-fr\/all-private-tours-activities-fr-7-naplespompei-fr\/visite-privee-de-pompei-dherculanum-et-du-vesuve-au-depart-de-naples\/\" \/>\n<meta property=\"og:locale\" content=\"fr_FR\" \/>\n<meta property=\"og:type\" content=\"article\" \/>\n<meta property=\"og:title\" content=\"Visite priv\u00e9e de Pomp\u00e9i, d&#039;Herculanum et du V\u00e9suve au d\u00e9part de Naples\" \/>\n<meta property=\"og:description\" content=\"Explorez les merveilles antiques de Pomp\u00e9i et d&#039;Herculanum et faites l&#039;ascension du mont V\u00e9suve lors d&#039;une visite priv\u00e9e de 8 heures au d\u00e9part de Naples \u2705\" \/>\n<meta property=\"og:url\" content=\"https:\/\/tourtravelandmore.com\/fr\/tours\/italie-fr\/naplespompei-fr\/all-private-tours-activities-fr-7-naplespompei-fr\/visite-privee-de-pompei-dherculanum-et-du-vesuve-au-depart-de-naples\/\" \/>\n<meta property=\"og:site_name\" content=\"Tour Travel And More\" \/>\n<meta property=\"article:publisher\" content=\"https:\/\/www.facebook.com\/tourtravelandmore\/\" \/>\n<meta property=\"article:modified_time\" content=\"2024-08-21T15:25:53+00:00\" \/>\n<meta property=\"og:image\" content=\"https:\/\/tourtravelandmore.com\/wp-content\/uploads\/2018\/02\/herculaneum.jpg\" \/>\n\t<meta property=\"og:image:width\" content=\"1024\" \/>\n\t<meta property=\"og:image:height\" content=\"462\" \/>\n\t<meta property=\"og:image:type\" content=\"image\/jpeg\" \/>\n<meta name=\"twitter:card\" content=\"summary_large_image\" \/>\n<meta name=\"twitter:site\" content=\"@TourTravel_More\" \/>\n<meta name=\"twitter:label1\" content=\"Dur\u00e9e de lecture estim\u00e9e\" \/>\n\t<meta name=\"twitter:data1\" content=\"4 minutes\" \/>\n<script type=\"application\/ld+json\" class=\"yoast-schema-graph\">{\"@context\":\"https:\/\/schema.org\",\"@graph\":[{\"@type\":\"WebPage\",\"@id\":\"https:\/\/tourtravelandmore.com\/fr\/tours\/italie-fr\/naplespompei-fr\/all-private-tours-activities-fr-7-naplespompei-fr\/visite-privee-de-pompei-dherculanum-et-du-vesuve-au-depart-de-naples\/\",\"url\":\"https:\/\/tourtravelandmore.com\/fr\/tours\/italie-fr\/naplespompei-fr\/all-private-tours-activities-fr-7-naplespompei-fr\/visite-privee-de-pompei-dherculanum-et-du-vesuve-au-depart-de-naples\/\",\"name\":\"\u27a1\ufe0f Visite priv\u00e9e de Pomp\u00e9i, Herculanum et du V\u00e9suve : Un voyage historique depuis Naples\",\"isPartOf\":{\"@id\":\"https:\/\/tourtravelandmore.com\/fr\/#website\"},\"primaryImageOfPage\":{\"@id\":\"https:\/\/tourtravelandmore.com\/fr\/tours\/italie-fr\/naplespompei-fr\/all-private-tours-activities-fr-7-naplespompei-fr\/visite-privee-de-pompei-dherculanum-et-du-vesuve-au-depart-de-naples\/#primaryimage\"},\"image\":{\"@id\":\"https:\/\/tourtravelandmore.com\/fr\/tours\/italie-fr\/naplespompei-fr\/all-private-tours-activities-fr-7-naplespompei-fr\/visite-privee-de-pompei-dherculanum-et-du-vesuve-au-depart-de-naples\/#primaryimage\"},\"thumbnailUrl\":\"https:\/\/tourtravelandmore.com\/wp-content\/uploads\/2018\/02\/herculaneum.jpg\",\"datePublished\":\"2018-02-27T14:31:16+00:00\",\"dateModified\":\"2024-08-21T15:25:53+00:00\",\"description\":\"Explorez les merveilles antiques de Pomp\u00e9i et d'Herculanum et faites l'ascension du mont V\u00e9suve lors d'une visite priv\u00e9e de 8 heures au d\u00e9part de Naples \u2705\",\"breadcrumb\":{\"@id\":\"https:\/\/tourtravelandmore.com\/fr\/tours\/italie-fr\/naplespompei-fr\/all-private-tours-activities-fr-7-naplespompei-fr\/visite-privee-de-pompei-dherculanum-et-du-vesuve-au-depart-de-naples\/#breadcrumb\"},\"inLanguage\":\"fr-FR\",\"potentialAction\":[{\"@type\":\"ReadAction\",\"target\":[\"https:\/\/tourtravelandmore.com\/fr\/tours\/italie-fr\/naplespompei-fr\/all-private-tours-activities-fr-7-naplespompei-fr\/visite-privee-de-pompei-dherculanum-et-du-vesuve-au-depart-de-naples\/\"]}]},{\"@type\":\"ImageObject\",\"inLanguage\":\"fr-FR\",\"@id\":\"https:\/\/tourtravelandmore.com\/fr\/tours\/italie-fr\/naplespompei-fr\/all-private-tours-activities-fr-7-naplespompei-fr\/visite-privee-de-pompei-dherculanum-et-du-vesuve-au-depart-de-naples\/#primaryimage\",\"url\":\"https:\/\/tourtravelandmore.com\/wp-content\/uploads\/2018\/02\/herculaneum.jpg\",\"contentUrl\":\"https:\/\/tourtravelandmore.com\/wp-content\/uploads\/2018\/02\/herculaneum.jpg\",\"width\":1024,\"height\":462},{\"@type\":\"BreadcrumbList\",\"@id\":\"https:\/\/tourtravelandmore.com\/fr\/tours\/italie-fr\/naplespompei-fr\/all-private-tours-activities-fr-7-naplespompei-fr\/visite-privee-de-pompei-dherculanum-et-du-vesuve-au-depart-de-naples\/#breadcrumb\",\"itemListElement\":[{\"@type\":\"ListItem\",\"position\":1,\"name\":\"Home\",\"item\":\"https:\/\/tourtravelandmore.com\/fr\/\"},{\"@type\":\"ListItem\",\"position\":2,\"name\":\"Tours\",\"item\":\"https:\/\/tourtravelandmore.com\/fr\/tours\/\"},{\"@type\":\"ListItem\",\"position\":3,\"name\":\"Visite priv\u00e9e de Pomp\u00e9i, d&#8217;Herculanum et du V\u00e9suve au d\u00e9part de Naples\"}]},{\"@type\":\"WebSite\",\"@id\":\"https:\/\/tourtravelandmore.com\/fr\/#website\",\"url\":\"https:\/\/tourtravelandmore.com\/fr\/\",\"name\":\"Tour Travel And More\",\"description\":\"Private sightseeing tours and luxury transfers in Spain\",\"publisher\":{\"@id\":\"https:\/\/tourtravelandmore.com\/fr\/#organization\"},\"potentialAction\":[{\"@type\":\"SearchAction\",\"target\":{\"@type\":\"EntryPoint\",\"urlTemplate\":\"https:\/\/tourtravelandmore.com\/fr\/?s={search_term_string}\"},\"query-input\":{\"@type\":\"PropertyValueSpecification\",\"valueRequired\":true,\"valueName\":\"search_term_string\"}}],\"inLanguage\":\"fr-FR\"},{\"@type\":\"Organization\",\"@id\":\"https:\/\/tourtravelandmore.com\/fr\/#organization\",\"name\":\"Tour Travel And More\",\"url\":\"https:\/\/tourtravelandmore.com\/fr\/\",\"logo\":{\"@type\":\"ImageObject\",\"inLanguage\":\"fr-FR\",\"@id\":\"https:\/\/tourtravelandmore.com\/fr\/#\/schema\/logo\/image\/\",\"url\":\"https:\/\/tourtravelandmore.com\/wp-content\/uploads\/2022\/12\/cropped-logo-cabecera-new.png\",\"contentUrl\":\"https:\/\/tourtravelandmore.com\/wp-content\/uploads\/2022\/12\/cropped-logo-cabecera-new.png\",\"width\":430,\"height\":61,\"caption\":\"Tour Travel And More\"},\"image\":{\"@id\":\"https:\/\/tourtravelandmore.com\/fr\/#\/schema\/logo\/image\/\"},\"sameAs\":[\"https:\/\/www.facebook.com\/tourtravelandmore\/\",\"https:\/\/x.com\/TourTravel_More\"]}]}<\/script>\n<!-- \/ Yoast SEO Premium plugin. -->","yoast_head_json":{"title":"\u27a1\ufe0f Visite priv\u00e9e de Pomp\u00e9i, Herculanum et du V\u00e9suve : Un voyage historique depuis Naples","description":"Explorez les merveilles antiques de Pomp\u00e9i et d'Herculanum et faites l'ascension du mont V\u00e9suve lors d'une visite priv\u00e9e de 8 heures au d\u00e9part de Naples \u2705","robots":{"index":"index","follow":"follow","max-snippet":"max-snippet:-1","max-image-preview":"max-image-preview:large","max-video-preview":"max-video-preview:-1"},"canonical":"https:\/\/tourtravelandmore.com\/fr\/tours\/italie-fr\/naplespompei-fr\/all-private-tours-activities-fr-7-naplespompei-fr\/visite-privee-de-pompei-dherculanum-et-du-vesuve-au-depart-de-naples\/","og_locale":"fr_FR","og_type":"article","og_title":"Visite priv\u00e9e de Pomp\u00e9i, d'Herculanum et du V\u00e9suve au d\u00e9part de Naples","og_description":"Explorez les merveilles antiques de Pomp\u00e9i et d'Herculanum et faites l'ascension du mont V\u00e9suve lors d'une visite priv\u00e9e de 8 heures au d\u00e9part de Naples \u2705","og_url":"https:\/\/tourtravelandmore.com\/fr\/tours\/italie-fr\/naplespompei-fr\/all-private-tours-activities-fr-7-naplespompei-fr\/visite-privee-de-pompei-dherculanum-et-du-vesuve-au-depart-de-naples\/","og_site_name":"Tour Travel And More","article_publisher":"https:\/\/www.facebook.com\/tourtravelandmore\/","article_modified_time":"2024-08-21T15:25:53+00:00","og_image":[{"width":1024,"height":462,"url":"https:\/\/tourtravelandmore.com\/wp-content\/uploads\/2018\/02\/herculaneum.jpg","type":"image\/jpeg"}],"twitter_card":"summary_large_image","twitter_site":"@TourTravel_More","twitter_misc":{"Dur\u00e9e de lecture estim\u00e9e":"4 minutes"},"schema":{"@context":"https:\/\/schema.org","@graph":[{"@type":"WebPage","@id":"https:\/\/tourtravelandmore.com\/fr\/tours\/italie-fr\/naplespompei-fr\/all-private-tours-activities-fr-7-naplespompei-fr\/visite-privee-de-pompei-dherculanum-et-du-vesuve-au-depart-de-naples\/","url":"https:\/\/tourtravelandmore.com\/fr\/tours\/italie-fr\/naplespompei-fr\/all-private-tours-activities-fr-7-naplespompei-fr\/visite-privee-de-pompei-dherculanum-et-du-vesuve-au-depart-de-naples\/","name":"\u27a1\ufe0f Visite priv\u00e9e de Pomp\u00e9i, Herculanum et du V\u00e9suve : Un voyage historique depuis Naples","isPartOf":{"@id":"https:\/\/tourtravelandmore.com\/fr\/#website"},"primaryImageOfPage":{"@id":"https:\/\/tourtravelandmore.com\/fr\/tours\/italie-fr\/naplespompei-fr\/all-private-tours-activities-fr-7-naplespompei-fr\/visite-privee-de-pompei-dherculanum-et-du-vesuve-au-depart-de-naples\/#primaryimage"},"image":{"@id":"https:\/\/tourtravelandmore.com\/fr\/tours\/italie-fr\/naplespompei-fr\/all-private-tours-activities-fr-7-naplespompei-fr\/visite-privee-de-pompei-dherculanum-et-du-vesuve-au-depart-de-naples\/#primaryimage"},"thumbnailUrl":"https:\/\/tourtravelandmore.com\/wp-content\/uploads\/2018\/02\/herculaneum.jpg","datePublished":"2018-02-27T14:31:16+00:00","dateModified":"2024-08-21T15:25:53+00:00","description":"Explorez les merveilles antiques de Pomp\u00e9i et d'Herculanum et faites l'ascension du mont V\u00e9suve lors d'une visite priv\u00e9e de 8 heures au d\u00e9part de Naples \u2705","breadcrumb":{"@id":"https:\/\/tourtravelandmore.com\/fr\/tours\/italie-fr\/naplespompei-fr\/all-private-tours-activities-fr-7-naplespompei-fr\/visite-privee-de-pompei-dherculanum-et-du-vesuve-au-depart-de-naples\/#breadcrumb"},"inLanguage":"fr-FR","potentialAction":[{"@type":"ReadAction","target":["https:\/\/tourtravelandmore.com\/fr\/tours\/italie-fr\/naplespompei-fr\/all-private-tours-activities-fr-7-naplespompei-fr\/visite-privee-de-pompei-dherculanum-et-du-vesuve-au-depart-de-naples\/"]}]},{"@type":"ImageObject","inLanguage":"fr-FR","@id":"https:\/\/tourtravelandmore.com\/fr\/tours\/italie-fr\/naplespompei-fr\/all-private-tours-activities-fr-7-naplespompei-fr\/visite-privee-de-pompei-dherculanum-et-du-vesuve-au-depart-de-naples\/#primaryimage","url":"https:\/\/tourtravelandmore.com\/wp-content\/uploads\/2018\/02\/herculaneum.jpg","contentUrl":"https:\/\/tourtravelandmore.com\/wp-content\/uploads\/2018\/02\/herculaneum.jpg","width":1024,"height":462},{"@type":"BreadcrumbList","@id":"https:\/\/tourtravelandmore.com\/fr\/tours\/italie-fr\/naplespompei-fr\/all-private-tours-activities-fr-7-naplespompei-fr\/visite-privee-de-pompei-dherculanum-et-du-vesuve-au-depart-de-naples\/#breadcrumb","itemListElement":[{"@type":"ListItem","position":1,"name":"Home","item":"https:\/\/tourtravelandmore.com\/fr\/"},{"@type":"ListItem","position":2,"name":"Tours","item":"https:\/\/tourtravelandmore.com\/fr\/tours\/"},{"@type":"ListItem","position":3,"name":"Visite priv\u00e9e de Pomp\u00e9i, d&#8217;Herculanum et du V\u00e9suve au d\u00e9part de Naples"}]},{"@type":"WebSite","@id":"https:\/\/tourtravelandmore.com\/fr\/#website","url":"https:\/\/tourtravelandmore.com\/fr\/","name":"Tour Travel And More","description":"Private sightseeing tours and luxury transfers in Spain","publisher":{"@id":"https:\/\/tourtravelandmore.com\/fr\/#organization"},"potentialAction":[{"@type":"SearchAction","target":{"@type":"EntryPoint","urlTemplate":"https:\/\/tourtravelandmore.com\/fr\/?s={search_term_string}"},"query-input":{"@type":"PropertyValueSpecification","valueRequired":true,"valueName":"search_term_string"}}],"inLanguage":"fr-FR"},{"@type":"Organization","@id":"https:\/\/tourtravelandmore.com\/fr\/#organization","name":"Tour Travel And More","url":"https:\/\/tourtravelandmore.com\/fr\/","logo":{"@type":"ImageObject","inLanguage":"fr-FR","@id":"https:\/\/tourtravelandmore.com\/fr\/#\/schema\/logo\/image\/","url":"https:\/\/tourtravelandmore.com\/wp-content\/uploads\/2022\/12\/cropped-logo-cabecera-new.png","contentUrl":"https:\/\/tourtravelandmore.com\/wp-content\/uploads\/2022\/12\/cropped-logo-cabecera-new.png","width":430,"height":61,"caption":"Tour Travel And More"},"image":{"@id":"https:\/\/tourtravelandmore.com\/fr\/#\/schema\/logo\/image\/"},"sameAs":["https:\/\/www.facebook.com\/tourtravelandmore\/","https:\/\/x.com\/TourTravel_More"]}]}},"_links":{"self":[{"href":"https:\/\/tourtravelandmore.com\/fr\/wp-json\/wp\/v2\/product\/101675","targetHints":{"allow":["GET"]}}],"collection":[{"href":"https:\/\/tourtravelandmore.com\/fr\/wp-json\/wp\/v2\/product"}],"about":[{"href":"https:\/\/tourtravelandmore.com\/fr\/wp-json\/wp\/v2\/types\/product"}],"replies":[{"embeddable":true,"href":"https:\/\/tourtravelandmore.com\/fr\/wp-json\/wp\/v2\/comments?post=101675"}],"wp:featuredmedia":[{"embeddable":true,"href":"https:\/\/tourtravelandmore.com\/fr\/wp-json\/wp\/v2\/media\/94722"}],"wp:attachment":[{"href":"https:\/\/tourtravelandmore.com\/fr\/wp-json\/wp\/v2\/media?parent=101675"}],"wp:term":[{"taxonomy":"product_brand","embeddable":true,"href":"https:\/\/tourtravelandmore.com\/fr\/wp-json\/wp\/v2\/product_brand?post=101675"},{"taxonomy":"product_cat","embeddable":true,"href":"https:\/\/tourtravelandmore.com\/fr\/wp-json\/wp\/v2\/product_cat?post=101675"},{"taxonomy":"product_tag","embeddable":true,"href":"https:\/\/tourtravelandmore.com\/fr\/wp-json\/wp\/v2\/product_tag?post=101675"}],"curies":[{"name":"wp","href":"https:\/\/api.w.org\/{rel}","templated":true}]}}