{"id":101669,"date":"2018-02-27T13:39:48","date_gmt":"2018-02-27T12:39:48","guid":{"rendered":"https:\/\/tourtravelandmore.com\/tours\/non%20class\u00e9\/excursion-dune-journee-sur-la-cote-amalfitaine-au-depart-de-naples-visite-privee-dune-journee\/"},"modified":"2024-08-21T17:25:51","modified_gmt":"2024-08-21T15:25:51","slug":"excursion-dune-journee-sur-la-cote-amalfitaine-au-depart-de-naples-visite-privee-dune-journee","status":"publish","type":"product","link":"https:\/\/tourtravelandmore.com\/fr\/tours\/italie-fr\/naplespompei-fr\/all-private-tours-activities-fr-7-naplespompei-fr\/excursion-dune-journee-sur-la-cote-amalfitaine-au-depart-de-naples-visite-privee-dune-journee\/","title":{"rendered":"Excursion d&#8217;une journ\u00e9e sur la c\u00f4te amalfitaine au d\u00e9part de Naples &#8211; Visite priv\u00e9e d&#8217;une journ\u00e9e"},"content":{"rendered":"<h2><b>Excursion d&#8217;une journ\u00e9e sur la c\u00f4te amalfitaine au d\u00e9part de Naples Description :<\/b><\/h2>\n<p><span style=\"font-weight: 400;\">D\u00e9couvrez la beaut\u00e9 in\u00e9gal\u00e9e de la C\u00f4te Amalfitaine lors de cette excursion priv\u00e9e exclusive d&#8217;une journ\u00e9e au d\u00e9part de Naples, votre porte d&#8217;entr\u00e9e vers les merveilles de ce site class\u00e9 au patrimoine mondial de l&#8217;UNESCO. Cette excursion vous offre le confort et le luxe de voyager dans un v\u00e9hicule priv\u00e9, conduit par un chauffeur expert qui conna\u00eet tous les itin\u00e9raires pittoresques et les joyaux cach\u00e9s de la c\u00f4te.<\/span><\/p>\n<p><span style=\"font-weight: 400;\">Naples, la vibrante capitale r\u00e9gionale de la Campanie, elle-m\u00eame class\u00e9e au patrimoine mondial de l&#8217;UNESCO, est le point de d\u00e9part de votre voyage sur la c\u00f4te amalfitaine. Cette c\u00f4te, c\u00e9l\u00e8bre pour ses couleurs \u00e9clatantes, ses citronniers odorants et ses villages pittoresques, comprend 13 villes uniques, chacune ayant son caract\u00e8re et son charme propres.<\/span><\/p>\n<p><span style=\"font-weight: 400;\">Lors de cette excursion, pr\u00e9parez-vous \u00e0 \u00eatre captiv\u00e9 par les vues panoramiques les plus \u00e9tonnantes, les plages immacul\u00e9es et les villages pittoresques de la c\u00f4te amalfitaine. Que vous soyez \u00e0 la recherche d&#8217;une escapade romantique, d&#8217;une exploration culturelle ou simplement de la beaut\u00e9 de l&#8217;une des c\u00f4tes les plus c\u00e9l\u00e8bres d&#8217;Italie, ce circuit est parfait pour vous.<\/span><\/p>\n<p><span style=\"font-weight: 400;\">Nous offrons la possibilit\u00e9 d&#8217;inclure un guide officiel priv\u00e9 pour toute la dur\u00e9e de l&#8217;excursion. Nos guides sont des experts multilingues d\u00e9sireux de partager leurs vastes connaissances et de faire en sorte que votre exp\u00e9rience soit \u00e0 la fois instructive et captivante.<\/span><\/p>\n<p><span style=\"font-weight: 400;\">La prise en charge et le retour peuvent \u00eatre organis\u00e9s depuis votre h\u00f4tel \u00e0 Naples, le port de croisi\u00e8re ou m\u00eame l&#8217;a\u00e9roport, en fonction de vos besoins personnels et de votre emploi du temps. Laissez-nous nous occuper des d\u00e9tails pendant que vous vous d\u00e9tendez et profitez des paysages \u00e0 couper le souffle de la c\u00f4te amalfitaine.<\/span><\/p>\n<h2><b>Excursion d&#8217;une journ\u00e9e sur la c\u00f4te amalfitaine depuis Naples | Points d&#8217;int\u00e9r\u00eat et monuments :<\/b><\/h2>\n<p><span style=\"font-weight: 400;\">Votre journ\u00e9e commence par une prise en charge personnelle par votre chauffeur priv\u00e9 et, si vous le souhaitez, par votre guide officiel, \u00e0 partir de l&#8217;endroit de votre choix \u00e0 Naples.<\/span><\/p>\n<ul>\n<li style=\"font-weight: 400;\" aria-level=\"1\"><b>Positano : <\/b><span style=\"font-weight: 400;\">La premi\u00e8re \u00e9tape est Positano, un \u00e9tonnant village \u00e0 flanc de falaise connu pour son architecture vibrante et ses rues pittoresques. Vous pourrez vous promener sur le c\u00e9l\u00e8bre sentier des Dieux, qui offre des vues incroyables sur la c\u00f4te.<\/span><\/li>\n<li style=\"font-weight: 400;\" aria-level=\"1\"><b>Amalfi <\/b><span style=\"font-weight: 400;\">: Visitez ensuite Amalfi, le c\u0153ur de la c\u00f4te. Explorez ses sites historiques, dont la magnifique cath\u00e9drale d&#8217;Amalfi, et profitez de l&#8217;atmosph\u00e8re anim\u00e9e de cette charmante ville.<\/span><\/li>\n<li style=\"font-weight: 400;\" aria-level=\"1\"><b>Ravello : <\/b><span style=\"font-weight: 400;\">Terminez votre visite \u00e0 Ravello, une ville exclusive et sereine situ\u00e9e au sommet d&#8217;une colline. Ravello est r\u00e9put\u00e9e pour ses jardins, ses vues \u00e0 couper le souffle et ses \u00e9v\u00e9nements culturels, ce qui en fait une destination incontournable de la c\u00f4te.<\/span><\/li>\n<\/ul>\n<p><span style=\"font-weight: 400;\">\u00c0 la fin de votre visite, votre chauffeur vous assurera un retour confortable \u00e0 Naples. Cette excursion d&#8217;une journ\u00e9e offre suffisamment de temps pour un d\u00e9licieux d\u00e9jeuner dans un restaurant c\u00f4tier, o\u00f9 vous pourrez go\u00fbter aux sp\u00e9cialit\u00e9s culinaires de la r\u00e9gion.<\/span><\/p>\n<p><a href=\"https:\/\/tourtravelandmore.com\/fr\/city\/italie-fr\/naplespompei-fr\/\"><span style=\"font-weight: 400;\">Pr\u00eat \u00e0 d\u00e9couvrir les splendeurs de la c\u00f4te amalfitaine ? <\/span><\/a><span style=\"font-weight: 400;\">R\u00e9servez d\u00e8s aujourd&#8217;hui votre excursion d&#8217;une journ\u00e9e au d\u00e9part de Naples et plongez-vous dans la beaut\u00e9 \u00e9poustouflante et la riche histoire de cette c\u00f4te l\u00e9gendaire. Des rues pittoresques de Positano aux merveilles historiques d&#8217;Amalfi et \u00e0 l&#8217;\u00e9l\u00e9gance sereine de Ravello, votre voyage promet d&#8217;\u00eatre aussi inoubliable qu&#8217;enchanteur.<\/span><\/p>\n","protected":false},"excerpt":{"rendered":"<p><span style=\"font-weight: 400;\">D\u00e9couvrez la magie de la c\u00f4te amalfitaine lors d&#8217;une excursion priv\u00e9e d&#8217;une journ\u00e9e au d\u00e9part de Naples. Visitez les villes enchanteresses de Positano, Amalfi et Ravello, avec le confort d&#8217;un v\u00e9hicule priv\u00e9 et l&#8217;option d&#8217;un guide expert.<\/span><\/p>\n<p>&nbsp;<\/p>\n","protected":false},"featured_media":94721,"comment_status":"open","ping_status":"closed","template":"","meta":{"_acf_changed":false},"product_brand":[],"product_cat":[4370,4372,4371,3551],"product_tag":[],"class_list":{"0":"post-101669","1":"product","2":"type-product","3":"status-publish","4":"has-post-thumbnail","6":"product_cat-all-private-tours-activities-fr-7-naplespompei-fr","7":"product_cat-private-shore-excursions-fr-8-naplespompei-fr","8":"product_cat-private-sightseeing-tours-fr-7-naplespompei-fr","9":"product_cat-naplespompei-fr","11":"first","12":"instock","13":"shipping-taxable","14":"purchasable","15":"product-type-simple"},"acf":[],"yoast_head":"<!-- This site is optimized with the Yoast SEO Premium plugin v25.3.1 (Yoast SEO v25.3.1) - https:\/\/yoast.com\/wordpress\/plugins\/seo\/ -->\n<title>\u27a1\ufe0f Explorer la c\u00f4te amalfitaine : Excursion exclusive d&#039;une journ\u00e9e au d\u00e9part de Naples<\/title>\n<meta name=\"description\" content=\"Embarquez pour une luxueuse excursion priv\u00e9e d&#039;une journ\u00e9e sur la c\u00f4te amalfitaine au d\u00e9part de Naples. D\u00e9couvrez Positano, Amalfi et Ravello avec la possibilit\u00e9 d&#039;avoir un guide personnel \u2705\" \/>\n<meta name=\"robots\" content=\"index, follow, max-snippet:-1, max-image-preview:large, max-video-preview:-1\" \/>\n<link rel=\"canonical\" href=\"https:\/\/tourtravelandmore.com\/fr\/tours\/italie-fr\/naplespompei-fr\/all-private-tours-activities-fr-7-naplespompei-fr\/excursion-dune-journee-sur-la-cote-amalfitaine-au-depart-de-naples-visite-privee-dune-journee\/\" \/>\n<meta property=\"og:locale\" content=\"fr_FR\" \/>\n<meta property=\"og:type\" content=\"article\" \/>\n<meta property=\"og:title\" content=\"Excursion d&#039;une journ\u00e9e sur la c\u00f4te amalfitaine au d\u00e9part de Naples - Visite priv\u00e9e d&#039;une journ\u00e9e\" \/>\n<meta property=\"og:description\" content=\"Embarquez pour une luxueuse excursion priv\u00e9e d&#039;une journ\u00e9e sur la c\u00f4te amalfitaine au d\u00e9part de Naples. D\u00e9couvrez Positano, Amalfi et Ravello avec la possibilit\u00e9 d&#039;avoir un guide personnel \u2705\" \/>\n<meta property=\"og:url\" content=\"https:\/\/tourtravelandmore.com\/fr\/tours\/italie-fr\/naplespompei-fr\/all-private-tours-activities-fr-7-naplespompei-fr\/excursion-dune-journee-sur-la-cote-amalfitaine-au-depart-de-naples-visite-privee-dune-journee\/\" \/>\n<meta property=\"og:site_name\" content=\"Tour Travel And More\" \/>\n<meta property=\"article:publisher\" content=\"https:\/\/www.facebook.com\/tourtravelandmore\/\" \/>\n<meta property=\"article:modified_time\" content=\"2024-08-21T15:25:51+00:00\" \/>\n<meta property=\"og:image\" content=\"https:\/\/tourtravelandmore.com\/wp-content\/uploads\/2018\/02\/ravello-amalfi.jpg\" \/>\n\t<meta property=\"og:image:width\" content=\"2000\" \/>\n\t<meta property=\"og:image:height\" content=\"1200\" \/>\n\t<meta property=\"og:image:type\" content=\"image\/jpeg\" \/>\n<meta name=\"twitter:card\" content=\"summary_large_image\" \/>\n<meta name=\"twitter:site\" content=\"@TourTravel_More\" \/>\n<meta name=\"twitter:label1\" content=\"Dur\u00e9e de lecture estim\u00e9e\" \/>\n\t<meta name=\"twitter:data1\" content=\"3 minutes\" \/>\n<script type=\"application\/ld+json\" class=\"yoast-schema-graph\">{\"@context\":\"https:\/\/schema.org\",\"@graph\":[{\"@type\":\"WebPage\",\"@id\":\"https:\/\/tourtravelandmore.com\/fr\/tours\/italie-fr\/naplespompei-fr\/all-private-tours-activities-fr-7-naplespompei-fr\/excursion-dune-journee-sur-la-cote-amalfitaine-au-depart-de-naples-visite-privee-dune-journee\/\",\"url\":\"https:\/\/tourtravelandmore.com\/fr\/tours\/italie-fr\/naplespompei-fr\/all-private-tours-activities-fr-7-naplespompei-fr\/excursion-dune-journee-sur-la-cote-amalfitaine-au-depart-de-naples-visite-privee-dune-journee\/\",\"name\":\"\u27a1\ufe0f Explorer la c\u00f4te amalfitaine : Excursion exclusive d'une journ\u00e9e au d\u00e9part de Naples\",\"isPartOf\":{\"@id\":\"https:\/\/tourtravelandmore.com\/fr\/#website\"},\"primaryImageOfPage\":{\"@id\":\"https:\/\/tourtravelandmore.com\/fr\/tours\/italie-fr\/naplespompei-fr\/all-private-tours-activities-fr-7-naplespompei-fr\/excursion-dune-journee-sur-la-cote-amalfitaine-au-depart-de-naples-visite-privee-dune-journee\/#primaryimage\"},\"image\":{\"@id\":\"https:\/\/tourtravelandmore.com\/fr\/tours\/italie-fr\/naplespompei-fr\/all-private-tours-activities-fr-7-naplespompei-fr\/excursion-dune-journee-sur-la-cote-amalfitaine-au-depart-de-naples-visite-privee-dune-journee\/#primaryimage\"},\"thumbnailUrl\":\"https:\/\/tourtravelandmore.com\/wp-content\/uploads\/2018\/02\/ravello-amalfi.jpg\",\"datePublished\":\"2018-02-27T12:39:48+00:00\",\"dateModified\":\"2024-08-21T15:25:51+00:00\",\"description\":\"Embarquez pour une luxueuse excursion priv\u00e9e d'une journ\u00e9e sur la c\u00f4te amalfitaine au d\u00e9part de Naples. D\u00e9couvrez Positano, Amalfi et Ravello avec la possibilit\u00e9 d'avoir un guide personnel \u2705\",\"breadcrumb\":{\"@id\":\"https:\/\/tourtravelandmore.com\/fr\/tours\/italie-fr\/naplespompei-fr\/all-private-tours-activities-fr-7-naplespompei-fr\/excursion-dune-journee-sur-la-cote-amalfitaine-au-depart-de-naples-visite-privee-dune-journee\/#breadcrumb\"},\"inLanguage\":\"fr-FR\",\"potentialAction\":[{\"@type\":\"ReadAction\",\"target\":[\"https:\/\/tourtravelandmore.com\/fr\/tours\/italie-fr\/naplespompei-fr\/all-private-tours-activities-fr-7-naplespompei-fr\/excursion-dune-journee-sur-la-cote-amalfitaine-au-depart-de-naples-visite-privee-dune-journee\/\"]}]},{\"@type\":\"ImageObject\",\"inLanguage\":\"fr-FR\",\"@id\":\"https:\/\/tourtravelandmore.com\/fr\/tours\/italie-fr\/naplespompei-fr\/all-private-tours-activities-fr-7-naplespompei-fr\/excursion-dune-journee-sur-la-cote-amalfitaine-au-depart-de-naples-visite-privee-dune-journee\/#primaryimage\",\"url\":\"https:\/\/tourtravelandmore.com\/wp-content\/uploads\/2018\/02\/ravello-amalfi.jpg\",\"contentUrl\":\"https:\/\/tourtravelandmore.com\/wp-content\/uploads\/2018\/02\/ravello-amalfi.jpg\",\"width\":2000,\"height\":1200},{\"@type\":\"BreadcrumbList\",\"@id\":\"https:\/\/tourtravelandmore.com\/fr\/tours\/italie-fr\/naplespompei-fr\/all-private-tours-activities-fr-7-naplespompei-fr\/excursion-dune-journee-sur-la-cote-amalfitaine-au-depart-de-naples-visite-privee-dune-journee\/#breadcrumb\",\"itemListElement\":[{\"@type\":\"ListItem\",\"position\":1,\"name\":\"Home\",\"item\":\"https:\/\/tourtravelandmore.com\/fr\/\"},{\"@type\":\"ListItem\",\"position\":2,\"name\":\"Tours\",\"item\":\"https:\/\/tourtravelandmore.com\/fr\/tours\/\"},{\"@type\":\"ListItem\",\"position\":3,\"name\":\"Excursion d&#8217;une journ\u00e9e sur la c\u00f4te amalfitaine au d\u00e9part de Naples &#8211; Visite priv\u00e9e d&#8217;une journ\u00e9e\"}]},{\"@type\":\"WebSite\",\"@id\":\"https:\/\/tourtravelandmore.com\/fr\/#website\",\"url\":\"https:\/\/tourtravelandmore.com\/fr\/\",\"name\":\"Tour Travel And More\",\"description\":\"Private sightseeing tours and luxury transfers in Spain\",\"publisher\":{\"@id\":\"https:\/\/tourtravelandmore.com\/fr\/#organization\"},\"potentialAction\":[{\"@type\":\"SearchAction\",\"target\":{\"@type\":\"EntryPoint\",\"urlTemplate\":\"https:\/\/tourtravelandmore.com\/fr\/?s={search_term_string}\"},\"query-input\":{\"@type\":\"PropertyValueSpecification\",\"valueRequired\":true,\"valueName\":\"search_term_string\"}}],\"inLanguage\":\"fr-FR\"},{\"@type\":\"Organization\",\"@id\":\"https:\/\/tourtravelandmore.com\/fr\/#organization\",\"name\":\"Tour Travel And More\",\"url\":\"https:\/\/tourtravelandmore.com\/fr\/\",\"logo\":{\"@type\":\"ImageObject\",\"inLanguage\":\"fr-FR\",\"@id\":\"https:\/\/tourtravelandmore.com\/fr\/#\/schema\/logo\/image\/\",\"url\":\"https:\/\/tourtravelandmore.com\/wp-content\/uploads\/2022\/12\/cropped-logo-cabecera-new.png\",\"contentUrl\":\"https:\/\/tourtravelandmore.com\/wp-content\/uploads\/2022\/12\/cropped-logo-cabecera-new.png\",\"width\":430,\"height\":61,\"caption\":\"Tour Travel And More\"},\"image\":{\"@id\":\"https:\/\/tourtravelandmore.com\/fr\/#\/schema\/logo\/image\/\"},\"sameAs\":[\"https:\/\/www.facebook.com\/tourtravelandmore\/\",\"https:\/\/x.com\/TourTravel_More\"]}]}<\/script>\n<!-- \/ Yoast SEO Premium plugin. -->","yoast_head_json":{"title":"\u27a1\ufe0f Explorer la c\u00f4te amalfitaine : Excursion exclusive d'une journ\u00e9e au d\u00e9part de Naples","description":"Embarquez pour une luxueuse excursion priv\u00e9e d'une journ\u00e9e sur la c\u00f4te amalfitaine au d\u00e9part de Naples. D\u00e9couvrez Positano, Amalfi et Ravello avec la possibilit\u00e9 d'avoir un guide personnel \u2705","robots":{"index":"index","follow":"follow","max-snippet":"max-snippet:-1","max-image-preview":"max-image-preview:large","max-video-preview":"max-video-preview:-1"},"canonical":"https:\/\/tourtravelandmore.com\/fr\/tours\/italie-fr\/naplespompei-fr\/all-private-tours-activities-fr-7-naplespompei-fr\/excursion-dune-journee-sur-la-cote-amalfitaine-au-depart-de-naples-visite-privee-dune-journee\/","og_locale":"fr_FR","og_type":"article","og_title":"Excursion d'une journ\u00e9e sur la c\u00f4te amalfitaine au d\u00e9part de Naples - Visite priv\u00e9e d'une journ\u00e9e","og_description":"Embarquez pour une luxueuse excursion priv\u00e9e d'une journ\u00e9e sur la c\u00f4te amalfitaine au d\u00e9part de Naples. D\u00e9couvrez Positano, Amalfi et Ravello avec la possibilit\u00e9 d'avoir un guide personnel \u2705","og_url":"https:\/\/tourtravelandmore.com\/fr\/tours\/italie-fr\/naplespompei-fr\/all-private-tours-activities-fr-7-naplespompei-fr\/excursion-dune-journee-sur-la-cote-amalfitaine-au-depart-de-naples-visite-privee-dune-journee\/","og_site_name":"Tour Travel And More","article_publisher":"https:\/\/www.facebook.com\/tourtravelandmore\/","article_modified_time":"2024-08-21T15:25:51+00:00","og_image":[{"width":2000,"height":1200,"url":"https:\/\/tourtravelandmore.com\/wp-content\/uploads\/2018\/02\/ravello-amalfi.jpg","type":"image\/jpeg"}],"twitter_card":"summary_large_image","twitter_site":"@TourTravel_More","twitter_misc":{"Dur\u00e9e de lecture estim\u00e9e":"3 minutes"},"schema":{"@context":"https:\/\/schema.org","@graph":[{"@type":"WebPage","@id":"https:\/\/tourtravelandmore.com\/fr\/tours\/italie-fr\/naplespompei-fr\/all-private-tours-activities-fr-7-naplespompei-fr\/excursion-dune-journee-sur-la-cote-amalfitaine-au-depart-de-naples-visite-privee-dune-journee\/","url":"https:\/\/tourtravelandmore.com\/fr\/tours\/italie-fr\/naplespompei-fr\/all-private-tours-activities-fr-7-naplespompei-fr\/excursion-dune-journee-sur-la-cote-amalfitaine-au-depart-de-naples-visite-privee-dune-journee\/","name":"\u27a1\ufe0f Explorer la c\u00f4te amalfitaine : Excursion exclusive d'une journ\u00e9e au d\u00e9part de Naples","isPartOf":{"@id":"https:\/\/tourtravelandmore.com\/fr\/#website"},"primaryImageOfPage":{"@id":"https:\/\/tourtravelandmore.com\/fr\/tours\/italie-fr\/naplespompei-fr\/all-private-tours-activities-fr-7-naplespompei-fr\/excursion-dune-journee-sur-la-cote-amalfitaine-au-depart-de-naples-visite-privee-dune-journee\/#primaryimage"},"image":{"@id":"https:\/\/tourtravelandmore.com\/fr\/tours\/italie-fr\/naplespompei-fr\/all-private-tours-activities-fr-7-naplespompei-fr\/excursion-dune-journee-sur-la-cote-amalfitaine-au-depart-de-naples-visite-privee-dune-journee\/#primaryimage"},"thumbnailUrl":"https:\/\/tourtravelandmore.com\/wp-content\/uploads\/2018\/02\/ravello-amalfi.jpg","datePublished":"2018-02-27T12:39:48+00:00","dateModified":"2024-08-21T15:25:51+00:00","description":"Embarquez pour une luxueuse excursion priv\u00e9e d'une journ\u00e9e sur la c\u00f4te amalfitaine au d\u00e9part de Naples. D\u00e9couvrez Positano, Amalfi et Ravello avec la possibilit\u00e9 d'avoir un guide personnel \u2705","breadcrumb":{"@id":"https:\/\/tourtravelandmore.com\/fr\/tours\/italie-fr\/naplespompei-fr\/all-private-tours-activities-fr-7-naplespompei-fr\/excursion-dune-journee-sur-la-cote-amalfitaine-au-depart-de-naples-visite-privee-dune-journee\/#breadcrumb"},"inLanguage":"fr-FR","potentialAction":[{"@type":"ReadAction","target":["https:\/\/tourtravelandmore.com\/fr\/tours\/italie-fr\/naplespompei-fr\/all-private-tours-activities-fr-7-naplespompei-fr\/excursion-dune-journee-sur-la-cote-amalfitaine-au-depart-de-naples-visite-privee-dune-journee\/"]}]},{"@type":"ImageObject","inLanguage":"fr-FR","@id":"https:\/\/tourtravelandmore.com\/fr\/tours\/italie-fr\/naplespompei-fr\/all-private-tours-activities-fr-7-naplespompei-fr\/excursion-dune-journee-sur-la-cote-amalfitaine-au-depart-de-naples-visite-privee-dune-journee\/#primaryimage","url":"https:\/\/tourtravelandmore.com\/wp-content\/uploads\/2018\/02\/ravello-amalfi.jpg","contentUrl":"https:\/\/tourtravelandmore.com\/wp-content\/uploads\/2018\/02\/ravello-amalfi.jpg","width":2000,"height":1200},{"@type":"BreadcrumbList","@id":"https:\/\/tourtravelandmore.com\/fr\/tours\/italie-fr\/naplespompei-fr\/all-private-tours-activities-fr-7-naplespompei-fr\/excursion-dune-journee-sur-la-cote-amalfitaine-au-depart-de-naples-visite-privee-dune-journee\/#breadcrumb","itemListElement":[{"@type":"ListItem","position":1,"name":"Home","item":"https:\/\/tourtravelandmore.com\/fr\/"},{"@type":"ListItem","position":2,"name":"Tours","item":"https:\/\/tourtravelandmore.com\/fr\/tours\/"},{"@type":"ListItem","position":3,"name":"Excursion d&#8217;une journ\u00e9e sur la c\u00f4te amalfitaine au d\u00e9part de Naples &#8211; Visite priv\u00e9e d&#8217;une journ\u00e9e"}]},{"@type":"WebSite","@id":"https:\/\/tourtravelandmore.com\/fr\/#website","url":"https:\/\/tourtravelandmore.com\/fr\/","name":"Tour Travel And More","description":"Private sightseeing tours and luxury transfers in Spain","publisher":{"@id":"https:\/\/tourtravelandmore.com\/fr\/#organization"},"potentialAction":[{"@type":"SearchAction","target":{"@type":"EntryPoint","urlTemplate":"https:\/\/tourtravelandmore.com\/fr\/?s={search_term_string}"},"query-input":{"@type":"PropertyValueSpecification","valueRequired":true,"valueName":"search_term_string"}}],"inLanguage":"fr-FR"},{"@type":"Organization","@id":"https:\/\/tourtravelandmore.com\/fr\/#organization","name":"Tour Travel And More","url":"https:\/\/tourtravelandmore.com\/fr\/","logo":{"@type":"ImageObject","inLanguage":"fr-FR","@id":"https:\/\/tourtravelandmore.com\/fr\/#\/schema\/logo\/image\/","url":"https:\/\/tourtravelandmore.com\/wp-content\/uploads\/2022\/12\/cropped-logo-cabecera-new.png","contentUrl":"https:\/\/tourtravelandmore.com\/wp-content\/uploads\/2022\/12\/cropped-logo-cabecera-new.png","width":430,"height":61,"caption":"Tour Travel And More"},"image":{"@id":"https:\/\/tourtravelandmore.com\/fr\/#\/schema\/logo\/image\/"},"sameAs":["https:\/\/www.facebook.com\/tourtravelandmore\/","https:\/\/x.com\/TourTravel_More"]}]}},"_links":{"self":[{"href":"https:\/\/tourtravelandmore.com\/fr\/wp-json\/wp\/v2\/product\/101669","targetHints":{"allow":["GET"]}}],"collection":[{"href":"https:\/\/tourtravelandmore.com\/fr\/wp-json\/wp\/v2\/product"}],"about":[{"href":"https:\/\/tourtravelandmore.com\/fr\/wp-json\/wp\/v2\/types\/product"}],"replies":[{"embeddable":true,"href":"https:\/\/tourtravelandmore.com\/fr\/wp-json\/wp\/v2\/comments?post=101669"}],"wp:featuredmedia":[{"embeddable":true,"href":"https:\/\/tourtravelandmore.com\/fr\/wp-json\/wp\/v2\/media\/94721"}],"wp:attachment":[{"href":"https:\/\/tourtravelandmore.com\/fr\/wp-json\/wp\/v2\/media?parent=101669"}],"wp:term":[{"taxonomy":"product_brand","embeddable":true,"href":"https:\/\/tourtravelandmore.com\/fr\/wp-json\/wp\/v2\/product_brand?post=101669"},{"taxonomy":"product_cat","embeddable":true,"href":"https:\/\/tourtravelandmore.com\/fr\/wp-json\/wp\/v2\/product_cat?post=101669"},{"taxonomy":"product_tag","embeddable":true,"href":"https:\/\/tourtravelandmore.com\/fr\/wp-json\/wp\/v2\/product_tag?post=101669"}],"curies":[{"name":"wp","href":"https:\/\/api.w.org\/{rel}","templated":true}]}}