{"id":101664,"date":"2018-02-27T11:36:11","date_gmt":"2018-02-27T10:36:11","guid":{"rendered":"https:\/\/tourtravelandmore.com\/tours\/non%20class\u00e9\/visite-privee-de-pompei-au-depart-de-naples\/"},"modified":"2024-08-21T17:18:35","modified_gmt":"2024-08-21T15:18:35","slug":"visite-privee-de-pompei-au-depart-de-naples","status":"publish","type":"product","link":"https:\/\/tourtravelandmore.com\/fr\/tours\/italie-fr\/naplespompei-fr\/all-private-tours-activities-fr-7-naplespompei-fr\/visite-privee-de-pompei-au-depart-de-naples\/","title":{"rendered":"Visite priv\u00e9e de Pomp\u00e9i au d\u00e9part de Naples"},"content":{"rendered":"<h2><b>Visite priv\u00e9e de Pomp\u00e9i depuis Naples Description :<\/b><\/h2>\n<p><span style=\"font-weight: 400;\">Embarquez pour un voyage dans le temps avec notre visite priv\u00e9e de Pomp\u00e9i depuis Naples, un voyage con\u00e7u pour ceux qui ch\u00e9rissent l&#8217;histoire et les merveilles des civilisations anciennes. Au d\u00e9part de Naples, confortablement install\u00e9 dans un v\u00e9hicule priv\u00e9 de luxe, vous ne parcourez pas seulement quelques kilom\u00e8tres, mais vous remontez des si\u00e8cles en arri\u00e8re, \u00e0 un moment charni\u00e8re de l&#8217;histoire.<\/span><\/p>\n<p><span style=\"font-weight: 400;\">Naples, ville dynamique du sud de l&#8217;Italie et troisi\u00e8me ville du pays, est votre porte d&#8217;entr\u00e9e vers le pass\u00e9. Ce site class\u00e9 au patrimoine mondial de l&#8217;UNESCO, nich\u00e9 dans la pittoresque baie de Naples, est le pr\u00e9lude \u00e0 une rencontre avec l&#8217;une des d\u00e9couvertes arch\u00e9ologiques les plus importantes de tous les temps.<\/span><\/p>\n<p><span style=\"font-weight: 400;\">En 79 apr\u00e8s J.-C., le V\u00e9suve, c\u00e9l\u00e8bre volcan situ\u00e9 pr\u00e8s de Naples, est entr\u00e9 en \u00e9ruption et a enseveli la ville de Pomp\u00e9i sous une couche de cendres. Cette catastrophe naturelle, qui a interrompu la vie \u00e0 Pomp\u00e9i, l&#8217;a ironiquement pr\u00e9serv\u00e9e dans le temps. Red\u00e9couverte en 1748, Pomp\u00e9i offre un aper\u00e7u fig\u00e9 de la vie quotidienne d&#8217;une ancienne cit\u00e9 romaine, avec des rues, des b\u00e2timents et des objets remarquablement intacts.<\/span><\/p>\n<p><span style=\"font-weight: 400;\">Cette visite priv\u00e9e exclusive vous invite \u00e0 d\u00e9couvrir les myst\u00e8res et les merveilles de Pomp\u00e9i, un site qui raconte \u00e0 la fois l&#8217;histoire de la d\u00e9vastation et de la pr\u00e9servation. Vous marcherez dans les rues anciennes, vous vous tiendrez l\u00e0 o\u00f9 les Romains se r\u00e9unissaient autrefois et vous verrez les vestiges d&#8217;une ville \u00e0 la fois d\u00e9truite et pr\u00e9serv\u00e9e par la fureur de la nature.<\/span><\/p>\n<p><span style=\"font-weight: 400;\">Nous sommes fiers de cr\u00e9er des exp\u00e9riences enti\u00e8rement personnalis\u00e9es. Notre visite peut \u00eatre adapt\u00e9e \u00e0 vos int\u00e9r\u00eats, que vous souhaitiez vous plonger dans l&#8217;art, l&#8217;architecture ou la vie quotidienne des anciens habitants de Pomp\u00e9i. Si vous avez des demandes ou des int\u00e9r\u00eats sp\u00e9cifiques, faites-le nous savoir et nous adapterons votre aventure \u00e0 Pomp\u00e9i en cons\u00e9quence.<\/span><\/p>\n<p><span style=\"font-weight: 400;\">L&#8217;itin\u00e9raire sugg\u00e9r\u00e9 est une exp\u00e9rience immersive de quatre heures, mais nous sommes flexibles pour adapter la dur\u00e9e \u00e0 vos pr\u00e9f\u00e9rences. Du moment o\u00f9 votre chauffeur priv\u00e9 vient vous chercher jusqu&#8217;au moment o\u00f9 vous rentrez confortablement \u00e0 Naples, chaque d\u00e9tail de votre voyage est m\u00e9ticuleusement planifi\u00e9 pour votre plus grand plaisir et votre plus grande commodit\u00e9.<\/span><\/p>\n<h2><b>Visite priv\u00e9e de Pomp\u00e9i au d\u00e9part de Naples &#8211; Points d&#8217;int\u00e9r\u00eat et monuments :<\/b><\/h2>\n<p><span style=\"font-weight: 400;\">Votre voyage personnel \u00e0 Pomp\u00e9i commence par une prise en charge pratique \u00e0 votre h\u00f4tel, appartement ou port de croisi\u00e8re \u00e0 Naples. \u00c0 Pomp\u00e9i, vous rencontrerez votre guide officiel \u00e0 la Porta Marina Superiore pour une visite guid\u00e9e approfondie de 2,5 heures du site arch\u00e9ologique, avec les droits d&#8217;entr\u00e9e inclus.<\/span><\/p>\n<h3><b>Explorez les sites remarquables de cette ville antique :<\/b><\/h3>\n<ul>\n<li style=\"font-weight: 400;\" aria-level=\"1\"><b>Amphith\u00e9\u00e2tre romain :<\/b><span style=\"font-weight: 400;\"> D\u00e9couvrez l&#8217;un des plus anciens amphith\u00e9\u00e2tres romains encore en place, qui t\u00e9moigne de la grandeur de l&#8217;architecture et des loisirs romains.<\/span><\/li>\n<li style=\"font-weight: 400;\" aria-level=\"1\"><b>Le sanctuaire de Pomp\u00e9i <\/b><span style=\"font-weight: 400;\">: D\u00e9couvrez le c\u0153ur spirituel de la ville, o\u00f9 les anciens Romains pratiquaient le culte et recherchaient des conseils divins.<\/span><\/li>\n<li style=\"font-weight: 400;\" aria-level=\"1\"><b>Le Forum : <\/b><span style=\"font-weight: 400;\">Promenez-vous sur la place principale de Pomp\u00e9i, un centre anim\u00e9 de commerce et de politique \u00e0 l&#8217;\u00e9poque de son apog\u00e9e.<\/span><\/li>\n<li style=\"font-weight: 400;\" aria-level=\"1\"><b>Les moulages en pl\u00e2tre de la mort :<\/b><span style=\"font-weight: 400;\"> Les moulages poignants des victimes de l&#8217;\u00e9ruption du V\u00e9suve rappellent de mani\u00e8re \u00e9mouvante la trag\u00e9die humaine qui s&#8217;est d\u00e9roul\u00e9e ici.<\/span><\/li>\n<li style=\"font-weight: 400;\" aria-level=\"1\"><b>Antiquarium :<\/b><span style=\"font-weight: 400;\"> Explorez ce mus\u00e9e qui pr\u00e9sente des objets et donne un aper\u00e7u de la vie quotidienne des habitants de Pomp\u00e9i.<\/span><\/li>\n<li style=\"font-weight: 400;\" aria-level=\"1\"><b>Therme Stabiane :<\/b><span style=\"font-weight: 400;\"> Admirez les vestiges de ces anciens thermes romains, qui t\u00e9moignent du mode de vie sophistiqu\u00e9 et des pratiques d&#8217;hygi\u00e8ne de l&#8217;\u00e9poque.<\/span><\/li>\n<li style=\"font-weight: 400;\" aria-level=\"1\"><b>Maison de M\u00e9nandre :<\/b><span style=\"font-weight: 400;\"> Visitez cette luxueuse r\u00e9sidence, connue pour ses fresques complexes et ses d\u00e9corations artistiques.<\/span><\/li>\n<li style=\"font-weight: 400;\" aria-level=\"1\"><b>Th\u00e9\u00e2tres :<\/b><span style=\"font-weight: 400;\"> Entrez dans le monde th\u00e9\u00e2tral des Romains en visitant les th\u00e9\u00e2tres bien pr\u00e9serv\u00e9s de Pomp\u00e9i.<\/span><\/li>\n<li style=\"font-weight: 400;\" aria-level=\"1\"><b>Via dell&#8217;Abbondanza :<\/b><span style=\"font-weight: 400;\"> Promenez-vous dans la rue principale de Pomp\u00e9i, la Via dell&#8217;Abbondanza, bord\u00e9e de boutiques et de maisons qui donnent une image vivante de la vie quotidienne dans l&#8217;Antiquit\u00e9. Cette art\u00e8re anim\u00e9e offre un aper\u00e7u unique de la vie commerciale et sociale des anciens habitants de la ville.<\/span><\/li>\n<li style=\"font-weight: 400;\" aria-level=\"1\"><b>Lupanar :<\/b><span style=\"font-weight: 400;\"> Explorez la c\u00e9l\u00e8bre maison close de Pomp\u00e9i, connue sous le nom de Lupanar, qui offre un aper\u00e7u fascinant des aspects les plus priv\u00e9s de la vie romaine. Les fresques bien conserv\u00e9es et la structure elle-m\u00eame offrent un regard franc sur la soci\u00e9t\u00e9 romaine antique.<\/span><\/li>\n<li style=\"font-weight: 400;\" aria-level=\"1\"><b>Villa des Myst\u00e8res :<\/b><span style=\"font-weight: 400;\"> Juste \u00e0 l&#8217;ext\u00e9rieur de la ville principale, d\u00e9couvrez cette villa suburbaine bien pr\u00e9serv\u00e9e, c\u00e9l\u00e8bre pour ses fresques \u00e9tonnantes repr\u00e9sentant les rites myst\u00e9rieux de Dionysos. Ce site remarquable offre un aper\u00e7u rare et intrigant des pratiques religieuses et des croyances romaines.<\/span><\/li>\n<\/ul>\n<p><span style=\"font-weight: 400;\">Apr\u00e8s avoir absorb\u00e9 la richesse de l&#8217;histoire et de la culture de Pomp\u00e9i, votre chauffeur priv\u00e9 vous raccompagnera \u00e0 Naples, concluant ainsi une visite qui ne se contente pas d&#8217;\u00e9clairer mais qui \u00e9meut profond\u00e9ment.<\/span><\/p>\n<p><span style=\"font-weight: 400;\">Embarquez pour un voyage dans le temps et d\u00e9couvrez les secrets d&#8217;un monde ancien avec notre visite priv\u00e9e de Pomp\u00e9i au d\u00e9part de Naples. Ne manquez pas l&#8217;occasion de marcher dans l&#8217;histoire et d&#8217;assister aux merveilles d&#8217;une \u00e9poque r\u00e9volue, mais pr\u00e9serv\u00e9e dans le temps. <\/span><a href=\"https:\/\/tourtravelandmore.com\/fr\/city\/italie-fr\/naplespompei-fr\/\"><span style=\"font-weight: 400;\">Avec nos guides experts, vous plongerez au c\u0153ur de Pomp\u00e9i<\/span><\/a><span style=\"font-weight: 400;\">,<\/span><span style=\"font-weight: 400;\"> explorant ses rues pleines d&#8217;histoire, ses b\u00e2timents majestueux et ses artefacts poignants.<\/span><\/p>\n<p><em>note : le guide vous attend \u00e0 la Porta Marina superiore (Pomp\u00e9i)<\/em><\/p>\n<div id=\"gtx-trans\" style=\"position: absolute; left: -28px; top: 1577.17px;\">\n<div class=\"gtx-trans-icon\"><\/div>\n<\/div>\n","protected":false},"excerpt":{"rendered":"<p><span style=\"font-weight: 400;\">Voyagez dans le temps lors d&#8217;une visite priv\u00e9e de Pomp\u00e9i au d\u00e9part de Naples. Explorez les ruines antiques, d\u00e9couvrez la vie romaine et assistez \u00e0 l&#8217;impact du V\u00e9suve. Un m\u00e9lange parfait d&#8217;histoire, de culture et de confort exclusif.<\/span><\/p>\n","protected":false},"featured_media":94662,"comment_status":"open","ping_status":"closed","template":"","meta":{"_acf_changed":false},"product_brand":[],"product_cat":[4370,4372,4371,3551],"product_tag":[],"class_list":{"0":"post-101664","1":"product","2":"type-product","3":"status-publish","4":"has-post-thumbnail","6":"product_cat-all-private-tours-activities-fr-7-naplespompei-fr","7":"product_cat-private-shore-excursions-fr-8-naplespompei-fr","8":"product_cat-private-sightseeing-tours-fr-7-naplespompei-fr","9":"product_cat-naplespompei-fr","11":"first","12":"instock","13":"shipping-taxable","14":"purchasable","15":"product-type-simple"},"acf":[],"yoast_head":"<!-- This site is optimized with the Yoast SEO Premium plugin v25.3.1 (Yoast SEO v25.3.1) - https:\/\/yoast.com\/wordpress\/plugins\/seo\/ -->\n<title>Explorer l&#039;ancienne Pomp\u00e9i : Exclusive Private Tour from Naples<\/title>\n<meta name=\"description\" content=\"D\u00e9couvrez les secrets cach\u00e9s de Pomp\u00e9i lors d&#039;une visite priv\u00e9e au d\u00e9part de Naples. D\u00e9couvrez l&#039;amphith\u00e9\u00e2tre, le forum et les artefacts pr\u00e9serv\u00e9s. Faites l&#039;exp\u00e9rience de l&#039;histoire qui prend vie.\" \/>\n<meta name=\"robots\" content=\"index, follow, max-snippet:-1, max-image-preview:large, max-video-preview:-1\" \/>\n<link rel=\"canonical\" href=\"https:\/\/tourtravelandmore.com\/fr\/tours\/italie-fr\/naplespompei-fr\/all-private-tours-activities-fr-7-naplespompei-fr\/visite-privee-de-pompei-au-depart-de-naples\/\" \/>\n<meta property=\"og:locale\" content=\"fr_FR\" \/>\n<meta property=\"og:type\" content=\"article\" \/>\n<meta property=\"og:title\" content=\"Visite priv\u00e9e de Pomp\u00e9i au d\u00e9part de Naples\" \/>\n<meta property=\"og:description\" content=\"D\u00e9couvrez les secrets cach\u00e9s de Pomp\u00e9i lors d&#039;une visite priv\u00e9e au d\u00e9part de Naples. D\u00e9couvrez l&#039;amphith\u00e9\u00e2tre, le forum et les artefacts pr\u00e9serv\u00e9s. Faites l&#039;exp\u00e9rience de l&#039;histoire qui prend vie.\" \/>\n<meta property=\"og:url\" content=\"https:\/\/tourtravelandmore.com\/fr\/tours\/italie-fr\/naplespompei-fr\/all-private-tours-activities-fr-7-naplespompei-fr\/visite-privee-de-pompei-au-depart-de-naples\/\" \/>\n<meta property=\"og:site_name\" content=\"Tour Travel And More\" \/>\n<meta property=\"article:publisher\" content=\"https:\/\/www.facebook.com\/tourtravelandmore\/\" \/>\n<meta property=\"article:modified_time\" content=\"2024-08-21T15:18:35+00:00\" \/>\n<meta property=\"og:image\" content=\"https:\/\/tourtravelandmore.com\/wp-content\/uploads\/2017\/01\/pompeii-and-vesuvius.jpg\" \/>\n\t<meta property=\"og:image:width\" content=\"900\" \/>\n\t<meta property=\"og:image:height\" content=\"598\" \/>\n\t<meta property=\"og:image:type\" content=\"image\/jpeg\" \/>\n<meta name=\"twitter:card\" content=\"summary_large_image\" \/>\n<meta name=\"twitter:site\" content=\"@TourTravel_More\" \/>\n<meta name=\"twitter:label1\" content=\"Dur\u00e9e de lecture estim\u00e9e\" \/>\n\t<meta name=\"twitter:data1\" content=\"4 minutes\" \/>\n<script type=\"application\/ld+json\" class=\"yoast-schema-graph\">{\"@context\":\"https:\/\/schema.org\",\"@graph\":[{\"@type\":\"WebPage\",\"@id\":\"https:\/\/tourtravelandmore.com\/fr\/tours\/italie-fr\/naplespompei-fr\/all-private-tours-activities-fr-7-naplespompei-fr\/visite-privee-de-pompei-au-depart-de-naples\/\",\"url\":\"https:\/\/tourtravelandmore.com\/fr\/tours\/italie-fr\/naplespompei-fr\/all-private-tours-activities-fr-7-naplespompei-fr\/visite-privee-de-pompei-au-depart-de-naples\/\",\"name\":\"Explorer l'ancienne Pomp\u00e9i : Exclusive Private Tour from Naples\",\"isPartOf\":{\"@id\":\"https:\/\/tourtravelandmore.com\/fr\/#website\"},\"primaryImageOfPage\":{\"@id\":\"https:\/\/tourtravelandmore.com\/fr\/tours\/italie-fr\/naplespompei-fr\/all-private-tours-activities-fr-7-naplespompei-fr\/visite-privee-de-pompei-au-depart-de-naples\/#primaryimage\"},\"image\":{\"@id\":\"https:\/\/tourtravelandmore.com\/fr\/tours\/italie-fr\/naplespompei-fr\/all-private-tours-activities-fr-7-naplespompei-fr\/visite-privee-de-pompei-au-depart-de-naples\/#primaryimage\"},\"thumbnailUrl\":\"https:\/\/tourtravelandmore.com\/wp-content\/uploads\/2017\/01\/pompeii-and-vesuvius.jpg\",\"datePublished\":\"2018-02-27T10:36:11+00:00\",\"dateModified\":\"2024-08-21T15:18:35+00:00\",\"description\":\"D\u00e9couvrez les secrets cach\u00e9s de Pomp\u00e9i lors d'une visite priv\u00e9e au d\u00e9part de Naples. D\u00e9couvrez l'amphith\u00e9\u00e2tre, le forum et les artefacts pr\u00e9serv\u00e9s. Faites l'exp\u00e9rience de l'histoire qui prend vie.\",\"breadcrumb\":{\"@id\":\"https:\/\/tourtravelandmore.com\/fr\/tours\/italie-fr\/naplespompei-fr\/all-private-tours-activities-fr-7-naplespompei-fr\/visite-privee-de-pompei-au-depart-de-naples\/#breadcrumb\"},\"inLanguage\":\"fr-FR\",\"potentialAction\":[{\"@type\":\"ReadAction\",\"target\":[\"https:\/\/tourtravelandmore.com\/fr\/tours\/italie-fr\/naplespompei-fr\/all-private-tours-activities-fr-7-naplespompei-fr\/visite-privee-de-pompei-au-depart-de-naples\/\"]}]},{\"@type\":\"ImageObject\",\"inLanguage\":\"fr-FR\",\"@id\":\"https:\/\/tourtravelandmore.com\/fr\/tours\/italie-fr\/naplespompei-fr\/all-private-tours-activities-fr-7-naplespompei-fr\/visite-privee-de-pompei-au-depart-de-naples\/#primaryimage\",\"url\":\"https:\/\/tourtravelandmore.com\/wp-content\/uploads\/2017\/01\/pompeii-and-vesuvius.jpg\",\"contentUrl\":\"https:\/\/tourtravelandmore.com\/wp-content\/uploads\/2017\/01\/pompeii-and-vesuvius.jpg\",\"width\":900,\"height\":598},{\"@type\":\"BreadcrumbList\",\"@id\":\"https:\/\/tourtravelandmore.com\/fr\/tours\/italie-fr\/naplespompei-fr\/all-private-tours-activities-fr-7-naplespompei-fr\/visite-privee-de-pompei-au-depart-de-naples\/#breadcrumb\",\"itemListElement\":[{\"@type\":\"ListItem\",\"position\":1,\"name\":\"Home\",\"item\":\"https:\/\/tourtravelandmore.com\/fr\/\"},{\"@type\":\"ListItem\",\"position\":2,\"name\":\"Tours\",\"item\":\"https:\/\/tourtravelandmore.com\/fr\/tours\/\"},{\"@type\":\"ListItem\",\"position\":3,\"name\":\"Visite priv\u00e9e de Pomp\u00e9i au d\u00e9part de Naples\"}]},{\"@type\":\"WebSite\",\"@id\":\"https:\/\/tourtravelandmore.com\/fr\/#website\",\"url\":\"https:\/\/tourtravelandmore.com\/fr\/\",\"name\":\"Tour Travel And More\",\"description\":\"Private sightseeing tours and luxury transfers in Spain\",\"publisher\":{\"@id\":\"https:\/\/tourtravelandmore.com\/fr\/#organization\"},\"potentialAction\":[{\"@type\":\"SearchAction\",\"target\":{\"@type\":\"EntryPoint\",\"urlTemplate\":\"https:\/\/tourtravelandmore.com\/fr\/?s={search_term_string}\"},\"query-input\":{\"@type\":\"PropertyValueSpecification\",\"valueRequired\":true,\"valueName\":\"search_term_string\"}}],\"inLanguage\":\"fr-FR\"},{\"@type\":\"Organization\",\"@id\":\"https:\/\/tourtravelandmore.com\/fr\/#organization\",\"name\":\"Tour Travel And More\",\"url\":\"https:\/\/tourtravelandmore.com\/fr\/\",\"logo\":{\"@type\":\"ImageObject\",\"inLanguage\":\"fr-FR\",\"@id\":\"https:\/\/tourtravelandmore.com\/fr\/#\/schema\/logo\/image\/\",\"url\":\"https:\/\/tourtravelandmore.com\/wp-content\/uploads\/2022\/12\/cropped-logo-cabecera-new.png\",\"contentUrl\":\"https:\/\/tourtravelandmore.com\/wp-content\/uploads\/2022\/12\/cropped-logo-cabecera-new.png\",\"width\":430,\"height\":61,\"caption\":\"Tour Travel And More\"},\"image\":{\"@id\":\"https:\/\/tourtravelandmore.com\/fr\/#\/schema\/logo\/image\/\"},\"sameAs\":[\"https:\/\/www.facebook.com\/tourtravelandmore\/\",\"https:\/\/x.com\/TourTravel_More\"]}]}<\/script>\n<!-- \/ Yoast SEO Premium plugin. -->","yoast_head_json":{"title":"Explorer l'ancienne Pomp\u00e9i : Exclusive Private Tour from Naples","description":"D\u00e9couvrez les secrets cach\u00e9s de Pomp\u00e9i lors d'une visite priv\u00e9e au d\u00e9part de Naples. D\u00e9couvrez l'amphith\u00e9\u00e2tre, le forum et les artefacts pr\u00e9serv\u00e9s. Faites l'exp\u00e9rience de l'histoire qui prend vie.","robots":{"index":"index","follow":"follow","max-snippet":"max-snippet:-1","max-image-preview":"max-image-preview:large","max-video-preview":"max-video-preview:-1"},"canonical":"https:\/\/tourtravelandmore.com\/fr\/tours\/italie-fr\/naplespompei-fr\/all-private-tours-activities-fr-7-naplespompei-fr\/visite-privee-de-pompei-au-depart-de-naples\/","og_locale":"fr_FR","og_type":"article","og_title":"Visite priv\u00e9e de Pomp\u00e9i au d\u00e9part de Naples","og_description":"D\u00e9couvrez les secrets cach\u00e9s de Pomp\u00e9i lors d'une visite priv\u00e9e au d\u00e9part de Naples. D\u00e9couvrez l'amphith\u00e9\u00e2tre, le forum et les artefacts pr\u00e9serv\u00e9s. Faites l'exp\u00e9rience de l'histoire qui prend vie.","og_url":"https:\/\/tourtravelandmore.com\/fr\/tours\/italie-fr\/naplespompei-fr\/all-private-tours-activities-fr-7-naplespompei-fr\/visite-privee-de-pompei-au-depart-de-naples\/","og_site_name":"Tour Travel And More","article_publisher":"https:\/\/www.facebook.com\/tourtravelandmore\/","article_modified_time":"2024-08-21T15:18:35+00:00","og_image":[{"width":900,"height":598,"url":"https:\/\/tourtravelandmore.com\/wp-content\/uploads\/2017\/01\/pompeii-and-vesuvius.jpg","type":"image\/jpeg"}],"twitter_card":"summary_large_image","twitter_site":"@TourTravel_More","twitter_misc":{"Dur\u00e9e de lecture estim\u00e9e":"4 minutes"},"schema":{"@context":"https:\/\/schema.org","@graph":[{"@type":"WebPage","@id":"https:\/\/tourtravelandmore.com\/fr\/tours\/italie-fr\/naplespompei-fr\/all-private-tours-activities-fr-7-naplespompei-fr\/visite-privee-de-pompei-au-depart-de-naples\/","url":"https:\/\/tourtravelandmore.com\/fr\/tours\/italie-fr\/naplespompei-fr\/all-private-tours-activities-fr-7-naplespompei-fr\/visite-privee-de-pompei-au-depart-de-naples\/","name":"Explorer l'ancienne Pomp\u00e9i : Exclusive Private Tour from Naples","isPartOf":{"@id":"https:\/\/tourtravelandmore.com\/fr\/#website"},"primaryImageOfPage":{"@id":"https:\/\/tourtravelandmore.com\/fr\/tours\/italie-fr\/naplespompei-fr\/all-private-tours-activities-fr-7-naplespompei-fr\/visite-privee-de-pompei-au-depart-de-naples\/#primaryimage"},"image":{"@id":"https:\/\/tourtravelandmore.com\/fr\/tours\/italie-fr\/naplespompei-fr\/all-private-tours-activities-fr-7-naplespompei-fr\/visite-privee-de-pompei-au-depart-de-naples\/#primaryimage"},"thumbnailUrl":"https:\/\/tourtravelandmore.com\/wp-content\/uploads\/2017\/01\/pompeii-and-vesuvius.jpg","datePublished":"2018-02-27T10:36:11+00:00","dateModified":"2024-08-21T15:18:35+00:00","description":"D\u00e9couvrez les secrets cach\u00e9s de Pomp\u00e9i lors d'une visite priv\u00e9e au d\u00e9part de Naples. D\u00e9couvrez l'amphith\u00e9\u00e2tre, le forum et les artefacts pr\u00e9serv\u00e9s. Faites l'exp\u00e9rience de l'histoire qui prend vie.","breadcrumb":{"@id":"https:\/\/tourtravelandmore.com\/fr\/tours\/italie-fr\/naplespompei-fr\/all-private-tours-activities-fr-7-naplespompei-fr\/visite-privee-de-pompei-au-depart-de-naples\/#breadcrumb"},"inLanguage":"fr-FR","potentialAction":[{"@type":"ReadAction","target":["https:\/\/tourtravelandmore.com\/fr\/tours\/italie-fr\/naplespompei-fr\/all-private-tours-activities-fr-7-naplespompei-fr\/visite-privee-de-pompei-au-depart-de-naples\/"]}]},{"@type":"ImageObject","inLanguage":"fr-FR","@id":"https:\/\/tourtravelandmore.com\/fr\/tours\/italie-fr\/naplespompei-fr\/all-private-tours-activities-fr-7-naplespompei-fr\/visite-privee-de-pompei-au-depart-de-naples\/#primaryimage","url":"https:\/\/tourtravelandmore.com\/wp-content\/uploads\/2017\/01\/pompeii-and-vesuvius.jpg","contentUrl":"https:\/\/tourtravelandmore.com\/wp-content\/uploads\/2017\/01\/pompeii-and-vesuvius.jpg","width":900,"height":598},{"@type":"BreadcrumbList","@id":"https:\/\/tourtravelandmore.com\/fr\/tours\/italie-fr\/naplespompei-fr\/all-private-tours-activities-fr-7-naplespompei-fr\/visite-privee-de-pompei-au-depart-de-naples\/#breadcrumb","itemListElement":[{"@type":"ListItem","position":1,"name":"Home","item":"https:\/\/tourtravelandmore.com\/fr\/"},{"@type":"ListItem","position":2,"name":"Tours","item":"https:\/\/tourtravelandmore.com\/fr\/tours\/"},{"@type":"ListItem","position":3,"name":"Visite priv\u00e9e de Pomp\u00e9i au d\u00e9part de Naples"}]},{"@type":"WebSite","@id":"https:\/\/tourtravelandmore.com\/fr\/#website","url":"https:\/\/tourtravelandmore.com\/fr\/","name":"Tour Travel And More","description":"Private sightseeing tours and luxury transfers in Spain","publisher":{"@id":"https:\/\/tourtravelandmore.com\/fr\/#organization"},"potentialAction":[{"@type":"SearchAction","target":{"@type":"EntryPoint","urlTemplate":"https:\/\/tourtravelandmore.com\/fr\/?s={search_term_string}"},"query-input":{"@type":"PropertyValueSpecification","valueRequired":true,"valueName":"search_term_string"}}],"inLanguage":"fr-FR"},{"@type":"Organization","@id":"https:\/\/tourtravelandmore.com\/fr\/#organization","name":"Tour Travel And More","url":"https:\/\/tourtravelandmore.com\/fr\/","logo":{"@type":"ImageObject","inLanguage":"fr-FR","@id":"https:\/\/tourtravelandmore.com\/fr\/#\/schema\/logo\/image\/","url":"https:\/\/tourtravelandmore.com\/wp-content\/uploads\/2022\/12\/cropped-logo-cabecera-new.png","contentUrl":"https:\/\/tourtravelandmore.com\/wp-content\/uploads\/2022\/12\/cropped-logo-cabecera-new.png","width":430,"height":61,"caption":"Tour Travel And More"},"image":{"@id":"https:\/\/tourtravelandmore.com\/fr\/#\/schema\/logo\/image\/"},"sameAs":["https:\/\/www.facebook.com\/tourtravelandmore\/","https:\/\/x.com\/TourTravel_More"]}]}},"_links":{"self":[{"href":"https:\/\/tourtravelandmore.com\/fr\/wp-json\/wp\/v2\/product\/101664","targetHints":{"allow":["GET"]}}],"collection":[{"href":"https:\/\/tourtravelandmore.com\/fr\/wp-json\/wp\/v2\/product"}],"about":[{"href":"https:\/\/tourtravelandmore.com\/fr\/wp-json\/wp\/v2\/types\/product"}],"replies":[{"embeddable":true,"href":"https:\/\/tourtravelandmore.com\/fr\/wp-json\/wp\/v2\/comments?post=101664"}],"wp:featuredmedia":[{"embeddable":true,"href":"https:\/\/tourtravelandmore.com\/fr\/wp-json\/wp\/v2\/media\/94662"}],"wp:attachment":[{"href":"https:\/\/tourtravelandmore.com\/fr\/wp-json\/wp\/v2\/media?parent=101664"}],"wp:term":[{"taxonomy":"product_brand","embeddable":true,"href":"https:\/\/tourtravelandmore.com\/fr\/wp-json\/wp\/v2\/product_brand?post=101664"},{"taxonomy":"product_cat","embeddable":true,"href":"https:\/\/tourtravelandmore.com\/fr\/wp-json\/wp\/v2\/product_cat?post=101664"},{"taxonomy":"product_tag","embeddable":true,"href":"https:\/\/tourtravelandmore.com\/fr\/wp-json\/wp\/v2\/product_tag?post=101664"}],"curies":[{"name":"wp","href":"https:\/\/api.w.org\/{rel}","templated":true}]}}