{"id":101658,"date":"2017-04-10T17:12:16","date_gmt":"2017-04-10T15:12:16","guid":{"rendered":"https:\/\/tourtravelandmore.com\/tours\/non%20class\u00e9\/visite-de-naples-visite-privee-de-4-heures-de-la-ville\/"},"modified":"2024-08-21T17:30:53","modified_gmt":"2024-08-21T15:30:53","slug":"visite-de-naples-visite-privee-de-4-heures-de-la-ville","status":"publish","type":"product","link":"https:\/\/tourtravelandmore.com\/fr\/tours\/italie-fr\/naplespompei-fr\/all-private-tours-activities-fr-7-naplespompei-fr\/visite-de-naples-visite-privee-de-4-heures-de-la-ville\/","title":{"rendered":"Visite de Naples &#8211; Visite priv\u00e9e de 4 heures de la ville"},"content":{"rendered":"<h2><b>Visite de Naples &#8211; Tour de ville priv\u00e9 de 4 heures Description :<\/b><\/h2>\n<p><span style=\"font-weight: 400;\">Embarquez pour un voyage captivant \u00e0 travers Naples, une ville o\u00f9 l&#8217;histoire r\u00e9sonne \u00e0 travers ses rues anciennes et son dynamisme moderne. Cette visite priv\u00e9e exclusive de quatre heures vous offre le luxe d&#8217;explorer Naples avec votre guide officiel personnel et dans le confort d&#8217;un v\u00e9hicule de luxe avec chauffeur.<\/span><\/p>\n<p><span style=\"font-weight: 400;\">Naples, nich\u00e9e dans le sud de l&#8217;Italie, est l&#8217;une des villes les plus historiques du pays et la troisi\u00e8me en termes de population. La ville se d\u00e9ploie le long de la pittoresque baie de Naples, \u00e0 l&#8217;ombre du V\u00e9suve encore actif, tristement c\u00e9l\u00e8bre pour la destruction de Pomp\u00e9i.<\/span><\/p>\n<p><span style=\"font-weight: 400;\">Ce circuit est con\u00e7u pour mettre en valeur le caract\u00e8re unique de Naples &#8211; de sa riche tapisserie historique aux vues envo\u00fbtantes de la c\u00f4te, en passant par sa d\u00e9licieuse gastronomie. Que vous soyez ici pour une excursion d&#8217;une journ\u00e9e, une escapade en ville ou une simple escale, notre mission \u00e0 Tour Travel and More est de transformer votre visite en une histoire d&#8217;amour avec Naples.<\/span><\/p>\n<p><span style=\"font-weight: 400;\">Le circuit est flexible et peut \u00eatre adapt\u00e9 \u00e0 vos pr\u00e9f\u00e9rences. Pour ceux qui pr\u00e9f\u00e8rent plonger plus profond\u00e9ment dans l&#8217;essence de la ville, nous proposons \u00e9galement une option de visite \u00e0 pied, qui vous immerge totalement dans les rues anim\u00e9es de Naples.<\/span><\/p>\n<p><span style=\"font-weight: 400;\">En parcourant les rues anim\u00e9es et les piazzas sereines de Naples, vous serez captiv\u00e9 par le m\u00e9lange harmonieux de la vie ancienne et contemporaine. Le riche patrimoine culturel de la ville est \u00e9vident \u00e0 chaque coin de rue, des \u00e9glises baroques aux \u0153uvres d&#8217;art de la Renaissance conserv\u00e9es dans ses nombreux mus\u00e9es. Votre guide expert vous fera revivre les histoires et les l\u00e9gendes de Naples, en vous donnant un aper\u00e7u de son glorieux pass\u00e9 et de son vibrant pr\u00e9sent. D\u00e9couvrez la c\u00e9l\u00e8bre hospitalit\u00e9 et la chaleur napolitaine en interagissant avec les habitants, ce qui ajoutera une touche d&#8217;authenticit\u00e9 \u00e0 votre voyage. Cette visite n&#8217;est pas qu&#8217;une simple visite touristique, c&#8217;est une invitation \u00e0 d\u00e9couvrir l&#8217;\u00e2me de Naples, qui vous laissera des souvenirs imp\u00e9rissables.<\/span><\/p>\n<h2><b>Visite de Naples &#8211; Tour de ville priv\u00e9 de 4 heures &#8211; Points d&#8217;int\u00e9r\u00eat et monuments :<\/b><\/h2>\n<p><span style=\"font-weight: 400;\">Votre voyage \u00e0 Naples commence \u00e0 l&#8217;endroit de votre choix, que ce soit votre h\u00f4tel, le port de croisi\u00e8re ou l&#8217;a\u00e9roport. Une fois r\u00e9uni \u00e0 votre guide et chauffeur priv\u00e9, l&#8217;exploration de Naples commence.<\/span><\/p>\n<ul>\n<li style=\"font-weight: 400;\" aria-level=\"1\"><b>Castel dell&#8217;Ovo :<\/b><span style=\"font-weight: 400;\"> Commencez par ce ch\u00e2teau embl\u00e9matique, c\u00e9l\u00e8bre pour ses vues \u00e0 couper le souffle sur le golfe de Naples, offrant une introduction parfaite au charme de la ville.<\/span><\/li>\n<li style=\"font-weight: 400;\" aria-level=\"1\"><b>Castel Nuovo <\/b><span style=\"font-weight: 400;\">: D\u00e9couvrez cette forteresse historique, autrefois centre de l&#8217;activit\u00e9 culturelle et aujourd&#8217;hui symbole embl\u00e9matique de Naples.<\/span><\/li>\n<li style=\"font-weight: 400;\" aria-level=\"1\"><b>La rue Spaccanapoli :<\/b><span style=\"font-weight: 400;\"> Promenez-vous dans cette rue anim\u00e9e, v\u00e9ritable microcosme de la vie napolitaine. Vous y d\u00e9couvrirez le majestueux Duomo, la Basilica di San Domenico Maggiore et la Piazza del Ges\u00fa, qui racontent chacun \u00e0 leur mani\u00e8re le pass\u00e9 de Naples.<\/span><\/li>\n<li style=\"font-weight: 400;\" aria-level=\"1\"><b>Cath\u00e9drale de Naples et chapelle San Severo : <\/b><span style=\"font-weight: 400;\">Visitez ces sites religieux remarquables, riches en histoire et en art. La cath\u00e9drale, autrefois d\u00e9di\u00e9e \u00e0 Apollon, t\u00e9moigne aujourd&#8217;hui du patrimoine religieux de Naples, tandis que la chapelle San Severo abrite certaines des \u0153uvres d&#8217;art les plus importantes de la ville.<\/span><\/li>\n<li style=\"font-weight: 400;\" aria-level=\"1\"><b>La Piazza del Plebiscito et le Palais royal de Naples : <\/b><span style=\"font-weight: 400;\">Terminez votre visite sur la place principale de la ville, face au magnifique Palais royal. Autrefois r\u00e9sidence des rois d&#8217;Espagne, il abrite aujourd&#8217;hui le mus\u00e9e du Palais royal et la chapelle palatine d\u00e9di\u00e9e \u00e0 l&#8217;Assomption.<\/span><\/li>\n<li style=\"font-weight: 400;\" aria-level=\"1\"><b>Galleria Umberto I : <\/b><span style=\"font-weight: 400;\">Entrez dans cette galerie commerciale historique, un chef-d&#8217;\u0153uvre d&#8217;architecture en fer et en verre. La Galleria Umberto I n&#8217;offre pas seulement une exp\u00e9rience de shopping, elle est aussi un exemple \u00e9tonnant de l&#8217;\u00e9l\u00e9gance italienne du XIXe si\u00e8cle. Ses sols aux motifs complexes et ses plafonds de verre en forme de d\u00f4me constituent une toile de fond spectaculaire pour votre exploration.<\/span><\/li>\n<li style=\"font-weight: 400;\" aria-level=\"1\"><b>Teatro di San Carlo :<\/b><span style=\"font-weight: 400;\"> Visitez l&#8217;un des plus anciens op\u00e9ras en activit\u00e9 dans le monde. Le Teatro di San Carlo, avec son int\u00e9rieur somptueux et son acoustique exceptionnelle, est le symbole du riche patrimoine musical de Naples. M\u00eame s&#8217;il n&#8217;y a pas de repr\u00e9sentation pr\u00e9vue pendant votre visite, l&#8217;opulence de ses int\u00e9rieurs est un spectacle \u00e0 voir.<\/span><\/li>\n<li style=\"font-weight: 400;\" aria-level=\"1\"><b>Villa Comunale :<\/b><span style=\"font-weight: 400;\"> Pour un moment de tranquillit\u00e9, promenez-vous dans les all\u00e9es luxuriantes de la Villa Comunale, le c\u00e9l\u00e8bre parc public situ\u00e9 sur le front de mer de Naples. Cette oasis de verdure dans la ville offre non seulement une \u00e9vasion paisible, mais aussi une vue magnifique sur la mer Tyrrh\u00e9nienne, orn\u00e9e de sculptures et de fontaines qui racontent les histoires du pass\u00e9 de la ville.<\/span><\/li>\n<\/ul>\n<p><span style=\"font-weight: 400;\">Cette visite compl\u00e8te ne met pas seulement en valeur les sites et l&#8217;architecture embl\u00e9matiques de Naples, mais offre \u00e9galement un regard intime sur ses c\u00e9l\u00e8bres monuments.<\/span><a href=\"https:\/\/tourtravelandmore.com\/fr\/city\/italie-fr\/naplespompei-fr\/\"><span style=\"font-weight: 400;\"> Vous souhaitez aller plus loin ?<\/span> <\/a><span style=\"font-weight: 400;\">Nous pouvons organiser l&#8217;achat de billets pour n&#8217;importe quel monument ou mus\u00e9e afin d&#8217;enrichir votre exp\u00e9rience.<\/span><\/p>\n","protected":false},"excerpt":{"rendered":"<p><span style=\"font-weight: 400;\">D\u00e9couvrez le meilleur de Naples lors d&#8217;un tour de ville priv\u00e9 de 4 heures. Explorez les ch\u00e2teaux historiques, les rues anim\u00e9es et les places \u00e9tonnantes avec un guide expert et un transport de luxe, plongeant au c\u0153ur de la culture et de l&#8217;histoire de Naples.<\/span><\/p>\n","protected":false},"featured_media":94317,"comment_status":"open","ping_status":"closed","template":"","meta":{"_acf_changed":false},"product_brand":[],"product_cat":[4370,4371,3551],"product_tag":[],"class_list":{"0":"post-101658","1":"product","2":"type-product","3":"status-publish","4":"has-post-thumbnail","6":"product_cat-all-private-tours-activities-fr-7-naplespompei-fr","7":"product_cat-private-sightseeing-tours-fr-7-naplespompei-fr","8":"product_cat-naplespompei-fr","10":"first","11":"instock","12":"shipping-taxable","13":"purchasable","14":"product-type-simple"},"acf":[],"yoast_head":"<!-- This site is optimized with the Yoast SEO Premium plugin v25.3.1 (Yoast SEO v25.3.1) - https:\/\/yoast.com\/wordpress\/plugins\/seo\/ -->\n<title>Visite priv\u00e9e de 4 heures de la ville de Naples - Explorer avec un guide expert<\/title>\n<meta name=\"description\" content=\"D\u00e9couvrez la beaut\u00e9 de Naples lors d&#039;un tour de ville priv\u00e9 de 4 heures. Visitez le Castel dell&#039;Ovo, la rue Spaccanapoli, et plus encore avec un guide personnel et un transport de luxe.\" \/>\n<meta name=\"robots\" content=\"index, follow, max-snippet:-1, max-image-preview:large, max-video-preview:-1\" \/>\n<link rel=\"canonical\" href=\"https:\/\/tourtravelandmore.com\/fr\/tours\/italie-fr\/naplespompei-fr\/all-private-tours-activities-fr-7-naplespompei-fr\/visite-de-naples-visite-privee-de-4-heures-de-la-ville\/\" \/>\n<meta property=\"og:locale\" content=\"fr_FR\" \/>\n<meta property=\"og:type\" content=\"article\" \/>\n<meta property=\"og:title\" content=\"Visite de Naples - Visite priv\u00e9e de 4 heures de la ville\" \/>\n<meta property=\"og:description\" content=\"D\u00e9couvrez la beaut\u00e9 de Naples lors d&#039;un tour de ville priv\u00e9 de 4 heures. Visitez le Castel dell&#039;Ovo, la rue Spaccanapoli, et plus encore avec un guide personnel et un transport de luxe.\" \/>\n<meta property=\"og:url\" content=\"https:\/\/tourtravelandmore.com\/fr\/tours\/italie-fr\/naplespompei-fr\/all-private-tours-activities-fr-7-naplespompei-fr\/visite-de-naples-visite-privee-de-4-heures-de-la-ville\/\" \/>\n<meta property=\"og:site_name\" content=\"Tour Travel And More\" \/>\n<meta property=\"article:publisher\" content=\"https:\/\/www.facebook.com\/tourtravelandmore\/\" \/>\n<meta property=\"article:modified_time\" content=\"2024-08-21T15:30:53+00:00\" \/>\n<meta property=\"og:image\" content=\"https:\/\/tourtravelandmore.com\/wp-content\/uploads\/2017\/04\/Napoli-8.jpg\" \/>\n\t<meta property=\"og:image:width\" content=\"960\" \/>\n\t<meta property=\"og:image:height\" content=\"720\" \/>\n\t<meta property=\"og:image:type\" content=\"image\/jpeg\" \/>\n<meta name=\"twitter:card\" content=\"summary_large_image\" \/>\n<meta name=\"twitter:site\" content=\"@TourTravel_More\" \/>\n<meta name=\"twitter:label1\" content=\"Dur\u00e9e de lecture estim\u00e9e\" \/>\n\t<meta name=\"twitter:data1\" content=\"4 minutes\" \/>\n<script type=\"application\/ld+json\" class=\"yoast-schema-graph\">{\"@context\":\"https:\/\/schema.org\",\"@graph\":[{\"@type\":\"WebPage\",\"@id\":\"https:\/\/tourtravelandmore.com\/fr\/tours\/italie-fr\/naplespompei-fr\/all-private-tours-activities-fr-7-naplespompei-fr\/visite-de-naples-visite-privee-de-4-heures-de-la-ville\/\",\"url\":\"https:\/\/tourtravelandmore.com\/fr\/tours\/italie-fr\/naplespompei-fr\/all-private-tours-activities-fr-7-naplespompei-fr\/visite-de-naples-visite-privee-de-4-heures-de-la-ville\/\",\"name\":\"Visite priv\u00e9e de 4 heures de la ville de Naples - Explorer avec un guide expert\",\"isPartOf\":{\"@id\":\"https:\/\/tourtravelandmore.com\/fr\/#website\"},\"primaryImageOfPage\":{\"@id\":\"https:\/\/tourtravelandmore.com\/fr\/tours\/italie-fr\/naplespompei-fr\/all-private-tours-activities-fr-7-naplespompei-fr\/visite-de-naples-visite-privee-de-4-heures-de-la-ville\/#primaryimage\"},\"image\":{\"@id\":\"https:\/\/tourtravelandmore.com\/fr\/tours\/italie-fr\/naplespompei-fr\/all-private-tours-activities-fr-7-naplespompei-fr\/visite-de-naples-visite-privee-de-4-heures-de-la-ville\/#primaryimage\"},\"thumbnailUrl\":\"https:\/\/tourtravelandmore.com\/wp-content\/uploads\/2017\/04\/Napoli-8.jpg\",\"datePublished\":\"2017-04-10T15:12:16+00:00\",\"dateModified\":\"2024-08-21T15:30:53+00:00\",\"description\":\"D\u00e9couvrez la beaut\u00e9 de Naples lors d'un tour de ville priv\u00e9 de 4 heures. Visitez le Castel dell'Ovo, la rue Spaccanapoli, et plus encore avec un guide personnel et un transport de luxe.\",\"breadcrumb\":{\"@id\":\"https:\/\/tourtravelandmore.com\/fr\/tours\/italie-fr\/naplespompei-fr\/all-private-tours-activities-fr-7-naplespompei-fr\/visite-de-naples-visite-privee-de-4-heures-de-la-ville\/#breadcrumb\"},\"inLanguage\":\"fr-FR\",\"potentialAction\":[{\"@type\":\"ReadAction\",\"target\":[\"https:\/\/tourtravelandmore.com\/fr\/tours\/italie-fr\/naplespompei-fr\/all-private-tours-activities-fr-7-naplespompei-fr\/visite-de-naples-visite-privee-de-4-heures-de-la-ville\/\"]}]},{\"@type\":\"ImageObject\",\"inLanguage\":\"fr-FR\",\"@id\":\"https:\/\/tourtravelandmore.com\/fr\/tours\/italie-fr\/naplespompei-fr\/all-private-tours-activities-fr-7-naplespompei-fr\/visite-de-naples-visite-privee-de-4-heures-de-la-ville\/#primaryimage\",\"url\":\"https:\/\/tourtravelandmore.com\/wp-content\/uploads\/2017\/04\/Napoli-8.jpg\",\"contentUrl\":\"https:\/\/tourtravelandmore.com\/wp-content\/uploads\/2017\/04\/Napoli-8.jpg\",\"width\":960,\"height\":720},{\"@type\":\"BreadcrumbList\",\"@id\":\"https:\/\/tourtravelandmore.com\/fr\/tours\/italie-fr\/naplespompei-fr\/all-private-tours-activities-fr-7-naplespompei-fr\/visite-de-naples-visite-privee-de-4-heures-de-la-ville\/#breadcrumb\",\"itemListElement\":[{\"@type\":\"ListItem\",\"position\":1,\"name\":\"Home\",\"item\":\"https:\/\/tourtravelandmore.com\/fr\/\"},{\"@type\":\"ListItem\",\"position\":2,\"name\":\"Tours\",\"item\":\"https:\/\/tourtravelandmore.com\/fr\/tours\/\"},{\"@type\":\"ListItem\",\"position\":3,\"name\":\"Visite de Naples &#8211; Visite priv\u00e9e de 4 heures de la ville\"}]},{\"@type\":\"WebSite\",\"@id\":\"https:\/\/tourtravelandmore.com\/fr\/#website\",\"url\":\"https:\/\/tourtravelandmore.com\/fr\/\",\"name\":\"Tour Travel And More\",\"description\":\"Private sightseeing tours and luxury transfers in Spain\",\"publisher\":{\"@id\":\"https:\/\/tourtravelandmore.com\/fr\/#organization\"},\"potentialAction\":[{\"@type\":\"SearchAction\",\"target\":{\"@type\":\"EntryPoint\",\"urlTemplate\":\"https:\/\/tourtravelandmore.com\/fr\/?s={search_term_string}\"},\"query-input\":{\"@type\":\"PropertyValueSpecification\",\"valueRequired\":true,\"valueName\":\"search_term_string\"}}],\"inLanguage\":\"fr-FR\"},{\"@type\":\"Organization\",\"@id\":\"https:\/\/tourtravelandmore.com\/fr\/#organization\",\"name\":\"Tour Travel And More\",\"url\":\"https:\/\/tourtravelandmore.com\/fr\/\",\"logo\":{\"@type\":\"ImageObject\",\"inLanguage\":\"fr-FR\",\"@id\":\"https:\/\/tourtravelandmore.com\/fr\/#\/schema\/logo\/image\/\",\"url\":\"https:\/\/tourtravelandmore.com\/wp-content\/uploads\/2022\/12\/cropped-logo-cabecera-new.png\",\"contentUrl\":\"https:\/\/tourtravelandmore.com\/wp-content\/uploads\/2022\/12\/cropped-logo-cabecera-new.png\",\"width\":430,\"height\":61,\"caption\":\"Tour Travel And More\"},\"image\":{\"@id\":\"https:\/\/tourtravelandmore.com\/fr\/#\/schema\/logo\/image\/\"},\"sameAs\":[\"https:\/\/www.facebook.com\/tourtravelandmore\/\",\"https:\/\/x.com\/TourTravel_More\"]}]}<\/script>\n<!-- \/ Yoast SEO Premium plugin. -->","yoast_head_json":{"title":"Visite priv\u00e9e de 4 heures de la ville de Naples - Explorer avec un guide expert","description":"D\u00e9couvrez la beaut\u00e9 de Naples lors d'un tour de ville priv\u00e9 de 4 heures. Visitez le Castel dell'Ovo, la rue Spaccanapoli, et plus encore avec un guide personnel et un transport de luxe.","robots":{"index":"index","follow":"follow","max-snippet":"max-snippet:-1","max-image-preview":"max-image-preview:large","max-video-preview":"max-video-preview:-1"},"canonical":"https:\/\/tourtravelandmore.com\/fr\/tours\/italie-fr\/naplespompei-fr\/all-private-tours-activities-fr-7-naplespompei-fr\/visite-de-naples-visite-privee-de-4-heures-de-la-ville\/","og_locale":"fr_FR","og_type":"article","og_title":"Visite de Naples - Visite priv\u00e9e de 4 heures de la ville","og_description":"D\u00e9couvrez la beaut\u00e9 de Naples lors d'un tour de ville priv\u00e9 de 4 heures. Visitez le Castel dell'Ovo, la rue Spaccanapoli, et plus encore avec un guide personnel et un transport de luxe.","og_url":"https:\/\/tourtravelandmore.com\/fr\/tours\/italie-fr\/naplespompei-fr\/all-private-tours-activities-fr-7-naplespompei-fr\/visite-de-naples-visite-privee-de-4-heures-de-la-ville\/","og_site_name":"Tour Travel And More","article_publisher":"https:\/\/www.facebook.com\/tourtravelandmore\/","article_modified_time":"2024-08-21T15:30:53+00:00","og_image":[{"width":960,"height":720,"url":"https:\/\/tourtravelandmore.com\/wp-content\/uploads\/2017\/04\/Napoli-8.jpg","type":"image\/jpeg"}],"twitter_card":"summary_large_image","twitter_site":"@TourTravel_More","twitter_misc":{"Dur\u00e9e de lecture estim\u00e9e":"4 minutes"},"schema":{"@context":"https:\/\/schema.org","@graph":[{"@type":"WebPage","@id":"https:\/\/tourtravelandmore.com\/fr\/tours\/italie-fr\/naplespompei-fr\/all-private-tours-activities-fr-7-naplespompei-fr\/visite-de-naples-visite-privee-de-4-heures-de-la-ville\/","url":"https:\/\/tourtravelandmore.com\/fr\/tours\/italie-fr\/naplespompei-fr\/all-private-tours-activities-fr-7-naplespompei-fr\/visite-de-naples-visite-privee-de-4-heures-de-la-ville\/","name":"Visite priv\u00e9e de 4 heures de la ville de Naples - Explorer avec un guide expert","isPartOf":{"@id":"https:\/\/tourtravelandmore.com\/fr\/#website"},"primaryImageOfPage":{"@id":"https:\/\/tourtravelandmore.com\/fr\/tours\/italie-fr\/naplespompei-fr\/all-private-tours-activities-fr-7-naplespompei-fr\/visite-de-naples-visite-privee-de-4-heures-de-la-ville\/#primaryimage"},"image":{"@id":"https:\/\/tourtravelandmore.com\/fr\/tours\/italie-fr\/naplespompei-fr\/all-private-tours-activities-fr-7-naplespompei-fr\/visite-de-naples-visite-privee-de-4-heures-de-la-ville\/#primaryimage"},"thumbnailUrl":"https:\/\/tourtravelandmore.com\/wp-content\/uploads\/2017\/04\/Napoli-8.jpg","datePublished":"2017-04-10T15:12:16+00:00","dateModified":"2024-08-21T15:30:53+00:00","description":"D\u00e9couvrez la beaut\u00e9 de Naples lors d'un tour de ville priv\u00e9 de 4 heures. Visitez le Castel dell'Ovo, la rue Spaccanapoli, et plus encore avec un guide personnel et un transport de luxe.","breadcrumb":{"@id":"https:\/\/tourtravelandmore.com\/fr\/tours\/italie-fr\/naplespompei-fr\/all-private-tours-activities-fr-7-naplespompei-fr\/visite-de-naples-visite-privee-de-4-heures-de-la-ville\/#breadcrumb"},"inLanguage":"fr-FR","potentialAction":[{"@type":"ReadAction","target":["https:\/\/tourtravelandmore.com\/fr\/tours\/italie-fr\/naplespompei-fr\/all-private-tours-activities-fr-7-naplespompei-fr\/visite-de-naples-visite-privee-de-4-heures-de-la-ville\/"]}]},{"@type":"ImageObject","inLanguage":"fr-FR","@id":"https:\/\/tourtravelandmore.com\/fr\/tours\/italie-fr\/naplespompei-fr\/all-private-tours-activities-fr-7-naplespompei-fr\/visite-de-naples-visite-privee-de-4-heures-de-la-ville\/#primaryimage","url":"https:\/\/tourtravelandmore.com\/wp-content\/uploads\/2017\/04\/Napoli-8.jpg","contentUrl":"https:\/\/tourtravelandmore.com\/wp-content\/uploads\/2017\/04\/Napoli-8.jpg","width":960,"height":720},{"@type":"BreadcrumbList","@id":"https:\/\/tourtravelandmore.com\/fr\/tours\/italie-fr\/naplespompei-fr\/all-private-tours-activities-fr-7-naplespompei-fr\/visite-de-naples-visite-privee-de-4-heures-de-la-ville\/#breadcrumb","itemListElement":[{"@type":"ListItem","position":1,"name":"Home","item":"https:\/\/tourtravelandmore.com\/fr\/"},{"@type":"ListItem","position":2,"name":"Tours","item":"https:\/\/tourtravelandmore.com\/fr\/tours\/"},{"@type":"ListItem","position":3,"name":"Visite de Naples &#8211; Visite priv\u00e9e de 4 heures de la ville"}]},{"@type":"WebSite","@id":"https:\/\/tourtravelandmore.com\/fr\/#website","url":"https:\/\/tourtravelandmore.com\/fr\/","name":"Tour Travel And More","description":"Private sightseeing tours and luxury transfers in Spain","publisher":{"@id":"https:\/\/tourtravelandmore.com\/fr\/#organization"},"potentialAction":[{"@type":"SearchAction","target":{"@type":"EntryPoint","urlTemplate":"https:\/\/tourtravelandmore.com\/fr\/?s={search_term_string}"},"query-input":{"@type":"PropertyValueSpecification","valueRequired":true,"valueName":"search_term_string"}}],"inLanguage":"fr-FR"},{"@type":"Organization","@id":"https:\/\/tourtravelandmore.com\/fr\/#organization","name":"Tour Travel And More","url":"https:\/\/tourtravelandmore.com\/fr\/","logo":{"@type":"ImageObject","inLanguage":"fr-FR","@id":"https:\/\/tourtravelandmore.com\/fr\/#\/schema\/logo\/image\/","url":"https:\/\/tourtravelandmore.com\/wp-content\/uploads\/2022\/12\/cropped-logo-cabecera-new.png","contentUrl":"https:\/\/tourtravelandmore.com\/wp-content\/uploads\/2022\/12\/cropped-logo-cabecera-new.png","width":430,"height":61,"caption":"Tour Travel And More"},"image":{"@id":"https:\/\/tourtravelandmore.com\/fr\/#\/schema\/logo\/image\/"},"sameAs":["https:\/\/www.facebook.com\/tourtravelandmore\/","https:\/\/x.com\/TourTravel_More"]}]}},"_links":{"self":[{"href":"https:\/\/tourtravelandmore.com\/fr\/wp-json\/wp\/v2\/product\/101658","targetHints":{"allow":["GET"]}}],"collection":[{"href":"https:\/\/tourtravelandmore.com\/fr\/wp-json\/wp\/v2\/product"}],"about":[{"href":"https:\/\/tourtravelandmore.com\/fr\/wp-json\/wp\/v2\/types\/product"}],"replies":[{"embeddable":true,"href":"https:\/\/tourtravelandmore.com\/fr\/wp-json\/wp\/v2\/comments?post=101658"}],"wp:featuredmedia":[{"embeddable":true,"href":"https:\/\/tourtravelandmore.com\/fr\/wp-json\/wp\/v2\/media\/94317"}],"wp:attachment":[{"href":"https:\/\/tourtravelandmore.com\/fr\/wp-json\/wp\/v2\/media?parent=101658"}],"wp:term":[{"taxonomy":"product_brand","embeddable":true,"href":"https:\/\/tourtravelandmore.com\/fr\/wp-json\/wp\/v2\/product_brand?post=101658"},{"taxonomy":"product_cat","embeddable":true,"href":"https:\/\/tourtravelandmore.com\/fr\/wp-json\/wp\/v2\/product_cat?post=101658"},{"taxonomy":"product_tag","embeddable":true,"href":"https:\/\/tourtravelandmore.com\/fr\/wp-json\/wp\/v2\/product_tag?post=101658"}],"curies":[{"name":"wp","href":"https:\/\/api.w.org\/{rel}","templated":true}]}}