{"id":101652,"date":"2017-04-10T17:05:19","date_gmt":"2017-04-10T15:05:19","guid":{"rendered":"https:\/\/tourtravelandmore.com\/tours\/non%20class\u00e9\/visite-de-naples-et-de-pompei-visite-privee-dune-journee-complete-au-depart-de-naples\/"},"modified":"2024-08-21T17:31:11","modified_gmt":"2024-08-21T15:31:11","slug":"visite-de-naples-et-de-pompei-visite-privee-dune-journee-complete-au-depart-de-naples","status":"publish","type":"product","link":"https:\/\/tourtravelandmore.com\/fr\/tours\/italie-fr\/naplespompei-fr\/all-private-tours-activities-fr-7-naplespompei-fr\/visite-de-naples-et-de-pompei-visite-privee-dune-journee-complete-au-depart-de-naples\/","title":{"rendered":"Visite de Naples et de Pomp\u00e9i &#8211; Visite priv\u00e9e d&#8217;une journ\u00e9e compl\u00e8te au d\u00e9part de Naples"},"content":{"rendered":"<h2><b>Visite de Naples et Pomp\u00e9i &#8211; Exp\u00e9dition culturelle priv\u00e9e d&#8217;une journ\u00e9e au d\u00e9part de Naples Description<\/b><\/h2>\n<p><span style=\"font-weight: 400;\">Pr\u00e9parez-vous \u00e0 un voyage enrichissant en embarquant pour notre visite priv\u00e9e de Naples et Pomp\u00e9i, guid\u00e9e par notre guide touristique certifi\u00e9 et notre chauffeur. Plongez dans les splendeurs de l&#8217;architecture remarquable de Naples et plongez dans l&#8217;histoire captivante de la ville l\u00e9gendaire de Pomp\u00e9i. Cette exp\u00e9rience exclusive promet de d\u00e9voiler les tr\u00e9sors de deux destinations embl\u00e9matiques de l&#8217;Italie<\/span><\/p>\n<p><span style=\"font-weight: 400;\">Naples, troisi\u00e8me ville d&#8217;Italie, est une ancienne m\u00e9tropole impr\u00e9gn\u00e9e d&#8217;histoire et de culture. Sa vieille ville, class\u00e9e au patrimoine mondial de l&#8217;UNESCO, poss\u00e8de une \u00e9tonnante collection de monuments historiques et un charme unique qui captivera vos sens. Nich\u00e9e dans la pittoresque baie de Naples, la ville promet des vues \u00e0 couper le souffle et de riches exp\u00e9riences.<\/span><\/p>\n<p><span style=\"font-weight: 400;\">En 79 apr\u00e8s J.-C., le puissant mont V\u00e9suve, situ\u00e9 \u00e0 proximit\u00e9 de Naples, est entr\u00e9 en \u00e9ruption, recouvrant la ville de Pomp\u00e9i de cendres volcaniques. Des si\u00e8cles plus tard, en 1748, d&#8217;intr\u00e9pides explorateurs ont red\u00e9couvert le site, d\u00e9voilant les ruines remarquablement bien pr\u00e9serv\u00e9es de l&#8217;ancienne cit\u00e9 romaine de Pomp\u00e9i.<\/span><\/p>\n<p><span style=\"font-weight: 400;\">Naples est \u00e9galement r\u00e9put\u00e9e pour ses prouesses culinaires, en particulier sa d\u00e9lectable &#8220;Pizza Napolitana&#8221;. Au cours de votre visite priv\u00e9e de Naples et de Pomp\u00e9i, vous aurez l&#8217;occasion de d\u00e9guster cette pizza embl\u00e9matique dans un charmant restaurant, ce qui ajoutera un go\u00fbt d&#8217;authenticit\u00e9 \u00e0 votre aventure.<\/span><\/p>\n<p><span style=\"font-weight: 400;\">Bien que la dur\u00e9e standard de cette visite soit de 8 heures, nous comprenons que les pr\u00e9f\u00e9rences et les int\u00e9r\u00eats de chaque voyageur varient. Soyez assur\u00e9s que nous pouvons adapter la dur\u00e9e de l&#8217;excursion \u00e0 vos souhaits sp\u00e9cifiques, en veillant \u00e0 ce que votre exploration de Naples et de Pomp\u00e9i s&#8217;aligne parfaitement sur votre emploi du temps.<\/span><\/p>\n<p><span style=\"font-weight: 400;\">Pour ceux qui sont exclusivement int\u00e9ress\u00e9s par la d\u00e9couverte de Naples, nous proposons un tour de ville condens\u00e9 de 4 heures, offrant une introduction compl\u00e8te \u00e0 cette ville enchanteresse qui vous laissera sous le charme.<\/span><\/p>\n<h2><b>Visite de Naples et Pomp\u00e9i &#8211; Exp\u00e9dition culturelle priv\u00e9e d&#8217;une journ\u00e9e au d\u00e9part de Naples | Points d&#8217;int\u00e9r\u00eat et sites touristiques<\/b><\/h2>\n<p><span style=\"font-weight: 400;\">Votre chauffeur priv\u00e9, accompagn\u00e9 d&#8217;un guide officiel, viendra vous chercher \u00e0 votre h\u00f4tel ou \u00e0 l&#8217;endroit de votre choix \u00e0 Naples. Comme il s&#8217;agit d&#8217;une visite personnalis\u00e9e, elle commence \u00e0 l&#8217;heure de votre choix, ce qui garantit une exp\u00e9rience fluide et confortable.<\/span><\/p>\n<p><span style=\"font-weight: 400;\">L&#8217;excursion commence par une visite du site arch\u00e9ologique impressionnant de Pomp\u00e9i, \u00e0 seulement une demi-heure de Naples. Vous aurez l&#8217;occasion d&#8217;explorer l&#8217;amphith\u00e9\u00e2tre romain, le sanctuaire de Pomp\u00e9i et l&#8217;antiquarium, ce qui vous permettra de mieux comprendre le pass\u00e9 antique de la ville. Le prix de cette visite comprend l&#8217;entr\u00e9e au site arch\u00e9ologique de Pomp\u00e9i.<\/span><\/p>\n<p><span style=\"font-weight: 400;\">Ensuite, nous retournons \u00e0 Naples pour explorer les tr\u00e9sors culturels de la ville. Parmi la myriade de monuments et de points de rep\u00e8re que vous rencontrerez, citons les suivants :<\/span><\/p>\n<ul>\n<li style=\"font-weight: 400;\" aria-level=\"1\"><b>Mus\u00e9e arch\u00e9ologique <\/b><span style=\"font-weight: 400;\">: Plongez dans la riche histoire et l&#8217;art de Naples en visitant son mus\u00e9e arch\u00e9ologique de renomm\u00e9e mondiale.<\/span><\/li>\n<li style=\"font-weight: 400;\" aria-level=\"1\"><b>Chapelle San Severo :<\/b><span style=\"font-weight: 400;\"> Admirez l&#8217;incroyable sculpture du Christ voil\u00e9 et les merveilles de l&#8217;art baroque dans cette chapelle historique.<\/span><\/li>\n<li style=\"font-weight: 400;\" aria-level=\"1\"><b>Teatro di San Carlo : <\/b><span style=\"font-weight: 400;\">Admirez l&#8217;opulence et la grandeur de l&#8217;un des plus anciens op\u00e9ras d&#8217;Europe.<\/span><\/li>\n<li style=\"font-weight: 400;\" aria-level=\"1\"><b>Castel dell&#8217;Ovo :<\/b><span style=\"font-weight: 400;\"> Explorez le &#8220;ch\u00e2teau de l&#8217;\u0153uf&#8221; historique et profitez de vues panoramiques sur le golfe de Naples.<\/span><\/li>\n<li style=\"font-weight: 400;\" aria-level=\"1\"><b>Cath\u00e9drale de Naples :<\/b><span style=\"font-weight: 400;\"> D\u00e9couvrez la grandeur de cette cath\u00e9drale vieille de plusieurs si\u00e8cles, chef-d&#8217;\u0153uvre de l&#8217;architecture gothique et baroque.<\/span><\/li>\n<li style=\"font-weight: 400;\" aria-level=\"1\"><b>Palais royal de Naples :<\/b><span style=\"font-weight: 400;\"> Entrez dans la splendeur du palais royal, t\u00e9moin de si\u00e8cles d&#8217;histoire italienne.<\/span><\/li>\n<li style=\"font-weight: 400;\" aria-level=\"1\"><b>Ch\u00e2teau Neuf :<\/b><span style=\"font-weight: 400;\"> D\u00e9couvrez les secrets du &#8220;Nouveau Ch\u00e2teau&#8221; et son importance dans le patrimoine de Naples.<\/span><\/li>\n<li style=\"font-weight: 400;\" aria-level=\"1\"><b>Santa Chiara : <\/b><span style=\"font-weight: 400;\">Admirez la beaut\u00e9 du complexe de Santa Chiara, notamment son \u00e9tonnant clo\u00eetre orn\u00e9 de carreaux de c\u00e9ramique color\u00e9s.<\/span><\/li>\n<li style=\"font-weight: 400;\" aria-level=\"1\"><b>Maison du Faune : <\/b><span style=\"font-weight: 400;\">Remontez le temps en explorant l&#8217;opulente Maison du Faune, l&#8217;une des plus belles demeures de Pomp\u00e9i.<\/span><\/li>\n<li style=\"font-weight: 400;\" aria-level=\"1\"><b>Temple d&#8217;Apollon :<\/b><span style=\"font-weight: 400;\"> Rendez hommage au dieu de la musique, de la po\u00e9sie et de l&#8217;art dans ce temple antique.<\/span><\/li>\n<\/ul>\n<p><span style=\"font-weight: 400;\">De plus, vous aurez un acc\u00e8s exclusif \u00e0 un v\u00e9hicule de luxe priv\u00e9 avec un chauffeur d\u00e9vou\u00e9, assurant votre confort et votre commodit\u00e9 tout au long du voyage. Les billets d&#8217;entr\u00e9e pour les monuments ou mus\u00e9es que vous souhaitez explorer pendant la visite peuvent \u00e9galement \u00eatre inclus sur demande.<\/span><\/p>\n<p><a href=\"https:\/\/tourtravelandmore.com\/fr\/city\/italie-fr\/naplespompei-fr\/\"><span style=\"font-weight: 400;\">Embarquez pour une exp\u00e9dition extraordinaire \u00e0 travers Naples<\/span><\/a><span style=\"font-weight: 400;\"> et Pomp\u00e9i, o\u00f9 l&#8217;histoire, la culture et la cuisine convergent pour cr\u00e9er une tapisserie d&#8217;exp\u00e9riences inoubliables. Notre engagement \u00e0 fournir un circuit exceptionnel garantit que chaque moment de votre aventure est enrichi de connaissances, de confort et de souvenirs durables.<\/span><\/p>\n","protected":false},"excerpt":{"rendered":"<p><span style=\"font-weight: 400;\">\u00a0Plongez dans l&#8217;histoire captivante de Naples et de Pomp\u00e9i gr\u00e2ce \u00e0 notre exp\u00e9dition culturelle priv\u00e9e d&#8217;une journ\u00e9e. Des ruines antiques de Pomp\u00e9i aux joyaux culturels de Naples, d\u00e9couvrez le riche patrimoine de l&#8217;Italie et savourez ses d\u00e9lices culinaires lors de cette visite exclusive.<\/span><\/p>\n","protected":false},"featured_media":97899,"comment_status":"open","ping_status":"closed","template":"","meta":{"_acf_changed":false},"product_brand":[],"product_cat":[4370,4372,4371,3551],"product_tag":[],"class_list":{"0":"post-101652","1":"product","2":"type-product","3":"status-publish","4":"has-post-thumbnail","6":"product_cat-all-private-tours-activities-fr-7-naplespompei-fr","7":"product_cat-private-shore-excursions-fr-8-naplespompei-fr","8":"product_cat-private-sightseeing-tours-fr-7-naplespompei-fr","9":"product_cat-naplespompei-fr","11":"first","12":"instock","13":"shipping-taxable","14":"purchasable","15":"product-type-simple"},"acf":[],"yoast_head":"<!-- This site is optimized with the Yoast SEO Premium plugin v25.3.1 (Yoast SEO v25.3.1) - https:\/\/yoast.com\/wordpress\/plugins\/seo\/ -->\n<title>Explorer Naples et Pomp\u00e9i - Exp\u00e9dition culturelle priv\u00e9e d&#039;une journ\u00e9e au d\u00e9part de Naples<\/title>\n<meta name=\"description\" content=\"L&#039;objectif de cette visite est de d\u00e9couvrir les tr\u00e9sors de Naples et de Pomp\u00e9i. Vous d\u00e9couvrirez des merveilles arch\u00e9ologiques \u2705\" \/>\n<meta name=\"robots\" content=\"index, follow, max-snippet:-1, max-image-preview:large, max-video-preview:-1\" \/>\n<link rel=\"canonical\" href=\"https:\/\/tourtravelandmore.com\/fr\/tours\/italie-fr\/naplespompei-fr\/all-private-tours-activities-fr-7-naplespompei-fr\/visite-de-naples-et-de-pompei-visite-privee-dune-journee-complete-au-depart-de-naples\/\" \/>\n<meta property=\"og:locale\" content=\"fr_FR\" \/>\n<meta property=\"og:type\" content=\"article\" \/>\n<meta property=\"og:title\" content=\"Visite de Naples et de Pomp\u00e9i - Visite priv\u00e9e d&#039;une journ\u00e9e compl\u00e8te au d\u00e9part de Naples\" \/>\n<meta property=\"og:description\" content=\"L&#039;objectif de cette visite est de d\u00e9couvrir les tr\u00e9sors de Naples et de Pomp\u00e9i. Vous d\u00e9couvrirez des merveilles arch\u00e9ologiques \u2705\" \/>\n<meta property=\"og:url\" content=\"https:\/\/tourtravelandmore.com\/fr\/tours\/italie-fr\/naplespompei-fr\/all-private-tours-activities-fr-7-naplespompei-fr\/visite-de-naples-et-de-pompei-visite-privee-dune-journee-complete-au-depart-de-naples\/\" \/>\n<meta property=\"og:site_name\" content=\"Tour Travel And More\" \/>\n<meta property=\"article:publisher\" content=\"https:\/\/www.facebook.com\/tourtravelandmore\/\" \/>\n<meta property=\"article:modified_time\" content=\"2024-08-21T15:31:11+00:00\" \/>\n<meta property=\"og:image\" content=\"https:\/\/tourtravelandmore.com\/wp-content\/uploads\/2017\/04\/napoles-3.jpg\" \/>\n\t<meta property=\"og:image:width\" content=\"1024\" \/>\n\t<meta property=\"og:image:height\" content=\"681\" \/>\n\t<meta property=\"og:image:type\" content=\"image\/jpeg\" \/>\n<meta name=\"twitter:card\" content=\"summary_large_image\" \/>\n<meta name=\"twitter:site\" content=\"@TourTravel_More\" \/>\n<meta name=\"twitter:label1\" content=\"Dur\u00e9e de lecture estim\u00e9e\" \/>\n\t<meta name=\"twitter:data1\" content=\"4 minutes\" \/>\n<script type=\"application\/ld+json\" class=\"yoast-schema-graph\">{\"@context\":\"https:\/\/schema.org\",\"@graph\":[{\"@type\":\"WebPage\",\"@id\":\"https:\/\/tourtravelandmore.com\/fr\/tours\/italie-fr\/naplespompei-fr\/all-private-tours-activities-fr-7-naplespompei-fr\/visite-de-naples-et-de-pompei-visite-privee-dune-journee-complete-au-depart-de-naples\/\",\"url\":\"https:\/\/tourtravelandmore.com\/fr\/tours\/italie-fr\/naplespompei-fr\/all-private-tours-activities-fr-7-naplespompei-fr\/visite-de-naples-et-de-pompei-visite-privee-dune-journee-complete-au-depart-de-naples\/\",\"name\":\"Explorer Naples et Pomp\u00e9i - Exp\u00e9dition culturelle priv\u00e9e d'une journ\u00e9e au d\u00e9part de Naples\",\"isPartOf\":{\"@id\":\"https:\/\/tourtravelandmore.com\/fr\/#website\"},\"primaryImageOfPage\":{\"@id\":\"https:\/\/tourtravelandmore.com\/fr\/tours\/italie-fr\/naplespompei-fr\/all-private-tours-activities-fr-7-naplespompei-fr\/visite-de-naples-et-de-pompei-visite-privee-dune-journee-complete-au-depart-de-naples\/#primaryimage\"},\"image\":{\"@id\":\"https:\/\/tourtravelandmore.com\/fr\/tours\/italie-fr\/naplespompei-fr\/all-private-tours-activities-fr-7-naplespompei-fr\/visite-de-naples-et-de-pompei-visite-privee-dune-journee-complete-au-depart-de-naples\/#primaryimage\"},\"thumbnailUrl\":\"https:\/\/tourtravelandmore.com\/wp-content\/uploads\/2017\/04\/napoles-3.jpg\",\"datePublished\":\"2017-04-10T15:05:19+00:00\",\"dateModified\":\"2024-08-21T15:31:11+00:00\",\"description\":\"L'objectif de cette visite est de d\u00e9couvrir les tr\u00e9sors de Naples et de Pomp\u00e9i. Vous d\u00e9couvrirez des merveilles arch\u00e9ologiques \u2705\",\"breadcrumb\":{\"@id\":\"https:\/\/tourtravelandmore.com\/fr\/tours\/italie-fr\/naplespompei-fr\/all-private-tours-activities-fr-7-naplespompei-fr\/visite-de-naples-et-de-pompei-visite-privee-dune-journee-complete-au-depart-de-naples\/#breadcrumb\"},\"inLanguage\":\"fr-FR\",\"potentialAction\":[{\"@type\":\"ReadAction\",\"target\":[\"https:\/\/tourtravelandmore.com\/fr\/tours\/italie-fr\/naplespompei-fr\/all-private-tours-activities-fr-7-naplespompei-fr\/visite-de-naples-et-de-pompei-visite-privee-dune-journee-complete-au-depart-de-naples\/\"]}]},{\"@type\":\"ImageObject\",\"inLanguage\":\"fr-FR\",\"@id\":\"https:\/\/tourtravelandmore.com\/fr\/tours\/italie-fr\/naplespompei-fr\/all-private-tours-activities-fr-7-naplespompei-fr\/visite-de-naples-et-de-pompei-visite-privee-dune-journee-complete-au-depart-de-naples\/#primaryimage\",\"url\":\"https:\/\/tourtravelandmore.com\/wp-content\/uploads\/2017\/04\/napoles-3.jpg\",\"contentUrl\":\"https:\/\/tourtravelandmore.com\/wp-content\/uploads\/2017\/04\/napoles-3.jpg\",\"width\":1024,\"height\":681},{\"@type\":\"BreadcrumbList\",\"@id\":\"https:\/\/tourtravelandmore.com\/fr\/tours\/italie-fr\/naplespompei-fr\/all-private-tours-activities-fr-7-naplespompei-fr\/visite-de-naples-et-de-pompei-visite-privee-dune-journee-complete-au-depart-de-naples\/#breadcrumb\",\"itemListElement\":[{\"@type\":\"ListItem\",\"position\":1,\"name\":\"Home\",\"item\":\"https:\/\/tourtravelandmore.com\/fr\/\"},{\"@type\":\"ListItem\",\"position\":2,\"name\":\"Tours\",\"item\":\"https:\/\/tourtravelandmore.com\/fr\/tours\/\"},{\"@type\":\"ListItem\",\"position\":3,\"name\":\"Visite de Naples et de Pomp\u00e9i &#8211; Visite priv\u00e9e d&#8217;une journ\u00e9e compl\u00e8te au d\u00e9part de Naples\"}]},{\"@type\":\"WebSite\",\"@id\":\"https:\/\/tourtravelandmore.com\/fr\/#website\",\"url\":\"https:\/\/tourtravelandmore.com\/fr\/\",\"name\":\"Tour Travel And More\",\"description\":\"Private sightseeing tours and luxury transfers in Spain\",\"publisher\":{\"@id\":\"https:\/\/tourtravelandmore.com\/fr\/#organization\"},\"potentialAction\":[{\"@type\":\"SearchAction\",\"target\":{\"@type\":\"EntryPoint\",\"urlTemplate\":\"https:\/\/tourtravelandmore.com\/fr\/?s={search_term_string}\"},\"query-input\":{\"@type\":\"PropertyValueSpecification\",\"valueRequired\":true,\"valueName\":\"search_term_string\"}}],\"inLanguage\":\"fr-FR\"},{\"@type\":\"Organization\",\"@id\":\"https:\/\/tourtravelandmore.com\/fr\/#organization\",\"name\":\"Tour Travel And More\",\"url\":\"https:\/\/tourtravelandmore.com\/fr\/\",\"logo\":{\"@type\":\"ImageObject\",\"inLanguage\":\"fr-FR\",\"@id\":\"https:\/\/tourtravelandmore.com\/fr\/#\/schema\/logo\/image\/\",\"url\":\"https:\/\/tourtravelandmore.com\/wp-content\/uploads\/2022\/12\/cropped-logo-cabecera-new.png\",\"contentUrl\":\"https:\/\/tourtravelandmore.com\/wp-content\/uploads\/2022\/12\/cropped-logo-cabecera-new.png\",\"width\":430,\"height\":61,\"caption\":\"Tour Travel And More\"},\"image\":{\"@id\":\"https:\/\/tourtravelandmore.com\/fr\/#\/schema\/logo\/image\/\"},\"sameAs\":[\"https:\/\/www.facebook.com\/tourtravelandmore\/\",\"https:\/\/x.com\/TourTravel_More\"]}]}<\/script>\n<!-- \/ Yoast SEO Premium plugin. -->","yoast_head_json":{"title":"Explorer Naples et Pomp\u00e9i - Exp\u00e9dition culturelle priv\u00e9e d'une journ\u00e9e au d\u00e9part de Naples","description":"L'objectif de cette visite est de d\u00e9couvrir les tr\u00e9sors de Naples et de Pomp\u00e9i. Vous d\u00e9couvrirez des merveilles arch\u00e9ologiques \u2705","robots":{"index":"index","follow":"follow","max-snippet":"max-snippet:-1","max-image-preview":"max-image-preview:large","max-video-preview":"max-video-preview:-1"},"canonical":"https:\/\/tourtravelandmore.com\/fr\/tours\/italie-fr\/naplespompei-fr\/all-private-tours-activities-fr-7-naplespompei-fr\/visite-de-naples-et-de-pompei-visite-privee-dune-journee-complete-au-depart-de-naples\/","og_locale":"fr_FR","og_type":"article","og_title":"Visite de Naples et de Pomp\u00e9i - Visite priv\u00e9e d'une journ\u00e9e compl\u00e8te au d\u00e9part de Naples","og_description":"L'objectif de cette visite est de d\u00e9couvrir les tr\u00e9sors de Naples et de Pomp\u00e9i. Vous d\u00e9couvrirez des merveilles arch\u00e9ologiques \u2705","og_url":"https:\/\/tourtravelandmore.com\/fr\/tours\/italie-fr\/naplespompei-fr\/all-private-tours-activities-fr-7-naplespompei-fr\/visite-de-naples-et-de-pompei-visite-privee-dune-journee-complete-au-depart-de-naples\/","og_site_name":"Tour Travel And More","article_publisher":"https:\/\/www.facebook.com\/tourtravelandmore\/","article_modified_time":"2024-08-21T15:31:11+00:00","og_image":[{"width":1024,"height":681,"url":"https:\/\/tourtravelandmore.com\/wp-content\/uploads\/2017\/04\/napoles-3.jpg","type":"image\/jpeg"}],"twitter_card":"summary_large_image","twitter_site":"@TourTravel_More","twitter_misc":{"Dur\u00e9e de lecture estim\u00e9e":"4 minutes"},"schema":{"@context":"https:\/\/schema.org","@graph":[{"@type":"WebPage","@id":"https:\/\/tourtravelandmore.com\/fr\/tours\/italie-fr\/naplespompei-fr\/all-private-tours-activities-fr-7-naplespompei-fr\/visite-de-naples-et-de-pompei-visite-privee-dune-journee-complete-au-depart-de-naples\/","url":"https:\/\/tourtravelandmore.com\/fr\/tours\/italie-fr\/naplespompei-fr\/all-private-tours-activities-fr-7-naplespompei-fr\/visite-de-naples-et-de-pompei-visite-privee-dune-journee-complete-au-depart-de-naples\/","name":"Explorer Naples et Pomp\u00e9i - Exp\u00e9dition culturelle priv\u00e9e d'une journ\u00e9e au d\u00e9part de Naples","isPartOf":{"@id":"https:\/\/tourtravelandmore.com\/fr\/#website"},"primaryImageOfPage":{"@id":"https:\/\/tourtravelandmore.com\/fr\/tours\/italie-fr\/naplespompei-fr\/all-private-tours-activities-fr-7-naplespompei-fr\/visite-de-naples-et-de-pompei-visite-privee-dune-journee-complete-au-depart-de-naples\/#primaryimage"},"image":{"@id":"https:\/\/tourtravelandmore.com\/fr\/tours\/italie-fr\/naplespompei-fr\/all-private-tours-activities-fr-7-naplespompei-fr\/visite-de-naples-et-de-pompei-visite-privee-dune-journee-complete-au-depart-de-naples\/#primaryimage"},"thumbnailUrl":"https:\/\/tourtravelandmore.com\/wp-content\/uploads\/2017\/04\/napoles-3.jpg","datePublished":"2017-04-10T15:05:19+00:00","dateModified":"2024-08-21T15:31:11+00:00","description":"L'objectif de cette visite est de d\u00e9couvrir les tr\u00e9sors de Naples et de Pomp\u00e9i. Vous d\u00e9couvrirez des merveilles arch\u00e9ologiques \u2705","breadcrumb":{"@id":"https:\/\/tourtravelandmore.com\/fr\/tours\/italie-fr\/naplespompei-fr\/all-private-tours-activities-fr-7-naplespompei-fr\/visite-de-naples-et-de-pompei-visite-privee-dune-journee-complete-au-depart-de-naples\/#breadcrumb"},"inLanguage":"fr-FR","potentialAction":[{"@type":"ReadAction","target":["https:\/\/tourtravelandmore.com\/fr\/tours\/italie-fr\/naplespompei-fr\/all-private-tours-activities-fr-7-naplespompei-fr\/visite-de-naples-et-de-pompei-visite-privee-dune-journee-complete-au-depart-de-naples\/"]}]},{"@type":"ImageObject","inLanguage":"fr-FR","@id":"https:\/\/tourtravelandmore.com\/fr\/tours\/italie-fr\/naplespompei-fr\/all-private-tours-activities-fr-7-naplespompei-fr\/visite-de-naples-et-de-pompei-visite-privee-dune-journee-complete-au-depart-de-naples\/#primaryimage","url":"https:\/\/tourtravelandmore.com\/wp-content\/uploads\/2017\/04\/napoles-3.jpg","contentUrl":"https:\/\/tourtravelandmore.com\/wp-content\/uploads\/2017\/04\/napoles-3.jpg","width":1024,"height":681},{"@type":"BreadcrumbList","@id":"https:\/\/tourtravelandmore.com\/fr\/tours\/italie-fr\/naplespompei-fr\/all-private-tours-activities-fr-7-naplespompei-fr\/visite-de-naples-et-de-pompei-visite-privee-dune-journee-complete-au-depart-de-naples\/#breadcrumb","itemListElement":[{"@type":"ListItem","position":1,"name":"Home","item":"https:\/\/tourtravelandmore.com\/fr\/"},{"@type":"ListItem","position":2,"name":"Tours","item":"https:\/\/tourtravelandmore.com\/fr\/tours\/"},{"@type":"ListItem","position":3,"name":"Visite de Naples et de Pomp\u00e9i &#8211; Visite priv\u00e9e d&#8217;une journ\u00e9e compl\u00e8te au d\u00e9part de Naples"}]},{"@type":"WebSite","@id":"https:\/\/tourtravelandmore.com\/fr\/#website","url":"https:\/\/tourtravelandmore.com\/fr\/","name":"Tour Travel And More","description":"Private sightseeing tours and luxury transfers in Spain","publisher":{"@id":"https:\/\/tourtravelandmore.com\/fr\/#organization"},"potentialAction":[{"@type":"SearchAction","target":{"@type":"EntryPoint","urlTemplate":"https:\/\/tourtravelandmore.com\/fr\/?s={search_term_string}"},"query-input":{"@type":"PropertyValueSpecification","valueRequired":true,"valueName":"search_term_string"}}],"inLanguage":"fr-FR"},{"@type":"Organization","@id":"https:\/\/tourtravelandmore.com\/fr\/#organization","name":"Tour Travel And More","url":"https:\/\/tourtravelandmore.com\/fr\/","logo":{"@type":"ImageObject","inLanguage":"fr-FR","@id":"https:\/\/tourtravelandmore.com\/fr\/#\/schema\/logo\/image\/","url":"https:\/\/tourtravelandmore.com\/wp-content\/uploads\/2022\/12\/cropped-logo-cabecera-new.png","contentUrl":"https:\/\/tourtravelandmore.com\/wp-content\/uploads\/2022\/12\/cropped-logo-cabecera-new.png","width":430,"height":61,"caption":"Tour Travel And More"},"image":{"@id":"https:\/\/tourtravelandmore.com\/fr\/#\/schema\/logo\/image\/"},"sameAs":["https:\/\/www.facebook.com\/tourtravelandmore\/","https:\/\/x.com\/TourTravel_More"]}]}},"_links":{"self":[{"href":"https:\/\/tourtravelandmore.com\/fr\/wp-json\/wp\/v2\/product\/101652","targetHints":{"allow":["GET"]}}],"collection":[{"href":"https:\/\/tourtravelandmore.com\/fr\/wp-json\/wp\/v2\/product"}],"about":[{"href":"https:\/\/tourtravelandmore.com\/fr\/wp-json\/wp\/v2\/types\/product"}],"replies":[{"embeddable":true,"href":"https:\/\/tourtravelandmore.com\/fr\/wp-json\/wp\/v2\/comments?post=101652"}],"wp:featuredmedia":[{"embeddable":true,"href":"https:\/\/tourtravelandmore.com\/fr\/wp-json\/wp\/v2\/media\/97899"}],"wp:attachment":[{"href":"https:\/\/tourtravelandmore.com\/fr\/wp-json\/wp\/v2\/media?parent=101652"}],"wp:term":[{"taxonomy":"product_brand","embeddable":true,"href":"https:\/\/tourtravelandmore.com\/fr\/wp-json\/wp\/v2\/product_brand?post=101652"},{"taxonomy":"product_cat","embeddable":true,"href":"https:\/\/tourtravelandmore.com\/fr\/wp-json\/wp\/v2\/product_cat?post=101652"},{"taxonomy":"product_tag","embeddable":true,"href":"https:\/\/tourtravelandmore.com\/fr\/wp-json\/wp\/v2\/product_tag?post=101652"}],"curies":[{"name":"wp","href":"https:\/\/api.w.org\/{rel}","templated":true}]}}