{"id":101646,"date":"2017-04-10T16:46:51","date_gmt":"2017-04-10T14:46:51","guid":{"rendered":"https:\/\/tourtravelandmore.com\/tours\/non%20class\u00e9\/transfert-prive-a-naples-depuis-vers-nimporte-quel-endroit\/"},"modified":"2024-08-21T17:31:40","modified_gmt":"2024-08-21T15:31:40","slug":"transfert-prive-a-naples-depuis-vers-nimporte-quel-endroit","status":"publish","type":"product","link":"https:\/\/tourtravelandmore.com\/fr\/tours\/italie-fr\/naplespompei-fr\/transfert-prive-a-naples-depuis-vers-nimporte-quel-endroit\/","title":{"rendered":"Transfert priv\u00e9 \u00e0 Naples &#8211; depuis \/ vers n&#8217;importe quel endroit"},"content":{"rendered":"<h2><b>Transfert priv\u00e9 \u00e0 Naples &#8211; vers\/depuis n&#8217;importe quelle destination Description<\/b><\/h2>\n<p><span style=\"font-weight: 400;\">Embarquez pour un voyage d&#8217;un confort et d&#8217;une commodit\u00e9 in\u00e9gal\u00e9s avec notre service de transfert priv\u00e9 \u00e0 Naples. Notre sp\u00e9cialit\u00e9 est de vous offrir une exp\u00e9rience de transport fluide et sans stress, que vous arriviez \u00e0 l&#8217;a\u00e9roport, que vous d\u00e9barquiez au port ou que vous deviez vous rendre \u00e0 n&#8217;importe quelle destination \u00e0 l&#8217;int\u00e9rieur ou autour de Naples. Nos luxueux v\u00e9hicules priv\u00e9s sont \u00e0 votre service et veillent \u00e0 ce que votre transition d&#8217;un endroit \u00e0 l&#8217;autre ne soit rien de moins qu&#8217;extraordinaire.<\/span><\/p>\n<p><span style=\"font-weight: 400;\">Notre service de transfert priv\u00e9 \u00e0 Naples est la cl\u00e9 qui vous permettra d&#8217;acc\u00e9der \u00e0 la facilit\u00e9 et \u00e0 l&#8217;\u00e9l\u00e9gance du voyage. Nous sommes fiers de fournir le moyen le plus rapide et le plus efficace pour atteindre votre destination finale. Que vous preniez l&#8217;avion pour Naples, que vous arriviez au port ou que vous d\u00e9barquiez \u00e0 la gare, notre personnel d\u00e9vou\u00e9 sera l\u00e0 pour vous accueillir avec un signe personnalis\u00e9, vous assurant une r\u00e9ception chaleureuse et un d\u00e9but de voyage sans tracas.<\/span><\/p>\n<p><span style=\"font-weight: 400;\">Notre gamme d&#8217;options de transfert ne conna\u00eet pas de limites. Des transferts vers les a\u00e9roports et les ports aux liaisons avec les gares et aux transports vers les villes voisines comme Positano et Sorrento, nous couvrons toutes les \u00e9tapes de votre voyage. Nous proposons m\u00eame des transferts priv\u00e9s depuis votre h\u00f4tel ou votre appartement vers des destinations embl\u00e9matiques comme Pomp\u00e9i ou la gare de Naples, afin de faire de votre voyage une exp\u00e9rience sans faille.<\/span><\/p>\n<p><span style=\"font-weight: 400;\">Alors que vous vous dirigez vers votre destination finale, laissez-vous enchanter par la beaut\u00e9 panoramique de Naples. Les paysages \u00e9poustouflants de la ville, avec en toile de fond l&#8217;azur de la mer M\u00e9diterran\u00e9e, vous laisseront bouche b\u00e9e. Admirez les monuments historiques, les b\u00e2timents color\u00e9s et les rues charmantes qui font la renomm\u00e9e de Naples, le tout dans le confort de nos v\u00e9hicules luxueux.<\/span><\/p>\n<p><span style=\"font-weight: 400;\">Pour les voyageurs arrivant au port de croisi\u00e8re de Naples, nous offrons un accueil chaleureux avec nos services de transfert priv\u00e9. Vous avez le choix entre un transfert direct vers Naples ou une visite priv\u00e9e de Naples depuis le port de croisi\u00e8re. Nous offrons une grande flexibilit\u00e9 et des exp\u00e9riences sur mesure pour r\u00e9pondre \u00e0 vos pr\u00e9f\u00e9rences.<\/span><\/p>\n<h2><b>Transfert priv\u00e9 \u00e0 Naples &#8211; de\/vers n&#8217;importe quel endroit | Points forts<\/b><\/h2>\n<ul>\n<li style=\"font-weight: 400;\" aria-level=\"1\"><b>Adapt\u00e9 \u00e0 vos besoins :<\/b><span style=\"font-weight: 400;\"> Nos services de transfert priv\u00e9 conviennent aux voyageurs solitaires, aux couples, aux familles, aux groupes priv\u00e9s et m\u00eame aux grands groupes de motivation. Nous personnalisons chaque aspect de votre voyage pour qu&#8217;il corresponde parfaitement \u00e0 votre emploi du temps et \u00e0 vos pr\u00e9f\u00e9rences.<\/span><\/li>\n<li style=\"font-weight: 400;\" aria-level=\"1\"><b>R\u00e9servation facile :<\/b><span style=\"font-weight: 400;\"> Contactez-nous, nous nous occupons du reste. Une fois votre r\u00e9servation confirm\u00e9e, vous recevrez un e-mail de confirmation d\u00e9taill\u00e9. Nous vous demandons des informations essentielles, telles que les d\u00e9tails de votre vol, l&#8217;heure d&#8217;arriv\u00e9e, la compagnie a\u00e9rienne ou les informations relatives \u00e0 la croisi\u00e8re, entre 48 et 24 heures avant votre arriv\u00e9e. Cette planification m\u00e9ticuleuse garantit un transfert sans faille.<\/span><\/li>\n<li style=\"font-weight: 400;\" aria-level=\"1\"><b>Commodit\u00e9 des bagages : <\/b><span style=\"font-weight: 400;\">Nous n&#8217;imposons pas de limites strictes en mati\u00e8re de bagages, mais pour des raisons logistiques, nous appr\u00e9cions de conna\u00eetre le nombre de bagages avec lesquels vous voyagerez. Occasionnellement, nous pouvons recommander un v\u00e9hicule plus grand, les frais suppl\u00e9mentaires \u00e9ventuels \u00e9tant clairement communiqu\u00e9s.<\/span><\/li>\n<li style=\"font-weight: 400;\" aria-level=\"1\"><b>Voyager avec des enfants :<\/b><span style=\"font-weight: 400;\"> Si vous avez besoin d&#8217;un si\u00e8ge pour b\u00e9b\u00e9 ou pour enfant, veuillez nous contacter avant votre vol ou votre croisi\u00e8re, et nous veillerons \u00e0 ce qu&#8217;il soit pr\u00e9par\u00e9 et install\u00e9 correctement.<\/span><\/li>\n<li style=\"font-weight: 400;\" aria-level=\"1\"><b>Expertise locale <\/b><span style=\"font-weight: 400;\">: Nos chauffeurs bien inform\u00e9s et sympathiques ne sont pas seulement comp\u00e9tents pour assurer le transport, ils sont aussi des guides locaux. Ils peuvent vous donner un aper\u00e7u de la richesse de l&#8217;histoire et de la culture de Naples, ainsi que des joyaux cach\u00e9s le long de la route, enrichissant ainsi votre exp\u00e9rience de voyage.<\/span><\/li>\n<li style=\"font-weight: 400;\" aria-level=\"1\"><b>Disponibilit\u00e9 24 heures sur 24, 7 jours sur 7 :<\/b><span style=\"font-weight: 400;\"> Quelle que soit l&#8217;heure d&#8217;arriv\u00e9e de votre vol ou de votre croisi\u00e8re, notre service de transfert priv\u00e9 \u00e0 Naples est disponible 24 heures sur 24 et 7 jours sur 7. Soyez assur\u00e9s que nous serons l\u00e0 pour vous accueillir et que vous atteindrez votre destination rapidement et confortablement, m\u00eame si vous arrivez tard dans la nuit ou t\u00f4t le matin.<\/span><\/li>\n<li style=\"font-weight: 400;\" aria-level=\"1\"><b>V\u00e9hicules propres et hygi\u00e9niques <\/b><span style=\"font-weight: 400;\">: Votre s\u00e9curit\u00e9 et votre bien-\u00eatre sont nos principales priorit\u00e9s. Nous nettoyons et d\u00e9sinfectons m\u00e9ticuleusement nos v\u00e9hicules apr\u00e8s chaque utilisation, vous offrant ainsi un environnement propre et hygi\u00e9nique pour votre voyage.<\/span><\/li>\n<li style=\"font-weight: 400;\" aria-level=\"1\"><b>Assistance multilingue : <\/b><span style=\"font-weight: 400;\">Les barri\u00e8res linguistiques ne sont jamais un probl\u00e8me pour nous. Nos chauffeurs ma\u00eetrisent plusieurs langues, ce qui rend la communication fluide et agr\u00e9able pour les voyageurs du monde entier.<\/span><\/li>\n<\/ul>\n<p><a href=\"https:\/\/tourtravelandmore.com\/fr\/city\/italie-fr\/naplespompei-fr\/\"><span style=\"font-weight: 400;\">D\u00e9couvrez Naples<\/span><\/a><span style=\"font-weight: 400;\"> et ses environs avec le transfert priv\u00e9 de Naples. Que vous arriviez ou partiez de Naples, nous vous garantissons une exp\u00e9rience de premi\u00e8re classe d\u00e8s votre descente d&#8217;avion, de bateau de croisi\u00e8re ou de train. Notre engagement \u00e0 l&#8217;excellence, notre attention in\u00e9branlable aux d\u00e9tails et notre d\u00e9vouement \u00e0 la satisfaction du client sont les pierres angulaires de notre service.<\/span><\/p>\n<p><span style=\"font-weight: 400;\">Lib\u00e9rez-vous du stress de la logistique du transport et immergez-vous dans la beaut\u00e9 de Naples. R\u00e9servez votre transfert priv\u00e9 \u00e0 Naples d\u00e8s maintenant et laissez-nous \u00eatre votre partenaire de confiance pour rendre votre voyage remarquable.<\/span><\/p>\n","protected":false},"excerpt":{"rendered":"<p><span style=\"font-weight: 400;\">\u00a0D\u00e9couvrez l&#8217;attrait de Naples avec notre service de transfert priv\u00e9. Arrivez avec style et confort \u00e0 votre destination, qu&#8217;il s&#8217;agisse de l&#8217;a\u00e9roport, du port ou d&#8217;une ville voisine. Immergez-vous dans les panoramas de Naples et laissez-nous nous occuper des d\u00e9tails de votre voyage pour une exp\u00e9rience inoubliable.<\/span><\/p>\n","protected":false},"featured_media":94006,"comment_status":"open","ping_status":"closed","template":"","meta":{"_acf_changed":false},"product_brand":[],"product_cat":[5108,3551],"product_tag":[],"class_list":{"0":"post-101646","1":"product","2":"type-product","3":"status-publish","4":"has-post-thumbnail","6":"product_cat-private-transfers-fr-11","7":"product_cat-naplespompei-fr","9":"first","10":"instock","11":"shipping-taxable","12":"purchasable","13":"product-type-simple"},"acf":[],"yoast_head":"<!-- This site is optimized with the Yoast SEO Premium plugin v25.3.1 (Yoast SEO v25.3.1) - https:\/\/yoast.com\/wordpress\/plugins\/seo\/ -->\n<title>\u27a1\ufe0f Naples Private Transfer - Voyages de luxe vers\/depuis n&#039;importe quelle destination<\/title>\n<meta name=\"description\" content=\"D\u00e9couvrez le summum de la commodit\u00e9 et du confort avec notre service de transfert priv\u00e9 \u00e0 Naples \u2705\" \/>\n<meta name=\"robots\" content=\"index, follow, max-snippet:-1, max-image-preview:large, max-video-preview:-1\" \/>\n<link rel=\"canonical\" href=\"https:\/\/tourtravelandmore.com\/fr\/tours\/italie-fr\/naplespompei-fr\/transfert-prive-a-naples-depuis-vers-nimporte-quel-endroit\/\" \/>\n<meta property=\"og:locale\" content=\"fr_FR\" \/>\n<meta property=\"og:type\" content=\"article\" \/>\n<meta property=\"og:title\" content=\"Transfert priv\u00e9 \u00e0 Naples - depuis \/ vers n&#039;importe quel endroit\" \/>\n<meta property=\"og:description\" content=\"D\u00e9couvrez le summum de la commodit\u00e9 et du confort avec notre service de transfert priv\u00e9 \u00e0 Naples \u2705\" \/>\n<meta property=\"og:url\" content=\"https:\/\/tourtravelandmore.com\/fr\/tours\/italie-fr\/naplespompei-fr\/transfert-prive-a-naples-depuis-vers-nimporte-quel-endroit\/\" \/>\n<meta property=\"og:site_name\" content=\"Tour Travel And More\" \/>\n<meta property=\"article:publisher\" content=\"https:\/\/www.facebook.com\/tourtravelandmore\/\" \/>\n<meta property=\"article:modified_time\" content=\"2024-08-21T15:31:40+00:00\" \/>\n<meta property=\"og:image\" content=\"https:\/\/tourtravelandmore.com\/wp-content\/uploads\/2016\/11\/CLASE-S-1-copia.png\" \/>\n\t<meta property=\"og:image:width\" content=\"640\" \/>\n\t<meta property=\"og:image:height\" content=\"425\" \/>\n\t<meta property=\"og:image:type\" content=\"image\/png\" \/>\n<meta name=\"twitter:card\" content=\"summary_large_image\" \/>\n<meta name=\"twitter:site\" content=\"@TourTravel_More\" \/>\n<meta name=\"twitter:label1\" content=\"Dur\u00e9e de lecture estim\u00e9e\" \/>\n\t<meta name=\"twitter:data1\" content=\"4 minutes\" \/>\n<script type=\"application\/ld+json\" class=\"yoast-schema-graph\">{\"@context\":\"https:\/\/schema.org\",\"@graph\":[{\"@type\":\"WebPage\",\"@id\":\"https:\/\/tourtravelandmore.com\/fr\/tours\/italie-fr\/naplespompei-fr\/transfert-prive-a-naples-depuis-vers-nimporte-quel-endroit\/\",\"url\":\"https:\/\/tourtravelandmore.com\/fr\/tours\/italie-fr\/naplespompei-fr\/transfert-prive-a-naples-depuis-vers-nimporte-quel-endroit\/\",\"name\":\"\u27a1\ufe0f Naples Private Transfer - Voyages de luxe vers\/depuis n'importe quelle destination\",\"isPartOf\":{\"@id\":\"https:\/\/tourtravelandmore.com\/fr\/#website\"},\"primaryImageOfPage\":{\"@id\":\"https:\/\/tourtravelandmore.com\/fr\/tours\/italie-fr\/naplespompei-fr\/transfert-prive-a-naples-depuis-vers-nimporte-quel-endroit\/#primaryimage\"},\"image\":{\"@id\":\"https:\/\/tourtravelandmore.com\/fr\/tours\/italie-fr\/naplespompei-fr\/transfert-prive-a-naples-depuis-vers-nimporte-quel-endroit\/#primaryimage\"},\"thumbnailUrl\":\"https:\/\/tourtravelandmore.com\/wp-content\/uploads\/2016\/11\/CLASE-S-1-copia.png\",\"datePublished\":\"2017-04-10T14:46:51+00:00\",\"dateModified\":\"2024-08-21T15:31:40+00:00\",\"description\":\"D\u00e9couvrez le summum de la commodit\u00e9 et du confort avec notre service de transfert priv\u00e9 \u00e0 Naples \u2705\",\"breadcrumb\":{\"@id\":\"https:\/\/tourtravelandmore.com\/fr\/tours\/italie-fr\/naplespompei-fr\/transfert-prive-a-naples-depuis-vers-nimporte-quel-endroit\/#breadcrumb\"},\"inLanguage\":\"fr-FR\",\"potentialAction\":[{\"@type\":\"ReadAction\",\"target\":[\"https:\/\/tourtravelandmore.com\/fr\/tours\/italie-fr\/naplespompei-fr\/transfert-prive-a-naples-depuis-vers-nimporte-quel-endroit\/\"]}]},{\"@type\":\"ImageObject\",\"inLanguage\":\"fr-FR\",\"@id\":\"https:\/\/tourtravelandmore.com\/fr\/tours\/italie-fr\/naplespompei-fr\/transfert-prive-a-naples-depuis-vers-nimporte-quel-endroit\/#primaryimage\",\"url\":\"https:\/\/tourtravelandmore.com\/wp-content\/uploads\/2016\/11\/CLASE-S-1-copia.png\",\"contentUrl\":\"https:\/\/tourtravelandmore.com\/wp-content\/uploads\/2016\/11\/CLASE-S-1-copia.png\",\"width\":640,\"height\":425},{\"@type\":\"BreadcrumbList\",\"@id\":\"https:\/\/tourtravelandmore.com\/fr\/tours\/italie-fr\/naplespompei-fr\/transfert-prive-a-naples-depuis-vers-nimporte-quel-endroit\/#breadcrumb\",\"itemListElement\":[{\"@type\":\"ListItem\",\"position\":1,\"name\":\"Home\",\"item\":\"https:\/\/tourtravelandmore.com\/fr\/\"},{\"@type\":\"ListItem\",\"position\":2,\"name\":\"Tours\",\"item\":\"https:\/\/tourtravelandmore.com\/fr\/tours\/\"},{\"@type\":\"ListItem\",\"position\":3,\"name\":\"Transfert priv\u00e9 \u00e0 Naples &#8211; depuis \/ vers n&#8217;importe quel endroit\"}]},{\"@type\":\"WebSite\",\"@id\":\"https:\/\/tourtravelandmore.com\/fr\/#website\",\"url\":\"https:\/\/tourtravelandmore.com\/fr\/\",\"name\":\"Tour Travel And More\",\"description\":\"Private sightseeing tours and luxury transfers in Spain\",\"publisher\":{\"@id\":\"https:\/\/tourtravelandmore.com\/fr\/#organization\"},\"potentialAction\":[{\"@type\":\"SearchAction\",\"target\":{\"@type\":\"EntryPoint\",\"urlTemplate\":\"https:\/\/tourtravelandmore.com\/fr\/?s={search_term_string}\"},\"query-input\":{\"@type\":\"PropertyValueSpecification\",\"valueRequired\":true,\"valueName\":\"search_term_string\"}}],\"inLanguage\":\"fr-FR\"},{\"@type\":\"Organization\",\"@id\":\"https:\/\/tourtravelandmore.com\/fr\/#organization\",\"name\":\"Tour Travel And More\",\"url\":\"https:\/\/tourtravelandmore.com\/fr\/\",\"logo\":{\"@type\":\"ImageObject\",\"inLanguage\":\"fr-FR\",\"@id\":\"https:\/\/tourtravelandmore.com\/fr\/#\/schema\/logo\/image\/\",\"url\":\"https:\/\/tourtravelandmore.com\/wp-content\/uploads\/2022\/12\/cropped-logo-cabecera-new.png\",\"contentUrl\":\"https:\/\/tourtravelandmore.com\/wp-content\/uploads\/2022\/12\/cropped-logo-cabecera-new.png\",\"width\":430,\"height\":61,\"caption\":\"Tour Travel And More\"},\"image\":{\"@id\":\"https:\/\/tourtravelandmore.com\/fr\/#\/schema\/logo\/image\/\"},\"sameAs\":[\"https:\/\/www.facebook.com\/tourtravelandmore\/\",\"https:\/\/x.com\/TourTravel_More\"]}]}<\/script>\n<!-- \/ Yoast SEO Premium plugin. -->","yoast_head_json":{"title":"\u27a1\ufe0f Naples Private Transfer - Voyages de luxe vers\/depuis n'importe quelle destination","description":"D\u00e9couvrez le summum de la commodit\u00e9 et du confort avec notre service de transfert priv\u00e9 \u00e0 Naples \u2705","robots":{"index":"index","follow":"follow","max-snippet":"max-snippet:-1","max-image-preview":"max-image-preview:large","max-video-preview":"max-video-preview:-1"},"canonical":"https:\/\/tourtravelandmore.com\/fr\/tours\/italie-fr\/naplespompei-fr\/transfert-prive-a-naples-depuis-vers-nimporte-quel-endroit\/","og_locale":"fr_FR","og_type":"article","og_title":"Transfert priv\u00e9 \u00e0 Naples - depuis \/ vers n'importe quel endroit","og_description":"D\u00e9couvrez le summum de la commodit\u00e9 et du confort avec notre service de transfert priv\u00e9 \u00e0 Naples \u2705","og_url":"https:\/\/tourtravelandmore.com\/fr\/tours\/italie-fr\/naplespompei-fr\/transfert-prive-a-naples-depuis-vers-nimporte-quel-endroit\/","og_site_name":"Tour Travel And More","article_publisher":"https:\/\/www.facebook.com\/tourtravelandmore\/","article_modified_time":"2024-08-21T15:31:40+00:00","og_image":[{"width":640,"height":425,"url":"https:\/\/tourtravelandmore.com\/wp-content\/uploads\/2016\/11\/CLASE-S-1-copia.png","type":"image\/png"}],"twitter_card":"summary_large_image","twitter_site":"@TourTravel_More","twitter_misc":{"Dur\u00e9e de lecture estim\u00e9e":"4 minutes"},"schema":{"@context":"https:\/\/schema.org","@graph":[{"@type":"WebPage","@id":"https:\/\/tourtravelandmore.com\/fr\/tours\/italie-fr\/naplespompei-fr\/transfert-prive-a-naples-depuis-vers-nimporte-quel-endroit\/","url":"https:\/\/tourtravelandmore.com\/fr\/tours\/italie-fr\/naplespompei-fr\/transfert-prive-a-naples-depuis-vers-nimporte-quel-endroit\/","name":"\u27a1\ufe0f Naples Private Transfer - Voyages de luxe vers\/depuis n'importe quelle destination","isPartOf":{"@id":"https:\/\/tourtravelandmore.com\/fr\/#website"},"primaryImageOfPage":{"@id":"https:\/\/tourtravelandmore.com\/fr\/tours\/italie-fr\/naplespompei-fr\/transfert-prive-a-naples-depuis-vers-nimporte-quel-endroit\/#primaryimage"},"image":{"@id":"https:\/\/tourtravelandmore.com\/fr\/tours\/italie-fr\/naplespompei-fr\/transfert-prive-a-naples-depuis-vers-nimporte-quel-endroit\/#primaryimage"},"thumbnailUrl":"https:\/\/tourtravelandmore.com\/wp-content\/uploads\/2016\/11\/CLASE-S-1-copia.png","datePublished":"2017-04-10T14:46:51+00:00","dateModified":"2024-08-21T15:31:40+00:00","description":"D\u00e9couvrez le summum de la commodit\u00e9 et du confort avec notre service de transfert priv\u00e9 \u00e0 Naples \u2705","breadcrumb":{"@id":"https:\/\/tourtravelandmore.com\/fr\/tours\/italie-fr\/naplespompei-fr\/transfert-prive-a-naples-depuis-vers-nimporte-quel-endroit\/#breadcrumb"},"inLanguage":"fr-FR","potentialAction":[{"@type":"ReadAction","target":["https:\/\/tourtravelandmore.com\/fr\/tours\/italie-fr\/naplespompei-fr\/transfert-prive-a-naples-depuis-vers-nimporte-quel-endroit\/"]}]},{"@type":"ImageObject","inLanguage":"fr-FR","@id":"https:\/\/tourtravelandmore.com\/fr\/tours\/italie-fr\/naplespompei-fr\/transfert-prive-a-naples-depuis-vers-nimporte-quel-endroit\/#primaryimage","url":"https:\/\/tourtravelandmore.com\/wp-content\/uploads\/2016\/11\/CLASE-S-1-copia.png","contentUrl":"https:\/\/tourtravelandmore.com\/wp-content\/uploads\/2016\/11\/CLASE-S-1-copia.png","width":640,"height":425},{"@type":"BreadcrumbList","@id":"https:\/\/tourtravelandmore.com\/fr\/tours\/italie-fr\/naplespompei-fr\/transfert-prive-a-naples-depuis-vers-nimporte-quel-endroit\/#breadcrumb","itemListElement":[{"@type":"ListItem","position":1,"name":"Home","item":"https:\/\/tourtravelandmore.com\/fr\/"},{"@type":"ListItem","position":2,"name":"Tours","item":"https:\/\/tourtravelandmore.com\/fr\/tours\/"},{"@type":"ListItem","position":3,"name":"Transfert priv\u00e9 \u00e0 Naples &#8211; depuis \/ vers n&#8217;importe quel endroit"}]},{"@type":"WebSite","@id":"https:\/\/tourtravelandmore.com\/fr\/#website","url":"https:\/\/tourtravelandmore.com\/fr\/","name":"Tour Travel And More","description":"Private sightseeing tours and luxury transfers in Spain","publisher":{"@id":"https:\/\/tourtravelandmore.com\/fr\/#organization"},"potentialAction":[{"@type":"SearchAction","target":{"@type":"EntryPoint","urlTemplate":"https:\/\/tourtravelandmore.com\/fr\/?s={search_term_string}"},"query-input":{"@type":"PropertyValueSpecification","valueRequired":true,"valueName":"search_term_string"}}],"inLanguage":"fr-FR"},{"@type":"Organization","@id":"https:\/\/tourtravelandmore.com\/fr\/#organization","name":"Tour Travel And More","url":"https:\/\/tourtravelandmore.com\/fr\/","logo":{"@type":"ImageObject","inLanguage":"fr-FR","@id":"https:\/\/tourtravelandmore.com\/fr\/#\/schema\/logo\/image\/","url":"https:\/\/tourtravelandmore.com\/wp-content\/uploads\/2022\/12\/cropped-logo-cabecera-new.png","contentUrl":"https:\/\/tourtravelandmore.com\/wp-content\/uploads\/2022\/12\/cropped-logo-cabecera-new.png","width":430,"height":61,"caption":"Tour Travel And More"},"image":{"@id":"https:\/\/tourtravelandmore.com\/fr\/#\/schema\/logo\/image\/"},"sameAs":["https:\/\/www.facebook.com\/tourtravelandmore\/","https:\/\/x.com\/TourTravel_More"]}]}},"_links":{"self":[{"href":"https:\/\/tourtravelandmore.com\/fr\/wp-json\/wp\/v2\/product\/101646","targetHints":{"allow":["GET"]}}],"collection":[{"href":"https:\/\/tourtravelandmore.com\/fr\/wp-json\/wp\/v2\/product"}],"about":[{"href":"https:\/\/tourtravelandmore.com\/fr\/wp-json\/wp\/v2\/types\/product"}],"replies":[{"embeddable":true,"href":"https:\/\/tourtravelandmore.com\/fr\/wp-json\/wp\/v2\/comments?post=101646"}],"wp:featuredmedia":[{"embeddable":true,"href":"https:\/\/tourtravelandmore.com\/fr\/wp-json\/wp\/v2\/media\/94006"}],"wp:attachment":[{"href":"https:\/\/tourtravelandmore.com\/fr\/wp-json\/wp\/v2\/media?parent=101646"}],"wp:term":[{"taxonomy":"product_brand","embeddable":true,"href":"https:\/\/tourtravelandmore.com\/fr\/wp-json\/wp\/v2\/product_brand?post=101646"},{"taxonomy":"product_cat","embeddable":true,"href":"https:\/\/tourtravelandmore.com\/fr\/wp-json\/wp\/v2\/product_cat?post=101646"},{"taxonomy":"product_tag","embeddable":true,"href":"https:\/\/tourtravelandmore.com\/fr\/wp-json\/wp\/v2\/product_tag?post=101646"}],"curies":[{"name":"wp","href":"https:\/\/api.w.org\/{rel}","templated":true}]}}