{"id":101641,"date":"2019-10-21T03:34:21","date_gmt":"2019-10-21T01:34:21","guid":{"rendered":"https:\/\/tourtravelandmore.com\/tours\/non%20class\u00e9\/transfert-prive-de-verone-depuis-vers-nimporte-quel-endroit\/"},"modified":"2023-07-31T09:31:32","modified_gmt":"2023-07-31T07:31:32","slug":"transfert-prive-de-verone-depuis-vers-nimporte-quel-endroit","status":"publish","type":"product","link":"https:\/\/tourtravelandmore.com\/fr\/tours\/italie-fr\/verona-fr\/toutes-les-visites-et-activites-privees-verona-fr\/transfert-prive-de-verone-depuis-vers-nimporte-quel-endroit\/","title":{"rendered":"Transfert priv\u00e9 de V\u00e9rone &#8211; depuis \/ vers n&#8217;importe quel endroit"},"content":{"rendered":"<h2><b>Transferts priv\u00e9s \u00e0 V\u00e9rone Description<\/b><\/h2>\n<p><span style=\"font-weight: 400;\">La ville anim\u00e9e de V\u00e9rone, impr\u00e9gn\u00e9e d&#8217;une histoire et d&#8217;une culture riches, peut \u00eatre appr\u00e9ci\u00e9e \u00e0 sa juste valeur sans avoir \u00e0 se soucier du transport. Nos transferts priv\u00e9s \u00e0 V\u00e9rone vous garantissent le plus grand confort, la plus grande commodit\u00e9 et un service sur mesure pour vos d\u00e9placements dans la ville. Chez Tour Travel and More, nous nous engageons \u00e0 vous faire profiter de la facilit\u00e9 d&#8217;un voyage priv\u00e9 dans cette belle ville italienne.<\/span><\/p>\n<p><span style=\"font-weight: 400;\">Nous sommes fiers de fournir un service de transfert priv\u00e9 in\u00e9gal\u00e9 \u00e0 V\u00e9rone, couvrant tous vos besoins de transport, que ce soit dans les limites de la ville ou au-del\u00e0. Notre engagement en mati\u00e8re de ponctualit\u00e9, de fiabilit\u00e9 et de satisfaction du client nous distingue de la concurrence. Chaque transfert est ex\u00e9cut\u00e9 avec un soin m\u00e9ticuleux, en tenant compte de vos besoins sp\u00e9cifiques et de votre emploi du temps. Nous comprenons l&#8217;importance du temps et de la commodit\u00e9 dans les voyages, c&#8217;est pourquoi nos services sont fournis rapidement, vous assurant d&#8217;atteindre votre destination avec du temps \u00e0 perdre.<\/span><\/p>\n<h2><b>Transferts priv\u00e9s \u00e0 V\u00e9rone Points d&#8217;int\u00e9r\u00eat<\/b><\/h2>\n<p><span style=\"font-weight: 400;\">Bien que l&#8217;objectif principal de notre service de transfert priv\u00e9 soit d&#8217;offrir un voyage sans faille \u00e0 V\u00e9rone, il est impossible d&#8217;ignorer les points d&#8217;int\u00e9r\u00eat spectaculaires qui peuplent cette ville historique. Voici quelques destinations qui pourraient figurer sur votre itin\u00e9raire :<\/span><\/p>\n<ul>\n<li style=\"font-weight: 400;\" aria-level=\"1\"><b>Piazza Br\u00e0 :<\/b><span style=\"font-weight: 400;\"> votre transfert peut commencer ou se terminer sur la magnifique Piazza Br\u00e0, qui abrite les ar\u00e8nes de V\u00e9rone. Cette ar\u00e8ne, le troisi\u00e8me plus grand amphith\u00e9\u00e2tre romain d&#8217;Italie, offre une plong\u00e9e immersive dans le pass\u00e9 antique de V\u00e9rone. L&#8217;ar\u00e8ne est toujours utilis\u00e9e aujourd&#8217;hui, accueillant des concerts et le c\u00e9l\u00e8bre festival d&#8217;op\u00e9ra de V\u00e9rone.<\/span><\/li>\n<li style=\"font-weight: 400;\" aria-level=\"1\"><b>Maison de Juliette :<\/b><span style=\"font-weight: 400;\"> Notre service de transfert peut faciliter votre visite de la Maison de Juliette, une attraction touristique importante impr\u00e9gn\u00e9e de romantisme et d&#8217;histoire. Cette maison du XIIIe si\u00e8cle, que l&#8217;on dit \u00eatre la r\u00e9sidence de la l\u00e9gendaire Juliette de &#8220;Rom\u00e9o et Juliette&#8221; de Shakespeare, est un t\u00e9moignage du pouvoir durable de l&#8217;amour. Cette maison pittoresque, qui a \u00e9t\u00e9 transform\u00e9e en mus\u00e9e consacr\u00e9 \u00e0 la c\u00e9l\u00e8bre pi\u00e8ce, est une visite incontournable pour tout amateur de litt\u00e9rature.<\/span><\/li>\n<li style=\"font-weight: 400;\" aria-level=\"1\"><b>Piazza delle Erbe <\/b><span style=\"font-weight: 400;\">: Peut-\u00eatre souhaitez-vous \u00eatre d\u00e9pos\u00e9 sur la Piazza delle Erbe, la plus ancienne place de V\u00e9rone. Les \u00e9tals de march\u00e9 anim\u00e9s, les belles fresques et les b\u00e2timents historiques de la place offrent un m\u00e9lange int\u00e9ressant de culture locale et d&#8217;architecture historique. Son atmosph\u00e8re anim\u00e9e est l&#8217;occasion id\u00e9ale pour ceux qui souhaitent d\u00e9couvrir le mode de vie et les traditions locales.<\/span><\/li>\n<\/ul>\n<p>&nbsp;<\/p>\n<p><span style=\"font-weight: 400;\">Tour Travel and More s&#8217;engage \u00e0 rendre votre exp\u00e9rience de voyage \u00e0 V\u00e9rone aussi confortable et m\u00e9morable que possible.<\/span><span style=\"font-weight: 400;\"> Notre service de transfert priv\u00e9 est con\u00e7u pour vous faciliter la vie. Explorez la vaste gamme d&#8217;excursions priv\u00e9es et de services que nous offrons \u00e0 V\u00e9rone en visitant notre site Web. <a href=\"https:\/\/tourtravelandmore.com\/fr\/city\/italie-fr\/verona-fr\/\">R\u00e9servez votre transfert priv\u00e9 d\u00e8s aujourd&#8217;hui et d\u00e9couvrez la diff\u00e9rence de voyager avec Tour Travel and More, o\u00f9 votre confort et votre satisfaction sont nos principaux objectifs.<\/a><\/span><\/p>\n<p>&nbsp;<\/p>\n","protected":false},"excerpt":{"rendered":"<p><span style=\"font-weight: 400;\">D\u00e9couvrez le confort et la commodit\u00e9 des transferts priv\u00e9s \u00e0 V\u00e9rone avec Tour Travel and More. Gr\u00e2ce \u00e0 nos services d\u00e9di\u00e9s, se d\u00e9placer dans la ville devient une partie agr\u00e9able et sans effort de votre voyage<\/span><\/p>\n","protected":false},"featured_media":93543,"comment_status":"open","ping_status":"closed","template":"","meta":{"_acf_changed":false},"product_brand":[],"product_cat":[4442,3707,4315],"product_tag":[4043,4042],"class_list":{"0":"post-101641","1":"product","2":"type-product","3":"status-publish","4":"has-post-thumbnail","6":"product_cat-transferts-prives-fr-6","7":"product_cat-verona-fr","8":"product_cat-toutes-les-visites-et-activites-privees-verona-fr","9":"product_tag-private-fr","10":"product_tag-transfer-fr","12":"first","13":"instock","14":"shipping-taxable","15":"purchasable","16":"product-type-simple"},"acf":[],"yoast_head":"<!-- This site is optimized with the Yoast SEO Premium plugin v25.3.1 (Yoast SEO v25.3.1) - https:\/\/yoast.com\/wordpress\/plugins\/seo\/ -->\n<title>\u27a1\ufe0f Transfert priv\u00e9 \u00e0 V\u00e9rone: transfert a\u00e9roport, h\u00f4tel ou gare | Tour Travel &amp; More<\/title>\n<meta name=\"description\" content=\"Arrivez \u00e0 votre destination finale \u00e0 V\u00e9rone avec nos transferts priv\u00e9s. V\u00e9hicule de luxe priv\u00e9 avec chauffeur pour vous rendre confortablement \u00e0 votre emplacement \u2705\" \/>\n<meta name=\"robots\" content=\"index, follow, max-snippet:-1, max-image-preview:large, max-video-preview:-1\" \/>\n<link rel=\"canonical\" href=\"https:\/\/tourtravelandmore.com\/fr\/tours\/italie-fr\/verona-fr\/toutes-les-visites-et-activites-privees-verona-fr\/transfert-prive-de-verone-depuis-vers-nimporte-quel-endroit\/\" \/>\n<meta property=\"og:locale\" content=\"fr_FR\" \/>\n<meta property=\"og:type\" content=\"article\" \/>\n<meta property=\"og:title\" content=\"Transfert priv\u00e9 de V\u00e9rone - depuis \/ vers n&#039;importe quel endroit\" \/>\n<meta property=\"og:description\" content=\"Arrivez \u00e0 votre destination finale \u00e0 V\u00e9rone avec nos transferts priv\u00e9s. V\u00e9hicule de luxe priv\u00e9 avec chauffeur pour vous rendre confortablement \u00e0 votre emplacement \u2705\" \/>\n<meta property=\"og:url\" content=\"https:\/\/tourtravelandmore.com\/fr\/tours\/italie-fr\/verona-fr\/toutes-les-visites-et-activites-privees-verona-fr\/transfert-prive-de-verone-depuis-vers-nimporte-quel-endroit\/\" \/>\n<meta property=\"og:site_name\" content=\"Tour Travel And More\" \/>\n<meta property=\"article:publisher\" content=\"https:\/\/www.facebook.com\/tourtravelandmore\/\" \/>\n<meta property=\"article:modified_time\" content=\"2023-07-31T07:31:32+00:00\" \/>\n<meta property=\"og:image\" content=\"https:\/\/tourtravelandmore.com\/wp-content\/uploads\/2016\/10\/transfer-port-barcelonajpg.jpg\" \/>\n\t<meta property=\"og:image:width\" content=\"955\" \/>\n\t<meta property=\"og:image:height\" content=\"523\" \/>\n\t<meta property=\"og:image:type\" content=\"image\/jpeg\" \/>\n<meta name=\"twitter:card\" content=\"summary_large_image\" \/>\n<meta name=\"twitter:site\" content=\"@TourTravel_More\" \/>\n<meta name=\"twitter:label1\" content=\"Dur\u00e9e de lecture estim\u00e9e\" \/>\n\t<meta name=\"twitter:data1\" content=\"3 minutes\" \/>\n<script type=\"application\/ld+json\" class=\"yoast-schema-graph\">{\"@context\":\"https:\/\/schema.org\",\"@graph\":[{\"@type\":\"WebPage\",\"@id\":\"https:\/\/tourtravelandmore.com\/fr\/tours\/italie-fr\/verona-fr\/toutes-les-visites-et-activites-privees-verona-fr\/transfert-prive-de-verone-depuis-vers-nimporte-quel-endroit\/\",\"url\":\"https:\/\/tourtravelandmore.com\/fr\/tours\/italie-fr\/verona-fr\/toutes-les-visites-et-activites-privees-verona-fr\/transfert-prive-de-verone-depuis-vers-nimporte-quel-endroit\/\",\"name\":\"\u27a1\ufe0f Transfert priv\u00e9 \u00e0 V\u00e9rone: transfert a\u00e9roport, h\u00f4tel ou gare | Tour Travel & More\",\"isPartOf\":{\"@id\":\"https:\/\/tourtravelandmore.com\/fr\/#website\"},\"primaryImageOfPage\":{\"@id\":\"https:\/\/tourtravelandmore.com\/fr\/tours\/italie-fr\/verona-fr\/toutes-les-visites-et-activites-privees-verona-fr\/transfert-prive-de-verone-depuis-vers-nimporte-quel-endroit\/#primaryimage\"},\"image\":{\"@id\":\"https:\/\/tourtravelandmore.com\/fr\/tours\/italie-fr\/verona-fr\/toutes-les-visites-et-activites-privees-verona-fr\/transfert-prive-de-verone-depuis-vers-nimporte-quel-endroit\/#primaryimage\"},\"thumbnailUrl\":\"https:\/\/tourtravelandmore.com\/wp-content\/uploads\/2016\/10\/transfer-port-barcelonajpg.jpg\",\"datePublished\":\"2019-10-21T01:34:21+00:00\",\"dateModified\":\"2023-07-31T07:31:32+00:00\",\"description\":\"Arrivez \u00e0 votre destination finale \u00e0 V\u00e9rone avec nos transferts priv\u00e9s. V\u00e9hicule de luxe priv\u00e9 avec chauffeur pour vous rendre confortablement \u00e0 votre emplacement \u2705\",\"breadcrumb\":{\"@id\":\"https:\/\/tourtravelandmore.com\/fr\/tours\/italie-fr\/verona-fr\/toutes-les-visites-et-activites-privees-verona-fr\/transfert-prive-de-verone-depuis-vers-nimporte-quel-endroit\/#breadcrumb\"},\"inLanguage\":\"fr-FR\",\"potentialAction\":[{\"@type\":\"ReadAction\",\"target\":[\"https:\/\/tourtravelandmore.com\/fr\/tours\/italie-fr\/verona-fr\/toutes-les-visites-et-activites-privees-verona-fr\/transfert-prive-de-verone-depuis-vers-nimporte-quel-endroit\/\"]}]},{\"@type\":\"ImageObject\",\"inLanguage\":\"fr-FR\",\"@id\":\"https:\/\/tourtravelandmore.com\/fr\/tours\/italie-fr\/verona-fr\/toutes-les-visites-et-activites-privees-verona-fr\/transfert-prive-de-verone-depuis-vers-nimporte-quel-endroit\/#primaryimage\",\"url\":\"https:\/\/tourtravelandmore.com\/wp-content\/uploads\/2016\/10\/transfer-port-barcelonajpg.jpg\",\"contentUrl\":\"https:\/\/tourtravelandmore.com\/wp-content\/uploads\/2016\/10\/transfer-port-barcelonajpg.jpg\",\"width\":955,\"height\":523,\"caption\":\"Private Transfer\"},{\"@type\":\"BreadcrumbList\",\"@id\":\"https:\/\/tourtravelandmore.com\/fr\/tours\/italie-fr\/verona-fr\/toutes-les-visites-et-activites-privees-verona-fr\/transfert-prive-de-verone-depuis-vers-nimporte-quel-endroit\/#breadcrumb\",\"itemListElement\":[{\"@type\":\"ListItem\",\"position\":1,\"name\":\"Home\",\"item\":\"https:\/\/tourtravelandmore.com\/fr\/\"},{\"@type\":\"ListItem\",\"position\":2,\"name\":\"Tours\",\"item\":\"https:\/\/tourtravelandmore.com\/fr\/tours\/\"},{\"@type\":\"ListItem\",\"position\":3,\"name\":\"Transfert priv\u00e9 de V\u00e9rone &#8211; depuis \/ vers n&rsquo;importe quel endroit\"}]},{\"@type\":\"WebSite\",\"@id\":\"https:\/\/tourtravelandmore.com\/fr\/#website\",\"url\":\"https:\/\/tourtravelandmore.com\/fr\/\",\"name\":\"Tour Travel And More\",\"description\":\"Private sightseeing tours and luxury transfers in Spain\",\"publisher\":{\"@id\":\"https:\/\/tourtravelandmore.com\/fr\/#organization\"},\"potentialAction\":[{\"@type\":\"SearchAction\",\"target\":{\"@type\":\"EntryPoint\",\"urlTemplate\":\"https:\/\/tourtravelandmore.com\/fr\/?s={search_term_string}\"},\"query-input\":{\"@type\":\"PropertyValueSpecification\",\"valueRequired\":true,\"valueName\":\"search_term_string\"}}],\"inLanguage\":\"fr-FR\"},{\"@type\":\"Organization\",\"@id\":\"https:\/\/tourtravelandmore.com\/fr\/#organization\",\"name\":\"Tour Travel And More\",\"url\":\"https:\/\/tourtravelandmore.com\/fr\/\",\"logo\":{\"@type\":\"ImageObject\",\"inLanguage\":\"fr-FR\",\"@id\":\"https:\/\/tourtravelandmore.com\/fr\/#\/schema\/logo\/image\/\",\"url\":\"https:\/\/tourtravelandmore.com\/wp-content\/uploads\/2022\/12\/cropped-logo-cabecera-new.png\",\"contentUrl\":\"https:\/\/tourtravelandmore.com\/wp-content\/uploads\/2022\/12\/cropped-logo-cabecera-new.png\",\"width\":430,\"height\":61,\"caption\":\"Tour Travel And More\"},\"image\":{\"@id\":\"https:\/\/tourtravelandmore.com\/fr\/#\/schema\/logo\/image\/\"},\"sameAs\":[\"https:\/\/www.facebook.com\/tourtravelandmore\/\",\"https:\/\/x.com\/TourTravel_More\"]}]}<\/script>\n<!-- \/ Yoast SEO Premium plugin. -->","yoast_head_json":{"title":"\u27a1\ufe0f Transfert priv\u00e9 \u00e0 V\u00e9rone: transfert a\u00e9roport, h\u00f4tel ou gare | Tour Travel & More","description":"Arrivez \u00e0 votre destination finale \u00e0 V\u00e9rone avec nos transferts priv\u00e9s. V\u00e9hicule de luxe priv\u00e9 avec chauffeur pour vous rendre confortablement \u00e0 votre emplacement \u2705","robots":{"index":"index","follow":"follow","max-snippet":"max-snippet:-1","max-image-preview":"max-image-preview:large","max-video-preview":"max-video-preview:-1"},"canonical":"https:\/\/tourtravelandmore.com\/fr\/tours\/italie-fr\/verona-fr\/toutes-les-visites-et-activites-privees-verona-fr\/transfert-prive-de-verone-depuis-vers-nimporte-quel-endroit\/","og_locale":"fr_FR","og_type":"article","og_title":"Transfert priv\u00e9 de V\u00e9rone - depuis \/ vers n'importe quel endroit","og_description":"Arrivez \u00e0 votre destination finale \u00e0 V\u00e9rone avec nos transferts priv\u00e9s. V\u00e9hicule de luxe priv\u00e9 avec chauffeur pour vous rendre confortablement \u00e0 votre emplacement \u2705","og_url":"https:\/\/tourtravelandmore.com\/fr\/tours\/italie-fr\/verona-fr\/toutes-les-visites-et-activites-privees-verona-fr\/transfert-prive-de-verone-depuis-vers-nimporte-quel-endroit\/","og_site_name":"Tour Travel And More","article_publisher":"https:\/\/www.facebook.com\/tourtravelandmore\/","article_modified_time":"2023-07-31T07:31:32+00:00","og_image":[{"width":955,"height":523,"url":"https:\/\/tourtravelandmore.com\/wp-content\/uploads\/2016\/10\/transfer-port-barcelonajpg.jpg","type":"image\/jpeg"}],"twitter_card":"summary_large_image","twitter_site":"@TourTravel_More","twitter_misc":{"Dur\u00e9e de lecture estim\u00e9e":"3 minutes"},"schema":{"@context":"https:\/\/schema.org","@graph":[{"@type":"WebPage","@id":"https:\/\/tourtravelandmore.com\/fr\/tours\/italie-fr\/verona-fr\/toutes-les-visites-et-activites-privees-verona-fr\/transfert-prive-de-verone-depuis-vers-nimporte-quel-endroit\/","url":"https:\/\/tourtravelandmore.com\/fr\/tours\/italie-fr\/verona-fr\/toutes-les-visites-et-activites-privees-verona-fr\/transfert-prive-de-verone-depuis-vers-nimporte-quel-endroit\/","name":"\u27a1\ufe0f Transfert priv\u00e9 \u00e0 V\u00e9rone: transfert a\u00e9roport, h\u00f4tel ou gare | Tour Travel & More","isPartOf":{"@id":"https:\/\/tourtravelandmore.com\/fr\/#website"},"primaryImageOfPage":{"@id":"https:\/\/tourtravelandmore.com\/fr\/tours\/italie-fr\/verona-fr\/toutes-les-visites-et-activites-privees-verona-fr\/transfert-prive-de-verone-depuis-vers-nimporte-quel-endroit\/#primaryimage"},"image":{"@id":"https:\/\/tourtravelandmore.com\/fr\/tours\/italie-fr\/verona-fr\/toutes-les-visites-et-activites-privees-verona-fr\/transfert-prive-de-verone-depuis-vers-nimporte-quel-endroit\/#primaryimage"},"thumbnailUrl":"https:\/\/tourtravelandmore.com\/wp-content\/uploads\/2016\/10\/transfer-port-barcelonajpg.jpg","datePublished":"2019-10-21T01:34:21+00:00","dateModified":"2023-07-31T07:31:32+00:00","description":"Arrivez \u00e0 votre destination finale \u00e0 V\u00e9rone avec nos transferts priv\u00e9s. V\u00e9hicule de luxe priv\u00e9 avec chauffeur pour vous rendre confortablement \u00e0 votre emplacement \u2705","breadcrumb":{"@id":"https:\/\/tourtravelandmore.com\/fr\/tours\/italie-fr\/verona-fr\/toutes-les-visites-et-activites-privees-verona-fr\/transfert-prive-de-verone-depuis-vers-nimporte-quel-endroit\/#breadcrumb"},"inLanguage":"fr-FR","potentialAction":[{"@type":"ReadAction","target":["https:\/\/tourtravelandmore.com\/fr\/tours\/italie-fr\/verona-fr\/toutes-les-visites-et-activites-privees-verona-fr\/transfert-prive-de-verone-depuis-vers-nimporte-quel-endroit\/"]}]},{"@type":"ImageObject","inLanguage":"fr-FR","@id":"https:\/\/tourtravelandmore.com\/fr\/tours\/italie-fr\/verona-fr\/toutes-les-visites-et-activites-privees-verona-fr\/transfert-prive-de-verone-depuis-vers-nimporte-quel-endroit\/#primaryimage","url":"https:\/\/tourtravelandmore.com\/wp-content\/uploads\/2016\/10\/transfer-port-barcelonajpg.jpg","contentUrl":"https:\/\/tourtravelandmore.com\/wp-content\/uploads\/2016\/10\/transfer-port-barcelonajpg.jpg","width":955,"height":523,"caption":"Private Transfer"},{"@type":"BreadcrumbList","@id":"https:\/\/tourtravelandmore.com\/fr\/tours\/italie-fr\/verona-fr\/toutes-les-visites-et-activites-privees-verona-fr\/transfert-prive-de-verone-depuis-vers-nimporte-quel-endroit\/#breadcrumb","itemListElement":[{"@type":"ListItem","position":1,"name":"Home","item":"https:\/\/tourtravelandmore.com\/fr\/"},{"@type":"ListItem","position":2,"name":"Tours","item":"https:\/\/tourtravelandmore.com\/fr\/tours\/"},{"@type":"ListItem","position":3,"name":"Transfert priv\u00e9 de V\u00e9rone &#8211; depuis \/ vers n&rsquo;importe quel endroit"}]},{"@type":"WebSite","@id":"https:\/\/tourtravelandmore.com\/fr\/#website","url":"https:\/\/tourtravelandmore.com\/fr\/","name":"Tour Travel And More","description":"Private sightseeing tours and luxury transfers in Spain","publisher":{"@id":"https:\/\/tourtravelandmore.com\/fr\/#organization"},"potentialAction":[{"@type":"SearchAction","target":{"@type":"EntryPoint","urlTemplate":"https:\/\/tourtravelandmore.com\/fr\/?s={search_term_string}"},"query-input":{"@type":"PropertyValueSpecification","valueRequired":true,"valueName":"search_term_string"}}],"inLanguage":"fr-FR"},{"@type":"Organization","@id":"https:\/\/tourtravelandmore.com\/fr\/#organization","name":"Tour Travel And More","url":"https:\/\/tourtravelandmore.com\/fr\/","logo":{"@type":"ImageObject","inLanguage":"fr-FR","@id":"https:\/\/tourtravelandmore.com\/fr\/#\/schema\/logo\/image\/","url":"https:\/\/tourtravelandmore.com\/wp-content\/uploads\/2022\/12\/cropped-logo-cabecera-new.png","contentUrl":"https:\/\/tourtravelandmore.com\/wp-content\/uploads\/2022\/12\/cropped-logo-cabecera-new.png","width":430,"height":61,"caption":"Tour Travel And More"},"image":{"@id":"https:\/\/tourtravelandmore.com\/fr\/#\/schema\/logo\/image\/"},"sameAs":["https:\/\/www.facebook.com\/tourtravelandmore\/","https:\/\/x.com\/TourTravel_More"]}]}},"_links":{"self":[{"href":"https:\/\/tourtravelandmore.com\/fr\/wp-json\/wp\/v2\/product\/101641","targetHints":{"allow":["GET"]}}],"collection":[{"href":"https:\/\/tourtravelandmore.com\/fr\/wp-json\/wp\/v2\/product"}],"about":[{"href":"https:\/\/tourtravelandmore.com\/fr\/wp-json\/wp\/v2\/types\/product"}],"replies":[{"embeddable":true,"href":"https:\/\/tourtravelandmore.com\/fr\/wp-json\/wp\/v2\/comments?post=101641"}],"wp:featuredmedia":[{"embeddable":true,"href":"https:\/\/tourtravelandmore.com\/fr\/wp-json\/wp\/v2\/media\/93543"}],"wp:attachment":[{"href":"https:\/\/tourtravelandmore.com\/fr\/wp-json\/wp\/v2\/media?parent=101641"}],"wp:term":[{"taxonomy":"product_brand","embeddable":true,"href":"https:\/\/tourtravelandmore.com\/fr\/wp-json\/wp\/v2\/product_brand?post=101641"},{"taxonomy":"product_cat","embeddable":true,"href":"https:\/\/tourtravelandmore.com\/fr\/wp-json\/wp\/v2\/product_cat?post=101641"},{"taxonomy":"product_tag","embeddable":true,"href":"https:\/\/tourtravelandmore.com\/fr\/wp-json\/wp\/v2\/product_tag?post=101641"}],"curies":[{"name":"wp","href":"https:\/\/api.w.org\/{rel}","templated":true}]}}