{"id":101634,"date":"2018-04-05T14:25:33","date_gmt":"2018-04-05T12:25:33","guid":{"rendered":"https:\/\/tourtravelandmore.com\/tours\/non%20class\u00e9\/visite-privee-a-pied-de-verone\/"},"modified":"2023-07-31T09:39:40","modified_gmt":"2023-07-31T07:39:40","slug":"visite-privee-a-pied-de-verone","status":"publish","type":"product","link":"https:\/\/tourtravelandmore.com\/fr\/tours\/italie-fr\/verona-fr\/toutes-les-visites-et-activites-privees-verona-fr\/visite-privee-a-pied-de-verone\/","title":{"rendered":"Visite priv\u00e9e \u00e0 pied de V\u00e9rone"},"content":{"rendered":"<h2><b>Description de la visite priv\u00e9e \u00e0 pied de V\u00e9rone<\/b><\/h2>\n<p><span style=\"font-weight: 400;\">Plongez dans l&#8217;atmosph\u00e8re captivante de V\u00e9rone, une ville qui regorge de tr\u00e9sors historiques, de merveilles architecturales et d&#8217;une atmosph\u00e8re enchanteresse qui insuffle la vie dans chaque ruelle et sur chaque place. Tour Travel and More vous invite \u00e0 participer \u00e0 une visite priv\u00e9e \u00e0 pied de 2,5 heures, m\u00e9ticuleusement con\u00e7ue, qui vous fera d\u00e9couvrir les rues labyrinthiques et les vastes piazzas de cette ville remarquable.<\/span><\/p>\n<p><span style=\"font-weight: 400;\">Avec l&#8217;aide d&#8217;un guide local comp\u00e9tent, vous aurez l&#8217;occasion de plonger dans le pass\u00e9 de V\u00e9rone, de comprendre son pr\u00e9sent et d&#8217;avoir un aper\u00e7u de son avenir. Cette ville, dont on se souvient volontiers comme la toile de fond de la trag\u00e9die d\u00e9chirante de Shakespeare, &#8220;Rom\u00e9o et Juliette&#8221;, vous ouvrira son c\u0153ur, vous r\u00e9v\u00e9lant des histoires fascinantes, des sites envo\u00fbtants, et vous offrant une exp\u00e9rience authentique de sa riche culture et de son illustre histoire.<\/span><\/p>\n<h2><b>Points d&#8217;int\u00e9r\u00eat de la visite priv\u00e9e \u00e0 pied de V\u00e9rone<\/b><\/h2>\n<ul>\n<li style=\"font-weight: 400;\" aria-level=\"1\"><b>Ar\u00e8nes de V\u00e9rone : <\/b><span style=\"font-weight: 400;\">Votre voyage commence aux Ar\u00e8nes de V\u00e9rone, un colossal amphith\u00e9\u00e2tre romain qui t\u00e9moigne de la grandeur historique de la ville. Troisi\u00e8me plus grand amphith\u00e9\u00e2tre d&#8217;Italie, cette impressionnante structure \u00e9tait le th\u00e9\u00e2tre de combats de gladiateurs et de spectacles publics qui captivaient les foules. Aujourd&#8217;hui, elle a \u00e9t\u00e9 reconvertie en grand op\u00e9ra, o\u00f9 les repr\u00e9sentations en plein air transportent les spectateurs dans le pass\u00e9 et leur permettent d&#8217;appr\u00e9cier les arts intemporels.<\/span><\/li>\n<li style=\"font-weight: 400;\" aria-level=\"1\"><b>La maison de Juliette :<\/b><span style=\"font-weight: 400;\"> Sur les traces des amants crois\u00e9s de Shakespeare, vous visiterez ensuite la maison de Juliette. C&#8217;est ici que se serait d\u00e9roul\u00e9e la c\u00e9l\u00e8bre sc\u00e8ne du balcon de l&#8217;histoire tragique. Au-del\u00e0 de son association romantique, cette maison de style gothique du XIVe si\u00e8cle offre un aper\u00e7u fascinant de la vie domestique m\u00e9di\u00e9vale, avec ses couloirs couverts de fresques et son mobilier d&#8217;\u00e9poque.<\/span><\/li>\n<li style=\"font-weight: 400;\" aria-level=\"1\"><b>Piazza delle Erbe :<\/b><span style=\"font-weight: 400;\"> En vous dirigeant vers la Piazza delle Erbe, vous vous retrouverez sur la place du march\u00e9 anim\u00e9e de la ville, qui servait autrefois de forum romain. Parmi les structures notables qui ornent cet espace anim\u00e9, citons les maisons Mazzanti, orn\u00e9es de fresques de la Renaissance, et le Palazzo Maffei, de style baroque, qui pr\u00e9sente un \u00e9ventail de styles architecturaux.<\/span><\/li>\n<li style=\"font-weight: 400;\" aria-level=\"1\"><b>Castelvecchio : <\/b><span style=\"font-weight: 400;\">Votre voyage se poursuit vers Castelvecchio, une impressionnante forteresse m\u00e9di\u00e9vale qui t\u00e9moigne de la puissance militaire de V\u00e9rone au Moyen-\u00c2ge. Le ch\u00e2teau abrite le mus\u00e9e de Castelvecchio, une extraordinaire collection d&#8217;art europ\u00e9en couvrant plusieurs si\u00e8cles. Le jardin de sculptures, les fresques et les armes m\u00e9di\u00e9vales expos\u00e9es offrent un aper\u00e7u approfondi du pass\u00e9 de V\u00e9rone.<\/span><\/li>\n<li style=\"font-weight: 400;\" aria-level=\"1\"><b>Ponte Pietra : <\/b><span style=\"font-weight: 400;\">Pour terminer votre exploration, vous visiterez le Ponte Pietra, le plus ancien pont de V\u00e9rone. La vue imprenable qu&#8217;il offre sur le paysage urbain et le fleuve Adige est in\u00e9gal\u00e9e. Ses \u00e9l\u00e9ments architecturaux romains et m\u00e9di\u00e9vaux soulignent la r\u00e9silience de V\u00e9rone et la richesse de son histoire.<\/span><\/li>\n<\/ul>\n<p><span style=\"font-weight: 400;\">D\u00e9couvrir V\u00e9rone \u00e0 pied vous permet de comprendre intimement son esprit, en vous offrant une perspective nuanc\u00e9e qui d\u00e9passe de loin le coup d&#8217;\u0153il superficiel du touriste occasionnel. Laissez Tour Travel and More vous guider dans cette ville envo\u00fbtante gr\u00e2ce \u00e0 notre visite priv\u00e9e exclusive de V\u00e9rone.<a href=\"https:\/\/tourtravelandmore.com\/fr\/city\/italie-fr\/verona-fr\/\"> Consultez notre liste d\u00e9taill\u00e9e de visites priv\u00e9es sur Tour Travel and More et choisissez l&#8217;exp\u00e9rience qui correspond le mieux \u00e0 vos int\u00e9r\u00eats et \u00e0 vos pr\u00e9f\u00e9rences.<\/a><\/span><\/p>\n","protected":false},"excerpt":{"rendered":"<p><span style=\"font-weight: 400;\">D\u00e9couvrez l&#8217;allure enchanteresse et les strates historiques de V\u00e9rone gr\u00e2ce \u00e0 une visite priv\u00e9e \u00e0 pied. Aventurez-vous au c\u0153ur de la ville, admirez les magnifiques structures m\u00e9di\u00e9vales et impr\u00e9gnez-vous de l&#8217;ambiance romantique de la ville de Rom\u00e9o et Juliette avec Tour Travel and More<\/span><\/p>\n","protected":false},"featured_media":98279,"comment_status":"open","ping_status":"closed","template":"","meta":{"_acf_changed":false},"product_brand":[],"product_cat":[4443,3707,4315],"product_tag":[],"class_list":{"0":"post-101634","1":"product","2":"type-product","3":"status-publish","4":"has-post-thumbnail","6":"product_cat-visites-a-pied-privees-fr-5","7":"product_cat-verona-fr","8":"product_cat-toutes-les-visites-et-activites-privees-verona-fr","10":"first","11":"instock","12":"shipping-taxable","13":"purchasable","14":"product-type-simple"},"acf":[],"yoast_head":"<!-- This site is optimized with the Yoast SEO Premium plugin v25.3.1 (Yoast SEO v25.3.1) - https:\/\/yoast.com\/wordpress\/plugins\/seo\/ -->\n<title>\u27a1\ufe0f Visite priv\u00e9e \u00e0 pied de V\u00e9rone avec guide officiel priv\u00e9 | Tour Travel &amp; More<\/title>\n<meta name=\"description\" content=\"Admirez l&#039;architecture unique que V\u00e9rone a \u00e0 offrir avec cette visite priv\u00e9e \u00e0 pied. Vous aurez \u00e0 votre enti\u00e8re disposition un guide officiel \u2705\" \/>\n<meta name=\"robots\" content=\"index, follow, max-snippet:-1, max-image-preview:large, max-video-preview:-1\" \/>\n<link rel=\"canonical\" href=\"https:\/\/tourtravelandmore.com\/fr\/tours\/italie-fr\/verona-fr\/toutes-les-visites-et-activites-privees-verona-fr\/visite-privee-a-pied-de-verone\/\" \/>\n<meta property=\"og:locale\" content=\"fr_FR\" \/>\n<meta property=\"og:type\" content=\"article\" \/>\n<meta property=\"og:title\" content=\"Visite priv\u00e9e \u00e0 pied de V\u00e9rone\" \/>\n<meta property=\"og:description\" content=\"Admirez l&#039;architecture unique que V\u00e9rone a \u00e0 offrir avec cette visite priv\u00e9e \u00e0 pied. Vous aurez \u00e0 votre enti\u00e8re disposition un guide officiel \u2705\" \/>\n<meta property=\"og:url\" content=\"https:\/\/tourtravelandmore.com\/fr\/tours\/italie-fr\/verona-fr\/toutes-les-visites-et-activites-privees-verona-fr\/visite-privee-a-pied-de-verone\/\" \/>\n<meta property=\"og:site_name\" content=\"Tour Travel And More\" \/>\n<meta property=\"article:publisher\" content=\"https:\/\/www.facebook.com\/tourtravelandmore\/\" \/>\n<meta property=\"article:modified_time\" content=\"2023-07-31T07:39:40+00:00\" \/>\n<meta property=\"og:image\" content=\"https:\/\/tourtravelandmore.com\/wp-content\/uploads\/2018\/04\/verona-3-1.jpg\" \/>\n\t<meta property=\"og:image:width\" content=\"1280\" \/>\n\t<meta property=\"og:image:height\" content=\"856\" \/>\n\t<meta property=\"og:image:type\" content=\"image\/jpeg\" \/>\n<meta name=\"twitter:card\" content=\"summary_large_image\" \/>\n<meta name=\"twitter:site\" content=\"@TourTravel_More\" \/>\n<meta name=\"twitter:label1\" content=\"Dur\u00e9e de lecture estim\u00e9e\" \/>\n\t<meta name=\"twitter:data1\" content=\"3 minutes\" \/>\n<script type=\"application\/ld+json\" class=\"yoast-schema-graph\">{\"@context\":\"https:\/\/schema.org\",\"@graph\":[{\"@type\":\"WebPage\",\"@id\":\"https:\/\/tourtravelandmore.com\/fr\/tours\/italie-fr\/verona-fr\/toutes-les-visites-et-activites-privees-verona-fr\/visite-privee-a-pied-de-verone\/\",\"url\":\"https:\/\/tourtravelandmore.com\/fr\/tours\/italie-fr\/verona-fr\/toutes-les-visites-et-activites-privees-verona-fr\/visite-privee-a-pied-de-verone\/\",\"name\":\"\u27a1\ufe0f Visite priv\u00e9e \u00e0 pied de V\u00e9rone avec guide officiel priv\u00e9 | Tour Travel & More\",\"isPartOf\":{\"@id\":\"https:\/\/tourtravelandmore.com\/fr\/#website\"},\"primaryImageOfPage\":{\"@id\":\"https:\/\/tourtravelandmore.com\/fr\/tours\/italie-fr\/verona-fr\/toutes-les-visites-et-activites-privees-verona-fr\/visite-privee-a-pied-de-verone\/#primaryimage\"},\"image\":{\"@id\":\"https:\/\/tourtravelandmore.com\/fr\/tours\/italie-fr\/verona-fr\/toutes-les-visites-et-activites-privees-verona-fr\/visite-privee-a-pied-de-verone\/#primaryimage\"},\"thumbnailUrl\":\"https:\/\/tourtravelandmore.com\/wp-content\/uploads\/2018\/04\/verona-3-1.jpg\",\"datePublished\":\"2018-04-05T12:25:33+00:00\",\"dateModified\":\"2023-07-31T07:39:40+00:00\",\"description\":\"Admirez l'architecture unique que V\u00e9rone a \u00e0 offrir avec cette visite priv\u00e9e \u00e0 pied. Vous aurez \u00e0 votre enti\u00e8re disposition un guide officiel \u2705\",\"breadcrumb\":{\"@id\":\"https:\/\/tourtravelandmore.com\/fr\/tours\/italie-fr\/verona-fr\/toutes-les-visites-et-activites-privees-verona-fr\/visite-privee-a-pied-de-verone\/#breadcrumb\"},\"inLanguage\":\"fr-FR\",\"potentialAction\":[{\"@type\":\"ReadAction\",\"target\":[\"https:\/\/tourtravelandmore.com\/fr\/tours\/italie-fr\/verona-fr\/toutes-les-visites-et-activites-privees-verona-fr\/visite-privee-a-pied-de-verone\/\"]}]},{\"@type\":\"ImageObject\",\"inLanguage\":\"fr-FR\",\"@id\":\"https:\/\/tourtravelandmore.com\/fr\/tours\/italie-fr\/verona-fr\/toutes-les-visites-et-activites-privees-verona-fr\/visite-privee-a-pied-de-verone\/#primaryimage\",\"url\":\"https:\/\/tourtravelandmore.com\/wp-content\/uploads\/2018\/04\/verona-3-1.jpg\",\"contentUrl\":\"https:\/\/tourtravelandmore.com\/wp-content\/uploads\/2018\/04\/verona-3-1.jpg\",\"width\":1280,\"height\":856},{\"@type\":\"BreadcrumbList\",\"@id\":\"https:\/\/tourtravelandmore.com\/fr\/tours\/italie-fr\/verona-fr\/toutes-les-visites-et-activites-privees-verona-fr\/visite-privee-a-pied-de-verone\/#breadcrumb\",\"itemListElement\":[{\"@type\":\"ListItem\",\"position\":1,\"name\":\"Home\",\"item\":\"https:\/\/tourtravelandmore.com\/fr\/\"},{\"@type\":\"ListItem\",\"position\":2,\"name\":\"Tours\",\"item\":\"https:\/\/tourtravelandmore.com\/fr\/tours\/\"},{\"@type\":\"ListItem\",\"position\":3,\"name\":\"Visite priv\u00e9e \u00e0 pied de V\u00e9rone\"}]},{\"@type\":\"WebSite\",\"@id\":\"https:\/\/tourtravelandmore.com\/fr\/#website\",\"url\":\"https:\/\/tourtravelandmore.com\/fr\/\",\"name\":\"Tour Travel And More\",\"description\":\"Private sightseeing tours and luxury transfers in Spain\",\"publisher\":{\"@id\":\"https:\/\/tourtravelandmore.com\/fr\/#organization\"},\"potentialAction\":[{\"@type\":\"SearchAction\",\"target\":{\"@type\":\"EntryPoint\",\"urlTemplate\":\"https:\/\/tourtravelandmore.com\/fr\/?s={search_term_string}\"},\"query-input\":{\"@type\":\"PropertyValueSpecification\",\"valueRequired\":true,\"valueName\":\"search_term_string\"}}],\"inLanguage\":\"fr-FR\"},{\"@type\":\"Organization\",\"@id\":\"https:\/\/tourtravelandmore.com\/fr\/#organization\",\"name\":\"Tour Travel And More\",\"url\":\"https:\/\/tourtravelandmore.com\/fr\/\",\"logo\":{\"@type\":\"ImageObject\",\"inLanguage\":\"fr-FR\",\"@id\":\"https:\/\/tourtravelandmore.com\/fr\/#\/schema\/logo\/image\/\",\"url\":\"https:\/\/tourtravelandmore.com\/wp-content\/uploads\/2022\/12\/cropped-logo-cabecera-new.png\",\"contentUrl\":\"https:\/\/tourtravelandmore.com\/wp-content\/uploads\/2022\/12\/cropped-logo-cabecera-new.png\",\"width\":430,\"height\":61,\"caption\":\"Tour Travel And More\"},\"image\":{\"@id\":\"https:\/\/tourtravelandmore.com\/fr\/#\/schema\/logo\/image\/\"},\"sameAs\":[\"https:\/\/www.facebook.com\/tourtravelandmore\/\",\"https:\/\/x.com\/TourTravel_More\"]}]}<\/script>\n<!-- \/ Yoast SEO Premium plugin. -->","yoast_head_json":{"title":"\u27a1\ufe0f Visite priv\u00e9e \u00e0 pied de V\u00e9rone avec guide officiel priv\u00e9 | Tour Travel & More","description":"Admirez l'architecture unique que V\u00e9rone a \u00e0 offrir avec cette visite priv\u00e9e \u00e0 pied. Vous aurez \u00e0 votre enti\u00e8re disposition un guide officiel \u2705","robots":{"index":"index","follow":"follow","max-snippet":"max-snippet:-1","max-image-preview":"max-image-preview:large","max-video-preview":"max-video-preview:-1"},"canonical":"https:\/\/tourtravelandmore.com\/fr\/tours\/italie-fr\/verona-fr\/toutes-les-visites-et-activites-privees-verona-fr\/visite-privee-a-pied-de-verone\/","og_locale":"fr_FR","og_type":"article","og_title":"Visite priv\u00e9e \u00e0 pied de V\u00e9rone","og_description":"Admirez l'architecture unique que V\u00e9rone a \u00e0 offrir avec cette visite priv\u00e9e \u00e0 pied. Vous aurez \u00e0 votre enti\u00e8re disposition un guide officiel \u2705","og_url":"https:\/\/tourtravelandmore.com\/fr\/tours\/italie-fr\/verona-fr\/toutes-les-visites-et-activites-privees-verona-fr\/visite-privee-a-pied-de-verone\/","og_site_name":"Tour Travel And More","article_publisher":"https:\/\/www.facebook.com\/tourtravelandmore\/","article_modified_time":"2023-07-31T07:39:40+00:00","og_image":[{"width":1280,"height":856,"url":"https:\/\/tourtravelandmore.com\/wp-content\/uploads\/2018\/04\/verona-3-1.jpg","type":"image\/jpeg"}],"twitter_card":"summary_large_image","twitter_site":"@TourTravel_More","twitter_misc":{"Dur\u00e9e de lecture estim\u00e9e":"3 minutes"},"schema":{"@context":"https:\/\/schema.org","@graph":[{"@type":"WebPage","@id":"https:\/\/tourtravelandmore.com\/fr\/tours\/italie-fr\/verona-fr\/toutes-les-visites-et-activites-privees-verona-fr\/visite-privee-a-pied-de-verone\/","url":"https:\/\/tourtravelandmore.com\/fr\/tours\/italie-fr\/verona-fr\/toutes-les-visites-et-activites-privees-verona-fr\/visite-privee-a-pied-de-verone\/","name":"\u27a1\ufe0f Visite priv\u00e9e \u00e0 pied de V\u00e9rone avec guide officiel priv\u00e9 | Tour Travel & More","isPartOf":{"@id":"https:\/\/tourtravelandmore.com\/fr\/#website"},"primaryImageOfPage":{"@id":"https:\/\/tourtravelandmore.com\/fr\/tours\/italie-fr\/verona-fr\/toutes-les-visites-et-activites-privees-verona-fr\/visite-privee-a-pied-de-verone\/#primaryimage"},"image":{"@id":"https:\/\/tourtravelandmore.com\/fr\/tours\/italie-fr\/verona-fr\/toutes-les-visites-et-activites-privees-verona-fr\/visite-privee-a-pied-de-verone\/#primaryimage"},"thumbnailUrl":"https:\/\/tourtravelandmore.com\/wp-content\/uploads\/2018\/04\/verona-3-1.jpg","datePublished":"2018-04-05T12:25:33+00:00","dateModified":"2023-07-31T07:39:40+00:00","description":"Admirez l'architecture unique que V\u00e9rone a \u00e0 offrir avec cette visite priv\u00e9e \u00e0 pied. Vous aurez \u00e0 votre enti\u00e8re disposition un guide officiel \u2705","breadcrumb":{"@id":"https:\/\/tourtravelandmore.com\/fr\/tours\/italie-fr\/verona-fr\/toutes-les-visites-et-activites-privees-verona-fr\/visite-privee-a-pied-de-verone\/#breadcrumb"},"inLanguage":"fr-FR","potentialAction":[{"@type":"ReadAction","target":["https:\/\/tourtravelandmore.com\/fr\/tours\/italie-fr\/verona-fr\/toutes-les-visites-et-activites-privees-verona-fr\/visite-privee-a-pied-de-verone\/"]}]},{"@type":"ImageObject","inLanguage":"fr-FR","@id":"https:\/\/tourtravelandmore.com\/fr\/tours\/italie-fr\/verona-fr\/toutes-les-visites-et-activites-privees-verona-fr\/visite-privee-a-pied-de-verone\/#primaryimage","url":"https:\/\/tourtravelandmore.com\/wp-content\/uploads\/2018\/04\/verona-3-1.jpg","contentUrl":"https:\/\/tourtravelandmore.com\/wp-content\/uploads\/2018\/04\/verona-3-1.jpg","width":1280,"height":856},{"@type":"BreadcrumbList","@id":"https:\/\/tourtravelandmore.com\/fr\/tours\/italie-fr\/verona-fr\/toutes-les-visites-et-activites-privees-verona-fr\/visite-privee-a-pied-de-verone\/#breadcrumb","itemListElement":[{"@type":"ListItem","position":1,"name":"Home","item":"https:\/\/tourtravelandmore.com\/fr\/"},{"@type":"ListItem","position":2,"name":"Tours","item":"https:\/\/tourtravelandmore.com\/fr\/tours\/"},{"@type":"ListItem","position":3,"name":"Visite priv\u00e9e \u00e0 pied de V\u00e9rone"}]},{"@type":"WebSite","@id":"https:\/\/tourtravelandmore.com\/fr\/#website","url":"https:\/\/tourtravelandmore.com\/fr\/","name":"Tour Travel And More","description":"Private sightseeing tours and luxury transfers in Spain","publisher":{"@id":"https:\/\/tourtravelandmore.com\/fr\/#organization"},"potentialAction":[{"@type":"SearchAction","target":{"@type":"EntryPoint","urlTemplate":"https:\/\/tourtravelandmore.com\/fr\/?s={search_term_string}"},"query-input":{"@type":"PropertyValueSpecification","valueRequired":true,"valueName":"search_term_string"}}],"inLanguage":"fr-FR"},{"@type":"Organization","@id":"https:\/\/tourtravelandmore.com\/fr\/#organization","name":"Tour Travel And More","url":"https:\/\/tourtravelandmore.com\/fr\/","logo":{"@type":"ImageObject","inLanguage":"fr-FR","@id":"https:\/\/tourtravelandmore.com\/fr\/#\/schema\/logo\/image\/","url":"https:\/\/tourtravelandmore.com\/wp-content\/uploads\/2022\/12\/cropped-logo-cabecera-new.png","contentUrl":"https:\/\/tourtravelandmore.com\/wp-content\/uploads\/2022\/12\/cropped-logo-cabecera-new.png","width":430,"height":61,"caption":"Tour Travel And More"},"image":{"@id":"https:\/\/tourtravelandmore.com\/fr\/#\/schema\/logo\/image\/"},"sameAs":["https:\/\/www.facebook.com\/tourtravelandmore\/","https:\/\/x.com\/TourTravel_More"]}]}},"_links":{"self":[{"href":"https:\/\/tourtravelandmore.com\/fr\/wp-json\/wp\/v2\/product\/101634","targetHints":{"allow":["GET"]}}],"collection":[{"href":"https:\/\/tourtravelandmore.com\/fr\/wp-json\/wp\/v2\/product"}],"about":[{"href":"https:\/\/tourtravelandmore.com\/fr\/wp-json\/wp\/v2\/types\/product"}],"replies":[{"embeddable":true,"href":"https:\/\/tourtravelandmore.com\/fr\/wp-json\/wp\/v2\/comments?post=101634"}],"wp:featuredmedia":[{"embeddable":true,"href":"https:\/\/tourtravelandmore.com\/fr\/wp-json\/wp\/v2\/media\/98279"}],"wp:attachment":[{"href":"https:\/\/tourtravelandmore.com\/fr\/wp-json\/wp\/v2\/media?parent=101634"}],"wp:term":[{"taxonomy":"product_brand","embeddable":true,"href":"https:\/\/tourtravelandmore.com\/fr\/wp-json\/wp\/v2\/product_brand?post=101634"},{"taxonomy":"product_cat","embeddable":true,"href":"https:\/\/tourtravelandmore.com\/fr\/wp-json\/wp\/v2\/product_cat?post=101634"},{"taxonomy":"product_tag","embeddable":true,"href":"https:\/\/tourtravelandmore.com\/fr\/wp-json\/wp\/v2\/product_tag?post=101634"}],"curies":[{"name":"wp","href":"https:\/\/api.w.org\/{rel}","templated":true}]}}