{"id":101629,"date":"2018-03-22T15:57:03","date_gmt":"2018-03-22T14:57:03","guid":{"rendered":"https:\/\/tourtravelandmore.com\/tours\/non%20class\u00e9\/visite-privee-de-verone-et-valpolicella-au-depart-de-venise\/"},"modified":"2024-04-25T18:06:56","modified_gmt":"2024-04-25T16:06:56","slug":"visite-privee-de-venise-a-verone-et-au-lac-de-garde-sirmione","status":"publish","type":"product","link":"https:\/\/tourtravelandmore.com\/fr\/tours\/italie-fr\/venice-fr\/private-sightseeing-tours-fr-26\/visite-privee-de-venise-a-verone-et-au-lac-de-garde-sirmione\/","title":{"rendered":"Visite priv\u00e9e de Venise \u00e0 V\u00e9rone et au lac de Garde (Sirmione)"},"content":{"rendered":"<h2><b>Excursion priv\u00e9e au lac de Garde et \u00e0 Sirmione Description<\/b><\/h2>\n<p><span style=\"font-weight: 400;\">L&#8217;attrait intemporel de l&#8217;Italie prend vie dans notre excursion priv\u00e9e au lac de Garde et \u00e0 Sirmione. Chez Tour Travel and More, notre priorit\u00e9 est d&#8217;offrir des exp\u00e9riences m\u00e9morables, et cette excursion de cinq heures avec un guide local et un v\u00e9hicule remplit largement cette promesse.<\/span><\/p>\n<p><span style=\"font-weight: 400;\">Cette excursion d\u00e9voile le c\u0153ur de deux destinations italiennes embl\u00e9matiques. Tout d&#8217;abord, le lac de Garde, le plus grand et peut-\u00eatre le plus impressionnant lac d&#8217;Italie, et ensuite Sirmione, une petite ville avec des si\u00e8cles d&#8217;histoire et de culture qui a \u00e9t\u00e9 surnomm\u00e9e la &#8220;Perle du lac&#8221;.<\/span><\/p>\n<p><span style=\"font-weight: 400;\">La beaut\u00e9 in\u00e9gal\u00e9e du lac de Garde se r\u00e9v\u00e8le dans ses eaux cristallines et son littoral parsem\u00e9 de villages pittoresques. Ses eaux fra\u00eeches et sereines refl\u00e8tent les couleurs vibrantes des montagnes environnantes et des fleurs \u00e9clatantes qui bordent ses rives. Le lac offre un cadre paisible pour profiter de la nature et de la beaut\u00e9 des paysages italiens.<\/span><\/p>\n<p><span style=\"font-weight: 400;\">D&#8217;autre part, Sirmione se distingue par son remarquable patrimoine architectural et culturel. Son impressionnant ch\u00e2teau m\u00e9di\u00e9val, ses thermes romains et son atmosph\u00e8re enchanteresse capturent l&#8217;essence m\u00eame de l&#8217;Italie. Cette visite priv\u00e9e vous permettra de vous immerger dans ces deux destinations italiennes exceptionnelles, en d\u00e9couvrant leurs richesses naturelles et historiques.<\/span><\/p>\n<h2><b>Points d&#8217;int\u00e9r\u00eat de l&#8217;excursion priv\u00e9e au lac de Garde et \u00e0 Sirmione<\/b><\/h2>\n<p>Nous partirons de la majestueuse Venise pour nous rendre dans la charmante V\u00e9rone, o\u00f9 nous profiterons d&#8217;un voyage de 2,5 heures rempli d&#8217;histoire, de culture et de beaut\u00e9. Pr\u00e9parez-vous \u00e0 vous immerger dans le charme de cette ville embl\u00e9matique en explorant ses coins fascinants.<\/p>\n<p>Ensuite, vous vous rendrez \u00e0 Sirmione, o\u00f9 vous verrez :<\/p>\n<ul>\n<li style=\"font-weight: 400;\" aria-level=\"1\"><b>Lac de Garde :<\/b><span style=\"font-weight: 400;\"> Notre excursion commence par l&#8217;incomparable lac de Garde. Ce paradis pour les amoureux de la nature est un spectacle majestueux. Entour\u00e9 de montagnes et agr\u00e9ment\u00e9 de charmants villages sur ses rives, chaque coin de ce lac raconte sa propre histoire. C&#8217;est l&#8217;endroit id\u00e9al pour pratiquer toute une s\u00e9rie d&#8217;activit\u00e9s de plein air. Que vous d\u00e9cidiez de vous promener sur les sentiers de montagne, de pique-niquer sur les rives ou simplement d&#8217;admirer la beaut\u00e9 du lac, votre visite au lac de Garde sera une exp\u00e9rience inoubliable.<\/span><\/li>\n<li style=\"font-weight: 400;\" aria-level=\"1\"><b>Sirmione :<\/b><span style=\"font-weight: 400;\"> Notre prochaine \u00e9tape est la charmante ville de Sirmione. Situ\u00e9e sur une p\u00e9ninsule qui s&#8217;avance dans le lac, Sirmione offre une combinaison unique d&#8217;histoire naturelle et culturelle. Elle est connue pour son ch\u00e2teau m\u00e9di\u00e9val, la Rocca Scaligera, qui offre une vue panoramique spectaculaire sur le lac et la ville. En vous promenant dans ses rues \u00e9troites et sinueuses, vous remonterez le temps, \u00e0 l&#8217;\u00e9poque des chevaliers et des forteresses.<\/span><\/li>\n<li><strong>Arena di Verona<\/strong>: Cet ancien amphith\u00e9\u00e2tre romain, construit au 1er si\u00e8cle, est l&#8217;un des mieux conserv\u00e9s de son genre. Avec une capacit\u00e9 d&#8217;accueil d&#8217;environ 30 000 personnes, l&#8217;Arena di Verona accueille aujourd&#8217;hui une vari\u00e9t\u00e9 d&#8217;\u00e9v\u00e9nements, dont le c\u00e9l\u00e8bre Festival d&#8217;Op\u00e9ra de V\u00e9rone. Son architecture magnifique et son importance historique en font une attraction incontournable \u00e0 V\u00e9rone.<\/li>\n<li><strong>Maison de Juliette (Casa di Giulietta)<\/strong>: Cette r\u00e9sidence du 13\u00e8me si\u00e8cle est c\u00e9l\u00e8bre pour \u00eatre li\u00e9e \u00e0 la tragique histoire d&#8217;amour de Rom\u00e9o et Juliette \u00e9crite par William Shakespeare. Bien que le conte soit fictif, la maison attire d&#8217;innombrables visiteurs, dont beaucoup laissent des mots d&#8217;amour ou promettent un amour \u00e9ternel sous le balcon qui aurait inspir\u00e9 la c\u00e9l\u00e8bre &#8220;sc\u00e8ne du balcon&#8221; de la pi\u00e8ce.<\/li>\n<\/ul>\n<p>&nbsp;<\/p>\n<p><span style=\"font-weight: 400;\">N&#8217;attendez plus, d\u00e9couvrez le lac de Garde et Sirmione \u00e0 votre fa\u00e7on.<\/span><span style=\"font-weight: 400;\"> Chez Tour Travel and More, nous sommes fiers d&#8217;offrir un service exceptionnel et personnalis\u00e9, adapt\u00e9 \u00e0 vos pr\u00e9f\u00e9rences et \u00e0 vos int\u00e9r\u00eats. Chaque circuit est une aventure sp\u00e9cialement con\u00e7ue pour vous, vous donnant une vision intime et unique de ces fascinantes destinations italiennes. Nous invitons nos chers voyageurs \u00e0 explorer la vaste gamme de circuits priv\u00e9s que nous proposons \u00e0 V\u00e9rone et dans ses environs sur notre site web. <a href=\"https:\/\/tourtravelandmore.com\/fr\/city\/italie-fr\/verona-fr\/\">R\u00e9servez d\u00e8s aujourd&#8217;hui votre exp\u00e9rience inoubliable.<\/a><\/span><\/p>\n","protected":false},"excerpt":{"rendered":"<p><span style=\"font-weight: 400;\">Embarquez pour une aventure magique \u00e0 travers le majestueux lac de Garde et la ville historique de Sirmione. D\u00e9couvrez la richesse de l&#8217;histoire et la beaut\u00e9 naturelle qui font de ces destinations italiennes des lieux incontournables.<\/span><\/p>\n","protected":false},"featured_media":94805,"comment_status":"open","ping_status":"closed","template":"","meta":{"_acf_changed":false},"product_brand":[],"product_cat":[3710,4310,4313],"product_tag":[],"class_list":{"0":"post-101629","1":"product","2":"type-product","3":"status-publish","4":"has-post-thumbnail","6":"product_cat-venice-fr","7":"product_cat-all-private-tours-activities-fr-20","8":"product_cat-private-sightseeing-tours-fr-26","10":"first","11":"instock","12":"shipping-taxable","13":"purchasable","14":"product-type-simple"},"acf":[],"yoast_head":"<!-- This site is optimized with the Yoast SEO Premium plugin v25.3.1 (Yoast SEO v25.3.1) - https:\/\/yoast.com\/wordpress\/plugins\/seo\/ -->\n<title>Visite priv\u00e9e de Venise \u00e0 V\u00e9rone et au lac de Garde (Sirmione) | Tour Travel &amp; More<\/title>\n<meta name=\"description\" content=\"Profitez de cette Visite priv\u00e9e de Venise \u00e0 V\u00e9rone et au lac de Garde (Sirmione). Vous admirerez les lieux les plus importants de V\u00e9rone et le magnifique paysage de Valpolicella.\" \/>\n<meta name=\"robots\" content=\"index, follow, max-snippet:-1, max-image-preview:large, max-video-preview:-1\" \/>\n<link rel=\"canonical\" href=\"https:\/\/tourtravelandmore.com\/fr\/tours\/italie-fr\/venice-fr\/private-sightseeing-tours-fr-26\/visite-privee-de-venise-a-verone-et-au-lac-de-garde-sirmione\/\" \/>\n<meta property=\"og:locale\" content=\"fr_FR\" \/>\n<meta property=\"og:type\" content=\"article\" \/>\n<meta property=\"og:title\" content=\"Visite priv\u00e9e de Venise \u00e0 V\u00e9rone et au lac de Garde (Sirmione)\" \/>\n<meta property=\"og:description\" content=\"Profitez de cette Visite priv\u00e9e de Venise \u00e0 V\u00e9rone et au lac de Garde (Sirmione). Vous admirerez les lieux les plus importants de V\u00e9rone et le magnifique paysage de Valpolicella.\" \/>\n<meta property=\"og:url\" content=\"https:\/\/tourtravelandmore.com\/fr\/tours\/italie-fr\/venice-fr\/private-sightseeing-tours-fr-26\/visite-privee-de-venise-a-verone-et-au-lac-de-garde-sirmione\/\" \/>\n<meta property=\"og:site_name\" content=\"Tour Travel And More\" \/>\n<meta property=\"article:publisher\" content=\"https:\/\/www.facebook.com\/tourtravelandmore\/\" \/>\n<meta property=\"article:modified_time\" content=\"2024-04-25T16:06:56+00:00\" \/>\n<meta property=\"og:image\" content=\"https:\/\/tourtravelandmore.com\/wp-content\/uploads\/2018\/03\/arena-verona.jpg\" \/>\n\t<meta property=\"og:image:width\" content=\"1024\" \/>\n\t<meta property=\"og:image:height\" content=\"683\" \/>\n\t<meta property=\"og:image:type\" content=\"image\/jpeg\" \/>\n<meta name=\"twitter:card\" content=\"summary_large_image\" \/>\n<meta name=\"twitter:site\" content=\"@TourTravel_More\" \/>\n<meta name=\"twitter:label1\" content=\"Dur\u00e9e de lecture estim\u00e9e\" \/>\n\t<meta name=\"twitter:data1\" content=\"4 minutes\" \/>\n<script type=\"application\/ld+json\" class=\"yoast-schema-graph\">{\"@context\":\"https:\/\/schema.org\",\"@graph\":[{\"@type\":\"WebPage\",\"@id\":\"https:\/\/tourtravelandmore.com\/fr\/tours\/italie-fr\/venice-fr\/private-sightseeing-tours-fr-26\/visite-privee-de-venise-a-verone-et-au-lac-de-garde-sirmione\/\",\"url\":\"https:\/\/tourtravelandmore.com\/fr\/tours\/italie-fr\/venice-fr\/private-sightseeing-tours-fr-26\/visite-privee-de-venise-a-verone-et-au-lac-de-garde-sirmione\/\",\"name\":\"Visite priv\u00e9e de Venise \u00e0 V\u00e9rone et au lac de Garde (Sirmione) | Tour Travel & More\",\"isPartOf\":{\"@id\":\"https:\/\/tourtravelandmore.com\/fr\/#website\"},\"primaryImageOfPage\":{\"@id\":\"https:\/\/tourtravelandmore.com\/fr\/tours\/italie-fr\/venice-fr\/private-sightseeing-tours-fr-26\/visite-privee-de-venise-a-verone-et-au-lac-de-garde-sirmione\/#primaryimage\"},\"image\":{\"@id\":\"https:\/\/tourtravelandmore.com\/fr\/tours\/italie-fr\/venice-fr\/private-sightseeing-tours-fr-26\/visite-privee-de-venise-a-verone-et-au-lac-de-garde-sirmione\/#primaryimage\"},\"thumbnailUrl\":\"https:\/\/tourtravelandmore.com\/wp-content\/uploads\/2018\/03\/arena-verona.jpg\",\"datePublished\":\"2018-03-22T14:57:03+00:00\",\"dateModified\":\"2024-04-25T16:06:56+00:00\",\"description\":\"Profitez de cette Visite priv\u00e9e de Venise \u00e0 V\u00e9rone et au lac de Garde (Sirmione). Vous admirerez les lieux les plus importants de V\u00e9rone et le magnifique paysage de Valpolicella.\",\"breadcrumb\":{\"@id\":\"https:\/\/tourtravelandmore.com\/fr\/tours\/italie-fr\/venice-fr\/private-sightseeing-tours-fr-26\/visite-privee-de-venise-a-verone-et-au-lac-de-garde-sirmione\/#breadcrumb\"},\"inLanguage\":\"fr-FR\",\"potentialAction\":[{\"@type\":\"ReadAction\",\"target\":[\"https:\/\/tourtravelandmore.com\/fr\/tours\/italie-fr\/venice-fr\/private-sightseeing-tours-fr-26\/visite-privee-de-venise-a-verone-et-au-lac-de-garde-sirmione\/\"]}]},{\"@type\":\"ImageObject\",\"inLanguage\":\"fr-FR\",\"@id\":\"https:\/\/tourtravelandmore.com\/fr\/tours\/italie-fr\/venice-fr\/private-sightseeing-tours-fr-26\/visite-privee-de-venise-a-verone-et-au-lac-de-garde-sirmione\/#primaryimage\",\"url\":\"https:\/\/tourtravelandmore.com\/wp-content\/uploads\/2018\/03\/arena-verona.jpg\",\"contentUrl\":\"https:\/\/tourtravelandmore.com\/wp-content\/uploads\/2018\/03\/arena-verona.jpg\",\"width\":1024,\"height\":683},{\"@type\":\"BreadcrumbList\",\"@id\":\"https:\/\/tourtravelandmore.com\/fr\/tours\/italie-fr\/venice-fr\/private-sightseeing-tours-fr-26\/visite-privee-de-venise-a-verone-et-au-lac-de-garde-sirmione\/#breadcrumb\",\"itemListElement\":[{\"@type\":\"ListItem\",\"position\":1,\"name\":\"Home\",\"item\":\"https:\/\/tourtravelandmore.com\/fr\/\"},{\"@type\":\"ListItem\",\"position\":2,\"name\":\"Tours\",\"item\":\"https:\/\/tourtravelandmore.com\/fr\/tours\/\"},{\"@type\":\"ListItem\",\"position\":3,\"name\":\"Visite priv\u00e9e de Venise \u00e0 V\u00e9rone et au lac de Garde (Sirmione)\"}]},{\"@type\":\"WebSite\",\"@id\":\"https:\/\/tourtravelandmore.com\/fr\/#website\",\"url\":\"https:\/\/tourtravelandmore.com\/fr\/\",\"name\":\"Tour Travel And More\",\"description\":\"Private sightseeing tours and luxury transfers in Spain\",\"publisher\":{\"@id\":\"https:\/\/tourtravelandmore.com\/fr\/#organization\"},\"potentialAction\":[{\"@type\":\"SearchAction\",\"target\":{\"@type\":\"EntryPoint\",\"urlTemplate\":\"https:\/\/tourtravelandmore.com\/fr\/?s={search_term_string}\"},\"query-input\":{\"@type\":\"PropertyValueSpecification\",\"valueRequired\":true,\"valueName\":\"search_term_string\"}}],\"inLanguage\":\"fr-FR\"},{\"@type\":\"Organization\",\"@id\":\"https:\/\/tourtravelandmore.com\/fr\/#organization\",\"name\":\"Tour Travel And More\",\"url\":\"https:\/\/tourtravelandmore.com\/fr\/\",\"logo\":{\"@type\":\"ImageObject\",\"inLanguage\":\"fr-FR\",\"@id\":\"https:\/\/tourtravelandmore.com\/fr\/#\/schema\/logo\/image\/\",\"url\":\"https:\/\/tourtravelandmore.com\/wp-content\/uploads\/2022\/12\/cropped-logo-cabecera-new.png\",\"contentUrl\":\"https:\/\/tourtravelandmore.com\/wp-content\/uploads\/2022\/12\/cropped-logo-cabecera-new.png\",\"width\":430,\"height\":61,\"caption\":\"Tour Travel And More\"},\"image\":{\"@id\":\"https:\/\/tourtravelandmore.com\/fr\/#\/schema\/logo\/image\/\"},\"sameAs\":[\"https:\/\/www.facebook.com\/tourtravelandmore\/\",\"https:\/\/x.com\/TourTravel_More\"]}]}<\/script>\n<!-- \/ Yoast SEO Premium plugin. -->","yoast_head_json":{"title":"Visite priv\u00e9e de Venise \u00e0 V\u00e9rone et au lac de Garde (Sirmione) | Tour Travel & More","description":"Profitez de cette Visite priv\u00e9e de Venise \u00e0 V\u00e9rone et au lac de Garde (Sirmione). Vous admirerez les lieux les plus importants de V\u00e9rone et le magnifique paysage de Valpolicella.","robots":{"index":"index","follow":"follow","max-snippet":"max-snippet:-1","max-image-preview":"max-image-preview:large","max-video-preview":"max-video-preview:-1"},"canonical":"https:\/\/tourtravelandmore.com\/fr\/tours\/italie-fr\/venice-fr\/private-sightseeing-tours-fr-26\/visite-privee-de-venise-a-verone-et-au-lac-de-garde-sirmione\/","og_locale":"fr_FR","og_type":"article","og_title":"Visite priv\u00e9e de Venise \u00e0 V\u00e9rone et au lac de Garde (Sirmione)","og_description":"Profitez de cette Visite priv\u00e9e de Venise \u00e0 V\u00e9rone et au lac de Garde (Sirmione). Vous admirerez les lieux les plus importants de V\u00e9rone et le magnifique paysage de Valpolicella.","og_url":"https:\/\/tourtravelandmore.com\/fr\/tours\/italie-fr\/venice-fr\/private-sightseeing-tours-fr-26\/visite-privee-de-venise-a-verone-et-au-lac-de-garde-sirmione\/","og_site_name":"Tour Travel And More","article_publisher":"https:\/\/www.facebook.com\/tourtravelandmore\/","article_modified_time":"2024-04-25T16:06:56+00:00","og_image":[{"width":1024,"height":683,"url":"https:\/\/tourtravelandmore.com\/wp-content\/uploads\/2018\/03\/arena-verona.jpg","type":"image\/jpeg"}],"twitter_card":"summary_large_image","twitter_site":"@TourTravel_More","twitter_misc":{"Dur\u00e9e de lecture estim\u00e9e":"4 minutes"},"schema":{"@context":"https:\/\/schema.org","@graph":[{"@type":"WebPage","@id":"https:\/\/tourtravelandmore.com\/fr\/tours\/italie-fr\/venice-fr\/private-sightseeing-tours-fr-26\/visite-privee-de-venise-a-verone-et-au-lac-de-garde-sirmione\/","url":"https:\/\/tourtravelandmore.com\/fr\/tours\/italie-fr\/venice-fr\/private-sightseeing-tours-fr-26\/visite-privee-de-venise-a-verone-et-au-lac-de-garde-sirmione\/","name":"Visite priv\u00e9e de Venise \u00e0 V\u00e9rone et au lac de Garde (Sirmione) | Tour Travel & More","isPartOf":{"@id":"https:\/\/tourtravelandmore.com\/fr\/#website"},"primaryImageOfPage":{"@id":"https:\/\/tourtravelandmore.com\/fr\/tours\/italie-fr\/venice-fr\/private-sightseeing-tours-fr-26\/visite-privee-de-venise-a-verone-et-au-lac-de-garde-sirmione\/#primaryimage"},"image":{"@id":"https:\/\/tourtravelandmore.com\/fr\/tours\/italie-fr\/venice-fr\/private-sightseeing-tours-fr-26\/visite-privee-de-venise-a-verone-et-au-lac-de-garde-sirmione\/#primaryimage"},"thumbnailUrl":"https:\/\/tourtravelandmore.com\/wp-content\/uploads\/2018\/03\/arena-verona.jpg","datePublished":"2018-03-22T14:57:03+00:00","dateModified":"2024-04-25T16:06:56+00:00","description":"Profitez de cette Visite priv\u00e9e de Venise \u00e0 V\u00e9rone et au lac de Garde (Sirmione). Vous admirerez les lieux les plus importants de V\u00e9rone et le magnifique paysage de Valpolicella.","breadcrumb":{"@id":"https:\/\/tourtravelandmore.com\/fr\/tours\/italie-fr\/venice-fr\/private-sightseeing-tours-fr-26\/visite-privee-de-venise-a-verone-et-au-lac-de-garde-sirmione\/#breadcrumb"},"inLanguage":"fr-FR","potentialAction":[{"@type":"ReadAction","target":["https:\/\/tourtravelandmore.com\/fr\/tours\/italie-fr\/venice-fr\/private-sightseeing-tours-fr-26\/visite-privee-de-venise-a-verone-et-au-lac-de-garde-sirmione\/"]}]},{"@type":"ImageObject","inLanguage":"fr-FR","@id":"https:\/\/tourtravelandmore.com\/fr\/tours\/italie-fr\/venice-fr\/private-sightseeing-tours-fr-26\/visite-privee-de-venise-a-verone-et-au-lac-de-garde-sirmione\/#primaryimage","url":"https:\/\/tourtravelandmore.com\/wp-content\/uploads\/2018\/03\/arena-verona.jpg","contentUrl":"https:\/\/tourtravelandmore.com\/wp-content\/uploads\/2018\/03\/arena-verona.jpg","width":1024,"height":683},{"@type":"BreadcrumbList","@id":"https:\/\/tourtravelandmore.com\/fr\/tours\/italie-fr\/venice-fr\/private-sightseeing-tours-fr-26\/visite-privee-de-venise-a-verone-et-au-lac-de-garde-sirmione\/#breadcrumb","itemListElement":[{"@type":"ListItem","position":1,"name":"Home","item":"https:\/\/tourtravelandmore.com\/fr\/"},{"@type":"ListItem","position":2,"name":"Tours","item":"https:\/\/tourtravelandmore.com\/fr\/tours\/"},{"@type":"ListItem","position":3,"name":"Visite priv\u00e9e de Venise \u00e0 V\u00e9rone et au lac de Garde (Sirmione)"}]},{"@type":"WebSite","@id":"https:\/\/tourtravelandmore.com\/fr\/#website","url":"https:\/\/tourtravelandmore.com\/fr\/","name":"Tour Travel And More","description":"Private sightseeing tours and luxury transfers in Spain","publisher":{"@id":"https:\/\/tourtravelandmore.com\/fr\/#organization"},"potentialAction":[{"@type":"SearchAction","target":{"@type":"EntryPoint","urlTemplate":"https:\/\/tourtravelandmore.com\/fr\/?s={search_term_string}"},"query-input":{"@type":"PropertyValueSpecification","valueRequired":true,"valueName":"search_term_string"}}],"inLanguage":"fr-FR"},{"@type":"Organization","@id":"https:\/\/tourtravelandmore.com\/fr\/#organization","name":"Tour Travel And More","url":"https:\/\/tourtravelandmore.com\/fr\/","logo":{"@type":"ImageObject","inLanguage":"fr-FR","@id":"https:\/\/tourtravelandmore.com\/fr\/#\/schema\/logo\/image\/","url":"https:\/\/tourtravelandmore.com\/wp-content\/uploads\/2022\/12\/cropped-logo-cabecera-new.png","contentUrl":"https:\/\/tourtravelandmore.com\/wp-content\/uploads\/2022\/12\/cropped-logo-cabecera-new.png","width":430,"height":61,"caption":"Tour Travel And More"},"image":{"@id":"https:\/\/tourtravelandmore.com\/fr\/#\/schema\/logo\/image\/"},"sameAs":["https:\/\/www.facebook.com\/tourtravelandmore\/","https:\/\/x.com\/TourTravel_More"]}]}},"_links":{"self":[{"href":"https:\/\/tourtravelandmore.com\/fr\/wp-json\/wp\/v2\/product\/101629","targetHints":{"allow":["GET"]}}],"collection":[{"href":"https:\/\/tourtravelandmore.com\/fr\/wp-json\/wp\/v2\/product"}],"about":[{"href":"https:\/\/tourtravelandmore.com\/fr\/wp-json\/wp\/v2\/types\/product"}],"replies":[{"embeddable":true,"href":"https:\/\/tourtravelandmore.com\/fr\/wp-json\/wp\/v2\/comments?post=101629"}],"wp:featuredmedia":[{"embeddable":true,"href":"https:\/\/tourtravelandmore.com\/fr\/wp-json\/wp\/v2\/media\/94805"}],"wp:attachment":[{"href":"https:\/\/tourtravelandmore.com\/fr\/wp-json\/wp\/v2\/media?parent=101629"}],"wp:term":[{"taxonomy":"product_brand","embeddable":true,"href":"https:\/\/tourtravelandmore.com\/fr\/wp-json\/wp\/v2\/product_brand?post=101629"},{"taxonomy":"product_cat","embeddable":true,"href":"https:\/\/tourtravelandmore.com\/fr\/wp-json\/wp\/v2\/product_cat?post=101629"},{"taxonomy":"product_tag","embeddable":true,"href":"https:\/\/tourtravelandmore.com\/fr\/wp-json\/wp\/v2\/product_tag?post=101629"}],"curies":[{"name":"wp","href":"https:\/\/api.w.org\/{rel}","templated":true}]}}