{"id":101582,"date":"2019-09-04T12:25:10","date_gmt":"2019-09-04T10:25:10","guid":{"rendered":"https:\/\/tourtravelandmore.com\/tours\/non%20class\u00e9\/transfert-prive-depuis-vers-laeroport-port-de-porto\/"},"modified":"2023-12-04T12:54:20","modified_gmt":"2023-12-04T11:54:20","slug":"transfert-prive-depuis-vers-laeroport-port-de-porto","status":"publish","type":"product","link":"https:\/\/tourtravelandmore.com\/fr\/tours\/portugal-fr\/porto-fr\/toutes-les-visites-et-activites-privees\/transfert-prive-depuis-vers-laeroport-port-de-porto\/","title":{"rendered":"Transfert priv\u00e9 depuis\/vers l&#8217;a\u00e9roport\/port de Porto"},"content":{"rendered":"<h2><b>Description du transfert priv\u00e9 vers\/depuis l&#8217;a\u00e9roport\/le port \u00e0 Porto<\/b><\/h2>\n<p><span style=\"font-weight: 400;\">Vous pouvez vous rendre \u00e0 Porto avec notre service exclusif de transfert priv\u00e9, con\u00e7u pour offrir le summum du confort et de la commodit\u00e9. Que vous arriviez de l&#8217;a\u00e9roport, du port ou de tout autre endroit, Tour Travel and More s&#8217;assure que vos premiers ou derniers moments \u00e0 Porto soient marqu\u00e9s par le luxe et l&#8217;efficacit\u00e9. Notre service transcende l&#8217;exp\u00e9rience typique du transfert, en vous offrant un voyage sans faille dans nos v\u00e9hicules priv\u00e9s de premier ordre.<\/span><\/p>\n<p><span style=\"font-weight: 400;\">\u00c0 votre arriv\u00e9e, vous serez accueilli par notre chauffeur professionnel, pr\u00eat \u00e0 vous aider \u00e0 porter vos bagages et \u00e0 vous guider jusqu&#8217;\u00e0 votre v\u00e9hicule de luxe. Pendant que vous vous rendez \u00e0 votre destination, qu&#8217;il s&#8217;agisse d&#8217;un h\u00f4tel \u00e0 Porto, d&#8217;une ville voisine comme Braga, ou m\u00eame de Lisbonne, laissez-vous s\u00e9duire par la beaut\u00e9 panoramique des paysages et des merveilles architecturales de Porto. Notre service de transfert r\u00e9pond aux pr\u00e9f\u00e9rences et aux besoins individuels, garantissant que votre voyage n&#8217;est pas un simple transfert, mais une introduction ou une conclusion splendide \u00e0 votre s\u00e9jour \u00e0 Porto.<\/span><\/p>\n<p><span style=\"font-weight: 400;\">Notre service de transfert priv\u00e9 est personnalisable pour r\u00e9pondre \u00e0 vos besoins sp\u00e9cifiques. Que vous voyagiez seul, en famille ou en groupe, nous r\u00e9pondons \u00e0 tous les besoins, y compris la mise \u00e0 disposition de si\u00e8ges b\u00e9b\u00e9 ou enfant sur demande. Informez-nous \u00e0 l&#8217;avance de la quantit\u00e9 de vos bagages pour une planification logistique optimale. Rassurez-vous, il n&#8217;y a pas de limite au nombre de bagages, et nous donnons la priorit\u00e9 \u00e0 votre confort dans tous les domaines.<\/span><\/p>\n<p><span style=\"font-weight: 400;\">Lorsque vous vous installez dans l&#8217;int\u00e9rieur cossu de nos v\u00e9hicules, le voyage devient un moment de d\u00e9tente et d&#8217;anticipation. Nos chauffeurs, qui parlent couramment plusieurs langues, sont rompus \u00e0 l&#8217;art de l&#8217;hospitalit\u00e9 et sont pr\u00eats \u00e0 vous donner des conseils ou des recommandations sur Porto. Profitez de la tranquillit\u00e9 et de l&#8217;intimit\u00e9 de votre propre espace, chaque d\u00e9tail \u00e9tant con\u00e7u pour cr\u00e9er une atmosph\u00e8re de voyage parfaite. Qu&#8217;il s&#8217;agisse de r\u00e9gler la climatisation \u00e0 votre convenance ou de s\u00e9lectionner la musique pour cr\u00e9er l&#8217;ambiance, notre objectif est de rendre votre voyage aussi agr\u00e9able que possible.<\/span><\/p>\n<h2><b>Points forts du transfert priv\u00e9 depuis\/vers l&#8217;a\u00e9roport\/le port de Porto<\/b><\/h2>\n<ul>\n<li style=\"font-weight: 400;\" aria-level=\"1\"><b>Flotte luxueuse :<\/b><span style=\"font-weight: 400;\"> Notre flotte de v\u00e9hicules de luxe est \u00e9quip\u00e9e pour offrir un maximum de confort, garantissant une conduite souple et \u00e9l\u00e9gante. Choisissez parmi une gamme de v\u00e9hicules haut de gamme en fonction de vos pr\u00e9f\u00e9rences et de la taille de votre groupe.<\/span><\/li>\n<li style=\"font-weight: 400;\" aria-level=\"1\"><b>Exp\u00e9rience personnalis\u00e9e <\/b><span style=\"font-weight: 400;\">: Adaptez votre transfert \u00e0 vos besoins. Qu&#8217;il s&#8217;agisse d&#8217;un transfert rapide vers l&#8217;h\u00f4tel ou d&#8217;un itin\u00e9raire plus pittoresque pour profiter de la beaut\u00e9 de Porto, nous r\u00e9pondons \u00e0 vos d\u00e9sirs.<\/span><\/li>\n<li style=\"font-weight: 400;\" aria-level=\"1\"><b>Chauffeurs exp\u00e9riment\u00e9s :<\/b><span style=\"font-weight: 400;\"> Nos chauffeurs ne sont pas seulement des chauffeurs qualifi\u00e9s mais aussi des professionnels courtois, connaissant bien Porto et ses environs, pr\u00eats \u00e0 rendre votre voyage agr\u00e9able et instructif.<\/span><\/li>\n<li style=\"font-weight: 400;\" aria-level=\"1\"><b>Voyage sans souci <\/b><span style=\"font-weight: 400;\">: Oubliez le stress des transports publics ou des taxis. Notre service de transfert priv\u00e9 vous offre une exp\u00e9rience sans souci, de votre arriv\u00e9e \u00e0 votre destination.<\/span><\/li>\n<li style=\"font-weight: 400;\" aria-level=\"1\"><b>Flexibilit\u00e9 et fiabilit\u00e9 :<\/b><span style=\"font-weight: 400;\"> Nous sommes fiers de notre ponctualit\u00e9 et de notre flexibilit\u00e9. Si vos plans changent ou si vos vols sont retard\u00e9s, nous nous adaptons en cons\u00e9quence pour vous garantir une exp\u00e9rience sans faille.<\/span><\/li>\n<li style=\"font-weight: 400;\" aria-level=\"1\"><b>Vues panoramiques de Porto :<\/b><span style=\"font-weight: 400;\"> Profitez des vues imprenables sur le paysage et l&#8217;architecture uniques de Porto, faisant de votre transfert plus qu&#8217;un simple trajet, mais une partie m\u00e9morable de votre voyage.<\/span><\/li>\n<li style=\"font-weight: 400;\" aria-level=\"1\"><b>Accessibilit\u00e9 et confort :<\/b><span style=\"font-weight: 400;\"> Nos v\u00e9hicules sont con\u00e7us pour votre confort et peuvent accueillir tous vos bagages. Les demandes sp\u00e9ciales, comme les si\u00e8ges pour enfants, sont trait\u00e9es avec le plus grand soin pour garantir un voyage s\u00fbr et confortable \u00e0 tous les passagers.<\/span><\/li>\n<\/ul>\n<h3><b>Conclusion<\/b><\/h3>\n<p><span style=\"font-weight: 400;\">Avec Tour Travel and More, votre transfert \u00e0 Porto sera une exp\u00e9rience en soi, d\u00e9finie par le luxe, le confort et l&#8217;efficacit\u00e9. Notre engagement \u00e0 fournir un service de qualit\u00e9 fait de nous le choix id\u00e9al pour vos besoins de transport \u00e0 Porto. Explorez notre gamme d&#8217;excursions priv\u00e9es \u00e0 Porto et au d\u00e9part de Porto pour am\u00e9liorer encore votre exp\u00e9rience de voyage. <\/span><a href=\"https:\/\/tourtravelandmore.com\/fr\/city\/portugal-fr\/porto-fr\/\"><span style=\"font-weight: 400;\">Prenez contact avec nous pour organiser votre transfert id\u00e9al et voyagez avec style et confort.\u00a0<\/span><\/a><\/p>\n","protected":false},"excerpt":{"rendered":"<p><span style=\"font-weight: 400;\">\u00a0D\u00e9couvrez le luxe et la commodit\u00e9 avec nos transferts priv\u00e9s de\/vers l&#8217;a\u00e9roport ou le port de Porto. Voyagez avec style gr\u00e2ce \u00e0 nos v\u00e9hicules haut de gamme, en profitant d&#8217;un service personnalis\u00e9 et des magnifiques paysages de Porto. Parfait pour les individus, les familles ou les groupes. R\u00e9servez votre voyage confortable avec Tour Travel and More, et commencez ou terminez votre visite de Porto de la meilleure fa\u00e7on possible.<\/span><\/p>\n","protected":false},"featured_media":93543,"comment_status":"open","ping_status":"closed","template":"","meta":{"_acf_changed":false},"product_brand":[],"product_cat":[4551,4554,3671],"product_tag":[],"class_list":{"0":"post-101582","1":"product","2":"type-product","3":"status-publish","4":"has-post-thumbnail","6":"product_cat-toutes-les-visites-et-activites-privees","7":"product_cat-transferts-prives-fr-3","8":"product_cat-porto-fr","10":"first","11":"instock","12":"shipping-taxable","13":"purchasable","14":"product-type-simple"},"acf":[],"yoast_head":"<!-- This site is optimized with the Yoast SEO Premium plugin v25.3.1 (Yoast SEO v25.3.1) - https:\/\/yoast.com\/wordpress\/plugins\/seo\/ -->\n<title>\u27a1\ufe0f Luxurious Private Transfers in Porto - Airport &amp; Port Services | Tour Travel &amp; More \u2705<\/title>\n<meta name=\"description\" content=\"D\u00e9couvrez le confort ultime avec nos transferts priv\u00e9s \u00e0 Porto. V\u00e9hicules de luxe, service personnalis\u00e9 et vues panoramiques de la ville. R\u00e9servez votre transfert sans faille d\u00e8s maintenant ! \u2705\" \/>\n<meta name=\"robots\" content=\"index, follow, max-snippet:-1, max-image-preview:large, max-video-preview:-1\" \/>\n<link rel=\"canonical\" href=\"https:\/\/tourtravelandmore.com\/fr\/tours\/portugal-fr\/porto-fr\/toutes-les-visites-et-activites-privees\/transfert-prive-depuis-vers-laeroport-port-de-porto\/\" \/>\n<meta property=\"og:locale\" content=\"fr_FR\" \/>\n<meta property=\"og:type\" content=\"article\" \/>\n<meta property=\"og:title\" content=\"Transfert priv\u00e9 depuis\/vers l&#039;a\u00e9roport\/port de Porto\" \/>\n<meta property=\"og:description\" content=\"D\u00e9couvrez le confort ultime avec nos transferts priv\u00e9s \u00e0 Porto. V\u00e9hicules de luxe, service personnalis\u00e9 et vues panoramiques de la ville. R\u00e9servez votre transfert sans faille d\u00e8s maintenant ! \u2705\" \/>\n<meta property=\"og:url\" content=\"https:\/\/tourtravelandmore.com\/fr\/tours\/portugal-fr\/porto-fr\/toutes-les-visites-et-activites-privees\/transfert-prive-depuis-vers-laeroport-port-de-porto\/\" \/>\n<meta property=\"og:site_name\" content=\"Tour Travel And More\" \/>\n<meta property=\"article:publisher\" content=\"https:\/\/www.facebook.com\/tourtravelandmore\/\" \/>\n<meta property=\"article:modified_time\" content=\"2023-12-04T11:54:20+00:00\" \/>\n<meta property=\"og:image\" content=\"https:\/\/tourtravelandmore.com\/wp-content\/uploads\/2016\/10\/transfer-port-barcelonajpg.jpg\" \/>\n\t<meta property=\"og:image:width\" content=\"955\" \/>\n\t<meta property=\"og:image:height\" content=\"523\" \/>\n\t<meta property=\"og:image:type\" content=\"image\/jpeg\" \/>\n<meta name=\"twitter:card\" content=\"summary_large_image\" \/>\n<meta name=\"twitter:site\" content=\"@TourTravel_More\" \/>\n<meta name=\"twitter:label1\" content=\"Dur\u00e9e de lecture estim\u00e9e\" \/>\n\t<meta name=\"twitter:data1\" content=\"4 minutes\" \/>\n<script type=\"application\/ld+json\" class=\"yoast-schema-graph\">{\"@context\":\"https:\/\/schema.org\",\"@graph\":[{\"@type\":\"WebPage\",\"@id\":\"https:\/\/tourtravelandmore.com\/fr\/tours\/portugal-fr\/porto-fr\/toutes-les-visites-et-activites-privees\/transfert-prive-depuis-vers-laeroport-port-de-porto\/\",\"url\":\"https:\/\/tourtravelandmore.com\/fr\/tours\/portugal-fr\/porto-fr\/toutes-les-visites-et-activites-privees\/transfert-prive-depuis-vers-laeroport-port-de-porto\/\",\"name\":\"\u27a1\ufe0f Luxurious Private Transfers in Porto - Airport & Port Services | Tour Travel & More \u2705\",\"isPartOf\":{\"@id\":\"https:\/\/tourtravelandmore.com\/fr\/#website\"},\"primaryImageOfPage\":{\"@id\":\"https:\/\/tourtravelandmore.com\/fr\/tours\/portugal-fr\/porto-fr\/toutes-les-visites-et-activites-privees\/transfert-prive-depuis-vers-laeroport-port-de-porto\/#primaryimage\"},\"image\":{\"@id\":\"https:\/\/tourtravelandmore.com\/fr\/tours\/portugal-fr\/porto-fr\/toutes-les-visites-et-activites-privees\/transfert-prive-depuis-vers-laeroport-port-de-porto\/#primaryimage\"},\"thumbnailUrl\":\"https:\/\/tourtravelandmore.com\/wp-content\/uploads\/2016\/10\/transfer-port-barcelonajpg.jpg\",\"datePublished\":\"2019-09-04T10:25:10+00:00\",\"dateModified\":\"2023-12-04T11:54:20+00:00\",\"description\":\"D\u00e9couvrez le confort ultime avec nos transferts priv\u00e9s \u00e0 Porto. V\u00e9hicules de luxe, service personnalis\u00e9 et vues panoramiques de la ville. R\u00e9servez votre transfert sans faille d\u00e8s maintenant ! \u2705\",\"breadcrumb\":{\"@id\":\"https:\/\/tourtravelandmore.com\/fr\/tours\/portugal-fr\/porto-fr\/toutes-les-visites-et-activites-privees\/transfert-prive-depuis-vers-laeroport-port-de-porto\/#breadcrumb\"},\"inLanguage\":\"fr-FR\",\"potentialAction\":[{\"@type\":\"ReadAction\",\"target\":[\"https:\/\/tourtravelandmore.com\/fr\/tours\/portugal-fr\/porto-fr\/toutes-les-visites-et-activites-privees\/transfert-prive-depuis-vers-laeroport-port-de-porto\/\"]}]},{\"@type\":\"ImageObject\",\"inLanguage\":\"fr-FR\",\"@id\":\"https:\/\/tourtravelandmore.com\/fr\/tours\/portugal-fr\/porto-fr\/toutes-les-visites-et-activites-privees\/transfert-prive-depuis-vers-laeroport-port-de-porto\/#primaryimage\",\"url\":\"https:\/\/tourtravelandmore.com\/wp-content\/uploads\/2016\/10\/transfer-port-barcelonajpg.jpg\",\"contentUrl\":\"https:\/\/tourtravelandmore.com\/wp-content\/uploads\/2016\/10\/transfer-port-barcelonajpg.jpg\",\"width\":955,\"height\":523,\"caption\":\"Private Transfer\"},{\"@type\":\"BreadcrumbList\",\"@id\":\"https:\/\/tourtravelandmore.com\/fr\/tours\/portugal-fr\/porto-fr\/toutes-les-visites-et-activites-privees\/transfert-prive-depuis-vers-laeroport-port-de-porto\/#breadcrumb\",\"itemListElement\":[{\"@type\":\"ListItem\",\"position\":1,\"name\":\"Home\",\"item\":\"https:\/\/tourtravelandmore.com\/fr\/\"},{\"@type\":\"ListItem\",\"position\":2,\"name\":\"Tours\",\"item\":\"https:\/\/tourtravelandmore.com\/fr\/tours\/\"},{\"@type\":\"ListItem\",\"position\":3,\"name\":\"Transfert priv\u00e9 depuis\/vers l&#8217;a\u00e9roport\/port de Porto\"}]},{\"@type\":\"WebSite\",\"@id\":\"https:\/\/tourtravelandmore.com\/fr\/#website\",\"url\":\"https:\/\/tourtravelandmore.com\/fr\/\",\"name\":\"Tour Travel And More\",\"description\":\"Private sightseeing tours and luxury transfers in Spain\",\"publisher\":{\"@id\":\"https:\/\/tourtravelandmore.com\/fr\/#organization\"},\"potentialAction\":[{\"@type\":\"SearchAction\",\"target\":{\"@type\":\"EntryPoint\",\"urlTemplate\":\"https:\/\/tourtravelandmore.com\/fr\/?s={search_term_string}\"},\"query-input\":{\"@type\":\"PropertyValueSpecification\",\"valueRequired\":true,\"valueName\":\"search_term_string\"}}],\"inLanguage\":\"fr-FR\"},{\"@type\":\"Organization\",\"@id\":\"https:\/\/tourtravelandmore.com\/fr\/#organization\",\"name\":\"Tour Travel And More\",\"url\":\"https:\/\/tourtravelandmore.com\/fr\/\",\"logo\":{\"@type\":\"ImageObject\",\"inLanguage\":\"fr-FR\",\"@id\":\"https:\/\/tourtravelandmore.com\/fr\/#\/schema\/logo\/image\/\",\"url\":\"https:\/\/tourtravelandmore.com\/wp-content\/uploads\/2022\/12\/cropped-logo-cabecera-new.png\",\"contentUrl\":\"https:\/\/tourtravelandmore.com\/wp-content\/uploads\/2022\/12\/cropped-logo-cabecera-new.png\",\"width\":430,\"height\":61,\"caption\":\"Tour Travel And More\"},\"image\":{\"@id\":\"https:\/\/tourtravelandmore.com\/fr\/#\/schema\/logo\/image\/\"},\"sameAs\":[\"https:\/\/www.facebook.com\/tourtravelandmore\/\",\"https:\/\/x.com\/TourTravel_More\"]}]}<\/script>\n<!-- \/ Yoast SEO Premium plugin. -->","yoast_head_json":{"title":"\u27a1\ufe0f Luxurious Private Transfers in Porto - Airport & Port Services | Tour Travel & More \u2705","description":"D\u00e9couvrez le confort ultime avec nos transferts priv\u00e9s \u00e0 Porto. V\u00e9hicules de luxe, service personnalis\u00e9 et vues panoramiques de la ville. R\u00e9servez votre transfert sans faille d\u00e8s maintenant ! \u2705","robots":{"index":"index","follow":"follow","max-snippet":"max-snippet:-1","max-image-preview":"max-image-preview:large","max-video-preview":"max-video-preview:-1"},"canonical":"https:\/\/tourtravelandmore.com\/fr\/tours\/portugal-fr\/porto-fr\/toutes-les-visites-et-activites-privees\/transfert-prive-depuis-vers-laeroport-port-de-porto\/","og_locale":"fr_FR","og_type":"article","og_title":"Transfert priv\u00e9 depuis\/vers l'a\u00e9roport\/port de Porto","og_description":"D\u00e9couvrez le confort ultime avec nos transferts priv\u00e9s \u00e0 Porto. V\u00e9hicules de luxe, service personnalis\u00e9 et vues panoramiques de la ville. R\u00e9servez votre transfert sans faille d\u00e8s maintenant ! \u2705","og_url":"https:\/\/tourtravelandmore.com\/fr\/tours\/portugal-fr\/porto-fr\/toutes-les-visites-et-activites-privees\/transfert-prive-depuis-vers-laeroport-port-de-porto\/","og_site_name":"Tour Travel And More","article_publisher":"https:\/\/www.facebook.com\/tourtravelandmore\/","article_modified_time":"2023-12-04T11:54:20+00:00","og_image":[{"width":955,"height":523,"url":"https:\/\/tourtravelandmore.com\/wp-content\/uploads\/2016\/10\/transfer-port-barcelonajpg.jpg","type":"image\/jpeg"}],"twitter_card":"summary_large_image","twitter_site":"@TourTravel_More","twitter_misc":{"Dur\u00e9e de lecture estim\u00e9e":"4 minutes"},"schema":{"@context":"https:\/\/schema.org","@graph":[{"@type":"WebPage","@id":"https:\/\/tourtravelandmore.com\/fr\/tours\/portugal-fr\/porto-fr\/toutes-les-visites-et-activites-privees\/transfert-prive-depuis-vers-laeroport-port-de-porto\/","url":"https:\/\/tourtravelandmore.com\/fr\/tours\/portugal-fr\/porto-fr\/toutes-les-visites-et-activites-privees\/transfert-prive-depuis-vers-laeroport-port-de-porto\/","name":"\u27a1\ufe0f Luxurious Private Transfers in Porto - Airport & Port Services | Tour Travel & More \u2705","isPartOf":{"@id":"https:\/\/tourtravelandmore.com\/fr\/#website"},"primaryImageOfPage":{"@id":"https:\/\/tourtravelandmore.com\/fr\/tours\/portugal-fr\/porto-fr\/toutes-les-visites-et-activites-privees\/transfert-prive-depuis-vers-laeroport-port-de-porto\/#primaryimage"},"image":{"@id":"https:\/\/tourtravelandmore.com\/fr\/tours\/portugal-fr\/porto-fr\/toutes-les-visites-et-activites-privees\/transfert-prive-depuis-vers-laeroport-port-de-porto\/#primaryimage"},"thumbnailUrl":"https:\/\/tourtravelandmore.com\/wp-content\/uploads\/2016\/10\/transfer-port-barcelonajpg.jpg","datePublished":"2019-09-04T10:25:10+00:00","dateModified":"2023-12-04T11:54:20+00:00","description":"D\u00e9couvrez le confort ultime avec nos transferts priv\u00e9s \u00e0 Porto. V\u00e9hicules de luxe, service personnalis\u00e9 et vues panoramiques de la ville. R\u00e9servez votre transfert sans faille d\u00e8s maintenant ! \u2705","breadcrumb":{"@id":"https:\/\/tourtravelandmore.com\/fr\/tours\/portugal-fr\/porto-fr\/toutes-les-visites-et-activites-privees\/transfert-prive-depuis-vers-laeroport-port-de-porto\/#breadcrumb"},"inLanguage":"fr-FR","potentialAction":[{"@type":"ReadAction","target":["https:\/\/tourtravelandmore.com\/fr\/tours\/portugal-fr\/porto-fr\/toutes-les-visites-et-activites-privees\/transfert-prive-depuis-vers-laeroport-port-de-porto\/"]}]},{"@type":"ImageObject","inLanguage":"fr-FR","@id":"https:\/\/tourtravelandmore.com\/fr\/tours\/portugal-fr\/porto-fr\/toutes-les-visites-et-activites-privees\/transfert-prive-depuis-vers-laeroport-port-de-porto\/#primaryimage","url":"https:\/\/tourtravelandmore.com\/wp-content\/uploads\/2016\/10\/transfer-port-barcelonajpg.jpg","contentUrl":"https:\/\/tourtravelandmore.com\/wp-content\/uploads\/2016\/10\/transfer-port-barcelonajpg.jpg","width":955,"height":523,"caption":"Private Transfer"},{"@type":"BreadcrumbList","@id":"https:\/\/tourtravelandmore.com\/fr\/tours\/portugal-fr\/porto-fr\/toutes-les-visites-et-activites-privees\/transfert-prive-depuis-vers-laeroport-port-de-porto\/#breadcrumb","itemListElement":[{"@type":"ListItem","position":1,"name":"Home","item":"https:\/\/tourtravelandmore.com\/fr\/"},{"@type":"ListItem","position":2,"name":"Tours","item":"https:\/\/tourtravelandmore.com\/fr\/tours\/"},{"@type":"ListItem","position":3,"name":"Transfert priv\u00e9 depuis\/vers l&#8217;a\u00e9roport\/port de Porto"}]},{"@type":"WebSite","@id":"https:\/\/tourtravelandmore.com\/fr\/#website","url":"https:\/\/tourtravelandmore.com\/fr\/","name":"Tour Travel And More","description":"Private sightseeing tours and luxury transfers in Spain","publisher":{"@id":"https:\/\/tourtravelandmore.com\/fr\/#organization"},"potentialAction":[{"@type":"SearchAction","target":{"@type":"EntryPoint","urlTemplate":"https:\/\/tourtravelandmore.com\/fr\/?s={search_term_string}"},"query-input":{"@type":"PropertyValueSpecification","valueRequired":true,"valueName":"search_term_string"}}],"inLanguage":"fr-FR"},{"@type":"Organization","@id":"https:\/\/tourtravelandmore.com\/fr\/#organization","name":"Tour Travel And More","url":"https:\/\/tourtravelandmore.com\/fr\/","logo":{"@type":"ImageObject","inLanguage":"fr-FR","@id":"https:\/\/tourtravelandmore.com\/fr\/#\/schema\/logo\/image\/","url":"https:\/\/tourtravelandmore.com\/wp-content\/uploads\/2022\/12\/cropped-logo-cabecera-new.png","contentUrl":"https:\/\/tourtravelandmore.com\/wp-content\/uploads\/2022\/12\/cropped-logo-cabecera-new.png","width":430,"height":61,"caption":"Tour Travel And More"},"image":{"@id":"https:\/\/tourtravelandmore.com\/fr\/#\/schema\/logo\/image\/"},"sameAs":["https:\/\/www.facebook.com\/tourtravelandmore\/","https:\/\/x.com\/TourTravel_More"]}]}},"_links":{"self":[{"href":"https:\/\/tourtravelandmore.com\/fr\/wp-json\/wp\/v2\/product\/101582","targetHints":{"allow":["GET"]}}],"collection":[{"href":"https:\/\/tourtravelandmore.com\/fr\/wp-json\/wp\/v2\/product"}],"about":[{"href":"https:\/\/tourtravelandmore.com\/fr\/wp-json\/wp\/v2\/types\/product"}],"replies":[{"embeddable":true,"href":"https:\/\/tourtravelandmore.com\/fr\/wp-json\/wp\/v2\/comments?post=101582"}],"wp:featuredmedia":[{"embeddable":true,"href":"https:\/\/tourtravelandmore.com\/fr\/wp-json\/wp\/v2\/media\/93543"}],"wp:attachment":[{"href":"https:\/\/tourtravelandmore.com\/fr\/wp-json\/wp\/v2\/media?parent=101582"}],"wp:term":[{"taxonomy":"product_brand","embeddable":true,"href":"https:\/\/tourtravelandmore.com\/fr\/wp-json\/wp\/v2\/product_brand?post=101582"},{"taxonomy":"product_cat","embeddable":true,"href":"https:\/\/tourtravelandmore.com\/fr\/wp-json\/wp\/v2\/product_cat?post=101582"},{"taxonomy":"product_tag","embeddable":true,"href":"https:\/\/tourtravelandmore.com\/fr\/wp-json\/wp\/v2\/product_tag?post=101582"}],"curies":[{"name":"wp","href":"https:\/\/api.w.org\/{rel}","templated":true}]}}